{"id":3335,"date":"2022-02-11T11:19:00","date_gmt":"2022-02-11T11:19:00","guid":{"rendered":"https:\/\/www.campings.com\/fr\/content\/?page_id=3335"},"modified":"2022-03-25T09:54:22","modified_gmt":"2022-03-25T09:54:22","slug":"campings-ouverts-toute-lannee-var","status":"publish","type":"page","link":"https:\/\/www.campings.com\/fr\/content\/guide-vacances-var\/campings-ouverts-toute-lannee-var\/","title":{"rendered":"Les meilleurs campings ouverts toute l&rsquo;ann\u00e9e dans le Var"},"content":{"rendered":"<p>Le Var est une destination \u00e0 visiter tout au long de l\u2019ann\u00e9e. Les \u00e9t\u00e9s y sont chauds et les hivers doux et ensoleill\u00e9s. Avec ses 432 km de littoral sur la C\u00f4te d\u2019Azur, ses villages perch\u00e9s et ses vignobles de Bandol, le d\u00e9partement a tout pour plaire ! Voici une s\u00e9lection des meilleurs campings ouverts toute l\u2019ann\u00e9e dans le <strong><a href=\"https:\/\/www.campings.com\/fr\/content\/guide-vacances-var\/\">Var<\/a><\/strong>.<\/p>\n<p>Avec son climat m\u00e9diterran\u00e9en doux et chaud, le d\u00e9partement du\u00a0<a href=\"https:\/\/www.campings.com\/fr\/france\/provence-alpes-cote-d-azur\/var\"><strong>Var<\/strong><\/a>\u00a0est tr\u00e8s pris\u00e9 aussi bien en \u00e9t\u00e9 qu\u2019en hiver. Tout au long de l\u2019ann\u00e9e, de nombreuses activit\u00e9s \u00e0 faire en famille ou entre amis s\u2019offrent \u00e0 vous. D\u2019autres \u00e9v\u00e9nements comme les f\u00eates de la lumi\u00e8re \u00e0 Saint-Rapha\u00ebl ou le corso fleuri \u00e0 Bormes-les-Mimosas sont incontournables. D\u00e9couvrez notre s\u00e9lection de campings ouverts toute l\u2019ann\u00e9e.<\/p>\n<h2><strong>Les campings ouverts toute l\u2019ann\u00e9e en bord de mer<\/strong><\/h2>\n<p>Notre s\u00e9lection de campings \u00e0 proximit\u00e9 des plages pour pratiquer toutes vos activit\u00e9s nautiques pr\u00e9f\u00e9r\u00e9es.<\/p>\n<h3><strong>Camping Le Fr\u00e9jus, au plus pr\u00e8s de la C\u00f4te d\u2019Azur<\/strong><\/h3>\n<p>Situ\u00e9 \u00e0 6 km du bord de mer, ce camping est parfait pour un s\u00e9jour en famille. En plus des animations programm\u00e9es, l\u2019\u00e9tablissement dispose d\u2019une aire de jeux pour enfants, laverie, sup\u00e9rette, restaurant, bar\u2026<\/p>\n<p><a href=\"https:\/\/www.campings.com\/fr\/camping\/camping-le-frejus-77280\">Plus d\u2019infos sur le Camping Le Fr\u00e9jus.<\/a><\/p>\n<h3><strong>Camping Domaine de Verdagne\u00a0<\/strong><\/h3>\n<p>Situ\u00e9 aux pieds du village m\u00e9di\u00e9val de Gassin, ce camping offre un cadre idyllique pour les vacances. Le camping dispose de nombreuses infrastructures de loisirs qui combleront petits et grands.<\/p>\n<p><img loading=\"lazy\" decoding=\"async\" class=\"alignnone size-full wp-image-3336\" src=\"https:\/\/www.campings.com\/fr\/content\/wp-content\/uploads\/2022\/02\/Camping-OUVERT-TOUTE-ANNE_Domaine-de-Verdagne-min.png\" alt=\"\" width=\"1000\" height=\"665\" srcset=\"https:\/\/www.campings.com\/fr\/content\/wp-content\/uploads\/2022\/02\/Camping-OUVERT-TOUTE-ANNE_Domaine-de-Verdagne-min.png 1000w, https:\/\/www.campings.com\/fr\/content\/wp-content\/uploads\/2022\/02\/Camping-OUVERT-TOUTE-ANNE_Domaine-de-Verdagne-min-300x200.png 300w, https:\/\/www.campings.com\/fr\/content\/wp-content\/uploads\/2022\/02\/Camping-OUVERT-TOUTE-ANNE_Domaine-de-Verdagne-min-768x511.png 768w, https:\/\/www.campings.com\/fr\/content\/wp-content\/uploads\/2022\/02\/Camping-OUVERT-TOUTE-ANNE_Domaine-de-Verdagne-min-450x299.png 450w, https:\/\/www.campings.com\/fr\/content\/wp-content\/uploads\/2022\/02\/Camping-OUVERT-TOUTE-ANNE_Domaine-de-Verdagne-min-430x286.png 430w\" sizes=\"auto, (max-width: 1000px) 100vw, 1000px\" \/><\/p>\n<p><a href=\"https:\/\/www.campings.com\/fr\/camping\/camping-domaine-de-verdagne-77297\">Plus d\u2019infos sur le Camping Domaine de Verdagne.<\/a><\/p>\n<h3><strong>Camping Parc Saint James Oasis Village\u00a0<\/strong><\/h3>\n<p>Situ\u00e9 \u00e0 10 km de la plage, \u00e0 Puget-sur-Argens, ce camping est parfait pour se ressourcer. Nich\u00e9 au c\u0153ur d\u2019une oasis de verdure, l\u2019\u00e9tablissement poss\u00e8de un bel espace aquatique avec piscines et toboggans.<\/p>\n<p><a href=\"https:\/\/www.campings.com\/fr\/camping\/camping-parc-saint-james-oasis-village-76665\">Plus d\u2019infos sur le Camping Parc Saint James Oasis Village.<\/a><\/p>\n<h3><strong>Camping S\u00e9lection Camping\u00a0<\/strong><\/h3>\n<p>Pour passer des vacances agr\u00e9ables en famille ou entre amis dans le Var, optez pour cet \u00e9tablissement. Situ\u00e9 \u00e0 La Croix-Valmer, \u00e0 400 m\u00e8tres de la mer, le camping est tr\u00e8s appr\u00e9ci\u00e9 pour la qualit\u00e9 de ses services &amp; prestations. L\u2019\u00e9tablissement a re\u00e7u la \u00ab satisfaction client Bronze \u00bb en 2020 et en 2021.<\/p>\n<p><a href=\"https:\/\/www.campings.com\/fr\/camping\/camping-selection-camping-77442\">Plus d\u2019infos sur le Camping S\u00e9lection Camping.<\/a><\/p>\n<h2><strong>Liste de campings ouverts \u00e0 l\u2019ann\u00e9e dans le Var avec une piscine couverte<\/strong><\/h2>\n<p>Voici notre s\u00e9lection de campings avec piscine couverte dans le\u00a0<a href=\"https:\/\/www.campings.com\/fr\/content\/guide-vacances-var\/\"><strong>Var<\/strong><\/a>\u00a0ouverts toute l\u2019ann\u00e9e.<\/p>\n<h3><strong>Camping Le Fr\u00e9jus<\/strong><\/h3>\n<p>\u00c0 Fr\u00e9jus, ce camping tout confort convient tr\u00e8s bien pour un s\u00e9jour en famille ou entre amis. Il dispose d\u2019une piscine chauff\u00e9e couverte (la piscine ext\u00e9rieure est ouverte seulement pendant la haute saison).<\/p>\n<p><a href=\"https:\/\/www.campings.com\/fr\/camping\/camping-le-frejus-77280\">Plus d\u2019infos sur le camping Le Fr\u00e9jus.<\/a><\/p>\n<h3><strong>Camping Domaine de la Bergerie\u00a0<\/strong><\/h3>\n<p>Situ\u00e9 \u00e0 Roquebrune-sur-Argens, ce camping s\u2019\u00e9tend sur un terrain de plus de 60 ha. Il met \u00e0 votre disposition un immense parc aquatique avec espace Baln\u00e9o.<\/p>\n<p><a href=\"https:\/\/www.campings.com\/fr\/camping\/domaine-de-la-bergerie-80097\">Plus d\u2019infos sur le camping Domaine de la Bergerie<\/a>.<\/p>\n<h3><strong>Camping Les Lacs du Verdon\u00a0<\/strong><\/h3>\n<p>Ouvert toute l\u2019ann\u00e9e, ce camping 4 \u00e9toiles est situ\u00e9 \u00e0 R\u00e9gusse. Deux piscines sont \u00e0 votre disposition : un bassin couvert et un autre ext\u00e9rieur accessible en \u00e9t\u00e9.<\/p>\n<p><a href=\"https:\/\/www.campings.com\/fr\/camping\/camping-les-lacs-du-verdon-78154\">Plus d\u2019infos sur le camping Les Lacs du Verdon<\/a>.<\/p>\n<h3><strong>Camping Holiday Green\u00a0<\/strong><\/h3>\n<p>Situ\u00e9 \u00e0 7 km de Fr\u00e9jus, ce camping met \u00e0 la disposition de ses clients une piscine couverte et chauff\u00e9e ainsi qu\u2019une piscine ext\u00e9rieure.<\/p>\n<p><a href=\"https:\/\/www.campings.com\/fr\/camping\/camping-holiday-green-77275\">Plus d\u2019infos sur le camping Holiday Green<\/a>.<\/p>\n<h2><strong>S\u00e9lection de campings ouverts toute l\u2019ann\u00e9e en France dans le Haut-Var\u00a0<\/strong><\/h2>\n<p>Avec ses petits villages, ses collines et ses sites naturels remarquables, le Haut-Var est aussi tr\u00e8s pris\u00e9. Voici notre s\u00e9lection des meilleurs campings ouverts toute l\u2019ann\u00e9e dans cette partie du\u00a0<a href=\"https:\/\/www.campings.com\/fr\/content\/guide-vacances-var\/\"><strong>Var<\/strong><\/a>.<\/p>\n<h3><strong>Camping le Domaine de Chanteraine<\/strong><\/h3>\n<p>Situ\u00e9 \u00e0 Aiguines, ce camping vous assure des prestations de qualit\u00e9 pour un s\u00e9jour inoubliable. En plus d\u2019\u00eatre travers\u00e9 par un lac, l\u2019\u00e9tablissement dispose d\u2019une piscine ext\u00e9rieure chauff\u00e9e.<\/p>\n<p><img loading=\"lazy\" decoding=\"async\" class=\"alignnone size-full wp-image-3337\" src=\"https:\/\/www.campings.com\/fr\/content\/wp-content\/uploads\/2022\/02\/Camping-OUVERT-TOUTE-ANNEE_domaine-de-Chanteraine-min.png\" alt=\"\" width=\"1000\" height=\"665\" srcset=\"https:\/\/www.campings.com\/fr\/content\/wp-content\/uploads\/2022\/02\/Camping-OUVERT-TOUTE-ANNEE_domaine-de-Chanteraine-min.png 1000w, https:\/\/www.campings.com\/fr\/content\/wp-content\/uploads\/2022\/02\/Camping-OUVERT-TOUTE-ANNEE_domaine-de-Chanteraine-min-300x200.png 300w, https:\/\/www.campings.com\/fr\/content\/wp-content\/uploads\/2022\/02\/Camping-OUVERT-TOUTE-ANNEE_domaine-de-Chanteraine-min-768x511.png 768w, https:\/\/www.campings.com\/fr\/content\/wp-content\/uploads\/2022\/02\/Camping-OUVERT-TOUTE-ANNEE_domaine-de-Chanteraine-min-450x299.png 450w, https:\/\/www.campings.com\/fr\/content\/wp-content\/uploads\/2022\/02\/Camping-OUVERT-TOUTE-ANNEE_domaine-de-Chanteraine-min-430x286.png 430w\" sizes=\"auto, (max-width: 1000px) 100vw, 1000px\" \/><\/p>\n<p><a href=\"https:\/\/www.campings.com\/fr\/camping\/camping-le-domaine-de-chanteraine-76613\">Plus d\u2019infos sur le Camping le Domaine de Chanteraine.<\/a><\/p>\n<h3><strong>Camping Lou Troumpetoun<\/strong><\/h3>\n<p>Situ\u00e9 \u00e0 Montmeyan, pr\u00e8s des basses gorges du Verdon, ce camping b\u00e9n\u00e9ficie d\u2019un emplacement privil\u00e9gi\u00e9. Les amateurs de sports de plein air pourront s\u2019adonner \u00e0 la randonn\u00e9e ou au cano\u00eb. Une piscine et une pataugeoire sont \u00e0 la disposition des r\u00e9sidents.<\/p>\n<p><a href=\"https:\/\/www.campings.com\/fr\/camping\/camping-lou-troumpetoun-86416\">Plus d\u2019infos sur le Camping Lou Troumpetoun.<\/a><\/p>\n<h3><strong>Camping Parc Saint James Oasis Village<\/strong><\/h3>\n<p>\u00c0 Puget-sur-Argens, au c\u0153ur de 45 ha de v\u00e9g\u00e9tation, ce camping a tout pour plaire. Il dispose d\u2019un bel espace aquatique avec 4 piscines et 1 toboggan de 35 m.<\/p>\n<p><a href=\"https:\/\/www.campings.com\/fr\/camping\/camping-parc-saint-james-oasis-village-76665\">Plus d\u2019infos sur le Camping Parc Saint James Oasis Village.<\/a><\/p>\n<h3><strong>Camping Le\u00ef Suves<\/strong><\/h3>\n<p>Situ\u00e9 \u00e0 Roquebrune-sur-Argens, ce camping 4 \u00e9toiles garantit des prestations et des services de qualit\u00e9 pour un s\u00e9jour agr\u00e9able et tout confort.<\/p>\n<p><a href=\"https:\/\/www.campings.com\/fr\/camping\/camping-lei-suves-79143\">Plus d\u2019infos sur le camping Le\u00ef Suves<\/a>.<\/p>\n","protected":false},"excerpt":{"rendered":"<p>Le Var est une destination \u00e0 visiter tout au long de l\u2019ann\u00e9e. Les \u00e9t\u00e9s y sont chauds et les hivers doux et ensoleill\u00e9s. Avec ses 432 km de littoral sur la C\u00f4te d\u2019Azur, ses villages perch\u00e9s et ses vignobles de Bandol, le d\u00e9partement a tout pour plaire ! Voici une s\u00e9lection des meilleurs campings ouverts [&hellip;]<\/p>\n","protected":false},"author":18,"featured_media":0,"parent":3309,"menu_order":0,"comment_status":"closed","ping_status":"closed","template":"template-twocolumns.php","meta":{"_acf_changed":false,"footnotes":""},"class_list":["post-3335","page","type-page","status-publish","hentry"],"acf":[],"yoast_head":"<!-- This site is optimized with the Yoast SEO plugin v27.1.1 - https:\/\/yoast.com\/product\/yoast-seo-wordpress\/ -->\n<title>Les meilleurs campings ouverts toute l&#039;ann\u00e9e dans le Var -<\/title>\n<meta name=\"robots\" content=\"index, follow, max-snippet:-1, max-image-preview:large, max-video-preview:-1\" \/>\n<link rel=\"canonical\" href=\"https:\/\/www.campings.com\/fr\/content\/guide-vacances-var\/campings-ouverts-toute-lannee-var\/\" \/>\n<meta property=\"og:locale\" content=\"fr_FR\" \/>\n<meta property=\"og:type\" content=\"article\" \/>\n<meta property=\"og:title\" content=\"Les meilleurs campings ouverts toute l&#039;ann\u00e9e dans le Var -\" \/>\n<meta property=\"og:description\" content=\"Le Var est une destination \u00e0 visiter tout au long de l\u2019ann\u00e9e. Les \u00e9t\u00e9s y sont chauds et les hivers doux et ensoleill\u00e9s. Avec ses 432 km de littoral sur la C\u00f4te d\u2019Azur, ses villages perch\u00e9s et ses vignobles de Bandol, le d\u00e9partement a tout pour plaire ! Voici une s\u00e9lection des meilleurs campings ouverts [&hellip;]\" \/>\n<meta property=\"og:url\" content=\"https:\/\/www.campings.com\/fr\/content\/guide-vacances-var\/campings-ouverts-toute-lannee-var\/\" \/>\n<meta property=\"article:modified_time\" content=\"2022-03-25T09:54:22+00:00\" \/>\n<meta property=\"og:image\" content=\"https:\/\/www.campings.com\/fr\/content\/wp-content\/uploads\/2022\/02\/Camping-OUVERT-TOUTE-ANNE_Domaine-de-Verdagne-min.png\" \/>\n\t<meta property=\"og:image:width\" content=\"1000\" \/>\n\t<meta property=\"og:image:height\" content=\"665\" \/>\n\t<meta property=\"og:image:type\" content=\"image\/png\" \/>\n<meta name=\"twitter:card\" content=\"summary_large_image\" \/>\n<meta name=\"twitter:label1\" content=\"Dur\u00e9e de lecture estim\u00e9e\" \/>\n\t<meta name=\"twitter:data1\" content=\"4 minutes\" \/>\n<script type=\"application\/ld+json\" class=\"yoast-schema-graph\">{\"@context\":\"https:\/\/schema.org\",\"@graph\":[{\"@type\":\"WebPage\",\"@id\":\"https:\/\/www.campings.com\/fr\/content\/guide-vacances-var\/campings-ouverts-toute-lannee-var\/\",\"url\":\"https:\/\/www.campings.com\/fr\/content\/guide-vacances-var\/campings-ouverts-toute-lannee-var\/\",\"name\":\"Les meilleurs campings ouverts toute l'ann\u00e9e dans le Var -\",\"isPartOf\":{\"@id\":\"https:\/\/www.campings.com\/fr\/content\/#website\"},\"primaryImageOfPage\":{\"@id\":\"https:\/\/www.campings.com\/fr\/content\/guide-vacances-var\/campings-ouverts-toute-lannee-var\/#primaryimage\"},\"image\":{\"@id\":\"https:\/\/www.campings.com\/fr\/content\/guide-vacances-var\/campings-ouverts-toute-lannee-var\/#primaryimage\"},\"thumbnailUrl\":\"https:\/\/www.campings.com\/fr\/content\/wp-content\/uploads\/2022\/02\/Camping-OUVERT-TOUTE-ANNE_Domaine-de-Verdagne-min.png\",\"datePublished\":\"2022-02-11T11:19:00+00:00\",\"dateModified\":\"2022-03-25T09:54:22+00:00\",\"breadcrumb\":{\"@id\":\"https:\/\/www.campings.com\/fr\/content\/guide-vacances-var\/campings-ouverts-toute-lannee-var\/#breadcrumb\"},\"inLanguage\":\"fr-FR\",\"potentialAction\":[{\"@type\":\"ReadAction\",\"target\":[\"https:\/\/www.campings.com\/fr\/content\/guide-vacances-var\/campings-ouverts-toute-lannee-var\/\"]}]},{\"@type\":\"ImageObject\",\"inLanguage\":\"fr-FR\",\"@id\":\"https:\/\/www.campings.com\/fr\/content\/guide-vacances-var\/campings-ouverts-toute-lannee-var\/#primaryimage\",\"url\":\"https:\/\/www.campings.com\/fr\/content\/wp-content\/uploads\/2022\/02\/Camping-OUVERT-TOUTE-ANNE_Domaine-de-Verdagne-min.png\",\"contentUrl\":\"https:\/\/www.campings.com\/fr\/content\/wp-content\/uploads\/2022\/02\/Camping-OUVERT-TOUTE-ANNE_Domaine-de-Verdagne-min.png\",\"width\":1000,\"height\":665},{\"@type\":\"BreadcrumbList\",\"@id\":\"https:\/\/www.campings.com\/fr\/content\/guide-vacances-var\/campings-ouverts-toute-lannee-var\/#breadcrumb\",\"itemListElement\":[{\"@type\":\"ListItem\",\"position\":1,\"name\":\"Home\",\"item\":\"https:\/\/www.campings.com\/fr\/content\/\"},{\"@type\":\"ListItem\",\"position\":2,\"name\":\"Le guide de vos vacances dans le Var\",\"item\":\"https:\/\/www.campings.com\/fr\/content\/guide-vacances-var\/\"},{\"@type\":\"ListItem\",\"position\":3,\"name\":\"Les meilleurs campings ouverts toute l&rsquo;ann\u00e9e dans le Var\"}]},{\"@type\":\"WebSite\",\"@id\":\"https:\/\/www.campings.com\/fr\/content\/#website\",\"url\":\"https:\/\/www.campings.com\/fr\/content\/\",\"name\":\"\",\"description\":\"\",\"publisher\":{\"@id\":\"https:\/\/www.campings.com\/fr\/content\/#organization\"},\"potentialAction\":[{\"@type\":\"SearchAction\",\"target\":{\"@type\":\"EntryPoint\",\"urlTemplate\":\"https:\/\/www.campings.com\/fr\/content\/?s={search_term_string}\"},\"query-input\":{\"@type\":\"PropertyValueSpecification\",\"valueRequired\":true,\"valueName\":\"search_term_string\"}}],\"inLanguage\":\"fr-FR\"},{\"@type\":\"Organization\",\"@id\":\"https:\/\/www.campings.com\/fr\/content\/#organization\",\"name\":\"CAMPINGS.COM\",\"url\":\"https:\/\/www.campings.com\/fr\/content\/\",\"logo\":{\"@type\":\"ImageObject\",\"inLanguage\":\"fr-FR\",\"@id\":\"https:\/\/www.campings.com\/fr\/content\/#\/schema\/logo\/image\/\",\"url\":\"https:\/\/www.campings.com\/fr\/content\/wp-content\/uploads\/2019\/01\/cropped-logo-1.png\",\"contentUrl\":\"https:\/\/www.campings.com\/fr\/content\/wp-content\/uploads\/2019\/01\/cropped-logo-1.png\",\"width\":174,\"height\":42,\"caption\":\"CAMPINGS.COM\"},\"image\":{\"@id\":\"https:\/\/www.campings.com\/fr\/content\/#\/schema\/logo\/image\/\"}}]}<\/script>\n<!-- \/ Yoast SEO plugin. -->","yoast_head_json":{"title":"Les meilleurs campings ouverts toute l'ann\u00e9e dans le Var -","robots":{"index":"index","follow":"follow","max-snippet":"max-snippet:-1","max-image-preview":"max-image-preview:large","max-video-preview":"max-video-preview:-1"},"canonical":"https:\/\/www.campings.com\/fr\/content\/guide-vacances-var\/campings-ouverts-toute-lannee-var\/","og_locale":"fr_FR","og_type":"article","og_title":"Les meilleurs campings ouverts toute l'ann\u00e9e dans le Var -","og_description":"Le Var est une destination \u00e0 visiter tout au long de l\u2019ann\u00e9e. Les \u00e9t\u00e9s y sont chauds et les hivers doux et ensoleill\u00e9s. Avec ses 432 km de littoral sur la C\u00f4te d\u2019Azur, ses villages perch\u00e9s et ses vignobles de Bandol, le d\u00e9partement a tout pour plaire ! Voici une s\u00e9lection des meilleurs campings ouverts [&hellip;]","og_url":"https:\/\/www.campings.com\/fr\/content\/guide-vacances-var\/campings-ouverts-toute-lannee-var\/","article_modified_time":"2022-03-25T09:54:22+00:00","og_image":[{"width":1000,"height":665,"url":"https:\/\/www.campings.com\/fr\/content\/wp-content\/uploads\/2022\/02\/Camping-OUVERT-TOUTE-ANNE_Domaine-de-Verdagne-min.png","type":"image\/png"}],"twitter_card":"summary_large_image","twitter_misc":{"Dur\u00e9e de lecture estim\u00e9e":"4 minutes"},"schema":{"@context":"https:\/\/schema.org","@graph":[{"@type":"WebPage","@id":"https:\/\/www.campings.com\/fr\/content\/guide-vacances-var\/campings-ouverts-toute-lannee-var\/","url":"https:\/\/www.campings.com\/fr\/content\/guide-vacances-var\/campings-ouverts-toute-lannee-var\/","name":"Les meilleurs campings ouverts toute l'ann\u00e9e dans le Var -","isPartOf":{"@id":"https:\/\/www.campings.com\/fr\/content\/#website"},"primaryImageOfPage":{"@id":"https:\/\/www.campings.com\/fr\/content\/guide-vacances-var\/campings-ouverts-toute-lannee-var\/#primaryimage"},"image":{"@id":"https:\/\/www.campings.com\/fr\/content\/guide-vacances-var\/campings-ouverts-toute-lannee-var\/#primaryimage"},"thumbnailUrl":"https:\/\/www.campings.com\/fr\/content\/wp-content\/uploads\/2022\/02\/Camping-OUVERT-TOUTE-ANNE_Domaine-de-Verdagne-min.png","datePublished":"2022-02-11T11:19:00+00:00","dateModified":"2022-03-25T09:54:22+00:00","breadcrumb":{"@id":"https:\/\/www.campings.com\/fr\/content\/guide-vacances-var\/campings-ouverts-toute-lannee-var\/#breadcrumb"},"inLanguage":"fr-FR","potentialAction":[{"@type":"ReadAction","target":["https:\/\/www.campings.com\/fr\/content\/guide-vacances-var\/campings-ouverts-toute-lannee-var\/"]}]},{"@type":"ImageObject","inLanguage":"fr-FR","@id":"https:\/\/www.campings.com\/fr\/content\/guide-vacances-var\/campings-ouverts-toute-lannee-var\/#primaryimage","url":"https:\/\/www.campings.com\/fr\/content\/wp-content\/uploads\/2022\/02\/Camping-OUVERT-TOUTE-ANNE_Domaine-de-Verdagne-min.png","contentUrl":"https:\/\/www.campings.com\/fr\/content\/wp-content\/uploads\/2022\/02\/Camping-OUVERT-TOUTE-ANNE_Domaine-de-Verdagne-min.png","width":1000,"height":665},{"@type":"BreadcrumbList","@id":"https:\/\/www.campings.com\/fr\/content\/guide-vacances-var\/campings-ouverts-toute-lannee-var\/#breadcrumb","itemListElement":[{"@type":"ListItem","position":1,"name":"Home","item":"https:\/\/www.campings.com\/fr\/content\/"},{"@type":"ListItem","position":2,"name":"Le guide de vos vacances dans le Var","item":"https:\/\/www.campings.com\/fr\/content\/guide-vacances-var\/"},{"@type":"ListItem","position":3,"name":"Les meilleurs campings ouverts toute l&rsquo;ann\u00e9e dans le Var"}]},{"@type":"WebSite","@id":"https:\/\/www.campings.com\/fr\/content\/#website","url":"https:\/\/www.campings.com\/fr\/content\/","name":"","description":"","publisher":{"@id":"https:\/\/www.campings.com\/fr\/content\/#organization"},"potentialAction":[{"@type":"SearchAction","target":{"@type":"EntryPoint","urlTemplate":"https:\/\/www.campings.com\/fr\/content\/?s={search_term_string}"},"query-input":{"@type":"PropertyValueSpecification","valueRequired":true,"valueName":"search_term_string"}}],"inLanguage":"fr-FR"},{"@type":"Organization","@id":"https:\/\/www.campings.com\/fr\/content\/#organization","name":"CAMPINGS.COM","url":"https:\/\/www.campings.com\/fr\/content\/","logo":{"@type":"ImageObject","inLanguage":"fr-FR","@id":"https:\/\/www.campings.com\/fr\/content\/#\/schema\/logo\/image\/","url":"https:\/\/www.campings.com\/fr\/content\/wp-content\/uploads\/2019\/01\/cropped-logo-1.png","contentUrl":"https:\/\/www.campings.com\/fr\/content\/wp-content\/uploads\/2019\/01\/cropped-logo-1.png","width":174,"height":42,"caption":"CAMPINGS.COM"},"image":{"@id":"https:\/\/www.campings.com\/fr\/content\/#\/schema\/logo\/image\/"}}]}},"_links":{"self":[{"href":"https:\/\/www.campings.com\/fr\/content\/wp-json\/wp\/v2\/pages\/3335","targetHints":{"allow":["GET"]}}],"collection":[{"href":"https:\/\/www.campings.com\/fr\/content\/wp-json\/wp\/v2\/pages"}],"about":[{"href":"https:\/\/www.campings.com\/fr\/content\/wp-json\/wp\/v2\/types\/page"}],"author":[{"embeddable":true,"href":"https:\/\/www.campings.com\/fr\/content\/wp-json\/wp\/v2\/users\/18"}],"replies":[{"embeddable":true,"href":"https:\/\/www.campings.com\/fr\/content\/wp-json\/wp\/v2\/comments?post=3335"}],"version-history":[{"count":2,"href":"https:\/\/www.campings.com\/fr\/content\/wp-json\/wp\/v2\/pages\/3335\/revisions"}],"predecessor-version":[{"id":3598,"href":"https:\/\/www.campings.com\/fr\/content\/wp-json\/wp\/v2\/pages\/3335\/revisions\/3598"}],"up":[{"embeddable":true,"href":"https:\/\/www.campings.com\/fr\/content\/wp-json\/wp\/v2\/pages\/3309"}],"wp:attachment":[{"href":"https:\/\/www.campings.com\/fr\/content\/wp-json\/wp\/v2\/media?parent=3335"}],"curies":[{"name":"wp","href":"https:\/\/api.w.org\/{rel}","templated":true}]}}