{"id":3329,"date":"2022-02-11T11:06:09","date_gmt":"2022-02-11T11:06:09","guid":{"rendered":"https:\/\/www.campings.com\/fr\/content\/?page_id=3329"},"modified":"2022-03-25T09:53:33","modified_gmt":"2022-03-25T09:53:33","slug":"campings-bord-de-mer-var","status":"publish","type":"page","link":"https:\/\/www.campings.com\/fr\/content\/guide-vacances-var\/campings-bord-de-mer-var\/","title":{"rendered":"Les meilleurs campings en bord de mer dans le Var"},"content":{"rendered":"<p>Avec ses 430 km de littoral, le Var offre des paysages vari\u00e9s, entre calanques, plages de sable fin et pins parasols\u2026 Un patrimoine naturel et culturel remarquable qui attire chaque ann\u00e9e des vacanciers des 4 coins du monde.<\/p>\n<p>Soleil, criques et plages de sable fin\u2026 Le <strong><a href=\"https:\/\/www.campings.com\/fr\/content\/guide-vacances-var\/\">Var<\/a><\/strong> r\u00e9unit tous les ingr\u00e9dients pour des vacances r\u00e9ussies ! Situ\u00e9 dans la r\u00e9gion Provence-Alpes-C\u00f4te d\u2019Azur, le d\u00e9partement du\u00a0<a href=\"https:\/\/www.campings.com\/fr\/france\/provence-alpes-cote-d-azur\/var\"><strong>Var<\/strong>\u00a0<\/a>s\u2019\u00e9tend sur une superficie de 6 032 km\u00b2. Avec son climat m\u00e9diterran\u00e9en doux et chaud, le Var est accessible tout au long de l\u2019ann\u00e9e. Voici une s\u00e9lection des meilleurs campings de ce d\u00e9partement.<\/p>\n<h2><strong>Les meilleurs campings les pieds dans l\u2019eau<\/strong><\/h2>\n<p>Envie de profiter pleinement des joies de la mer pendant vos vacances ? Voici notre s\u00e9lection des meilleurs campings les pieds dans l\u2019eau dans le Var.<\/p>\n<h3><strong>Camping les Prairies de la Mer<\/strong><\/h3>\n<p>Situ\u00e9 \u00e0 Port Grimaud, \u00e0 300 m de la mer, ce camping 5 \u00e9toiles met \u00e0 la disposition des vacanciers les infrastructures suivantes :<\/p>\n<ul>\n<li>Un sauna ;<\/li>\n<li>Un hammam ;<\/li>\n<li>Une salle de fitness ;<\/li>\n<li>Un grand espace aquatique ;<\/li>\n<li>Un terrain multisports ;<\/li>\n<li>Une aire de jeux.<\/li>\n<\/ul>\n<p>Des animations saisonni\u00e8res sont propos\u00e9es pour tous les \u00e2ges.<\/p>\n<p><a href=\"https:\/\/www.campings.com\/fr\/camping\/tour-operateur-sur-camping-5-a-port-grimaud-76767\">Plus d\u2019infos sur le Camping les Prairies de la Mer<\/a>.<\/p>\n<h3><strong>Camping le Pansard<\/strong><\/h3>\n<p>Situ\u00e9 \u00e0 La Londes-les-Maures, dans un \u00e9crin de verdure en bordure de l\u2019eau, ce camping abrite \u00e9galement un \u00e9tang. Un large \u00e9ventail d\u2019animations est propos\u00e9 pour combler toutes les envies : terrain multisports, salle d\u2019arcade, aire de jeux\u2026<\/p>\n<p><img loading=\"lazy\" decoding=\"async\" class=\"alignnone size-full wp-image-3330\" src=\"https:\/\/www.campings.com\/fr\/content\/wp-content\/uploads\/2022\/02\/Camping-BORD-DE-MER_Le-Pansard-min.png\" alt=\"\" width=\"1000\" height=\"665\" srcset=\"https:\/\/www.campings.com\/fr\/content\/wp-content\/uploads\/2022\/02\/Camping-BORD-DE-MER_Le-Pansard-min.png 1000w, https:\/\/www.campings.com\/fr\/content\/wp-content\/uploads\/2022\/02\/Camping-BORD-DE-MER_Le-Pansard-min-300x200.png 300w, https:\/\/www.campings.com\/fr\/content\/wp-content\/uploads\/2022\/02\/Camping-BORD-DE-MER_Le-Pansard-min-768x511.png 768w, https:\/\/www.campings.com\/fr\/content\/wp-content\/uploads\/2022\/02\/Camping-BORD-DE-MER_Le-Pansard-min-450x299.png 450w, https:\/\/www.campings.com\/fr\/content\/wp-content\/uploads\/2022\/02\/Camping-BORD-DE-MER_Le-Pansard-min-430x286.png 430w\" sizes=\"auto, (max-width: 1000px) 100vw, 1000px\" \/><\/p>\n<p><a href=\"https:\/\/www.campings.com\/fr\/camping\/camping-le-pansard-77461\">Plus d\u2019infos sur le Camping le Pansard<\/a>.<\/p>\n<h3><strong>Camping de l\u2019Ile d\u2019Or<\/strong><\/h3>\n<p>Situ\u00e9 \u00e0 200 m de la plage, ce camping b\u00e9n\u00e9ficie d\u2019un emplacement privil\u00e9gi\u00e9 \u00e0 Saint-Rapha\u00ebl. L\u2019\u00e9tablissement dispose de nombreuses infrastructures pour garantir le confort de ses r\u00e9sidents : espace aquatique, pataugeoire, piscine et toboggans\u2026<\/p>\n<p><a href=\"https:\/\/www.campings.com\/fr\/camping\/camping-de-l-ile-d-or-78383#presentation\">Plus d\u2019infos sur le Camping de l\u2019Ile d\u2019Or<\/a>.<\/p>\n<h2><strong>Les campings aux alentours de Bandol et de Sanary-sur-Mer<\/strong><\/h2>\n<p>Sanary-sur-Mer et Bandol sont des destinations touristiques tr\u00e8s pris\u00e9es pour un s\u00e9jour en bord de mer dans le\u00a0<strong><a href=\"https:\/\/www.campings.com\/fr\/content\/guide-vacances-var\/\">Var<\/a><\/strong>. Nous avons s\u00e9lectionn\u00e9 les meilleurs campings proches de ces deux villes.<\/p>\n<h3><strong>Camping La Baie des Anges<\/strong><\/h3>\n<p>Situ\u00e9 \u00e0 3 km de la plage, ce camping offre un cadre parfait pour des vacances en famille ou entre amis. L\u2019\u00e9tablissement dispose d&rsquo;une piscine ouverte accessible en haute saison.<\/p>\n<p><a href=\"https:\/\/www.campings.com\/fr\/camping\/camping-la-baie-des-anges-77406\">Plus d\u2019infos sur le Camping La Baie des Anges<\/a>.<\/p>\n<h3><strong>Camping les Playes\u00a0<\/strong><\/h3>\n<p>\u00c0 1,5 km de la plage seulement, ce camping vous promet un s\u00e9jour agr\u00e9able en bord de mer. Parmi les services propos\u00e9s : laverie, wifi, bain \u00e0 remous, service de restauration, aires de jeux \u2026<\/p>\n<p><a href=\"https:\/\/www.campings.com\/fr\/camping\/camping-les-playes-78552\">Plus d\u2019infos sur le Camping les Playes<\/a>.<\/p>\n<h3><strong>Camping R\u00e9sidence Le Cap Azur<\/strong><\/h3>\n<p>Situ\u00e9 \u00e0 20 m de la mer seulement, ce camping est parfait pour un s\u00e9jour \u00ab Bien-\u00eatre \u00bb sous le signe de la d\u00e9tente. Pendant la haute saison, de nombreuses activit\u00e9s sportives sont organis\u00e9es pour les adultes et adolescents.<\/p>\n<p><a href=\"https:\/\/www.campings.com\/fr\/camping\/residence-le-cap-azur-89793\">Plus d\u2019infos sur le Camping R\u00e9sidence Le Cap Azur.<\/a><\/p>\n<h2><strong>Camping de luxe sur la c\u00f4te d&rsquo;Azur : les campings 5 \u00e9toiles proches de la M\u00e9diterran\u00e9e\u00a0<\/strong><\/h2>\n<p>Envie de louer un camping 5 \u00e9toiles pr\u00e8s de la M\u00e9diterran\u00e9e pour un s\u00e9jour tout confort dans le Var ? Voici notre s\u00e9lection des meilleurs campings de luxe de la r\u00e9gion.<\/p>\n<h3><strong>Camping Parc Saint James Oasis Village<\/strong><\/h3>\n<p>Construit au c\u0153ur d\u2019un environnement naturel pr\u00e9serv\u00e9, \u00e0 Puget-sur-Argens, ce camping vous garantit un s\u00e9jour inoubliable. L\u2019\u00e9tablissement poss\u00e8de un immense parc aquatique compos\u00e9 de 4 piscines et d\u2019un toboggan de 35 m.<\/p>\n<p><a href=\"https:\/\/www.campings.com\/fr\/camping\/camping-parc-saint-james-oasis-village-76665\">Plus d\u2019infos sur le Camping Saint James Oasis Village<\/a>.<\/p>\n<h3><strong>Camping Domaine de la Bergerie<\/strong><\/h3>\n<p>Situ\u00e9 \u00e0 Roquebrune-sur-Argens, ce camping qui s\u2019\u00e9tend sur 60 ha est parfait pour des vacances r\u00e9ussies en famille. En plus des activit\u00e9s sportives propos\u00e9es, les plus petits pourront profiter de la mini-ferme et des kids clubs.<\/p>\n<p><a href=\"https:\/\/www.campings.com\/fr\/camping\/domaine-de-la-bergerie-80097\">Plus d\u2019infos sur le Camping Domaine de la Bergerie.<\/a><\/p>\n<h3><strong>Camping Les Prairies de la Mer\u00a0<\/strong><\/h3>\n<p>\u00c0 Port Grimaud, \u00e0 300 m de la mer, ce camping est un v\u00e9ritable paradis pour les amateurs de farniente. L\u2019\u00e9tablissement offre un large \u00e9ventail de services pour r\u00e9pondre \u00e0 tous vos besoins : wifi, sup\u00e9rette\u2026<\/p>\n<p><img loading=\"lazy\" decoding=\"async\" class=\"alignnone size-full wp-image-3331\" src=\"https:\/\/www.campings.com\/fr\/content\/wp-content\/uploads\/2022\/02\/Camping-BORD-DE-MER_Port-Grimaud-min.png\" alt=\"\" width=\"1000\" height=\"665\" srcset=\"https:\/\/www.campings.com\/fr\/content\/wp-content\/uploads\/2022\/02\/Camping-BORD-DE-MER_Port-Grimaud-min.png 1000w, https:\/\/www.campings.com\/fr\/content\/wp-content\/uploads\/2022\/02\/Camping-BORD-DE-MER_Port-Grimaud-min-300x200.png 300w, https:\/\/www.campings.com\/fr\/content\/wp-content\/uploads\/2022\/02\/Camping-BORD-DE-MER_Port-Grimaud-min-768x511.png 768w, https:\/\/www.campings.com\/fr\/content\/wp-content\/uploads\/2022\/02\/Camping-BORD-DE-MER_Port-Grimaud-min-450x299.png 450w, https:\/\/www.campings.com\/fr\/content\/wp-content\/uploads\/2022\/02\/Camping-BORD-DE-MER_Port-Grimaud-min-430x286.png 430w\" sizes=\"auto, (max-width: 1000px) 100vw, 1000px\" \/><\/p>\n<p><a href=\"https:\/\/www.campings.com\/fr\/camping\/tour-operateur-sur-camping-5-a-port-grimaud-76767\">Plus d\u2019infos sur le Camping Les Prairies de la Mer<\/a>.<\/p>\n<h3><strong>Camping Maeva Respire Ecolodge l\u2019\u00c9toile d\u2019Argens<\/strong><\/h3>\n<p>Situ\u00e9 \u00e0 3 km des plages de Saint-Aygulf, ce camping poss\u00e8de 3 piscines ext\u00e9rieures chauff\u00e9es. Pendant la haute saison, des activit\u00e9s pour tous les \u00e2ges sont programm\u00e9es.<\/p>\n<p><a href=\"https:\/\/www.campings.com\/fr\/camping\/camping-maeva-respire-ecolodge-etoile-d-argens-78194\">Plus d\u2019infos sur le Camping Maeva Respire Ecolodge Etoile d\u2019argens<\/a>.<\/p>\n<h2><strong>S\u00e9lection de campings \u00e0 c\u00f4t\u00e9 de Fr\u00e9jus et de Saint-Rapha\u00ebl<\/strong><\/h2>\n<p>Traversant 2 000 ans d\u2019histoire, Fr\u00e9jus est une destination incontournable dans le\u00a0<strong><a href=\"https:\/\/www.campings.com\/fr\/content\/guide-vacances-var\/\">Var<\/a><\/strong>. Voici notre s\u00e9lection des meilleurs campings de la ville !<\/p>\n<h3><strong>Camping Le Fr\u00e9jus<\/strong><\/h3>\n<p>Situ\u00e9 en plein centre-ville, \u00e0 6 km de la plage, ce camping convivial r\u00e9pondra \u00e0 tous vos besoins. Pour votre confort, il dispose d\u2019une \u00e9picerie, d\u2019une sup\u00e9rette, d\u2019un restaurant et d\u2019un bar. Une piscine couverte et chauff\u00e9e est \u00e9galement \u00e0 votre disposition.<\/p>\n<p><a href=\"https:\/\/www.campings.com\/fr\/camping\/camping-le-frejus-77280\">Plus d\u2019infos sur le Camping Le Fr\u00e9jus<\/a>.<\/p>\n<h3><strong>Camping Les Lauriers Roses\u00a0<\/strong><\/h3>\n<p>Situ\u00e9 au c\u0153ur d\u2019une nature verdoyante, ce camping est particuli\u00e8rement recommand\u00e9 aux amoureux de la nature. En effet, plusieurs circuits de randonn\u00e9e sont situ\u00e9s \u00e0 proximit\u00e9.<\/p>\n<p><a href=\"https:\/\/www.campings.com\/fr\/camping\/camping-les-lauriers-roses-80105\">Plus d\u2019infos sur le Camping Les Lauriers Roses<\/a>.<\/p>\n<h3><strong>Camping Site de Gorge Vent<\/strong><\/h3>\n<p>Parfait pour un s\u00e9jour en famille dans le Var, ce camping offre un large choix d\u2019animations pour ses r\u00e9sidents. Piscine, toboggan, ping-pong, aires de jeux pour enfants\u2026 Un programme riche en activit\u00e9s vous attend !<\/p>\n<p><a href=\"https:\/\/www.campings.com\/fr\/camping\/camping-site-de-gorge-vent-77283\">Plus d\u2019infos sur le Camping Site de Gorge Vent<\/a>.<\/p>\n<h3><strong>Camping La Pierre Verte et son parc aquatique<\/strong><\/h3>\n<p>Situ\u00e9 \u00e0 Fr\u00e9jus, ce camping convivial r\u00e9pond aux besoins des familles. Il dispose d\u2019un court de tennis, un parc aquatique avec piscine, pataugeoire et bain \u00e0 remous.<\/p>\n<p><a href=\"https:\/\/www.campings.com\/fr\/camping\/tour-operateur-sur-le-camping-la-pierre-verte-88665\">Plus d\u2019infos sur le Camping La Pierre Verte<\/a>.<\/p>\n","protected":false},"excerpt":{"rendered":"<p>Avec ses 430 km de littoral, le Var offre des paysages vari\u00e9s, entre calanques, plages de sable fin et pins parasols\u2026 Un patrimoine naturel et culturel remarquable qui attire chaque ann\u00e9e des vacanciers des 4 coins du monde. Soleil, criques et plages de sable fin\u2026 Le Var r\u00e9unit tous les ingr\u00e9dients pour des vacances r\u00e9ussies [&hellip;]<\/p>\n","protected":false},"author":18,"featured_media":0,"parent":3309,"menu_order":0,"comment_status":"closed","ping_status":"closed","template":"template-twocolumns.php","meta":{"_acf_changed":false,"footnotes":""},"class_list":["post-3329","page","type-page","status-publish","hentry"],"acf":[],"yoast_head":"<!-- This site is optimized with the Yoast SEO plugin v27.1.1 - https:\/\/yoast.com\/product\/yoast-seo-wordpress\/ -->\n<title>Les meilleurs campings en bord de mer dans le Var -<\/title>\n<meta name=\"robots\" content=\"index, follow, max-snippet:-1, max-image-preview:large, max-video-preview:-1\" \/>\n<link rel=\"canonical\" href=\"https:\/\/www.campings.com\/fr\/content\/guide-vacances-var\/campings-bord-de-mer-var\/\" \/>\n<meta property=\"og:locale\" content=\"fr_FR\" \/>\n<meta property=\"og:type\" content=\"article\" \/>\n<meta property=\"og:title\" content=\"Les meilleurs campings en bord de mer dans le Var -\" \/>\n<meta property=\"og:description\" content=\"Avec ses 430 km de littoral, le Var offre des paysages vari\u00e9s, entre calanques, plages de sable fin et pins parasols\u2026 Un patrimoine naturel et culturel remarquable qui attire chaque ann\u00e9e des vacanciers des 4 coins du monde. Soleil, criques et plages de sable fin\u2026 Le Var r\u00e9unit tous les ingr\u00e9dients pour des vacances r\u00e9ussies [&hellip;]\" \/>\n<meta property=\"og:url\" content=\"https:\/\/www.campings.com\/fr\/content\/guide-vacances-var\/campings-bord-de-mer-var\/\" \/>\n<meta property=\"article:modified_time\" content=\"2022-03-25T09:53:33+00:00\" \/>\n<meta property=\"og:image\" content=\"https:\/\/www.campings.com\/fr\/content\/wp-content\/uploads\/2022\/02\/Camping-BORD-DE-MER_Le-Pansard-min.png\" \/>\n\t<meta property=\"og:image:width\" content=\"1000\" \/>\n\t<meta property=\"og:image:height\" content=\"665\" \/>\n\t<meta property=\"og:image:type\" content=\"image\/png\" \/>\n<meta name=\"twitter:card\" content=\"summary_large_image\" \/>\n<meta name=\"twitter:label1\" content=\"Dur\u00e9e de lecture estim\u00e9e\" \/>\n\t<meta name=\"twitter:data1\" content=\"5 minutes\" \/>\n<script type=\"application\/ld+json\" class=\"yoast-schema-graph\">{\"@context\":\"https:\/\/schema.org\",\"@graph\":[{\"@type\":\"WebPage\",\"@id\":\"https:\/\/www.campings.com\/fr\/content\/guide-vacances-var\/campings-bord-de-mer-var\/\",\"url\":\"https:\/\/www.campings.com\/fr\/content\/guide-vacances-var\/campings-bord-de-mer-var\/\",\"name\":\"Les meilleurs campings en bord de mer dans le Var -\",\"isPartOf\":{\"@id\":\"https:\/\/www.campings.com\/fr\/content\/#website\"},\"primaryImageOfPage\":{\"@id\":\"https:\/\/www.campings.com\/fr\/content\/guide-vacances-var\/campings-bord-de-mer-var\/#primaryimage\"},\"image\":{\"@id\":\"https:\/\/www.campings.com\/fr\/content\/guide-vacances-var\/campings-bord-de-mer-var\/#primaryimage\"},\"thumbnailUrl\":\"https:\/\/www.campings.com\/fr\/content\/wp-content\/uploads\/2022\/02\/Camping-BORD-DE-MER_Le-Pansard-min.png\",\"datePublished\":\"2022-02-11T11:06:09+00:00\",\"dateModified\":\"2022-03-25T09:53:33+00:00\",\"breadcrumb\":{\"@id\":\"https:\/\/www.campings.com\/fr\/content\/guide-vacances-var\/campings-bord-de-mer-var\/#breadcrumb\"},\"inLanguage\":\"fr-FR\",\"potentialAction\":[{\"@type\":\"ReadAction\",\"target\":[\"https:\/\/www.campings.com\/fr\/content\/guide-vacances-var\/campings-bord-de-mer-var\/\"]}]},{\"@type\":\"ImageObject\",\"inLanguage\":\"fr-FR\",\"@id\":\"https:\/\/www.campings.com\/fr\/content\/guide-vacances-var\/campings-bord-de-mer-var\/#primaryimage\",\"url\":\"https:\/\/www.campings.com\/fr\/content\/wp-content\/uploads\/2022\/02\/Camping-BORD-DE-MER_Le-Pansard-min.png\",\"contentUrl\":\"https:\/\/www.campings.com\/fr\/content\/wp-content\/uploads\/2022\/02\/Camping-BORD-DE-MER_Le-Pansard-min.png\",\"width\":1000,\"height\":665},{\"@type\":\"BreadcrumbList\",\"@id\":\"https:\/\/www.campings.com\/fr\/content\/guide-vacances-var\/campings-bord-de-mer-var\/#breadcrumb\",\"itemListElement\":[{\"@type\":\"ListItem\",\"position\":1,\"name\":\"Home\",\"item\":\"https:\/\/www.campings.com\/fr\/content\/\"},{\"@type\":\"ListItem\",\"position\":2,\"name\":\"Le guide de vos vacances dans le Var\",\"item\":\"https:\/\/www.campings.com\/fr\/content\/guide-vacances-var\/\"},{\"@type\":\"ListItem\",\"position\":3,\"name\":\"Les meilleurs campings en bord de mer dans le Var\"}]},{\"@type\":\"WebSite\",\"@id\":\"https:\/\/www.campings.com\/fr\/content\/#website\",\"url\":\"https:\/\/www.campings.com\/fr\/content\/\",\"name\":\"\",\"description\":\"\",\"publisher\":{\"@id\":\"https:\/\/www.campings.com\/fr\/content\/#organization\"},\"potentialAction\":[{\"@type\":\"SearchAction\",\"target\":{\"@type\":\"EntryPoint\",\"urlTemplate\":\"https:\/\/www.campings.com\/fr\/content\/?s={search_term_string}\"},\"query-input\":{\"@type\":\"PropertyValueSpecification\",\"valueRequired\":true,\"valueName\":\"search_term_string\"}}],\"inLanguage\":\"fr-FR\"},{\"@type\":\"Organization\",\"@id\":\"https:\/\/www.campings.com\/fr\/content\/#organization\",\"name\":\"CAMPINGS.COM\",\"url\":\"https:\/\/www.campings.com\/fr\/content\/\",\"logo\":{\"@type\":\"ImageObject\",\"inLanguage\":\"fr-FR\",\"@id\":\"https:\/\/www.campings.com\/fr\/content\/#\/schema\/logo\/image\/\",\"url\":\"https:\/\/www.campings.com\/fr\/content\/wp-content\/uploads\/2019\/01\/cropped-logo-1.png\",\"contentUrl\":\"https:\/\/www.campings.com\/fr\/content\/wp-content\/uploads\/2019\/01\/cropped-logo-1.png\",\"width\":174,\"height\":42,\"caption\":\"CAMPINGS.COM\"},\"image\":{\"@id\":\"https:\/\/www.campings.com\/fr\/content\/#\/schema\/logo\/image\/\"}}]}<\/script>\n<!-- \/ Yoast SEO plugin. -->","yoast_head_json":{"title":"Les meilleurs campings en bord de mer dans le Var -","robots":{"index":"index","follow":"follow","max-snippet":"max-snippet:-1","max-image-preview":"max-image-preview:large","max-video-preview":"max-video-preview:-1"},"canonical":"https:\/\/www.campings.com\/fr\/content\/guide-vacances-var\/campings-bord-de-mer-var\/","og_locale":"fr_FR","og_type":"article","og_title":"Les meilleurs campings en bord de mer dans le Var -","og_description":"Avec ses 430 km de littoral, le Var offre des paysages vari\u00e9s, entre calanques, plages de sable fin et pins parasols\u2026 Un patrimoine naturel et culturel remarquable qui attire chaque ann\u00e9e des vacanciers des 4 coins du monde. Soleil, criques et plages de sable fin\u2026 Le Var r\u00e9unit tous les ingr\u00e9dients pour des vacances r\u00e9ussies [&hellip;]","og_url":"https:\/\/www.campings.com\/fr\/content\/guide-vacances-var\/campings-bord-de-mer-var\/","article_modified_time":"2022-03-25T09:53:33+00:00","og_image":[{"width":1000,"height":665,"url":"https:\/\/www.campings.com\/fr\/content\/wp-content\/uploads\/2022\/02\/Camping-BORD-DE-MER_Le-Pansard-min.png","type":"image\/png"}],"twitter_card":"summary_large_image","twitter_misc":{"Dur\u00e9e de lecture estim\u00e9e":"5 minutes"},"schema":{"@context":"https:\/\/schema.org","@graph":[{"@type":"WebPage","@id":"https:\/\/www.campings.com\/fr\/content\/guide-vacances-var\/campings-bord-de-mer-var\/","url":"https:\/\/www.campings.com\/fr\/content\/guide-vacances-var\/campings-bord-de-mer-var\/","name":"Les meilleurs campings en bord de mer dans le Var -","isPartOf":{"@id":"https:\/\/www.campings.com\/fr\/content\/#website"},"primaryImageOfPage":{"@id":"https:\/\/www.campings.com\/fr\/content\/guide-vacances-var\/campings-bord-de-mer-var\/#primaryimage"},"image":{"@id":"https:\/\/www.campings.com\/fr\/content\/guide-vacances-var\/campings-bord-de-mer-var\/#primaryimage"},"thumbnailUrl":"https:\/\/www.campings.com\/fr\/content\/wp-content\/uploads\/2022\/02\/Camping-BORD-DE-MER_Le-Pansard-min.png","datePublished":"2022-02-11T11:06:09+00:00","dateModified":"2022-03-25T09:53:33+00:00","breadcrumb":{"@id":"https:\/\/www.campings.com\/fr\/content\/guide-vacances-var\/campings-bord-de-mer-var\/#breadcrumb"},"inLanguage":"fr-FR","potentialAction":[{"@type":"ReadAction","target":["https:\/\/www.campings.com\/fr\/content\/guide-vacances-var\/campings-bord-de-mer-var\/"]}]},{"@type":"ImageObject","inLanguage":"fr-FR","@id":"https:\/\/www.campings.com\/fr\/content\/guide-vacances-var\/campings-bord-de-mer-var\/#primaryimage","url":"https:\/\/www.campings.com\/fr\/content\/wp-content\/uploads\/2022\/02\/Camping-BORD-DE-MER_Le-Pansard-min.png","contentUrl":"https:\/\/www.campings.com\/fr\/content\/wp-content\/uploads\/2022\/02\/Camping-BORD-DE-MER_Le-Pansard-min.png","width":1000,"height":665},{"@type":"BreadcrumbList","@id":"https:\/\/www.campings.com\/fr\/content\/guide-vacances-var\/campings-bord-de-mer-var\/#breadcrumb","itemListElement":[{"@type":"ListItem","position":1,"name":"Home","item":"https:\/\/www.campings.com\/fr\/content\/"},{"@type":"ListItem","position":2,"name":"Le guide de vos vacances dans le Var","item":"https:\/\/www.campings.com\/fr\/content\/guide-vacances-var\/"},{"@type":"ListItem","position":3,"name":"Les meilleurs campings en bord de mer dans le Var"}]},{"@type":"WebSite","@id":"https:\/\/www.campings.com\/fr\/content\/#website","url":"https:\/\/www.campings.com\/fr\/content\/","name":"","description":"","publisher":{"@id":"https:\/\/www.campings.com\/fr\/content\/#organization"},"potentialAction":[{"@type":"SearchAction","target":{"@type":"EntryPoint","urlTemplate":"https:\/\/www.campings.com\/fr\/content\/?s={search_term_string}"},"query-input":{"@type":"PropertyValueSpecification","valueRequired":true,"valueName":"search_term_string"}}],"inLanguage":"fr-FR"},{"@type":"Organization","@id":"https:\/\/www.campings.com\/fr\/content\/#organization","name":"CAMPINGS.COM","url":"https:\/\/www.campings.com\/fr\/content\/","logo":{"@type":"ImageObject","inLanguage":"fr-FR","@id":"https:\/\/www.campings.com\/fr\/content\/#\/schema\/logo\/image\/","url":"https:\/\/www.campings.com\/fr\/content\/wp-content\/uploads\/2019\/01\/cropped-logo-1.png","contentUrl":"https:\/\/www.campings.com\/fr\/content\/wp-content\/uploads\/2019\/01\/cropped-logo-1.png","width":174,"height":42,"caption":"CAMPINGS.COM"},"image":{"@id":"https:\/\/www.campings.com\/fr\/content\/#\/schema\/logo\/image\/"}}]}},"_links":{"self":[{"href":"https:\/\/www.campings.com\/fr\/content\/wp-json\/wp\/v2\/pages\/3329","targetHints":{"allow":["GET"]}}],"collection":[{"href":"https:\/\/www.campings.com\/fr\/content\/wp-json\/wp\/v2\/pages"}],"about":[{"href":"https:\/\/www.campings.com\/fr\/content\/wp-json\/wp\/v2\/types\/page"}],"author":[{"embeddable":true,"href":"https:\/\/www.campings.com\/fr\/content\/wp-json\/wp\/v2\/users\/18"}],"replies":[{"embeddable":true,"href":"https:\/\/www.campings.com\/fr\/content\/wp-json\/wp\/v2\/comments?post=3329"}],"version-history":[{"count":4,"href":"https:\/\/www.campings.com\/fr\/content\/wp-json\/wp\/v2\/pages\/3329\/revisions"}],"predecessor-version":[{"id":3597,"href":"https:\/\/www.campings.com\/fr\/content\/wp-json\/wp\/v2\/pages\/3329\/revisions\/3597"}],"up":[{"embeddable":true,"href":"https:\/\/www.campings.com\/fr\/content\/wp-json\/wp\/v2\/pages\/3309"}],"wp:attachment":[{"href":"https:\/\/www.campings.com\/fr\/content\/wp-json\/wp\/v2\/media?parent=3329"}],"curies":[{"name":"wp","href":"https:\/\/api.w.org\/{rel}","templated":true}]}}