{"id":3245,"date":"2021-10-07T17:19:23","date_gmt":"2021-10-07T17:19:23","guid":{"rendered":"https:\/\/www.campings.com\/fr\/content\/?page_id=3245"},"modified":"2021-10-07T17:19:23","modified_gmt":"2021-10-07T17:19:23","slug":"les-sables-dolonne-activites","status":"publish","type":"page","link":"https:\/\/www.campings.com\/fr\/content\/guide-vacances-vendee\/les-sables-dolonne-activites\/","title":{"rendered":"Les Sables d&rsquo;Olonne : les meilleures activit\u00e9s \u00e0 faire"},"content":{"rendered":"<p>En qu\u00eate de d\u00e9paysement et de soleil pour vos prochaines vacances en famille ? En Vend\u00e9e, les Sables d\u2019Olonne est une destination id\u00e9ale o\u00f9 se ressourcer. Vous pourrez profiter d\u2019un panel d\u2019activit\u00e9s vari\u00e9es aussi divertissantes que ludiques !<\/p>\n<p>Mondialement connue pour le Vend\u00e9e Globe, les Sables d\u2019Olonne est une commune situ\u00e9e en\u00a0<a href=\"https:\/\/www.campings.com\/fr\/content\/guide-vacances-vendee\/\"><u>Vend\u00e9e<\/u><\/a>, dans la r\u00e9gion Pays-de-la-Loire. Cette station baln\u00e9aire tr\u00e8s r\u00e9put\u00e9e s\u2019\u00e9tend sur une superficie de 86,07 km\u00b2 et compte 45 573 habitants. Elle est tr\u00e8s pris\u00e9e par les touristes, qui appr\u00e9cient la douceur de son microclimat, ses infrastructures modernes et ses sp\u00e9cialit\u00e9s locales.<\/p>\n<h2><strong>Que faire aux Sables d\u2019Olonne ? Les activit\u00e9s incontournables <\/strong><\/h2>\n<p>De passage aux Sables d\u2019Olonne ? Vous ne risquez pas de vous y ennuyer ! Voici quelques suggestions d\u2019activit\u00e9s \u00e0 faire pendant votre s\u00e9jour:<\/p>\n<h3><strong>Profiter de la plage<\/strong><\/h3>\n<p>Envie d\u2019un moment de d\u00e9tente et de farniente ? Une vir\u00e9e \u00e0 la plage est toujours une bonne id\u00e9e aux Sables d\u2019Olonne \u2026 Avec ses 25 km de littoral, aurez l\u2019embarras du choix pour planter votre parasol ! Plage urbaine, plage naturiste, plage sauvage\u2026 Tout le monde y trouvera son bonheur. La Grande Plage, la plage de la Paracou, la Plage de Tranchet et la Plage des Granges sont des spots \u00e0 d\u00e9couvrir.<\/p>\n<p><img loading=\"lazy\" decoding=\"async\" class=\"alignnone size-full wp-image-3246\" src=\"https:\/\/www.campings.com\/fr\/content\/wp-content\/uploads\/2021\/10\/Sables-dOlonne-2.jpg\" alt=\"\" width=\"1000\" height=\"665\" srcset=\"https:\/\/www.campings.com\/fr\/content\/wp-content\/uploads\/2021\/10\/Sables-dOlonne-2.jpg 1000w, https:\/\/www.campings.com\/fr\/content\/wp-content\/uploads\/2021\/10\/Sables-dOlonne-2-300x200.jpg 300w, https:\/\/www.campings.com\/fr\/content\/wp-content\/uploads\/2021\/10\/Sables-dOlonne-2-768x511.jpg 768w, https:\/\/www.campings.com\/fr\/content\/wp-content\/uploads\/2021\/10\/Sables-dOlonne-2-450x299.jpg 450w, https:\/\/www.campings.com\/fr\/content\/wp-content\/uploads\/2021\/10\/Sables-dOlonne-2-430x286.jpg 430w\" sizes=\"auto, (max-width: 1000px) 100vw, 1000px\" \/><\/p>\n<h3><strong>Faire du tourisme dans le quartier de l\u2019\u00eele Penotte<\/strong><\/h3>\n<p>L\u2019\u00eele Penotte est un quartier pi\u00e9tonnier nich\u00e9 dans le centre-ville des Sables d\u2019Olonne. Ce quartier aux ruelles \u00e9troites, agr\u00e9able et pittoresque, se pr\u00eate parfaitement \u00e0 la balade. En effet, son cadre d\u00e9paysant et chaleureux invite naturellement \u00e0 la d\u00e9tente. Vous pourrez y admirer de jolies maisons datant de l\u2019\u00e9poque m\u00e9di\u00e9vale situ\u00e9es au beau milieu des roses tr\u00e9mi\u00e8res.<\/p>\n<h3><strong>Se balader autour de la baie de Cayola<\/strong><\/h3>\n<p>La baie de Cayola est un sentier en boucle, id\u00e9al pour faire de la randonn\u00e9e \u00e0 pied. Tout au long de la promenade, vous profiterez d\u2019une vue pittoresque, entre les rochers et la mer.<\/p>\n<h3><strong>Le march\u00e9 des Halles, en plein centre-ville<\/strong><\/h3>\n<p>Lors de votre passage dans les Sables d\u2019Olonne, ne manquez pas de visiter le march\u00e9 des Halles ! Commer\u00e7ants et producteurs locaux vous donnent rendez-vous tous les jours jusqu\u2019\u00e0 13h. Vous y d\u00e9couvrirez des produits de la mer, des fruits et l\u00e9gumes frais ainsi que des sp\u00e9cialit\u00e9s vend\u00e9ennes vari\u00e9es. Et tous les mercredis, les Halles \u00e9largissent leurs activit\u00e9s en proposant un Grand March\u00e9 sur les diff\u00e9rentes places de la ville.<\/p>\n<h2><strong>Les activit\u00e9s \u00e0 faire avec les enfants aux Sables d\u2019Olonne<\/strong><\/h2>\n<p>Quoi faire aux Sables d&rsquo;Olonne? Entre visites culturelles, promenades et randonn\u00e9es en pleine nature, les activit\u00e9s \u00e0 faire en famille ne manquent pas !<\/p>\n<h3><strong>Le mus\u00e9e de la Mer<\/strong><\/h3>\n<p>Le Mus\u00e9e de la Mer, aux Sables d\u2019Olonne, se trouve \u00e0 l\u2019int\u00e9rieur du Ch\u00e2teau Saint Clair. Ce mus\u00e9e met en valeur les richesses maritimes de la c\u00f4te sablaise. Deux grandes salles d\u2019exposition abritent des instruments de navigation, des maquettes, des accessoires sp\u00e9cifiques de p\u00eache\u2026 Pour les enfants de moins de 5 ans, l\u2019acc\u00e8s au mus\u00e9e est gratuit.<\/p>\n<h3><strong>Le zoo des Sables, un lieu dans les Sables d&rsquo;Olonne \u00e0 voir<\/strong><\/h3>\n<p>Vos enfants adorent les animaux ? Une visite au zoo des Sables s\u2019impose pendant votre s\u00e9jour ! Celui-ci r\u00e9unit plus de 500 animaux exotiques (singes, lions, girafes) dans un cadre verdoyant. Sur place, vous trouverez un service de restauration rapide, une aire de pique-nique et une boutique de souvenirs. La visite de ce parc zoologique dure environ 1H30.<\/p>\n<h3><strong>Visiter la tour d\u2019Arundel et le ch\u00e2teau Saint-Clair<\/strong><\/h3>\n<p>La tour d\u2019Arundel et le ch\u00e2teau Saint-Clair sont des lieux incontournables. Ces constructions ont \u00e9t\u00e9 \u00e9rig\u00e9es au 15e si\u00e8cle par les Princes de Talmont. Le ch\u00e2teau, qui abrite le Mus\u00e9e de la Mer vous immergera au c\u0153ur de l\u2019histoire de la Tour. Les visites sont accessibles d\u2019avril \u00e0 septembre. Le panorama depuis le haut de cette tour est \u00e0 couper le souffle. Vous pourrez contempler la magnifique baie des Sables d\u2019Olonne.<\/p>\n<h2><strong>O\u00f9 sortir aux Sables d&rsquo;Olonne ? Notre s\u00e9lection de restaurants<\/strong><\/h2>\n<p>Vous ne pouvez pas passer vos vacances aux Sables d\u2019Olonne sans d\u00e9guster ses sp\u00e9cialit\u00e9s culinaires ! Voici notre s\u00e9lection des meilleurs restaurants \u00e0 d\u00e9couvrir dans cette jolie ville de\u00a0<a href=\"https:\/\/www.campings.com\/fr\/content\/guide-vacances-vendee\/\"><u>Vend\u00e9e\u00a0<\/u><\/a>!<\/p>\n<h3><strong>Le Sloop<\/strong><\/h3>\n<p>Le Sloop est un restaurant en bord de mer qui ouvre ses portes \u00e0 partir de 19h15. L\u2019\u00e9tablissement propose une cuisine oscillant entre terre et mer. Vous y d\u00e9gusterez de d\u00e9licieux plateaux de fruits de mer ainsi que des plats concoct\u00e9s avec des l\u00e9gumes frais et de saison. Le prix moyen des plats se situe aux alentours de 39 euros. Pour r\u00e9server une table au restaurant le Sloop, appelez le 02 51 95 37 71.<\/p>\n<p>Adresse : 5, Promenade Georges Godet, Les Sables-d&rsquo;Olonne 85100.<\/p>\n<h3><strong>Le Comptoir<\/strong><\/h3>\n<p>Le restaurant le Comptoir propose une cuisine traditionnelle fran\u00e7aise. Vous y d\u00e9gusterez de savoureux plats v\u00e9g\u00e9tariens faits maison. De plus, ce restaurant-bar lounge offre une vue imprenable sur la mer. Les plats co\u00fbtent entre 18 et 26 euros. L\u2019\u00e9tablissement est ouvert aux groupes. Pour toute information compl\u00e9mentaire ou r\u00e9servation, contactez le restaurant au 02 51 32 07 51.<\/p>\n<p>Adresse : 12 Quai Albert Prouteau &#8211; Port Olona, 85100 Les Sables-d&rsquo;Olonne<\/p>\n<h3><strong>Le Paradise<\/strong><\/h3>\n<p>Ce restaurant propose des moules ainsi que d\u2019autres sp\u00e9cialit\u00e9s de la mer. Le prix moyen des plats est de 26 euros. Des plats v\u00e9g\u00e9tariens sont \u00e9galement propos\u00e9s. Pour r\u00e9server, contactez le restaurant au +33 9 63 60 54 15.<\/p>\n<p>Adresse : 6, Promenade de l&rsquo;Amiral Lafargue, 85100 Les Sables-d&rsquo;Olonne<\/p>\n<h3><strong>Fourchette et Tire-bouchon<\/strong><\/h3>\n<p>Situ\u00e9 sur le Port des Sables d\u2019Olonne, ce restaurant propose uniquement des plats \u00e0 base de produits frais et locaux. Les menus sont propos\u00e9s \u00e0 un prix abordable. Pour r\u00e9server, appelez le 02 51 21 66 78<\/p>\n<p>Adresse : 11 Quai Ren\u00e9 Guin\u00e9, 85100 Les Sables-d&rsquo;Olonne<\/p>\n<h2><strong>Les Sables d\u2019Olonne : lieu de d\u00e9part du Vend\u00e9e Globe<\/strong><\/h2>\n<p>Le Vend\u00e9e Globe est une course mythique \u00e0 la voile qui attire des milliers d\u2019adeptes. Si vous souhaitez assister \u00e0 l\u2019arriv\u00e9e ou au d\u00e9part des navigateurs, rendez-vous aux Sables d\u2019Olonne. Cet \u00e9v\u00e9nement offre une belle occasion de d\u00e9couvrir ce sport nautique !<\/p>\n<p><img loading=\"lazy\" decoding=\"async\" class=\"alignnone size-full wp-image-3247\" src=\"https:\/\/www.campings.com\/fr\/content\/wp-content\/uploads\/2021\/10\/Sables-dOlonne-1.jpg\" alt=\"\" width=\"1000\" height=\"665\" srcset=\"https:\/\/www.campings.com\/fr\/content\/wp-content\/uploads\/2021\/10\/Sables-dOlonne-1.jpg 1000w, https:\/\/www.campings.com\/fr\/content\/wp-content\/uploads\/2021\/10\/Sables-dOlonne-1-300x200.jpg 300w, https:\/\/www.campings.com\/fr\/content\/wp-content\/uploads\/2021\/10\/Sables-dOlonne-1-768x511.jpg 768w, https:\/\/www.campings.com\/fr\/content\/wp-content\/uploads\/2021\/10\/Sables-dOlonne-1-450x299.jpg 450w, https:\/\/www.campings.com\/fr\/content\/wp-content\/uploads\/2021\/10\/Sables-dOlonne-1-430x286.jpg 430w\" sizes=\"auto, (max-width: 1000px) 100vw, 1000px\" \/><\/p>\n<h2><strong>S\u00e9lection de campings<\/strong>\u00a0proche des Sables d\u2019Olonne<\/h2>\n<p>Pendant la p\u00e9riode estivale, vous envisagez de s\u00e9journer aux Sables d\u2019Olonne en\u00a0<u><a href=\"https:\/\/www.campings.com\/fr\/content\/guide-vacances-vendee\/\">Vend\u00e9e<\/a> <\/u>? Nous vous conseillons de louer dans l\u2019un de ces 3 campings, id\u00e9alement situ\u00e9s.<\/p>\n<h3><strong>Flower Camping le Petit Paris<\/strong><\/h3>\n<p>Ce camping familial est situ\u00e9 au bord de la plage des Sables d\u2019Olonne. Il est \u00e9quip\u00e9 d\u2019un espace aquatique, d\u2019une piscine chauff\u00e9e, d\u2019un bar\u2026<\/p>\n<p><a href=\"https:\/\/www.campings.com\/fr\/camping\/flower-camping-le-petit-paris-83429\">Plus d\u2019infos sur le Flower Camping le Petit Paris<\/a>.<\/p>\n<h3><strong>Camping La Dune des Sables<\/strong><\/h3>\n<p>Ce camping offre un acc\u00e8s direct \u00e0 la plage. Cet \u00e9tablissement, tr\u00e8s anim\u00e9, garantit un s\u00e9jour agr\u00e9able pour toute la famille.<\/p>\n<p><a href=\"https:\/\/www.campings.com\/fr\/camping\/camping-la-dune-des-sables-76650\">Plus d\u2019infos sur le Camping La Dune des Sables<\/a>.<\/p>\n<h3><strong>Camping Bel Air<\/strong><\/h3>\n<p>Situ\u00e9 aux Sables d&rsquo;Olonne, ce camping propose un panel d\u2019activit\u00e9s vari\u00e9es. Les mobil-homes, spacieux et modernes vous garantissent un s\u00e9jour agr\u00e9able.<\/p>\n<p><a href=\"https:\/\/www.campings.com\/fr\/camping\/camping-bel-air-77651\">Plus d\u2019infos sur le Camping Bel Air<\/a>.<\/p>\n","protected":false},"excerpt":{"rendered":"<p>En qu\u00eate de d\u00e9paysement et de soleil pour vos prochaines vacances en famille ? En Vend\u00e9e, les Sables d\u2019Olonne est une destination id\u00e9ale o\u00f9 se ressourcer. Vous pourrez profiter d\u2019un panel d\u2019activit\u00e9s vari\u00e9es aussi divertissantes que ludiques ! Mondialement connue pour le Vend\u00e9e Globe, les Sables d\u2019Olonne est une commune situ\u00e9e en\u00a0Vend\u00e9e, dans la r\u00e9gion [&hellip;]<\/p>\n","protected":false},"author":18,"featured_media":0,"parent":3223,"menu_order":0,"comment_status":"closed","ping_status":"closed","template":"template-twocolumns.php","meta":{"_acf_changed":false,"footnotes":""},"class_list":["post-3245","page","type-page","status-publish","hentry"],"acf":[],"yoast_head":"<!-- This site is optimized with the Yoast SEO plugin v27.1.1 - https:\/\/yoast.com\/product\/yoast-seo-wordpress\/ -->\n<title>Les Sables d&#039;Olonne : les meilleures activit\u00e9s \u00e0 faire -<\/title>\n<meta name=\"description\" content=\"D\u00e9couvrez les activit\u00e9s \u00e0 faire dans les Sables d\u2019Olonne en Vend\u00e9e, pour passer des vacances ou des week-ends agr\u00e9ables en famille ou entre amis.\" \/>\n<meta name=\"robots\" content=\"index, follow, max-snippet:-1, max-image-preview:large, max-video-preview:-1\" \/>\n<link rel=\"canonical\" href=\"https:\/\/www.campings.com\/fr\/content\/guide-vacances-vendee\/les-sables-dolonne-activites\/\" \/>\n<meta property=\"og:locale\" content=\"fr_FR\" \/>\n<meta property=\"og:type\" content=\"article\" \/>\n<meta property=\"og:title\" content=\"Les Sables d&#039;Olonne : les meilleures activit\u00e9s \u00e0 faire -\" \/>\n<meta property=\"og:description\" content=\"D\u00e9couvrez les activit\u00e9s \u00e0 faire dans les Sables d\u2019Olonne en Vend\u00e9e, pour passer des vacances ou des week-ends agr\u00e9ables en famille ou entre amis.\" \/>\n<meta property=\"og:url\" content=\"https:\/\/www.campings.com\/fr\/content\/guide-vacances-vendee\/les-sables-dolonne-activites\/\" \/>\n<meta property=\"og:image\" content=\"https:\/\/www.campings.com\/fr\/content\/wp-content\/uploads\/2021\/10\/Sables-dOlonne-2.jpg\" \/>\n\t<meta property=\"og:image:width\" content=\"1000\" \/>\n\t<meta property=\"og:image:height\" content=\"665\" \/>\n\t<meta property=\"og:image:type\" content=\"image\/jpeg\" \/>\n<meta name=\"twitter:card\" content=\"summary_large_image\" \/>\n<meta name=\"twitter:label1\" content=\"Dur\u00e9e de lecture estim\u00e9e\" \/>\n\t<meta name=\"twitter:data1\" content=\"6 minutes\" \/>\n<script type=\"application\/ld+json\" class=\"yoast-schema-graph\">{\"@context\":\"https:\/\/schema.org\",\"@graph\":[{\"@type\":\"WebPage\",\"@id\":\"https:\/\/www.campings.com\/fr\/content\/guide-vacances-vendee\/les-sables-dolonne-activites\/\",\"url\":\"https:\/\/www.campings.com\/fr\/content\/guide-vacances-vendee\/les-sables-dolonne-activites\/\",\"name\":\"Les Sables d'Olonne : les meilleures activit\u00e9s \u00e0 faire -\",\"isPartOf\":{\"@id\":\"https:\/\/www.campings.com\/fr\/content\/#website\"},\"primaryImageOfPage\":{\"@id\":\"https:\/\/www.campings.com\/fr\/content\/guide-vacances-vendee\/les-sables-dolonne-activites\/#primaryimage\"},\"image\":{\"@id\":\"https:\/\/www.campings.com\/fr\/content\/guide-vacances-vendee\/les-sables-dolonne-activites\/#primaryimage\"},\"thumbnailUrl\":\"https:\/\/www.campings.com\/fr\/content\/wp-content\/uploads\/2021\/10\/Sables-dOlonne-2.jpg\",\"datePublished\":\"2021-10-07T17:19:23+00:00\",\"description\":\"D\u00e9couvrez les activit\u00e9s \u00e0 faire dans les Sables d\u2019Olonne en Vend\u00e9e, pour passer des vacances ou des week-ends agr\u00e9ables en famille ou entre amis.\",\"breadcrumb\":{\"@id\":\"https:\/\/www.campings.com\/fr\/content\/guide-vacances-vendee\/les-sables-dolonne-activites\/#breadcrumb\"},\"inLanguage\":\"fr-FR\",\"potentialAction\":[{\"@type\":\"ReadAction\",\"target\":[\"https:\/\/www.campings.com\/fr\/content\/guide-vacances-vendee\/les-sables-dolonne-activites\/\"]}]},{\"@type\":\"ImageObject\",\"inLanguage\":\"fr-FR\",\"@id\":\"https:\/\/www.campings.com\/fr\/content\/guide-vacances-vendee\/les-sables-dolonne-activites\/#primaryimage\",\"url\":\"https:\/\/www.campings.com\/fr\/content\/wp-content\/uploads\/2021\/10\/Sables-dOlonne-2.jpg\",\"contentUrl\":\"https:\/\/www.campings.com\/fr\/content\/wp-content\/uploads\/2021\/10\/Sables-dOlonne-2.jpg\",\"width\":1000,\"height\":665},{\"@type\":\"BreadcrumbList\",\"@id\":\"https:\/\/www.campings.com\/fr\/content\/guide-vacances-vendee\/les-sables-dolonne-activites\/#breadcrumb\",\"itemListElement\":[{\"@type\":\"ListItem\",\"position\":1,\"name\":\"Home\",\"item\":\"https:\/\/www.campings.com\/fr\/content\/\"},{\"@type\":\"ListItem\",\"position\":2,\"name\":\"Le guide de vos vacances en Vend\u00e9e\",\"item\":\"https:\/\/www.campings.com\/fr\/content\/guide-vacances-vendee\/\"},{\"@type\":\"ListItem\",\"position\":3,\"name\":\"Les Sables d&rsquo;Olonne : les meilleures activit\u00e9s \u00e0 faire\"}]},{\"@type\":\"WebSite\",\"@id\":\"https:\/\/www.campings.com\/fr\/content\/#website\",\"url\":\"https:\/\/www.campings.com\/fr\/content\/\",\"name\":\"\",\"description\":\"\",\"publisher\":{\"@id\":\"https:\/\/www.campings.com\/fr\/content\/#organization\"},\"potentialAction\":[{\"@type\":\"SearchAction\",\"target\":{\"@type\":\"EntryPoint\",\"urlTemplate\":\"https:\/\/www.campings.com\/fr\/content\/?s={search_term_string}\"},\"query-input\":{\"@type\":\"PropertyValueSpecification\",\"valueRequired\":true,\"valueName\":\"search_term_string\"}}],\"inLanguage\":\"fr-FR\"},{\"@type\":\"Organization\",\"@id\":\"https:\/\/www.campings.com\/fr\/content\/#organization\",\"name\":\"CAMPINGS.COM\",\"url\":\"https:\/\/www.campings.com\/fr\/content\/\",\"logo\":{\"@type\":\"ImageObject\",\"inLanguage\":\"fr-FR\",\"@id\":\"https:\/\/www.campings.com\/fr\/content\/#\/schema\/logo\/image\/\",\"url\":\"https:\/\/www.campings.com\/fr\/content\/wp-content\/uploads\/2019\/01\/cropped-logo-1.png\",\"contentUrl\":\"https:\/\/www.campings.com\/fr\/content\/wp-content\/uploads\/2019\/01\/cropped-logo-1.png\",\"width\":174,\"height\":42,\"caption\":\"CAMPINGS.COM\"},\"image\":{\"@id\":\"https:\/\/www.campings.com\/fr\/content\/#\/schema\/logo\/image\/\"}}]}<\/script>\n<!-- \/ Yoast SEO plugin. -->","yoast_head_json":{"title":"Les Sables d'Olonne : les meilleures activit\u00e9s \u00e0 faire -","description":"D\u00e9couvrez les activit\u00e9s \u00e0 faire dans les Sables d\u2019Olonne en Vend\u00e9e, pour passer des vacances ou des week-ends agr\u00e9ables en famille ou entre amis.","robots":{"index":"index","follow":"follow","max-snippet":"max-snippet:-1","max-image-preview":"max-image-preview:large","max-video-preview":"max-video-preview:-1"},"canonical":"https:\/\/www.campings.com\/fr\/content\/guide-vacances-vendee\/les-sables-dolonne-activites\/","og_locale":"fr_FR","og_type":"article","og_title":"Les Sables d'Olonne : les meilleures activit\u00e9s \u00e0 faire -","og_description":"D\u00e9couvrez les activit\u00e9s \u00e0 faire dans les Sables d\u2019Olonne en Vend\u00e9e, pour passer des vacances ou des week-ends agr\u00e9ables en famille ou entre amis.","og_url":"https:\/\/www.campings.com\/fr\/content\/guide-vacances-vendee\/les-sables-dolonne-activites\/","og_image":[{"width":1000,"height":665,"url":"https:\/\/www.campings.com\/fr\/content\/wp-content\/uploads\/2021\/10\/Sables-dOlonne-2.jpg","type":"image\/jpeg"}],"twitter_card":"summary_large_image","twitter_misc":{"Dur\u00e9e de lecture estim\u00e9e":"6 minutes"},"schema":{"@context":"https:\/\/schema.org","@graph":[{"@type":"WebPage","@id":"https:\/\/www.campings.com\/fr\/content\/guide-vacances-vendee\/les-sables-dolonne-activites\/","url":"https:\/\/www.campings.com\/fr\/content\/guide-vacances-vendee\/les-sables-dolonne-activites\/","name":"Les Sables d'Olonne : les meilleures activit\u00e9s \u00e0 faire -","isPartOf":{"@id":"https:\/\/www.campings.com\/fr\/content\/#website"},"primaryImageOfPage":{"@id":"https:\/\/www.campings.com\/fr\/content\/guide-vacances-vendee\/les-sables-dolonne-activites\/#primaryimage"},"image":{"@id":"https:\/\/www.campings.com\/fr\/content\/guide-vacances-vendee\/les-sables-dolonne-activites\/#primaryimage"},"thumbnailUrl":"https:\/\/www.campings.com\/fr\/content\/wp-content\/uploads\/2021\/10\/Sables-dOlonne-2.jpg","datePublished":"2021-10-07T17:19:23+00:00","description":"D\u00e9couvrez les activit\u00e9s \u00e0 faire dans les Sables d\u2019Olonne en Vend\u00e9e, pour passer des vacances ou des week-ends agr\u00e9ables en famille ou entre amis.","breadcrumb":{"@id":"https:\/\/www.campings.com\/fr\/content\/guide-vacances-vendee\/les-sables-dolonne-activites\/#breadcrumb"},"inLanguage":"fr-FR","potentialAction":[{"@type":"ReadAction","target":["https:\/\/www.campings.com\/fr\/content\/guide-vacances-vendee\/les-sables-dolonne-activites\/"]}]},{"@type":"ImageObject","inLanguage":"fr-FR","@id":"https:\/\/www.campings.com\/fr\/content\/guide-vacances-vendee\/les-sables-dolonne-activites\/#primaryimage","url":"https:\/\/www.campings.com\/fr\/content\/wp-content\/uploads\/2021\/10\/Sables-dOlonne-2.jpg","contentUrl":"https:\/\/www.campings.com\/fr\/content\/wp-content\/uploads\/2021\/10\/Sables-dOlonne-2.jpg","width":1000,"height":665},{"@type":"BreadcrumbList","@id":"https:\/\/www.campings.com\/fr\/content\/guide-vacances-vendee\/les-sables-dolonne-activites\/#breadcrumb","itemListElement":[{"@type":"ListItem","position":1,"name":"Home","item":"https:\/\/www.campings.com\/fr\/content\/"},{"@type":"ListItem","position":2,"name":"Le guide de vos vacances en Vend\u00e9e","item":"https:\/\/www.campings.com\/fr\/content\/guide-vacances-vendee\/"},{"@type":"ListItem","position":3,"name":"Les Sables d&rsquo;Olonne : les meilleures activit\u00e9s \u00e0 faire"}]},{"@type":"WebSite","@id":"https:\/\/www.campings.com\/fr\/content\/#website","url":"https:\/\/www.campings.com\/fr\/content\/","name":"","description":"","publisher":{"@id":"https:\/\/www.campings.com\/fr\/content\/#organization"},"potentialAction":[{"@type":"SearchAction","target":{"@type":"EntryPoint","urlTemplate":"https:\/\/www.campings.com\/fr\/content\/?s={search_term_string}"},"query-input":{"@type":"PropertyValueSpecification","valueRequired":true,"valueName":"search_term_string"}}],"inLanguage":"fr-FR"},{"@type":"Organization","@id":"https:\/\/www.campings.com\/fr\/content\/#organization","name":"CAMPINGS.COM","url":"https:\/\/www.campings.com\/fr\/content\/","logo":{"@type":"ImageObject","inLanguage":"fr-FR","@id":"https:\/\/www.campings.com\/fr\/content\/#\/schema\/logo\/image\/","url":"https:\/\/www.campings.com\/fr\/content\/wp-content\/uploads\/2019\/01\/cropped-logo-1.png","contentUrl":"https:\/\/www.campings.com\/fr\/content\/wp-content\/uploads\/2019\/01\/cropped-logo-1.png","width":174,"height":42,"caption":"CAMPINGS.COM"},"image":{"@id":"https:\/\/www.campings.com\/fr\/content\/#\/schema\/logo\/image\/"}}]}},"_links":{"self":[{"href":"https:\/\/www.campings.com\/fr\/content\/wp-json\/wp\/v2\/pages\/3245","targetHints":{"allow":["GET"]}}],"collection":[{"href":"https:\/\/www.campings.com\/fr\/content\/wp-json\/wp\/v2\/pages"}],"about":[{"href":"https:\/\/www.campings.com\/fr\/content\/wp-json\/wp\/v2\/types\/page"}],"author":[{"embeddable":true,"href":"https:\/\/www.campings.com\/fr\/content\/wp-json\/wp\/v2\/users\/18"}],"replies":[{"embeddable":true,"href":"https:\/\/www.campings.com\/fr\/content\/wp-json\/wp\/v2\/comments?post=3245"}],"version-history":[{"count":2,"href":"https:\/\/www.campings.com\/fr\/content\/wp-json\/wp\/v2\/pages\/3245\/revisions"}],"predecessor-version":[{"id":3311,"href":"https:\/\/www.campings.com\/fr\/content\/wp-json\/wp\/v2\/pages\/3245\/revisions\/3311"}],"up":[{"embeddable":true,"href":"https:\/\/www.campings.com\/fr\/content\/wp-json\/wp\/v2\/pages\/3223"}],"wp:attachment":[{"href":"https:\/\/www.campings.com\/fr\/content\/wp-json\/wp\/v2\/media?parent=3245"}],"curies":[{"name":"wp","href":"https:\/\/api.w.org\/{rel}","templated":true}]}}