{"id":3237,"date":"2021-10-07T17:08:41","date_gmt":"2021-10-07T17:08:41","guid":{"rendered":"https:\/\/www.campings.com\/fr\/content\/?page_id=3237"},"modified":"2021-10-07T17:08:41","modified_gmt":"2021-10-07T17:08:41","slug":"plages-vendee","status":"publish","type":"page","link":"https:\/\/www.campings.com\/fr\/content\/guide-vacances-vendee\/plages-vendee\/","title":{"rendered":"Les plus belles plages de Vend\u00e9e"},"content":{"rendered":"<p>La Vend\u00e9e est la parfaite destination pour des vacances baln\u00e9aires, que ce soit en famille ou entre amis. Ce d\u00e9partement abrite les plus belles plages de la r\u00e9gion Pays de la Loire. Une aubaine pour les amateurs de baignade, de soleil et de farniente !<\/p>\n<p>Avec ses 140km de plages, le littoral vend\u00e9en, sur la c\u00f4te Atlantique, r\u00e9unit tous les ingr\u00e9dients pour des vacances r\u00e9ussies. Alternant avec des paysages dunaires, granitiques voire sauvages, les plages de sable fin de\u00a0<a href=\"https:\/\/www.campings.com\/fr\/content\/guide-vacances-vendee\/\"><u>Vend\u00e9e<\/u>\u00a0<\/a>vous s\u00e9duiront par leur beaut\u00e9\u2026 De plus, la r\u00e9gion jouit d\u2019un microclimat sous influence oc\u00e9anique, id\u00e9al pour profiter d\u2019un bel ensoleillement pendant tout l\u2019\u00e9t\u00e9 !<\/p>\n<h2><strong>La plage des Demoiselles \u00e0 Saint-Hilaire-de-Riez<\/strong><\/h2>\n<p>Situ\u00e9e sur l\u2019Esplanade de la Mer \u00e0 Saint-Hilaire-de-Riez, cette plage tr\u00e8s urbaine est tr\u00e8s appr\u00e9ci\u00e9e. Si vous recherchez une plage anim\u00e9e, la partie nord de la station baln\u00e9aire est conseill\u00e9e. Les amateurs de calme opteront pour la partie sud de la plage des Demoiselles, plus sauvage. Sur place, les infrastructures ont \u00e9t\u00e9 pens\u00e9es pour assurer le bien-\u00eatre des visiteurs. De plus, la plage est accessible aux personnes \u00e0 mobilit\u00e9 r\u00e9duite. Une base nautique vous permettra de pratiquer surf, char \u00e0 voile, stand up Paddle, body board, cano\u00eb et kayak\u2026 La plage est surveill\u00e9e par un syst\u00e8me de vigie pendant toute la p\u00e9riode estivale.<\/p>\n<h2><strong>La plage des Conches \u00e0 Longeville-sur-Mer<\/strong><\/h2>\n<p>La plage des Conches est l\u2019un des plus beaux spots de Vend\u00e9e. Bord\u00e9e par une for\u00eat domaniale, cette magnifique plage de sable fin aux dunes immenses invite au farniente. Vous pourrez y fl\u00e2ner en toute tranquillit\u00e9 et partager des moments agr\u00e9ables en famille. Les amateurs de glisse pourront pratiquer le surf. En effet, le sud de la plage r\u00e9unit toutes les conditions pour surfer. De plus, la plage des Conches est une \u00e9tape de la V\u00e9lodyss\u00e9e. Un parking a \u00e9t\u00e9 sp\u00e9cialement am\u00e9nag\u00e9 pour les cyclistes.<\/p>\n<p><img loading=\"lazy\" decoding=\"async\" class=\"alignnone size-full wp-image-3238\" src=\"https:\/\/www.campings.com\/fr\/content\/wp-content\/uploads\/2021\/10\/Plage-des-conches.jpg\" alt=\"\" width=\"1000\" height=\"665\" srcset=\"https:\/\/www.campings.com\/fr\/content\/wp-content\/uploads\/2021\/10\/Plage-des-conches.jpg 1000w, https:\/\/www.campings.com\/fr\/content\/wp-content\/uploads\/2021\/10\/Plage-des-conches-300x200.jpg 300w, https:\/\/www.campings.com\/fr\/content\/wp-content\/uploads\/2021\/10\/Plage-des-conches-768x511.jpg 768w, https:\/\/www.campings.com\/fr\/content\/wp-content\/uploads\/2021\/10\/Plage-des-conches-450x299.jpg 450w, https:\/\/www.campings.com\/fr\/content\/wp-content\/uploads\/2021\/10\/Plage-des-conches-430x286.jpg 430w\" sizes=\"auto, (max-width: 1000px) 100vw, 1000px\" \/><\/p>\n<h2><strong>La plage de Sauveterre \u00e0 Olonne-sur-Mer<\/strong><\/h2>\n<p>Avec son petit c\u00f4t\u00e9 sauvage, la plage de Sauveterre s\u00e9duira les amoureux de nature. Situ\u00e9e au beau milieu de la for\u00eat domaniale d\u2019Olonne, la plage se pr\u00eate tr\u00e8s bien pour un pique-nique. La partie surveill\u00e9e est assez fr\u00e9quent\u00e9e en \u00e9t\u00e9. Pour plus de calme, vous devrez vous \u00e9loigner un peu. Cependant, faites attention car les baignades y sont g\u00e9n\u00e9ralement interdites. Si vous \u00eates naturiste, rendez-vous au nord du poste de secours, \u00e0 environ 700 m\u00e8tres o\u00f9 la pratique est autoris\u00e9e.<\/p>\n<h2><strong>La Grande plage des Sables-d\u2019Olonne<\/strong><\/h2>\n<p>Pour profiter d\u2019une mer turquoise et de sable fin \u00e0 perte de vue, direction la Grande plage des Sables-d\u2019Olonne. Entre baignades en famille, promenades matinales, farniente, construction de ch\u00e2teaux de sable\u2026 un large choix d\u2019activit\u00e9s vous attend sur place !<\/p>\n<p>De plus, un remblai surplombe la plage o\u00f9 les touristes aiment se promener. Des restaurants, des bars et des marchands de glace y sont \u00e9galement install\u00e9s. Et pour passer des soir\u00e9es inoubliables, rendez-vous sur la plage \u00e0 la tomb\u00e9e de la nuit pour faire la f\u00eate !<\/p>\n<h2><strong>La plage du Veillon \u00e0 Talmont Saint-Hilaire<\/strong><\/h2>\n<p>La plage du Veillon est l\u2019un des spots les plus sauvages de\u00a0<a href=\"https:\/\/www.campings.com\/fr\/content\/guide-vacances-vendee\/\"><u>Vend\u00e9e<\/u><\/a>. Situ\u00e9e dans un cadre d\u00e9paysant, cette plage est parfaite pour pique-niquer en famille et profiter des joies de la baignade. Les adeptes de sports nautiques pourront pratiquer surf, cano\u00eb, paddle ou kitesurf gr\u00e2ce \u00e0 un service de location de mat\u00e9riel.<\/p>\n<p><img loading=\"lazy\" decoding=\"async\" class=\"alignnone size-full wp-image-3239\" src=\"https:\/\/www.campings.com\/fr\/content\/wp-content\/uploads\/2021\/10\/Plage-du-Veillon.jpg\" alt=\"\" width=\"1000\" height=\"665\" srcset=\"https:\/\/www.campings.com\/fr\/content\/wp-content\/uploads\/2021\/10\/Plage-du-Veillon.jpg 1000w, https:\/\/www.campings.com\/fr\/content\/wp-content\/uploads\/2021\/10\/Plage-du-Veillon-300x200.jpg 300w, https:\/\/www.campings.com\/fr\/content\/wp-content\/uploads\/2021\/10\/Plage-du-Veillon-768x511.jpg 768w, https:\/\/www.campings.com\/fr\/content\/wp-content\/uploads\/2021\/10\/Plage-du-Veillon-450x299.jpg 450w, https:\/\/www.campings.com\/fr\/content\/wp-content\/uploads\/2021\/10\/Plage-du-Veillon-430x286.jpg 430w\" sizes=\"auto, (max-width: 1000px) 100vw, 1000px\" \/><\/p>\n<h2><strong>La plage des Dames \u00e0 Noirmoutier<\/strong><\/h2>\n<p>De passage \u00e0 Noirmoutier ? Ne manquez pas la plage des Dames et son d\u00e9cor digne d\u2019une carte postale ! Entre mer transparente, pins, ch\u00eanes verts et sable fin cette plage offre un cadre idyllique. R\u00e9put\u00e9e pour ses c\u00e9l\u00e8bres cabines en bois blanc, la plage dispose de nombreux caf\u00e9s et restaurants. Ainsi, vous pourrez vous rafra\u00eechir et vous restaurer tout en profitant de la vue. La plage est accessible aux personnes \u00e0 mobilit\u00e9 r\u00e9duite.<\/p>\n<h2><strong>L\u2019Anse des Soux sur l\u2019\u00eele d\u2019Yeu<\/strong><\/h2>\n<p>Envie de vous relaxer tout en \u00e9coutant le bruit des vagues ? La plage de l\u2019Anse des Soux<strong>\u00a0<\/strong>est l\u2019endroit r\u00eav\u00e9 o\u00f9 se ressourcer. De plus, ce spot est un lieu magique pour la baignade ! Situ\u00e9e au sud de l\u2019\u00eele d\u2019Yeu, dans un cadre sauvage, cette plage est accessible uniquement \u00e0 pied. Pour parvenir jusqu\u2019\u00e0 la plus belle \u00e9tendue de sable fin, vous devrez descendre un sentier escarp\u00e9. La plage est \u00e9galement accessible en bateau. Le climat dans cette partie de la Vend\u00e9e est particuli\u00e8rement doux. N\u00e9anmoins, les baigneurs devront faire attention car la plage n\u2019est pas surveill\u00e9e. L\u2019Anse des Soux est aussi un spot incontournable pour les adeptes de plong\u00e9e sous-marine. Ils pourront admirer l\u2019incroyable diversit\u00e9 de couleurs des poissons qui peuplent les fonds marins.<\/p>\n<h2><strong>La plage de Boisvinet \u00e0 Jard-sur-Mer<\/strong><\/h2>\n<p>Cette plage de Jard-sur-Mer vous invite \u00e0 savourer tous les plaisirs baln\u00e9aires ! Avec son climat doux et sa mer cristalline, ce spot est parfait pour se ressourcer et se baigner. De plus, il est accessible aux personnes \u00e0 mobilit\u00e9 r\u00e9duite (pr\u00e9sence de tiralo). La partie est de la plage est peu fr\u00e9quent\u00e9e et sauvage, parfaite pour des moments d\u2019intimit\u00e9. L\u2019endroit est aussi tr\u00e8s appr\u00e9ci\u00e9 des amateurs de sports nautiques et de sensations fortes. Une zone sp\u00e9cialement d\u00e9di\u00e9e aux planches \u00e0 voile et aux d\u00e9riveurs leur est d\u00e9di\u00e9e.<\/p>\n<h2><strong>La plage de la Terri\u00e8re \u00e0 La Tranche sur Mer<\/strong><\/h2>\n<p>Avec ses dunes imposantes et sa for\u00eat au nord, la plage de la Terri\u00e8re, situ\u00e9e \u00e0 c\u00f4t\u00e9 de La Tranche sur Mer, a un c\u00f4t\u00e9 sauvage particuli\u00e8rement attrayant. Cette plage de sable fin, qui s\u2019\u00e9tend sur 2 km est parfaite pour se relaxer et profiter pleinement du soleil. De nombreuses activit\u00e9s peuvent \u00eatre pratiqu\u00e9es sur place : surf, char \u00e0 voile, paddle\u2026 Une zone sp\u00e9cialement destin\u00e9e aux naturistes se trouve \u00e0 300 m\u00e8tres au nord du poste de secours. Cependant, faites attention \u00e0 la baignade. Comme il s\u2019agit d\u2019une plage sauvage, elle peut \u00eatre dangereuse.<\/p>\n<h2><strong>La plage naturiste du Petit Pont \u00e0 Bretignolles-sur-Mer<\/strong><\/h2>\n<p>La plage du Petit Pont est probablement l\u2019une des plus belles plages naturistes de la r\u00e9gion. Ce lieu sauvage et pr\u00e9serv\u00e9 a su garder toute son authenticit\u00e9. En effet, aucune infrastructure n\u2019est pr\u00e9sente sur les lieux. Comme la zone n\u2019est pas surveill\u00e9e, la baignade comporte des risques. Les chiens tenus en laisse sont accept\u00e9s, \u00e0 condition qu\u2019ils ne mettent pas leurs pattes dans l\u2019eau !<\/p>\n<h2><strong>S\u00e9lection de campings \u00e0 proximit\u00e9 de la c\u00f4te Vend\u00e9enne\u00a0<\/strong><\/h2>\n<p>Pour profiter pleinement de votre s\u00e9jour en\u00a0<a href=\"https:\/\/www.campings.com\/fr\/content\/guide-vacances-vendee\/\"><u>Vend\u00e9e<\/u><\/a>, nous vous conseillons de loger \u00e0 proximit\u00e9 des plages. Voici 3 campings o\u00f9 passer des vacances les pieds dans l\u2019eau !<\/p>\n<h3><strong>Le Camping Les Dinosaures<\/strong><\/h3>\n<p>Cet \u00e9tablissement est situ\u00e9 \u00e0 800 m\u00e8tres de la plage du Veillon et \u00e0 10 minutes de la plage des Sables-d\u2019Olonne. En optant ce camping, vous pourrez vous baigner et vous balader sur la plage \u00e0 votre guise.<\/p>\n<p><a href=\"https:\/\/www.campings.com\/fr\/camping\/camping-les-dinosaures-76589\">Plus d\u2019infos sur le Camping Les Dinosaures<\/a>.<\/p>\n<h3><strong>Le Camping de Sion<\/strong><\/h3>\n<p>Ce camping offre un acc\u00e8s direct \u00e0 la plage. Il dispose de plusieurs mobil-homes confortables et adapt\u00e9s \u00e0 vos besoins. Cet \u00e9tablissement propose \u00e9galement des activit\u00e9s qui raviront petits et grands.<\/p>\n<p><a href=\"https:\/\/www.campings.com\/fr\/camping\/camping-de-sion-78284\">Plus d\u2019infos sur le Camping de Sion<\/a>.<\/p>\n<h3><strong>Le Camping Mahana by La P\u00e8ge<\/strong><\/h3>\n<p>Le Mahana by La P\u00e8ge est situ\u00e9 \u00e0 100 m\u00e8tres seulement de la plage de Saint-Hilaire-de-Riez. Il dispose d\u2019une piscine couverte accessible pendant la saison estivale.<\/p>\n<p><a href=\"https:\/\/www.campings.com\/fr\/camping\/camping-mahana-by-la-pege-78271\">Plus d\u2019infos sur le Camping Mahana by La P\u00e8ge<\/a>.<\/p>\n","protected":false},"excerpt":{"rendered":"<p>La Vend\u00e9e est la parfaite destination pour des vacances baln\u00e9aires, que ce soit en famille ou entre amis. Ce d\u00e9partement abrite les plus belles plages de la r\u00e9gion Pays de la Loire. Une aubaine pour les amateurs de baignade, de soleil et de farniente ! Avec ses 140km de plages, le littoral vend\u00e9en, sur la [&hellip;]<\/p>\n","protected":false},"author":18,"featured_media":0,"parent":3223,"menu_order":0,"comment_status":"closed","ping_status":"closed","template":"template-twocolumns.php","meta":{"_acf_changed":false,"footnotes":""},"class_list":["post-3237","page","type-page","status-publish","hentry"],"acf":[],"yoast_head":"<!-- This site is optimized with the Yoast SEO plugin v27.1.1 - https:\/\/yoast.com\/product\/yoast-seo-wordpress\/ -->\n<title>Les plus belles plages de Vend\u00e9e -<\/title>\n<meta name=\"description\" content=\"D\u00e9couvrez les plus belles plages de Vend\u00e9e, dans la r\u00e9gion pays de la Loire, o\u00f9 profiter pleinement du soleil et de la baignade en famille ou entre amis.\" \/>\n<meta name=\"robots\" content=\"index, follow, max-snippet:-1, max-image-preview:large, max-video-preview:-1\" \/>\n<link rel=\"canonical\" href=\"https:\/\/www.campings.com\/fr\/content\/guide-vacances-vendee\/plages-vendee\/\" \/>\n<meta property=\"og:locale\" content=\"fr_FR\" \/>\n<meta property=\"og:type\" content=\"article\" \/>\n<meta property=\"og:title\" content=\"Les plus belles plages de Vend\u00e9e -\" \/>\n<meta property=\"og:description\" content=\"D\u00e9couvrez les plus belles plages de Vend\u00e9e, dans la r\u00e9gion pays de la Loire, o\u00f9 profiter pleinement du soleil et de la baignade en famille ou entre amis.\" \/>\n<meta property=\"og:url\" content=\"https:\/\/www.campings.com\/fr\/content\/guide-vacances-vendee\/plages-vendee\/\" \/>\n<meta property=\"og:image\" content=\"https:\/\/www.campings.com\/fr\/content\/wp-content\/uploads\/2021\/10\/Plage-des-conches.jpg\" \/>\n\t<meta property=\"og:image:width\" content=\"1000\" \/>\n\t<meta property=\"og:image:height\" content=\"665\" \/>\n\t<meta property=\"og:image:type\" content=\"image\/jpeg\" \/>\n<meta name=\"twitter:card\" content=\"summary_large_image\" \/>\n<meta name=\"twitter:label1\" content=\"Dur\u00e9e de lecture estim\u00e9e\" \/>\n\t<meta name=\"twitter:data1\" content=\"7 minutes\" \/>\n<script type=\"application\/ld+json\" class=\"yoast-schema-graph\">{\"@context\":\"https:\/\/schema.org\",\"@graph\":[{\"@type\":\"WebPage\",\"@id\":\"https:\/\/www.campings.com\/fr\/content\/guide-vacances-vendee\/plages-vendee\/\",\"url\":\"https:\/\/www.campings.com\/fr\/content\/guide-vacances-vendee\/plages-vendee\/\",\"name\":\"Les plus belles plages de Vend\u00e9e -\",\"isPartOf\":{\"@id\":\"https:\/\/www.campings.com\/fr\/content\/#website\"},\"primaryImageOfPage\":{\"@id\":\"https:\/\/www.campings.com\/fr\/content\/guide-vacances-vendee\/plages-vendee\/#primaryimage\"},\"image\":{\"@id\":\"https:\/\/www.campings.com\/fr\/content\/guide-vacances-vendee\/plages-vendee\/#primaryimage\"},\"thumbnailUrl\":\"https:\/\/www.campings.com\/fr\/content\/wp-content\/uploads\/2021\/10\/Plage-des-conches.jpg\",\"datePublished\":\"2021-10-07T17:08:41+00:00\",\"description\":\"D\u00e9couvrez les plus belles plages de Vend\u00e9e, dans la r\u00e9gion pays de la Loire, o\u00f9 profiter pleinement du soleil et de la baignade en famille ou entre amis.\",\"breadcrumb\":{\"@id\":\"https:\/\/www.campings.com\/fr\/content\/guide-vacances-vendee\/plages-vendee\/#breadcrumb\"},\"inLanguage\":\"fr-FR\",\"potentialAction\":[{\"@type\":\"ReadAction\",\"target\":[\"https:\/\/www.campings.com\/fr\/content\/guide-vacances-vendee\/plages-vendee\/\"]}]},{\"@type\":\"ImageObject\",\"inLanguage\":\"fr-FR\",\"@id\":\"https:\/\/www.campings.com\/fr\/content\/guide-vacances-vendee\/plages-vendee\/#primaryimage\",\"url\":\"https:\/\/www.campings.com\/fr\/content\/wp-content\/uploads\/2021\/10\/Plage-des-conches.jpg\",\"contentUrl\":\"https:\/\/www.campings.com\/fr\/content\/wp-content\/uploads\/2021\/10\/Plage-des-conches.jpg\",\"width\":1000,\"height\":665},{\"@type\":\"BreadcrumbList\",\"@id\":\"https:\/\/www.campings.com\/fr\/content\/guide-vacances-vendee\/plages-vendee\/#breadcrumb\",\"itemListElement\":[{\"@type\":\"ListItem\",\"position\":1,\"name\":\"Home\",\"item\":\"https:\/\/www.campings.com\/fr\/content\/\"},{\"@type\":\"ListItem\",\"position\":2,\"name\":\"Le guide de vos vacances en Vend\u00e9e\",\"item\":\"https:\/\/www.campings.com\/fr\/content\/guide-vacances-vendee\/\"},{\"@type\":\"ListItem\",\"position\":3,\"name\":\"Les plus belles plages de Vend\u00e9e\"}]},{\"@type\":\"WebSite\",\"@id\":\"https:\/\/www.campings.com\/fr\/content\/#website\",\"url\":\"https:\/\/www.campings.com\/fr\/content\/\",\"name\":\"\",\"description\":\"\",\"publisher\":{\"@id\":\"https:\/\/www.campings.com\/fr\/content\/#organization\"},\"potentialAction\":[{\"@type\":\"SearchAction\",\"target\":{\"@type\":\"EntryPoint\",\"urlTemplate\":\"https:\/\/www.campings.com\/fr\/content\/?s={search_term_string}\"},\"query-input\":{\"@type\":\"PropertyValueSpecification\",\"valueRequired\":true,\"valueName\":\"search_term_string\"}}],\"inLanguage\":\"fr-FR\"},{\"@type\":\"Organization\",\"@id\":\"https:\/\/www.campings.com\/fr\/content\/#organization\",\"name\":\"CAMPINGS.COM\",\"url\":\"https:\/\/www.campings.com\/fr\/content\/\",\"logo\":{\"@type\":\"ImageObject\",\"inLanguage\":\"fr-FR\",\"@id\":\"https:\/\/www.campings.com\/fr\/content\/#\/schema\/logo\/image\/\",\"url\":\"https:\/\/www.campings.com\/fr\/content\/wp-content\/uploads\/2019\/01\/cropped-logo-1.png\",\"contentUrl\":\"https:\/\/www.campings.com\/fr\/content\/wp-content\/uploads\/2019\/01\/cropped-logo-1.png\",\"width\":174,\"height\":42,\"caption\":\"CAMPINGS.COM\"},\"image\":{\"@id\":\"https:\/\/www.campings.com\/fr\/content\/#\/schema\/logo\/image\/\"}}]}<\/script>\n<!-- \/ Yoast SEO plugin. -->","yoast_head_json":{"title":"Les plus belles plages de Vend\u00e9e -","description":"D\u00e9couvrez les plus belles plages de Vend\u00e9e, dans la r\u00e9gion pays de la Loire, o\u00f9 profiter pleinement du soleil et de la baignade en famille ou entre amis.","robots":{"index":"index","follow":"follow","max-snippet":"max-snippet:-1","max-image-preview":"max-image-preview:large","max-video-preview":"max-video-preview:-1"},"canonical":"https:\/\/www.campings.com\/fr\/content\/guide-vacances-vendee\/plages-vendee\/","og_locale":"fr_FR","og_type":"article","og_title":"Les plus belles plages de Vend\u00e9e -","og_description":"D\u00e9couvrez les plus belles plages de Vend\u00e9e, dans la r\u00e9gion pays de la Loire, o\u00f9 profiter pleinement du soleil et de la baignade en famille ou entre amis.","og_url":"https:\/\/www.campings.com\/fr\/content\/guide-vacances-vendee\/plages-vendee\/","og_image":[{"width":1000,"height":665,"url":"https:\/\/www.campings.com\/fr\/content\/wp-content\/uploads\/2021\/10\/Plage-des-conches.jpg","type":"image\/jpeg"}],"twitter_card":"summary_large_image","twitter_misc":{"Dur\u00e9e de lecture estim\u00e9e":"7 minutes"},"schema":{"@context":"https:\/\/schema.org","@graph":[{"@type":"WebPage","@id":"https:\/\/www.campings.com\/fr\/content\/guide-vacances-vendee\/plages-vendee\/","url":"https:\/\/www.campings.com\/fr\/content\/guide-vacances-vendee\/plages-vendee\/","name":"Les plus belles plages de Vend\u00e9e -","isPartOf":{"@id":"https:\/\/www.campings.com\/fr\/content\/#website"},"primaryImageOfPage":{"@id":"https:\/\/www.campings.com\/fr\/content\/guide-vacances-vendee\/plages-vendee\/#primaryimage"},"image":{"@id":"https:\/\/www.campings.com\/fr\/content\/guide-vacances-vendee\/plages-vendee\/#primaryimage"},"thumbnailUrl":"https:\/\/www.campings.com\/fr\/content\/wp-content\/uploads\/2021\/10\/Plage-des-conches.jpg","datePublished":"2021-10-07T17:08:41+00:00","description":"D\u00e9couvrez les plus belles plages de Vend\u00e9e, dans la r\u00e9gion pays de la Loire, o\u00f9 profiter pleinement du soleil et de la baignade en famille ou entre amis.","breadcrumb":{"@id":"https:\/\/www.campings.com\/fr\/content\/guide-vacances-vendee\/plages-vendee\/#breadcrumb"},"inLanguage":"fr-FR","potentialAction":[{"@type":"ReadAction","target":["https:\/\/www.campings.com\/fr\/content\/guide-vacances-vendee\/plages-vendee\/"]}]},{"@type":"ImageObject","inLanguage":"fr-FR","@id":"https:\/\/www.campings.com\/fr\/content\/guide-vacances-vendee\/plages-vendee\/#primaryimage","url":"https:\/\/www.campings.com\/fr\/content\/wp-content\/uploads\/2021\/10\/Plage-des-conches.jpg","contentUrl":"https:\/\/www.campings.com\/fr\/content\/wp-content\/uploads\/2021\/10\/Plage-des-conches.jpg","width":1000,"height":665},{"@type":"BreadcrumbList","@id":"https:\/\/www.campings.com\/fr\/content\/guide-vacances-vendee\/plages-vendee\/#breadcrumb","itemListElement":[{"@type":"ListItem","position":1,"name":"Home","item":"https:\/\/www.campings.com\/fr\/content\/"},{"@type":"ListItem","position":2,"name":"Le guide de vos vacances en Vend\u00e9e","item":"https:\/\/www.campings.com\/fr\/content\/guide-vacances-vendee\/"},{"@type":"ListItem","position":3,"name":"Les plus belles plages de Vend\u00e9e"}]},{"@type":"WebSite","@id":"https:\/\/www.campings.com\/fr\/content\/#website","url":"https:\/\/www.campings.com\/fr\/content\/","name":"","description":"","publisher":{"@id":"https:\/\/www.campings.com\/fr\/content\/#organization"},"potentialAction":[{"@type":"SearchAction","target":{"@type":"EntryPoint","urlTemplate":"https:\/\/www.campings.com\/fr\/content\/?s={search_term_string}"},"query-input":{"@type":"PropertyValueSpecification","valueRequired":true,"valueName":"search_term_string"}}],"inLanguage":"fr-FR"},{"@type":"Organization","@id":"https:\/\/www.campings.com\/fr\/content\/#organization","name":"CAMPINGS.COM","url":"https:\/\/www.campings.com\/fr\/content\/","logo":{"@type":"ImageObject","inLanguage":"fr-FR","@id":"https:\/\/www.campings.com\/fr\/content\/#\/schema\/logo\/image\/","url":"https:\/\/www.campings.com\/fr\/content\/wp-content\/uploads\/2019\/01\/cropped-logo-1.png","contentUrl":"https:\/\/www.campings.com\/fr\/content\/wp-content\/uploads\/2019\/01\/cropped-logo-1.png","width":174,"height":42,"caption":"CAMPINGS.COM"},"image":{"@id":"https:\/\/www.campings.com\/fr\/content\/#\/schema\/logo\/image\/"}}]}},"_links":{"self":[{"href":"https:\/\/www.campings.com\/fr\/content\/wp-json\/wp\/v2\/pages\/3237","targetHints":{"allow":["GET"]}}],"collection":[{"href":"https:\/\/www.campings.com\/fr\/content\/wp-json\/wp\/v2\/pages"}],"about":[{"href":"https:\/\/www.campings.com\/fr\/content\/wp-json\/wp\/v2\/types\/page"}],"author":[{"embeddable":true,"href":"https:\/\/www.campings.com\/fr\/content\/wp-json\/wp\/v2\/users\/18"}],"replies":[{"embeddable":true,"href":"https:\/\/www.campings.com\/fr\/content\/wp-json\/wp\/v2\/comments?post=3237"}],"version-history":[{"count":1,"href":"https:\/\/www.campings.com\/fr\/content\/wp-json\/wp\/v2\/pages\/3237\/revisions"}],"predecessor-version":[{"id":3240,"href":"https:\/\/www.campings.com\/fr\/content\/wp-json\/wp\/v2\/pages\/3237\/revisions\/3240"}],"up":[{"embeddable":true,"href":"https:\/\/www.campings.com\/fr\/content\/wp-json\/wp\/v2\/pages\/3223"}],"wp:attachment":[{"href":"https:\/\/www.campings.com\/fr\/content\/wp-json\/wp\/v2\/media?parent=3237"}],"curies":[{"name":"wp","href":"https:\/\/api.w.org\/{rel}","templated":true}]}}