{"id":3233,"date":"2021-10-07T17:02:29","date_gmt":"2021-10-07T17:02:29","guid":{"rendered":"https:\/\/www.campings.com\/fr\/content\/?page_id=3233"},"modified":"2021-10-07T17:02:29","modified_gmt":"2021-10-07T17:02:29","slug":"marches-vendee","status":"publish","type":"page","link":"https:\/\/www.campings.com\/fr\/content\/guide-vacances-vendee\/marches-vendee\/","title":{"rendered":"Les march\u00e9s de Vend\u00e9e \u00e0 ne pas manquer"},"content":{"rendered":"<p>De passage en Vend\u00e9e pendant vos vacances ? Ne manquez pas de d\u00e9couvrir les nombreux march\u00e9s et leurs \u00e9tals color\u00e9s. Vous y d\u00e9couvrirez tous les produits du terroir et de l\u2019artisanat qui font la renomm\u00e9e de la r\u00e9gion.<\/p>\n<p>La\u00a0<a href=\"https:\/\/www.campings.com\/fr\/content\/guide-vacances-vendee\/\"><u>Vend\u00e9e<\/u>\u00a0<\/a>est r\u00e9put\u00e9e pour ses innombrables produits du terroir. Le vin Fiefs-vend\u00e9ens AOC, les sardines de Saint Gilles Croix de Vie, la mogette vend\u00e9enne\u2026 Autant de produits entre terre et mer \u00e0 d\u00e9couvrir dans les march\u00e9s. Voici notre s\u00e9lection des meilleurs march\u00e9s o\u00f9 trouver ces petites merveilles pendant vos vacances dans la r\u00e9gion.<\/p>\n<h2><strong>Le grand march\u00e9 des Halles Centrales des Sables-d\u2019Olonne\u00a0<\/strong><\/h2>\n<p>Le march\u00e9 des Halles Centrales aux Sables-d\u2019Olonne se tient tout au long de l\u2019ann\u00e9e. Situ\u00e9 en plein centre-ville, entre la plage et le port, ce march\u00e9 regroupe 80 \u00e9tals de produits locaux tr\u00e8s vari\u00e9s. Fromages, charcuteries, pains, g\u00e2teaux\u2026 tout a \u00e9t\u00e9 pens\u00e9 pour combler vos papilles de plaisir. Ce grand march\u00e9 des Sables d\u2019Olonne est ouvert tous les jours, entre 8h et 13h. Un parking gratuit est situ\u00e9 \u00e0 proximit\u00e9.<\/p>\n<h2><strong>Le march\u00e9 de la Tranche-sur-Mer<\/strong><\/h2>\n<p>Ce march\u00e9 qui a lieu tous les mardis et samedis matin offre une belle occasion de rencontrer les producteurs locaux. Ces derniers se feront un plaisir de vous pr\u00e9senter leurs produits frais 100% locaux. Vous pourrez d\u00e9guster les diff\u00e9rentes sp\u00e9cialit\u00e9s vend\u00e9ennes comme la salicorne, le pr\u00e9fou, la troussepinette&#8230;<\/p>\n<h2><strong>Le march\u00e9 de Jard-sur-Mer le lundi matin\u00a0<\/strong><\/h2>\n<p>Le march\u00e9 de Jard-sur-Mer se tient tous les lundis matin sur la place des Ormeaux o\u00f9 pr\u00e8s de 150 commer\u00e7ants vous accueilleront. Un large choix de produits frais et de saison est propos\u00e9. Une belle occasion de rencontrer les habitants et de s\u2019immerger dans leur quotidien.<\/p>\n<p><img loading=\"lazy\" decoding=\"async\" class=\"alignnone size-full wp-image-3234\" src=\"https:\/\/www.campings.com\/fr\/content\/wp-content\/uploads\/2021\/10\/march\u00e9-1.jpg\" alt=\"\" width=\"1000\" height=\"665\" srcset=\"https:\/\/www.campings.com\/fr\/content\/wp-content\/uploads\/2021\/10\/march\u00e9-1.jpg 1000w, https:\/\/www.campings.com\/fr\/content\/wp-content\/uploads\/2021\/10\/march\u00e9-1-300x200.jpg 300w, https:\/\/www.campings.com\/fr\/content\/wp-content\/uploads\/2021\/10\/march\u00e9-1-768x511.jpg 768w, https:\/\/www.campings.com\/fr\/content\/wp-content\/uploads\/2021\/10\/march\u00e9-1-450x299.jpg 450w, https:\/\/www.campings.com\/fr\/content\/wp-content\/uploads\/2021\/10\/march\u00e9-1-430x286.jpg 430w\" sizes=\"auto, (max-width: 1000px) 100vw, 1000px\" \/><\/p>\n<h2><strong>Le march\u00e9 sous les Halles de Longeville-sur-Mer\u00a0<\/strong><\/h2>\n<p>Ce march\u00e9 hebdomadaire se tient tous les vendredis sur la place de l\u2019\u00e9glise. Les commer\u00e7ants y exposent des produits tr\u00e8s vari\u00e9s : fruits et l\u00e9gumes, fleurs, miel\u2026 vous trouverez tout ce dont vous avez besoin ! Durant la saison estivale, ce march\u00e9 incontournable de\u00a0<a href=\"https:\/\/www.campings.com\/fr\/content\/guide-vacances-vendee\/\"><u>Vend\u00e9e<\/u>\u00a0<\/a>s\u2019\u00e9tend sur le centre-bourg les lundis et les vendredis matin.<\/p>\n<h2><strong>Les halles couvertes de Challans\u00a0<\/strong><\/h2>\n<p>Si vous \u00eates de passage dans la ville de Challans, ne manquez pas de faire un saut dans les halles couvertes. Les mardis, vendredis et samedis entre 8h30 et 13h, plus de 300 commer\u00e7ants proposent leurs produits et sp\u00e9cialit\u00e9s. Vous y trouverez des v\u00eatements, des objets d\u2019artisanat, des denr\u00e9es alimentaires.<\/p>\n<h2><strong>Le march\u00e9 nocturne d\u2019\u00e9t\u00e9 de Saint-Jean-de-Monts\u00a0<\/strong><\/h2>\n<p>\u00c0 Saint-Jean-de-Monts, ce march\u00e9 estival nocturne est une bonne occasion de trouver des produits vari\u00e9s : cadeaux, gourmandises, produits locaux\u2026 Ce march\u00e9 est situ\u00e9 \u00e0 c\u00f4t\u00e9 du Th\u00e9\u00e2tre de verdure dans l\u2019un des quartiers les plus anim\u00e9s de Saint-Jean-de Monts.<\/p>\n<h2><strong>Le march\u00e9 couvert de Talmont-Saint-Hilaire<\/strong><\/h2>\n<p>Ce march\u00e9 couvert est accessible le mardi, jeudi et samedi matin pendant toute l\u2019ann\u00e9e. Sur place, 11 commer\u00e7ants vous accueilleront avec le sourire. Vous y d\u00e9couvrirez des sp\u00e9cialit\u00e9s locales tr\u00e8s vari\u00e9es : viennoiseries, charcuterie, fromages, chocolats, fleurs\u2026<\/p>\n<p><img loading=\"lazy\" decoding=\"async\" class=\"alignnone size-full wp-image-3235\" src=\"https:\/\/www.campings.com\/fr\/content\/wp-content\/uploads\/2021\/10\/march\u00e9-2.jpg\" alt=\"\" width=\"1000\" height=\"665\" srcset=\"https:\/\/www.campings.com\/fr\/content\/wp-content\/uploads\/2021\/10\/march\u00e9-2.jpg 1000w, https:\/\/www.campings.com\/fr\/content\/wp-content\/uploads\/2021\/10\/march\u00e9-2-300x200.jpg 300w, https:\/\/www.campings.com\/fr\/content\/wp-content\/uploads\/2021\/10\/march\u00e9-2-768x511.jpg 768w, https:\/\/www.campings.com\/fr\/content\/wp-content\/uploads\/2021\/10\/march\u00e9-2-450x299.jpg 450w, https:\/\/www.campings.com\/fr\/content\/wp-content\/uploads\/2021\/10\/march\u00e9-2-430x286.jpg 430w\" sizes=\"auto, (max-width: 1000px) 100vw, 1000px\" \/><\/p>\n<h2><strong>S\u00e9lection de campings<\/strong><\/h2>\n<p>Vous souhaitez programmer un s\u00e9jour en\u00a0<a href=\"https:\/\/www.campings.com\/fr\/content\/guide-vacances-vendee\/\"><u>Vend\u00e9e<\/u>\u00a0<\/a>? Nous avons s\u00e9lectionn\u00e9 ces trois campings tous situ\u00e9s \u00e0 proximit\u00e9 des march\u00e9s de la r\u00e9gion.<\/p>\n<h3><strong>Camping L\u2019Atlantique<\/strong><\/h3>\n<p>Cet \u00e9tablissement, situ\u00e9 \u00e0 Angles, vous permettra d\u2019acc\u00e9der aux march\u00e9s de Vend\u00e9e \u00e0 pied ou \u00e0 v\u00e9lo. Il propose des mobil-homes confortables et spacieux pour passer un s\u00e9jour en couple ou en famille. Les nombreuses infrastructures et \u00e9quipements sur place vous permettront de passer un s\u00e9jour agr\u00e9able.<\/p>\n<p><a href=\"https:\/\/www.campings.com\/fr\/camping\/camping-latlantique-76528\">Plus d\u2019infos sur le Camping L\u2019Atlantique<\/a>.<\/p>\n<h3><strong>Camping Beauch\u00eane<\/strong><\/h3>\n<p>Ce camping, situ\u00e9 \u00e0 Avrill\u00e9, permet \u00e9galement d\u2019acc\u00e9der rapidement aux march\u00e9s de Vend\u00e9e. Cet \u00e9tablissement propose de nombreux services : restaurant, \u00e9picerie, d\u00e9p\u00f4t de pain\u2026 Vous pouvez aussi y pratiquer de nombreuses activit\u00e9s divertissantes et ludiques : tennis de table, p\u00e9tanque, piscine, etc.<\/p>\n<p><a href=\"https:\/\/www.campings.com\/fr\/camping\/camping-beauchene-76808\">Plus d\u2019infos sur le Camping Beauch\u00eane<\/a>.<\/p>\n<h3><strong>Camping Bel Air<\/strong><\/h3>\n<p>Le camping Bel Air se trouve pr\u00e8s du march\u00e9 des Halles Centrales des Sables-d\u2019Olonne. Il regroupe plusieurs mobil-homes confortables, parfaitement adapt\u00e9s aux familles. De plus, cet \u00e9tablissement est situ\u00e9 \u00e0 3km de la mer seulement.<\/p>\n<p><a href=\"https:\/\/www.campings.com\/fr\/camping\/camping-bel-air-77651\">Plus d\u2019infos sur le Camping Bel Air<\/a>.<\/p>\n","protected":false},"excerpt":{"rendered":"<p>De passage en Vend\u00e9e pendant vos vacances ? Ne manquez pas de d\u00e9couvrir les nombreux march\u00e9s et leurs \u00e9tals color\u00e9s. Vous y d\u00e9couvrirez tous les produits du terroir et de l\u2019artisanat qui font la renomm\u00e9e de la r\u00e9gion. La\u00a0Vend\u00e9e\u00a0est r\u00e9put\u00e9e pour ses innombrables produits du terroir. Le vin Fiefs-vend\u00e9ens AOC, les sardines de Saint Gilles [&hellip;]<\/p>\n","protected":false},"author":18,"featured_media":0,"parent":3223,"menu_order":0,"comment_status":"closed","ping_status":"closed","template":"template-twocolumns.php","meta":{"_acf_changed":false,"footnotes":""},"class_list":["post-3233","page","type-page","status-publish","hentry"],"acf":[],"yoast_head":"<!-- This site is optimized with the Yoast SEO plugin v27.1.1 - https:\/\/yoast.com\/product\/yoast-seo-wordpress\/ -->\n<title>Les march\u00e9s de Vend\u00e9e \u00e0 ne pas manquer -<\/title>\n<meta name=\"description\" content=\"D\u00e9couvrez les meilleurs march\u00e9s de Vend\u00e9e, o\u00f9 vous pourrez d\u00e9couvrir les nombreux produits de terroir et d\u00e9nicher des cadeaux \u00e0 ramener \u00e0 vos proches.\" \/>\n<meta name=\"robots\" content=\"index, follow, max-snippet:-1, max-image-preview:large, max-video-preview:-1\" \/>\n<link rel=\"canonical\" href=\"https:\/\/www.campings.com\/fr\/content\/guide-vacances-vendee\/marches-vendee\/\" \/>\n<meta property=\"og:locale\" content=\"fr_FR\" \/>\n<meta property=\"og:type\" content=\"article\" \/>\n<meta property=\"og:title\" content=\"Les march\u00e9s de Vend\u00e9e \u00e0 ne pas manquer -\" \/>\n<meta property=\"og:description\" content=\"D\u00e9couvrez les meilleurs march\u00e9s de Vend\u00e9e, o\u00f9 vous pourrez d\u00e9couvrir les nombreux produits de terroir et d\u00e9nicher des cadeaux \u00e0 ramener \u00e0 vos proches.\" \/>\n<meta property=\"og:url\" content=\"https:\/\/www.campings.com\/fr\/content\/guide-vacances-vendee\/marches-vendee\/\" \/>\n<meta name=\"twitter:card\" content=\"summary_large_image\" \/>\n<meta name=\"twitter:label1\" content=\"Dur\u00e9e de lecture estim\u00e9e\" \/>\n\t<meta name=\"twitter:data1\" content=\"4 minutes\" \/>\n<script type=\"application\/ld+json\" class=\"yoast-schema-graph\">{\"@context\":\"https:\/\/schema.org\",\"@graph\":[{\"@type\":\"WebPage\",\"@id\":\"https:\/\/www.campings.com\/fr\/content\/guide-vacances-vendee\/marches-vendee\/\",\"url\":\"https:\/\/www.campings.com\/fr\/content\/guide-vacances-vendee\/marches-vendee\/\",\"name\":\"Les march\u00e9s de Vend\u00e9e \u00e0 ne pas manquer -\",\"isPartOf\":{\"@id\":\"https:\/\/www.campings.com\/fr\/content\/#website\"},\"datePublished\":\"2021-10-07T17:02:29+00:00\",\"description\":\"D\u00e9couvrez les meilleurs march\u00e9s de Vend\u00e9e, o\u00f9 vous pourrez d\u00e9couvrir les nombreux produits de terroir et d\u00e9nicher des cadeaux \u00e0 ramener \u00e0 vos proches.\",\"breadcrumb\":{\"@id\":\"https:\/\/www.campings.com\/fr\/content\/guide-vacances-vendee\/marches-vendee\/#breadcrumb\"},\"inLanguage\":\"fr-FR\",\"potentialAction\":[{\"@type\":\"ReadAction\",\"target\":[\"https:\/\/www.campings.com\/fr\/content\/guide-vacances-vendee\/marches-vendee\/\"]}]},{\"@type\":\"BreadcrumbList\",\"@id\":\"https:\/\/www.campings.com\/fr\/content\/guide-vacances-vendee\/marches-vendee\/#breadcrumb\",\"itemListElement\":[{\"@type\":\"ListItem\",\"position\":1,\"name\":\"Home\",\"item\":\"https:\/\/www.campings.com\/fr\/content\/\"},{\"@type\":\"ListItem\",\"position\":2,\"name\":\"Le guide de vos vacances en Vend\u00e9e\",\"item\":\"https:\/\/www.campings.com\/fr\/content\/guide-vacances-vendee\/\"},{\"@type\":\"ListItem\",\"position\":3,\"name\":\"Les march\u00e9s de Vend\u00e9e \u00e0 ne pas manquer\"}]},{\"@type\":\"WebSite\",\"@id\":\"https:\/\/www.campings.com\/fr\/content\/#website\",\"url\":\"https:\/\/www.campings.com\/fr\/content\/\",\"name\":\"\",\"description\":\"\",\"publisher\":{\"@id\":\"https:\/\/www.campings.com\/fr\/content\/#organization\"},\"potentialAction\":[{\"@type\":\"SearchAction\",\"target\":{\"@type\":\"EntryPoint\",\"urlTemplate\":\"https:\/\/www.campings.com\/fr\/content\/?s={search_term_string}\"},\"query-input\":{\"@type\":\"PropertyValueSpecification\",\"valueRequired\":true,\"valueName\":\"search_term_string\"}}],\"inLanguage\":\"fr-FR\"},{\"@type\":\"Organization\",\"@id\":\"https:\/\/www.campings.com\/fr\/content\/#organization\",\"name\":\"CAMPINGS.COM\",\"url\":\"https:\/\/www.campings.com\/fr\/content\/\",\"logo\":{\"@type\":\"ImageObject\",\"inLanguage\":\"fr-FR\",\"@id\":\"https:\/\/www.campings.com\/fr\/content\/#\/schema\/logo\/image\/\",\"url\":\"https:\/\/www.campings.com\/fr\/content\/wp-content\/uploads\/2019\/01\/cropped-logo-1.png\",\"contentUrl\":\"https:\/\/www.campings.com\/fr\/content\/wp-content\/uploads\/2019\/01\/cropped-logo-1.png\",\"width\":174,\"height\":42,\"caption\":\"CAMPINGS.COM\"},\"image\":{\"@id\":\"https:\/\/www.campings.com\/fr\/content\/#\/schema\/logo\/image\/\"}}]}<\/script>\n<!-- \/ Yoast SEO plugin. -->","yoast_head_json":{"title":"Les march\u00e9s de Vend\u00e9e \u00e0 ne pas manquer -","description":"D\u00e9couvrez les meilleurs march\u00e9s de Vend\u00e9e, o\u00f9 vous pourrez d\u00e9couvrir les nombreux produits de terroir et d\u00e9nicher des cadeaux \u00e0 ramener \u00e0 vos proches.","robots":{"index":"index","follow":"follow","max-snippet":"max-snippet:-1","max-image-preview":"max-image-preview:large","max-video-preview":"max-video-preview:-1"},"canonical":"https:\/\/www.campings.com\/fr\/content\/guide-vacances-vendee\/marches-vendee\/","og_locale":"fr_FR","og_type":"article","og_title":"Les march\u00e9s de Vend\u00e9e \u00e0 ne pas manquer -","og_description":"D\u00e9couvrez les meilleurs march\u00e9s de Vend\u00e9e, o\u00f9 vous pourrez d\u00e9couvrir les nombreux produits de terroir et d\u00e9nicher des cadeaux \u00e0 ramener \u00e0 vos proches.","og_url":"https:\/\/www.campings.com\/fr\/content\/guide-vacances-vendee\/marches-vendee\/","twitter_card":"summary_large_image","twitter_misc":{"Dur\u00e9e de lecture estim\u00e9e":"4 minutes"},"schema":{"@context":"https:\/\/schema.org","@graph":[{"@type":"WebPage","@id":"https:\/\/www.campings.com\/fr\/content\/guide-vacances-vendee\/marches-vendee\/","url":"https:\/\/www.campings.com\/fr\/content\/guide-vacances-vendee\/marches-vendee\/","name":"Les march\u00e9s de Vend\u00e9e \u00e0 ne pas manquer -","isPartOf":{"@id":"https:\/\/www.campings.com\/fr\/content\/#website"},"datePublished":"2021-10-07T17:02:29+00:00","description":"D\u00e9couvrez les meilleurs march\u00e9s de Vend\u00e9e, o\u00f9 vous pourrez d\u00e9couvrir les nombreux produits de terroir et d\u00e9nicher des cadeaux \u00e0 ramener \u00e0 vos proches.","breadcrumb":{"@id":"https:\/\/www.campings.com\/fr\/content\/guide-vacances-vendee\/marches-vendee\/#breadcrumb"},"inLanguage":"fr-FR","potentialAction":[{"@type":"ReadAction","target":["https:\/\/www.campings.com\/fr\/content\/guide-vacances-vendee\/marches-vendee\/"]}]},{"@type":"BreadcrumbList","@id":"https:\/\/www.campings.com\/fr\/content\/guide-vacances-vendee\/marches-vendee\/#breadcrumb","itemListElement":[{"@type":"ListItem","position":1,"name":"Home","item":"https:\/\/www.campings.com\/fr\/content\/"},{"@type":"ListItem","position":2,"name":"Le guide de vos vacances en Vend\u00e9e","item":"https:\/\/www.campings.com\/fr\/content\/guide-vacances-vendee\/"},{"@type":"ListItem","position":3,"name":"Les march\u00e9s de Vend\u00e9e \u00e0 ne pas manquer"}]},{"@type":"WebSite","@id":"https:\/\/www.campings.com\/fr\/content\/#website","url":"https:\/\/www.campings.com\/fr\/content\/","name":"","description":"","publisher":{"@id":"https:\/\/www.campings.com\/fr\/content\/#organization"},"potentialAction":[{"@type":"SearchAction","target":{"@type":"EntryPoint","urlTemplate":"https:\/\/www.campings.com\/fr\/content\/?s={search_term_string}"},"query-input":{"@type":"PropertyValueSpecification","valueRequired":true,"valueName":"search_term_string"}}],"inLanguage":"fr-FR"},{"@type":"Organization","@id":"https:\/\/www.campings.com\/fr\/content\/#organization","name":"CAMPINGS.COM","url":"https:\/\/www.campings.com\/fr\/content\/","logo":{"@type":"ImageObject","inLanguage":"fr-FR","@id":"https:\/\/www.campings.com\/fr\/content\/#\/schema\/logo\/image\/","url":"https:\/\/www.campings.com\/fr\/content\/wp-content\/uploads\/2019\/01\/cropped-logo-1.png","contentUrl":"https:\/\/www.campings.com\/fr\/content\/wp-content\/uploads\/2019\/01\/cropped-logo-1.png","width":174,"height":42,"caption":"CAMPINGS.COM"},"image":{"@id":"https:\/\/www.campings.com\/fr\/content\/#\/schema\/logo\/image\/"}}]}},"_links":{"self":[{"href":"https:\/\/www.campings.com\/fr\/content\/wp-json\/wp\/v2\/pages\/3233","targetHints":{"allow":["GET"]}}],"collection":[{"href":"https:\/\/www.campings.com\/fr\/content\/wp-json\/wp\/v2\/pages"}],"about":[{"href":"https:\/\/www.campings.com\/fr\/content\/wp-json\/wp\/v2\/types\/page"}],"author":[{"embeddable":true,"href":"https:\/\/www.campings.com\/fr\/content\/wp-json\/wp\/v2\/users\/18"}],"replies":[{"embeddable":true,"href":"https:\/\/www.campings.com\/fr\/content\/wp-json\/wp\/v2\/comments?post=3233"}],"version-history":[{"count":1,"href":"https:\/\/www.campings.com\/fr\/content\/wp-json\/wp\/v2\/pages\/3233\/revisions"}],"predecessor-version":[{"id":3236,"href":"https:\/\/www.campings.com\/fr\/content\/wp-json\/wp\/v2\/pages\/3233\/revisions\/3236"}],"up":[{"embeddable":true,"href":"https:\/\/www.campings.com\/fr\/content\/wp-json\/wp\/v2\/pages\/3223"}],"wp:attachment":[{"href":"https:\/\/www.campings.com\/fr\/content\/wp-json\/wp\/v2\/media?parent=3233"}],"curies":[{"name":"wp","href":"https:\/\/api.w.org\/{rel}","templated":true}]}}