{"id":3223,"date":"2021-10-07T16:47:46","date_gmt":"2021-10-07T16:47:46","guid":{"rendered":"https:\/\/www.campings.com\/fr\/content\/?page_id=3223"},"modified":"2021-10-08T14:23:39","modified_gmt":"2021-10-08T14:23:39","slug":"guide-vacances-vendee","status":"publish","type":"page","link":"https:\/\/www.campings.com\/fr\/content\/guide-vacances-vendee\/","title":{"rendered":"Le guide de vos vacances en Vend\u00e9e"},"content":{"rendered":"<p>La Vend\u00e9e figure parmi les meilleures destinations de vacances en France. Avec ses plages et ses for\u00eats, ce d\u00e9partement des Pays de la Loire vous promet un s\u00e9jour inoubliable !<\/p>\n<p>Sur le littoral Atlantique, la\u00a0<a href=\"https:\/\/www.campings.com\/fr\/france\/pays-de-la-loire\/vendee\">Vend\u00e9e<\/a>\u00a0est un d\u00e9partement qui jouit d\u2019un microclimat ensoleill\u00e9, tr\u00e8s pris\u00e9 en \u00e9t\u00e9. Avec ses stations baln\u00e9aires, ses paysages entre mer et for\u00eats, son patrimoine architectural, la Vend\u00e9e s\u00e9duit tous les visiteurs. Que vous soyez en qu\u00eate de d\u00e9paysement, de vacances culturelles ou d\u2019activit\u00e9s nautiques, il y en a pour tous les go\u00fbts. D\u00e9couvrez un d\u00e9partement aux mille facettes, abritant de nombreuses merveilles !<\/p>\n<h2><strong>Les lieux d\u2019int\u00e9r\u00eats \u00e0 d\u00e9couvrir pour des vacances insolites en Vend\u00e9e<\/strong><\/h2>\n<p>Voici une s\u00e9lection de lieux \u00e0 visiter lors de votre s\u00e9jour en Vend\u00e9e :<\/p>\n<h3><strong>Les plus belles plages<\/strong><\/h3>\n<p>Envie de baignade et de farniente ? Partez \u00e0 la d\u00e9couverte des <a href=\"https:\/\/www.campings.com\/fr\/content\/guide-vacances-vendee\/plages-vendee\/\"><u>magnifiques plages<\/u><\/a> de sable fin de Vend\u00e9e ! D\u00e9couvrez notre s\u00e9lection des meilleurs spots du d\u00e9partement :<\/p>\n<ul>\n<li>La plage des Demoiselles est situ\u00e9e sur l\u2019Esplanade de la mer \u00e0 Saint-Hilaire-de-Riez. Ce spot combine un c\u00f4t\u00e9 urbain au nord et plus sauvage au sud ;<\/li>\n<li>La plage des Conches \u00e0 Longeville-sur-Mer est bord\u00e9e par une for\u00eat domaniale et d\u2019imposantes dunes;<\/li>\n<li>La plage sauvage du Sauveterre, \u00e0 Olonne-sur-Mer ;<\/li>\n<li>La Grande plage des Sables d\u2019Olonne et sa mer bleue turquoise;<\/li>\n<li>La plage du Veillon, \u00e0 Talmont Saint Hilaire est l\u2019un des spots les plus sauvages de Vend\u00e9e;<\/li>\n<li>La plage paradisiaque des Dames \u00e0 Noirmoutier ;<\/li>\n<li>L\u2019Anse des Soux, une plage idyllique situ\u00e9e sur l\u2019\u00eele d\u2019Yeu ;<\/li>\n<li>La plage peu fr\u00e9quent\u00e9e de Boisvinet \u00e0 Jard-sur-Mer ;<\/li>\n<li>La plage de la Terri\u00e8re et son \u00e9tendue de sable fin \u00e0 La Tranche-sur-Mer ;<\/li>\n<li>La plage naturiste du Petit Pont \u00e0 Bretignolles-sur-Mer est l\u2019un des spots naturistes les plus populaires de Vend\u00e9e.<\/li>\n<\/ul>\n<p><img loading=\"lazy\" decoding=\"async\" class=\"alignnone size-full wp-image-3224\" src=\"https:\/\/www.campings.com\/fr\/content\/wp-content\/uploads\/2021\/10\/guide-1.jpg\" alt=\"\" width=\"1000\" height=\"665\" srcset=\"https:\/\/www.campings.com\/fr\/content\/wp-content\/uploads\/2021\/10\/guide-1.jpg 1000w, https:\/\/www.campings.com\/fr\/content\/wp-content\/uploads\/2021\/10\/guide-1-300x200.jpg 300w, https:\/\/www.campings.com\/fr\/content\/wp-content\/uploads\/2021\/10\/guide-1-768x511.jpg 768w, https:\/\/www.campings.com\/fr\/content\/wp-content\/uploads\/2021\/10\/guide-1-450x299.jpg 450w, https:\/\/www.campings.com\/fr\/content\/wp-content\/uploads\/2021\/10\/guide-1-430x286.jpg 430w\" sizes=\"auto, (max-width: 1000px) 100vw, 1000px\" \/><\/p>\n<h3><strong>Partir \u00e0 la d\u00e9couverte du Marais<\/strong>\u00a0<strong>Poitevin<\/strong><\/h3>\n<p>En Vend\u00e9e, le\u00a0<a href=\"https:\/\/www.campings.com\/fr\/content\/guide-vacances-vendee\/marais-poitevin-vendee\/\"><u>Marais poitevin<\/u><\/a>\u00a0est un site incontournable \u00e0 visiter. Pendant votre s\u00e9jour, vous aurez l\u2019occasion de pratiquer un \u00e9ventail d\u2019activit\u00e9s divertissantes :<\/p>\n<ul>\n<li>Faire un tour en barque sur la Venise verte ;<\/li>\n<li>Visiter l\u2019Abbaye de Maillezais ;<\/li>\n<li>Faire une balade \u00e0 v\u00e9lo \u00e0 travers le Parc naturel r\u00e9gional du Marais poitevin ;<\/li>\n<li>Contempler la biodiversit\u00e9 du Marais Dess\u00e9ch\u00e9.<\/li>\n<\/ul>\n<h3><strong>Aller au Puy du Fou<\/strong><\/h3>\n<p>Avec ses spectacles grandioses, le<a href=\"https:\/\/www.campings.com\/fr\/content\/guide-vacances-vendee\/puy-du-fou\/\"><u>\u00a0Puy du Fou<\/u>\u00a0<\/a>figure parmi les plus grands parcs d\u2019attractions du monde. Voici quelques suggestions de spectacles &amp; visites pour profiter pleinement de votre visite :<\/p>\n<ul>\n<li>Partir \u00e0 la d\u00e9couverte des villages du Parc : la cit\u00e9 m\u00e9di\u00e9vale, le village XVIIIe si\u00e8cle, le fort de l\u2019an mil ;<\/li>\n<li>Le Signe du Triomphe, Les Chevaliers de la Table Ronde, Le Myst\u00e8re de la P\u00e9rouse ;<\/li>\n<li>Le spectacle nocturne \u00ab La Cin\u00e9sc\u00e9nie \u00bb.<\/li>\n<\/ul>\n<p><img loading=\"lazy\" decoding=\"async\" class=\"alignnone size-full wp-image-3226\" src=\"https:\/\/www.campings.com\/fr\/content\/wp-content\/uploads\/2021\/10\/guide-3.jpg\" alt=\"\" width=\"1000\" height=\"665\" srcset=\"https:\/\/www.campings.com\/fr\/content\/wp-content\/uploads\/2021\/10\/guide-3.jpg 1000w, https:\/\/www.campings.com\/fr\/content\/wp-content\/uploads\/2021\/10\/guide-3-300x200.jpg 300w, https:\/\/www.campings.com\/fr\/content\/wp-content\/uploads\/2021\/10\/guide-3-768x511.jpg 768w, https:\/\/www.campings.com\/fr\/content\/wp-content\/uploads\/2021\/10\/guide-3-450x299.jpg 450w, https:\/\/www.campings.com\/fr\/content\/wp-content\/uploads\/2021\/10\/guide-3-430x286.jpg 430w\" sizes=\"auto, (max-width: 1000px) 100vw, 1000px\" \/><\/p>\n<h3><strong>Les autres activit\u00e9s \u00e0 faire en famille<\/strong><\/h3>\n<p>En Vend\u00e9e, les activit\u00e9s \u00e0 faire avec les enfants ne manquent pas ! D\u00e9couvrez encore plus d\u2019id\u00e9es de sorties \u00e0 faire en famille.<\/p>\n<ul>\n<li>Une promenade dans les Marais Salants de la vie<\/li>\n<\/ul>\n<p>\u00c0 Saint-Hilaire-de-Riez, une promenade dans les Marais Salants vous fera d\u00e9couvrir le m\u00e9tier du saunier. De plus, ce lieu abrite une grande biodiversit\u00e9, avec une faune et une flore tr\u00e8s riche. Les tout-petits pourront admirer des esp\u00e8ces animales et v\u00e9g\u00e9tales tr\u00e8s vari\u00e9es. Pour terminer votre visite, vous serez convi\u00e9 \u00e0 la d\u00e9gustation du sel de vie produit sur place.<\/p>\n<ul>\n<li>Une journ\u00e9e \u00e0 l\u2019Explora Parc<\/li>\n<\/ul>\n<p>\u00c0 Saint-Jean-de-Monts, ce parc de loisirs est situ\u00e9 Rue de la Par\u00e9e J\u00e9sus, en plein c\u0153ur de la for\u00eat domaniale. Les amoureux de nature trouveront leur bonheur au milieu de ce cadre paisible et verdoyant ! De multiples activit\u00e9s pour toute la famille y sont propos\u00e9es : tyroliennes XXL, Trampolines Suspendues, cabanes perch\u00e9es, piscines \u00e0 balles, randonn\u00e9e p\u00e9destre \u00e0 travers les sentiers\u2026<\/p>\n<ul>\n<li>Une journ\u00e9e au Dino\u2019s Park<\/li>\n<\/ul>\n<p>Unique en Vend\u00e9e, ce parc de dinosaures est un endroit parfait pour faire une sortie avec les enfants. Situ\u00e9 \u00e0 Saint Hilaire de Riez, ce parc d\u2019attractions abrite des animaux anim\u00e9s par un syst\u00e8me robotique. Sur place, vous pourrez \u00e9galement pratiquer le tir \u00e0 l\u2019arc, la chasse aux tr\u00e9sors, etc. Ce parc promet des moments ludiques, riches en d\u00e9couvertes !<\/p>\n<h2><strong>Les activit\u00e9s culturelles et sportives<\/strong><\/h2>\n<p>La Vend\u00e9e abrite un patrimoine naturel et culturel tr\u00e8s riche\u2026 Voici les meilleures activit\u00e9s culturelles et sportives \u00e0 faire pendant vos vacances en Vend\u00e9e.<\/p>\n<h3><strong>Les mus\u00e9es et ch\u00e2teaux \u00e0 visiter en Vend\u00e9e<\/strong><\/h3>\n<p>Envie de vous immerger dans l\u2019histoire de la Vend\u00e9e ? Partez \u00e0 la d\u00e9couverte de ses nombreux ch\u00e2teaux et mus\u00e9es !<\/p>\n<ul>\n<li>Le Ch\u00e2teau De Commequiers<\/li>\n<\/ul>\n<p>Cette forteresse est situ\u00e9e \u00e0 l\u2019entr\u00e9e de la commune \u00e9ponyme. Le ch\u00e2teau a \u00e9t\u00e9 construit pendant la seconde moiti\u00e9 du XV\u00e8me si\u00e8cle par Louis de Beaumont. Avec sa forme octogonale et ses 8 tours aux \u00e9pais, il est l\u2019un des plus beaux fleurons de l\u2019art militaire m\u00e9di\u00e9val.<\/p>\n<ul>\n<li>Le Ch\u00e2teau De Sigournais<\/li>\n<\/ul>\n<p>Ce magnifique ch\u00e2teau vous transportera au c\u0153ur du Moyen \u00c2ge. Une occasion unique de d\u00e9couvrir avec les enfants cette p\u00e9riode de l\u2019histoire\u2026 Les murs du ch\u00e2teau sont d\u00e9cor\u00e9s avec 700 blasons territoriaux. La salle des gardes abrite une exposition temporaire retra\u00e7ant le quotidien de la belle \u00e9poque\u2026<\/p>\n<ul>\n<li>Le Mus\u00e9e De Fontenay-Le-Comte<\/li>\n<\/ul>\n<p>Construit en 1875, ce mus\u00e9e vous plongera dans l\u2019effervescence intellectuelle \u00e0 la Renaissance. Des livrets gratuits sont \u00e0 votre disposition pour une visite autonome.<\/p>\n<ul>\n<li>Le Mus\u00e9e Des Traditions Populaires<\/li>\n<\/ul>\n<p>Ce mus\u00e9e vous fera d\u00e9couvrir les traditions locales dans les Sables-d\u2019Olonne du XXe si\u00e8cle \u00e0 aujourd\u2019hui.<\/p>\n<h3><strong>O\u00f9 partir faire de la randonn\u00e9e en Vend\u00e9e\u00a0?<\/strong><\/h3>\n<p>La randonn\u00e9e est une activit\u00e9 sportive tr\u00e8s pris\u00e9e en Vend\u00e9e o\u00f9 des circuits pour tous les niveaux sont accessibles.<\/p>\n<h4><strong>A pied<\/strong><\/h4>\n<p>En Vend\u00e9e, le sentier de la Citardi\u00e8re, la for\u00eat de Mervent et le lac du Graon sont tr\u00e8s pris\u00e9s pour randonner. Vous pourrez faire aussi de la randonn\u00e9e dans la baie de Cayola ou \u00e0 la Campagne et vignes \u00e0 Brem-sur-Merou\u2026<\/p>\n<h4><strong>A v\u00e9lo\/VTT<\/strong><\/h4>\n<p>La Vend\u00e9e fera aussi le bonheur des randonneurs \u00e0 v\u00e9lo ! \u00c0 la recherche d\u2019une id\u00e9e de balade ? P\u00e9dalez depuis Bouin jusqu\u2019\u00e0 La Barre de Monts et Fromentine. Vous pourrez aussi parcourir le circuit Tranche-sur-Mer \u2013 Marans.<\/p>\n<p><img loading=\"lazy\" decoding=\"async\" class=\"alignnone size-full wp-image-3225\" src=\"https:\/\/www.campings.com\/fr\/content\/wp-content\/uploads\/2021\/10\/guide-2.jpg\" alt=\"\" width=\"1000\" height=\"665\" srcset=\"https:\/\/www.campings.com\/fr\/content\/wp-content\/uploads\/2021\/10\/guide-2.jpg 1000w, https:\/\/www.campings.com\/fr\/content\/wp-content\/uploads\/2021\/10\/guide-2-300x200.jpg 300w, https:\/\/www.campings.com\/fr\/content\/wp-content\/uploads\/2021\/10\/guide-2-768x511.jpg 768w, https:\/\/www.campings.com\/fr\/content\/wp-content\/uploads\/2021\/10\/guide-2-450x299.jpg 450w, https:\/\/www.campings.com\/fr\/content\/wp-content\/uploads\/2021\/10\/guide-2-430x286.jpg 430w\" sizes=\"auto, (max-width: 1000px) 100vw, 1000px\" \/><\/p>\n<h2><strong>Les march\u00e9s \u00e0 ne pas manquer<\/strong><\/h2>\n<p>En Vend\u00e9e, la visite des march\u00e9s de la r\u00e9gion est un excellent moyen de s\u2019impr\u00e9gner de la culture locale. Le d\u00e9partement r\u00e9pertorie plusieurs\u00a0<a href=\"https:\/\/www.campings.com\/fr\/content\/guide-vacances-vendee\/marches-vendee\/\"><u>march\u00e9s<\/u>\u00a0<\/a>:<\/p>\n<ul>\n<li>Le grand march\u00e9 des Halles Centrales des Sables-d\u2019Olonne, ouvert tous les jours entre 8h et 13h ;<\/li>\n<li>Le march\u00e9 de la Tranche-sur-Mer, tous les mardis et les samedis matin ;<\/li>\n<li>Le march\u00e9 de Jard-sur-Mer tous les lundis matin ;<\/li>\n<li>Le march\u00e9 sous les Halles de Longeville-sur-Mer, tous les vendredis ;<\/li>\n<li>Les halles couvertes de Challans, tous les mardis, vendredis et samedis ;<\/li>\n<li>Le march\u00e9 nocturne d\u2019\u00e9t\u00e9 de Saint-Jean-de-Monts ;<\/li>\n<li>Le march\u00e9 couvert de Talmont-Saint-Hilaire le mardi, le jeudi et le samedi matin.<\/li>\n<\/ul>\n<h2><strong>Faire un tour aux Sables d\u2019Olonne<\/strong><\/h2>\n<p>Pendant vos vacances en Vend\u00e9e, une promenade dans la jolie ville des\u00a0<a href=\"https:\/\/www.campings.com\/fr\/content\/guide-vacances-vendee\/les-sables-dolonne-activites\/\"><u>Sables d\u2019Olonne<\/u><\/a>\u00a0s\u2019impose ! Voici quelques id\u00e9es d\u2019activit\u00e9s \u00e0 faire une fois sur place :<\/p>\n<ul>\n<li>Farniente et baignade \u00e0 la plage ;<\/li>\n<li>Se balader dans le quartier de l\u2019\u00eele Penotte ;<\/li>\n<li>Se promener le long de la baie de Cayola ;<\/li>\n<li>Faire du shopping dans le march\u00e9 des Halles ;<\/li>\n<li>Visiter le mus\u00e9e de la Mer ;<\/li>\n<li>Visiter le zoo des Sables d\u2019Olonne ;<\/li>\n<li>Visiter la tour d\u2019Arundel et le ch\u00e2teau Saint-Clair ;<\/li>\n<li>Aller au restaurant ;<\/li>\n<li>Assister au Vend\u00e9e Globe.<\/li>\n<\/ul>\n<h2><strong>Location en Vend\u00e9e : s\u00e9lection de campings<\/strong><\/h2>\n<p>Pendant vos vacances en Vend\u00e9e, la location de mobil-home est une alternative \u00e9conomique \u00e0 l\u2019h\u00f4tel. Ces 3 campings\u00a0que nous avons s\u00e9lectionn\u00e9s pour vous sont situ\u00e9s en bord de mer et offrent un tr\u00e8s bon rapport qualit\u00e9-prix.<\/p>\n<h3><strong>Camping Le Domaine des Pins<\/strong><\/h3>\n<p>Cet \u00e9tablissement est situ\u00e9 au 51 avenue de la Faye \u00e0 Saint-Hilaire-De-Riez. Le camping abrite un magnifique espace aquatique, un terrain de foot, une table de tennis\u2026 Un service de location de v\u00e9lo est \u00e9galement disponible.<\/p>\n<p><a href=\"https:\/\/www.campings.com\/fr\/camping\/camping-le-domaine-des-pins-78262\">Plus d\u2019infos sur le Camping Le Domaine des Pins<\/a>.<\/p>\n<h3><strong>Camping La Plage de Riez<\/strong><\/h3>\n<p>Ce camping est situ\u00e9 \u00e0 quelques m\u00e8tres seulement de la plage\u2026 Il dispose d\u2019une aire de jeux pour enfants, d\u2019un terrain de p\u00e9tanque, d\u2019un terrain de foot et d\u2019une table de tennis.<\/p>\n<p><a href=\"https:\/\/www.campings.com\/fr\/camping\/camping-la-plage-de-riez-78283\">Plus d\u2019infos sur le Camping La Plage de Riez<\/a>.<\/p>\n<h3><strong>Camping Le Rivage<\/strong><\/h3>\n<p>Cette auberge est situ\u00e9e sur la route de la Tonnelle \u00e0 Saint-Jean-De-Monts. Sur place, de nombreuses activit\u00e9s pour toute la famille sont propos\u00e9es : bain \u00e0 remous, baby-foot, aire de jeux\u2026<\/p>\n<p><a href=\"https:\/\/www.campings.com\/fr\/camping\/camping-le-rivage-78309\">Plus d\u2019infos sur le Camping Le Rivage<\/a>.<\/p>\n","protected":false},"excerpt":{"rendered":"<p>La Vend\u00e9e figure parmi les meilleures destinations de vacances en France. Avec ses plages et ses for\u00eats, ce d\u00e9partement des Pays de la Loire vous promet un s\u00e9jour inoubliable ! Sur le littoral Atlantique, la\u00a0Vend\u00e9e\u00a0est un d\u00e9partement qui jouit d\u2019un microclimat ensoleill\u00e9, tr\u00e8s pris\u00e9 en \u00e9t\u00e9. Avec ses stations baln\u00e9aires, ses paysages entre mer et [&hellip;]<\/p>\n","protected":false},"author":18,"featured_media":0,"parent":0,"menu_order":0,"comment_status":"closed","ping_status":"closed","template":"template-twocolumns.php","meta":{"_acf_changed":false,"footnotes":""},"class_list":["post-3223","page","type-page","status-publish","hentry"],"acf":[],"yoast_head":"<!-- This site is optimized with the Yoast SEO plugin v27.1.1 - https:\/\/yoast.com\/product\/yoast-seo-wordpress\/ -->\n<title>Le guide de vos vacances en Vend\u00e9e -<\/title>\n<meta name=\"description\" content=\"D\u00e9couvrez tous les bons plans et les activit\u00e9s \u00e0 faire pendant vos vacances en Vend\u00e9e pour passer des moments agr\u00e9ables en famille ou entre amis.\" \/>\n<meta name=\"robots\" content=\"index, follow, max-snippet:-1, max-image-preview:large, max-video-preview:-1\" \/>\n<link rel=\"canonical\" href=\"https:\/\/www.campings.com\/fr\/content\/guide-vacances-vendee\/\" \/>\n<meta property=\"og:locale\" content=\"fr_FR\" \/>\n<meta property=\"og:type\" content=\"article\" \/>\n<meta property=\"og:title\" content=\"Le guide de vos vacances en Vend\u00e9e -\" \/>\n<meta property=\"og:description\" content=\"D\u00e9couvrez tous les bons plans et les activit\u00e9s \u00e0 faire pendant vos vacances en Vend\u00e9e pour passer des moments agr\u00e9ables en famille ou entre amis.\" \/>\n<meta property=\"og:url\" content=\"https:\/\/www.campings.com\/fr\/content\/guide-vacances-vendee\/\" \/>\n<meta property=\"article:modified_time\" content=\"2021-10-08T14:23:39+00:00\" \/>\n<meta property=\"og:image\" content=\"https:\/\/www.campings.com\/fr\/content\/wp-content\/uploads\/2021\/10\/guide-1.jpg\" \/>\n\t<meta property=\"og:image:width\" content=\"1000\" \/>\n\t<meta property=\"og:image:height\" content=\"665\" \/>\n\t<meta property=\"og:image:type\" content=\"image\/jpeg\" \/>\n<meta name=\"twitter:card\" content=\"summary_large_image\" \/>\n<meta name=\"twitter:label1\" content=\"Dur\u00e9e de lecture estim\u00e9e\" \/>\n\t<meta name=\"twitter:data1\" content=\"7 minutes\" \/>\n<script type=\"application\/ld+json\" class=\"yoast-schema-graph\">{\"@context\":\"https:\/\/schema.org\",\"@graph\":[{\"@type\":\"WebPage\",\"@id\":\"https:\/\/www.campings.com\/fr\/content\/guide-vacances-vendee\/\",\"url\":\"https:\/\/www.campings.com\/fr\/content\/guide-vacances-vendee\/\",\"name\":\"Le guide de vos vacances en Vend\u00e9e -\",\"isPartOf\":{\"@id\":\"https:\/\/www.campings.com\/fr\/content\/#website\"},\"primaryImageOfPage\":{\"@id\":\"https:\/\/www.campings.com\/fr\/content\/guide-vacances-vendee\/#primaryimage\"},\"image\":{\"@id\":\"https:\/\/www.campings.com\/fr\/content\/guide-vacances-vendee\/#primaryimage\"},\"thumbnailUrl\":\"https:\/\/www.campings.com\/fr\/content\/wp-content\/uploads\/2021\/10\/guide-1.jpg\",\"datePublished\":\"2021-10-07T16:47:46+00:00\",\"dateModified\":\"2021-10-08T14:23:39+00:00\",\"description\":\"D\u00e9couvrez tous les bons plans et les activit\u00e9s \u00e0 faire pendant vos vacances en Vend\u00e9e pour passer des moments agr\u00e9ables en famille ou entre amis.\",\"breadcrumb\":{\"@id\":\"https:\/\/www.campings.com\/fr\/content\/guide-vacances-vendee\/#breadcrumb\"},\"inLanguage\":\"fr-FR\",\"potentialAction\":[{\"@type\":\"ReadAction\",\"target\":[\"https:\/\/www.campings.com\/fr\/content\/guide-vacances-vendee\/\"]}]},{\"@type\":\"ImageObject\",\"inLanguage\":\"fr-FR\",\"@id\":\"https:\/\/www.campings.com\/fr\/content\/guide-vacances-vendee\/#primaryimage\",\"url\":\"https:\/\/www.campings.com\/fr\/content\/wp-content\/uploads\/2021\/10\/guide-1.jpg\",\"contentUrl\":\"https:\/\/www.campings.com\/fr\/content\/wp-content\/uploads\/2021\/10\/guide-1.jpg\",\"width\":1000,\"height\":665},{\"@type\":\"BreadcrumbList\",\"@id\":\"https:\/\/www.campings.com\/fr\/content\/guide-vacances-vendee\/#breadcrumb\",\"itemListElement\":[{\"@type\":\"ListItem\",\"position\":1,\"name\":\"Home\",\"item\":\"https:\/\/www.campings.com\/fr\/content\/\"},{\"@type\":\"ListItem\",\"position\":2,\"name\":\"Le guide de vos vacances en Vend\u00e9e\"}]},{\"@type\":\"WebSite\",\"@id\":\"https:\/\/www.campings.com\/fr\/content\/#website\",\"url\":\"https:\/\/www.campings.com\/fr\/content\/\",\"name\":\"\",\"description\":\"\",\"publisher\":{\"@id\":\"https:\/\/www.campings.com\/fr\/content\/#organization\"},\"potentialAction\":[{\"@type\":\"SearchAction\",\"target\":{\"@type\":\"EntryPoint\",\"urlTemplate\":\"https:\/\/www.campings.com\/fr\/content\/?s={search_term_string}\"},\"query-input\":{\"@type\":\"PropertyValueSpecification\",\"valueRequired\":true,\"valueName\":\"search_term_string\"}}],\"inLanguage\":\"fr-FR\"},{\"@type\":\"Organization\",\"@id\":\"https:\/\/www.campings.com\/fr\/content\/#organization\",\"name\":\"CAMPINGS.COM\",\"url\":\"https:\/\/www.campings.com\/fr\/content\/\",\"logo\":{\"@type\":\"ImageObject\",\"inLanguage\":\"fr-FR\",\"@id\":\"https:\/\/www.campings.com\/fr\/content\/#\/schema\/logo\/image\/\",\"url\":\"https:\/\/www.campings.com\/fr\/content\/wp-content\/uploads\/2019\/01\/cropped-logo-1.png\",\"contentUrl\":\"https:\/\/www.campings.com\/fr\/content\/wp-content\/uploads\/2019\/01\/cropped-logo-1.png\",\"width\":174,\"height\":42,\"caption\":\"CAMPINGS.COM\"},\"image\":{\"@id\":\"https:\/\/www.campings.com\/fr\/content\/#\/schema\/logo\/image\/\"}}]}<\/script>\n<!-- \/ Yoast SEO plugin. -->","yoast_head_json":{"title":"Le guide de vos vacances en Vend\u00e9e -","description":"D\u00e9couvrez tous les bons plans et les activit\u00e9s \u00e0 faire pendant vos vacances en Vend\u00e9e pour passer des moments agr\u00e9ables en famille ou entre amis.","robots":{"index":"index","follow":"follow","max-snippet":"max-snippet:-1","max-image-preview":"max-image-preview:large","max-video-preview":"max-video-preview:-1"},"canonical":"https:\/\/www.campings.com\/fr\/content\/guide-vacances-vendee\/","og_locale":"fr_FR","og_type":"article","og_title":"Le guide de vos vacances en Vend\u00e9e -","og_description":"D\u00e9couvrez tous les bons plans et les activit\u00e9s \u00e0 faire pendant vos vacances en Vend\u00e9e pour passer des moments agr\u00e9ables en famille ou entre amis.","og_url":"https:\/\/www.campings.com\/fr\/content\/guide-vacances-vendee\/","article_modified_time":"2021-10-08T14:23:39+00:00","og_image":[{"width":1000,"height":665,"url":"https:\/\/www.campings.com\/fr\/content\/wp-content\/uploads\/2021\/10\/guide-1.jpg","type":"image\/jpeg"}],"twitter_card":"summary_large_image","twitter_misc":{"Dur\u00e9e de lecture estim\u00e9e":"7 minutes"},"schema":{"@context":"https:\/\/schema.org","@graph":[{"@type":"WebPage","@id":"https:\/\/www.campings.com\/fr\/content\/guide-vacances-vendee\/","url":"https:\/\/www.campings.com\/fr\/content\/guide-vacances-vendee\/","name":"Le guide de vos vacances en Vend\u00e9e -","isPartOf":{"@id":"https:\/\/www.campings.com\/fr\/content\/#website"},"primaryImageOfPage":{"@id":"https:\/\/www.campings.com\/fr\/content\/guide-vacances-vendee\/#primaryimage"},"image":{"@id":"https:\/\/www.campings.com\/fr\/content\/guide-vacances-vendee\/#primaryimage"},"thumbnailUrl":"https:\/\/www.campings.com\/fr\/content\/wp-content\/uploads\/2021\/10\/guide-1.jpg","datePublished":"2021-10-07T16:47:46+00:00","dateModified":"2021-10-08T14:23:39+00:00","description":"D\u00e9couvrez tous les bons plans et les activit\u00e9s \u00e0 faire pendant vos vacances en Vend\u00e9e pour passer des moments agr\u00e9ables en famille ou entre amis.","breadcrumb":{"@id":"https:\/\/www.campings.com\/fr\/content\/guide-vacances-vendee\/#breadcrumb"},"inLanguage":"fr-FR","potentialAction":[{"@type":"ReadAction","target":["https:\/\/www.campings.com\/fr\/content\/guide-vacances-vendee\/"]}]},{"@type":"ImageObject","inLanguage":"fr-FR","@id":"https:\/\/www.campings.com\/fr\/content\/guide-vacances-vendee\/#primaryimage","url":"https:\/\/www.campings.com\/fr\/content\/wp-content\/uploads\/2021\/10\/guide-1.jpg","contentUrl":"https:\/\/www.campings.com\/fr\/content\/wp-content\/uploads\/2021\/10\/guide-1.jpg","width":1000,"height":665},{"@type":"BreadcrumbList","@id":"https:\/\/www.campings.com\/fr\/content\/guide-vacances-vendee\/#breadcrumb","itemListElement":[{"@type":"ListItem","position":1,"name":"Home","item":"https:\/\/www.campings.com\/fr\/content\/"},{"@type":"ListItem","position":2,"name":"Le guide de vos vacances en Vend\u00e9e"}]},{"@type":"WebSite","@id":"https:\/\/www.campings.com\/fr\/content\/#website","url":"https:\/\/www.campings.com\/fr\/content\/","name":"","description":"","publisher":{"@id":"https:\/\/www.campings.com\/fr\/content\/#organization"},"potentialAction":[{"@type":"SearchAction","target":{"@type":"EntryPoint","urlTemplate":"https:\/\/www.campings.com\/fr\/content\/?s={search_term_string}"},"query-input":{"@type":"PropertyValueSpecification","valueRequired":true,"valueName":"search_term_string"}}],"inLanguage":"fr-FR"},{"@type":"Organization","@id":"https:\/\/www.campings.com\/fr\/content\/#organization","name":"CAMPINGS.COM","url":"https:\/\/www.campings.com\/fr\/content\/","logo":{"@type":"ImageObject","inLanguage":"fr-FR","@id":"https:\/\/www.campings.com\/fr\/content\/#\/schema\/logo\/image\/","url":"https:\/\/www.campings.com\/fr\/content\/wp-content\/uploads\/2019\/01\/cropped-logo-1.png","contentUrl":"https:\/\/www.campings.com\/fr\/content\/wp-content\/uploads\/2019\/01\/cropped-logo-1.png","width":174,"height":42,"caption":"CAMPINGS.COM"},"image":{"@id":"https:\/\/www.campings.com\/fr\/content\/#\/schema\/logo\/image\/"}}]}},"_links":{"self":[{"href":"https:\/\/www.campings.com\/fr\/content\/wp-json\/wp\/v2\/pages\/3223","targetHints":{"allow":["GET"]}}],"collection":[{"href":"https:\/\/www.campings.com\/fr\/content\/wp-json\/wp\/v2\/pages"}],"about":[{"href":"https:\/\/www.campings.com\/fr\/content\/wp-json\/wp\/v2\/types\/page"}],"author":[{"embeddable":true,"href":"https:\/\/www.campings.com\/fr\/content\/wp-json\/wp\/v2\/users\/18"}],"replies":[{"embeddable":true,"href":"https:\/\/www.campings.com\/fr\/content\/wp-json\/wp\/v2\/comments?post=3223"}],"version-history":[{"count":6,"href":"https:\/\/www.campings.com\/fr\/content\/wp-json\/wp\/v2\/pages\/3223\/revisions"}],"predecessor-version":[{"id":5619,"href":"https:\/\/www.campings.com\/fr\/content\/wp-json\/wp\/v2\/pages\/3223\/revisions\/5619"}],"wp:attachment":[{"href":"https:\/\/www.campings.com\/fr\/content\/wp-json\/wp\/v2\/media?parent=3223"}],"curies":[{"name":"wp","href":"https:\/\/api.w.org\/{rel}","templated":true}]}}