{"id":3183,"date":"2021-09-20T17:03:49","date_gmt":"2021-09-20T17:03:49","guid":{"rendered":"https:\/\/www.campings.com\/fr\/content\/?page_id=3183"},"modified":"2021-09-20T17:03:49","modified_gmt":"2021-09-20T17:03:49","slug":"plages-landes","status":"publish","type":"page","link":"https:\/\/www.campings.com\/fr\/content\/guide-vacances-landes\/plages-landes\/","title":{"rendered":"Les plus belles plages des Landes"},"content":{"rendered":"<p>Envie d\u2019un s\u00e9jour au bord de l\u2019oc\u00e9an pour lever le pied et profiter pleinement de vos vacances ? Les <strong><a href=\"https:\/\/www.campings.com\/fr\/content\/guide-vacances-landes\/\">Landes<\/a> <\/strong>est une destination parfaite o\u00f9 poser ses valises en \u00e9t\u00e9 ! En effet, le d\u00e9partement abrite la plus longue plage du continent, soit 106 km de c\u00f4tes o\u00f9 se relaxer !<\/p>\n<p>En \u00e9t\u00e9, la c\u00f4te landaise attire des touristes du monde entier. La douceur de son climat invite au farniente et \u00e0 la d\u00e9tente. Tr\u00e8s pris\u00e9e par les surfeurs et les amateurs de baignade, elle compte une quinzaine de stations.\u00a0<a href=\"https:\/\/www.campings.com\/fr\/content\/guides-vacances-biscarrosse\/\"><strong><u>Biscarrosse<\/u><\/strong><\/a>, Hossegor, Capbreton ou encore Mimizan\u2026 que vous partiez en famille, entre amis ou en amoureux, votre s\u00e9jour sur le littoral landais promet d\u2019\u00eatre riche en d\u00e9couvertes et en \u00e9motions !<\/p>\n<h2><strong>La plage sauvage des Bourdaines \u00e0 Seignosse\u00a0<\/strong><\/h2>\n<p>La plage des Bourdaines est un spot sauvage situ\u00e9 l\u00e9g\u00e8rement \u00e0 l\u2019\u00e9cart de la ville. Vous pouvez vous y rendre depuis le centre de Seignosse. Cette plage n\u2019est pas tr\u00e8s fr\u00e9quent\u00e9e, m\u00eame en pleine saison estivale. De ce fait, l\u2019endroit est tr\u00e8s agr\u00e9able pour la baignade ou pour partager des moments de complicit\u00e9 en amoureux. Vous y pratiquerez tous vos sports pr\u00e9f\u00e9r\u00e9s : beach volley, foot, running\u2026 En \u00e9t\u00e9, la baignade est surveill\u00e9e. Sur place, des douches, des restaurants et un parking gratuit sont \u00e0 votre disposition.<\/p>\n<h2><strong>La plage du Vivier \u00e0 Biscarrosse<\/strong><\/h2>\n<p>La plage du Vivier est situ\u00e9e au nord de Biscarosse. Une fois arriv\u00e9s au parking, vous devrez marcher pendant une dizaine de minutes pour y acc\u00e9der. Vous pouvez aussi rejoindre la plage par une piste cyclable. Avec ses belles vagues, ce spot est incontournable en \u00e9t\u00e9. Vous pourrez y pratiquer des activit\u00e9s nautiques riches en sensations fortes comme le surf, le kite surf ou le bodyboard.<\/p>\n<h2><strong>La plage de Contis, au milieu de la c\u00f4te landaise<\/strong><\/h2>\n<p>Si vous \u00eates amoureux du grand air, ne manquez pas la plage de Contis. Ce paradis baln\u00e9aire bord\u00e9 de dunes est situ\u00e9 au c\u0153ur de la for\u00eat landaise. La plage de Contis est entour\u00e9e de pins, de ch\u00eanes et de foug\u00e8res. Elle offre un paysage somptueux, typiquement landais ! L\u2019oc\u00e9an y est particuli\u00e8rement calme et chaud. La plage est surveill\u00e9e en \u00e9t\u00e9, vous pourrez donc partager des moments de baignade avec les enfants en toute s\u00e9curit\u00e9. De plus, cette plage de sable blond est parfaite pour les personnes \u00e0 mobilit\u00e9 r\u00e9duite (acc\u00e8s par tiralo disponible).<\/p>\n<h2><strong>La plage Centrale d\u2019Hossegor<\/strong><\/h2>\n<p>Pour buller au soleil au milieu d\u2019un d\u00e9cor somptueux, la plage Centrale d\u2019Hossegor est incontournable. Elle offre une vue imprenable sur le Port de Capbreton et les Pyr\u00e9n\u00e9es au Sud. Vous pourrez vous promener au bord de l\u2019eau tout en admirant de magnifiques paysages c\u00f4tiers. Sur place, de nombreux restaurants et caf\u00e9s vous permettront de vous restaurer dans un cadre chaleureux. Le soir venu, une ambiance festive et conviviale s\u2019installe sur la plage, propice \u00e0 l\u2019\u00e9change.<\/p>\n<p><img loading=\"lazy\" decoding=\"async\" class=\"alignnone size-full wp-image-3184\" src=\"https:\/\/www.campings.com\/fr\/content\/wp-content\/uploads\/2021\/09\/Plage-Hossegor.jpg\" alt=\"\" width=\"1000\" height=\"665\" srcset=\"https:\/\/www.campings.com\/fr\/content\/wp-content\/uploads\/2021\/09\/Plage-Hossegor.jpg 1000w, https:\/\/www.campings.com\/fr\/content\/wp-content\/uploads\/2021\/09\/Plage-Hossegor-300x200.jpg 300w, https:\/\/www.campings.com\/fr\/content\/wp-content\/uploads\/2021\/09\/Plage-Hossegor-768x511.jpg 768w, https:\/\/www.campings.com\/fr\/content\/wp-content\/uploads\/2021\/09\/Plage-Hossegor-450x299.jpg 450w, https:\/\/www.campings.com\/fr\/content\/wp-content\/uploads\/2021\/09\/Plage-Hossegor-430x286.jpg 430w\" sizes=\"auto, (max-width: 1000px) 100vw, 1000px\" \/><\/p>\n<h2><strong>La plage Remember \u00e0 Mimizan<\/strong><\/h2>\n<p>Vous souhaitez \u00e9viter la foule pendant vos vacances dans les Landes ? Direction Remember Plage \u00e0 Mimizan. Situ\u00e9 dans un environnement sauvage, ce spot est peu fr\u00e9quent\u00e9 par les touristes. La plage y est surveill\u00e9e pendant la saison estivale pour une baignade s\u00e9curis\u00e9e. La plage, d\u2019une propret\u00e9 irr\u00e9prochable est parfaite pour pique-niquer en famille ou en amoureux. Lorsque la plage devient d\u00e9sertique, attendez-vous \u00e0 rencontrer quelques naturistes, qui sont tol\u00e9r\u00e9s.<\/p>\n<h2><strong>La plage des Ch\u00eanes Li\u00e8ges \u00e0 Moliets et M\u00e2a<\/strong><\/h2>\n<p>Envie d\u2019une journ\u00e9e au calme pendant votre s\u00e9jour dans les\u00a0<a href=\"https:\/\/www.campings.com\/fr\/content\/guide-vacances-landes\/\"><strong><u>Landes<\/u>\u00a0<\/strong><\/a>? Rien de tel que la plage des Ch\u00eanes Li\u00e8ges pour se baigner \u00e0 l\u2019abri des regards et de l\u2019affluence touristique. Situ\u00e9e \u00e0 1 km de la plage Centrale, cette plage peu fr\u00e9quent\u00e9e est dans un environnement pr\u00e9serv\u00e9. Sur place, vous pourrez vous garer gratuitement dans le parking. Et si vous aimez les sports de glisse, vous aurez la possibilit\u00e9 de vous initier au surf. De nombreuses \u00e9coles de surf sont situ\u00e9es \u00e0 proximit\u00e9 pour apprendre les bases de ce sport ou se perfectionner. La plage est accessible aux personnes \u00e0 mobilit\u00e9 r\u00e9duite.<\/p>\n<h2><strong>La plage de la Lette Blanche (Vielle Saint Girons)<\/strong><\/h2>\n<p>Cette plage est situ\u00e9e aux pieds de la for\u00eat landaise, \u00e0 Vieille Saint Girons. Ce site pr\u00e9serv\u00e9 est un lieu id\u00e9al pour les amoureux de nature et les adeptes de naturisme\u2026 Sue cette plage, l\u2019eau est chaude et limpide, parfaite pour se baigner.<\/p>\n<p>M\u00eame en haute saison, la plage est propice aux balades en amoureux, main dans la main et les pieds dans l\u2019eau\u2026 Ce lieu se pr\u00eate aussi aux pique-niques en famille ou entre amis. Si vous pr\u00e9f\u00e9rez d\u00e9jeuner dans un restaurant, de nombreux \u00e9tablissements proposent une carte tr\u00e8s bien garnie \u00e0 proximit\u00e9. De plus, les personnes \u00e0 mobilit\u00e9 r\u00e9duite peuvent acc\u00e9der facilement \u00e0 la Lette Blanche avec un tiralo.<\/p>\n<h2><strong>La plage de l\u2019Estacade \u00e0\u00a0Capbreton<\/strong><\/h2>\n<p>La plage de l\u2019Estacade est un vrai paradis pour les enfants, qui pourront s\u2019adonner \u00e0 un large \u00e9ventail d\u2019activit\u00e9s ludiques. Construire de grands ch\u00e2teaux de sable, observer les bateaux de p\u00eache, admirer les voiliers\u2026 vos bambins ne risquent pas de s\u2019ennuyer ! Pendant la saison estivale, cette plage est tr\u00e8s anim\u00e9e. Il y r\u00e8gne une ambiance tr\u00e8s conviviale, propice aux rencontres. Le soir venu, vous admirerez la beaut\u00e9 du coucher de soleil, un spectacle magique \u00e0 ne pas manquer. Pour profiter sereinement de la vue, prenez place sur la terrasse d\u2019un restaurant ou d\u2019un bar \u00e0 proximit\u00e9 de l\u2019Estacade.<\/p>\n<p><img loading=\"lazy\" decoding=\"async\" class=\"alignnone size-full wp-image-3185\" src=\"https:\/\/www.campings.com\/fr\/content\/wp-content\/uploads\/2021\/09\/Plage-de-Capbreton.jpg\" alt=\"\" width=\"1000\" height=\"665\" srcset=\"https:\/\/www.campings.com\/fr\/content\/wp-content\/uploads\/2021\/09\/Plage-de-Capbreton.jpg 1000w, https:\/\/www.campings.com\/fr\/content\/wp-content\/uploads\/2021\/09\/Plage-de-Capbreton-300x200.jpg 300w, https:\/\/www.campings.com\/fr\/content\/wp-content\/uploads\/2021\/09\/Plage-de-Capbreton-768x511.jpg 768w, https:\/\/www.campings.com\/fr\/content\/wp-content\/uploads\/2021\/09\/Plage-de-Capbreton-450x299.jpg 450w, https:\/\/www.campings.com\/fr\/content\/wp-content\/uploads\/2021\/09\/Plage-de-Capbreton-430x286.jpg 430w\" sizes=\"auto, (max-width: 1000px) 100vw, 1000px\" \/><\/p>\n<h2><strong>La plage de Lespecier \u00e0 Mimizan<\/strong><\/h2>\n<p>Surnomm\u00e9e \u00ab la perle de la c\u00f4te d\u2019argent \u00bb, Mimizan est une station baln\u00e9aire tr\u00e8s appr\u00e9ci\u00e9e dans les Landes. Avec ses 10 km de sable fin, vous n\u2019aurez que l\u2019embarras du choix pour trouver un endroit o\u00f9 vous poser. La plage de Lespecier est l\u2019une des plages les plus sauvages de la r\u00e9gion. Vous pourrez vous y baigner en toute tranquillit\u00e9 et vous balader au milieu d\u2019une nature pr\u00e9serv\u00e9e. En effet, ce spot est particuli\u00e8rement appr\u00e9ci\u00e9 par les estivants en qu\u00eate de repos. Pour acc\u00e9der \u00e0 la plage Lespecier, vous devrez emprunter une route foresti\u00e8re permettant de rejoindre le parking. Vous avez \u00e9galement la possibilit\u00e9 de rejoindre la plage par la V\u00e9lodyss\u00e9e.<\/p>\n<h2><strong>La plage des Oc\u00e9anides<\/strong><\/h2>\n<p>Si vous \u00eates un amateur de surf, vous adorerez la plage des Oc\u00e9anides et ses dunes majestueuses. Situ\u00e9e \u00e0 l\u2019extr\u00eame sud, la plage est tr\u00e8s expos\u00e9e \u00e0 la houle. Ce lieu sauvage est incontestablement l\u2019un des meilleurs spots des Landes. Il offre un paysage \u00e0 couper le souffle et vous plonge imm\u00e9diatement dans une ambiance authentique. Et pour ne rien g\u00e2cher, les animations ne manquent pas en \u00e9t\u00e9 ! En effet, les concerts et les ap\u00e9ros s\u2019encha\u00eenent dans les restaurants et les diff\u00e9rents clubs du coin. De plus, la plupart des infrastructures telles que WC, douches ou buvette ont \u00e9t\u00e9 pens\u00e9es pour vous faciliter la vie.<\/p>\n<h2><strong>Notre s\u00e9lection de campings \u00e0 proximit\u00e9 de l\u2019oc\u00e9an et des plus belles plages des Landes\u00a0<\/strong><\/h2>\n<p>Pendant les vacances, louer un h\u00e9bergement \u00e0 proximit\u00e9 de la plage est toujours agr\u00e9able\u2026 Ainsi, vous \u00e9viterez les d\u00e9placements en voiture fastidieux pour rejoindre l\u2019oc\u00e9an\u2026 En optant pour un s\u00e9jour en camping, vous pourrez aussi r\u00e9aliser quelques \u00e9conomies. Voici 3 campings o\u00f9 poser vos valises dans les\u00a0<a href=\"https:\/\/www.campings.com\/fr\/content\/guide-vacances-landes\/\"><strong><u>Landes<\/u>\u00a0<\/strong><\/a>pour des vacances les pieds dans l\u2019eau :<\/p>\n<h3><strong>Camping Les Oyats<\/strong><\/h3>\n<p>Ce camping 4 \u00e9toiles est parfait pour des vacances \u00e0 proximit\u00e9 de l\u2019oc\u00e9an et de ses plages. Situ\u00e9 sur la Route de la plage des Casernes, cet \u00e9tablissement est \u00e0 800 m seulement de la plage de Seignosse. Ainsi, vous pourrez vous baigner dans l\u2019oc\u00e9an \u00e0 votre guise pendant votre s\u00e9jour. Une piscine ext\u00e9rieure non chauff\u00e9e est \u00e9galement \u00e0 votre disposition dans ce camping pour prolonger les plaisirs de la baignade. Les enfants seront aussi combl\u00e9s de bonheur par le grand toboggan aquatique. Une aire de jeux et un club enfants sont \u00e0 votre disposition. En journ\u00e9e comme en soir\u00e9e, des activit\u00e9s divertissantes et ludiques sont programm\u00e9es pour tous les \u00e2ges.<\/p>\n<p><a href=\"https:\/\/www.campings.com\/fr\/camping\/camping-les-oyats-76753\">Plus d\u2019infos sur le Camping Les Oyats<\/a>.<\/p>\n<h3><strong>Camping de La Plage<\/strong><\/h3>\n<p>Situ\u00e9 sur le boulevard de l\u2019Atlantique, le Camping de La Plage est parfait pour acc\u00e9der facilement \u00e0 la plage de Mimizan. Ainsi, vous n\u2019aurez pas besoin de parcourir des kilom\u00e8tres pour sentir le sable fin entre vos orteils. En posant vos valises dans cet \u00e9tablissement, la plage est \u00e0 seulement 400 m. Gr\u00e2ce \u00e0 sa proximit\u00e9 avec l\u2019oc\u00e9an et la plage, ce camping est tout indiqu\u00e9 pour passer un s\u00e9jour d\u00e9tente. Ses mobil homes sont non seulement confortables, mais \u00e9galement tr\u00e8s spacieux. Plusieurs choix d\u2019h\u00e9bergements sont possibles, en fonction de vos envies. Ainsi, vous n\u2019aurez qu\u2019\u00e0 opter pour le mobil home le mieux adapt\u00e9 aux besoins de votre tribu. Sur place, de nombreux services sont disponibles: d\u00e9p\u00f4t de pain, laverie, Wifi, bar, restaurant\u2026 Tous les ingr\u00e9dients sont r\u00e9unis pour passer des vacances agr\u00e9ables dans le plus grand confort !<\/p>\n<p><a href=\"https:\/\/www.campings.com\/fr\/camping\/camping-de-la-plage-77818\">Plus d\u2019infos sur le Camping de La Plage<\/a>.<\/p>\n<h3><strong>Camping Le Saint Martin<\/strong><\/h3>\n<p>Ce camping, situ\u00e9 Avenue de l\u2019Oc\u00e9an \u00e0 Moliets-et-Ma\u00e2 et proche de la plage. Pour \u00e9viter l\u2019affluence touristique, une promenade en bord de l\u2019eau de bon matin vous permettra de bien commencer la journ\u00e9e. Sur place, les activit\u00e9s et animations ne manquent pas, aussi bien en journ\u00e9e qu\u2019en soir\u00e9e. Entre les baignades dans la piscine couverte chauff\u00e9e, la piscine ext\u00e9rieure chauff\u00e9e, la pataugeoire, l\u2019aire de jeux pour les enfants\u2026 Chacun y trouvera son compte ! De plus, de nombreuses infrastructures sont disponibles dans ce camping pour simplifier votre s\u00e9jour. Vous y trouverez une laverie, un restaurant, un bar, une \u00e9picerie et des plats \u00e0 emporter. Ce camping tout confort est tr\u00e8s appr\u00e9ci\u00e9 des familles en raison de son excellent rapport qualit\u00e9 prix. La location de mobil homes est propos\u00e9e \u00e0 des tarifs tr\u00e8s abordables.<\/p>\n<p><a href=\"https:\/\/www.campings.com\/fr\/camping\/camping-saint-martin-79300\">Plus d\u2019infos sur le Camping Saint Martin<\/a>.<\/p>\n<p>&nbsp;<\/p>\n","protected":false},"excerpt":{"rendered":"<p>Envie d\u2019un s\u00e9jour au bord de l\u2019oc\u00e9an pour lever le pied et profiter pleinement de vos vacances ? Les Landes est une destination parfaite o\u00f9 poser ses valises en \u00e9t\u00e9 ! En effet, le d\u00e9partement abrite la plus longue plage du continent, soit 106 km de c\u00f4tes o\u00f9 se relaxer ! En \u00e9t\u00e9, la c\u00f4te [&hellip;]<\/p>\n","protected":false},"author":18,"featured_media":0,"parent":3163,"menu_order":0,"comment_status":"closed","ping_status":"closed","template":"template-twocolumns.php","meta":{"_acf_changed":false,"footnotes":""},"class_list":["post-3183","page","type-page","status-publish","hentry"],"acf":[],"yoast_head":"<!-- This site is optimized with the Yoast SEO plugin v27.1.1 - https:\/\/yoast.com\/product\/yoast-seo-wordpress\/ -->\n<title>Les plus belles plages des Landes -<\/title>\n<meta name=\"description\" content=\"D\u00e9couvrez les plus belles plages des Landes dans le sud-ouest, une destination id\u00e9ale pour des vacances les pieds dans l\u2019eau qui comblera toutes les envies.\" \/>\n<meta name=\"robots\" content=\"index, follow, max-snippet:-1, max-image-preview:large, max-video-preview:-1\" \/>\n<link rel=\"canonical\" href=\"https:\/\/www.campings.com\/fr\/content\/guide-vacances-landes\/plages-landes\/\" \/>\n<meta property=\"og:locale\" content=\"fr_FR\" \/>\n<meta property=\"og:type\" content=\"article\" \/>\n<meta property=\"og:title\" content=\"Les plus belles plages des Landes -\" \/>\n<meta property=\"og:description\" content=\"D\u00e9couvrez les plus belles plages des Landes dans le sud-ouest, une destination id\u00e9ale pour des vacances les pieds dans l\u2019eau qui comblera toutes les envies.\" \/>\n<meta property=\"og:url\" content=\"https:\/\/www.campings.com\/fr\/content\/guide-vacances-landes\/plages-landes\/\" \/>\n<meta property=\"og:image\" content=\"https:\/\/www.campings.com\/fr\/content\/wp-content\/uploads\/2021\/09\/Plage-Hossegor.jpg\" \/>\n\t<meta property=\"og:image:width\" content=\"1000\" \/>\n\t<meta property=\"og:image:height\" content=\"665\" \/>\n\t<meta property=\"og:image:type\" content=\"image\/jpeg\" \/>\n<meta name=\"twitter:card\" content=\"summary_large_image\" \/>\n<meta name=\"twitter:label1\" content=\"Dur\u00e9e de lecture estim\u00e9e\" \/>\n\t<meta name=\"twitter:data1\" content=\"9 minutes\" \/>\n<script type=\"application\/ld+json\" class=\"yoast-schema-graph\">{\"@context\":\"https:\/\/schema.org\",\"@graph\":[{\"@type\":\"WebPage\",\"@id\":\"https:\/\/www.campings.com\/fr\/content\/guide-vacances-landes\/plages-landes\/\",\"url\":\"https:\/\/www.campings.com\/fr\/content\/guide-vacances-landes\/plages-landes\/\",\"name\":\"Les plus belles plages des Landes -\",\"isPartOf\":{\"@id\":\"https:\/\/www.campings.com\/fr\/content\/#website\"},\"primaryImageOfPage\":{\"@id\":\"https:\/\/www.campings.com\/fr\/content\/guide-vacances-landes\/plages-landes\/#primaryimage\"},\"image\":{\"@id\":\"https:\/\/www.campings.com\/fr\/content\/guide-vacances-landes\/plages-landes\/#primaryimage\"},\"thumbnailUrl\":\"https:\/\/www.campings.com\/fr\/content\/wp-content\/uploads\/2021\/09\/Plage-Hossegor.jpg\",\"datePublished\":\"2021-09-20T17:03:49+00:00\",\"description\":\"D\u00e9couvrez les plus belles plages des Landes dans le sud-ouest, une destination id\u00e9ale pour des vacances les pieds dans l\u2019eau qui comblera toutes les envies.\",\"breadcrumb\":{\"@id\":\"https:\/\/www.campings.com\/fr\/content\/guide-vacances-landes\/plages-landes\/#breadcrumb\"},\"inLanguage\":\"fr-FR\",\"potentialAction\":[{\"@type\":\"ReadAction\",\"target\":[\"https:\/\/www.campings.com\/fr\/content\/guide-vacances-landes\/plages-landes\/\"]}]},{\"@type\":\"ImageObject\",\"inLanguage\":\"fr-FR\",\"@id\":\"https:\/\/www.campings.com\/fr\/content\/guide-vacances-landes\/plages-landes\/#primaryimage\",\"url\":\"https:\/\/www.campings.com\/fr\/content\/wp-content\/uploads\/2021\/09\/Plage-Hossegor.jpg\",\"contentUrl\":\"https:\/\/www.campings.com\/fr\/content\/wp-content\/uploads\/2021\/09\/Plage-Hossegor.jpg\",\"width\":1000,\"height\":665},{\"@type\":\"BreadcrumbList\",\"@id\":\"https:\/\/www.campings.com\/fr\/content\/guide-vacances-landes\/plages-landes\/#breadcrumb\",\"itemListElement\":[{\"@type\":\"ListItem\",\"position\":1,\"name\":\"Home\",\"item\":\"https:\/\/www.campings.com\/fr\/content\/\"},{\"@type\":\"ListItem\",\"position\":2,\"name\":\"Le guide de vos vacances dans les Landes\",\"item\":\"https:\/\/www.campings.com\/fr\/content\/guide-vacances-landes\/\"},{\"@type\":\"ListItem\",\"position\":3,\"name\":\"Les plus belles plages des Landes\"}]},{\"@type\":\"WebSite\",\"@id\":\"https:\/\/www.campings.com\/fr\/content\/#website\",\"url\":\"https:\/\/www.campings.com\/fr\/content\/\",\"name\":\"\",\"description\":\"\",\"publisher\":{\"@id\":\"https:\/\/www.campings.com\/fr\/content\/#organization\"},\"potentialAction\":[{\"@type\":\"SearchAction\",\"target\":{\"@type\":\"EntryPoint\",\"urlTemplate\":\"https:\/\/www.campings.com\/fr\/content\/?s={search_term_string}\"},\"query-input\":{\"@type\":\"PropertyValueSpecification\",\"valueRequired\":true,\"valueName\":\"search_term_string\"}}],\"inLanguage\":\"fr-FR\"},{\"@type\":\"Organization\",\"@id\":\"https:\/\/www.campings.com\/fr\/content\/#organization\",\"name\":\"CAMPINGS.COM\",\"url\":\"https:\/\/www.campings.com\/fr\/content\/\",\"logo\":{\"@type\":\"ImageObject\",\"inLanguage\":\"fr-FR\",\"@id\":\"https:\/\/www.campings.com\/fr\/content\/#\/schema\/logo\/image\/\",\"url\":\"https:\/\/www.campings.com\/fr\/content\/wp-content\/uploads\/2019\/01\/cropped-logo-1.png\",\"contentUrl\":\"https:\/\/www.campings.com\/fr\/content\/wp-content\/uploads\/2019\/01\/cropped-logo-1.png\",\"width\":174,\"height\":42,\"caption\":\"CAMPINGS.COM\"},\"image\":{\"@id\":\"https:\/\/www.campings.com\/fr\/content\/#\/schema\/logo\/image\/\"}}]}<\/script>\n<!-- \/ Yoast SEO plugin. -->","yoast_head_json":{"title":"Les plus belles plages des Landes -","description":"D\u00e9couvrez les plus belles plages des Landes dans le sud-ouest, une destination id\u00e9ale pour des vacances les pieds dans l\u2019eau qui comblera toutes les envies.","robots":{"index":"index","follow":"follow","max-snippet":"max-snippet:-1","max-image-preview":"max-image-preview:large","max-video-preview":"max-video-preview:-1"},"canonical":"https:\/\/www.campings.com\/fr\/content\/guide-vacances-landes\/plages-landes\/","og_locale":"fr_FR","og_type":"article","og_title":"Les plus belles plages des Landes -","og_description":"D\u00e9couvrez les plus belles plages des Landes dans le sud-ouest, une destination id\u00e9ale pour des vacances les pieds dans l\u2019eau qui comblera toutes les envies.","og_url":"https:\/\/www.campings.com\/fr\/content\/guide-vacances-landes\/plages-landes\/","og_image":[{"width":1000,"height":665,"url":"https:\/\/www.campings.com\/fr\/content\/wp-content\/uploads\/2021\/09\/Plage-Hossegor.jpg","type":"image\/jpeg"}],"twitter_card":"summary_large_image","twitter_misc":{"Dur\u00e9e de lecture estim\u00e9e":"9 minutes"},"schema":{"@context":"https:\/\/schema.org","@graph":[{"@type":"WebPage","@id":"https:\/\/www.campings.com\/fr\/content\/guide-vacances-landes\/plages-landes\/","url":"https:\/\/www.campings.com\/fr\/content\/guide-vacances-landes\/plages-landes\/","name":"Les plus belles plages des Landes -","isPartOf":{"@id":"https:\/\/www.campings.com\/fr\/content\/#website"},"primaryImageOfPage":{"@id":"https:\/\/www.campings.com\/fr\/content\/guide-vacances-landes\/plages-landes\/#primaryimage"},"image":{"@id":"https:\/\/www.campings.com\/fr\/content\/guide-vacances-landes\/plages-landes\/#primaryimage"},"thumbnailUrl":"https:\/\/www.campings.com\/fr\/content\/wp-content\/uploads\/2021\/09\/Plage-Hossegor.jpg","datePublished":"2021-09-20T17:03:49+00:00","description":"D\u00e9couvrez les plus belles plages des Landes dans le sud-ouest, une destination id\u00e9ale pour des vacances les pieds dans l\u2019eau qui comblera toutes les envies.","breadcrumb":{"@id":"https:\/\/www.campings.com\/fr\/content\/guide-vacances-landes\/plages-landes\/#breadcrumb"},"inLanguage":"fr-FR","potentialAction":[{"@type":"ReadAction","target":["https:\/\/www.campings.com\/fr\/content\/guide-vacances-landes\/plages-landes\/"]}]},{"@type":"ImageObject","inLanguage":"fr-FR","@id":"https:\/\/www.campings.com\/fr\/content\/guide-vacances-landes\/plages-landes\/#primaryimage","url":"https:\/\/www.campings.com\/fr\/content\/wp-content\/uploads\/2021\/09\/Plage-Hossegor.jpg","contentUrl":"https:\/\/www.campings.com\/fr\/content\/wp-content\/uploads\/2021\/09\/Plage-Hossegor.jpg","width":1000,"height":665},{"@type":"BreadcrumbList","@id":"https:\/\/www.campings.com\/fr\/content\/guide-vacances-landes\/plages-landes\/#breadcrumb","itemListElement":[{"@type":"ListItem","position":1,"name":"Home","item":"https:\/\/www.campings.com\/fr\/content\/"},{"@type":"ListItem","position":2,"name":"Le guide de vos vacances dans les Landes","item":"https:\/\/www.campings.com\/fr\/content\/guide-vacances-landes\/"},{"@type":"ListItem","position":3,"name":"Les plus belles plages des Landes"}]},{"@type":"WebSite","@id":"https:\/\/www.campings.com\/fr\/content\/#website","url":"https:\/\/www.campings.com\/fr\/content\/","name":"","description":"","publisher":{"@id":"https:\/\/www.campings.com\/fr\/content\/#organization"},"potentialAction":[{"@type":"SearchAction","target":{"@type":"EntryPoint","urlTemplate":"https:\/\/www.campings.com\/fr\/content\/?s={search_term_string}"},"query-input":{"@type":"PropertyValueSpecification","valueRequired":true,"valueName":"search_term_string"}}],"inLanguage":"fr-FR"},{"@type":"Organization","@id":"https:\/\/www.campings.com\/fr\/content\/#organization","name":"CAMPINGS.COM","url":"https:\/\/www.campings.com\/fr\/content\/","logo":{"@type":"ImageObject","inLanguage":"fr-FR","@id":"https:\/\/www.campings.com\/fr\/content\/#\/schema\/logo\/image\/","url":"https:\/\/www.campings.com\/fr\/content\/wp-content\/uploads\/2019\/01\/cropped-logo-1.png","contentUrl":"https:\/\/www.campings.com\/fr\/content\/wp-content\/uploads\/2019\/01\/cropped-logo-1.png","width":174,"height":42,"caption":"CAMPINGS.COM"},"image":{"@id":"https:\/\/www.campings.com\/fr\/content\/#\/schema\/logo\/image\/"}}]}},"_links":{"self":[{"href":"https:\/\/www.campings.com\/fr\/content\/wp-json\/wp\/v2\/pages\/3183","targetHints":{"allow":["GET"]}}],"collection":[{"href":"https:\/\/www.campings.com\/fr\/content\/wp-json\/wp\/v2\/pages"}],"about":[{"href":"https:\/\/www.campings.com\/fr\/content\/wp-json\/wp\/v2\/types\/page"}],"author":[{"embeddable":true,"href":"https:\/\/www.campings.com\/fr\/content\/wp-json\/wp\/v2\/users\/18"}],"replies":[{"embeddable":true,"href":"https:\/\/www.campings.com\/fr\/content\/wp-json\/wp\/v2\/comments?post=3183"}],"version-history":[{"count":1,"href":"https:\/\/www.campings.com\/fr\/content\/wp-json\/wp\/v2\/pages\/3183\/revisions"}],"predecessor-version":[{"id":3186,"href":"https:\/\/www.campings.com\/fr\/content\/wp-json\/wp\/v2\/pages\/3183\/revisions\/3186"}],"up":[{"embeddable":true,"href":"https:\/\/www.campings.com\/fr\/content\/wp-json\/wp\/v2\/pages\/3163"}],"wp:attachment":[{"href":"https:\/\/www.campings.com\/fr\/content\/wp-json\/wp\/v2\/media?parent=3183"}],"curies":[{"name":"wp","href":"https:\/\/api.w.org\/{rel}","templated":true}]}}