{"id":3179,"date":"2021-09-20T16:55:38","date_gmt":"2021-09-20T16:55:38","guid":{"rendered":"https:\/\/www.campings.com\/fr\/content\/?page_id=3179"},"modified":"2021-09-20T16:55:38","modified_gmt":"2021-09-20T16:55:38","slug":"marches-landes","status":"publish","type":"page","link":"https:\/\/www.campings.com\/fr\/content\/guide-vacances-landes\/marches-landes\/","title":{"rendered":"Les principaux march\u00e9s \u00e0 visiter dans les Landes"},"content":{"rendered":"<p>Pendant vos vacances dans les Landes, ne manquez pas de visiter les nombreux march\u00e9s qui pars\u00e8ment le d\u00e9partement. Une occasion d\u2019aller \u00e0 la rencontre de ses habitants, toujours souriants et chaleureux tout en d\u00e9couvrant les produits locaux.<\/p>\n<p>Situ\u00e9es dans le pays basque fran\u00e7ais, les\u00a0<a href=\"https:\/\/www.campings.com\/fr\/content\/guide-vacances-landes\/\"><strong><u>Landes<\/u><\/strong>\u00a0<\/a>sont r\u00e9put\u00e9es pour ses produits du terroir, sa gastronomie et son artisanat. Afin de d\u00e9couvrir tous les tr\u00e9sors de ce d\u00e9partement, n\u2019h\u00e9sitez pas \u00e0 faire une halte dans ses march\u00e9s pendant votre s\u00e9jour. Plusieurs march\u00e9s r\u00e9partis dans diff\u00e9rentes villes y sont r\u00e9pertori\u00e9s. Suivez le guide !<\/p>\n<h2><strong>Les march\u00e9s de Biscarrosse<\/strong><\/h2>\n<p>Biscarrosse compte de nombreux march\u00e9s o\u00f9 il fait bon fl\u00e2ner. Voici les plus beaux march\u00e9s \u00e0 faire :<\/p>\n<h3><strong>Le march\u00e9 de Biscarrosse ville, le vendredi et dimanche matin<\/strong><\/h3>\n<p>Tous les vendredis et dimanches matins \u00e0 Biscarrosse, se tient un march\u00e9 r\u00e9unissant les agriculteurs et les fermiers de la r\u00e9gion. Productions fruiti\u00e8res et maraich\u00e8res, fruits de mer, produits fermiers\u2026 le temps d\u2019une balade, vous appr\u00e9cierez la diversit\u00e9 du terroir landais.<\/p>\n<h3><strong>Le march\u00e9 de Biscarrosse plage, le samedi matin<\/strong><\/h3>\n<p>Le march\u00e9 du samedi matin \u00e0 Biscarrosse est un rendez-vous incontournable. De nombreux commer\u00e7ants vous attendent sur la Place Dufau, \u00e0 la plage, entre 8 h et 13 h. Vous d\u00e9couvrirez toutes les sp\u00e9cialit\u00e9s locales \u00e0 travers leurs \u00e9tals color\u00e9s et vari\u00e9s.<\/p>\n<h3><strong>Le march\u00e9 nocturne de Biscarrosse plage l\u2019\u00e9t\u00e9<\/strong><\/h3>\n<p>Tous les \u00e9t\u00e9s, la ville de Biscarosse organise un march\u00e9 nocturne. C\u2019est l\u2019occasion de d\u00e9couvrir les produits locaux et la culture landaise sous une autre facette, dans une ambiance anim\u00e9e.<\/p>\n<h2><strong>Les march\u00e9s d\u2019Hossegor<\/strong><\/h2>\n<p>Apr\u00e8s\u00a0<strong><u>Biscarosse<\/u><\/strong>, la ville d\u2019Hossegor vous r\u00e9serve aussi de belles surprises. Pour une immersion au c\u0153ur de la culture landaise, ne manquez pas de visiter ses diff\u00e9rents march\u00e9s.<\/p>\n<h3><strong>Les Halles \u00e0 Hossegor\u00a0<\/strong><\/h3>\n<p>Si vous passez \u00e0 Biscarosse, n\u2019oubliez pas de vous arr\u00eater aux Halles. Ce grand centre commercial propose un large choix de maroquinerie, v\u00eatements et chaussures pour tous les \u00e2ges. Apr\u00e8s votre shopping, vous pourrez d\u00e9guster des sp\u00e9cialit\u00e9s locales au bistrot des Halles, une adresse incontournable.<\/p>\n<h3><strong>\u00ab March\u00e9 de Pays \u00bb \u00e0 Soorts<\/strong><\/h3>\n<p>Ce march\u00e9 se tient tous les samedis matin au front de mer de Soorts. Agr\u00e9able et convivial, ce march\u00e9 propose des animations nombreuses et vari\u00e9es. De plus, le March\u00e9 de Pays est une bonne adresse pour rencontrer les producteurs locaux.<\/p>\n<h2><strong>Les march\u00e9s \u00e0 Mimizan<\/strong><\/h2>\n<p>Si vous aimez les bons produits de saison, ne ratez pas les march\u00e9s de la commune de Mimizan dans les <a href=\"https:\/\/www.campings.com\/fr\/content\/guide-vacances-landes\/\"><strong>Landes<\/strong><\/a>. Vous y d\u00e9couvrirez un choix vari\u00e9 de produits.<\/p>\n<h3><strong>Le march\u00e9 traditionnel \u00e0 Mimizan Bourg<\/strong><\/h3>\n<p>Le march\u00e9 traditionnel de Mimizan Bourg est un lieu propice aux \u00e9changes et aux d\u00e9couvertes. Sur place, les commer\u00e7ants se feront un plaisir de partager leurs recettes. Ce march\u00e9 est aussi un bon endroit pour trouver de quoi faire un pique-nique \u00e0 la plage.<\/p>\n<h3><strong>Le march\u00e9 de Mimizan Plage<\/strong><\/h3>\n<p>Envie de d\u00e9couvrir les merveilles de la mer du Sud-Ouest ? Faites un saut au march\u00e9 de Mimizan Plage o\u00f9 vous pourrez y acheter des poissons frais, des langoustes, des crevettes\u2026 crus ou cuisin\u00e9s. Vous y trouverez aussi un large choix d\u2019objets artisanaux.<\/p>\n<h2><strong>Les march\u00e9s de Capbreton<\/strong><\/h2>\n<h3><strong>Le march\u00e9 aux poissons<\/strong><\/h3>\n<p>Le march\u00e9 aux poissons se tient tous les jours au Port de Capbreton. Vous pouvez vous y rendre pour faire le plein de produits frais tout en observant les bateaux des p\u00eacheurs de pr\u00e8s.<\/p>\n<p><img loading=\"lazy\" decoding=\"async\" class=\"alignnone size-full wp-image-3180\" src=\"https:\/\/www.campings.com\/fr\/content\/wp-content\/uploads\/2021\/09\/March\u00e9-1-1.jpg\" alt=\"\" width=\"1000\" height=\"665\" srcset=\"https:\/\/www.campings.com\/fr\/content\/wp-content\/uploads\/2021\/09\/March\u00e9-1-1.jpg 1000w, https:\/\/www.campings.com\/fr\/content\/wp-content\/uploads\/2021\/09\/March\u00e9-1-1-300x200.jpg 300w, https:\/\/www.campings.com\/fr\/content\/wp-content\/uploads\/2021\/09\/March\u00e9-1-1-768x511.jpg 768w, https:\/\/www.campings.com\/fr\/content\/wp-content\/uploads\/2021\/09\/March\u00e9-1-1-450x299.jpg 450w, https:\/\/www.campings.com\/fr\/content\/wp-content\/uploads\/2021\/09\/March\u00e9-1-1-430x286.jpg 430w\" sizes=\"auto, (max-width: 1000px) 100vw, 1000px\" \/><\/p>\n<h3><strong>Le march\u00e9 alimentaire et traditionnel<\/strong><\/h3>\n<p>Le march\u00e9 alimentaire et traditionnel se tient tous les samedis matins. Pendant la saison estivale, il se tient sur 3 jours, \u00e0 savoir le mardi, le jeudi et le samedi. Dans ce march\u00e9 en grande partie saisonnier, les fruits et les l\u00e9gumes du moment sont toujours \u00e0 l\u2019honneur sur les \u00e9talages.<\/p>\n<h3><strong>Le march\u00e9 estival de nuit de Capbreton<\/strong><\/h3>\n<p>Chaque \u00e9t\u00e9, la ville de Capbreton organise un march\u00e9 nocturne o\u00f9 r\u00e8gne une ambiance festive et anim\u00e9e. Un rendez-vous tr\u00e8s pris\u00e9 par les locaux et les touristes qui aiment s\u2019y retrouver pour passer un bon moment.<\/p>\n<h2><strong>Les march\u00e9s hebdomadaires de Dax<\/strong><\/h2>\n<p>Si vous s\u00e9journez \u00e0 Dax en fin de semaine, n\u2019oubliez pas de visiter ses march\u00e9s hebdomadaires. Les samedis et dimanches matins, un march\u00e9 alimentaire se tient sur la Place Camille Bouvet, Roger Ducos et Halles. Le march\u00e9 non alimentaire se tient quant \u00e0 lui Place de la Fontaine Chaude.<\/p>\n<h2><strong>Les march\u00e9s \u00e0 Vieux-Boucau<\/strong><\/h2>\n<p>Les march\u00e9s \u00e0 Vieux-Boucau sont des lieux paisibles et conviviaux o\u00f9 fl\u00e2ner et faire du shopping.<\/p>\n<h3><strong>Le march\u00e9 des m\u00e9tiers d\u2019art le mercredi<\/strong><\/h3>\n<p>Le march\u00e9 des m\u00e9tiers d\u2019art se tient tous les mercredis pendant les mois de juillet et ao\u00fbt. Cet \u00e9v\u00e9nement artistique boucalais vous permettra de rencontrer une quarantaine d\u2019artisans cr\u00e9ateurs.<\/p>\n<h3><strong>Le march\u00e9 nocturne du lundi soir<\/strong><\/h3>\n<p>Un de ces jolis march\u00e9s nocturnes qui vous invitent \u00e0 la fl\u00e2nerie. Vous pourrez vous d\u00e9tendre au gr\u00e9 de ses all\u00e9es apr\u00e8s une journ\u00e9e charg\u00e9e.<\/p>\n<h3><strong>Le march\u00e9 traditionnel quotidien<\/strong><\/h3>\n<p>Tous les jours (sauf le dimanche), ce march\u00e9 traditionnel propose aux visiteurs un large choix de produits locaux divers.<\/p>\n<p><img loading=\"lazy\" decoding=\"async\" class=\"alignnone size-full wp-image-3181\" src=\"https:\/\/www.campings.com\/fr\/content\/wp-content\/uploads\/2021\/09\/March\u00e9-2-1.jpg\" alt=\"\" width=\"1000\" height=\"665\" srcset=\"https:\/\/www.campings.com\/fr\/content\/wp-content\/uploads\/2021\/09\/March\u00e9-2-1.jpg 1000w, https:\/\/www.campings.com\/fr\/content\/wp-content\/uploads\/2021\/09\/March\u00e9-2-1-300x200.jpg 300w, https:\/\/www.campings.com\/fr\/content\/wp-content\/uploads\/2021\/09\/March\u00e9-2-1-768x511.jpg 768w, https:\/\/www.campings.com\/fr\/content\/wp-content\/uploads\/2021\/09\/March\u00e9-2-1-450x299.jpg 450w, https:\/\/www.campings.com\/fr\/content\/wp-content\/uploads\/2021\/09\/March\u00e9-2-1-430x286.jpg 430w\" sizes=\"auto, (max-width: 1000px) 100vw, 1000px\" \/><\/p>\n<h2><strong>S\u00e9lection de campings dans les Landes, \u00e0 proximit\u00e9 des march\u00e9s\u00a0<\/strong><\/h2>\n<p>Envie de loger \u00e0 proximit\u00e9 des march\u00e9s pendant vos vacances dans les\u00a0<a href=\"https:\/\/www.campings.com\/fr\/content\/guide-vacances-landes\/\"><strong><u>Landes<\/u><\/strong>\u00a0<\/a>? Voici 3 campings \u00e0 d\u00e9couvrir.<\/p>\n<h3><strong>Camping Mayotte Vacances<\/strong><\/h3>\n<p>Ce camping 5 \u00e9toiles se trouve \u00e0 proximit\u00e9 des march\u00e9s de Biscarosse.<\/p>\n<p><a href=\"https:\/\/www.campings.com\/fr\/camping\/camping-mayotte-vacances-76910\">Plus d\u2019infos sur le camping Mayotte Vacances<\/a>.<\/p>\n<h3><strong>Camping La Pointe<\/strong><\/h3>\n<p>Les march\u00e9s de Capbreton sont situ\u00e9s \u00e0 proximit\u00e9 de cet \u00e9tablissement. Vous pourrez vous y rendre \u00e0 pied ou \u00e0 v\u00e9lo.<\/p>\n<p><a href=\"https:\/\/www.campings.com\/fr\/camping\/camping-la-pointe-77019\">Plus d\u2019infos sur le Camping La Pointe<\/a>.<\/p>\n<h3><strong>Camping de La Plage<\/strong><\/h3>\n<p>En optant pour une location dans de camping vous acc\u00e9derez plus facilement aux march\u00e9s de Mimizan.<\/p>\n<p><a href=\"https:\/\/www.campings.com\/fr\/camping\/camping-de-la-plage-77818\">Plus d\u2019infos sur le Camping de La Plage<\/a>.<\/p>\n","protected":false},"excerpt":{"rendered":"<p>Pendant vos vacances dans les Landes, ne manquez pas de visiter les nombreux march\u00e9s qui pars\u00e8ment le d\u00e9partement. Une occasion d\u2019aller \u00e0 la rencontre de ses habitants, toujours souriants et chaleureux tout en d\u00e9couvrant les produits locaux. Situ\u00e9es dans le pays basque fran\u00e7ais, les\u00a0Landes\u00a0sont r\u00e9put\u00e9es pour ses produits du terroir, sa gastronomie et son artisanat. [&hellip;]<\/p>\n","protected":false},"author":18,"featured_media":0,"parent":3163,"menu_order":0,"comment_status":"closed","ping_status":"closed","template":"template-twocolumns.php","meta":{"_acf_changed":false,"footnotes":""},"class_list":["post-3179","page","type-page","status-publish","hentry"],"acf":[],"yoast_head":"<!-- This site is optimized with the Yoast SEO plugin v27.1.1 - https:\/\/yoast.com\/product\/yoast-seo-wordpress\/ -->\n<title>Les principaux march\u00e9s \u00e0 visiter dans les Landes -<\/title>\n<meta name=\"description\" content=\"Partez \u00e0 la d\u00e9couverte des meilleurs march\u00e9s du d\u00e9partement des Landes pendant vos vacances o\u00f9 vous pourrez d\u00e9couvrir toutes les richesses de son terroir.\" \/>\n<meta name=\"robots\" content=\"index, follow, max-snippet:-1, max-image-preview:large, max-video-preview:-1\" \/>\n<link rel=\"canonical\" href=\"https:\/\/www.campings.com\/fr\/content\/guide-vacances-landes\/marches-landes\/\" \/>\n<meta property=\"og:locale\" content=\"fr_FR\" \/>\n<meta property=\"og:type\" content=\"article\" \/>\n<meta property=\"og:title\" content=\"Les principaux march\u00e9s \u00e0 visiter dans les Landes -\" \/>\n<meta property=\"og:description\" content=\"Partez \u00e0 la d\u00e9couverte des meilleurs march\u00e9s du d\u00e9partement des Landes pendant vos vacances o\u00f9 vous pourrez d\u00e9couvrir toutes les richesses de son terroir.\" \/>\n<meta property=\"og:url\" content=\"https:\/\/www.campings.com\/fr\/content\/guide-vacances-landes\/marches-landes\/\" \/>\n<meta name=\"twitter:card\" content=\"summary_large_image\" \/>\n<meta name=\"twitter:label1\" content=\"Dur\u00e9e de lecture estim\u00e9e\" \/>\n\t<meta name=\"twitter:data1\" content=\"5 minutes\" \/>\n<script type=\"application\/ld+json\" class=\"yoast-schema-graph\">{\"@context\":\"https:\/\/schema.org\",\"@graph\":[{\"@type\":\"WebPage\",\"@id\":\"https:\/\/www.campings.com\/fr\/content\/guide-vacances-landes\/marches-landes\/\",\"url\":\"https:\/\/www.campings.com\/fr\/content\/guide-vacances-landes\/marches-landes\/\",\"name\":\"Les principaux march\u00e9s \u00e0 visiter dans les Landes -\",\"isPartOf\":{\"@id\":\"https:\/\/www.campings.com\/fr\/content\/#website\"},\"datePublished\":\"2021-09-20T16:55:38+00:00\",\"description\":\"Partez \u00e0 la d\u00e9couverte des meilleurs march\u00e9s du d\u00e9partement des Landes pendant vos vacances o\u00f9 vous pourrez d\u00e9couvrir toutes les richesses de son terroir.\",\"breadcrumb\":{\"@id\":\"https:\/\/www.campings.com\/fr\/content\/guide-vacances-landes\/marches-landes\/#breadcrumb\"},\"inLanguage\":\"fr-FR\",\"potentialAction\":[{\"@type\":\"ReadAction\",\"target\":[\"https:\/\/www.campings.com\/fr\/content\/guide-vacances-landes\/marches-landes\/\"]}]},{\"@type\":\"BreadcrumbList\",\"@id\":\"https:\/\/www.campings.com\/fr\/content\/guide-vacances-landes\/marches-landes\/#breadcrumb\",\"itemListElement\":[{\"@type\":\"ListItem\",\"position\":1,\"name\":\"Home\",\"item\":\"https:\/\/www.campings.com\/fr\/content\/\"},{\"@type\":\"ListItem\",\"position\":2,\"name\":\"Le guide de vos vacances dans les Landes\",\"item\":\"https:\/\/www.campings.com\/fr\/content\/guide-vacances-landes\/\"},{\"@type\":\"ListItem\",\"position\":3,\"name\":\"Les principaux march\u00e9s \u00e0 visiter dans les Landes\"}]},{\"@type\":\"WebSite\",\"@id\":\"https:\/\/www.campings.com\/fr\/content\/#website\",\"url\":\"https:\/\/www.campings.com\/fr\/content\/\",\"name\":\"\",\"description\":\"\",\"publisher\":{\"@id\":\"https:\/\/www.campings.com\/fr\/content\/#organization\"},\"potentialAction\":[{\"@type\":\"SearchAction\",\"target\":{\"@type\":\"EntryPoint\",\"urlTemplate\":\"https:\/\/www.campings.com\/fr\/content\/?s={search_term_string}\"},\"query-input\":{\"@type\":\"PropertyValueSpecification\",\"valueRequired\":true,\"valueName\":\"search_term_string\"}}],\"inLanguage\":\"fr-FR\"},{\"@type\":\"Organization\",\"@id\":\"https:\/\/www.campings.com\/fr\/content\/#organization\",\"name\":\"CAMPINGS.COM\",\"url\":\"https:\/\/www.campings.com\/fr\/content\/\",\"logo\":{\"@type\":\"ImageObject\",\"inLanguage\":\"fr-FR\",\"@id\":\"https:\/\/www.campings.com\/fr\/content\/#\/schema\/logo\/image\/\",\"url\":\"https:\/\/www.campings.com\/fr\/content\/wp-content\/uploads\/2019\/01\/cropped-logo-1.png\",\"contentUrl\":\"https:\/\/www.campings.com\/fr\/content\/wp-content\/uploads\/2019\/01\/cropped-logo-1.png\",\"width\":174,\"height\":42,\"caption\":\"CAMPINGS.COM\"},\"image\":{\"@id\":\"https:\/\/www.campings.com\/fr\/content\/#\/schema\/logo\/image\/\"}}]}<\/script>\n<!-- \/ Yoast SEO plugin. -->","yoast_head_json":{"title":"Les principaux march\u00e9s \u00e0 visiter dans les Landes -","description":"Partez \u00e0 la d\u00e9couverte des meilleurs march\u00e9s du d\u00e9partement des Landes pendant vos vacances o\u00f9 vous pourrez d\u00e9couvrir toutes les richesses de son terroir.","robots":{"index":"index","follow":"follow","max-snippet":"max-snippet:-1","max-image-preview":"max-image-preview:large","max-video-preview":"max-video-preview:-1"},"canonical":"https:\/\/www.campings.com\/fr\/content\/guide-vacances-landes\/marches-landes\/","og_locale":"fr_FR","og_type":"article","og_title":"Les principaux march\u00e9s \u00e0 visiter dans les Landes -","og_description":"Partez \u00e0 la d\u00e9couverte des meilleurs march\u00e9s du d\u00e9partement des Landes pendant vos vacances o\u00f9 vous pourrez d\u00e9couvrir toutes les richesses de son terroir.","og_url":"https:\/\/www.campings.com\/fr\/content\/guide-vacances-landes\/marches-landes\/","twitter_card":"summary_large_image","twitter_misc":{"Dur\u00e9e de lecture estim\u00e9e":"5 minutes"},"schema":{"@context":"https:\/\/schema.org","@graph":[{"@type":"WebPage","@id":"https:\/\/www.campings.com\/fr\/content\/guide-vacances-landes\/marches-landes\/","url":"https:\/\/www.campings.com\/fr\/content\/guide-vacances-landes\/marches-landes\/","name":"Les principaux march\u00e9s \u00e0 visiter dans les Landes -","isPartOf":{"@id":"https:\/\/www.campings.com\/fr\/content\/#website"},"datePublished":"2021-09-20T16:55:38+00:00","description":"Partez \u00e0 la d\u00e9couverte des meilleurs march\u00e9s du d\u00e9partement des Landes pendant vos vacances o\u00f9 vous pourrez d\u00e9couvrir toutes les richesses de son terroir.","breadcrumb":{"@id":"https:\/\/www.campings.com\/fr\/content\/guide-vacances-landes\/marches-landes\/#breadcrumb"},"inLanguage":"fr-FR","potentialAction":[{"@type":"ReadAction","target":["https:\/\/www.campings.com\/fr\/content\/guide-vacances-landes\/marches-landes\/"]}]},{"@type":"BreadcrumbList","@id":"https:\/\/www.campings.com\/fr\/content\/guide-vacances-landes\/marches-landes\/#breadcrumb","itemListElement":[{"@type":"ListItem","position":1,"name":"Home","item":"https:\/\/www.campings.com\/fr\/content\/"},{"@type":"ListItem","position":2,"name":"Le guide de vos vacances dans les Landes","item":"https:\/\/www.campings.com\/fr\/content\/guide-vacances-landes\/"},{"@type":"ListItem","position":3,"name":"Les principaux march\u00e9s \u00e0 visiter dans les Landes"}]},{"@type":"WebSite","@id":"https:\/\/www.campings.com\/fr\/content\/#website","url":"https:\/\/www.campings.com\/fr\/content\/","name":"","description":"","publisher":{"@id":"https:\/\/www.campings.com\/fr\/content\/#organization"},"potentialAction":[{"@type":"SearchAction","target":{"@type":"EntryPoint","urlTemplate":"https:\/\/www.campings.com\/fr\/content\/?s={search_term_string}"},"query-input":{"@type":"PropertyValueSpecification","valueRequired":true,"valueName":"search_term_string"}}],"inLanguage":"fr-FR"},{"@type":"Organization","@id":"https:\/\/www.campings.com\/fr\/content\/#organization","name":"CAMPINGS.COM","url":"https:\/\/www.campings.com\/fr\/content\/","logo":{"@type":"ImageObject","inLanguage":"fr-FR","@id":"https:\/\/www.campings.com\/fr\/content\/#\/schema\/logo\/image\/","url":"https:\/\/www.campings.com\/fr\/content\/wp-content\/uploads\/2019\/01\/cropped-logo-1.png","contentUrl":"https:\/\/www.campings.com\/fr\/content\/wp-content\/uploads\/2019\/01\/cropped-logo-1.png","width":174,"height":42,"caption":"CAMPINGS.COM"},"image":{"@id":"https:\/\/www.campings.com\/fr\/content\/#\/schema\/logo\/image\/"}}]}},"_links":{"self":[{"href":"https:\/\/www.campings.com\/fr\/content\/wp-json\/wp\/v2\/pages\/3179","targetHints":{"allow":["GET"]}}],"collection":[{"href":"https:\/\/www.campings.com\/fr\/content\/wp-json\/wp\/v2\/pages"}],"about":[{"href":"https:\/\/www.campings.com\/fr\/content\/wp-json\/wp\/v2\/types\/page"}],"author":[{"embeddable":true,"href":"https:\/\/www.campings.com\/fr\/content\/wp-json\/wp\/v2\/users\/18"}],"replies":[{"embeddable":true,"href":"https:\/\/www.campings.com\/fr\/content\/wp-json\/wp\/v2\/comments?post=3179"}],"version-history":[{"count":1,"href":"https:\/\/www.campings.com\/fr\/content\/wp-json\/wp\/v2\/pages\/3179\/revisions"}],"predecessor-version":[{"id":3182,"href":"https:\/\/www.campings.com\/fr\/content\/wp-json\/wp\/v2\/pages\/3179\/revisions\/3182"}],"up":[{"embeddable":true,"href":"https:\/\/www.campings.com\/fr\/content\/wp-json\/wp\/v2\/pages\/3163"}],"wp:attachment":[{"href":"https:\/\/www.campings.com\/fr\/content\/wp-json\/wp\/v2\/media?parent=3179"}],"curies":[{"name":"wp","href":"https:\/\/api.w.org\/{rel}","templated":true}]}}