{"id":3175,"date":"2021-09-20T16:47:21","date_gmt":"2021-09-20T16:47:21","guid":{"rendered":"https:\/\/www.campings.com\/fr\/content\/?page_id=3175"},"modified":"2021-09-20T16:47:21","modified_gmt":"2021-09-20T16:47:21","slug":"feria-dax","status":"publish","type":"page","link":"https:\/\/www.campings.com\/fr\/content\/guide-vacances-landes\/feria-dax\/","title":{"rendered":"La Feria de Dax"},"content":{"rendered":"<p>\u00c0 Dax dans les Landes, se tient chaque ann\u00e9e la Feria de Dax. Cet \u00e9v\u00e9nement convivial et populaire offre un programme riche en festivit\u00e9s avec des animations, des spectacles, des concours\u2026<\/p>\n<p>\u00c0 la recherche d\u2019une destination festive pour vos prochaines vacances ? Le d\u00e9partement des\u00a0<a href=\"https:\/\/www.campings.com\/fr\/content\/guide-vacances-landes\/\"><strong>Landes<\/strong>\u00a0<\/a>est l\u2019endroit id\u00e9al pour faire la f\u00eate et se d\u00e9tendre. Avec ses nombreuses ferias, vous ne risquez pas de vous ennuyer ! La feria de Dax, qui se tient en ao\u00fbt, est l\u2019une des plus r\u00e9put\u00e9es de la r\u00e9gion. Au programme : de la musique, de la bonne humeur et une ambiance chaleureuse. Tous les ingr\u00e9dients sont r\u00e9unis pour passer des moments agr\u00e9ables en famille ou entre amis.<\/p>\n<p>En raison de la situation sanitaire actuelle, la feria n\u2019aura pas lieu cette ann\u00e9e. Cependant, des corridas seront organis\u00e9es \u00e0 partir du mois d\u2019ao\u00fbt jusqu\u2019en septembre.<\/p>\n<h2><strong>L\u2019histoire de la Feria de la ville de Dax<\/strong><\/h2>\n<p>La Feria de Dax est un \u00e9v\u00e9nement festif dont les origines remontent \u00e0 l\u2019\u00e9poque m\u00e9di\u00e9vale. \u00c0 l\u2019\u00e9poque, Dax est le plus grand centre \u00e9conomique de la r\u00e9gion. Des foires et des march\u00e9s agricoles sont organis\u00e9s chaque ann\u00e9e pour multiplier les \u00e9changes entre agriculteurs, \u00e9leveurs et artisans. Au 19\u00e8me si\u00e8cle, ces \u00e9changes commerciaux prennent une tournure un peu plus festive. Des r\u00e9jouissances populaires sont alors organis\u00e9es. Cependant, les dates ne sont pas encore fixes. Il faut attendre les ann\u00e9es 1980 pour que la date du 15 ao\u00fbt, marquant le d\u00e9but de la feria, soit ent\u00e9rin\u00e9e dans le calendrier. Cette date est maintenue jusqu\u2019\u00e0 ce jour. Les divertissements durent 5 jours et de nombreuses activit\u00e9s sont pr\u00e9vues pour animer toute la ville.<\/p>\n<h2><strong>Le programme de la Feria<\/strong><\/h2>\n<p>Depuis 2020, en raison de la pand\u00e9mie du coronavirus, le programme de la Feria de Dax est diff\u00e9rent. Pour cette nouvelle \u00e9dition, les f\u00eates populaires sont interdites. N\u00e9anmoins, certaines activit\u00e9s sont maintenues :<\/p>\n<h3><strong>Les corridas dans les ar\u00e8nes de Dax<\/strong><\/h3>\n<p>Des corridas auront lieu \u00e0 Dax en ao\u00fbt et en septembre avec des ar\u00e8nes remplies \u00e0 moiti\u00e9. Pour le mois d\u2019ao\u00fbt, trois corridas sont au programme:<\/p>\n<ul>\n<li>Toros de Nunez del Cuvillo pour Morante de la Puebla, Roca Rey et Pablo Aguado le vendredi 13 ao\u00fbt \u00e0 18 h ;<\/li>\n<li>Toros de Santiago Domecq pour Miguel Angel Perrera, Gines Marin et Juan L\u00e9al le dimanche 15 ao\u00fbt \u00e0 18 h ;<\/li>\n<li>Novillada non piqu\u00e9e le samedi 14 ao\u00fbt \u00e0 11h et novillada piqu\u00e9e de Zacarias Moreno le dimanche 15 ao\u00fbt \u00e0 11 h.<\/li>\n<\/ul>\n<p>En septembre, deux spectacles sont pr\u00e9vus:<\/p>\n<ul>\n<li>Toros de Pedraza de Yelt\u00e8s pour Morenito de Aranda, Thomas Dufau et Gomez del Pilar le 11 septembre ;<\/li>\n<li>Corrida de Victoriano del Rio pour un mano \u00e0 mano Daniel Luque &#8211; Roca Rey qui va se tenir le 12 septembre \u00e0 17h 30.<\/li>\n<\/ul>\n<h3><strong>La course landaise<\/strong><\/h3>\n<p>La course landaise est un art qui consiste \u00e0 affronter et \u00e0 esquiver l\u2019agressivit\u00e9 de la vache. Un spectacle riche en sensations fortes ! Entre angoisse, peur, fous rires et suspense, vous ne risquez pas de vous ennuyer.<\/p>\n<p><img loading=\"lazy\" decoding=\"async\" class=\"alignnone size-full wp-image-3176\" src=\"https:\/\/www.campings.com\/fr\/content\/wp-content\/uploads\/2021\/09\/Feria-Course-Landaise.jpg\" alt=\"\" width=\"1000\" height=\"665\" srcset=\"https:\/\/www.campings.com\/fr\/content\/wp-content\/uploads\/2021\/09\/Feria-Course-Landaise.jpg 1000w, https:\/\/www.campings.com\/fr\/content\/wp-content\/uploads\/2021\/09\/Feria-Course-Landaise-300x200.jpg 300w, https:\/\/www.campings.com\/fr\/content\/wp-content\/uploads\/2021\/09\/Feria-Course-Landaise-768x511.jpg 768w, https:\/\/www.campings.com\/fr\/content\/wp-content\/uploads\/2021\/09\/Feria-Course-Landaise-450x299.jpg 450w, https:\/\/www.campings.com\/fr\/content\/wp-content\/uploads\/2021\/09\/Feria-Course-Landaise-430x286.jpg 430w\" sizes=\"auto, (max-width: 1000px) 100vw, 1000px\" \/><\/p>\n<h3>Le feu d\u2019artifice<\/h3>\n<p>Un magnifique feu d\u2019artifice est \u00e9galement pr\u00e9vu pendant la feria de Dax. Cette explosion de couleurs \u00e9parpill\u00e9es dans le ciel vous laissera des souvenirs inoubliables !<\/p>\n<h2><strong>Les bodega et la musique au c\u0153ur de la Feria<\/strong><\/h2>\n<p>Lors des ferias dans les\u00a0<a href=\"https:\/\/www.campings.com\/fr\/content\/guide-vacances-landes\/\"><strong>Landes<\/strong><\/a>, les bodegas sont des rendez-vous incontournables. Dans ces lieux typiques des Landes, vous pourrez faire la f\u00eate sans mod\u00e9ration, un verre de sangria \u00e0 la main.<\/p>\n<h2><strong>Quels v\u00eatements porter lors des ferias ?<\/strong><\/h2>\n<p>Pour vous rendre \u00e0 une feria, vous devez de respecter le code vestimentaire inspir\u00e9 des f\u00eates de Pampelune. Une tenue blanche avec des accessoires rouges : foulard, chapeau et autres accessoires fantaisistes.<\/p>\n<h2><strong>S\u00e9lection de campings dans les Landes, \u00e0 proximit\u00e9 de Dax\u00a0<\/strong><\/h2>\n<p>Pour acc\u00e9der facilement aux festivit\u00e9s des\u00a0<a href=\"https:\/\/www.campings.com\/fr\/content\/guide-vacances-landes\/\"><strong>Landes<\/strong><\/a>, nous avons s\u00e9lectionn\u00e9 ces trois campings.<\/p>\n<h3><strong>Camping Le Bascat<\/strong><\/h3>\n<p>Ce camping, situ\u00e9 \u00e0 proximit\u00e9 d\u2019un march\u00e9 propose de nombreuses activit\u00e9s pour se d\u00e9tendre pendant vos vacances dans les Landes.<\/p>\n<p><a href=\"https:\/\/www.campings.com\/fr\/camping\/camping-le-bascat-80418\">Plus d\u2019infos sur le Camping Le Bascat<\/a>.<\/p>\n<h3><strong>Camping Les Pins du Soleil<\/strong><\/h3>\n<p>Situ\u00e9 sur la Route des Mini\u00e8res, cet \u00e9tablissement dispose de mobil homes adapt\u00e9s aux couples et aux familles.<\/p>\n<p><a href=\"https:\/\/www.campings.com\/fr\/camping\/camping-les-pins-du-soleil-76580\">Plus d\u2019infos sur le Camping Les Pins du Soleil<\/a>.<\/p>\n<h3><strong>Camping Les Vignes<\/strong><\/h3>\n<p>Ce camping est une bonne adresse pour profiter des plaisirs de la baignade. Sur place, de nombreuses activit\u00e9s divertissantes et ludiques vous attendent pour un s\u00e9jour agr\u00e9able.<\/p>\n<p><a href=\"https:\/\/www.campings.com\/fr\/camping\/camping-les-vignes-76661\">Plus d\u2019infos sur le Camping Les Vignes<\/a>.<\/p>\n<p>&nbsp;<\/p>\n","protected":false},"excerpt":{"rendered":"<p>\u00c0 Dax dans les Landes, se tient chaque ann\u00e9e la Feria de Dax. Cet \u00e9v\u00e9nement convivial et populaire offre un programme riche en festivit\u00e9s avec des animations, des spectacles, des concours\u2026 \u00c0 la recherche d\u2019une destination festive pour vos prochaines vacances ? Le d\u00e9partement des\u00a0Landes\u00a0est l\u2019endroit id\u00e9al pour faire la f\u00eate et se d\u00e9tendre. Avec [&hellip;]<\/p>\n","protected":false},"author":18,"featured_media":0,"parent":3163,"menu_order":0,"comment_status":"closed","ping_status":"closed","template":"template-twocolumns.php","meta":{"_acf_changed":false,"footnotes":""},"class_list":["post-3175","page","type-page","status-publish","hentry"],"acf":[],"yoast_head":"<!-- This site is optimized with the Yoast SEO plugin v27.1.1 - https:\/\/yoast.com\/product\/yoast-seo-wordpress\/ -->\n<title>La Feria de Dax -<\/title>\n<meta name=\"description\" content=\"Partez \u00e0 la d\u00e9couverte de la Feria de Dax, dans les Landes, le rendez-vous incontournable des amoureux de musique, de f\u00eate et de tauromachie.\" \/>\n<meta name=\"robots\" content=\"index, follow, max-snippet:-1, max-image-preview:large, max-video-preview:-1\" \/>\n<link rel=\"canonical\" href=\"https:\/\/www.campings.com\/fr\/content\/guide-vacances-landes\/feria-dax\/\" \/>\n<meta property=\"og:locale\" content=\"fr_FR\" \/>\n<meta property=\"og:type\" content=\"article\" \/>\n<meta property=\"og:title\" content=\"La Feria de Dax -\" \/>\n<meta property=\"og:description\" content=\"Partez \u00e0 la d\u00e9couverte de la Feria de Dax, dans les Landes, le rendez-vous incontournable des amoureux de musique, de f\u00eate et de tauromachie.\" \/>\n<meta property=\"og:url\" content=\"https:\/\/www.campings.com\/fr\/content\/guide-vacances-landes\/feria-dax\/\" \/>\n<meta property=\"og:image\" content=\"https:\/\/www.campings.com\/fr\/content\/wp-content\/uploads\/2021\/09\/Feria-Course-Landaise.jpg\" \/>\n\t<meta property=\"og:image:width\" content=\"1000\" \/>\n\t<meta property=\"og:image:height\" content=\"665\" \/>\n\t<meta property=\"og:image:type\" content=\"image\/jpeg\" \/>\n<meta name=\"twitter:card\" content=\"summary_large_image\" \/>\n<meta name=\"twitter:label1\" content=\"Dur\u00e9e de lecture estim\u00e9e\" \/>\n\t<meta name=\"twitter:data1\" content=\"4 minutes\" \/>\n<script type=\"application\/ld+json\" class=\"yoast-schema-graph\">{\"@context\":\"https:\/\/schema.org\",\"@graph\":[{\"@type\":\"WebPage\",\"@id\":\"https:\/\/www.campings.com\/fr\/content\/guide-vacances-landes\/feria-dax\/\",\"url\":\"https:\/\/www.campings.com\/fr\/content\/guide-vacances-landes\/feria-dax\/\",\"name\":\"La Feria de Dax -\",\"isPartOf\":{\"@id\":\"https:\/\/www.campings.com\/fr\/content\/#website\"},\"primaryImageOfPage\":{\"@id\":\"https:\/\/www.campings.com\/fr\/content\/guide-vacances-landes\/feria-dax\/#primaryimage\"},\"image\":{\"@id\":\"https:\/\/www.campings.com\/fr\/content\/guide-vacances-landes\/feria-dax\/#primaryimage\"},\"thumbnailUrl\":\"https:\/\/www.campings.com\/fr\/content\/wp-content\/uploads\/2021\/09\/Feria-Course-Landaise.jpg\",\"datePublished\":\"2021-09-20T16:47:21+00:00\",\"description\":\"Partez \u00e0 la d\u00e9couverte de la Feria de Dax, dans les Landes, le rendez-vous incontournable des amoureux de musique, de f\u00eate et de tauromachie.\",\"breadcrumb\":{\"@id\":\"https:\/\/www.campings.com\/fr\/content\/guide-vacances-landes\/feria-dax\/#breadcrumb\"},\"inLanguage\":\"fr-FR\",\"potentialAction\":[{\"@type\":\"ReadAction\",\"target\":[\"https:\/\/www.campings.com\/fr\/content\/guide-vacances-landes\/feria-dax\/\"]}]},{\"@type\":\"ImageObject\",\"inLanguage\":\"fr-FR\",\"@id\":\"https:\/\/www.campings.com\/fr\/content\/guide-vacances-landes\/feria-dax\/#primaryimage\",\"url\":\"https:\/\/www.campings.com\/fr\/content\/wp-content\/uploads\/2021\/09\/Feria-Course-Landaise.jpg\",\"contentUrl\":\"https:\/\/www.campings.com\/fr\/content\/wp-content\/uploads\/2021\/09\/Feria-Course-Landaise.jpg\",\"width\":1000,\"height\":665},{\"@type\":\"BreadcrumbList\",\"@id\":\"https:\/\/www.campings.com\/fr\/content\/guide-vacances-landes\/feria-dax\/#breadcrumb\",\"itemListElement\":[{\"@type\":\"ListItem\",\"position\":1,\"name\":\"Home\",\"item\":\"https:\/\/www.campings.com\/fr\/content\/\"},{\"@type\":\"ListItem\",\"position\":2,\"name\":\"Le guide de vos vacances dans les Landes\",\"item\":\"https:\/\/www.campings.com\/fr\/content\/guide-vacances-landes\/\"},{\"@type\":\"ListItem\",\"position\":3,\"name\":\"La Feria de Dax\"}]},{\"@type\":\"WebSite\",\"@id\":\"https:\/\/www.campings.com\/fr\/content\/#website\",\"url\":\"https:\/\/www.campings.com\/fr\/content\/\",\"name\":\"\",\"description\":\"\",\"publisher\":{\"@id\":\"https:\/\/www.campings.com\/fr\/content\/#organization\"},\"potentialAction\":[{\"@type\":\"SearchAction\",\"target\":{\"@type\":\"EntryPoint\",\"urlTemplate\":\"https:\/\/www.campings.com\/fr\/content\/?s={search_term_string}\"},\"query-input\":{\"@type\":\"PropertyValueSpecification\",\"valueRequired\":true,\"valueName\":\"search_term_string\"}}],\"inLanguage\":\"fr-FR\"},{\"@type\":\"Organization\",\"@id\":\"https:\/\/www.campings.com\/fr\/content\/#organization\",\"name\":\"CAMPINGS.COM\",\"url\":\"https:\/\/www.campings.com\/fr\/content\/\",\"logo\":{\"@type\":\"ImageObject\",\"inLanguage\":\"fr-FR\",\"@id\":\"https:\/\/www.campings.com\/fr\/content\/#\/schema\/logo\/image\/\",\"url\":\"https:\/\/www.campings.com\/fr\/content\/wp-content\/uploads\/2019\/01\/cropped-logo-1.png\",\"contentUrl\":\"https:\/\/www.campings.com\/fr\/content\/wp-content\/uploads\/2019\/01\/cropped-logo-1.png\",\"width\":174,\"height\":42,\"caption\":\"CAMPINGS.COM\"},\"image\":{\"@id\":\"https:\/\/www.campings.com\/fr\/content\/#\/schema\/logo\/image\/\"}}]}<\/script>\n<!-- \/ Yoast SEO plugin. -->","yoast_head_json":{"title":"La Feria de Dax -","description":"Partez \u00e0 la d\u00e9couverte de la Feria de Dax, dans les Landes, le rendez-vous incontournable des amoureux de musique, de f\u00eate et de tauromachie.","robots":{"index":"index","follow":"follow","max-snippet":"max-snippet:-1","max-image-preview":"max-image-preview:large","max-video-preview":"max-video-preview:-1"},"canonical":"https:\/\/www.campings.com\/fr\/content\/guide-vacances-landes\/feria-dax\/","og_locale":"fr_FR","og_type":"article","og_title":"La Feria de Dax -","og_description":"Partez \u00e0 la d\u00e9couverte de la Feria de Dax, dans les Landes, le rendez-vous incontournable des amoureux de musique, de f\u00eate et de tauromachie.","og_url":"https:\/\/www.campings.com\/fr\/content\/guide-vacances-landes\/feria-dax\/","og_image":[{"width":1000,"height":665,"url":"https:\/\/www.campings.com\/fr\/content\/wp-content\/uploads\/2021\/09\/Feria-Course-Landaise.jpg","type":"image\/jpeg"}],"twitter_card":"summary_large_image","twitter_misc":{"Dur\u00e9e de lecture estim\u00e9e":"4 minutes"},"schema":{"@context":"https:\/\/schema.org","@graph":[{"@type":"WebPage","@id":"https:\/\/www.campings.com\/fr\/content\/guide-vacances-landes\/feria-dax\/","url":"https:\/\/www.campings.com\/fr\/content\/guide-vacances-landes\/feria-dax\/","name":"La Feria de Dax -","isPartOf":{"@id":"https:\/\/www.campings.com\/fr\/content\/#website"},"primaryImageOfPage":{"@id":"https:\/\/www.campings.com\/fr\/content\/guide-vacances-landes\/feria-dax\/#primaryimage"},"image":{"@id":"https:\/\/www.campings.com\/fr\/content\/guide-vacances-landes\/feria-dax\/#primaryimage"},"thumbnailUrl":"https:\/\/www.campings.com\/fr\/content\/wp-content\/uploads\/2021\/09\/Feria-Course-Landaise.jpg","datePublished":"2021-09-20T16:47:21+00:00","description":"Partez \u00e0 la d\u00e9couverte de la Feria de Dax, dans les Landes, le rendez-vous incontournable des amoureux de musique, de f\u00eate et de tauromachie.","breadcrumb":{"@id":"https:\/\/www.campings.com\/fr\/content\/guide-vacances-landes\/feria-dax\/#breadcrumb"},"inLanguage":"fr-FR","potentialAction":[{"@type":"ReadAction","target":["https:\/\/www.campings.com\/fr\/content\/guide-vacances-landes\/feria-dax\/"]}]},{"@type":"ImageObject","inLanguage":"fr-FR","@id":"https:\/\/www.campings.com\/fr\/content\/guide-vacances-landes\/feria-dax\/#primaryimage","url":"https:\/\/www.campings.com\/fr\/content\/wp-content\/uploads\/2021\/09\/Feria-Course-Landaise.jpg","contentUrl":"https:\/\/www.campings.com\/fr\/content\/wp-content\/uploads\/2021\/09\/Feria-Course-Landaise.jpg","width":1000,"height":665},{"@type":"BreadcrumbList","@id":"https:\/\/www.campings.com\/fr\/content\/guide-vacances-landes\/feria-dax\/#breadcrumb","itemListElement":[{"@type":"ListItem","position":1,"name":"Home","item":"https:\/\/www.campings.com\/fr\/content\/"},{"@type":"ListItem","position":2,"name":"Le guide de vos vacances dans les Landes","item":"https:\/\/www.campings.com\/fr\/content\/guide-vacances-landes\/"},{"@type":"ListItem","position":3,"name":"La Feria de Dax"}]},{"@type":"WebSite","@id":"https:\/\/www.campings.com\/fr\/content\/#website","url":"https:\/\/www.campings.com\/fr\/content\/","name":"","description":"","publisher":{"@id":"https:\/\/www.campings.com\/fr\/content\/#organization"},"potentialAction":[{"@type":"SearchAction","target":{"@type":"EntryPoint","urlTemplate":"https:\/\/www.campings.com\/fr\/content\/?s={search_term_string}"},"query-input":{"@type":"PropertyValueSpecification","valueRequired":true,"valueName":"search_term_string"}}],"inLanguage":"fr-FR"},{"@type":"Organization","@id":"https:\/\/www.campings.com\/fr\/content\/#organization","name":"CAMPINGS.COM","url":"https:\/\/www.campings.com\/fr\/content\/","logo":{"@type":"ImageObject","inLanguage":"fr-FR","@id":"https:\/\/www.campings.com\/fr\/content\/#\/schema\/logo\/image\/","url":"https:\/\/www.campings.com\/fr\/content\/wp-content\/uploads\/2019\/01\/cropped-logo-1.png","contentUrl":"https:\/\/www.campings.com\/fr\/content\/wp-content\/uploads\/2019\/01\/cropped-logo-1.png","width":174,"height":42,"caption":"CAMPINGS.COM"},"image":{"@id":"https:\/\/www.campings.com\/fr\/content\/#\/schema\/logo\/image\/"}}]}},"_links":{"self":[{"href":"https:\/\/www.campings.com\/fr\/content\/wp-json\/wp\/v2\/pages\/3175","targetHints":{"allow":["GET"]}}],"collection":[{"href":"https:\/\/www.campings.com\/fr\/content\/wp-json\/wp\/v2\/pages"}],"about":[{"href":"https:\/\/www.campings.com\/fr\/content\/wp-json\/wp\/v2\/types\/page"}],"author":[{"embeddable":true,"href":"https:\/\/www.campings.com\/fr\/content\/wp-json\/wp\/v2\/users\/18"}],"replies":[{"embeddable":true,"href":"https:\/\/www.campings.com\/fr\/content\/wp-json\/wp\/v2\/comments?post=3175"}],"version-history":[{"count":1,"href":"https:\/\/www.campings.com\/fr\/content\/wp-json\/wp\/v2\/pages\/3175\/revisions"}],"predecessor-version":[{"id":3178,"href":"https:\/\/www.campings.com\/fr\/content\/wp-json\/wp\/v2\/pages\/3175\/revisions\/3178"}],"up":[{"embeddable":true,"href":"https:\/\/www.campings.com\/fr\/content\/wp-json\/wp\/v2\/pages\/3163"}],"wp:attachment":[{"href":"https:\/\/www.campings.com\/fr\/content\/wp-json\/wp\/v2\/media?parent=3175"}],"curies":[{"name":"wp","href":"https:\/\/api.w.org\/{rel}","templated":true}]}}