{"id":3169,"date":"2021-09-20T16:41:31","date_gmt":"2021-09-20T16:41:31","guid":{"rendered":"https:\/\/www.campings.com\/fr\/content\/?page_id=3169"},"modified":"2021-09-20T16:41:31","modified_gmt":"2021-09-20T16:41:31","slug":"spots-surf-landes","status":"publish","type":"page","link":"https:\/\/www.campings.com\/fr\/content\/guide-vacances-landes\/spots-surf-landes\/","title":{"rendered":"Les meilleurs spots de surf dans les Landes"},"content":{"rendered":"<p>Vous \u00eates surfeur amateur ou exp\u00e9riment\u00e9 en qu\u00eate de belles vagues ? Les Landes sont une destination id\u00e9ale pour vivre pleinement votre passion ! Avec ses kilom\u00e8tres de plages de sable fin et ses grandes vagues, la r\u00e9gion offre un cadre idyllique pour des vacances sous le signe de la glisse.<\/p>\n<p>Envie d\u2019un s\u00e9jour sportif sur la c\u00f4te landaise pour dompter les vagues ? Dans les\u00a0<a href=\"https:\/\/www.campings.com\/fr\/content\/guide-vacances-landes\/\"><strong>Landes<\/strong><\/a>, le surf est bien plus qu\u2019un sport. C\u2019est une vraie culture qui se transmet de g\u00e9n\u00e9ration en g\u00e9n\u00e9ration. Et pour cause ! Le d\u00e9partement abrite les plus beaux spots de surf au monde. Certaines villes des Landes accueillent chaque ann\u00e9e des comp\u00e9titions nationales et internationales pour le plus grand bonheur des passionn\u00e9s.<\/p>\n<h2><strong>Les meilleurs spots de surf des Landes\u00a0<\/strong><\/h2>\n<p>Dans le Sud-Ouest, les Landes regorgent de plages de spots mythiques, propices \u00e0 la pratique du surf, pour tous les niveaux.<\/p>\n<h3><strong>La plage Nord de Biscarrosse<\/strong><\/h3>\n<p>De belles vagues rondes vous attendent au Nord de Biscarosse. Ce spot est l\u2019endroit parfait pour les d\u00e9butants souhaitant se perfectionner. En plus de la splendeur de l\u2019oc\u00e9an, vous serez immerg\u00e9s en plein c\u0153ur d\u2019une nature \u00e0 la beaut\u00e9 sauvage. Dans cette zone, la houle peut vite changer au cours de la journ\u00e9e. Vous devez donc rester prudent et concentr\u00e9 tout au long de vos s\u00e9ances.<\/p>\n<h3><strong>La Plage Remember, le spot de Mimizan\u00a0<\/strong><\/h3>\n<p>\u00c0 Mimizan, ce spot de surf est id\u00e9al pour les d\u00e9butants qui souhaitent s\u2019initier \u00e0 ce sport. Dans cette partie des Landes, les vagues r\u00e9servent toujours de belles surprises aux surfeurs. Si vous recherchez un moniteur pour vous perfectionner, plusieurs \u00e9coles de surf se trouvent \u00e0 proximit\u00e9 de la plage Remember.<\/p>\n<h3><strong>La Centrale d\u2019Hossegor<\/strong><\/h3>\n<p>Hossegor est la capitale du surf en France. La plage Centrale est situ\u00e9e en plein centre-ville, \u00e0 proximit\u00e9 de la place des Landais. En \u00e9t\u00e9, cette plage est la plus fr\u00e9quent\u00e9e de la station baln\u00e9aire. Les surfeurs pourront pleinement s\u2019y adonner \u00e0 leur passion.<\/p>\n<h3><strong>Les Estagnots \u00e0 Seignosse<\/strong><\/h3>\n<p>Aux Estagnots \u00e0 Seignosse, les vagues, \u00e0 la fois puissantes et creuses, combleront les surfeurs aguerris. M\u00eame si vous n\u2019avez pas le courage de d\u00e9fier la houle, vous devez absolument vous y rendre ! Le magnifique spectacle des vagues s\u2019\u00e9crasant sur la plage avec de grands bruits vaut le d\u00e9tour.<\/p>\n<h3><strong>La piste \u00e0 Capbreton<\/strong><\/h3>\n<p>\u00c0 Capbreton, la puissance des vagues ravira les adeptes de sensations fortes. Pratiquer le surf dans cette zone est une belle opportunit\u00e9 d\u2019affronter ses peurs et de repousser ses limites. Des moments riches en adr\u00e9naline vous attendent ! Si vous d\u00e9butez en surf, mieux vaut \u00eatre accompagn\u00e9 car les conditions m\u00e9t\u00e9o sont parfois impr\u00e9visibles.<\/p>\n<p><img loading=\"lazy\" decoding=\"async\" class=\"alignnone size-full wp-image-3170\" src=\"https:\/\/www.campings.com\/fr\/content\/wp-content\/uploads\/2021\/09\/Surf-1.jpg\" alt=\"\" width=\"1000\" height=\"665\" srcset=\"https:\/\/www.campings.com\/fr\/content\/wp-content\/uploads\/2021\/09\/Surf-1.jpg 1000w, https:\/\/www.campings.com\/fr\/content\/wp-content\/uploads\/2021\/09\/Surf-1-300x200.jpg 300w, https:\/\/www.campings.com\/fr\/content\/wp-content\/uploads\/2021\/09\/Surf-1-768x511.jpg 768w, https:\/\/www.campings.com\/fr\/content\/wp-content\/uploads\/2021\/09\/Surf-1-450x299.jpg 450w, https:\/\/www.campings.com\/fr\/content\/wp-content\/uploads\/2021\/09\/Surf-1-430x286.jpg 430w\" sizes=\"auto, (max-width: 1000px) 100vw, 1000px\" \/><\/p>\n<h2><strong>Conseils et astuces pour dompter les vagues quand on est d\u00e9butant en surf\u00a0<\/strong><\/h2>\n<p>Pour s\u2019initier en toute s\u00e9curit\u00e9, le meilleur moyen est d\u2019int\u00e9grer une \u00e9cole de surf dans les\u00a0<a href=\"https:\/\/www.campings.com\/fr\/content\/guide-vacances-landes\/\"><strong>Landes<\/strong><\/a>. Pour savoir si vous \u00eates r\u00e9ellement fait pour ce sport, faites ce petit test.<\/p>\n<ul>\n<li>Avez-vous un niveau de nage correct pour apprivoiser la houle ?<\/li>\n<li>Savez-vous nager sous l\u2019eau et retenir votre souffle pendant plusieurs secondes ?<\/li>\n<li>Avez-vous peur des vagues ?<\/li>\n<\/ul>\n<p>Et pour s\u2019\u00e9panouir pleinement dans la pratique du surf, la pers\u00e9v\u00e9rance, la patience et l\u2019humilit\u00e9 sont des qualit\u00e9s indispensables.<\/p>\n<p>Si vous vous reconnaissez dans ce profil, vous pouvez commencer \u00e0 rassembler tout le mat\u00e9riel n\u00e9cessaire pour bien pratiquer le surf. Premi\u00e8re \u00e9tape : s\u2019\u00e9quiper d\u2019une planche de surf adapt\u00e9e \u00e0 sa morphologie. Vous devez aussi choisir une tenue adapt\u00e9e \u00e0 la saison : combinaison, maillot de bain, t-shirt, short\u2026 Le leash est un accessoire indispensable qui vous reliera \u00e0 votre planche.<\/p>\n<p>Enfin, en tant que d\u00e9butant, vous devez toujours garder ces 3 r\u00e8gles de base en t\u00eate :<\/p>\n<ul>\n<li>Ne jamais s\u2019aventurer seul dans l\u2019oc\u00e9an ;<\/li>\n<li>Toujours s\u2019informer sur les conditions m\u00e9t\u00e9orologiques avant de surfer ;<\/li>\n<li>Bien se prot\u00e9ger du froid ou du soleil.<\/li>\n<\/ul>\n<h2><strong>Faire un camp de surf dans les Landes\u00a0<\/strong><\/h2>\n<p>Pour un s\u00e9jour sportif, optez pour un camp de surf. Dans les Landes, ces camps sont nombreux et permettent de conjuguer sport et d\u00e9tente dans un contexte convivial. De plus, ces camps sont g\u00e9n\u00e9ralement situ\u00e9s dans un cadre naturel, entre mer et for\u00eat, parfait pour des vacances. Sur place, vous apprendrez \u00e0 apprivoiser les vagues avec un moniteur dipl\u00f4m\u00e9 et exp\u00e9riment\u00e9.<\/p>\n<p>Plus qu\u2019un simple lieu d\u2019apprentissage, le camp vous permettra de rencontrer des passionn\u00e9s de surf et partager vos exp\u00e9riences. Toutes les animations ont \u00e9t\u00e9 pens\u00e9es pour vous immerger dans la culture et l\u2019univers du surf. Apr\u00e8s les cours, des barbecues sont souvent organis\u00e9s pour se d\u00e9tendre dans une ambiance festive et conviviale.<\/p>\n<p>La c\u00f4te landaise r\u00e9pertorie plusieurs camps et \u00e9coles de surf. Parmi eux, le Nature Surf Camp \u00e0 Messages et le Silver\u2019Landes.<\/p>\n<p><img loading=\"lazy\" decoding=\"async\" class=\"alignnone size-full wp-image-3172\" src=\"https:\/\/www.campings.com\/fr\/content\/wp-content\/uploads\/2021\/09\/Surf-2-1.jpg\" alt=\"\" width=\"1000\" height=\"665\" srcset=\"https:\/\/www.campings.com\/fr\/content\/wp-content\/uploads\/2021\/09\/Surf-2-1.jpg 1000w, https:\/\/www.campings.com\/fr\/content\/wp-content\/uploads\/2021\/09\/Surf-2-1-300x200.jpg 300w, https:\/\/www.campings.com\/fr\/content\/wp-content\/uploads\/2021\/09\/Surf-2-1-768x511.jpg 768w, https:\/\/www.campings.com\/fr\/content\/wp-content\/uploads\/2021\/09\/Surf-2-1-450x299.jpg 450w, https:\/\/www.campings.com\/fr\/content\/wp-content\/uploads\/2021\/09\/Surf-2-1-430x286.jpg 430w\" sizes=\"auto, (max-width: 1000px) 100vw, 1000px\" \/><\/p>\n<h2><strong>Les comp\u00e9titions et championnats de surf en France<\/strong><\/h2>\n<p>Dans les Landes, la ville d\u2019Hossegor accueille chaque ann\u00e9e le championnat du monde de surf. La comp\u00e9tition du Quiksilver &amp; Roxy Pro est un rendez-vous phare pour les passionn\u00e9s de surf. Il se d\u00e9roule suivant un calendrier pr\u00e9\u00e9tabli. Contrairement aux saisons pr\u00e9c\u00e9dentes, le calendrier s\u2019est resserr\u00e9 cette ann\u00e9e. Si auparavant les \u00e9preuves se d\u00e9roulaient pendant une ann\u00e9e enti\u00e8re, aujourd\u2019hui la dur\u00e9e est r\u00e9duite \u00e0 6 mois.<\/p>\n<p>D\u2019autres comp\u00e9titions nationales se tiennent \u00e9galement dans les Landes tous les ans o\u00f9 petits et grands peuvent participer. Le Pitchoun Tour, le Championnat des Landes Open\/Junior, les Championnats des Landes Master et le Challenge La Nord.<\/p>\n<h2><strong>S\u00e9lection de campings pour un surf trip dans les Landes\u00a0<\/strong><\/h2>\n<p>Envie de surfer \u00e0 votre guise pendant votre s\u00e9jour dans les\u00a0<a href=\"https:\/\/www.campings.com\/fr\/content\/guide-vacances-landes\/\"><strong>Landes\u00a0<\/strong><\/a>? Optez pour un h\u00e9bergement \u00e0 proximit\u00e9 d\u2019un spot de surf. Nous avons s\u00e9lectionn\u00e9 ces 3 adresses de campings.<\/p>\n<h3><strong>Camping La Pointe<\/strong><\/h3>\n<p>Situ\u00e9 en bord de mer \u00e0 Capbreton, ce camping offre un acc\u00e8s libre \u00e0 la mer et \u00e0 la plage. Id\u00e9al pour des vacances en famille, cet \u00e9tablissement propose un large choix d\u2019activit\u00e9s pour tous les \u00e2ges. Piscine ext\u00e9rieure chauff\u00e9e, toboggan aquatique, aire de jeux aquatique, animations en journ\u00e9e et en soir\u00e9e\u2026 Vous ne risquez pas de vous ennuyer !<\/p>\n<p><a href=\"https:\/\/www.campings.com\/fr\/camping\/camping-la-pointe-77019\">Plus d\u2019infos sur le Camping La Pointe<\/a>.<\/p>\n<h3><strong>Camping Les Oyats\u00a0<\/strong><\/h3>\n<p>Ce camping est situ\u00e9 \u00e0 proximit\u00e9 du spot de surf de Seignosse. De ce fait, l\u2019\u00e9tablissement b\u00e9n\u00e9ficie d\u2019un emplacement parfait pour les surfeurs.<\/p>\n<p>Les mobil homes sont spacieux et confortables. Sur place, de nombreux \u00e9quipements et services sont propos\u00e9s pour rendre votre s\u00e9jour agr\u00e9able. Le rapport qualit\u00e9-prix y est tr\u00e8s correct.<\/p>\n<p><a href=\"https:\/\/www.campings.com\/fr\/camping\/camping-les-oyats-76753\">Plus d\u2019infos sur le Camping Les Oyats<\/a>.<\/p>\n<h3><strong>Camping de La Plage<\/strong><\/h3>\n<p>Si vous souhaitez dompter les grosses vagues de Mimizan, La Plage est le parfait endroit o\u00f9 poser vos valises. Situ\u00e9 \u00e0 seulement 400 m\u00e8tres de la plage, l\u2019\u00e9tablissement propose des mobil homes confortables \u00e0 un prix abordable. Sur place, tout a \u00e9t\u00e9 pens\u00e9 pour rendre votre s\u00e9jour agr\u00e9able, que vous soyez seul, en couple, ou en famille. Des activit\u00e9s ludiques et vari\u00e9es vous attendent tout au long de votre s\u00e9jour.<\/p>\n<p><a href=\"https:\/\/www.campings.com\/fr\/camping\/camping-de-la-plage-77818\">Plus d\u2019infos sur le Camping de La Plage<\/a>.<\/p>\n","protected":false},"excerpt":{"rendered":"<p>Vous \u00eates surfeur amateur ou exp\u00e9riment\u00e9 en qu\u00eate de belles vagues ? Les Landes sont une destination id\u00e9ale pour vivre pleinement votre passion ! Avec ses kilom\u00e8tres de plages de sable fin et ses grandes vagues, la r\u00e9gion offre un cadre idyllique pour des vacances sous le signe de la glisse. Envie d\u2019un s\u00e9jour sportif [&hellip;]<\/p>\n","protected":false},"author":18,"featured_media":0,"parent":3163,"menu_order":0,"comment_status":"closed","ping_status":"closed","template":"template-twocolumns.php","meta":{"_acf_changed":false,"footnotes":""},"class_list":["post-3169","page","type-page","status-publish","hentry"],"acf":[],"yoast_head":"<!-- This site is optimized with the Yoast SEO plugin v27.1.1 - https:\/\/yoast.com\/product\/yoast-seo-wordpress\/ -->\n<title>Les meilleurs spots de surf dans les Landes -<\/title>\n<meta name=\"description\" content=\"D\u00e9couvrez les meilleurs spots de surf de la c\u00f4te landaise o\u00f9 dompter la vague, un lieu pris\u00e9 par les surfeurs professionnels, les amateurs et les d\u00e9butants.\" \/>\n<meta name=\"robots\" content=\"index, follow, max-snippet:-1, max-image-preview:large, max-video-preview:-1\" \/>\n<link rel=\"canonical\" href=\"https:\/\/www.campings.com\/fr\/content\/guide-vacances-landes\/spots-surf-landes\/\" \/>\n<meta property=\"og:locale\" content=\"fr_FR\" \/>\n<meta property=\"og:type\" content=\"article\" \/>\n<meta property=\"og:title\" content=\"Les meilleurs spots de surf dans les Landes -\" \/>\n<meta property=\"og:description\" content=\"D\u00e9couvrez les meilleurs spots de surf de la c\u00f4te landaise o\u00f9 dompter la vague, un lieu pris\u00e9 par les surfeurs professionnels, les amateurs et les d\u00e9butants.\" \/>\n<meta property=\"og:url\" content=\"https:\/\/www.campings.com\/fr\/content\/guide-vacances-landes\/spots-surf-landes\/\" \/>\n<meta property=\"og:image\" content=\"https:\/\/www.campings.com\/fr\/content\/wp-content\/uploads\/2021\/09\/Surf-1.jpg\" \/>\n\t<meta property=\"og:image:width\" content=\"1000\" \/>\n\t<meta property=\"og:image:height\" content=\"665\" \/>\n\t<meta property=\"og:image:type\" content=\"image\/jpeg\" \/>\n<meta name=\"twitter:card\" content=\"summary_large_image\" \/>\n<meta name=\"twitter:label1\" content=\"Dur\u00e9e de lecture estim\u00e9e\" \/>\n\t<meta name=\"twitter:data1\" content=\"6 minutes\" \/>\n<script type=\"application\/ld+json\" class=\"yoast-schema-graph\">{\"@context\":\"https:\/\/schema.org\",\"@graph\":[{\"@type\":\"WebPage\",\"@id\":\"https:\/\/www.campings.com\/fr\/content\/guide-vacances-landes\/spots-surf-landes\/\",\"url\":\"https:\/\/www.campings.com\/fr\/content\/guide-vacances-landes\/spots-surf-landes\/\",\"name\":\"Les meilleurs spots de surf dans les Landes -\",\"isPartOf\":{\"@id\":\"https:\/\/www.campings.com\/fr\/content\/#website\"},\"primaryImageOfPage\":{\"@id\":\"https:\/\/www.campings.com\/fr\/content\/guide-vacances-landes\/spots-surf-landes\/#primaryimage\"},\"image\":{\"@id\":\"https:\/\/www.campings.com\/fr\/content\/guide-vacances-landes\/spots-surf-landes\/#primaryimage\"},\"thumbnailUrl\":\"https:\/\/www.campings.com\/fr\/content\/wp-content\/uploads\/2021\/09\/Surf-1.jpg\",\"datePublished\":\"2021-09-20T16:41:31+00:00\",\"description\":\"D\u00e9couvrez les meilleurs spots de surf de la c\u00f4te landaise o\u00f9 dompter la vague, un lieu pris\u00e9 par les surfeurs professionnels, les amateurs et les d\u00e9butants.\",\"breadcrumb\":{\"@id\":\"https:\/\/www.campings.com\/fr\/content\/guide-vacances-landes\/spots-surf-landes\/#breadcrumb\"},\"inLanguage\":\"fr-FR\",\"potentialAction\":[{\"@type\":\"ReadAction\",\"target\":[\"https:\/\/www.campings.com\/fr\/content\/guide-vacances-landes\/spots-surf-landes\/\"]}]},{\"@type\":\"ImageObject\",\"inLanguage\":\"fr-FR\",\"@id\":\"https:\/\/www.campings.com\/fr\/content\/guide-vacances-landes\/spots-surf-landes\/#primaryimage\",\"url\":\"https:\/\/www.campings.com\/fr\/content\/wp-content\/uploads\/2021\/09\/Surf-1.jpg\",\"contentUrl\":\"https:\/\/www.campings.com\/fr\/content\/wp-content\/uploads\/2021\/09\/Surf-1.jpg\",\"width\":1000,\"height\":665},{\"@type\":\"BreadcrumbList\",\"@id\":\"https:\/\/www.campings.com\/fr\/content\/guide-vacances-landes\/spots-surf-landes\/#breadcrumb\",\"itemListElement\":[{\"@type\":\"ListItem\",\"position\":1,\"name\":\"Home\",\"item\":\"https:\/\/www.campings.com\/fr\/content\/\"},{\"@type\":\"ListItem\",\"position\":2,\"name\":\"Le guide de vos vacances dans les Landes\",\"item\":\"https:\/\/www.campings.com\/fr\/content\/guide-vacances-landes\/\"},{\"@type\":\"ListItem\",\"position\":3,\"name\":\"Les meilleurs spots de surf dans les Landes\"}]},{\"@type\":\"WebSite\",\"@id\":\"https:\/\/www.campings.com\/fr\/content\/#website\",\"url\":\"https:\/\/www.campings.com\/fr\/content\/\",\"name\":\"\",\"description\":\"\",\"publisher\":{\"@id\":\"https:\/\/www.campings.com\/fr\/content\/#organization\"},\"potentialAction\":[{\"@type\":\"SearchAction\",\"target\":{\"@type\":\"EntryPoint\",\"urlTemplate\":\"https:\/\/www.campings.com\/fr\/content\/?s={search_term_string}\"},\"query-input\":{\"@type\":\"PropertyValueSpecification\",\"valueRequired\":true,\"valueName\":\"search_term_string\"}}],\"inLanguage\":\"fr-FR\"},{\"@type\":\"Organization\",\"@id\":\"https:\/\/www.campings.com\/fr\/content\/#organization\",\"name\":\"CAMPINGS.COM\",\"url\":\"https:\/\/www.campings.com\/fr\/content\/\",\"logo\":{\"@type\":\"ImageObject\",\"inLanguage\":\"fr-FR\",\"@id\":\"https:\/\/www.campings.com\/fr\/content\/#\/schema\/logo\/image\/\",\"url\":\"https:\/\/www.campings.com\/fr\/content\/wp-content\/uploads\/2019\/01\/cropped-logo-1.png\",\"contentUrl\":\"https:\/\/www.campings.com\/fr\/content\/wp-content\/uploads\/2019\/01\/cropped-logo-1.png\",\"width\":174,\"height\":42,\"caption\":\"CAMPINGS.COM\"},\"image\":{\"@id\":\"https:\/\/www.campings.com\/fr\/content\/#\/schema\/logo\/image\/\"}}]}<\/script>\n<!-- \/ Yoast SEO plugin. -->","yoast_head_json":{"title":"Les meilleurs spots de surf dans les Landes -","description":"D\u00e9couvrez les meilleurs spots de surf de la c\u00f4te landaise o\u00f9 dompter la vague, un lieu pris\u00e9 par les surfeurs professionnels, les amateurs et les d\u00e9butants.","robots":{"index":"index","follow":"follow","max-snippet":"max-snippet:-1","max-image-preview":"max-image-preview:large","max-video-preview":"max-video-preview:-1"},"canonical":"https:\/\/www.campings.com\/fr\/content\/guide-vacances-landes\/spots-surf-landes\/","og_locale":"fr_FR","og_type":"article","og_title":"Les meilleurs spots de surf dans les Landes -","og_description":"D\u00e9couvrez les meilleurs spots de surf de la c\u00f4te landaise o\u00f9 dompter la vague, un lieu pris\u00e9 par les surfeurs professionnels, les amateurs et les d\u00e9butants.","og_url":"https:\/\/www.campings.com\/fr\/content\/guide-vacances-landes\/spots-surf-landes\/","og_image":[{"width":1000,"height":665,"url":"https:\/\/www.campings.com\/fr\/content\/wp-content\/uploads\/2021\/09\/Surf-1.jpg","type":"image\/jpeg"}],"twitter_card":"summary_large_image","twitter_misc":{"Dur\u00e9e de lecture estim\u00e9e":"6 minutes"},"schema":{"@context":"https:\/\/schema.org","@graph":[{"@type":"WebPage","@id":"https:\/\/www.campings.com\/fr\/content\/guide-vacances-landes\/spots-surf-landes\/","url":"https:\/\/www.campings.com\/fr\/content\/guide-vacances-landes\/spots-surf-landes\/","name":"Les meilleurs spots de surf dans les Landes -","isPartOf":{"@id":"https:\/\/www.campings.com\/fr\/content\/#website"},"primaryImageOfPage":{"@id":"https:\/\/www.campings.com\/fr\/content\/guide-vacances-landes\/spots-surf-landes\/#primaryimage"},"image":{"@id":"https:\/\/www.campings.com\/fr\/content\/guide-vacances-landes\/spots-surf-landes\/#primaryimage"},"thumbnailUrl":"https:\/\/www.campings.com\/fr\/content\/wp-content\/uploads\/2021\/09\/Surf-1.jpg","datePublished":"2021-09-20T16:41:31+00:00","description":"D\u00e9couvrez les meilleurs spots de surf de la c\u00f4te landaise o\u00f9 dompter la vague, un lieu pris\u00e9 par les surfeurs professionnels, les amateurs et les d\u00e9butants.","breadcrumb":{"@id":"https:\/\/www.campings.com\/fr\/content\/guide-vacances-landes\/spots-surf-landes\/#breadcrumb"},"inLanguage":"fr-FR","potentialAction":[{"@type":"ReadAction","target":["https:\/\/www.campings.com\/fr\/content\/guide-vacances-landes\/spots-surf-landes\/"]}]},{"@type":"ImageObject","inLanguage":"fr-FR","@id":"https:\/\/www.campings.com\/fr\/content\/guide-vacances-landes\/spots-surf-landes\/#primaryimage","url":"https:\/\/www.campings.com\/fr\/content\/wp-content\/uploads\/2021\/09\/Surf-1.jpg","contentUrl":"https:\/\/www.campings.com\/fr\/content\/wp-content\/uploads\/2021\/09\/Surf-1.jpg","width":1000,"height":665},{"@type":"BreadcrumbList","@id":"https:\/\/www.campings.com\/fr\/content\/guide-vacances-landes\/spots-surf-landes\/#breadcrumb","itemListElement":[{"@type":"ListItem","position":1,"name":"Home","item":"https:\/\/www.campings.com\/fr\/content\/"},{"@type":"ListItem","position":2,"name":"Le guide de vos vacances dans les Landes","item":"https:\/\/www.campings.com\/fr\/content\/guide-vacances-landes\/"},{"@type":"ListItem","position":3,"name":"Les meilleurs spots de surf dans les Landes"}]},{"@type":"WebSite","@id":"https:\/\/www.campings.com\/fr\/content\/#website","url":"https:\/\/www.campings.com\/fr\/content\/","name":"","description":"","publisher":{"@id":"https:\/\/www.campings.com\/fr\/content\/#organization"},"potentialAction":[{"@type":"SearchAction","target":{"@type":"EntryPoint","urlTemplate":"https:\/\/www.campings.com\/fr\/content\/?s={search_term_string}"},"query-input":{"@type":"PropertyValueSpecification","valueRequired":true,"valueName":"search_term_string"}}],"inLanguage":"fr-FR"},{"@type":"Organization","@id":"https:\/\/www.campings.com\/fr\/content\/#organization","name":"CAMPINGS.COM","url":"https:\/\/www.campings.com\/fr\/content\/","logo":{"@type":"ImageObject","inLanguage":"fr-FR","@id":"https:\/\/www.campings.com\/fr\/content\/#\/schema\/logo\/image\/","url":"https:\/\/www.campings.com\/fr\/content\/wp-content\/uploads\/2019\/01\/cropped-logo-1.png","contentUrl":"https:\/\/www.campings.com\/fr\/content\/wp-content\/uploads\/2019\/01\/cropped-logo-1.png","width":174,"height":42,"caption":"CAMPINGS.COM"},"image":{"@id":"https:\/\/www.campings.com\/fr\/content\/#\/schema\/logo\/image\/"}}]}},"_links":{"self":[{"href":"https:\/\/www.campings.com\/fr\/content\/wp-json\/wp\/v2\/pages\/3169","targetHints":{"allow":["GET"]}}],"collection":[{"href":"https:\/\/www.campings.com\/fr\/content\/wp-json\/wp\/v2\/pages"}],"about":[{"href":"https:\/\/www.campings.com\/fr\/content\/wp-json\/wp\/v2\/types\/page"}],"author":[{"embeddable":true,"href":"https:\/\/www.campings.com\/fr\/content\/wp-json\/wp\/v2\/users\/18"}],"replies":[{"embeddable":true,"href":"https:\/\/www.campings.com\/fr\/content\/wp-json\/wp\/v2\/comments?post=3169"}],"version-history":[{"count":1,"href":"https:\/\/www.campings.com\/fr\/content\/wp-json\/wp\/v2\/pages\/3169\/revisions"}],"predecessor-version":[{"id":3173,"href":"https:\/\/www.campings.com\/fr\/content\/wp-json\/wp\/v2\/pages\/3169\/revisions\/3173"}],"up":[{"embeddable":true,"href":"https:\/\/www.campings.com\/fr\/content\/wp-json\/wp\/v2\/pages\/3163"}],"wp:attachment":[{"href":"https:\/\/www.campings.com\/fr\/content\/wp-json\/wp\/v2\/media?parent=3169"}],"curies":[{"name":"wp","href":"https:\/\/api.w.org\/{rel}","templated":true}]}}