{"id":3163,"date":"2021-09-20T16:31:13","date_gmt":"2021-09-20T16:31:13","guid":{"rendered":"https:\/\/www.campings.com\/fr\/content\/?page_id=3163"},"modified":"2021-09-20T17:22:11","modified_gmt":"2021-09-20T17:22:11","slug":"guide-vacances-landes","status":"publish","type":"page","link":"https:\/\/www.campings.com\/fr\/content\/guide-vacances-landes\/","title":{"rendered":"Le guide de vos vacances dans les Landes"},"content":{"rendered":"<p>\u00c0 la recherche d\u2019une destination nature pour vos prochaines vacances ? Mettez le cap sur les Landes ! Avec son littoral, ses for\u00eats et ses lacs, le d\u00e9partement est propice \u00e0 un large \u00e9ventail d\u2019activit\u00e9s sportives.<\/p>\n<p>Vous envisagez de s\u00e9journer dans le sud-ouest de la France ? <a href=\"https:\/\/www.campings.com\/fr\/france\/aquitaine\/landes\">Les Landes<\/a> sont une destination parfaite pour des vacances en famille ou entre amis.\u00a0Biscarosse, Mimizan, Hossegor, Capbreton\u2026 Le d\u00e9partement compte de nombreuses villes baln\u00e9aires o\u00f9 faire du surf ou de la randonn\u00e9e. La c\u00f4te landaise vous promet un s\u00e9jour actif et reposant !<\/p>\n<h2><strong>Les lieux d\u2019int\u00e9r\u00eat pendant vos vacances dans les Landes en bord de mer\u00a0<\/strong><\/h2>\n<h3><strong>Les plus belles plages<\/strong><\/h3>\n<p>La c\u00f4te landaise abrite la plus longue\u00a0<a href=\"https:\/\/www.campings.com\/fr\/content\/guide-vacances-landes\/plages-landes\/\"><strong><u>plage<\/u><\/strong>\u00a0<\/a>du continent europ\u00e9en. Celle-ci s\u2019\u00e9tend sur l\u2019ensemble du littoral, soit 106 km. Voici les meilleures stations baln\u00e9aires pour allier sport et d\u00e9tente :<\/p>\n<ul>\n<li><strong>La plage sauvage des Bourdaines \u00e0 Seignosse<\/strong><\/li>\n<\/ul>\n<p>La plage des Bourdaines est situ\u00e9e au nord de Soorts-Hossegor. Tr\u00e8s pris\u00e9e par les surfeurs, cette plage sauvage est parfaite pour ceux qui recherchent un peu de tranquillit\u00e9.<\/p>\n<ul>\n<li><strong>La plage de Contis<\/strong><\/li>\n<\/ul>\n<p>Entour\u00e9e de for\u00eats, la plage de Contis s\u2019\u00e9tend sur 27km de sable blond et offre des paysages \u00e0 couper le souffle.<\/p>\n<ul>\n<li><strong>La plage Centrale d\u2019Hossegor<\/strong><\/li>\n<\/ul>\n<p>Situ\u00e9e dans le centre-ville d\u2019Hossegor, cette plage accueille les plus grandes comp\u00e9titions de surf.<\/p>\n<ul>\n<li><strong>La plage Remember \u00e0 Mimizan<\/strong><\/li>\n<\/ul>\n<p>Situ\u00e9e au nord de Mimizan, Remember Plage est un spot assez fr\u00e9quent\u00e9, o\u00f9 r\u00e8gne une ambiance bon enfant.<\/p>\n<ul>\n<li><strong>La plage des Ch\u00eanes Li\u00e8ges \u00e0 Moliets et M\u00e2a<\/strong><\/li>\n<\/ul>\n<p>Parfaite pour une sortie en amoureux, la Plage des Ch\u00eanes Li\u00e8ges a su pr\u00e9server son c\u00f4t\u00e9 calme et sauvage.<\/p>\n<ul>\n<li><strong>La plage de la Lette Blanche \u00e0 Vielle-Saint-Girons<\/strong><\/li>\n<\/ul>\n<p>Cette plage, qui s\u2019\u00e9tend dans la R\u00e9serve Naturelle du Courant d\u2019Huchet est l\u2019un des sites les plus sauvages du littoral.<\/p>\n<ul>\n<li><strong>La plage de l\u2019Estacade \u00e0 Capbreton<\/strong><\/li>\n<\/ul>\n<p>Cette plage, parfaite pour une promenade romantique, est situ\u00e9e \u00e0 gauche de la passe du Boucarot.<\/p>\n<ul>\n<li><strong>La plage de Lespecier \u00e0 Mimizan<\/strong><\/li>\n<\/ul>\n<p>Cette plage, accessible \u00e0 v\u00e9lo ou en voiture, est desservie par une jolie route foresti\u00e8re.<\/p>\n<ul>\n<li><strong>La plage des Oc\u00e9anides<\/strong><\/li>\n<\/ul>\n<p>Au sud de la c\u00f4te landaise, cette plage, tr\u00e8s appr\u00e9ci\u00e9e des touristes est le spot le plus sauvage de Capbreton.<\/p>\n<ul>\n<li><strong>La plage du Vivier \u00e0 Biscarrosse<\/strong><\/li>\n<\/ul>\n<p>Au nord de Biscarosse, cette plage est le rendez-vous des amateurs de surf, kite-surf et bodyboard.<\/p>\n<p><img loading=\"lazy\" decoding=\"async\" class=\"alignnone size-full wp-image-3165\" src=\"https:\/\/www.campings.com\/fr\/content\/wp-content\/uploads\/2021\/09\/Guide-Plage-Biscarrosse.jpg\" alt=\"\" width=\"1000\" height=\"665\" srcset=\"https:\/\/www.campings.com\/fr\/content\/wp-content\/uploads\/2021\/09\/Guide-Plage-Biscarrosse.jpg 1000w, https:\/\/www.campings.com\/fr\/content\/wp-content\/uploads\/2021\/09\/Guide-Plage-Biscarrosse-300x200.jpg 300w, https:\/\/www.campings.com\/fr\/content\/wp-content\/uploads\/2021\/09\/Guide-Plage-Biscarrosse-768x511.jpg 768w, https:\/\/www.campings.com\/fr\/content\/wp-content\/uploads\/2021\/09\/Guide-Plage-Biscarrosse-450x299.jpg 450w, https:\/\/www.campings.com\/fr\/content\/wp-content\/uploads\/2021\/09\/Guide-Plage-Biscarrosse-430x286.jpg 430w\" sizes=\"auto, (max-width: 1000px) 100vw, 1000px\" \/><\/p>\n<h3><strong>Les lacs des Landes<\/strong><\/h3>\n<p>Baignades, bains de soleil, farniente\u2026 les lacs dans les Landes offrent aux amoureux de nature de multiples possibilit\u00e9s de loisirs.<\/p>\n<ul>\n<li><strong>Le lac d\u2019Aureilhan<\/strong><\/li>\n<\/ul>\n<p>Laissez-vous s\u00e9duire par ce lac aux rives fleuries et \u00e0 la nature pr\u00e9serv\u00e9e situ\u00e9 \u00e0 deux pas de Mimizan. Le site est parfait pour une sortie avec les enfants. Sur place, de nombreuses activit\u00e9s sont propos\u00e9es : pirogue hawa\u00efenne, p\u00e9dalo, aviron\u2026<\/p>\n<ul>\n<li><strong>Le lac de L\u00e9on<\/strong><\/li>\n<\/ul>\n<p>Ce lac est l\u2019un des plus grands lacs du d\u00e9partement. Plusieurs distractions sont propos\u00e9es sur place : catamaran, barque, planche \u00e0 voile\u2026 La baignade est surveill\u00e9e pendant la saison estivale.<\/p>\n<ul>\n<li><strong>Le lac de Biscarosse<\/strong><\/li>\n<\/ul>\n<p>Ce lac est un v\u00e9ritable paradis pour les amateurs d\u2019activit\u00e9s sportives en pleine nature ! Randonn\u00e9e, hydrojets, cano\u00eb, p\u00e9dalo\u2026 Vous aurez l\u2019embarras du choix !<\/p>\n<ul>\n<li><strong>Le lac d\u2019Hossegor<\/strong><\/li>\n<\/ul>\n<p>Ce lac, qui vit au rythme des mar\u00e9es, est situ\u00e9 entre Soorts-Hossegor et Seignosse. Ce lieu est propice aux pique-niques et aux promenades en famille.<\/p>\n<ul>\n<li><strong>Le lac de Souston<\/strong><\/li>\n<\/ul>\n<p>Le lac de Souston s\u2019\u00e9tend sur 400 hectares d\u2019eau douce. En plus des activit\u00e9s aquatiques propos\u00e9es sur les rives, cet \u00e9tang offre aux visiteurs des paysages tr\u00e8s vari\u00e9s.<\/p>\n<p><img loading=\"lazy\" decoding=\"async\" class=\"alignnone size-full wp-image-3166\" src=\"https:\/\/www.campings.com\/fr\/content\/wp-content\/uploads\/2021\/09\/Guide-Lac-p\u00e9dalo.jpg\" alt=\"\" width=\"1000\" height=\"665\" srcset=\"https:\/\/www.campings.com\/fr\/content\/wp-content\/uploads\/2021\/09\/Guide-Lac-p\u00e9dalo.jpg 1000w, https:\/\/www.campings.com\/fr\/content\/wp-content\/uploads\/2021\/09\/Guide-Lac-p\u00e9dalo-300x200.jpg 300w, https:\/\/www.campings.com\/fr\/content\/wp-content\/uploads\/2021\/09\/Guide-Lac-p\u00e9dalo-768x511.jpg 768w, https:\/\/www.campings.com\/fr\/content\/wp-content\/uploads\/2021\/09\/Guide-Lac-p\u00e9dalo-450x299.jpg 450w, https:\/\/www.campings.com\/fr\/content\/wp-content\/uploads\/2021\/09\/Guide-Lac-p\u00e9dalo-430x286.jpg 430w\" sizes=\"auto, (max-width: 1000px) 100vw, 1000px\" \/><\/p>\n<h2><strong>Les autres activit\u00e9s \u00e0 faire en famille dans les Landes\u00a0<\/strong><\/h2>\n<p>Le d\u00e9partement des Landes abrite plusieurs parcs aquatiques o\u00f9 passer des moments fun et ludiques en famille.<\/p>\n<h3><strong>Aquatic Land Labenne<\/strong><\/h3>\n<p>Ce parc aquatique est am\u00e9nag\u00e9 au c\u0153ur de la for\u00eat landaise. Dans cet environnement paradisiaque, petits et grands profiteront pleinement des plaisirs de la baignade. Vous y d\u00e9couvrirez 3 univers : l\u2019univers family, l\u2019univers enfant et l\u2019univers adr\u00e9naline.<\/p>\n<h3><strong>Atlantic Park Seignosse<\/strong><\/h3>\n<p>Atlantic Park Seignosse est une adresse incontournable pour les amateurs de jeux aquatiques. Plus grand parc aquatique des Landes, il dispose de piscines chauff\u00e9es, de toboggans, de pataugeoires\u2026<\/p>\n<h3><strong>Cano\u00eb Land<\/strong><\/h3>\n<p>Dans cet \u00e9tablissement, vous pourrez louer un cano\u00eb pour des descentes en eaux vives au c\u0153ur de la for\u00eat landaise.<\/p>\n<h3><strong>2X Aventures<\/strong><\/h3>\n<p>Ce service de location propose des balades en cano\u00eb en eaux calmes et des descentes plus rapides en eaux vives. Vous pourrez pratiquer \u00e9galement du Stand Up Paddle sur place.<\/p>\n<h3><strong>Golf de Mimizan<\/strong><\/h3>\n<p>Ce site exceptionnel, situ\u00e9 entre lac et oc\u00e9an dans un cadre verdoyant ravira aussi bien les professionnels que les amateurs.<\/p>\n<h2><strong>Les activit\u00e9s culturelles et sportives pour des vacances insolites dans les Landes\u00a0<\/strong><\/h2>\n<p>En plus des activit\u00e9s sportives disponibles, les Landes sont riches d\u2019un patrimoine culturel et historique \u00e0 d\u00e9couvrir.<\/p>\n<h3><strong>Les mus\u00e9es et les ch\u00e2teaux \u00e0 visiter dans les Landes\u00a0<\/strong><\/h3>\n<p>Pendant votre s\u00e9jour dans les Landes ne manquez pas de visiter les ch\u00e2teaux et mus\u00e9es suivants :<\/p>\n<ul>\n<li>Le mus\u00e9e Despiau-Wl\u00e9rick ;<\/li>\n<li>Le mus\u00e9e de l\u2019ALAT et de l\u2019H\u00e9licopt\u00e8re ;<\/li>\n<li>Le mus\u00e9e de la Fa\u00efence &amp; des Arts de la Table ;<\/li>\n<li>Le Ch\u00e2teau d\u2019Amou ;<\/li>\n<li>Le Ch\u00e2teau de Ravignan.<\/li>\n<\/ul>\n<h3><strong>Faire du surf dans les Landes<\/strong><\/h3>\n<p>Dans les Landes, de nombreux spots sont propices \u00e0 la pratique du\u00a0<a href=\"https:\/\/www.campings.com\/fr\/content\/guide-vacances-landes\/spots-surf-landes\/\"><strong><u>surf<\/u><\/strong><\/a>. Si \u00eates d\u00e9butant, n\u2019h\u00e9sitez pas \u00e0 prendre des cours au Silver\u2019Landes \u00e0 L\u00e9on ou au Nature Surf Camp \u00e0 Messanges. Voici les meilleurs spots pour dompter la vague:<\/p>\n<ul>\n<li>La plage Nord de Biscarosse ;<\/li>\n<li>La Plage Remember \u00e0 Mimizan ;<\/li>\n<li>La Plage Centrale d\u2019Hossegor ;<\/li>\n<li>Les Estagnots \u00e0 Seignosse ;<\/li>\n<li>La piste \u00e0 Capbreton.<\/li>\n<\/ul>\n<h3><strong>Faire de la randonn\u00e9e dans les Landes<\/strong><\/h3>\n<p>Voici quelques lieux propices o\u00f9 faire de la\u00a0<a href=\"https:\/\/www.campings.com\/fr\/content\/guide-vacances-landes\/randonnee-landes\/\"><strong><u>randonn\u00e9e<\/u><\/strong>\u00a0<\/a>dans les Landes.<\/p>\n<h4><strong>\u00c0 pied<\/strong><\/h4>\n<p>Pour une promenade \u00e0 pied, vous pouvez :<\/p>\n<ul>\n<li>Partir \u00e0 la d\u00e9couverte du lac marin \u00e0 Hossegor ;<\/li>\n<li>Faire une promenade entre lac et for\u00eat \u00e0 Sanguinet ;<\/li>\n<li>Effectuer le circuit des 5 clochers \u00e0 Maylis ;<\/li>\n<li>Partir d\u00e9couvrir les lagunes de Nabias \u00e0 Arue ;<\/li>\n<li>Sillonner la For\u00eat inspiratrice de l\u2019art contemporain \u00e0 Garein.<\/li>\n<\/ul>\n<h4><strong>A v\u00e9lo\/VTT<\/strong><\/h4>\n<p>Voici les meilleurs itin\u00e9raires de randonn\u00e9e \u00e0 v\u00e9lo \u00e0 faire dans les Landes :<\/p>\n<ul>\n<li>La boucle cyclo 1 pour d\u00e9couvrir les Grands Lacs au d\u00e9part de Biscarrosse ;<\/li>\n<li>Le circuit de l\u2019Empereur \u00e0 Peyrehorade ;<\/li>\n<li>La V\u00e9lodyss\u00e9e de Biscarrosse \u00e0 Mimizan Plage ;<\/li>\n<li>La V\u00e9lodyss\u00e9e de Mimizan-Plage \u00e0 Vielle-Saint-Girons ;<\/li>\n<li>La V\u00e9lodyss\u00e9e de Capbreton \u00e0 Bayonne.<\/li>\n<\/ul>\n<p><img loading=\"lazy\" decoding=\"async\" class=\"alignnone size-full wp-image-3167\" src=\"https:\/\/www.campings.com\/fr\/content\/wp-content\/uploads\/2021\/09\/Guide-V\u00e9lodyss\u00e9e.jpg\" alt=\"\" width=\"1000\" height=\"665\" srcset=\"https:\/\/www.campings.com\/fr\/content\/wp-content\/uploads\/2021\/09\/Guide-V\u00e9lodyss\u00e9e.jpg 1000w, https:\/\/www.campings.com\/fr\/content\/wp-content\/uploads\/2021\/09\/Guide-V\u00e9lodyss\u00e9e-300x200.jpg 300w, https:\/\/www.campings.com\/fr\/content\/wp-content\/uploads\/2021\/09\/Guide-V\u00e9lodyss\u00e9e-768x511.jpg 768w, https:\/\/www.campings.com\/fr\/content\/wp-content\/uploads\/2021\/09\/Guide-V\u00e9lodyss\u00e9e-450x299.jpg 450w, https:\/\/www.campings.com\/fr\/content\/wp-content\/uploads\/2021\/09\/Guide-V\u00e9lodyss\u00e9e-430x286.jpg 430w\" sizes=\"auto, (max-width: 1000px) 100vw, 1000px\" \/><\/p>\n<h2><strong>Les march\u00e9s \u00e0 ne pas manquer dans les Landes\u00a0<\/strong><\/h2>\n<p>Dans les Landes, chaque ville poss\u00e8de son propre <a href=\"https:\/\/www.campings.com\/fr\/content\/guide-vacances-landes\/marches-landes\/\"><strong>march\u00e9<\/strong> <\/a>:<\/p>\n<ul>\n<li>\u00c0 Biscarosse, vous pouvez faire le march\u00e9 de Biscarosse le vendredi et le dimanche matin. Le march\u00e9 de Biscarosse Plage se tient tous les samedis matins et le march\u00e9 nocturne a lieu en \u00e9t\u00e9.<\/li>\n<li>\u00c0 Hossegor, les Halles et le March\u00e9 de Pays \u00e0 Soorts sont des lieux immanquables.<\/li>\n<li>\u00c0 Mimizan, ne manquez pas le march\u00e9 traditionnel de Mimizan Bourg et le march\u00e9 de Mimizan Plage.<\/li>\n<li>\u00c0 Capbreton, le march\u00e9 aux poissons, le march\u00e9 estival de nuit ou le march\u00e9 alimentaire et traditionnel.<\/li>\n<li>\u00c0 Vieux-Boucau, le march\u00e9 des m\u00e9tiers d\u2019art, le march\u00e9 nocturne du lundi soir et le march\u00e9 traditionnel quotidien.<\/li>\n<li>\u00c0 Dax, plusieurs march\u00e9s hebdomadaires sont programm\u00e9s.<\/li>\n<\/ul>\n<h2><strong>La Feria de Dax pendant l\u2019\u00e9t\u00e9<\/strong><\/h2>\n<p>\u00c0 Dax, la\u00a0<a href=\"https:\/\/www.campings.com\/fr\/content\/guide-vacances-landes\/feria-dax\/\"><strong><u>Feria de Dax<\/u><\/strong><\/a>\u00a0est une v\u00e9ritable institution. D\u00e9couvrez le programme des festivit\u00e9s de cette \u00e9dition :<\/p>\n<ul>\n<li>Corridas dans les ar\u00e8nes de Dax \u00e0 partir du mois d\u2019ao\u00fbt jusqu\u2019en septembre ;<\/li>\n<li>Course landaise ;<\/li>\n<li>Feu d\u2019artifice.<\/li>\n<\/ul>\n<p><img loading=\"lazy\" decoding=\"async\" class=\"alignnone size-full wp-image-3164\" src=\"https:\/\/www.campings.com\/fr\/content\/wp-content\/uploads\/2021\/09\/Guide-Feria.jpg\" alt=\"\" width=\"1000\" height=\"665\" srcset=\"https:\/\/www.campings.com\/fr\/content\/wp-content\/uploads\/2021\/09\/Guide-Feria.jpg 1000w, https:\/\/www.campings.com\/fr\/content\/wp-content\/uploads\/2021\/09\/Guide-Feria-300x200.jpg 300w, https:\/\/www.campings.com\/fr\/content\/wp-content\/uploads\/2021\/09\/Guide-Feria-768x511.jpg 768w, https:\/\/www.campings.com\/fr\/content\/wp-content\/uploads\/2021\/09\/Guide-Feria-450x299.jpg 450w, https:\/\/www.campings.com\/fr\/content\/wp-content\/uploads\/2021\/09\/Guide-Feria-430x286.jpg 430w\" sizes=\"auto, (max-width: 1000px) 100vw, 1000px\" \/><\/p>\n<h2><strong>S\u00e9lection de campings dans les Landes pour un s\u00e9jour pr\u00e8s de l&rsquo;oc\u00e9an r\u00e9ussi\u00a0<\/strong><\/h2>\n<p>Le camping est une solution d\u2019h\u00e9bergement pratique et pas ch\u00e8re pour profiter de vos vacances dans les Landes. Voici notre s\u00e9lection des meilleurs\u00a0<strong><u><a href=\"https:\/\/www.campings.com\/fr\/content\/guide-vacances-landes\/selection-campings-landes\/\">campings<\/a>\u00a0<\/u><\/strong>!<\/p>\n<h3><strong>Camping Plage sud<\/strong><\/h3>\n<p>Ce camping \u00e0 Biscarosse est situ\u00e9 \u00e0 quelques m\u00e8tres du bord de mer seulement. Diff\u00e9rentes activit\u00e9s sont programm\u00e9es sur place pour tous les \u00e2ges.<\/p>\n<p><a href=\"https:\/\/www.campings.com\/fr\/camping\/camping-plage-sud-76913\">Plus d\u2019infos sur le Camping Plage Sud<\/a>.<\/p>\n<h3><strong>Camping Les Tourterelles<\/strong><\/h3>\n<p>Ce camping convivial et pas cher, situ\u00e9 sur la Route de Saint-Girons-Plage est parfait pour des vacances en famille.<\/p>\n<p><a href=\"https:\/\/www.campings.com\/fr\/camping\/camping-les-tourterelles-78748\">Plus d\u2019infos sur le Camping Les Tourterelles<\/a>.<\/p>\n<h3><strong>\u00a0Camping Le Lac Sanguinet\u00a0<\/strong><\/h3>\n<p>Situ\u00e9 rue de Pinton, ce camping vous promet un s\u00e9jour agr\u00e9able et reposant. L\u2019\u00e9tablissement propose des mobil homes adapt\u00e9s aux couples ainsi qu\u2019aux familles.<\/p>\n<p><a href=\"https:\/\/www.campings.com\/fr\/camping\/camping-le-lac-sanguinet-81368\">Plus d\u2019infos sur le Camping Le Lac Sanguinet<\/a>.<\/p>\n","protected":false},"excerpt":{"rendered":"<p>\u00c0 la recherche d\u2019une destination nature pour vos prochaines vacances ? Mettez le cap sur les Landes ! Avec son littoral, ses for\u00eats et ses lacs, le d\u00e9partement est propice \u00e0 un large \u00e9ventail d\u2019activit\u00e9s sportives. Vous envisagez de s\u00e9journer dans le sud-ouest de la France ? Les Landes sont une destination parfaite pour des [&hellip;]<\/p>\n","protected":false},"author":18,"featured_media":0,"parent":0,"menu_order":0,"comment_status":"closed","ping_status":"closed","template":"template-twocolumns.php","meta":{"_acf_changed":false,"footnotes":""},"class_list":["post-3163","page","type-page","status-publish","hentry"],"acf":[],"yoast_head":"<!-- This site is optimized with the Yoast SEO plugin v27.1.1 - https:\/\/yoast.com\/product\/yoast-seo-wordpress\/ -->\n<title>Le guide de vos vacances dans les Landes -<\/title>\n<meta name=\"description\" content=\"D\u00e9couvrez toutes les activit\u00e9s \u00e0 faire en famille dans les Landes pour des vacances inoubliables plac\u00e9es sous le signe du sport et de la d\u00e9couverte.\" \/>\n<meta name=\"robots\" content=\"index, follow, max-snippet:-1, max-image-preview:large, max-video-preview:-1\" \/>\n<link rel=\"canonical\" href=\"https:\/\/www.campings.com\/fr\/content\/guide-vacances-landes\/\" \/>\n<meta property=\"og:locale\" content=\"fr_FR\" \/>\n<meta property=\"og:type\" content=\"article\" \/>\n<meta property=\"og:title\" content=\"Le guide de vos vacances dans les Landes -\" \/>\n<meta property=\"og:description\" content=\"D\u00e9couvrez toutes les activit\u00e9s \u00e0 faire en famille dans les Landes pour des vacances inoubliables plac\u00e9es sous le signe du sport et de la d\u00e9couverte.\" \/>\n<meta property=\"og:url\" content=\"https:\/\/www.campings.com\/fr\/content\/guide-vacances-landes\/\" \/>\n<meta property=\"article:modified_time\" content=\"2021-09-20T17:22:11+00:00\" \/>\n<meta property=\"og:image\" content=\"https:\/\/www.campings.com\/fr\/content\/wp-content\/uploads\/2021\/09\/Guide-Plage-Biscarrosse.jpg\" \/>\n\t<meta property=\"og:image:width\" content=\"1000\" \/>\n\t<meta property=\"og:image:height\" content=\"665\" \/>\n\t<meta property=\"og:image:type\" content=\"image\/jpeg\" \/>\n<meta name=\"twitter:card\" content=\"summary_large_image\" \/>\n<meta name=\"twitter:label1\" content=\"Dur\u00e9e de lecture estim\u00e9e\" \/>\n\t<meta name=\"twitter:data1\" content=\"7 minutes\" \/>\n<script type=\"application\/ld+json\" class=\"yoast-schema-graph\">{\"@context\":\"https:\/\/schema.org\",\"@graph\":[{\"@type\":\"WebPage\",\"@id\":\"https:\/\/www.campings.com\/fr\/content\/guide-vacances-landes\/\",\"url\":\"https:\/\/www.campings.com\/fr\/content\/guide-vacances-landes\/\",\"name\":\"Le guide de vos vacances dans les Landes -\",\"isPartOf\":{\"@id\":\"https:\/\/www.campings.com\/fr\/content\/#website\"},\"primaryImageOfPage\":{\"@id\":\"https:\/\/www.campings.com\/fr\/content\/guide-vacances-landes\/#primaryimage\"},\"image\":{\"@id\":\"https:\/\/www.campings.com\/fr\/content\/guide-vacances-landes\/#primaryimage\"},\"thumbnailUrl\":\"https:\/\/www.campings.com\/fr\/content\/wp-content\/uploads\/2021\/09\/Guide-Plage-Biscarrosse.jpg\",\"datePublished\":\"2021-09-20T16:31:13+00:00\",\"dateModified\":\"2021-09-20T17:22:11+00:00\",\"description\":\"D\u00e9couvrez toutes les activit\u00e9s \u00e0 faire en famille dans les Landes pour des vacances inoubliables plac\u00e9es sous le signe du sport et de la d\u00e9couverte.\",\"breadcrumb\":{\"@id\":\"https:\/\/www.campings.com\/fr\/content\/guide-vacances-landes\/#breadcrumb\"},\"inLanguage\":\"fr-FR\",\"potentialAction\":[{\"@type\":\"ReadAction\",\"target\":[\"https:\/\/www.campings.com\/fr\/content\/guide-vacances-landes\/\"]}]},{\"@type\":\"ImageObject\",\"inLanguage\":\"fr-FR\",\"@id\":\"https:\/\/www.campings.com\/fr\/content\/guide-vacances-landes\/#primaryimage\",\"url\":\"https:\/\/www.campings.com\/fr\/content\/wp-content\/uploads\/2021\/09\/Guide-Plage-Biscarrosse.jpg\",\"contentUrl\":\"https:\/\/www.campings.com\/fr\/content\/wp-content\/uploads\/2021\/09\/Guide-Plage-Biscarrosse.jpg\",\"width\":1000,\"height\":665},{\"@type\":\"BreadcrumbList\",\"@id\":\"https:\/\/www.campings.com\/fr\/content\/guide-vacances-landes\/#breadcrumb\",\"itemListElement\":[{\"@type\":\"ListItem\",\"position\":1,\"name\":\"Home\",\"item\":\"https:\/\/www.campings.com\/fr\/content\/\"},{\"@type\":\"ListItem\",\"position\":2,\"name\":\"Le guide de vos vacances dans les Landes\"}]},{\"@type\":\"WebSite\",\"@id\":\"https:\/\/www.campings.com\/fr\/content\/#website\",\"url\":\"https:\/\/www.campings.com\/fr\/content\/\",\"name\":\"\",\"description\":\"\",\"publisher\":{\"@id\":\"https:\/\/www.campings.com\/fr\/content\/#organization\"},\"potentialAction\":[{\"@type\":\"SearchAction\",\"target\":{\"@type\":\"EntryPoint\",\"urlTemplate\":\"https:\/\/www.campings.com\/fr\/content\/?s={search_term_string}\"},\"query-input\":{\"@type\":\"PropertyValueSpecification\",\"valueRequired\":true,\"valueName\":\"search_term_string\"}}],\"inLanguage\":\"fr-FR\"},{\"@type\":\"Organization\",\"@id\":\"https:\/\/www.campings.com\/fr\/content\/#organization\",\"name\":\"CAMPINGS.COM\",\"url\":\"https:\/\/www.campings.com\/fr\/content\/\",\"logo\":{\"@type\":\"ImageObject\",\"inLanguage\":\"fr-FR\",\"@id\":\"https:\/\/www.campings.com\/fr\/content\/#\/schema\/logo\/image\/\",\"url\":\"https:\/\/www.campings.com\/fr\/content\/wp-content\/uploads\/2019\/01\/cropped-logo-1.png\",\"contentUrl\":\"https:\/\/www.campings.com\/fr\/content\/wp-content\/uploads\/2019\/01\/cropped-logo-1.png\",\"width\":174,\"height\":42,\"caption\":\"CAMPINGS.COM\"},\"image\":{\"@id\":\"https:\/\/www.campings.com\/fr\/content\/#\/schema\/logo\/image\/\"}}]}<\/script>\n<!-- \/ Yoast SEO plugin. -->","yoast_head_json":{"title":"Le guide de vos vacances dans les Landes -","description":"D\u00e9couvrez toutes les activit\u00e9s \u00e0 faire en famille dans les Landes pour des vacances inoubliables plac\u00e9es sous le signe du sport et de la d\u00e9couverte.","robots":{"index":"index","follow":"follow","max-snippet":"max-snippet:-1","max-image-preview":"max-image-preview:large","max-video-preview":"max-video-preview:-1"},"canonical":"https:\/\/www.campings.com\/fr\/content\/guide-vacances-landes\/","og_locale":"fr_FR","og_type":"article","og_title":"Le guide de vos vacances dans les Landes -","og_description":"D\u00e9couvrez toutes les activit\u00e9s \u00e0 faire en famille dans les Landes pour des vacances inoubliables plac\u00e9es sous le signe du sport et de la d\u00e9couverte.","og_url":"https:\/\/www.campings.com\/fr\/content\/guide-vacances-landes\/","article_modified_time":"2021-09-20T17:22:11+00:00","og_image":[{"width":1000,"height":665,"url":"https:\/\/www.campings.com\/fr\/content\/wp-content\/uploads\/2021\/09\/Guide-Plage-Biscarrosse.jpg","type":"image\/jpeg"}],"twitter_card":"summary_large_image","twitter_misc":{"Dur\u00e9e de lecture estim\u00e9e":"7 minutes"},"schema":{"@context":"https:\/\/schema.org","@graph":[{"@type":"WebPage","@id":"https:\/\/www.campings.com\/fr\/content\/guide-vacances-landes\/","url":"https:\/\/www.campings.com\/fr\/content\/guide-vacances-landes\/","name":"Le guide de vos vacances dans les Landes -","isPartOf":{"@id":"https:\/\/www.campings.com\/fr\/content\/#website"},"primaryImageOfPage":{"@id":"https:\/\/www.campings.com\/fr\/content\/guide-vacances-landes\/#primaryimage"},"image":{"@id":"https:\/\/www.campings.com\/fr\/content\/guide-vacances-landes\/#primaryimage"},"thumbnailUrl":"https:\/\/www.campings.com\/fr\/content\/wp-content\/uploads\/2021\/09\/Guide-Plage-Biscarrosse.jpg","datePublished":"2021-09-20T16:31:13+00:00","dateModified":"2021-09-20T17:22:11+00:00","description":"D\u00e9couvrez toutes les activit\u00e9s \u00e0 faire en famille dans les Landes pour des vacances inoubliables plac\u00e9es sous le signe du sport et de la d\u00e9couverte.","breadcrumb":{"@id":"https:\/\/www.campings.com\/fr\/content\/guide-vacances-landes\/#breadcrumb"},"inLanguage":"fr-FR","potentialAction":[{"@type":"ReadAction","target":["https:\/\/www.campings.com\/fr\/content\/guide-vacances-landes\/"]}]},{"@type":"ImageObject","inLanguage":"fr-FR","@id":"https:\/\/www.campings.com\/fr\/content\/guide-vacances-landes\/#primaryimage","url":"https:\/\/www.campings.com\/fr\/content\/wp-content\/uploads\/2021\/09\/Guide-Plage-Biscarrosse.jpg","contentUrl":"https:\/\/www.campings.com\/fr\/content\/wp-content\/uploads\/2021\/09\/Guide-Plage-Biscarrosse.jpg","width":1000,"height":665},{"@type":"BreadcrumbList","@id":"https:\/\/www.campings.com\/fr\/content\/guide-vacances-landes\/#breadcrumb","itemListElement":[{"@type":"ListItem","position":1,"name":"Home","item":"https:\/\/www.campings.com\/fr\/content\/"},{"@type":"ListItem","position":2,"name":"Le guide de vos vacances dans les Landes"}]},{"@type":"WebSite","@id":"https:\/\/www.campings.com\/fr\/content\/#website","url":"https:\/\/www.campings.com\/fr\/content\/","name":"","description":"","publisher":{"@id":"https:\/\/www.campings.com\/fr\/content\/#organization"},"potentialAction":[{"@type":"SearchAction","target":{"@type":"EntryPoint","urlTemplate":"https:\/\/www.campings.com\/fr\/content\/?s={search_term_string}"},"query-input":{"@type":"PropertyValueSpecification","valueRequired":true,"valueName":"search_term_string"}}],"inLanguage":"fr-FR"},{"@type":"Organization","@id":"https:\/\/www.campings.com\/fr\/content\/#organization","name":"CAMPINGS.COM","url":"https:\/\/www.campings.com\/fr\/content\/","logo":{"@type":"ImageObject","inLanguage":"fr-FR","@id":"https:\/\/www.campings.com\/fr\/content\/#\/schema\/logo\/image\/","url":"https:\/\/www.campings.com\/fr\/content\/wp-content\/uploads\/2019\/01\/cropped-logo-1.png","contentUrl":"https:\/\/www.campings.com\/fr\/content\/wp-content\/uploads\/2019\/01\/cropped-logo-1.png","width":174,"height":42,"caption":"CAMPINGS.COM"},"image":{"@id":"https:\/\/www.campings.com\/fr\/content\/#\/schema\/logo\/image\/"}}]}},"_links":{"self":[{"href":"https:\/\/www.campings.com\/fr\/content\/wp-json\/wp\/v2\/pages\/3163","targetHints":{"allow":["GET"]}}],"collection":[{"href":"https:\/\/www.campings.com\/fr\/content\/wp-json\/wp\/v2\/pages"}],"about":[{"href":"https:\/\/www.campings.com\/fr\/content\/wp-json\/wp\/v2\/types\/page"}],"author":[{"embeddable":true,"href":"https:\/\/www.campings.com\/fr\/content\/wp-json\/wp\/v2\/users\/18"}],"replies":[{"embeddable":true,"href":"https:\/\/www.campings.com\/fr\/content\/wp-json\/wp\/v2\/comments?post=3163"}],"version-history":[{"count":5,"href":"https:\/\/www.campings.com\/fr\/content\/wp-json\/wp\/v2\/pages\/3163\/revisions"}],"predecessor-version":[{"id":5617,"href":"https:\/\/www.campings.com\/fr\/content\/wp-json\/wp\/v2\/pages\/3163\/revisions\/5617"}],"wp:attachment":[{"href":"https:\/\/www.campings.com\/fr\/content\/wp-json\/wp\/v2\/media?parent=3163"}],"curies":[{"name":"wp","href":"https:\/\/api.w.org\/{rel}","templated":true}]}}