{"id":3150,"date":"2021-09-07T14:25:28","date_gmt":"2021-09-07T14:25:28","guid":{"rendered":"https:\/\/www.campings.com\/fr\/content\/?page_id=3150"},"modified":"2021-09-07T14:25:28","modified_gmt":"2021-09-07T14:25:28","slug":"randonnee-argeles-sur-mer","status":"publish","type":"page","link":"https:\/\/www.campings.com\/fr\/content\/guide-argeles-sur-mer\/randonnee-argeles-sur-mer\/","title":{"rendered":"O\u00f9 faire de la randonn\u00e9e \u00e0 Argel\u00e8s-sur-Mer ?"},"content":{"rendered":"<p>Envie de vous ressourcer et d\u2019\u00e9vacuer les tensions pendant vos vacances \u00e0 Argel\u00e8s-sur-Mer ? Cette ville des Pyr\u00e9n\u00e9es-Orientales offre de magnifiques sentiers de randonn\u00e9e \u00e0 d\u00e9couvrir. Que ce soit \u00e0 pied ou \u00e0 v\u00e9lo, une randonn\u00e9e en pleine nature est un moyen efficace pour faire le plein d\u2019\u00e9nergie !<\/p>\n<p><a href=\"https:\/\/www.campings.com\/fr\/content\/guide-argeles-sur-mer\/\"><strong><u>Argel\u00e8s-sur-Mer<\/u><\/strong><\/a>, aussi connue sous le nom d\u2019Argelers, est une destination de pr\u00e9dilection pour tous les amateurs de randonn\u00e9e. Situ\u00e9e entre mer et montagne, en r\u00e9gion Occitanie, cette commune se pr\u00eate bien \u00e0 la pratique de cette activit\u00e9. Un grand nombre de sentiers praticables sont r\u00e9pertori\u00e9s pour faire le plein d\u2019air frais. Vous d\u00e9couvrirez une succession de paysages \u00e9poustouflants de beaut\u00e9 !<\/p>\n<h2><strong>Les randonn\u00e9es p\u00e9destres \u00e0 ne pas manquer<\/strong><\/h2>\n<p>La marche, c\u2019est bon pour la sant\u00e9 physique et mentale ! Si vous souhaitez entretenir votre forme tout en admirant les paysages, la randonn\u00e9e p\u00e9destre \u00e0\u00a0<a href=\"https:\/\/www.campings.com\/fr\/content\/guide-argeles-sur-mer\/\"><u>Argel\u00e8s-sur-Mer<\/u><\/a>\u00a0est une excellente id\u00e9e. Voici quelques endroits o\u00f9 vous \u00e9vader le temps d\u2019une promenade.<\/p>\n<h3><strong>Balade sur le sentier du Littoral\u00a0<\/strong><\/h3>\n<p>Une balade \u00e0 pied sur le sentier du Littoral est une belle opportunit\u00e9 de red\u00e9couvrir l\u2019histoire de la ville. Tout au long du parcours, vous admirerez un riche patrimoine naturel, culturel et historique pr\u00e9sent\u00e9 par des panneaux multilingues. Cette randonn\u00e9e p\u00e9destre est accessible \u00e0 toute la famille.<\/p>\n<h3><strong>La promenade autour d\u2019Argel\u00e8s-sur-Mer\u00a0<\/strong><\/h3>\n<p>Envie d\u2019une balade en bord de mer ? Ne manquez pas de parcourir le Front de Mer. Argelers est la seule commune littorale des Pyr\u00e9n\u00e9es-Orientales qui dispose d\u2019une fa\u00e7ade maritime aussi longue. Entre c\u00f4tes de sable et criques, cette balade vaut largement le d\u00e9tour !<\/p>\n<p><img loading=\"lazy\" decoding=\"async\" class=\"alignnone size-full wp-image-3151\" src=\"https:\/\/www.campings.com\/fr\/content\/wp-content\/uploads\/2021\/09\/Randonn\u00e9e-p\u00e9destre.jpg\" alt=\"\" width=\"1000\" height=\"665\" srcset=\"https:\/\/www.campings.com\/fr\/content\/wp-content\/uploads\/2021\/09\/Randonn\u00e9e-p\u00e9destre.jpg 1000w, https:\/\/www.campings.com\/fr\/content\/wp-content\/uploads\/2021\/09\/Randonn\u00e9e-p\u00e9destre-300x200.jpg 300w, https:\/\/www.campings.com\/fr\/content\/wp-content\/uploads\/2021\/09\/Randonn\u00e9e-p\u00e9destre-768x511.jpg 768w, https:\/\/www.campings.com\/fr\/content\/wp-content\/uploads\/2021\/09\/Randonn\u00e9e-p\u00e9destre-450x299.jpg 450w, https:\/\/www.campings.com\/fr\/content\/wp-content\/uploads\/2021\/09\/Randonn\u00e9e-p\u00e9destre-430x286.jpg 430w\" sizes=\"auto, (max-width: 1000px) 100vw, 1000px\" \/><\/p>\n<h3><strong>Le circuit vers la Tour de la Massane\u00a0<\/strong><\/h3>\n<p>Ce circuit de randonn\u00e9e d\u2019une dur\u00e9e de 2h15 est assez difficile. Ce parcours vous permettra d\u2019admirer la vue panoramique sur le massif du Canigou et la M\u00e9diterran\u00e9e. Pensez \u00e0 glisser des encas l\u00e9gers et une bouteille d\u2019eau fraiche dans votre sac \u00e0 dos.<\/p>\n<h3><strong>La boucle du Ch\u00e2teau de Valmy \u00e0 Collioure par le sentier Littoral\u00a0<\/strong><\/h3>\n<p>En parcourant ce circuit, vous d\u00e9couvrirez des paysages pittoresques, m\u00ealant mer et montagne\u2026 Cet itin\u00e9raire dure 4 heures environ. Vous devez donc pr\u00e9voir des chaussures adapt\u00e9es, des sandwichs et des bouteilles d\u2019eau, surtout si vous \u00eates avec des enfants.<\/p>\n<h2><strong>Les randonn\u00e9es \u00e0 faire \u00e0 v\u00e9lo ou en VTT<\/strong><\/h2>\n<p><a href=\"https:\/\/www.campings.com\/fr\/content\/guide-argeles-sur-mer\/\"><u>Argel\u00e8s-sur-Mer<\/u><\/a>\u00a0poss\u00e8de de nombreuses pistes cyclables. Voici quelques id\u00e9es de parcours \u00e0 faire \u00e0 v\u00e9lo ou \u00e0 VTT.<\/p>\n<h3><strong>L\u2019itin\u00e9raire au d\u00e9part de Valmy vers les criques de Collioure\u00a0<\/strong><\/h3>\n<p>Ce parcours s\u2019effectue en famille ou entre amis. Apr\u00e8s quelques heures d\u2019efforts, vous serez r\u00e9compens\u00e9s par le panorama imprenable sur les criques de Collioure.<\/p>\n<h3><strong>Saint Cyprien par l\u2019Eurov\u00e9lo 8<\/strong><\/h3>\n<p>L\u2019Eurovelo 8 comporte des pistes cyclables enti\u00e8rement s\u00e9curis\u00e9es menant jusqu\u2019\u00e0 Saint Cyprien.<\/p>\n<h3><strong>Balade \u00e0 v\u00e9lo autour d\u2019Argel\u00e8s-sur-Mer<\/strong><\/h3>\n<p>Une balade \u00e0 v\u00e9lo autour d\u2019Argel\u00e8s-sur-Mer est l\u2019occasion de contempler les criques de Porteils, les jardins du Roussillon et d\u2019autres merveilles.<\/p>\n<p><img loading=\"lazy\" decoding=\"async\" class=\"alignnone size-full wp-image-3152\" src=\"https:\/\/www.campings.com\/fr\/content\/wp-content\/uploads\/2021\/09\/Randonn\u00e9e-v\u00e9lo.jpg\" alt=\"\" width=\"1000\" height=\"665\" srcset=\"https:\/\/www.campings.com\/fr\/content\/wp-content\/uploads\/2021\/09\/Randonn\u00e9e-v\u00e9lo.jpg 1000w, https:\/\/www.campings.com\/fr\/content\/wp-content\/uploads\/2021\/09\/Randonn\u00e9e-v\u00e9lo-300x200.jpg 300w, https:\/\/www.campings.com\/fr\/content\/wp-content\/uploads\/2021\/09\/Randonn\u00e9e-v\u00e9lo-768x511.jpg 768w, https:\/\/www.campings.com\/fr\/content\/wp-content\/uploads\/2021\/09\/Randonn\u00e9e-v\u00e9lo-450x299.jpg 450w, https:\/\/www.campings.com\/fr\/content\/wp-content\/uploads\/2021\/09\/Randonn\u00e9e-v\u00e9lo-430x286.jpg 430w\" sizes=\"auto, (max-width: 1000px) 100vw, 1000px\" \/><\/p>\n<h3><strong>Des Dolmens \u00e0 la chapelle Saint-Laurent\u00a0<\/strong><\/h3>\n<p>Ce circuit est d\u00e9di\u00e9 aux cyclistes aguerris en raison des mont\u00e9es ardues, ses descentes roulantes et son d\u00e9nivel\u00e9 \u00e0 grande vitesse.<\/p>\n<h2>S\u00e9lection de campings \u00e0 Argel\u00e8s-sur-Mer dans les Pyr\u00e9n\u00e9es-Orientales<\/h2>\n<p>Ces 3 campings d\u2019<strong><a href=\"https:\/\/www.campings.com\/fr\/content\/guide-argeles-sur-mer\/\"><u>Argel\u00e8s-sur-Mer<\/u><\/a>\u00a0<\/strong>sont situ\u00e9s \u00e0 proximit\u00e9 des itin\u00e9raires de randonn\u00e9e. Vous acc\u00e9derez facilement aux pistes cyclables et aux circuits de randonn\u00e9e.<\/p>\n<h3><strong>Le Pearl &#8211; Camping Paradis<\/strong><\/h3>\n<p>\u00c0 partir de ce camping, vous acc\u00e9derez facilement aux pistes cyclables d\u2019Argel\u00e8s-sur-Mer. Le prix d\u2019une nuit\u00e9e dans un mobil home de cet \u00e9tablissement est tr\u00e8s abordable. Cet \u00e9tablissement est parfait pour des vacances \u00e0 petit budget.<\/p>\n<p><a href=\"https:\/\/www.campings.com\/fr\/camping\/le-pearl-camping-paradis-76750\">Plus d\u2019infos sur Le Pearl &#8211; Camping Paradis<\/a>.<\/p>\n<h3><strong>Camping Les Ch\u00eanes Rouges<\/strong><\/h3>\n<p>Cet \u00e9tablissement dispose de mobil homes tout confort pour un s\u00e9jour agr\u00e9able en famille. Il propose des aires de jeux aquatiques, des animations pour tous les \u00e2ges\u2026 Un programme riche et vari\u00e9 vous attend pour remplir vos journ\u00e9es !<\/p>\n<p><a href=\"https:\/\/www.campings.com\/fr\/camping\/camping-les-chenes-rouges-76760\">Plus d\u2019infos sur le Camping Les Ch\u00eanes Rouges<\/a>.<\/p>\n<h3><strong>Camping La Sir\u00e8ne<\/strong><\/h3>\n<p>Pour acc\u00e9der rapidement aux circuits de randonn\u00e9e d\u2019Argel\u00e8s-sur-Mer, posez vos valises dans ce camping. En plus de sa proximit\u00e9 avec les itin\u00e9raires, cet \u00e9tablissement propose un large \u00e9ventail de services adapt\u00e9s \u00e0 vos besoins. Les mobil homes conviennent aussi bien aux couples qu\u2019aux petites familles.<\/p>\n<p><a href=\"https:\/\/www.campings.com\/fr\/camping\/camping-la-sirene-76770\">Plus d\u2019infos sur le\u00a0<strong>Camping La Sir\u00e8ne<\/strong><\/a><strong>.\u00a0<\/strong><\/p>\n","protected":false},"excerpt":{"rendered":"<p>Envie de vous ressourcer et d\u2019\u00e9vacuer les tensions pendant vos vacances \u00e0 Argel\u00e8s-sur-Mer ? Cette ville des Pyr\u00e9n\u00e9es-Orientales offre de magnifiques sentiers de randonn\u00e9e \u00e0 d\u00e9couvrir. Que ce soit \u00e0 pied ou \u00e0 v\u00e9lo, une randonn\u00e9e en pleine nature est un moyen efficace pour faire le plein d\u2019\u00e9nergie ! Argel\u00e8s-sur-Mer, aussi connue sous le nom [&hellip;]<\/p>\n","protected":false},"author":18,"featured_media":0,"parent":3115,"menu_order":0,"comment_status":"closed","ping_status":"closed","template":"template-twocolumns.php","meta":{"_acf_changed":false,"footnotes":""},"class_list":["post-3150","page","type-page","status-publish","hentry"],"acf":[],"yoast_head":"<!-- This site is optimized with the Yoast SEO plugin v27.1.1 - https:\/\/yoast.com\/product\/yoast-seo-wordpress\/ -->\n<title>O\u00f9 faire de la randonn\u00e9e \u00e0 Argel\u00e8s-sur-Mer ? -<\/title>\n<meta name=\"description\" content=\"D\u00e9couvrez les meilleurs itin\u00e9raires de randonn\u00e9e \u00e0 faire en famille pendant vos vacances \u00e0 Argel\u00e8s-sur-Mer pour des moments riches en d\u00e9couvertes.\" \/>\n<meta name=\"robots\" content=\"index, follow, max-snippet:-1, max-image-preview:large, max-video-preview:-1\" \/>\n<link rel=\"canonical\" href=\"https:\/\/www.campings.com\/fr\/content\/guide-argeles-sur-mer\/randonnee-argeles-sur-mer\/\" \/>\n<meta property=\"og:locale\" content=\"fr_FR\" \/>\n<meta property=\"og:type\" content=\"article\" \/>\n<meta property=\"og:title\" content=\"O\u00f9 faire de la randonn\u00e9e \u00e0 Argel\u00e8s-sur-Mer ? -\" \/>\n<meta property=\"og:description\" content=\"D\u00e9couvrez les meilleurs itin\u00e9raires de randonn\u00e9e \u00e0 faire en famille pendant vos vacances \u00e0 Argel\u00e8s-sur-Mer pour des moments riches en d\u00e9couvertes.\" \/>\n<meta property=\"og:url\" content=\"https:\/\/www.campings.com\/fr\/content\/guide-argeles-sur-mer\/randonnee-argeles-sur-mer\/\" \/>\n<meta name=\"twitter:card\" content=\"summary_large_image\" \/>\n<meta name=\"twitter:label1\" content=\"Dur\u00e9e de lecture estim\u00e9e\" \/>\n\t<meta name=\"twitter:data1\" content=\"4 minutes\" \/>\n<script type=\"application\/ld+json\" class=\"yoast-schema-graph\">{\"@context\":\"https:\/\/schema.org\",\"@graph\":[{\"@type\":\"WebPage\",\"@id\":\"https:\/\/www.campings.com\/fr\/content\/guide-argeles-sur-mer\/randonnee-argeles-sur-mer\/\",\"url\":\"https:\/\/www.campings.com\/fr\/content\/guide-argeles-sur-mer\/randonnee-argeles-sur-mer\/\",\"name\":\"O\u00f9 faire de la randonn\u00e9e \u00e0 Argel\u00e8s-sur-Mer ? -\",\"isPartOf\":{\"@id\":\"https:\/\/www.campings.com\/fr\/content\/#website\"},\"datePublished\":\"2021-09-07T14:25:28+00:00\",\"description\":\"D\u00e9couvrez les meilleurs itin\u00e9raires de randonn\u00e9e \u00e0 faire en famille pendant vos vacances \u00e0 Argel\u00e8s-sur-Mer pour des moments riches en d\u00e9couvertes.\",\"breadcrumb\":{\"@id\":\"https:\/\/www.campings.com\/fr\/content\/guide-argeles-sur-mer\/randonnee-argeles-sur-mer\/#breadcrumb\"},\"inLanguage\":\"fr-FR\",\"potentialAction\":[{\"@type\":\"ReadAction\",\"target\":[\"https:\/\/www.campings.com\/fr\/content\/guide-argeles-sur-mer\/randonnee-argeles-sur-mer\/\"]}]},{\"@type\":\"BreadcrumbList\",\"@id\":\"https:\/\/www.campings.com\/fr\/content\/guide-argeles-sur-mer\/randonnee-argeles-sur-mer\/#breadcrumb\",\"itemListElement\":[{\"@type\":\"ListItem\",\"position\":1,\"name\":\"Home\",\"item\":\"https:\/\/www.campings.com\/fr\/content\/\"},{\"@type\":\"ListItem\",\"position\":2,\"name\":\"Le guide de vos vacances \u00e0 Argel\u00e8s-sur-Mer\",\"item\":\"https:\/\/www.campings.com\/fr\/content\/guide-argeles-sur-mer\/\"},{\"@type\":\"ListItem\",\"position\":3,\"name\":\"O\u00f9 faire de la randonn\u00e9e \u00e0 Argel\u00e8s-sur-Mer ?\"}]},{\"@type\":\"WebSite\",\"@id\":\"https:\/\/www.campings.com\/fr\/content\/#website\",\"url\":\"https:\/\/www.campings.com\/fr\/content\/\",\"name\":\"\",\"description\":\"\",\"publisher\":{\"@id\":\"https:\/\/www.campings.com\/fr\/content\/#organization\"},\"potentialAction\":[{\"@type\":\"SearchAction\",\"target\":{\"@type\":\"EntryPoint\",\"urlTemplate\":\"https:\/\/www.campings.com\/fr\/content\/?s={search_term_string}\"},\"query-input\":{\"@type\":\"PropertyValueSpecification\",\"valueRequired\":true,\"valueName\":\"search_term_string\"}}],\"inLanguage\":\"fr-FR\"},{\"@type\":\"Organization\",\"@id\":\"https:\/\/www.campings.com\/fr\/content\/#organization\",\"name\":\"CAMPINGS.COM\",\"url\":\"https:\/\/www.campings.com\/fr\/content\/\",\"logo\":{\"@type\":\"ImageObject\",\"inLanguage\":\"fr-FR\",\"@id\":\"https:\/\/www.campings.com\/fr\/content\/#\/schema\/logo\/image\/\",\"url\":\"https:\/\/www.campings.com\/fr\/content\/wp-content\/uploads\/2019\/01\/cropped-logo-1.png\",\"contentUrl\":\"https:\/\/www.campings.com\/fr\/content\/wp-content\/uploads\/2019\/01\/cropped-logo-1.png\",\"width\":174,\"height\":42,\"caption\":\"CAMPINGS.COM\"},\"image\":{\"@id\":\"https:\/\/www.campings.com\/fr\/content\/#\/schema\/logo\/image\/\"}}]}<\/script>\n<!-- \/ Yoast SEO plugin. -->","yoast_head_json":{"title":"O\u00f9 faire de la randonn\u00e9e \u00e0 Argel\u00e8s-sur-Mer ? -","description":"D\u00e9couvrez les meilleurs itin\u00e9raires de randonn\u00e9e \u00e0 faire en famille pendant vos vacances \u00e0 Argel\u00e8s-sur-Mer pour des moments riches en d\u00e9couvertes.","robots":{"index":"index","follow":"follow","max-snippet":"max-snippet:-1","max-image-preview":"max-image-preview:large","max-video-preview":"max-video-preview:-1"},"canonical":"https:\/\/www.campings.com\/fr\/content\/guide-argeles-sur-mer\/randonnee-argeles-sur-mer\/","og_locale":"fr_FR","og_type":"article","og_title":"O\u00f9 faire de la randonn\u00e9e \u00e0 Argel\u00e8s-sur-Mer ? -","og_description":"D\u00e9couvrez les meilleurs itin\u00e9raires de randonn\u00e9e \u00e0 faire en famille pendant vos vacances \u00e0 Argel\u00e8s-sur-Mer pour des moments riches en d\u00e9couvertes.","og_url":"https:\/\/www.campings.com\/fr\/content\/guide-argeles-sur-mer\/randonnee-argeles-sur-mer\/","twitter_card":"summary_large_image","twitter_misc":{"Dur\u00e9e de lecture estim\u00e9e":"4 minutes"},"schema":{"@context":"https:\/\/schema.org","@graph":[{"@type":"WebPage","@id":"https:\/\/www.campings.com\/fr\/content\/guide-argeles-sur-mer\/randonnee-argeles-sur-mer\/","url":"https:\/\/www.campings.com\/fr\/content\/guide-argeles-sur-mer\/randonnee-argeles-sur-mer\/","name":"O\u00f9 faire de la randonn\u00e9e \u00e0 Argel\u00e8s-sur-Mer ? -","isPartOf":{"@id":"https:\/\/www.campings.com\/fr\/content\/#website"},"datePublished":"2021-09-07T14:25:28+00:00","description":"D\u00e9couvrez les meilleurs itin\u00e9raires de randonn\u00e9e \u00e0 faire en famille pendant vos vacances \u00e0 Argel\u00e8s-sur-Mer pour des moments riches en d\u00e9couvertes.","breadcrumb":{"@id":"https:\/\/www.campings.com\/fr\/content\/guide-argeles-sur-mer\/randonnee-argeles-sur-mer\/#breadcrumb"},"inLanguage":"fr-FR","potentialAction":[{"@type":"ReadAction","target":["https:\/\/www.campings.com\/fr\/content\/guide-argeles-sur-mer\/randonnee-argeles-sur-mer\/"]}]},{"@type":"BreadcrumbList","@id":"https:\/\/www.campings.com\/fr\/content\/guide-argeles-sur-mer\/randonnee-argeles-sur-mer\/#breadcrumb","itemListElement":[{"@type":"ListItem","position":1,"name":"Home","item":"https:\/\/www.campings.com\/fr\/content\/"},{"@type":"ListItem","position":2,"name":"Le guide de vos vacances \u00e0 Argel\u00e8s-sur-Mer","item":"https:\/\/www.campings.com\/fr\/content\/guide-argeles-sur-mer\/"},{"@type":"ListItem","position":3,"name":"O\u00f9 faire de la randonn\u00e9e \u00e0 Argel\u00e8s-sur-Mer ?"}]},{"@type":"WebSite","@id":"https:\/\/www.campings.com\/fr\/content\/#website","url":"https:\/\/www.campings.com\/fr\/content\/","name":"","description":"","publisher":{"@id":"https:\/\/www.campings.com\/fr\/content\/#organization"},"potentialAction":[{"@type":"SearchAction","target":{"@type":"EntryPoint","urlTemplate":"https:\/\/www.campings.com\/fr\/content\/?s={search_term_string}"},"query-input":{"@type":"PropertyValueSpecification","valueRequired":true,"valueName":"search_term_string"}}],"inLanguage":"fr-FR"},{"@type":"Organization","@id":"https:\/\/www.campings.com\/fr\/content\/#organization","name":"CAMPINGS.COM","url":"https:\/\/www.campings.com\/fr\/content\/","logo":{"@type":"ImageObject","inLanguage":"fr-FR","@id":"https:\/\/www.campings.com\/fr\/content\/#\/schema\/logo\/image\/","url":"https:\/\/www.campings.com\/fr\/content\/wp-content\/uploads\/2019\/01\/cropped-logo-1.png","contentUrl":"https:\/\/www.campings.com\/fr\/content\/wp-content\/uploads\/2019\/01\/cropped-logo-1.png","width":174,"height":42,"caption":"CAMPINGS.COM"},"image":{"@id":"https:\/\/www.campings.com\/fr\/content\/#\/schema\/logo\/image\/"}}]}},"_links":{"self":[{"href":"https:\/\/www.campings.com\/fr\/content\/wp-json\/wp\/v2\/pages\/3150","targetHints":{"allow":["GET"]}}],"collection":[{"href":"https:\/\/www.campings.com\/fr\/content\/wp-json\/wp\/v2\/pages"}],"about":[{"href":"https:\/\/www.campings.com\/fr\/content\/wp-json\/wp\/v2\/types\/page"}],"author":[{"embeddable":true,"href":"https:\/\/www.campings.com\/fr\/content\/wp-json\/wp\/v2\/users\/18"}],"replies":[{"embeddable":true,"href":"https:\/\/www.campings.com\/fr\/content\/wp-json\/wp\/v2\/comments?post=3150"}],"version-history":[{"count":1,"href":"https:\/\/www.campings.com\/fr\/content\/wp-json\/wp\/v2\/pages\/3150\/revisions"}],"predecessor-version":[{"id":3153,"href":"https:\/\/www.campings.com\/fr\/content\/wp-json\/wp\/v2\/pages\/3150\/revisions\/3153"}],"up":[{"embeddable":true,"href":"https:\/\/www.campings.com\/fr\/content\/wp-json\/wp\/v2\/pages\/3115"}],"wp:attachment":[{"href":"https:\/\/www.campings.com\/fr\/content\/wp-json\/wp\/v2\/media?parent=3150"}],"curies":[{"name":"wp","href":"https:\/\/api.w.org\/{rel}","templated":true}]}}