{"id":3141,"date":"2021-09-07T13:47:19","date_gmt":"2021-09-07T13:47:19","guid":{"rendered":"https:\/\/www.campings.com\/fr\/content\/?page_id=3141"},"modified":"2021-09-07T13:47:19","modified_gmt":"2021-09-07T13:47:19","slug":"restaurants-argeles-sur-mer","status":"publish","type":"page","link":"https:\/\/www.campings.com\/fr\/content\/guide-argeles-sur-mer\/restaurants-argeles-sur-mer\/","title":{"rendered":"Les meilleurs restaurants \u00e0 d\u00e9couvrir \u00e0 Argel\u00e8s-sur-Mer"},"content":{"rendered":"<p>Argel\u00e8s-sur-Mer jouit d\u2019une tr\u00e8s bonne r\u00e9putation gastronomique et propose des sp\u00e9cialit\u00e9s culinaires qui raviront les plus fins gourmets. Ne manquez pas de les d\u00e9couvrir dans les nombreux restaurants de la ville. Une cuisine savoureuse et color\u00e9e qui s\u2019inspire du m\u00e9lange des cultures du bassin m\u00e9diterran\u00e9en\u2026 Des plats qui feront voyager vos papilles !<\/p>\n<p>\u00c0\u00a0<a href=\"https:\/\/www.campings.com\/fr\/content\/guide-argeles-sur-mer\/\"><strong><u>Argel\u00e8s-sur-Mer<\/u><\/strong><\/a>, les amateurs de produits du terroir seront combl\u00e9s. Vins, fromages, charcuteries, confitures, mais aussi fruits et l\u00e9gumes de saison\u2026 Vous pourrez faire le plein de produits Bio et bons pendant votre s\u00e9jour ! Vous aurez l\u2019occasion de d\u00e9couvrir les sp\u00e9cialit\u00e9s locales dans les meilleurs restaurants de la ville. D\u00e9couvrez nos meilleures adresses.<\/p>\n<h2><strong>Le petit Rest Eau, sur le port<\/strong><\/h2>\n<p>Ce restaurant propose des plats faits maison \u00e9labor\u00e9s \u00e0 partir de produits frais et de saison. Pour concocter ses recettes de fruits de mer, le chef de ce restaurant se fournit directement aupr\u00e8s des p\u00eacheurs locaux. Un menu sp\u00e9cial v\u00e9g\u00e9tarien est \u00e9galement propos\u00e9.<\/p>\n<p>Ouvert du lundi au vendredi, de 12 heures \u00e0 14 heures, puis de 19 heures \u00e0 21 heures. Adresse : 3, R\u00e9sidence Acapulco, 66700 Argel\u00e8s-sur-Mer.<\/p>\n<p><img loading=\"lazy\" decoding=\"async\" class=\"alignnone size-full wp-image-3142\" src=\"https:\/\/www.campings.com\/fr\/content\/wp-content\/uploads\/2021\/09\/Restaurant-Rest-Eau.jpg\" alt=\"\" width=\"1000\" height=\"665\" srcset=\"https:\/\/www.campings.com\/fr\/content\/wp-content\/uploads\/2021\/09\/Restaurant-Rest-Eau.jpg 1000w, https:\/\/www.campings.com\/fr\/content\/wp-content\/uploads\/2021\/09\/Restaurant-Rest-Eau-300x200.jpg 300w, https:\/\/www.campings.com\/fr\/content\/wp-content\/uploads\/2021\/09\/Restaurant-Rest-Eau-768x511.jpg 768w, https:\/\/www.campings.com\/fr\/content\/wp-content\/uploads\/2021\/09\/Restaurant-Rest-Eau-450x299.jpg 450w, https:\/\/www.campings.com\/fr\/content\/wp-content\/uploads\/2021\/09\/Restaurant-Rest-Eau-430x286.jpg 430w\" sizes=\"auto, (max-width: 1000px) 100vw, 1000px\" \/><\/p>\n<h2><strong>Le restaurant l\u2019Escale, pour du poisson de qualit\u00e9<\/strong><\/h2>\n<p>Apr\u00e8s une promenade sur le port, faites un saut au restaurant l\u2019Escale pour d\u00e9guster des plats \u00e0 base de poissons frais ! Petits et grands trouveront leur bonheur parmi toutes les propositions de la carte. Au-del\u00e0 de la qualit\u00e9 de sa cuisine, le service y est irr\u00e9prochable et l\u2019accueil toujours souriant. De plus, ce restaurant offre un cadre charmant et convivial.<\/p>\n<h2><strong>La Trencadis, une brasserie gastronomique<\/strong><\/h2>\n<p><a href=\"https:\/\/www.campings.com\/fr\/content\/guide-argeles-sur-mer\/\"><u>Argel\u00e8s-sur-Mer<\/u><\/a>\u00a0jouit d\u2019un climat chaud et temp\u00e9r\u00e9. Si pendant votre s\u00e9jour vous avez envie de vous rafraichir avec une bonne bi\u00e8re, la Trencadis est une adresse incontournable. Cette brasserie propose \u00e9galement une cuisine gastronomique et gourmande aux couleurs locales. Les chefs de cet \u00e9tablissement font toujours preuve de cr\u00e9ativit\u00e9 pour surprendre les clients. La qualit\u00e9 du service est \u00e9galement l\u2019un des points forts de ce restaurant.<\/p>\n<h2><strong>La r\u00e9serve, restaurant de fruits de mer avec terrasse\u00a0en bord de mer<\/strong><\/h2>\n<p>La r\u00e9serve est sans aucun doute l\u2019un des meilleurs restaurants de fruits de mer de la ville. En plus des plats de poissons, vous pourrez aussi d\u00e9guster des sp\u00e9cialit\u00e9s locales. Situ\u00e9 en front de mer, le restaurant jouit d\u2019un cadre idyllique, id\u00e9al pour se relaxer.<\/p>\n<h2><strong>Les Planches, restaurant avec vue sur la plage<\/strong><\/h2>\n<p>Le restaurant Les Planches est situ\u00e9 en plein c\u0153ur de l\u2019all\u00e9e des Pins et \u00e0 seulement deux pas de la plage. Le soir venu, vous serez berc\u00e9 par le bruit des vagues tout en d\u00e9gustant les sp\u00e9cialit\u00e9s de la mer propos\u00e9es. Ne manquez pas de d\u00e9couvrir l\u2019incontournable planxa royal, compos\u00e9e de langoustes, homard, langoustines, gambas, crevettes, moules\u2026<\/p>\n<p><img loading=\"lazy\" decoding=\"async\" class=\"alignnone size-full wp-image-3143\" src=\"https:\/\/www.campings.com\/fr\/content\/wp-content\/uploads\/2021\/09\/Restaurant-bord-de-mer.jpg\" alt=\"\" width=\"1000\" height=\"665\" srcset=\"https:\/\/www.campings.com\/fr\/content\/wp-content\/uploads\/2021\/09\/Restaurant-bord-de-mer.jpg 1000w, https:\/\/www.campings.com\/fr\/content\/wp-content\/uploads\/2021\/09\/Restaurant-bord-de-mer-300x200.jpg 300w, https:\/\/www.campings.com\/fr\/content\/wp-content\/uploads\/2021\/09\/Restaurant-bord-de-mer-768x511.jpg 768w, https:\/\/www.campings.com\/fr\/content\/wp-content\/uploads\/2021\/09\/Restaurant-bord-de-mer-450x299.jpg 450w, https:\/\/www.campings.com\/fr\/content\/wp-content\/uploads\/2021\/09\/Restaurant-bord-de-mer-430x286.jpg 430w\" sizes=\"auto, (max-width: 1000px) 100vw, 1000px\" \/><\/p>\n<h2><strong>La table de Valmy<\/strong><\/h2>\n<p>Ce restaurant viticole est situ\u00e9 dans un cadre authentique, s\u2019ouvrant sur un vignoble et sur la mer. Ouvert d\u2019avril \u00e0 octobre, ce restaurant propose des recettes concoct\u00e9es avec des produits du terroir. Les l\u00e9gumes et les fruits de saison sont toujours \u00e0 l\u2019honneur. Et toutes les semaines, le menu change pour faire voyager vos papilles !<\/p>\n<h2><strong>S\u00e9lection de campings \u00e0 Argel\u00e8s-sur-Mer dans les Pyr\u00e9n\u00e9es-Orientales\u00a0<\/strong><\/h2>\n<p>Vous souhaitez loger \u00e0 proximit\u00e9 des march\u00e9s d\u2019<a href=\"https:\/\/www.campings.com\/fr\/content\/guide-argeles-sur-mer\/\"><u>Argel\u00e8s-sur-Mer<\/u>\u00a0<\/a>? Voici trois campings o\u00f9 poser vos valises. Ces \u00e9tablissements allient confort et petit prix pour vous permettre d\u2019acc\u00e9der plus facilement aux diff\u00e9rents restaurants de la ville.<\/p>\n<h3><strong>Le Pearl \u2013 Camping Paradis<\/strong><\/h3>\n<p>Ce camping, id\u00e9al pour un s\u00e9jour en famille offre un cadre parfait pour se d\u00e9tendre. L\u2019\u00e9tablissement dispose de plusieurs mobil homes confortables et spacieux. Son point fort ? La proximit\u00e9 avec la mer et les march\u00e9s de la ville.<\/p>\n<p><a href=\"https:\/\/www.campings.com\/fr\/camping\/le-pearl-camping-paradis-76750\">Plus d\u2019infos sur Le Pearl \u2013 Camping Paradis.<\/a><\/p>\n<h3><strong>Camping Maeva Club Le Lagon d&rsquo;Argel\u00e8s<\/strong><\/h3>\n<p>Cet \u00e9tablissement tout confort est tr\u00e8s proche des march\u00e9s d\u2019Argel\u00e8s-sur-Mer. Sur place, tout a \u00e9t\u00e9 pens\u00e9 pour passer des vacances agr\u00e9ables en famille.<\/p>\n<p><a href=\"https:\/\/www.campings.com\/fr\/camping\/camping-maeva-club-le-lagon-d-argeles-76769\">Plus d\u2019infos sur le Camping maeva Club Le Lagon d&rsquo;Argel\u00e8s<\/a>.<\/p>\n<h3><strong>Camping La Coste Rouge<\/strong><\/h3>\n<p>Si vous souhaitez faire des vir\u00e9es shopping pendant vos vacances, ce camping jouit d\u2019un excellent emplacement. Sa proximit\u00e9 avec les march\u00e9s de la ville facilitera vos d\u00e9placements, que ce soit \u00e0 pied ou \u00e0 v\u00e9lo.<\/p>\n<p><a href=\"https:\/\/www.campings.com\/fr\/camping\/camping-la-coste-rouge-76762\">Plus d\u2019infos sur le Camping La Coste Rouge.<\/a><\/p>\n","protected":false},"excerpt":{"rendered":"<p>Argel\u00e8s-sur-Mer jouit d\u2019une tr\u00e8s bonne r\u00e9putation gastronomique et propose des sp\u00e9cialit\u00e9s culinaires qui raviront les plus fins gourmets. Ne manquez pas de les d\u00e9couvrir dans les nombreux restaurants de la ville. Une cuisine savoureuse et color\u00e9e qui s\u2019inspire du m\u00e9lange des cultures du bassin m\u00e9diterran\u00e9en\u2026 Des plats qui feront voyager vos papilles ! \u00c0\u00a0Argel\u00e8s-sur-Mer, les [&hellip;]<\/p>\n","protected":false},"author":18,"featured_media":0,"parent":3115,"menu_order":0,"comment_status":"closed","ping_status":"closed","template":"template-twocolumns.php","meta":{"_acf_changed":false,"footnotes":""},"class_list":["post-3141","page","type-page","status-publish","hentry"],"acf":[],"yoast_head":"<!-- This site is optimized with the Yoast SEO plugin v27.1.1 - https:\/\/yoast.com\/product\/yoast-seo-wordpress\/ -->\n<title>Les meilleurs restaurants \u00e0 d\u00e9couvrir \u00e0 Argel\u00e8s-sur-Mer -<\/title>\n<meta name=\"description\" content=\"D\u00e9couvrez notre guide des meilleurs restaurants \u00e0 faire dans la ville d\u2019Argel\u00e8s-sur-Mer dans les Pyr\u00e9n\u00e9es-Orientales pour combler vos papilles !\" \/>\n<meta name=\"robots\" content=\"index, follow, max-snippet:-1, max-image-preview:large, max-video-preview:-1\" \/>\n<link rel=\"canonical\" href=\"https:\/\/www.campings.com\/fr\/content\/guide-argeles-sur-mer\/restaurants-argeles-sur-mer\/\" \/>\n<meta property=\"og:locale\" content=\"fr_FR\" \/>\n<meta property=\"og:type\" content=\"article\" \/>\n<meta property=\"og:title\" content=\"Les meilleurs restaurants \u00e0 d\u00e9couvrir \u00e0 Argel\u00e8s-sur-Mer -\" \/>\n<meta property=\"og:description\" content=\"D\u00e9couvrez notre guide des meilleurs restaurants \u00e0 faire dans la ville d\u2019Argel\u00e8s-sur-Mer dans les Pyr\u00e9n\u00e9es-Orientales pour combler vos papilles !\" \/>\n<meta property=\"og:url\" content=\"https:\/\/www.campings.com\/fr\/content\/guide-argeles-sur-mer\/restaurants-argeles-sur-mer\/\" \/>\n<meta property=\"og:image\" content=\"https:\/\/www.campings.com\/fr\/content\/wp-content\/uploads\/2021\/09\/Restaurant-Rest-Eau.jpg\" \/>\n\t<meta property=\"og:image:width\" content=\"1000\" \/>\n\t<meta property=\"og:image:height\" content=\"665\" \/>\n\t<meta property=\"og:image:type\" content=\"image\/jpeg\" \/>\n<meta name=\"twitter:card\" content=\"summary_large_image\" \/>\n<meta name=\"twitter:label1\" content=\"Dur\u00e9e de lecture estim\u00e9e\" \/>\n\t<meta name=\"twitter:data1\" content=\"4 minutes\" \/>\n<script type=\"application\/ld+json\" class=\"yoast-schema-graph\">{\"@context\":\"https:\/\/schema.org\",\"@graph\":[{\"@type\":\"WebPage\",\"@id\":\"https:\/\/www.campings.com\/fr\/content\/guide-argeles-sur-mer\/restaurants-argeles-sur-mer\/\",\"url\":\"https:\/\/www.campings.com\/fr\/content\/guide-argeles-sur-mer\/restaurants-argeles-sur-mer\/\",\"name\":\"Les meilleurs restaurants \u00e0 d\u00e9couvrir \u00e0 Argel\u00e8s-sur-Mer -\",\"isPartOf\":{\"@id\":\"https:\/\/www.campings.com\/fr\/content\/#website\"},\"primaryImageOfPage\":{\"@id\":\"https:\/\/www.campings.com\/fr\/content\/guide-argeles-sur-mer\/restaurants-argeles-sur-mer\/#primaryimage\"},\"image\":{\"@id\":\"https:\/\/www.campings.com\/fr\/content\/guide-argeles-sur-mer\/restaurants-argeles-sur-mer\/#primaryimage\"},\"thumbnailUrl\":\"https:\/\/www.campings.com\/fr\/content\/wp-content\/uploads\/2021\/09\/Restaurant-Rest-Eau.jpg\",\"datePublished\":\"2021-09-07T13:47:19+00:00\",\"description\":\"D\u00e9couvrez notre guide des meilleurs restaurants \u00e0 faire dans la ville d\u2019Argel\u00e8s-sur-Mer dans les Pyr\u00e9n\u00e9es-Orientales pour combler vos papilles !\",\"breadcrumb\":{\"@id\":\"https:\/\/www.campings.com\/fr\/content\/guide-argeles-sur-mer\/restaurants-argeles-sur-mer\/#breadcrumb\"},\"inLanguage\":\"fr-FR\",\"potentialAction\":[{\"@type\":\"ReadAction\",\"target\":[\"https:\/\/www.campings.com\/fr\/content\/guide-argeles-sur-mer\/restaurants-argeles-sur-mer\/\"]}]},{\"@type\":\"ImageObject\",\"inLanguage\":\"fr-FR\",\"@id\":\"https:\/\/www.campings.com\/fr\/content\/guide-argeles-sur-mer\/restaurants-argeles-sur-mer\/#primaryimage\",\"url\":\"https:\/\/www.campings.com\/fr\/content\/wp-content\/uploads\/2021\/09\/Restaurant-Rest-Eau.jpg\",\"contentUrl\":\"https:\/\/www.campings.com\/fr\/content\/wp-content\/uploads\/2021\/09\/Restaurant-Rest-Eau.jpg\",\"width\":1000,\"height\":665},{\"@type\":\"BreadcrumbList\",\"@id\":\"https:\/\/www.campings.com\/fr\/content\/guide-argeles-sur-mer\/restaurants-argeles-sur-mer\/#breadcrumb\",\"itemListElement\":[{\"@type\":\"ListItem\",\"position\":1,\"name\":\"Home\",\"item\":\"https:\/\/www.campings.com\/fr\/content\/\"},{\"@type\":\"ListItem\",\"position\":2,\"name\":\"Le guide de vos vacances \u00e0 Argel\u00e8s-sur-Mer\",\"item\":\"https:\/\/www.campings.com\/fr\/content\/guide-argeles-sur-mer\/\"},{\"@type\":\"ListItem\",\"position\":3,\"name\":\"Les meilleurs restaurants \u00e0 d\u00e9couvrir \u00e0 Argel\u00e8s-sur-Mer\"}]},{\"@type\":\"WebSite\",\"@id\":\"https:\/\/www.campings.com\/fr\/content\/#website\",\"url\":\"https:\/\/www.campings.com\/fr\/content\/\",\"name\":\"\",\"description\":\"\",\"publisher\":{\"@id\":\"https:\/\/www.campings.com\/fr\/content\/#organization\"},\"potentialAction\":[{\"@type\":\"SearchAction\",\"target\":{\"@type\":\"EntryPoint\",\"urlTemplate\":\"https:\/\/www.campings.com\/fr\/content\/?s={search_term_string}\"},\"query-input\":{\"@type\":\"PropertyValueSpecification\",\"valueRequired\":true,\"valueName\":\"search_term_string\"}}],\"inLanguage\":\"fr-FR\"},{\"@type\":\"Organization\",\"@id\":\"https:\/\/www.campings.com\/fr\/content\/#organization\",\"name\":\"CAMPINGS.COM\",\"url\":\"https:\/\/www.campings.com\/fr\/content\/\",\"logo\":{\"@type\":\"ImageObject\",\"inLanguage\":\"fr-FR\",\"@id\":\"https:\/\/www.campings.com\/fr\/content\/#\/schema\/logo\/image\/\",\"url\":\"https:\/\/www.campings.com\/fr\/content\/wp-content\/uploads\/2019\/01\/cropped-logo-1.png\",\"contentUrl\":\"https:\/\/www.campings.com\/fr\/content\/wp-content\/uploads\/2019\/01\/cropped-logo-1.png\",\"width\":174,\"height\":42,\"caption\":\"CAMPINGS.COM\"},\"image\":{\"@id\":\"https:\/\/www.campings.com\/fr\/content\/#\/schema\/logo\/image\/\"}}]}<\/script>\n<!-- \/ Yoast SEO plugin. -->","yoast_head_json":{"title":"Les meilleurs restaurants \u00e0 d\u00e9couvrir \u00e0 Argel\u00e8s-sur-Mer -","description":"D\u00e9couvrez notre guide des meilleurs restaurants \u00e0 faire dans la ville d\u2019Argel\u00e8s-sur-Mer dans les Pyr\u00e9n\u00e9es-Orientales pour combler vos papilles !","robots":{"index":"index","follow":"follow","max-snippet":"max-snippet:-1","max-image-preview":"max-image-preview:large","max-video-preview":"max-video-preview:-1"},"canonical":"https:\/\/www.campings.com\/fr\/content\/guide-argeles-sur-mer\/restaurants-argeles-sur-mer\/","og_locale":"fr_FR","og_type":"article","og_title":"Les meilleurs restaurants \u00e0 d\u00e9couvrir \u00e0 Argel\u00e8s-sur-Mer -","og_description":"D\u00e9couvrez notre guide des meilleurs restaurants \u00e0 faire dans la ville d\u2019Argel\u00e8s-sur-Mer dans les Pyr\u00e9n\u00e9es-Orientales pour combler vos papilles !","og_url":"https:\/\/www.campings.com\/fr\/content\/guide-argeles-sur-mer\/restaurants-argeles-sur-mer\/","og_image":[{"width":1000,"height":665,"url":"https:\/\/www.campings.com\/fr\/content\/wp-content\/uploads\/2021\/09\/Restaurant-Rest-Eau.jpg","type":"image\/jpeg"}],"twitter_card":"summary_large_image","twitter_misc":{"Dur\u00e9e de lecture estim\u00e9e":"4 minutes"},"schema":{"@context":"https:\/\/schema.org","@graph":[{"@type":"WebPage","@id":"https:\/\/www.campings.com\/fr\/content\/guide-argeles-sur-mer\/restaurants-argeles-sur-mer\/","url":"https:\/\/www.campings.com\/fr\/content\/guide-argeles-sur-mer\/restaurants-argeles-sur-mer\/","name":"Les meilleurs restaurants \u00e0 d\u00e9couvrir \u00e0 Argel\u00e8s-sur-Mer -","isPartOf":{"@id":"https:\/\/www.campings.com\/fr\/content\/#website"},"primaryImageOfPage":{"@id":"https:\/\/www.campings.com\/fr\/content\/guide-argeles-sur-mer\/restaurants-argeles-sur-mer\/#primaryimage"},"image":{"@id":"https:\/\/www.campings.com\/fr\/content\/guide-argeles-sur-mer\/restaurants-argeles-sur-mer\/#primaryimage"},"thumbnailUrl":"https:\/\/www.campings.com\/fr\/content\/wp-content\/uploads\/2021\/09\/Restaurant-Rest-Eau.jpg","datePublished":"2021-09-07T13:47:19+00:00","description":"D\u00e9couvrez notre guide des meilleurs restaurants \u00e0 faire dans la ville d\u2019Argel\u00e8s-sur-Mer dans les Pyr\u00e9n\u00e9es-Orientales pour combler vos papilles !","breadcrumb":{"@id":"https:\/\/www.campings.com\/fr\/content\/guide-argeles-sur-mer\/restaurants-argeles-sur-mer\/#breadcrumb"},"inLanguage":"fr-FR","potentialAction":[{"@type":"ReadAction","target":["https:\/\/www.campings.com\/fr\/content\/guide-argeles-sur-mer\/restaurants-argeles-sur-mer\/"]}]},{"@type":"ImageObject","inLanguage":"fr-FR","@id":"https:\/\/www.campings.com\/fr\/content\/guide-argeles-sur-mer\/restaurants-argeles-sur-mer\/#primaryimage","url":"https:\/\/www.campings.com\/fr\/content\/wp-content\/uploads\/2021\/09\/Restaurant-Rest-Eau.jpg","contentUrl":"https:\/\/www.campings.com\/fr\/content\/wp-content\/uploads\/2021\/09\/Restaurant-Rest-Eau.jpg","width":1000,"height":665},{"@type":"BreadcrumbList","@id":"https:\/\/www.campings.com\/fr\/content\/guide-argeles-sur-mer\/restaurants-argeles-sur-mer\/#breadcrumb","itemListElement":[{"@type":"ListItem","position":1,"name":"Home","item":"https:\/\/www.campings.com\/fr\/content\/"},{"@type":"ListItem","position":2,"name":"Le guide de vos vacances \u00e0 Argel\u00e8s-sur-Mer","item":"https:\/\/www.campings.com\/fr\/content\/guide-argeles-sur-mer\/"},{"@type":"ListItem","position":3,"name":"Les meilleurs restaurants \u00e0 d\u00e9couvrir \u00e0 Argel\u00e8s-sur-Mer"}]},{"@type":"WebSite","@id":"https:\/\/www.campings.com\/fr\/content\/#website","url":"https:\/\/www.campings.com\/fr\/content\/","name":"","description":"","publisher":{"@id":"https:\/\/www.campings.com\/fr\/content\/#organization"},"potentialAction":[{"@type":"SearchAction","target":{"@type":"EntryPoint","urlTemplate":"https:\/\/www.campings.com\/fr\/content\/?s={search_term_string}"},"query-input":{"@type":"PropertyValueSpecification","valueRequired":true,"valueName":"search_term_string"}}],"inLanguage":"fr-FR"},{"@type":"Organization","@id":"https:\/\/www.campings.com\/fr\/content\/#organization","name":"CAMPINGS.COM","url":"https:\/\/www.campings.com\/fr\/content\/","logo":{"@type":"ImageObject","inLanguage":"fr-FR","@id":"https:\/\/www.campings.com\/fr\/content\/#\/schema\/logo\/image\/","url":"https:\/\/www.campings.com\/fr\/content\/wp-content\/uploads\/2019\/01\/cropped-logo-1.png","contentUrl":"https:\/\/www.campings.com\/fr\/content\/wp-content\/uploads\/2019\/01\/cropped-logo-1.png","width":174,"height":42,"caption":"CAMPINGS.COM"},"image":{"@id":"https:\/\/www.campings.com\/fr\/content\/#\/schema\/logo\/image\/"}}]}},"_links":{"self":[{"href":"https:\/\/www.campings.com\/fr\/content\/wp-json\/wp\/v2\/pages\/3141","targetHints":{"allow":["GET"]}}],"collection":[{"href":"https:\/\/www.campings.com\/fr\/content\/wp-json\/wp\/v2\/pages"}],"about":[{"href":"https:\/\/www.campings.com\/fr\/content\/wp-json\/wp\/v2\/types\/page"}],"author":[{"embeddable":true,"href":"https:\/\/www.campings.com\/fr\/content\/wp-json\/wp\/v2\/users\/18"}],"replies":[{"embeddable":true,"href":"https:\/\/www.campings.com\/fr\/content\/wp-json\/wp\/v2\/comments?post=3141"}],"version-history":[{"count":1,"href":"https:\/\/www.campings.com\/fr\/content\/wp-json\/wp\/v2\/pages\/3141\/revisions"}],"predecessor-version":[{"id":3144,"href":"https:\/\/www.campings.com\/fr\/content\/wp-json\/wp\/v2\/pages\/3141\/revisions\/3144"}],"up":[{"embeddable":true,"href":"https:\/\/www.campings.com\/fr\/content\/wp-json\/wp\/v2\/pages\/3115"}],"wp:attachment":[{"href":"https:\/\/www.campings.com\/fr\/content\/wp-json\/wp\/v2\/media?parent=3141"}],"curies":[{"name":"wp","href":"https:\/\/api.w.org\/{rel}","templated":true}]}}