{"id":3137,"date":"2021-09-07T13:31:45","date_gmt":"2021-09-07T13:31:45","guid":{"rendered":"https:\/\/www.campings.com\/fr\/content\/?page_id=3137"},"modified":"2021-09-07T14:34:46","modified_gmt":"2021-09-07T14:34:46","slug":"plages-argeles-sur-mer","status":"publish","type":"page","link":"https:\/\/www.campings.com\/fr\/content\/guide-argeles-sur-mer\/plages-argeles-sur-mer\/","title":{"rendered":"Les plus belles plages d&rsquo;Argel\u00e8s-sur-Mer"},"content":{"rendered":"<p>Situ\u00e9e entre mer et montagne, Argel\u00e8s-sur-Mer offre des panoramas exceptionnels. Une destination idyllique pour faire le plein de soleil sur la plage ou se d\u00e9penser le temps d\u2019une promenade. Voici notre s\u00e9lection des meilleurs spots baln\u00e9aires !<\/p>\n<p>En \u00e9t\u00e9,\u00a0<a href=\"https:\/\/www.campings.com\/fr\/content\/guide-argeles-sur-mer\/\"><strong><u>Argel\u00e8s-sur-Mer<\/u><\/strong><\/a>, fait partie des meilleures destinations vacances en France. La ville b\u00e9n\u00e9ficie d\u2019un climat chaud et temp\u00e9r\u00e9, tr\u00e8s agr\u00e9able en \u00e9t\u00e9. Avec ses kilom\u00e8tres de littoral, la c\u00f4te rocheuse catalane alterne plages de sable et de galets\u2026 Un d\u00e9cor de r\u00eave qui vous plongera dans une ambiance chaleureuse et conviviale, propice au farniente ! Zoom sur les plus belles plages d\u2019Argel\u00e8s-sur-Mer.<\/p>\n<h2><strong>La plage des Pins<\/strong><\/h2>\n<p>Envie de passer d\u2019agr\u00e9ables moments en famille ? Direction la plage des Pins \u00e0 Argel\u00e8s-sur-Mer ! Son point fort ? Sa proximit\u00e9 avec le centre-ville. De ce fait, vous pourrez vous y rendre facilement \u00e0 v\u00e9lo, en voiture ou en bus. De nombreuses infrastructures sont pr\u00e9sentes sur la plage : toilettes, douches, location de mat\u00e9riel vari\u00e9, restaurants\u2026 Sur place, tout est pens\u00e9 pour passer une journ\u00e9e agr\u00e9able sous le signe de la d\u00e9tente ! De plus, la plage est am\u00e9nag\u00e9e pour offrir un acc\u00e8s plus simple aux personnes \u00e0 mobilit\u00e9 r\u00e9duite.<\/p>\n<h2><strong>La plage Centrale<\/strong><\/h2>\n<p>La plage Centrale est une vraie p\u00e9pite ! Sa plage de sable fin, qui s\u2019\u00e9tend sur 2 km est une v\u00e9ritable invitation \u00e0 la d\u00e9tente. La propret\u00e9 de ce spot est aussi l\u2019un de ses points forts. Sur place, les activit\u00e9s ne manquent pas. Entre le beach-volley, les baignades et ses nombreux restaurants, cette plage est un spot incontournable dans la r\u00e9gion.<\/p>\n<h2><strong>La plage du Racou<\/strong><\/h2>\n<p>Vous pr\u00e9f\u00e9rez les plages \u00e0 l\u2019abri de l\u2019affluence touristique ? La plage du Racou est l&rsquo;une des plus belles plages de Pyr\u00e9n\u00e9es-Orientales. Cette plage peu fr\u00e9quent\u00e9e est l\u2019un des rares spots d\u2019<a href=\"https:\/\/www.campings.com\/fr\/content\/guide-argeles-sur-mer\/\"><u>Argel\u00e8s-sur-Mer\u00a0<\/u><\/a>o\u00f9 les baigneurs peuvent profiter tranquillement des joies de la baignade. Par ailleurs, les sportifs peuvent y pratiquer leur sport pr\u00e9f\u00e9r\u00e9 \u00e0 l\u2019abri des regards indiscrets.<\/p>\n<p><img loading=\"lazy\" decoding=\"async\" class=\"alignnone size-full wp-image-3138\" src=\"https:\/\/www.campings.com\/fr\/content\/wp-content\/uploads\/2021\/09\/Plage-du-Racou.jpg\" alt=\"\" width=\"1000\" height=\"665\" srcset=\"https:\/\/www.campings.com\/fr\/content\/wp-content\/uploads\/2021\/09\/Plage-du-Racou.jpg 1000w, https:\/\/www.campings.com\/fr\/content\/wp-content\/uploads\/2021\/09\/Plage-du-Racou-300x200.jpg 300w, https:\/\/www.campings.com\/fr\/content\/wp-content\/uploads\/2021\/09\/Plage-du-Racou-768x511.jpg 768w, https:\/\/www.campings.com\/fr\/content\/wp-content\/uploads\/2021\/09\/Plage-du-Racou-450x299.jpg 450w, https:\/\/www.campings.com\/fr\/content\/wp-content\/uploads\/2021\/09\/Plage-du-Racou-430x286.jpg 430w\" sizes=\"auto, (max-width: 1000px) 100vw, 1000px\" \/><\/p>\n<h2><strong>La plage de l\u2019Ouille, entre Argel\u00e8s-sur-Mer et Collioure<\/strong><\/h2>\n<p>Situ\u00e9e au sud d\u2019Argel\u00e8s-sur-Mer, cette plage ne figure pas sur les cartes et n\u2019est pas mentionn\u00e9e par l\u2019Office du tourisme. Peu fr\u00e9quent\u00e9e, elle offre un cadre paisible et intimiste, id\u00e9al pour les baignades en famille ou en amoureux.<\/p>\n<h2><strong>La plage de la Marenda, au nord d\u2019Argel\u00e8s-sur-Mer<\/strong><\/h2>\n<p>Situ\u00e9e au nord de la ville, cette plage vaut \u00e9galement le d\u00e9tour. Avec son \u00e9tendue de sable fin, vous y passerez d\u2019agr\u00e9ables moments avec vos proches. Sa proximit\u00e9 avec les sites incontournables d\u2019Argel\u00e8s-sur-Mer, dont la r\u00e9serve naturelle nationale du Mas Larrieu, est l\u2019un de ses points forts.<\/p>\n<h2><strong>La plage Sud<\/strong><\/h2>\n<p>La plage Sud est un excellent spot pour pratiquer une foule d\u2019activit\u00e9s nautiques comme le kayak par exemple. Elle est parfaite pour se promener sur le front de mer ou tout simplement se relaxer \u00e0 l\u2019ombre d\u2019un parasol.<\/p>\n<h2><strong>La plage du Tamariguer et ses restaurants<\/strong><\/h2>\n<p>Cette plage, bord\u00e9e de restaurants est un endroit parfait pour se d\u00e9tendre et ravir ses papilles. La propret\u00e9 de ce spot baln\u00e9aire est l\u2019un de ses nombreux atouts. De plus, cette plage surveill\u00e9e est parfaite pour une baignade s\u00e9curis\u00e9e avec les enfants.<\/p>\n<p><img loading=\"lazy\" decoding=\"async\" class=\"alignnone size-full wp-image-3139\" src=\"https:\/\/www.campings.com\/fr\/content\/wp-content\/uploads\/2021\/09\/Plage-2.jpg\" alt=\"\" width=\"1000\" height=\"665\" srcset=\"https:\/\/www.campings.com\/fr\/content\/wp-content\/uploads\/2021\/09\/Plage-2.jpg 1000w, https:\/\/www.campings.com\/fr\/content\/wp-content\/uploads\/2021\/09\/Plage-2-300x200.jpg 300w, https:\/\/www.campings.com\/fr\/content\/wp-content\/uploads\/2021\/09\/Plage-2-768x511.jpg 768w, https:\/\/www.campings.com\/fr\/content\/wp-content\/uploads\/2021\/09\/Plage-2-450x299.jpg 450w, https:\/\/www.campings.com\/fr\/content\/wp-content\/uploads\/2021\/09\/Plage-2-430x286.jpg 430w\" sizes=\"auto, (max-width: 1000px) 100vw, 1000px\" \/><\/p>\n<h2><strong>La crique du Porteil<\/strong><\/h2>\n<p>Avec ses 200 m\u00e8tres de long, cette plage de galets est id\u00e9ale pour bronzer. B\u00e9n\u00e9ficiant d\u2019un cadre exceptionnel, la crique est un bon endroit pour se reposer et faire le plein d\u2019\u00e9nergie. Sur place, vous pourrez pratiquer des activit\u00e9s aquatiques comme le surf, la plong\u00e9e sous-marine ou encore le snorkeling\u2026<\/p>\n<h2><strong>S\u00e9lection de campings \u00e0 Argel\u00e8s-sur-Mer et dans ses environs\u00a0<\/strong><\/h2>\n<p>\u00c0 la recherche d\u2019une solution d\u2019h\u00e9bergement pratique et confortable pendant vos vacances ? Optez pour un camping \u00e0 proximit\u00e9 des plages lors de votre s\u00e9jour \u00e0\u00a0<a href=\"https:\/\/www.campings.com\/fr\/content\/guide-argeles-sur-mer\/\"><u>Argel\u00e8s-sur-Mer<\/u><\/a>. Voici notre s\u00e9lection de campings.<\/p>\n<h3><strong>Camping Al Sol<\/strong><\/h3>\n<p>En plus de sa proximit\u00e9 avec la mer, le camping Al Sol dispose de mobil homes modernes et confortables. De plus, de nombreuses activit\u00e9s sont propos\u00e9es sur place : toboggans, piscines, foot\u2026<\/p>\n<p><a href=\"https:\/\/www.campings.com\/fr\/camping\/camping-al-sol-76765\">Plus d\u2019infos sur le camping Al Sol<\/a>.<\/p>\n<h3><strong>Camping Les Ch\u00eanes Rouges<\/strong><\/h3>\n<p>Situ\u00e9 \u00e0 4km de la plage environ, ce camping est l\u2019endroit r\u00eav\u00e9 pour des vacances au soleil. Les retardataires pourront m\u00eame effectuer leur r\u00e9servation au dernier moment.<\/p>\n<p><a href=\"https:\/\/www.campings.com\/fr\/camping\/camping-les-chenes-rouges-76760\">Plus d\u2019infos sur le Camping Les Ch\u00eanes Rouges<\/a>.<\/p>\n<h3><strong>Camping La Sir\u00e8ne<\/strong><\/h3>\n<p>Ce camping offre un acc\u00e8s facile \u00e0 la plage. Avec ses mobil homes confortables et ses nombreuses infrastructures de loisirs, cet \u00e9tablissement vous promet des vacances inoubliables !<\/p>\n<p><a href=\"https:\/\/www.campings.com\/fr\/camping\/camping-la-sirene-76770\">Plus d\u2019infos sur le Camping La Sir\u00e8ne<\/a>.<\/p>\n","protected":false},"excerpt":{"rendered":"<p>Situ\u00e9e entre mer et montagne, Argel\u00e8s-sur-Mer offre des panoramas exceptionnels. Une destination idyllique pour faire le plein de soleil sur la plage ou se d\u00e9penser le temps d\u2019une promenade. Voici notre s\u00e9lection des meilleurs spots baln\u00e9aires ! En \u00e9t\u00e9,\u00a0Argel\u00e8s-sur-Mer, fait partie des meilleures destinations vacances en France. La ville b\u00e9n\u00e9ficie d\u2019un climat chaud et temp\u00e9r\u00e9, [&hellip;]<\/p>\n","protected":false},"author":18,"featured_media":0,"parent":3115,"menu_order":0,"comment_status":"closed","ping_status":"closed","template":"template-twocolumns.php","meta":{"_acf_changed":false,"footnotes":""},"class_list":["post-3137","page","type-page","status-publish","hentry"],"acf":[],"yoast_head":"<!-- This site is optimized with the Yoast SEO plugin v27.1.1 - https:\/\/yoast.com\/product\/yoast-seo-wordpress\/ -->\n<title>Les plus belles plages d&#039;Argel\u00e8s-sur-Mer -<\/title>\n<meta name=\"description\" content=\"D\u00e9couvrez les plus belles plages d\u2019Argel\u00e8s-sur-Mer, dans les Pyr\u00e9n\u00e9es-Orientales o\u00f9 profiter pleinement du soleil en famille ou entre amis.\" \/>\n<meta name=\"robots\" content=\"index, follow, max-snippet:-1, max-image-preview:large, max-video-preview:-1\" \/>\n<link rel=\"canonical\" href=\"https:\/\/www.campings.com\/fr\/content\/guide-argeles-sur-mer\/plages-argeles-sur-mer\/\" \/>\n<meta property=\"og:locale\" content=\"fr_FR\" \/>\n<meta property=\"og:type\" content=\"article\" \/>\n<meta property=\"og:title\" content=\"Les plus belles plages d&#039;Argel\u00e8s-sur-Mer -\" \/>\n<meta property=\"og:description\" content=\"D\u00e9couvrez les plus belles plages d\u2019Argel\u00e8s-sur-Mer, dans les Pyr\u00e9n\u00e9es-Orientales o\u00f9 profiter pleinement du soleil en famille ou entre amis.\" \/>\n<meta property=\"og:url\" content=\"https:\/\/www.campings.com\/fr\/content\/guide-argeles-sur-mer\/plages-argeles-sur-mer\/\" \/>\n<meta property=\"article:modified_time\" content=\"2021-09-07T14:34:46+00:00\" \/>\n<meta property=\"og:image\" content=\"https:\/\/www.campings.com\/fr\/content\/wp-content\/uploads\/2021\/09\/Plage-du-Racou.jpg\" \/>\n\t<meta property=\"og:image:width\" content=\"1000\" \/>\n\t<meta property=\"og:image:height\" content=\"665\" \/>\n\t<meta property=\"og:image:type\" content=\"image\/jpeg\" \/>\n<meta name=\"twitter:card\" content=\"summary_large_image\" \/>\n<meta name=\"twitter:label1\" content=\"Dur\u00e9e de lecture estim\u00e9e\" \/>\n\t<meta name=\"twitter:data1\" content=\"4 minutes\" \/>\n<script type=\"application\/ld+json\" class=\"yoast-schema-graph\">{\"@context\":\"https:\/\/schema.org\",\"@graph\":[{\"@type\":\"WebPage\",\"@id\":\"https:\/\/www.campings.com\/fr\/content\/guide-argeles-sur-mer\/plages-argeles-sur-mer\/\",\"url\":\"https:\/\/www.campings.com\/fr\/content\/guide-argeles-sur-mer\/plages-argeles-sur-mer\/\",\"name\":\"Les plus belles plages d'Argel\u00e8s-sur-Mer -\",\"isPartOf\":{\"@id\":\"https:\/\/www.campings.com\/fr\/content\/#website\"},\"primaryImageOfPage\":{\"@id\":\"https:\/\/www.campings.com\/fr\/content\/guide-argeles-sur-mer\/plages-argeles-sur-mer\/#primaryimage\"},\"image\":{\"@id\":\"https:\/\/www.campings.com\/fr\/content\/guide-argeles-sur-mer\/plages-argeles-sur-mer\/#primaryimage\"},\"thumbnailUrl\":\"https:\/\/www.campings.com\/fr\/content\/wp-content\/uploads\/2021\/09\/Plage-du-Racou.jpg\",\"datePublished\":\"2021-09-07T13:31:45+00:00\",\"dateModified\":\"2021-09-07T14:34:46+00:00\",\"description\":\"D\u00e9couvrez les plus belles plages d\u2019Argel\u00e8s-sur-Mer, dans les Pyr\u00e9n\u00e9es-Orientales o\u00f9 profiter pleinement du soleil en famille ou entre amis.\",\"breadcrumb\":{\"@id\":\"https:\/\/www.campings.com\/fr\/content\/guide-argeles-sur-mer\/plages-argeles-sur-mer\/#breadcrumb\"},\"inLanguage\":\"fr-FR\",\"potentialAction\":[{\"@type\":\"ReadAction\",\"target\":[\"https:\/\/www.campings.com\/fr\/content\/guide-argeles-sur-mer\/plages-argeles-sur-mer\/\"]}]},{\"@type\":\"ImageObject\",\"inLanguage\":\"fr-FR\",\"@id\":\"https:\/\/www.campings.com\/fr\/content\/guide-argeles-sur-mer\/plages-argeles-sur-mer\/#primaryimage\",\"url\":\"https:\/\/www.campings.com\/fr\/content\/wp-content\/uploads\/2021\/09\/Plage-du-Racou.jpg\",\"contentUrl\":\"https:\/\/www.campings.com\/fr\/content\/wp-content\/uploads\/2021\/09\/Plage-du-Racou.jpg\",\"width\":1000,\"height\":665},{\"@type\":\"BreadcrumbList\",\"@id\":\"https:\/\/www.campings.com\/fr\/content\/guide-argeles-sur-mer\/plages-argeles-sur-mer\/#breadcrumb\",\"itemListElement\":[{\"@type\":\"ListItem\",\"position\":1,\"name\":\"Home\",\"item\":\"https:\/\/www.campings.com\/fr\/content\/\"},{\"@type\":\"ListItem\",\"position\":2,\"name\":\"Le guide de vos vacances \u00e0 Argel\u00e8s-sur-Mer\",\"item\":\"https:\/\/www.campings.com\/fr\/content\/guide-argeles-sur-mer\/\"},{\"@type\":\"ListItem\",\"position\":3,\"name\":\"Les plus belles plages d&rsquo;Argel\u00e8s-sur-Mer\"}]},{\"@type\":\"WebSite\",\"@id\":\"https:\/\/www.campings.com\/fr\/content\/#website\",\"url\":\"https:\/\/www.campings.com\/fr\/content\/\",\"name\":\"\",\"description\":\"\",\"publisher\":{\"@id\":\"https:\/\/www.campings.com\/fr\/content\/#organization\"},\"potentialAction\":[{\"@type\":\"SearchAction\",\"target\":{\"@type\":\"EntryPoint\",\"urlTemplate\":\"https:\/\/www.campings.com\/fr\/content\/?s={search_term_string}\"},\"query-input\":{\"@type\":\"PropertyValueSpecification\",\"valueRequired\":true,\"valueName\":\"search_term_string\"}}],\"inLanguage\":\"fr-FR\"},{\"@type\":\"Organization\",\"@id\":\"https:\/\/www.campings.com\/fr\/content\/#organization\",\"name\":\"CAMPINGS.COM\",\"url\":\"https:\/\/www.campings.com\/fr\/content\/\",\"logo\":{\"@type\":\"ImageObject\",\"inLanguage\":\"fr-FR\",\"@id\":\"https:\/\/www.campings.com\/fr\/content\/#\/schema\/logo\/image\/\",\"url\":\"https:\/\/www.campings.com\/fr\/content\/wp-content\/uploads\/2019\/01\/cropped-logo-1.png\",\"contentUrl\":\"https:\/\/www.campings.com\/fr\/content\/wp-content\/uploads\/2019\/01\/cropped-logo-1.png\",\"width\":174,\"height\":42,\"caption\":\"CAMPINGS.COM\"},\"image\":{\"@id\":\"https:\/\/www.campings.com\/fr\/content\/#\/schema\/logo\/image\/\"}}]}<\/script>\n<!-- \/ Yoast SEO plugin. -->","yoast_head_json":{"title":"Les plus belles plages d'Argel\u00e8s-sur-Mer -","description":"D\u00e9couvrez les plus belles plages d\u2019Argel\u00e8s-sur-Mer, dans les Pyr\u00e9n\u00e9es-Orientales o\u00f9 profiter pleinement du soleil en famille ou entre amis.","robots":{"index":"index","follow":"follow","max-snippet":"max-snippet:-1","max-image-preview":"max-image-preview:large","max-video-preview":"max-video-preview:-1"},"canonical":"https:\/\/www.campings.com\/fr\/content\/guide-argeles-sur-mer\/plages-argeles-sur-mer\/","og_locale":"fr_FR","og_type":"article","og_title":"Les plus belles plages d'Argel\u00e8s-sur-Mer -","og_description":"D\u00e9couvrez les plus belles plages d\u2019Argel\u00e8s-sur-Mer, dans les Pyr\u00e9n\u00e9es-Orientales o\u00f9 profiter pleinement du soleil en famille ou entre amis.","og_url":"https:\/\/www.campings.com\/fr\/content\/guide-argeles-sur-mer\/plages-argeles-sur-mer\/","article_modified_time":"2021-09-07T14:34:46+00:00","og_image":[{"width":1000,"height":665,"url":"https:\/\/www.campings.com\/fr\/content\/wp-content\/uploads\/2021\/09\/Plage-du-Racou.jpg","type":"image\/jpeg"}],"twitter_card":"summary_large_image","twitter_misc":{"Dur\u00e9e de lecture estim\u00e9e":"4 minutes"},"schema":{"@context":"https:\/\/schema.org","@graph":[{"@type":"WebPage","@id":"https:\/\/www.campings.com\/fr\/content\/guide-argeles-sur-mer\/plages-argeles-sur-mer\/","url":"https:\/\/www.campings.com\/fr\/content\/guide-argeles-sur-mer\/plages-argeles-sur-mer\/","name":"Les plus belles plages d'Argel\u00e8s-sur-Mer -","isPartOf":{"@id":"https:\/\/www.campings.com\/fr\/content\/#website"},"primaryImageOfPage":{"@id":"https:\/\/www.campings.com\/fr\/content\/guide-argeles-sur-mer\/plages-argeles-sur-mer\/#primaryimage"},"image":{"@id":"https:\/\/www.campings.com\/fr\/content\/guide-argeles-sur-mer\/plages-argeles-sur-mer\/#primaryimage"},"thumbnailUrl":"https:\/\/www.campings.com\/fr\/content\/wp-content\/uploads\/2021\/09\/Plage-du-Racou.jpg","datePublished":"2021-09-07T13:31:45+00:00","dateModified":"2021-09-07T14:34:46+00:00","description":"D\u00e9couvrez les plus belles plages d\u2019Argel\u00e8s-sur-Mer, dans les Pyr\u00e9n\u00e9es-Orientales o\u00f9 profiter pleinement du soleil en famille ou entre amis.","breadcrumb":{"@id":"https:\/\/www.campings.com\/fr\/content\/guide-argeles-sur-mer\/plages-argeles-sur-mer\/#breadcrumb"},"inLanguage":"fr-FR","potentialAction":[{"@type":"ReadAction","target":["https:\/\/www.campings.com\/fr\/content\/guide-argeles-sur-mer\/plages-argeles-sur-mer\/"]}]},{"@type":"ImageObject","inLanguage":"fr-FR","@id":"https:\/\/www.campings.com\/fr\/content\/guide-argeles-sur-mer\/plages-argeles-sur-mer\/#primaryimage","url":"https:\/\/www.campings.com\/fr\/content\/wp-content\/uploads\/2021\/09\/Plage-du-Racou.jpg","contentUrl":"https:\/\/www.campings.com\/fr\/content\/wp-content\/uploads\/2021\/09\/Plage-du-Racou.jpg","width":1000,"height":665},{"@type":"BreadcrumbList","@id":"https:\/\/www.campings.com\/fr\/content\/guide-argeles-sur-mer\/plages-argeles-sur-mer\/#breadcrumb","itemListElement":[{"@type":"ListItem","position":1,"name":"Home","item":"https:\/\/www.campings.com\/fr\/content\/"},{"@type":"ListItem","position":2,"name":"Le guide de vos vacances \u00e0 Argel\u00e8s-sur-Mer","item":"https:\/\/www.campings.com\/fr\/content\/guide-argeles-sur-mer\/"},{"@type":"ListItem","position":3,"name":"Les plus belles plages d&rsquo;Argel\u00e8s-sur-Mer"}]},{"@type":"WebSite","@id":"https:\/\/www.campings.com\/fr\/content\/#website","url":"https:\/\/www.campings.com\/fr\/content\/","name":"","description":"","publisher":{"@id":"https:\/\/www.campings.com\/fr\/content\/#organization"},"potentialAction":[{"@type":"SearchAction","target":{"@type":"EntryPoint","urlTemplate":"https:\/\/www.campings.com\/fr\/content\/?s={search_term_string}"},"query-input":{"@type":"PropertyValueSpecification","valueRequired":true,"valueName":"search_term_string"}}],"inLanguage":"fr-FR"},{"@type":"Organization","@id":"https:\/\/www.campings.com\/fr\/content\/#organization","name":"CAMPINGS.COM","url":"https:\/\/www.campings.com\/fr\/content\/","logo":{"@type":"ImageObject","inLanguage":"fr-FR","@id":"https:\/\/www.campings.com\/fr\/content\/#\/schema\/logo\/image\/","url":"https:\/\/www.campings.com\/fr\/content\/wp-content\/uploads\/2019\/01\/cropped-logo-1.png","contentUrl":"https:\/\/www.campings.com\/fr\/content\/wp-content\/uploads\/2019\/01\/cropped-logo-1.png","width":174,"height":42,"caption":"CAMPINGS.COM"},"image":{"@id":"https:\/\/www.campings.com\/fr\/content\/#\/schema\/logo\/image\/"}}]}},"_links":{"self":[{"href":"https:\/\/www.campings.com\/fr\/content\/wp-json\/wp\/v2\/pages\/3137","targetHints":{"allow":["GET"]}}],"collection":[{"href":"https:\/\/www.campings.com\/fr\/content\/wp-json\/wp\/v2\/pages"}],"about":[{"href":"https:\/\/www.campings.com\/fr\/content\/wp-json\/wp\/v2\/types\/page"}],"author":[{"embeddable":true,"href":"https:\/\/www.campings.com\/fr\/content\/wp-json\/wp\/v2\/users\/18"}],"replies":[{"embeddable":true,"href":"https:\/\/www.campings.com\/fr\/content\/wp-json\/wp\/v2\/comments?post=3137"}],"version-history":[{"count":2,"href":"https:\/\/www.campings.com\/fr\/content\/wp-json\/wp\/v2\/pages\/3137\/revisions"}],"predecessor-version":[{"id":3157,"href":"https:\/\/www.campings.com\/fr\/content\/wp-json\/wp\/v2\/pages\/3137\/revisions\/3157"}],"up":[{"embeddable":true,"href":"https:\/\/www.campings.com\/fr\/content\/wp-json\/wp\/v2\/pages\/3115"}],"wp:attachment":[{"href":"https:\/\/www.campings.com\/fr\/content\/wp-json\/wp\/v2\/media?parent=3137"}],"curies":[{"name":"wp","href":"https:\/\/api.w.org\/{rel}","templated":true}]}}