{"id":3133,"date":"2021-09-07T13:20:10","date_gmt":"2021-09-07T13:20:10","guid":{"rendered":"https:\/\/www.campings.com\/fr\/content\/?page_id=3133"},"modified":"2021-09-07T13:20:10","modified_gmt":"2021-09-07T13:20:10","slug":"marches-argeles-sur-mer","status":"publish","type":"page","link":"https:\/\/www.campings.com\/fr\/content\/guide-argeles-sur-mer\/marches-argeles-sur-mer\/","title":{"rendered":"Les march\u00e9s \u00e0 ne pas manquer \u00e0 Argel\u00e8s-sur-Mer"},"content":{"rendered":"<p>Si vous aimez sillonner les march\u00e9s, Argel\u00e8s-sur-Mer sera une belle exp\u00e9rience shopping ! La ville regorge de march\u00e9s en tous genres qui cr\u00e9ent une ambiance anim\u00e9e et conviviale toute la semaine !<\/p>\n<p>Bien plus qu\u2019une simple destination de vacances,\u00a0<a href=\"https:\/\/www.campings.com\/fr\/content\/guide-argeles-sur-mer\/\"><strong><u>Argel\u00e8s-sur-Mer<\/u><\/strong><\/a>\u00a0abrite de nombreux march\u00e9s traditionnels et artisanaux. Sur place, les commer\u00e7ants vous r\u00e9serveront un accueil chaleureux. N\u2019h\u00e9sitez pas \u00e0 partir \u00e0 leur rencontre ! Vous y d\u00e9couvrirez une offre impressionnante de produits du terroir, de la mer M\u00e9diterran\u00e9e et de cr\u00e9ations artisanales tr\u00e8s originales.<\/p>\n<h2><strong>Le march\u00e9 traditionnel, place de la R\u00e9publique<\/strong><\/h2>\n<p>Pour profiter du soleil tout en faisant votre shopping pendant les vacances, rendez-vous au march\u00e9 traditionnel, Place de la R\u00e9publique. Ce march\u00e9 est fr\u00e9quent\u00e9 aussi bien par les habitants que par les touristes. Il y r\u00e8gne une ambiance festive et chaleureuse. Ce march\u00e9 se tient toute l\u2019ann\u00e9e, les mercredis et les samedis. Dans ce lieu, vous adorerez fl\u00e2ner le long des \u00e9tals color\u00e9s et parfum\u00e9s. Fruits et l\u00e9gumes frais, objets de d\u00e9coration, papeterie\u2026 Vous y trouverez toutes sortes de produits !<\/p>\n<p><img loading=\"lazy\" decoding=\"async\" class=\"alignnone size-full wp-image-3135\" src=\"https:\/\/www.campings.com\/fr\/content\/wp-content\/uploads\/2021\/09\/March\u00e9-1.jpg\" alt=\"\" width=\"1000\" height=\"665\" srcset=\"https:\/\/www.campings.com\/fr\/content\/wp-content\/uploads\/2021\/09\/March\u00e9-1.jpg 1000w, https:\/\/www.campings.com\/fr\/content\/wp-content\/uploads\/2021\/09\/March\u00e9-1-300x200.jpg 300w, https:\/\/www.campings.com\/fr\/content\/wp-content\/uploads\/2021\/09\/March\u00e9-1-768x511.jpg 768w, https:\/\/www.campings.com\/fr\/content\/wp-content\/uploads\/2021\/09\/March\u00e9-1-450x299.jpg 450w, https:\/\/www.campings.com\/fr\/content\/wp-content\/uploads\/2021\/09\/March\u00e9-1-430x286.jpg 430w\" sizes=\"auto, (max-width: 1000px) 100vw, 1000px\" \/><\/p>\n<h2><strong>Le march\u00e9 artisanal d\u2019Argel\u00e8s-Plage\u00a0<\/strong><\/h2>\n<p>Le march\u00e9 artisanal d\u2019Argel\u00e8s-Plage est un march\u00e9 nocturne o\u00f9 de nombreux artisans au savoir-faire traditionnel exposent leur travail fait-main. Ce march\u00e9, o\u00f9 tous les participants sont s\u00e9lectionn\u00e9s avec soin se tient du 16 juin au 19 septembre. Certains objets sont r\u00e9alis\u00e9s sur-place pour faire d\u00e9couvrir aux visiteurs toute la finesse de leur travail de pr\u00e9cision. Et si vous avez un petit creux, des stands proposent des plats et des sp\u00e9cialit\u00e9s r\u00e9gionales.<\/p>\n<h2><strong>Aller au march\u00e9 nocturne sur les quais du Port l\u2019\u00e9t\u00e9\u00a0<\/strong><\/h2>\n<p>Pendant la saison estivale,\u00a0<a href=\"https:\/\/www.campings.com\/fr\/content\/guide-argeles-sur-mer\/\"><u>Argel\u00e8s-sur-Mer<\/u><\/a>\u00a0jouit d\u2019un climat chaud et temp\u00e9r\u00e9 m\u00eame la nuit. Une occasion de fl\u00e2ner dans le march\u00e9 nocturne qui se tient du 26 juin au 31 ao\u00fbt, sur les quais du Port. Une sortie insolite \u00e0 faire en famille o\u00f9 vous admirerez la beaut\u00e9 saisissante de la ville \u00e0 la belle \u00e9toile! Ce march\u00e9 d\u2019Argel\u00e8s-sur-Mer vous permettra de d\u00e9couvrir les produits locaux sous un angle diff\u00e9rent, dans une ambiance festive.<\/p>\n<h2><strong>Le march\u00e9 des producteurs, le march\u00e9 du dimanche matin \u00e0 Argel\u00e8s-sur-Mer\u00a0<\/strong><\/h2>\n<p>Chaque dimanche, ce march\u00e9 \u00e0 Argel\u00e8s-sur-Mer r\u00e9unit tous les producteurs locaux. Ils vous feront d\u00e9couvrir leurs produits \u00e0 travers des stands joliment d\u00e9cor\u00e9s. \u0152ufs frais, fromages, vins\u2026 Vous ne risquez pas de repartir les mains vides !<\/p>\n<p><img loading=\"lazy\" decoding=\"async\" class=\"alignnone size-full wp-image-3134\" src=\"https:\/\/www.campings.com\/fr\/content\/wp-content\/uploads\/2021\/09\/March\u00e9-2.jpg\" alt=\"\" width=\"1000\" height=\"665\" srcset=\"https:\/\/www.campings.com\/fr\/content\/wp-content\/uploads\/2021\/09\/March\u00e9-2.jpg 1000w, https:\/\/www.campings.com\/fr\/content\/wp-content\/uploads\/2021\/09\/March\u00e9-2-300x200.jpg 300w, https:\/\/www.campings.com\/fr\/content\/wp-content\/uploads\/2021\/09\/March\u00e9-2-768x511.jpg 768w, https:\/\/www.campings.com\/fr\/content\/wp-content\/uploads\/2021\/09\/March\u00e9-2-450x299.jpg 450w, https:\/\/www.campings.com\/fr\/content\/wp-content\/uploads\/2021\/09\/March\u00e9-2-430x286.jpg 430w\" sizes=\"auto, (max-width: 1000px) 100vw, 1000px\" \/><\/p>\n<h2><strong>March\u00e9 du terroir et bio le mardi<\/strong><\/h2>\n<p>Tous les mardis, au march\u00e9 d\u2019Argel\u00e8s-sur-Mer d\u00e9couvrez une gamme de produits du terroir issus de l\u2019agriculture et de l\u2019\u00e9levage biologique. Vous aurez l\u2019occasion d\u2019\u00e9changer avec les producteurs qui se feront un plaisir de vous pr\u00e9senter leurs produits. Une visite enrichissante de ce march\u00e9 du terroir vous permettra d\u2019en savoir un peu plus sur leur m\u00e9tier !<\/p>\n<h2><strong>S\u00e9lection de campings pr\u00e8s des march\u00e9s d&rsquo;Argel\u00e8s-sur-Mer<\/strong><\/h2>\n<p>Vous recherchez une location \u00e0 proximit\u00e9 des march\u00e9s\u00a0<u>d\u2019<a href=\"https:\/\/www.campings.com\/fr\/content\/guide-argeles-sur-mer\/\">Argel\u00e8s-sur-Mer<\/a><\/u>\u00a0? Voici 3 propositions de campings o\u00f9 poser vos valises en toute tranquillit\u00e9.<\/p>\n<h3><strong>Camping La Coste Rouge<\/strong><\/h3>\n<p>Envie de vacances au calme ? Optez pour le camping La Coste Rouge ! Cet \u00e9tablissement propose des mobil homes tr\u00e8s confortables au meilleur rapport qualit\u00e9 prix, loin de l\u2019agitation urbaine. Sur place, de nombreuses activit\u00e9s de plein air sont propos\u00e9es aux enfants.<\/p>\n<p><a href=\"https:\/\/www.campings.com\/fr\/camping\/camping-la-coste-rouge-76762\">Plus d\u2019infos sur le Camping La Coste Rouge<\/a>.<\/p>\n<h3><strong>Camping Les Ch\u00eanes Rouges<\/strong><\/h3>\n<p>En optant pour ce camping tout confort, vous acc\u00e9derez rapidement aux march\u00e9s d\u2019Argel\u00e8s-sur-Mer ! Dans cet \u00e9tablissement, le personnel sera aux petits soins afin de rendre votre s\u00e9jour le plus agr\u00e9able possible.<\/p>\n<p><a href=\"https:\/\/www.campings.com\/fr\/camping\/camping-les-chenes-rouges-76760\">Plus d\u2019infos sur le Camping Les Ch\u00eanes Rouges<\/a>.<\/p>\n<h3><strong>Camping La Chapelle<\/strong><\/h3>\n<p>Dans ce camping familial, toutes les conditions sont r\u00e9unies pour passer un s\u00e9jour agr\u00e9able. Les mobil homes sont confortables et spacieux. C\u00f4t\u00e9 animations, de nombreuses activit\u00e9s sont propos\u00e9es pour tous les \u00e2ges.<\/p>\n<p><a href=\"https:\/\/www.campings.com\/fr\/camping\/camping-la-chapelle-76746\">Plus d\u2019infos sur le Camping La Chapelle<\/a>.<\/p>\n<p>&nbsp;<\/p>\n","protected":false},"excerpt":{"rendered":"<p>Si vous aimez sillonner les march\u00e9s, Argel\u00e8s-sur-Mer sera une belle exp\u00e9rience shopping ! La ville regorge de march\u00e9s en tous genres qui cr\u00e9ent une ambiance anim\u00e9e et conviviale toute la semaine ! Bien plus qu\u2019une simple destination de vacances,\u00a0Argel\u00e8s-sur-Mer\u00a0abrite de nombreux march\u00e9s traditionnels et artisanaux. Sur place, les commer\u00e7ants vous r\u00e9serveront un accueil chaleureux. N\u2019h\u00e9sitez [&hellip;]<\/p>\n","protected":false},"author":18,"featured_media":0,"parent":3115,"menu_order":0,"comment_status":"closed","ping_status":"closed","template":"template-twocolumns.php","meta":{"_acf_changed":false,"footnotes":""},"class_list":["post-3133","page","type-page","status-publish","hentry"],"acf":[],"yoast_head":"<!-- This site is optimized with the Yoast SEO plugin v27.1.1 - https:\/\/yoast.com\/product\/yoast-seo-wordpress\/ -->\n<title>Les march\u00e9s \u00e0 ne pas manquer \u00e0 Argel\u00e8s-sur-Mer -<\/title>\n<meta name=\"robots\" content=\"index, follow, max-snippet:-1, max-image-preview:large, max-video-preview:-1\" \/>\n<link rel=\"canonical\" href=\"https:\/\/www.campings.com\/fr\/content\/guide-argeles-sur-mer\/marches-argeles-sur-mer\/\" \/>\n<meta property=\"og:locale\" content=\"fr_FR\" \/>\n<meta property=\"og:type\" content=\"article\" \/>\n<meta property=\"og:title\" content=\"Les march\u00e9s \u00e0 ne pas manquer \u00e0 Argel\u00e8s-sur-Mer -\" \/>\n<meta property=\"og:description\" content=\"Si vous aimez sillonner les march\u00e9s, Argel\u00e8s-sur-Mer sera une belle exp\u00e9rience shopping ! La ville regorge de march\u00e9s en tous genres qui cr\u00e9ent une ambiance anim\u00e9e et conviviale toute la semaine ! Bien plus qu\u2019une simple destination de vacances,\u00a0Argel\u00e8s-sur-Mer\u00a0abrite de nombreux march\u00e9s traditionnels et artisanaux. Sur place, les commer\u00e7ants vous r\u00e9serveront un accueil chaleureux. N\u2019h\u00e9sitez [&hellip;]\" \/>\n<meta property=\"og:url\" content=\"https:\/\/www.campings.com\/fr\/content\/guide-argeles-sur-mer\/marches-argeles-sur-mer\/\" \/>\n<meta name=\"twitter:card\" content=\"summary_large_image\" \/>\n<meta name=\"twitter:label1\" content=\"Dur\u00e9e de lecture estim\u00e9e\" \/>\n\t<meta name=\"twitter:data1\" content=\"3 minutes\" \/>\n<script type=\"application\/ld+json\" class=\"yoast-schema-graph\">{\"@context\":\"https:\/\/schema.org\",\"@graph\":[{\"@type\":\"WebPage\",\"@id\":\"https:\/\/www.campings.com\/fr\/content\/guide-argeles-sur-mer\/marches-argeles-sur-mer\/\",\"url\":\"https:\/\/www.campings.com\/fr\/content\/guide-argeles-sur-mer\/marches-argeles-sur-mer\/\",\"name\":\"Les march\u00e9s \u00e0 ne pas manquer \u00e0 Argel\u00e8s-sur-Mer -\",\"isPartOf\":{\"@id\":\"https:\/\/www.campings.com\/fr\/content\/#website\"},\"datePublished\":\"2021-09-07T13:20:10+00:00\",\"breadcrumb\":{\"@id\":\"https:\/\/www.campings.com\/fr\/content\/guide-argeles-sur-mer\/marches-argeles-sur-mer\/#breadcrumb\"},\"inLanguage\":\"fr-FR\",\"potentialAction\":[{\"@type\":\"ReadAction\",\"target\":[\"https:\/\/www.campings.com\/fr\/content\/guide-argeles-sur-mer\/marches-argeles-sur-mer\/\"]}]},{\"@type\":\"BreadcrumbList\",\"@id\":\"https:\/\/www.campings.com\/fr\/content\/guide-argeles-sur-mer\/marches-argeles-sur-mer\/#breadcrumb\",\"itemListElement\":[{\"@type\":\"ListItem\",\"position\":1,\"name\":\"Home\",\"item\":\"https:\/\/www.campings.com\/fr\/content\/\"},{\"@type\":\"ListItem\",\"position\":2,\"name\":\"Le guide de vos vacances \u00e0 Argel\u00e8s-sur-Mer\",\"item\":\"https:\/\/www.campings.com\/fr\/content\/guide-argeles-sur-mer\/\"},{\"@type\":\"ListItem\",\"position\":3,\"name\":\"Les march\u00e9s \u00e0 ne pas manquer \u00e0 Argel\u00e8s-sur-Mer\"}]},{\"@type\":\"WebSite\",\"@id\":\"https:\/\/www.campings.com\/fr\/content\/#website\",\"url\":\"https:\/\/www.campings.com\/fr\/content\/\",\"name\":\"\",\"description\":\"\",\"publisher\":{\"@id\":\"https:\/\/www.campings.com\/fr\/content\/#organization\"},\"potentialAction\":[{\"@type\":\"SearchAction\",\"target\":{\"@type\":\"EntryPoint\",\"urlTemplate\":\"https:\/\/www.campings.com\/fr\/content\/?s={search_term_string}\"},\"query-input\":{\"@type\":\"PropertyValueSpecification\",\"valueRequired\":true,\"valueName\":\"search_term_string\"}}],\"inLanguage\":\"fr-FR\"},{\"@type\":\"Organization\",\"@id\":\"https:\/\/www.campings.com\/fr\/content\/#organization\",\"name\":\"CAMPINGS.COM\",\"url\":\"https:\/\/www.campings.com\/fr\/content\/\",\"logo\":{\"@type\":\"ImageObject\",\"inLanguage\":\"fr-FR\",\"@id\":\"https:\/\/www.campings.com\/fr\/content\/#\/schema\/logo\/image\/\",\"url\":\"https:\/\/www.campings.com\/fr\/content\/wp-content\/uploads\/2019\/01\/cropped-logo-1.png\",\"contentUrl\":\"https:\/\/www.campings.com\/fr\/content\/wp-content\/uploads\/2019\/01\/cropped-logo-1.png\",\"width\":174,\"height\":42,\"caption\":\"CAMPINGS.COM\"},\"image\":{\"@id\":\"https:\/\/www.campings.com\/fr\/content\/#\/schema\/logo\/image\/\"}}]}<\/script>\n<!-- \/ Yoast SEO plugin. -->","yoast_head_json":{"title":"Les march\u00e9s \u00e0 ne pas manquer \u00e0 Argel\u00e8s-sur-Mer -","robots":{"index":"index","follow":"follow","max-snippet":"max-snippet:-1","max-image-preview":"max-image-preview:large","max-video-preview":"max-video-preview:-1"},"canonical":"https:\/\/www.campings.com\/fr\/content\/guide-argeles-sur-mer\/marches-argeles-sur-mer\/","og_locale":"fr_FR","og_type":"article","og_title":"Les march\u00e9s \u00e0 ne pas manquer \u00e0 Argel\u00e8s-sur-Mer -","og_description":"Si vous aimez sillonner les march\u00e9s, Argel\u00e8s-sur-Mer sera une belle exp\u00e9rience shopping ! La ville regorge de march\u00e9s en tous genres qui cr\u00e9ent une ambiance anim\u00e9e et conviviale toute la semaine ! Bien plus qu\u2019une simple destination de vacances,\u00a0Argel\u00e8s-sur-Mer\u00a0abrite de nombreux march\u00e9s traditionnels et artisanaux. Sur place, les commer\u00e7ants vous r\u00e9serveront un accueil chaleureux. N\u2019h\u00e9sitez [&hellip;]","og_url":"https:\/\/www.campings.com\/fr\/content\/guide-argeles-sur-mer\/marches-argeles-sur-mer\/","twitter_card":"summary_large_image","twitter_misc":{"Dur\u00e9e de lecture estim\u00e9e":"3 minutes"},"schema":{"@context":"https:\/\/schema.org","@graph":[{"@type":"WebPage","@id":"https:\/\/www.campings.com\/fr\/content\/guide-argeles-sur-mer\/marches-argeles-sur-mer\/","url":"https:\/\/www.campings.com\/fr\/content\/guide-argeles-sur-mer\/marches-argeles-sur-mer\/","name":"Les march\u00e9s \u00e0 ne pas manquer \u00e0 Argel\u00e8s-sur-Mer -","isPartOf":{"@id":"https:\/\/www.campings.com\/fr\/content\/#website"},"datePublished":"2021-09-07T13:20:10+00:00","breadcrumb":{"@id":"https:\/\/www.campings.com\/fr\/content\/guide-argeles-sur-mer\/marches-argeles-sur-mer\/#breadcrumb"},"inLanguage":"fr-FR","potentialAction":[{"@type":"ReadAction","target":["https:\/\/www.campings.com\/fr\/content\/guide-argeles-sur-mer\/marches-argeles-sur-mer\/"]}]},{"@type":"BreadcrumbList","@id":"https:\/\/www.campings.com\/fr\/content\/guide-argeles-sur-mer\/marches-argeles-sur-mer\/#breadcrumb","itemListElement":[{"@type":"ListItem","position":1,"name":"Home","item":"https:\/\/www.campings.com\/fr\/content\/"},{"@type":"ListItem","position":2,"name":"Le guide de vos vacances \u00e0 Argel\u00e8s-sur-Mer","item":"https:\/\/www.campings.com\/fr\/content\/guide-argeles-sur-mer\/"},{"@type":"ListItem","position":3,"name":"Les march\u00e9s \u00e0 ne pas manquer \u00e0 Argel\u00e8s-sur-Mer"}]},{"@type":"WebSite","@id":"https:\/\/www.campings.com\/fr\/content\/#website","url":"https:\/\/www.campings.com\/fr\/content\/","name":"","description":"","publisher":{"@id":"https:\/\/www.campings.com\/fr\/content\/#organization"},"potentialAction":[{"@type":"SearchAction","target":{"@type":"EntryPoint","urlTemplate":"https:\/\/www.campings.com\/fr\/content\/?s={search_term_string}"},"query-input":{"@type":"PropertyValueSpecification","valueRequired":true,"valueName":"search_term_string"}}],"inLanguage":"fr-FR"},{"@type":"Organization","@id":"https:\/\/www.campings.com\/fr\/content\/#organization","name":"CAMPINGS.COM","url":"https:\/\/www.campings.com\/fr\/content\/","logo":{"@type":"ImageObject","inLanguage":"fr-FR","@id":"https:\/\/www.campings.com\/fr\/content\/#\/schema\/logo\/image\/","url":"https:\/\/www.campings.com\/fr\/content\/wp-content\/uploads\/2019\/01\/cropped-logo-1.png","contentUrl":"https:\/\/www.campings.com\/fr\/content\/wp-content\/uploads\/2019\/01\/cropped-logo-1.png","width":174,"height":42,"caption":"CAMPINGS.COM"},"image":{"@id":"https:\/\/www.campings.com\/fr\/content\/#\/schema\/logo\/image\/"}}]}},"_links":{"self":[{"href":"https:\/\/www.campings.com\/fr\/content\/wp-json\/wp\/v2\/pages\/3133","targetHints":{"allow":["GET"]}}],"collection":[{"href":"https:\/\/www.campings.com\/fr\/content\/wp-json\/wp\/v2\/pages"}],"about":[{"href":"https:\/\/www.campings.com\/fr\/content\/wp-json\/wp\/v2\/types\/page"}],"author":[{"embeddable":true,"href":"https:\/\/www.campings.com\/fr\/content\/wp-json\/wp\/v2\/users\/18"}],"replies":[{"embeddable":true,"href":"https:\/\/www.campings.com\/fr\/content\/wp-json\/wp\/v2\/comments?post=3133"}],"version-history":[{"count":1,"href":"https:\/\/www.campings.com\/fr\/content\/wp-json\/wp\/v2\/pages\/3133\/revisions"}],"predecessor-version":[{"id":3136,"href":"https:\/\/www.campings.com\/fr\/content\/wp-json\/wp\/v2\/pages\/3133\/revisions\/3136"}],"up":[{"embeddable":true,"href":"https:\/\/www.campings.com\/fr\/content\/wp-json\/wp\/v2\/pages\/3115"}],"wp:attachment":[{"href":"https:\/\/www.campings.com\/fr\/content\/wp-json\/wp\/v2\/media?parent=3133"}],"curies":[{"name":"wp","href":"https:\/\/api.w.org\/{rel}","templated":true}]}}