{"id":3128,"date":"2021-09-07T13:11:32","date_gmt":"2021-09-07T13:11:32","guid":{"rendered":"https:\/\/www.campings.com\/fr\/content\/?page_id=3128"},"modified":"2021-09-07T14:39:22","modified_gmt":"2021-09-07T14:39:22","slug":"activites-argeles-sur-mer","status":"publish","type":"page","link":"https:\/\/www.campings.com\/fr\/content\/guide-argeles-sur-mer\/activites-argeles-sur-mer\/","title":{"rendered":"Les activit\u00e9s \u00e0 faire \u00e0 Argel\u00e8s-sur-Mer"},"content":{"rendered":"<p>Envie de vacances en famille qui riment avec d\u00e9tente et d\u00e9couvertes ? \u00c0 Argel\u00e8s-sur-Mer, les activit\u00e9s \u00e0 faire ne manquent pas ! Visites culturelles, loisirs de plein air, journ\u00e9es plage\u2026 vous aurez de quoi vous occuper tout au long de votre s\u00e9jour !<\/p>\n<p><a href=\"https:\/\/www.campings.com\/fr\/content\/guide-argeles-sur-mer\/\"><u>Argel\u00e8s-sur-Mer<\/u>\u00a0<\/a>est une destination id\u00e9ale pour des vacances en famille. Situ\u00e9e dans les Pyr\u00e9n\u00e9es-Orientales, en r\u00e9gion Occitanie, cette commune de 10366 habitants, situ\u00e9e \u00e0 la fronti\u00e8re espagnole, offre un cadre id\u00e9al pour se ressourcer. En \u00e9t\u00e9, la ville d\u2019Argel\u00e8s-sur-Mer b\u00e9n\u00e9ficie d\u2019un climat chaud et temp\u00e9r\u00e9 tr\u00e8s agr\u00e9able qui fera le bonheur des vacanciers. Avec ses plages, son massif des Alb\u00e8res, son bord de mer m\u00e9diterran\u00e9en, son vieux village, Argel\u00e8s-sur-Mer r\u00e9unit tous les ingr\u00e9dients pour un s\u00e9jour r\u00e9ussi.<\/p>\n<h2><strong>Quoi visiter \u00e0 Argel\u00e8s-sur-Mer ?<\/strong><\/h2>\n<p>Vous ne risquez pas de vous ennuyer lors de votre s\u00e9jour dans la ville d&rsquo;Argel\u00e8s-sur-Mer. D\u00e9couvrez toutes les activit\u00e9s \u00e0 faire en famille !<\/p>\n<h3><strong>D\u00e9couvrir le port d\u2019Argel\u00e8s-sur-Mer\u00a0<\/strong><\/h3>\n<p>Le port d\u2019Argel\u00e8s-sur-Mer est un lieu tr\u00e8s agr\u00e9able, tr\u00e8s anim\u00e9 en \u00e9t\u00e9. Plong\u00e9e sous-marine dans les eaux turquoise, balades en bateau, promenades sur le front de mer, restaurants\u2026 le port regorge d\u2019activit\u00e9s de loisirs pour tous les \u00e2ges !<\/p>\n<p><img loading=\"lazy\" decoding=\"async\" class=\"alignnone size-full wp-image-3131\" src=\"https:\/\/www.campings.com\/fr\/content\/wp-content\/uploads\/2021\/09\/Activit\u00e9s-Port-1.jpg\" alt=\"\" width=\"1000\" height=\"665\" srcset=\"https:\/\/www.campings.com\/fr\/content\/wp-content\/uploads\/2021\/09\/Activit\u00e9s-Port-1.jpg 1000w, https:\/\/www.campings.com\/fr\/content\/wp-content\/uploads\/2021\/09\/Activit\u00e9s-Port-1-300x200.jpg 300w, https:\/\/www.campings.com\/fr\/content\/wp-content\/uploads\/2021\/09\/Activit\u00e9s-Port-1-768x511.jpg 768w, https:\/\/www.campings.com\/fr\/content\/wp-content\/uploads\/2021\/09\/Activit\u00e9s-Port-1-450x299.jpg 450w, https:\/\/www.campings.com\/fr\/content\/wp-content\/uploads\/2021\/09\/Activit\u00e9s-Port-1-430x286.jpg 430w\" sizes=\"auto, (max-width: 1000px) 100vw, 1000px\" \/><\/p>\n<h3><strong>Faire du shopping dans le centre-ville<\/strong><\/h3>\n<p>Le centre-ville abrite de nombreux commerces et march\u00e9s. Confitures, confiseries, vins, livres et t-shirts originaux : vous y trouverez des produits tr\u00e8s vari\u00e9s \u00e0 ramener dans vos valises.<\/p>\n<h3><strong>Se balader au parc de Valmy<\/strong><\/h3>\n<p>Envie d\u2019une journ\u00e9e rimant avec d\u00e9tente et nature ? Direction le parc de Valmy pour une balade agr\u00e9able propice au repos. Sentiers, fontaines, cascades\u2026 Ce parc verdoyant est un cadre parfait pour pique-niquer en famille.<\/p>\n<h3><strong>Explorer le ch\u00e2teau de Pujols<\/strong><\/h3>\n<p>Le ch\u00e2teau de Pujols est un monument riche en histoire, datant du 13e si\u00e8cle. Situ\u00e9 dans le village de Pujols, ce ch\u00e2teau vous plongera dans le pass\u00e9 m\u00e9di\u00e9val.<\/p>\n<h3><strong>Se balader dans le bois des Pins<\/strong><\/h3>\n<p>\u00c0 la recherche de tranquillit\u00e9 apr\u00e8s une journ\u00e9e bien remplie ? Le bois des Pins est un petit coin de nature situ\u00e9 en plein c\u0153ur d\u2019Argel\u00e8s-sur-Mer, parfait pour une derni\u00e8re balade en fin d\u2019apr\u00e8s-midi.<\/p>\n<h2><strong>Les activit\u00e9s aquatiques \u00e0 Argel\u00e8s-sur-Mer\u00a0<\/strong><\/h2>\n<p>Lorsque le soleil est au rendez-vous,\u00a0<a href=\"https:\/\/www.campings.com\/fr\/content\/guide-argeles-sur-mer\/\"><u>Argel\u00e8s-sur-Mer<\/u><\/a>\u00a0propose un riche \u00e9ventail d\u2019activit\u00e9s aquatiques \u00e0 faire en famille.<\/p>\n<h3><strong>Le Canyoning Park\u00a0<\/strong><\/h3>\n<p>Ce parc aquatique est situ\u00e9 dans un cadre unique et 100 % s\u00e9curis\u00e9. Le canyoning est accessible \u00e0 tous les niveaux de pratique d\u00e8s l\u2019\u00e2ge de 10 ans. Une activit\u00e9 ludique qui permet de se rafra\u00eechir tout en faisant de l\u2019exercice physique.<\/p>\n<h3><strong>Le DROP IN Water Jump Parc<\/strong><\/h3>\n<p>Si vous aimez les sensations fortes, vous adorerez le DROP IN Water Jump Parc ! Le parc propose plusieurs toboggans de diff\u00e9rents niveaux (facile, moyen, difficile) qui raviront les adeptes de la glisse.<\/p>\n<h3><strong>Le WaterFly\u00a0<\/strong><\/h3>\n<p>Pour passer de bons moments en famille, rendez-vous au parc WaterFly. En plus des activit\u00e9s aquatiques propos\u00e9es, vous d\u00e9couvrirez aussi des sports a\u00e9riens et des bapt\u00eames sportifs. Une occasion unique de d\u00e9couvrir de nouvelles activit\u00e9s !<\/p>\n<h2><strong>Plus d\u2019activit\u00e9s loisirs \u00e0 faire en famille autour d\u2019Argel\u00e8s-sur-Mer\u00a0<\/strong><\/h2>\n<h3><strong>Le Paradise Aventure<\/strong><\/h3>\n<p>Id\u00e9al pour les enfants, cet espace de loisirs regroupe 6 parcs d\u2019attractions situ\u00e9s \u00e0 proximit\u00e9 du bord de mer.<\/p>\n<h3><strong>Le Luna Park<\/strong><\/h3>\n<p>Le Luna Park est un rendez-vous immanquable \u00e0 Argel\u00e8s-sur-Mer. Vous pourrez jouer aux autos tamponneuses, monter les montagnes russes, etc.<\/p>\n<h3><strong>La promenade du Front de Mer<\/strong><\/h3>\n<p>Cette magnifique promenade au bord de mer de 1,6 km se parcourt \u00e0 v\u00e9lo, \u00e0 rollers ou \u00e0 pied.<\/p>\n<p><img loading=\"lazy\" decoding=\"async\" class=\"alignnone size-full wp-image-3130\" src=\"https:\/\/www.campings.com\/fr\/content\/wp-content\/uploads\/2021\/09\/Activit\u00e9s-Promenade.jpg\" alt=\"\" width=\"1000\" height=\"665\" srcset=\"https:\/\/www.campings.com\/fr\/content\/wp-content\/uploads\/2021\/09\/Activit\u00e9s-Promenade.jpg 1000w, https:\/\/www.campings.com\/fr\/content\/wp-content\/uploads\/2021\/09\/Activit\u00e9s-Promenade-300x200.jpg 300w, https:\/\/www.campings.com\/fr\/content\/wp-content\/uploads\/2021\/09\/Activit\u00e9s-Promenade-768x511.jpg 768w, https:\/\/www.campings.com\/fr\/content\/wp-content\/uploads\/2021\/09\/Activit\u00e9s-Promenade-450x299.jpg 450w, https:\/\/www.campings.com\/fr\/content\/wp-content\/uploads\/2021\/09\/Activit\u00e9s-Promenade-430x286.jpg 430w\" sizes=\"auto, (max-width: 1000px) 100vw, 1000px\" \/><\/p>\n<h2><strong>S\u00e9lection de campings \u00e0 Argel\u00e8s-sur-Mer et ses alentours\u00a0<\/strong><\/h2>\n<p>\u00c0 la recherche d\u2019une solution d\u2019h\u00e9bergement \u00e0 la fois pratique, ludique et confortable pendant votre s\u00e9jour \u00e0\u00a0<a href=\"https:\/\/www.campings.com\/fr\/content\/guide-argeles-sur-mer\/\"><u>Argel\u00e8s-sur-Mer<\/u>\u00a0<\/a>? Optez pour des vacances en camping ! D\u00e9couvrez notre s\u00e9lection.<\/p>\n<h3><strong>Camping Taxo les Pins<\/strong><\/h3>\n<p>Ce camping, situ\u00e9 sur la Route de Taxo \u00e0 la mer, dispose de mobil homes adapt\u00e9s \u00e0 un s\u00e9jour en famille. Sur place, les animations ne manquent pas : aire de jeux aquatiques, pataugeoire, p\u00e9tanque, etc.<\/p>\n<p><a href=\"https:\/\/www.campings.com\/fr\/camping\/camping-taxo-les-pins-76759\">Plus d\u2019infos sur le Camping Taxo les Pins<\/a>.<\/p>\n<h3><strong>Le Pearl &#8211; Camping Paradis<\/strong><\/h3>\n<p>Ce camping est une destination id\u00e9ale pour passer des vacances dans le calme dans un cadre agr\u00e9able. Parfait pour les petits budgets, le camping Le Pearl pr\u00e9sente un excellent rapport qualit\u00e9 prix.<\/p>\n<p><a href=\"https:\/\/www.campings.com\/fr\/camping\/le-pearl-camping-paradis-76750\">Plus d\u2019infos sur le Camping Paradis<\/a>.<\/p>\n<h3><strong>Camping La Sir\u00e8ne\u00a0<\/strong><\/h3>\n<p>Ce camping convivial propose des activit\u00e9s tr\u00e8s vari\u00e9es pour combler les envies des grands comme des plus petits. De plus, les mobil homes y sont spacieux pour un s\u00e9jour confortable \u00e0 plusieurs.<\/p>\n<p><a href=\"https:\/\/www.campings.com\/fr\/camping\/camping-la-sirene-76770\">Plus d\u2019infos sur le Camping La Sir\u00e8ne<\/a>.<\/p>\n","protected":false},"excerpt":{"rendered":"<p>Envie de vacances en famille qui riment avec d\u00e9tente et d\u00e9couvertes ? \u00c0 Argel\u00e8s-sur-Mer, les activit\u00e9s \u00e0 faire ne manquent pas ! Visites culturelles, loisirs de plein air, journ\u00e9es plage\u2026 vous aurez de quoi vous occuper tout au long de votre s\u00e9jour ! Argel\u00e8s-sur-Mer\u00a0est une destination id\u00e9ale pour des vacances en famille. Situ\u00e9e dans les [&hellip;]<\/p>\n","protected":false},"author":18,"featured_media":0,"parent":3115,"menu_order":0,"comment_status":"closed","ping_status":"closed","template":"template-twocolumns.php","meta":{"_acf_changed":false,"footnotes":""},"class_list":["post-3128","page","type-page","status-publish","hentry"],"acf":[],"yoast_head":"<!-- This site is optimized with the Yoast SEO plugin v27.1.1 - https:\/\/yoast.com\/product\/yoast-seo-wordpress\/ -->\n<title>Les activit\u00e9s \u00e0 faire \u00e0 Argel\u00e8s-sur-Mer -<\/title>\n<meta name=\"description\" content=\"D\u00e9couvrez notre guide des activit\u00e9s \u00e0 faire pendant vos vacances en famille \u00e0 Argel\u00e8s-sur-Mer pour un s\u00e9jour inoubliable, riche en d\u00e9couvertes.\" \/>\n<meta name=\"robots\" content=\"index, follow, max-snippet:-1, max-image-preview:large, max-video-preview:-1\" \/>\n<link rel=\"canonical\" href=\"https:\/\/www.campings.com\/fr\/content\/guide-argeles-sur-mer\/activites-argeles-sur-mer\/\" \/>\n<meta property=\"og:locale\" content=\"fr_FR\" \/>\n<meta property=\"og:type\" content=\"article\" \/>\n<meta property=\"og:title\" content=\"Les activit\u00e9s \u00e0 faire \u00e0 Argel\u00e8s-sur-Mer -\" \/>\n<meta property=\"og:description\" content=\"D\u00e9couvrez notre guide des activit\u00e9s \u00e0 faire pendant vos vacances en famille \u00e0 Argel\u00e8s-sur-Mer pour un s\u00e9jour inoubliable, riche en d\u00e9couvertes.\" \/>\n<meta property=\"og:url\" content=\"https:\/\/www.campings.com\/fr\/content\/guide-argeles-sur-mer\/activites-argeles-sur-mer\/\" \/>\n<meta property=\"article:modified_time\" content=\"2021-09-07T14:39:22+00:00\" \/>\n<meta name=\"twitter:card\" content=\"summary_large_image\" \/>\n<meta name=\"twitter:label1\" content=\"Dur\u00e9e de lecture estim\u00e9e\" \/>\n\t<meta name=\"twitter:data1\" content=\"4 minutes\" \/>\n<script type=\"application\/ld+json\" class=\"yoast-schema-graph\">{\"@context\":\"https:\/\/schema.org\",\"@graph\":[{\"@type\":\"WebPage\",\"@id\":\"https:\/\/www.campings.com\/fr\/content\/guide-argeles-sur-mer\/activites-argeles-sur-mer\/\",\"url\":\"https:\/\/www.campings.com\/fr\/content\/guide-argeles-sur-mer\/activites-argeles-sur-mer\/\",\"name\":\"Les activit\u00e9s \u00e0 faire \u00e0 Argel\u00e8s-sur-Mer -\",\"isPartOf\":{\"@id\":\"https:\/\/www.campings.com\/fr\/content\/#website\"},\"datePublished\":\"2021-09-07T13:11:32+00:00\",\"dateModified\":\"2021-09-07T14:39:22+00:00\",\"description\":\"D\u00e9couvrez notre guide des activit\u00e9s \u00e0 faire pendant vos vacances en famille \u00e0 Argel\u00e8s-sur-Mer pour un s\u00e9jour inoubliable, riche en d\u00e9couvertes.\",\"breadcrumb\":{\"@id\":\"https:\/\/www.campings.com\/fr\/content\/guide-argeles-sur-mer\/activites-argeles-sur-mer\/#breadcrumb\"},\"inLanguage\":\"fr-FR\",\"potentialAction\":[{\"@type\":\"ReadAction\",\"target\":[\"https:\/\/www.campings.com\/fr\/content\/guide-argeles-sur-mer\/activites-argeles-sur-mer\/\"]}]},{\"@type\":\"BreadcrumbList\",\"@id\":\"https:\/\/www.campings.com\/fr\/content\/guide-argeles-sur-mer\/activites-argeles-sur-mer\/#breadcrumb\",\"itemListElement\":[{\"@type\":\"ListItem\",\"position\":1,\"name\":\"Home\",\"item\":\"https:\/\/www.campings.com\/fr\/content\/\"},{\"@type\":\"ListItem\",\"position\":2,\"name\":\"Le guide de vos vacances \u00e0 Argel\u00e8s-sur-Mer\",\"item\":\"https:\/\/www.campings.com\/fr\/content\/guide-argeles-sur-mer\/\"},{\"@type\":\"ListItem\",\"position\":3,\"name\":\"Les activit\u00e9s \u00e0 faire \u00e0 Argel\u00e8s-sur-Mer\"}]},{\"@type\":\"WebSite\",\"@id\":\"https:\/\/www.campings.com\/fr\/content\/#website\",\"url\":\"https:\/\/www.campings.com\/fr\/content\/\",\"name\":\"\",\"description\":\"\",\"publisher\":{\"@id\":\"https:\/\/www.campings.com\/fr\/content\/#organization\"},\"potentialAction\":[{\"@type\":\"SearchAction\",\"target\":{\"@type\":\"EntryPoint\",\"urlTemplate\":\"https:\/\/www.campings.com\/fr\/content\/?s={search_term_string}\"},\"query-input\":{\"@type\":\"PropertyValueSpecification\",\"valueRequired\":true,\"valueName\":\"search_term_string\"}}],\"inLanguage\":\"fr-FR\"},{\"@type\":\"Organization\",\"@id\":\"https:\/\/www.campings.com\/fr\/content\/#organization\",\"name\":\"CAMPINGS.COM\",\"url\":\"https:\/\/www.campings.com\/fr\/content\/\",\"logo\":{\"@type\":\"ImageObject\",\"inLanguage\":\"fr-FR\",\"@id\":\"https:\/\/www.campings.com\/fr\/content\/#\/schema\/logo\/image\/\",\"url\":\"https:\/\/www.campings.com\/fr\/content\/wp-content\/uploads\/2019\/01\/cropped-logo-1.png\",\"contentUrl\":\"https:\/\/www.campings.com\/fr\/content\/wp-content\/uploads\/2019\/01\/cropped-logo-1.png\",\"width\":174,\"height\":42,\"caption\":\"CAMPINGS.COM\"},\"image\":{\"@id\":\"https:\/\/www.campings.com\/fr\/content\/#\/schema\/logo\/image\/\"}}]}<\/script>\n<!-- \/ Yoast SEO plugin. -->","yoast_head_json":{"title":"Les activit\u00e9s \u00e0 faire \u00e0 Argel\u00e8s-sur-Mer -","description":"D\u00e9couvrez notre guide des activit\u00e9s \u00e0 faire pendant vos vacances en famille \u00e0 Argel\u00e8s-sur-Mer pour un s\u00e9jour inoubliable, riche en d\u00e9couvertes.","robots":{"index":"index","follow":"follow","max-snippet":"max-snippet:-1","max-image-preview":"max-image-preview:large","max-video-preview":"max-video-preview:-1"},"canonical":"https:\/\/www.campings.com\/fr\/content\/guide-argeles-sur-mer\/activites-argeles-sur-mer\/","og_locale":"fr_FR","og_type":"article","og_title":"Les activit\u00e9s \u00e0 faire \u00e0 Argel\u00e8s-sur-Mer -","og_description":"D\u00e9couvrez notre guide des activit\u00e9s \u00e0 faire pendant vos vacances en famille \u00e0 Argel\u00e8s-sur-Mer pour un s\u00e9jour inoubliable, riche en d\u00e9couvertes.","og_url":"https:\/\/www.campings.com\/fr\/content\/guide-argeles-sur-mer\/activites-argeles-sur-mer\/","article_modified_time":"2021-09-07T14:39:22+00:00","twitter_card":"summary_large_image","twitter_misc":{"Dur\u00e9e de lecture estim\u00e9e":"4 minutes"},"schema":{"@context":"https:\/\/schema.org","@graph":[{"@type":"WebPage","@id":"https:\/\/www.campings.com\/fr\/content\/guide-argeles-sur-mer\/activites-argeles-sur-mer\/","url":"https:\/\/www.campings.com\/fr\/content\/guide-argeles-sur-mer\/activites-argeles-sur-mer\/","name":"Les activit\u00e9s \u00e0 faire \u00e0 Argel\u00e8s-sur-Mer -","isPartOf":{"@id":"https:\/\/www.campings.com\/fr\/content\/#website"},"datePublished":"2021-09-07T13:11:32+00:00","dateModified":"2021-09-07T14:39:22+00:00","description":"D\u00e9couvrez notre guide des activit\u00e9s \u00e0 faire pendant vos vacances en famille \u00e0 Argel\u00e8s-sur-Mer pour un s\u00e9jour inoubliable, riche en d\u00e9couvertes.","breadcrumb":{"@id":"https:\/\/www.campings.com\/fr\/content\/guide-argeles-sur-mer\/activites-argeles-sur-mer\/#breadcrumb"},"inLanguage":"fr-FR","potentialAction":[{"@type":"ReadAction","target":["https:\/\/www.campings.com\/fr\/content\/guide-argeles-sur-mer\/activites-argeles-sur-mer\/"]}]},{"@type":"BreadcrumbList","@id":"https:\/\/www.campings.com\/fr\/content\/guide-argeles-sur-mer\/activites-argeles-sur-mer\/#breadcrumb","itemListElement":[{"@type":"ListItem","position":1,"name":"Home","item":"https:\/\/www.campings.com\/fr\/content\/"},{"@type":"ListItem","position":2,"name":"Le guide de vos vacances \u00e0 Argel\u00e8s-sur-Mer","item":"https:\/\/www.campings.com\/fr\/content\/guide-argeles-sur-mer\/"},{"@type":"ListItem","position":3,"name":"Les activit\u00e9s \u00e0 faire \u00e0 Argel\u00e8s-sur-Mer"}]},{"@type":"WebSite","@id":"https:\/\/www.campings.com\/fr\/content\/#website","url":"https:\/\/www.campings.com\/fr\/content\/","name":"","description":"","publisher":{"@id":"https:\/\/www.campings.com\/fr\/content\/#organization"},"potentialAction":[{"@type":"SearchAction","target":{"@type":"EntryPoint","urlTemplate":"https:\/\/www.campings.com\/fr\/content\/?s={search_term_string}"},"query-input":{"@type":"PropertyValueSpecification","valueRequired":true,"valueName":"search_term_string"}}],"inLanguage":"fr-FR"},{"@type":"Organization","@id":"https:\/\/www.campings.com\/fr\/content\/#organization","name":"CAMPINGS.COM","url":"https:\/\/www.campings.com\/fr\/content\/","logo":{"@type":"ImageObject","inLanguage":"fr-FR","@id":"https:\/\/www.campings.com\/fr\/content\/#\/schema\/logo\/image\/","url":"https:\/\/www.campings.com\/fr\/content\/wp-content\/uploads\/2019\/01\/cropped-logo-1.png","contentUrl":"https:\/\/www.campings.com\/fr\/content\/wp-content\/uploads\/2019\/01\/cropped-logo-1.png","width":174,"height":42,"caption":"CAMPINGS.COM"},"image":{"@id":"https:\/\/www.campings.com\/fr\/content\/#\/schema\/logo\/image\/"}}]}},"_links":{"self":[{"href":"https:\/\/www.campings.com\/fr\/content\/wp-json\/wp\/v2\/pages\/3128","targetHints":{"allow":["GET"]}}],"collection":[{"href":"https:\/\/www.campings.com\/fr\/content\/wp-json\/wp\/v2\/pages"}],"about":[{"href":"https:\/\/www.campings.com\/fr\/content\/wp-json\/wp\/v2\/types\/page"}],"author":[{"embeddable":true,"href":"https:\/\/www.campings.com\/fr\/content\/wp-json\/wp\/v2\/users\/18"}],"replies":[{"embeddable":true,"href":"https:\/\/www.campings.com\/fr\/content\/wp-json\/wp\/v2\/comments?post=3128"}],"version-history":[{"count":3,"href":"https:\/\/www.campings.com\/fr\/content\/wp-json\/wp\/v2\/pages\/3128\/revisions"}],"predecessor-version":[{"id":3159,"href":"https:\/\/www.campings.com\/fr\/content\/wp-json\/wp\/v2\/pages\/3128\/revisions\/3159"}],"up":[{"embeddable":true,"href":"https:\/\/www.campings.com\/fr\/content\/wp-json\/wp\/v2\/pages\/3115"}],"wp:attachment":[{"href":"https:\/\/www.campings.com\/fr\/content\/wp-json\/wp\/v2\/media?parent=3128"}],"curies":[{"name":"wp","href":"https:\/\/api.w.org\/{rel}","templated":true}]}}