{"id":3122,"date":"2021-09-07T12:54:01","date_gmt":"2021-09-07T12:54:01","guid":{"rendered":"https:\/\/www.campings.com\/fr\/content\/?page_id=3122"},"modified":"2021-09-07T12:55:08","modified_gmt":"2021-09-07T12:55:08","slug":"plongee-argeles-sur-mer","status":"publish","type":"page","link":"https:\/\/www.campings.com\/fr\/content\/guide-argeles-sur-mer\/plongee-argeles-sur-mer\/","title":{"rendered":"O\u00f9 faire de la plong\u00e9e \u00e0 Argel\u00e8s-sur-Mer ?"},"content":{"rendered":"<p>Envie de vous initier \u00e0 la plong\u00e9e sous-marine lors de vos vacances \u00e0 Argel\u00e8s-sur-Mer ? D\u00e9couvrez les meilleurs spots afin d\u2019explorer toute la richesse des fonds marins de l\u2019Occitanie.<\/p>\n<p>\u00c0\u00a0<a href=\"https:\/\/www.campings.com\/fr\/content\/guide-argeles-sur-mer\/\"><u>Argel\u00e8s-sur-Mer<\/u><\/a>, la plong\u00e9e est une activit\u00e9 incontournable pour explorer la faune et la flore sous-marine\u2026 V\u00e9ritable paradis pour les plongeurs, la C\u00f4te Vermeille vous promet des exp\u00e9riences inoubliables. Que vous soyez plongeur d\u00e9butant ou exp\u00e9riment\u00e9, le littoral regorge de spots adapt\u00e9s pour tous les niveaux !<\/p>\n<h2><strong>Les meilleurs spots de plong\u00e9e \u00e0 Argel\u00e8s-sur-Mer\u00a0<\/strong><\/h2>\n<p>Voici un petit tout d\u2019horizon des sites de plong\u00e9e \u00e0 Argel\u00e8s-sur-Mer.<\/p>\n<h3><strong>Les Roches<\/strong><\/h3>\n<p>Envie d\u2019aller \u00e0 la rencontre des poissons multicolores de la C\u00f4te Vermeille ? Avec ses fonds rocheux, Les Roches est un spot parfait pour admirer les splendeurs de la faune et la flore aquatique. Le site la Moulade, situ\u00e9 au pied du centre d&rsquo;entra\u00eenement des Commandos de Collioure, abrite une grande vari\u00e9t\u00e9 d\u2019esp\u00e8ces de poissons. Vous d\u00e9couvrirez des saupes, des castagnoles, des sars mais aussi des langoustes et des cigales de mer.<\/p>\n<h3><strong>Les \u00c9paves\u00a0<\/strong><\/h3>\n<p>Faire de la plong\u00e9e dans Les \u00c9paves est une exp\u00e9rience \u00e0 ne pas manquer lors de vos vacances \u00e0 Argel\u00e8s-sur-Mer. Les fonds marins abritent un grand nombre de ruines cr\u00e9ant une atmosph\u00e8re fantomatique. L\u2019Alice Robert, une \u00e9pave de navire cargo est l\u2019une des plus accessibles. Avec ses 48 m\u00e8tres de fonds marins, ce spot fera le bonheur de tous les plongeurs. Vous y d\u00e9couvrirez des plantes et des animaux aquatiques d\u2019une incroyable diversit\u00e9. Les \u00c9paves est l\u2019un des meilleurs sites o\u00f9 r\u00e9aliser de belles photographies.<\/p>\n<p><img loading=\"lazy\" decoding=\"async\" class=\"alignnone size-full wp-image-3124\" src=\"https:\/\/www.campings.com\/fr\/content\/wp-content\/uploads\/2021\/09\/Plong\u00e9e-Les-Epaves.jpg\" alt=\"\" width=\"1000\" height=\"665\" srcset=\"https:\/\/www.campings.com\/fr\/content\/wp-content\/uploads\/2021\/09\/Plong\u00e9e-Les-Epaves.jpg 1000w, https:\/\/www.campings.com\/fr\/content\/wp-content\/uploads\/2021\/09\/Plong\u00e9e-Les-Epaves-300x200.jpg 300w, https:\/\/www.campings.com\/fr\/content\/wp-content\/uploads\/2021\/09\/Plong\u00e9e-Les-Epaves-768x511.jpg 768w, https:\/\/www.campings.com\/fr\/content\/wp-content\/uploads\/2021\/09\/Plong\u00e9e-Les-Epaves-450x299.jpg 450w, https:\/\/www.campings.com\/fr\/content\/wp-content\/uploads\/2021\/09\/Plong\u00e9e-Les-Epaves-430x286.jpg 430w\" sizes=\"auto, (max-width: 1000px) 100vw, 1000px\" \/><\/p>\n<h3><strong>La r\u00e9serve de Cerb\u00e8re-Banyuls<\/strong><\/h3>\n<p>Cette r\u00e9serve s\u2019\u00e9tend sur 650 hectares de mer et 6 kilom\u00e8tres de rivages maritimes. Avec son d\u00e9cor digne d\u2019une carte postale, ce spot paradisiaque fera le bonheur des baigneurs et des plongeurs ! Premi\u00e8re R\u00e9serve Naturelle Marine de France, cet espace prot\u00e9g\u00e9 vous promet de belles d\u00e9couvertes.<br \/>\nQue vous soyez simple d\u00e9butant ou plongeur exp\u00e9riment\u00e9, une immersion dans la r\u00e9serve de Cerb\u00e8re-Banyuls est une exp\u00e9rience \u00e0 ne pas manquer.<\/p>\n<h2><strong>O\u00f9 louer du mat\u00e9riel de plong\u00e9e \u00e0 Argel\u00e8s-sur-Mer ?<\/strong><\/h2>\n<p>Pour pratiquer la plong\u00e9e en toute s\u00e9curit\u00e9, un \u00e9quipement complet et adapt\u00e9 est indispensable. Bouteille d\u2019oxyg\u00e8ne, boussole, gilet stabilisateur, kit de survie ou encore sac de plong\u00e9e, vous ne devez rien oublier ! L\u2019achat de mat\u00e9riel de plong\u00e9e repr\u00e9sente un investissement co\u00fbteux\u2026 Pour ne pas s\u2019encombrer, la location est pr\u00e9f\u00e9rable, une fois sur place. \u00c0\u00a0<a href=\"https:\/\/www.campings.com\/fr\/content\/guide-argeles-sur-mer\/\"><u>Argel\u00e8s-sur-Mer<\/u><\/a>, vous avez la possibilit\u00e9 de louer du mat\u00e9riel \u00e0 Aquatile Plong\u00e9e et C.A.P Port-Vendres.<\/p>\n<h2><strong>Faire un bapt\u00eame de plong\u00e9e \u00e0 Argel\u00e8s-sur-Mer<\/strong><\/h2>\n<p>Si les profondeurs marines attisent votre curiosit\u00e9, faites un bapt\u00eame de plong\u00e9e ! \u00c0 Argel\u00e8s-sur-Mer, vous pourrez vous initier en toute s\u00e9curit\u00e9 dans de nombreux centres. Les formations sont dispens\u00e9es par des plongeurs professionnels qui vous guideront \u00e0 chaque \u00e9tape. La Sir\u00e8ne Plong\u00e9e et l\u2019Archipel Plong\u00e9e figurent parmi les clubs de plong\u00e9e les plus r\u00e9put\u00e9s.<\/p>\n<p><img loading=\"lazy\" decoding=\"async\" class=\"alignnone size-full wp-image-3123\" src=\"https:\/\/www.campings.com\/fr\/content\/wp-content\/uploads\/2021\/09\/Bapteme-plong\u00e9e.jpg\" alt=\"\" width=\"1000\" height=\"665\" srcset=\"https:\/\/www.campings.com\/fr\/content\/wp-content\/uploads\/2021\/09\/Bapteme-plong\u00e9e.jpg 1000w, https:\/\/www.campings.com\/fr\/content\/wp-content\/uploads\/2021\/09\/Bapteme-plong\u00e9e-300x200.jpg 300w, https:\/\/www.campings.com\/fr\/content\/wp-content\/uploads\/2021\/09\/Bapteme-plong\u00e9e-768x511.jpg 768w, https:\/\/www.campings.com\/fr\/content\/wp-content\/uploads\/2021\/09\/Bapteme-plong\u00e9e-450x299.jpg 450w, https:\/\/www.campings.com\/fr\/content\/wp-content\/uploads\/2021\/09\/Bapteme-plong\u00e9e-430x286.jpg 430w\" sizes=\"auto, (max-width: 1000px) 100vw, 1000px\" \/><\/p>\n<h2><strong>S\u00e9lection de campings \u00e0 Argel\u00e8s-sur-Mer pour faire de la plong\u00e9e sous-marine\u00a0<\/strong><\/h2>\n<p>Vous envisagez de faire de la plong\u00e9e sous-marine ou du surf \u00e0\u00a0<a href=\"https:\/\/www.campings.com\/fr\/content\/guide-argeles-sur-mer\/\"><u>Argel\u00e8s-sur-Mer ?<\/u><\/a>\u00a0D\u00e9couvrez notre s\u00e9lection de campings situ\u00e9s \u00e0 proximit\u00e9 des meilleurs spots.<\/p>\n<h3><strong>Camping Le Bois de Valmarie<\/strong><\/h3>\n<p>Parfait pour un s\u00e9jour en famille, cet \u00e9tablissement propose des mobil homes pouvant accueillir jusqu\u2019\u00e0 6 personnes. Son plus ? Sa proximit\u00e9 avec les spots de surf d\u2019Argel\u00e8s-sur-Mer.<\/p>\n<p><a href=\"https:\/\/www.campings.com\/fr\/camping\/camping-le-bois-de-valmarie-76772\">Plus d\u2019infos sur Camping Le Bois de Valmarie<\/a>.<\/p>\n<h3><strong>Camping La Chapelle<\/strong><\/h3>\n<p>Si vous aimez les vacances bien anim\u00e9es, vous adorerez ce camping ! Les aires de jeux, les piscines et les nombreuses activit\u00e9s sur place vous garantiront un s\u00e9jour agr\u00e9able.<\/p>\n<p><a href=\"https:\/\/www.campings.com\/fr\/camping\/camping-la-chapelle-76746\">Plus d\u2019infos sur le Camping La Chapelle<\/a>.<\/p>\n<h3><strong>Camping Maeva Club Argel\u00e8s Vacances<\/strong><\/h3>\n<p>En plus de sa proximit\u00e9 avec les spots de plong\u00e9e, la qualit\u00e9 des services propos\u00e9s dans ce camping est irr\u00e9prochable. Un \u00e9tablissement parfait pour passer des vacances r\u00e9ussies en famille !<\/p>\n<p><a href=\"https:\/\/www.campings.com\/fr\/camping\/camping-maeva-club-argeles-vacances-76755\">Plus d\u2019infos sur le Camping maeva Club Argel\u00e8s Vacances<\/a>.<\/p>\n","protected":false},"excerpt":{"rendered":"<p>Envie de vous initier \u00e0 la plong\u00e9e sous-marine lors de vos vacances \u00e0 Argel\u00e8s-sur-Mer ? D\u00e9couvrez les meilleurs spots afin d\u2019explorer toute la richesse des fonds marins de l\u2019Occitanie. \u00c0\u00a0Argel\u00e8s-sur-Mer, la plong\u00e9e est une activit\u00e9 incontournable pour explorer la faune et la flore sous-marine\u2026 V\u00e9ritable paradis pour les plongeurs, la C\u00f4te Vermeille vous promet des [&hellip;]<\/p>\n","protected":false},"author":18,"featured_media":0,"parent":3115,"menu_order":0,"comment_status":"closed","ping_status":"closed","template":"template-twocolumns.php","meta":{"_acf_changed":false,"footnotes":""},"class_list":["post-3122","page","type-page","status-publish","hentry"],"acf":[],"yoast_head":"<!-- This site is optimized with the Yoast SEO plugin v27.1.1 - https:\/\/yoast.com\/product\/yoast-seo-wordpress\/ -->\n<title>O\u00f9 faire de la plong\u00e9e \u00e0 Argel\u00e8s-sur-Mer ? -<\/title>\n<meta name=\"description\" content=\"D\u00e9couvrez le guide des meilleurs spots o\u00f9 pratiquer la plong\u00e9e \u00e0 Argel\u00e8s-sur-Mer afin d\u2019admirer les merveilles de la faune et la flore des fonds marins.\" \/>\n<meta name=\"robots\" content=\"index, follow, max-snippet:-1, max-image-preview:large, max-video-preview:-1\" \/>\n<link rel=\"canonical\" href=\"https:\/\/www.campings.com\/fr\/content\/guide-argeles-sur-mer\/plongee-argeles-sur-mer\/\" \/>\n<meta property=\"og:locale\" content=\"fr_FR\" \/>\n<meta property=\"og:type\" content=\"article\" \/>\n<meta property=\"og:title\" content=\"O\u00f9 faire de la plong\u00e9e \u00e0 Argel\u00e8s-sur-Mer ? -\" \/>\n<meta property=\"og:description\" content=\"D\u00e9couvrez le guide des meilleurs spots o\u00f9 pratiquer la plong\u00e9e \u00e0 Argel\u00e8s-sur-Mer afin d\u2019admirer les merveilles de la faune et la flore des fonds marins.\" \/>\n<meta property=\"og:url\" content=\"https:\/\/www.campings.com\/fr\/content\/guide-argeles-sur-mer\/plongee-argeles-sur-mer\/\" \/>\n<meta property=\"article:modified_time\" content=\"2021-09-07T12:55:08+00:00\" \/>\n<meta name=\"twitter:card\" content=\"summary_large_image\" \/>\n<meta name=\"twitter:label1\" content=\"Dur\u00e9e de lecture estim\u00e9e\" \/>\n\t<meta name=\"twitter:data1\" content=\"4 minutes\" \/>\n<script type=\"application\/ld+json\" class=\"yoast-schema-graph\">{\"@context\":\"https:\/\/schema.org\",\"@graph\":[{\"@type\":\"WebPage\",\"@id\":\"https:\/\/www.campings.com\/fr\/content\/guide-argeles-sur-mer\/plongee-argeles-sur-mer\/\",\"url\":\"https:\/\/www.campings.com\/fr\/content\/guide-argeles-sur-mer\/plongee-argeles-sur-mer\/\",\"name\":\"O\u00f9 faire de la plong\u00e9e \u00e0 Argel\u00e8s-sur-Mer ? -\",\"isPartOf\":{\"@id\":\"https:\/\/www.campings.com\/fr\/content\/#website\"},\"datePublished\":\"2021-09-07T12:54:01+00:00\",\"dateModified\":\"2021-09-07T12:55:08+00:00\",\"description\":\"D\u00e9couvrez le guide des meilleurs spots o\u00f9 pratiquer la plong\u00e9e \u00e0 Argel\u00e8s-sur-Mer afin d\u2019admirer les merveilles de la faune et la flore des fonds marins.\",\"breadcrumb\":{\"@id\":\"https:\/\/www.campings.com\/fr\/content\/guide-argeles-sur-mer\/plongee-argeles-sur-mer\/#breadcrumb\"},\"inLanguage\":\"fr-FR\",\"potentialAction\":[{\"@type\":\"ReadAction\",\"target\":[\"https:\/\/www.campings.com\/fr\/content\/guide-argeles-sur-mer\/plongee-argeles-sur-mer\/\"]}]},{\"@type\":\"BreadcrumbList\",\"@id\":\"https:\/\/www.campings.com\/fr\/content\/guide-argeles-sur-mer\/plongee-argeles-sur-mer\/#breadcrumb\",\"itemListElement\":[{\"@type\":\"ListItem\",\"position\":1,\"name\":\"Home\",\"item\":\"https:\/\/www.campings.com\/fr\/content\/\"},{\"@type\":\"ListItem\",\"position\":2,\"name\":\"Le guide de vos vacances \u00e0 Argel\u00e8s-sur-Mer\",\"item\":\"https:\/\/www.campings.com\/fr\/content\/guide-argeles-sur-mer\/\"},{\"@type\":\"ListItem\",\"position\":3,\"name\":\"O\u00f9 faire de la plong\u00e9e \u00e0 Argel\u00e8s-sur-Mer ?\"}]},{\"@type\":\"WebSite\",\"@id\":\"https:\/\/www.campings.com\/fr\/content\/#website\",\"url\":\"https:\/\/www.campings.com\/fr\/content\/\",\"name\":\"\",\"description\":\"\",\"publisher\":{\"@id\":\"https:\/\/www.campings.com\/fr\/content\/#organization\"},\"potentialAction\":[{\"@type\":\"SearchAction\",\"target\":{\"@type\":\"EntryPoint\",\"urlTemplate\":\"https:\/\/www.campings.com\/fr\/content\/?s={search_term_string}\"},\"query-input\":{\"@type\":\"PropertyValueSpecification\",\"valueRequired\":true,\"valueName\":\"search_term_string\"}}],\"inLanguage\":\"fr-FR\"},{\"@type\":\"Organization\",\"@id\":\"https:\/\/www.campings.com\/fr\/content\/#organization\",\"name\":\"CAMPINGS.COM\",\"url\":\"https:\/\/www.campings.com\/fr\/content\/\",\"logo\":{\"@type\":\"ImageObject\",\"inLanguage\":\"fr-FR\",\"@id\":\"https:\/\/www.campings.com\/fr\/content\/#\/schema\/logo\/image\/\",\"url\":\"https:\/\/www.campings.com\/fr\/content\/wp-content\/uploads\/2019\/01\/cropped-logo-1.png\",\"contentUrl\":\"https:\/\/www.campings.com\/fr\/content\/wp-content\/uploads\/2019\/01\/cropped-logo-1.png\",\"width\":174,\"height\":42,\"caption\":\"CAMPINGS.COM\"},\"image\":{\"@id\":\"https:\/\/www.campings.com\/fr\/content\/#\/schema\/logo\/image\/\"}}]}<\/script>\n<!-- \/ Yoast SEO plugin. -->","yoast_head_json":{"title":"O\u00f9 faire de la plong\u00e9e \u00e0 Argel\u00e8s-sur-Mer ? -","description":"D\u00e9couvrez le guide des meilleurs spots o\u00f9 pratiquer la plong\u00e9e \u00e0 Argel\u00e8s-sur-Mer afin d\u2019admirer les merveilles de la faune et la flore des fonds marins.","robots":{"index":"index","follow":"follow","max-snippet":"max-snippet:-1","max-image-preview":"max-image-preview:large","max-video-preview":"max-video-preview:-1"},"canonical":"https:\/\/www.campings.com\/fr\/content\/guide-argeles-sur-mer\/plongee-argeles-sur-mer\/","og_locale":"fr_FR","og_type":"article","og_title":"O\u00f9 faire de la plong\u00e9e \u00e0 Argel\u00e8s-sur-Mer ? -","og_description":"D\u00e9couvrez le guide des meilleurs spots o\u00f9 pratiquer la plong\u00e9e \u00e0 Argel\u00e8s-sur-Mer afin d\u2019admirer les merveilles de la faune et la flore des fonds marins.","og_url":"https:\/\/www.campings.com\/fr\/content\/guide-argeles-sur-mer\/plongee-argeles-sur-mer\/","article_modified_time":"2021-09-07T12:55:08+00:00","twitter_card":"summary_large_image","twitter_misc":{"Dur\u00e9e de lecture estim\u00e9e":"4 minutes"},"schema":{"@context":"https:\/\/schema.org","@graph":[{"@type":"WebPage","@id":"https:\/\/www.campings.com\/fr\/content\/guide-argeles-sur-mer\/plongee-argeles-sur-mer\/","url":"https:\/\/www.campings.com\/fr\/content\/guide-argeles-sur-mer\/plongee-argeles-sur-mer\/","name":"O\u00f9 faire de la plong\u00e9e \u00e0 Argel\u00e8s-sur-Mer ? -","isPartOf":{"@id":"https:\/\/www.campings.com\/fr\/content\/#website"},"datePublished":"2021-09-07T12:54:01+00:00","dateModified":"2021-09-07T12:55:08+00:00","description":"D\u00e9couvrez le guide des meilleurs spots o\u00f9 pratiquer la plong\u00e9e \u00e0 Argel\u00e8s-sur-Mer afin d\u2019admirer les merveilles de la faune et la flore des fonds marins.","breadcrumb":{"@id":"https:\/\/www.campings.com\/fr\/content\/guide-argeles-sur-mer\/plongee-argeles-sur-mer\/#breadcrumb"},"inLanguage":"fr-FR","potentialAction":[{"@type":"ReadAction","target":["https:\/\/www.campings.com\/fr\/content\/guide-argeles-sur-mer\/plongee-argeles-sur-mer\/"]}]},{"@type":"BreadcrumbList","@id":"https:\/\/www.campings.com\/fr\/content\/guide-argeles-sur-mer\/plongee-argeles-sur-mer\/#breadcrumb","itemListElement":[{"@type":"ListItem","position":1,"name":"Home","item":"https:\/\/www.campings.com\/fr\/content\/"},{"@type":"ListItem","position":2,"name":"Le guide de vos vacances \u00e0 Argel\u00e8s-sur-Mer","item":"https:\/\/www.campings.com\/fr\/content\/guide-argeles-sur-mer\/"},{"@type":"ListItem","position":3,"name":"O\u00f9 faire de la plong\u00e9e \u00e0 Argel\u00e8s-sur-Mer ?"}]},{"@type":"WebSite","@id":"https:\/\/www.campings.com\/fr\/content\/#website","url":"https:\/\/www.campings.com\/fr\/content\/","name":"","description":"","publisher":{"@id":"https:\/\/www.campings.com\/fr\/content\/#organization"},"potentialAction":[{"@type":"SearchAction","target":{"@type":"EntryPoint","urlTemplate":"https:\/\/www.campings.com\/fr\/content\/?s={search_term_string}"},"query-input":{"@type":"PropertyValueSpecification","valueRequired":true,"valueName":"search_term_string"}}],"inLanguage":"fr-FR"},{"@type":"Organization","@id":"https:\/\/www.campings.com\/fr\/content\/#organization","name":"CAMPINGS.COM","url":"https:\/\/www.campings.com\/fr\/content\/","logo":{"@type":"ImageObject","inLanguage":"fr-FR","@id":"https:\/\/www.campings.com\/fr\/content\/#\/schema\/logo\/image\/","url":"https:\/\/www.campings.com\/fr\/content\/wp-content\/uploads\/2019\/01\/cropped-logo-1.png","contentUrl":"https:\/\/www.campings.com\/fr\/content\/wp-content\/uploads\/2019\/01\/cropped-logo-1.png","width":174,"height":42,"caption":"CAMPINGS.COM"},"image":{"@id":"https:\/\/www.campings.com\/fr\/content\/#\/schema\/logo\/image\/"}}]}},"_links":{"self":[{"href":"https:\/\/www.campings.com\/fr\/content\/wp-json\/wp\/v2\/pages\/3122","targetHints":{"allow":["GET"]}}],"collection":[{"href":"https:\/\/www.campings.com\/fr\/content\/wp-json\/wp\/v2\/pages"}],"about":[{"href":"https:\/\/www.campings.com\/fr\/content\/wp-json\/wp\/v2\/types\/page"}],"author":[{"embeddable":true,"href":"https:\/\/www.campings.com\/fr\/content\/wp-json\/wp\/v2\/users\/18"}],"replies":[{"embeddable":true,"href":"https:\/\/www.campings.com\/fr\/content\/wp-json\/wp\/v2\/comments?post=3122"}],"version-history":[{"count":2,"href":"https:\/\/www.campings.com\/fr\/content\/wp-json\/wp\/v2\/pages\/3122\/revisions"}],"predecessor-version":[{"id":3126,"href":"https:\/\/www.campings.com\/fr\/content\/wp-json\/wp\/v2\/pages\/3122\/revisions\/3126"}],"up":[{"embeddable":true,"href":"https:\/\/www.campings.com\/fr\/content\/wp-json\/wp\/v2\/pages\/3115"}],"wp:attachment":[{"href":"https:\/\/www.campings.com\/fr\/content\/wp-json\/wp\/v2\/media?parent=3122"}],"curies":[{"name":"wp","href":"https:\/\/api.w.org\/{rel}","templated":true}]}}