{"id":3115,"date":"2021-09-07T12:46:43","date_gmt":"2021-09-07T12:46:43","guid":{"rendered":"https:\/\/www.campings.com\/fr\/content\/?page_id=3115"},"modified":"2021-09-20T09:10:10","modified_gmt":"2021-09-20T09:10:10","slug":"guide-argeles-sur-mer","status":"publish","type":"page","link":"https:\/\/www.campings.com\/fr\/content\/guide-argeles-sur-mer\/","title":{"rendered":"Le guide de vos vacances \u00e0 Argel\u00e8s-sur-Mer"},"content":{"rendered":"<p>Pour des vacances en famille dans un cadre exceptionnel, partez \u00e0 la d\u00e9couverte d\u2019<a href=\"https:\/\/www.campings.com\/fr\/france\/languedoc-roussillon\/pyrenees-orientales\/argeles-sur-mer-1\">Argel\u00e8s-sur-Mer<\/a> ! Pendant la saison estivale, vous profiterez d\u2019une foule d\u2019activit\u00e9s divertissantes pour tous les \u00e2ges. Petits et grands trouveront leur bonheur dans cette r\u00e9gion au climat doux et ensoleill\u00e9 !<\/p>\n<p>Situ\u00e9e dans les Pyr\u00e9n\u00e9es-Orientales, en r\u00e9gion Occitanie, Argel\u00e8s-sur-Mer est une destination tr\u00e8s pris\u00e9e en \u00e9t\u00e9. Ses plages de sable fin, son Massif des Alb\u00e8res et la douceur de son climat attirent toujours autant de vacanciers. Sur place, vous pourrez pratiquer un choix infini d\u2019activit\u00e9s pour toutes les envies. Que ce soit pour une escapade en amoureux, une parenth\u00e8se culturelle ou des vacances en famille\u2026 Argel\u00e8s-sur-Mer vous promet d\u2019agr\u00e9ables surprises !<\/p>\n<h2><strong>Les lieux d\u2019int\u00e9r\u00eat \u00e0 d\u00e9couvrir \u00e0 Argel\u00e8s-sur-Mer\u00a0(66700)<\/strong><\/h2>\n<p>Voici les lieux \u00e0 d\u00e9couvrir et les activit\u00e9s incontournables \u00e0 faire lors de vos vacances \u00e0 Argel\u00e8s-sur-Mer<\/p>\n<h3><strong>Les plus belles plages<\/strong><\/h3>\n<p>Pour un s\u00e9jour farniente, rien de tel que de passer ses journ\u00e9es \u00e0 la\u00a0<a href=\"https:\/\/www.campings.com\/fr\/content\/guide-argeles-sur-mer\/plages-argeles-sur-mer\/\"><strong><u>plage<\/u><\/strong><\/a>. Voici une s\u00e9lection des meilleures plages d\u2019Argel\u00e8s-sur-Mer:<\/p>\n<p>&#8211; La plage des Pins, situ\u00e9e en face du Bois de Pins et du casino, \u00e0 proximit\u00e9 du centre-ville ;<\/p>\n<p>&#8211; La plage Centrale, dans le centre-ville ;<\/p>\n<p>&#8211; La plage de l\u2019Ouille, au nord de la station baln\u00e9aire ;<\/p>\n<p>&#8211; La plage du Racou, une plage \u00e0 la limite des grandes plages du Languedoc-Roussillon et des petites criques de la C\u00f4te Vermeille ;<\/p>\n<p>&#8211; La plage de la Marenda, situ\u00e9e au nord d\u2019Argel\u00e8s-sur-Mer ;<\/p>\n<p>&#8211; La plage Sud, situ\u00e9e dans le centre-ville, pr\u00e8s du port d\u2019Argel\u00e8s ;<\/p>\n<p>&#8211; La plage du Tamariguer au nord du centre-ville, le long du Boulevard de la mer ;<\/p>\n<p>&#8211; Les criques de Porteils, entre Argel\u00e8s et Collioure.<\/p>\n<p><img loading=\"lazy\" decoding=\"async\" class=\"alignnone size-full wp-image-3116\" src=\"https:\/\/www.campings.com\/fr\/content\/wp-content\/uploads\/2021\/09\/Guide-Plage-du-Racou.jpg\" alt=\"\" width=\"1000\" height=\"665\" srcset=\"https:\/\/www.campings.com\/fr\/content\/wp-content\/uploads\/2021\/09\/Guide-Plage-du-Racou.jpg 1000w, https:\/\/www.campings.com\/fr\/content\/wp-content\/uploads\/2021\/09\/Guide-Plage-du-Racou-300x200.jpg 300w, https:\/\/www.campings.com\/fr\/content\/wp-content\/uploads\/2021\/09\/Guide-Plage-du-Racou-768x511.jpg 768w, https:\/\/www.campings.com\/fr\/content\/wp-content\/uploads\/2021\/09\/Guide-Plage-du-Racou-450x299.jpg 450w, https:\/\/www.campings.com\/fr\/content\/wp-content\/uploads\/2021\/09\/Guide-Plage-du-Racou-430x286.jpg 430w\" sizes=\"auto, (max-width: 1000px) 100vw, 1000px\" \/><\/p>\n<h3><strong>Faire de la plong\u00e9e \u00e0 Argel\u00e8s-sur-Mer\u00a0<\/strong><\/h3>\n<p>Que ce soit dans les fonds marins ou dans un lac, <strong><a href=\"https:\/\/www.campings.com\/fr\/content\/guide-argeles-sur-mer\/plongee-argeles-sur-mer\/\">la plong\u00e9e sous-marine<\/a><\/strong> est une activit\u00e9 tr\u00e8s pris\u00e9e \u00e0 Argel\u00e8s-sur-Mer. La ville compte plusieurs spots de plong\u00e9e accessibles \u00e0 tous les niveaux. Voici quelques endroits pour faire de la plong\u00e9e dans les Pyr\u00e9n\u00e9es-Orientales:<\/p>\n<p>&#8211; Les Roches, un spot de plong\u00e9e qui s\u2019\u00e9tend depuis Argel\u00e8s-sur-Mer jusqu\u2019\u00e0 la R\u00e9serve de Banyuls Cerb\u00e8re;<\/p>\n<p>&#8211; Les \u00c9paves et son ambiance fantomatique, un spot situ\u00e9 au large de Saint-Cyprien ;<\/p>\n<p>&#8211; La r\u00e9serve de Cerb\u00e8re-Banyuls. Un vrai coin de paradis pour les passionn\u00e9s de plong\u00e9e sous-marine.<\/p>\n<h3><strong>Les autres activit\u00e9s \u00e0 faire en famille<\/strong><\/h3>\n<p>Envie de partager des moments de complicit\u00e9 en famille ? Un large choix d\u2019<a href=\"https:\/\/www.campings.com\/fr\/content\/guide-argeles-sur-mer\/activites-argeles-sur-mer\/\"><strong><u>activit\u00e9s<\/u><\/strong><\/a>\u00a0vous attend sur place.<\/p>\n<p>&#8211; Faire du canyoning<\/p>\n<p>Le Canyoning Park est un parc aquatique situ\u00e9 dans l\u2019espace de Loisirs, 7 Impasse Copernic (66700 Argel\u00e8s-sur-Mer). Les activit\u00e9s propos\u00e9es sur place sont accessibles d\u00e8s 10 ans.<\/p>\n<p>&#8211; Se promener dans le Bois des Pins<\/p>\n<p>Ce petit coin de verdure \u00e0 Argel\u00e8s-sur-Mer (66700) offre un cadre parfait pour pique-niquer ou se promener avec les enfants.<\/p>\n<p>&#8211; Faire le plein de sensations au Luna Park<\/p>\n<p>Pour une pouss\u00e9e d\u2019adr\u00e9naline, le Luna Park est un endroit \u00e0 ne pas manquer ! Le parc est situ\u00e9 3, Impasse Copernic (66700 Argel\u00e8s-sur-Mer).<\/p>\n<p>&#8211; Faire quelques emplettes<\/p>\n<p>Envie de ramener des souvenirs de vacances ? Direction le centre-ville o\u00f9 de nombreuses boutiques et march\u00e9s proposent un choix vari\u00e9 d\u2019objets en tous genres.<\/p>\n<h2><strong>Les activit\u00e9s culturelles et sportives\u00a0<\/strong><\/h2>\n<h3><strong>Les lieux culturels \u00e0 ne pas manquer<\/strong><\/h3>\n<p>Voici une liste des lieux culturels \u00e0 visiter pendant vos vacances \u00e0 Argel\u00e8s-sur-Mer.<\/p>\n<p>&#8211; Le ch\u00e2teau d&rsquo;Ultr\u00e8ra, situ\u00e9 \u00e0 Argel\u00e8s-sur-Mer, \u00e0 la limite de la commune de Sor\u00e8de ;<\/p>\n<p>&#8211; Le ch\u00e2teau Valmy, sur le Chemin de Valmy ;<\/p>\n<p>&#8211; Le ch\u00e2teau de Pujols, \u00e0 proximit\u00e9 du centre-ville ;<\/p>\n<p>&#8211; Les Jardins Catalans sur la route de Taxo d\u2019Avall ;<\/p>\n<p>&#8211; Le Jardin Enchant\u00e9 sur l\u2019Avenue des Platanes ;<\/p>\n<p>&#8211; Le Parc Municipal de Valmy ;<\/p>\n<p>&#8211; Le Mus\u00e9e Casa de l\u2019Albera sur la Place des Castellans.<\/p>\n<h3><strong>Faire de la randonn\u00e9e \u00e0 Argel\u00e8s-sur-Mer<\/strong><\/h3>\n<p>La\u00a0<a href=\"https:\/\/www.campings.com\/fr\/content\/guide-argeles-sur-mer\/randonnee-argeles-sur-mer\/\"><strong><u>randonn\u00e9e<\/u><\/strong>\u00a0<\/a>est une activit\u00e9 immanquable \u00e0 Argel\u00e8s-sur-Mer, id\u00e9ale pour se ressourcer et d\u00e9couvrir des paysages \u00e9poustouflants de beaut\u00e9.<\/p>\n<h4><strong>A pied<\/strong><\/h4>\n<p>\u00c0 Argel\u00e8s-sur-Mer, les endroits pour pratiquer la randonn\u00e9e p\u00e9destre sont nombreux. Vous aurez l\u2019embarras du choix !<\/p>\n<p>&#8211; Une balade sur le sentier du Littoral pour faire le plein d\u2019air frais ;<\/p>\n<p>&#8211; Une promenade autour d\u2019Argel\u00e8s-sur-Mer pour admirer son patrimoine naturel et culturel;<\/p>\n<p>&#8211; Une randonn\u00e9e \u00e0 pied sur le circuit de la Tour de la Massane pour d\u00e9couvrir son histoire ;<\/p>\n<p>&#8211; Une promenade depuis le Ch\u00e2teau de Valmy jusqu\u2019\u00e0 Collioure en passant par le sentier du Littoral.<\/p>\n<h4><strong>\u00c0 v\u00e9lo\/VTT<\/strong><\/h4>\n<p>Vous pouvez \u00e9galement faire une randonn\u00e9e \u00e0 v\u00e9lo ou \u00e0 VTT. Selon votre niveau, plusieurs itin\u00e9raires sont possibles :<\/p>\n<p>&#8211; L\u2019itin\u00e9raire au d\u00e9part de Valmy vers les criques de Collioure est un parcours adapt\u00e9 aux d\u00e9butants.<\/p>\n<p>&#8211; La portion vers Saint Cyprien par l\u2019Eurovelo 8 est une exp\u00e9dition s\u00e9curis\u00e9e pour les VTTistes.<\/p>\n<p>&#8211; Une balade \u00e0 v\u00e9lo autour d\u2019Argel\u00e8s-sur-Mer avec les enfants.<\/p>\n<p>&#8211; L\u2019itin\u00e9raire depuis les Dolmens jusqu\u2019\u00e0 la chapelle Saint-Laurent est r\u00e9serv\u00e9 aux sportifs aguerris.<\/p>\n<p><img loading=\"lazy\" decoding=\"async\" class=\"alignnone size-full wp-image-3118\" src=\"https:\/\/www.campings.com\/fr\/content\/wp-content\/uploads\/2021\/09\/Guide-V\u00e9lo.jpg\" alt=\"\" width=\"1000\" height=\"665\" srcset=\"https:\/\/www.campings.com\/fr\/content\/wp-content\/uploads\/2021\/09\/Guide-V\u00e9lo.jpg 1000w, https:\/\/www.campings.com\/fr\/content\/wp-content\/uploads\/2021\/09\/Guide-V\u00e9lo-300x200.jpg 300w, https:\/\/www.campings.com\/fr\/content\/wp-content\/uploads\/2021\/09\/Guide-V\u00e9lo-768x511.jpg 768w, https:\/\/www.campings.com\/fr\/content\/wp-content\/uploads\/2021\/09\/Guide-V\u00e9lo-450x299.jpg 450w, https:\/\/www.campings.com\/fr\/content\/wp-content\/uploads\/2021\/09\/Guide-V\u00e9lo-430x286.jpg 430w\" sizes=\"auto, (max-width: 1000px) 100vw, 1000px\" \/><\/p>\n<h2><strong>Les march\u00e9s de la ville \u00e0 ne pas manquer<\/strong><\/h2>\n<p>Aller au\u00a0<a href=\"https:\/\/www.campings.com\/fr\/content\/guide-argeles-sur-mer\/marches-argeles-sur-mer\/\"><strong><u>march\u00e9<\/u><\/strong><\/a>\u00a0est une bonne occasion de faire quelques emplettes et aussi d\u2019en apprendre davantage sur la culture des Argel\u00e9siens\u2026 Vous y d\u00e9couvrirez des produits du terroir, des sp\u00e9cialit\u00e9s locales ainsi que des fruits &amp; l\u00e9gumes de saison. Voici les march\u00e9s \u00e0 ne pas manquer.<\/p>\n<p>&#8211; Le march\u00e9 traditionnel, place de la R\u00e9publique, qui se tient tous les mercredis et samedis.<\/p>\n<p>&#8211; Le march\u00e9 artisanal d\u2019Argel\u00e8s-Plage, \u00e0 d\u00e9couvrir jusqu\u2019au 19 septembre.<\/p>\n<p>&#8211; Le march\u00e9 nocturne sur les quais du Port qui se tient chaque \u00e9t\u00e9.<\/p>\n<p>&#8211; Le march\u00e9 du terroir et bio ouvert tous les mardis.<\/p>\n<p>&#8211; Le march\u00e9 des producteurs tous les dimanches.<\/p>\n<h2><strong>Les meilleurs restaurants d\u2019Argel\u00e8s-sur-Mer<\/strong><\/h2>\n<p>La ville d\u2019Argel\u00e8s-sur-Mer compte de nombreux <strong><a href=\"https:\/\/www.campings.com\/fr\/content\/guide-argeles-sur-mer\/restaurants-argeles-sur-mer\/\">restaurants<\/a><\/strong> aux sp\u00e9cialit\u00e9s tr\u00e8s vari\u00e9es. Vous pourrez d\u00e9guster des plats traditionnels, des recettes de fruits de mer ainsi que des sp\u00e9cialit\u00e9s d\u2019ailleurs\u2026 Voici une s\u00e9lection de restaurants qui \u00e9merveilleront vos papilles !<\/p>\n<p>&#8211; Le petit Rest Eau, situ\u00e9 sur le port, propose une cuisine maison \u00e0 savourer dans un cadre idyllique.<\/p>\n<p>&#8211; Le restaurant l\u2019Escale, situ\u00e9 Quai Jacques Cartier propose des plats \u00e9labor\u00e9s \u00e0 base de produits frais et locaux.<\/p>\n<p>&#8211; La brasserie Trencadis, situ\u00e9e Rue Montesquieu, propose une cuisine gastronomique originale.<\/p>\n<p>&#8211; La r\u00e9serve, situ\u00e9e sur l\u2019All\u00e9e Jules Aroles propose des sp\u00e9cialit\u00e9s de fruits de mer.<\/p>\n<p>&#8211; Le restaurant Les Planches, situ\u00e9 All\u00e9e Jules Aroles, offre une belle vue sur la plage.<\/p>\n<p>&#8211; La Table de Valmy, un restaurant viticole avec terrasse.<\/p>\n<p><img loading=\"lazy\" decoding=\"async\" class=\"alignnone size-full wp-image-3120\" src=\"https:\/\/www.campings.com\/fr\/content\/wp-content\/uploads\/2021\/09\/Guide-Restaurant.jpg\" alt=\"\" width=\"1000\" height=\"665\" srcset=\"https:\/\/www.campings.com\/fr\/content\/wp-content\/uploads\/2021\/09\/Guide-Restaurant.jpg 1000w, https:\/\/www.campings.com\/fr\/content\/wp-content\/uploads\/2021\/09\/Guide-Restaurant-300x200.jpg 300w, https:\/\/www.campings.com\/fr\/content\/wp-content\/uploads\/2021\/09\/Guide-Restaurant-768x511.jpg 768w, https:\/\/www.campings.com\/fr\/content\/wp-content\/uploads\/2021\/09\/Guide-Restaurant-450x299.jpg 450w, https:\/\/www.campings.com\/fr\/content\/wp-content\/uploads\/2021\/09\/Guide-Restaurant-430x286.jpg 430w\" sizes=\"auto, (max-width: 1000px) 100vw, 1000px\" \/><\/p>\n<h2><strong>S\u00e9lection de campings \u00e0 Argel\u00e8s-sur-Mer pour des vacances pas cher\u00a0<\/strong><\/h2>\n<p>Ludique et pas cher, le camping est une formule d\u2019h\u00e9bergement id\u00e9ale pour les familles. En plus d\u2019\u00eatre convivial, le camping favorise les rencontres et offre plus de libert\u00e9 aux enfants. Pour passer des moments de d\u00e9tente, riches en d\u00e9couvertes avec vos enfants, optez pour l\u2019un de ces 3\u00a0<a href=\"https:\/\/www.campings.com\/fr\/content\/guide-argeles-sur-mer\/campings-argeles-sur-mer\/\"><strong><u>campings<\/u><\/strong><\/a>\u00a0avec parc aquatique.<\/p>\n<h3><strong>Le Pearl &#8211; Camping Paradis, parfait pour des vacances au soleil\u00a0<\/strong><\/h3>\n<p>Ce camping dispose d\u2019une aire de jeux aquatique avec des toboggans et des piscines enti\u00e8rement s\u00e9curis\u00e9es pour les enfants. L\u2019\u00e9tablissement propose aussi une piscine couverte chauff\u00e9e. D\u2019autres activit\u00e9s sont \u00e9galement accessibles sur place : p\u00e9tanque, football, tennis\u2026<\/p>\n<p><a href=\"https:\/\/www.campings.com\/fr\/camping\/le-pearl-camping-paradis-76750\">Plus d\u2019infos sur Le Pearl Camping Paradis<\/a>.<\/p>\n<h3><strong>Le Camping La Sir\u00e8ne : pour des vacances dans un mobil home tout confort\u00a0<\/strong><\/h3>\n<p>Cet \u00e9tablissement propose des mobil homes tout confort \u00e0 un excellent rapport qualit\u00e9 prix. Le camping dispose d\u2019une piscine ext\u00e9rieure non chauff\u00e9e, d\u2019une piscine couverte chauff\u00e9e et de plusieurs toboggans pour les enfants. Petits et grands profiteront \u00e9galement d\u2019une aire de jeux aquatiques et d\u2019une pataugeoire.<\/p>\n<p><a href=\"https:\/\/www.campings.com\/fr\/camping\/camping-la-sirene-76770\">Plus d\u2019infos sur le Camping La Sir\u00e8ne.<\/a><\/p>\n<h3><strong>R\u00e9sidence Les Demeures de La Massane : la parfaite adresse o\u00f9 se loger en vacances\u00a0<\/strong><\/h3>\n<p>Entre plage et village, cet \u00e9tablissement propose des maisons et des appartements \u00e0 louer. Sur place, tous les ingr\u00e9dients sont r\u00e9unis pour passer un bel \u00e9t\u00e9. Pour vous d\u00e9tendre, une piscine ext\u00e9rieure avec des transats est \u00e0 la disposition des vacanciers.<\/p>\n<p><a href=\"https:\/\/www.campings.com\/fr\/camping\/residence-les-demeures-de-la-massane-88376\">Plus d\u2019infos sur la R\u00e9sidence Les Demeures de La Massane<\/a>.<\/p>\n","protected":false},"excerpt":{"rendered":"<p>Pour des vacances en famille dans un cadre exceptionnel, partez \u00e0 la d\u00e9couverte d\u2019Argel\u00e8s-sur-Mer ! Pendant la saison estivale, vous profiterez d\u2019une foule d\u2019activit\u00e9s divertissantes pour tous les \u00e2ges. Petits et grands trouveront leur bonheur dans cette r\u00e9gion au climat doux et ensoleill\u00e9 ! Situ\u00e9e dans les Pyr\u00e9n\u00e9es-Orientales, en r\u00e9gion Occitanie, Argel\u00e8s-sur-Mer est une destination [&hellip;]<\/p>\n","protected":false},"author":18,"featured_media":0,"parent":0,"menu_order":0,"comment_status":"closed","ping_status":"closed","template":"template-twocolumns.php","meta":{"_acf_changed":false,"footnotes":""},"class_list":["post-3115","page","type-page","status-publish","hentry"],"acf":[],"yoast_head":"<!-- This site is optimized with the Yoast SEO plugin v27.1.1 - https:\/\/yoast.com\/product\/yoast-seo-wordpress\/ -->\n<title>Le guide de vos vacances \u00e0 Argel\u00e8s-sur-Mer -<\/title>\n<meta name=\"description\" content=\"D\u00e9couvrez toutes les activit\u00e9s \u00e0 faire en famille pendant vos vacances \u00e0 Argel\u00e8s-sur-Mer afin de faire le plein de d\u00e9couvertes et de sensations.\" \/>\n<meta name=\"robots\" content=\"index, follow, max-snippet:-1, max-image-preview:large, max-video-preview:-1\" \/>\n<link rel=\"canonical\" href=\"https:\/\/www.campings.com\/fr\/content\/guide-argeles-sur-mer\/\" \/>\n<meta property=\"og:locale\" content=\"fr_FR\" \/>\n<meta property=\"og:type\" content=\"article\" \/>\n<meta property=\"og:title\" content=\"Le guide de vos vacances \u00e0 Argel\u00e8s-sur-Mer -\" \/>\n<meta property=\"og:description\" content=\"D\u00e9couvrez toutes les activit\u00e9s \u00e0 faire en famille pendant vos vacances \u00e0 Argel\u00e8s-sur-Mer afin de faire le plein de d\u00e9couvertes et de sensations.\" \/>\n<meta property=\"og:url\" content=\"https:\/\/www.campings.com\/fr\/content\/guide-argeles-sur-mer\/\" \/>\n<meta property=\"article:modified_time\" content=\"2021-09-20T09:10:10+00:00\" \/>\n<meta property=\"og:image\" content=\"https:\/\/www.campings.com\/fr\/content\/wp-content\/uploads\/2021\/09\/Guide-Plage-du-Racou.jpg\" \/>\n\t<meta property=\"og:image:width\" content=\"1000\" \/>\n\t<meta property=\"og:image:height\" content=\"665\" \/>\n\t<meta property=\"og:image:type\" content=\"image\/jpeg\" \/>\n<meta name=\"twitter:card\" content=\"summary_large_image\" \/>\n<meta name=\"twitter:label1\" content=\"Dur\u00e9e de lecture estim\u00e9e\" \/>\n\t<meta name=\"twitter:data1\" content=\"7 minutes\" \/>\n<script type=\"application\/ld+json\" class=\"yoast-schema-graph\">{\"@context\":\"https:\/\/schema.org\",\"@graph\":[{\"@type\":\"WebPage\",\"@id\":\"https:\/\/www.campings.com\/fr\/content\/guide-argeles-sur-mer\/\",\"url\":\"https:\/\/www.campings.com\/fr\/content\/guide-argeles-sur-mer\/\",\"name\":\"Le guide de vos vacances \u00e0 Argel\u00e8s-sur-Mer -\",\"isPartOf\":{\"@id\":\"https:\/\/www.campings.com\/fr\/content\/#website\"},\"primaryImageOfPage\":{\"@id\":\"https:\/\/www.campings.com\/fr\/content\/guide-argeles-sur-mer\/#primaryimage\"},\"image\":{\"@id\":\"https:\/\/www.campings.com\/fr\/content\/guide-argeles-sur-mer\/#primaryimage\"},\"thumbnailUrl\":\"https:\/\/www.campings.com\/fr\/content\/wp-content\/uploads\/2021\/09\/Guide-Plage-du-Racou.jpg\",\"datePublished\":\"2021-09-07T12:46:43+00:00\",\"dateModified\":\"2021-09-20T09:10:10+00:00\",\"description\":\"D\u00e9couvrez toutes les activit\u00e9s \u00e0 faire en famille pendant vos vacances \u00e0 Argel\u00e8s-sur-Mer afin de faire le plein de d\u00e9couvertes et de sensations.\",\"breadcrumb\":{\"@id\":\"https:\/\/www.campings.com\/fr\/content\/guide-argeles-sur-mer\/#breadcrumb\"},\"inLanguage\":\"fr-FR\",\"potentialAction\":[{\"@type\":\"ReadAction\",\"target\":[\"https:\/\/www.campings.com\/fr\/content\/guide-argeles-sur-mer\/\"]}]},{\"@type\":\"ImageObject\",\"inLanguage\":\"fr-FR\",\"@id\":\"https:\/\/www.campings.com\/fr\/content\/guide-argeles-sur-mer\/#primaryimage\",\"url\":\"https:\/\/www.campings.com\/fr\/content\/wp-content\/uploads\/2021\/09\/Guide-Plage-du-Racou.jpg\",\"contentUrl\":\"https:\/\/www.campings.com\/fr\/content\/wp-content\/uploads\/2021\/09\/Guide-Plage-du-Racou.jpg\",\"width\":1000,\"height\":665},{\"@type\":\"BreadcrumbList\",\"@id\":\"https:\/\/www.campings.com\/fr\/content\/guide-argeles-sur-mer\/#breadcrumb\",\"itemListElement\":[{\"@type\":\"ListItem\",\"position\":1,\"name\":\"Home\",\"item\":\"https:\/\/www.campings.com\/fr\/content\/\"},{\"@type\":\"ListItem\",\"position\":2,\"name\":\"Le guide de vos vacances \u00e0 Argel\u00e8s-sur-Mer\"}]},{\"@type\":\"WebSite\",\"@id\":\"https:\/\/www.campings.com\/fr\/content\/#website\",\"url\":\"https:\/\/www.campings.com\/fr\/content\/\",\"name\":\"\",\"description\":\"\",\"publisher\":{\"@id\":\"https:\/\/www.campings.com\/fr\/content\/#organization\"},\"potentialAction\":[{\"@type\":\"SearchAction\",\"target\":{\"@type\":\"EntryPoint\",\"urlTemplate\":\"https:\/\/www.campings.com\/fr\/content\/?s={search_term_string}\"},\"query-input\":{\"@type\":\"PropertyValueSpecification\",\"valueRequired\":true,\"valueName\":\"search_term_string\"}}],\"inLanguage\":\"fr-FR\"},{\"@type\":\"Organization\",\"@id\":\"https:\/\/www.campings.com\/fr\/content\/#organization\",\"name\":\"CAMPINGS.COM\",\"url\":\"https:\/\/www.campings.com\/fr\/content\/\",\"logo\":{\"@type\":\"ImageObject\",\"inLanguage\":\"fr-FR\",\"@id\":\"https:\/\/www.campings.com\/fr\/content\/#\/schema\/logo\/image\/\",\"url\":\"https:\/\/www.campings.com\/fr\/content\/wp-content\/uploads\/2019\/01\/cropped-logo-1.png\",\"contentUrl\":\"https:\/\/www.campings.com\/fr\/content\/wp-content\/uploads\/2019\/01\/cropped-logo-1.png\",\"width\":174,\"height\":42,\"caption\":\"CAMPINGS.COM\"},\"image\":{\"@id\":\"https:\/\/www.campings.com\/fr\/content\/#\/schema\/logo\/image\/\"}}]}<\/script>\n<!-- \/ Yoast SEO plugin. -->","yoast_head_json":{"title":"Le guide de vos vacances \u00e0 Argel\u00e8s-sur-Mer -","description":"D\u00e9couvrez toutes les activit\u00e9s \u00e0 faire en famille pendant vos vacances \u00e0 Argel\u00e8s-sur-Mer afin de faire le plein de d\u00e9couvertes et de sensations.","robots":{"index":"index","follow":"follow","max-snippet":"max-snippet:-1","max-image-preview":"max-image-preview:large","max-video-preview":"max-video-preview:-1"},"canonical":"https:\/\/www.campings.com\/fr\/content\/guide-argeles-sur-mer\/","og_locale":"fr_FR","og_type":"article","og_title":"Le guide de vos vacances \u00e0 Argel\u00e8s-sur-Mer -","og_description":"D\u00e9couvrez toutes les activit\u00e9s \u00e0 faire en famille pendant vos vacances \u00e0 Argel\u00e8s-sur-Mer afin de faire le plein de d\u00e9couvertes et de sensations.","og_url":"https:\/\/www.campings.com\/fr\/content\/guide-argeles-sur-mer\/","article_modified_time":"2021-09-20T09:10:10+00:00","og_image":[{"width":1000,"height":665,"url":"https:\/\/www.campings.com\/fr\/content\/wp-content\/uploads\/2021\/09\/Guide-Plage-du-Racou.jpg","type":"image\/jpeg"}],"twitter_card":"summary_large_image","twitter_misc":{"Dur\u00e9e de lecture estim\u00e9e":"7 minutes"},"schema":{"@context":"https:\/\/schema.org","@graph":[{"@type":"WebPage","@id":"https:\/\/www.campings.com\/fr\/content\/guide-argeles-sur-mer\/","url":"https:\/\/www.campings.com\/fr\/content\/guide-argeles-sur-mer\/","name":"Le guide de vos vacances \u00e0 Argel\u00e8s-sur-Mer -","isPartOf":{"@id":"https:\/\/www.campings.com\/fr\/content\/#website"},"primaryImageOfPage":{"@id":"https:\/\/www.campings.com\/fr\/content\/guide-argeles-sur-mer\/#primaryimage"},"image":{"@id":"https:\/\/www.campings.com\/fr\/content\/guide-argeles-sur-mer\/#primaryimage"},"thumbnailUrl":"https:\/\/www.campings.com\/fr\/content\/wp-content\/uploads\/2021\/09\/Guide-Plage-du-Racou.jpg","datePublished":"2021-09-07T12:46:43+00:00","dateModified":"2021-09-20T09:10:10+00:00","description":"D\u00e9couvrez toutes les activit\u00e9s \u00e0 faire en famille pendant vos vacances \u00e0 Argel\u00e8s-sur-Mer afin de faire le plein de d\u00e9couvertes et de sensations.","breadcrumb":{"@id":"https:\/\/www.campings.com\/fr\/content\/guide-argeles-sur-mer\/#breadcrumb"},"inLanguage":"fr-FR","potentialAction":[{"@type":"ReadAction","target":["https:\/\/www.campings.com\/fr\/content\/guide-argeles-sur-mer\/"]}]},{"@type":"ImageObject","inLanguage":"fr-FR","@id":"https:\/\/www.campings.com\/fr\/content\/guide-argeles-sur-mer\/#primaryimage","url":"https:\/\/www.campings.com\/fr\/content\/wp-content\/uploads\/2021\/09\/Guide-Plage-du-Racou.jpg","contentUrl":"https:\/\/www.campings.com\/fr\/content\/wp-content\/uploads\/2021\/09\/Guide-Plage-du-Racou.jpg","width":1000,"height":665},{"@type":"BreadcrumbList","@id":"https:\/\/www.campings.com\/fr\/content\/guide-argeles-sur-mer\/#breadcrumb","itemListElement":[{"@type":"ListItem","position":1,"name":"Home","item":"https:\/\/www.campings.com\/fr\/content\/"},{"@type":"ListItem","position":2,"name":"Le guide de vos vacances \u00e0 Argel\u00e8s-sur-Mer"}]},{"@type":"WebSite","@id":"https:\/\/www.campings.com\/fr\/content\/#website","url":"https:\/\/www.campings.com\/fr\/content\/","name":"","description":"","publisher":{"@id":"https:\/\/www.campings.com\/fr\/content\/#organization"},"potentialAction":[{"@type":"SearchAction","target":{"@type":"EntryPoint","urlTemplate":"https:\/\/www.campings.com\/fr\/content\/?s={search_term_string}"},"query-input":{"@type":"PropertyValueSpecification","valueRequired":true,"valueName":"search_term_string"}}],"inLanguage":"fr-FR"},{"@type":"Organization","@id":"https:\/\/www.campings.com\/fr\/content\/#organization","name":"CAMPINGS.COM","url":"https:\/\/www.campings.com\/fr\/content\/","logo":{"@type":"ImageObject","inLanguage":"fr-FR","@id":"https:\/\/www.campings.com\/fr\/content\/#\/schema\/logo\/image\/","url":"https:\/\/www.campings.com\/fr\/content\/wp-content\/uploads\/2019\/01\/cropped-logo-1.png","contentUrl":"https:\/\/www.campings.com\/fr\/content\/wp-content\/uploads\/2019\/01\/cropped-logo-1.png","width":174,"height":42,"caption":"CAMPINGS.COM"},"image":{"@id":"https:\/\/www.campings.com\/fr\/content\/#\/schema\/logo\/image\/"}}]}},"_links":{"self":[{"href":"https:\/\/www.campings.com\/fr\/content\/wp-json\/wp\/v2\/pages\/3115","targetHints":{"allow":["GET"]}}],"collection":[{"href":"https:\/\/www.campings.com\/fr\/content\/wp-json\/wp\/v2\/pages"}],"about":[{"href":"https:\/\/www.campings.com\/fr\/content\/wp-json\/wp\/v2\/types\/page"}],"author":[{"embeddable":true,"href":"https:\/\/www.campings.com\/fr\/content\/wp-json\/wp\/v2\/users\/18"}],"replies":[{"embeddable":true,"href":"https:\/\/www.campings.com\/fr\/content\/wp-json\/wp\/v2\/comments?post=3115"}],"version-history":[{"count":7,"href":"https:\/\/www.campings.com\/fr\/content\/wp-json\/wp\/v2\/pages\/3115\/revisions"}],"predecessor-version":[{"id":3162,"href":"https:\/\/www.campings.com\/fr\/content\/wp-json\/wp\/v2\/pages\/3115\/revisions\/3162"}],"wp:attachment":[{"href":"https:\/\/www.campings.com\/fr\/content\/wp-json\/wp\/v2\/media?parent=3115"}],"curies":[{"name":"wp","href":"https:\/\/api.w.org\/{rel}","templated":true}]}}