{"id":3023,"date":"2021-07-21T15:30:58","date_gmt":"2021-07-21T15:30:58","guid":{"rendered":"https:\/\/www.campings.com\/fr\/content\/?page_id=3023"},"modified":"2021-07-21T15:30:58","modified_gmt":"2021-07-21T15:30:58","slug":"randonnees-biscarrosse-circuits-a-pied-ou-a-velo","status":"publish","type":"page","link":"https:\/\/www.campings.com\/fr\/content\/guides-vacances-biscarrosse\/randonnees-biscarrosse-circuits-a-pied-ou-a-velo\/","title":{"rendered":"Randonn\u00e9es \u00e0 Biscarrosse : les meilleurs circuits \u00e0 pied ou \u00e0 v\u00e9lo"},"content":{"rendered":"<p>En plus d\u2019\u00eatre un spot de surf mondialement connu, la commune de Biscarrosse fait aussi le bonheur des randonneurs ! Situ\u00e9e dans les Landes, cette commune de 15 500 habitants propose de nombreux circuits de randonn\u00e9e \u00e0 d\u00e9couvrir.<\/p>\n<p>La commune de\u00a0<a href=\"https:\/\/www.campings.com\/fr\/content\/guides-vacances-biscarrosse\/\"><u>Biscarrosse<\/u>\u00a0<\/a>est majoritairement domin\u00e9e par les for\u00eats qui recouvrent plus de 65 % de son territoire. En plus du littoral et des lacs, les sites naturels desservis par des circuits de randonn\u00e9e p\u00e9destre et cyclable sont nombreux ! Les amateurs et les sportifs aguerris s\u2019y retrouvent chaque ann\u00e9e pour des vacances alliant sport et d\u00e9tente.<\/p>\n<h2><strong>Les randonn\u00e9es p\u00e9destres \u00e0 ne pas manquer<\/strong><\/h2>\n<p>Envie de partir \u00e0 la d\u00e9couverte des Landes \u00e0 travers ses circuits de randonn\u00e9e incontournables ? Voici les principaux parcours \u00e0 pied de Biscarrosse !<\/p>\n<h3><strong>Le circuit de la plage<\/strong><\/h3>\n<p>Le circuit de la plage est un parcours assez facile. Il compte en tout 9,08 km de sentiers qu\u2019il est possible de boucler en moins de deux heures. Ce circuit est constitu\u00e9 d\u2019un chemin non goudronn\u00e9 qui d\u00e9bute devant le camping Camp\u00e9ole Le Vivier. La premi\u00e8re \u00e9tape du parcours permet d\u2019admirer le littoral c\u00f4tier\u2026 Il s\u2019enfonce de plus en plus dans la for\u00eat pour se vallonner finalement dans les sous-bois d\u2019arbousiers. Le circuit de la plage est balis\u00e9 par des affichettes XL en bleu afin de faciliter le rep\u00e9rage des randonneurs.<\/p>\n<h3><strong>Le sentier de la for\u00eat<\/strong><\/h3>\n<p>Le sentier de la for\u00eat est un parcours facile de 6,24 km qui se boucle en moins de deux heures. Le point de d\u00e9part se situe au rond-point de Maguide sur la route d\u2019Arcachon. Il suit un itin\u00e9raire commun avec le circuit de Biscarrosse Plage avant de bifurquer \u00e0 droite. Le sentier traverse la piste cyclable et passe pr\u00e8s du r\u00e9servoir. N\u2019h\u00e9sitez pas \u00e0 vous y arr\u00eater pour admirer le beau panorama sur l\u2019oc\u00e9an et le Lac Nord. Ensuite, vous arpenterez une piste en descente qui coupe la piste cyclable pour rallier le point de d\u00e9part.<\/p>\n<h3><strong>La boucle de Navarrosse<\/strong><\/h3>\n<p>La boucle de Navarrosse est un parcours boucl\u00e9 sur la cha\u00eene des \u00e9tangs \u00e0 Biscarrosse. Ce circuit est tr\u00e8s facile et s\u2019effectue en 2h40 mn environ pour une longueur totale de 12,3 km. Il d\u00e9marre sur la Plage lacustre \u00e0 l\u2019ombre des pins. La premi\u00e8re \u00e9tape consiste \u00e0 traverser la passerelle sur le canal du littoral des Landes qui relie les deux lacs. Celui-ci a \u00e9t\u00e9 creus\u00e9 en 1830 afin de former une voie commer\u00e7ante. Il mesure 14,5 km de long avec une largeur qui varie entre 10 m et 24 m. Toutefois, en raison des co\u00fbts d\u2019entretien, le canal fut abandonn\u00e9 avant d\u2019\u00eatre rachet\u00e9 par la ville de Biscarrosse. La boucle suit ensuite la piste cyclable de 3 km qui longe le canal. Une fois face au cimeti\u00e8re, la piste se prolonge dans la pin\u00e8de. \u00c0 la sortie, le circuit d\u00e9bouche sur une encoche (dans la glissi\u00e8re de s\u00e9curit\u00e9) avant de se plonger de nouveau dans la for\u00eat.<\/p>\n<p><img loading=\"lazy\" decoding=\"async\" class=\"alignnone size-full wp-image-3024\" src=\"https:\/\/www.campings.com\/fr\/content\/wp-content\/uploads\/2021\/07\/Rando-1.jpg\" alt=\"\" width=\"1000\" height=\"665\" \/><\/p>\n<h3><strong>Le circuit En Chon Mayotte<\/strong><\/h3>\n<p>Le circuit En Chon Mayotte est un parcours tr\u00e8s agr\u00e9able d\u2019une difficult\u00e9 moyenne. Il se boucle en moins de deux heures pour une longueur de 9,73 km. Il d\u00e9bute au fond du parking du port de Navarrosse. Il tourne \u00e0 droite \u00e0 l\u2019angle de la barri\u00e8re, puis \u00e0 gauche \u00e0 l\u2019intersection du chemin de Mayotte. Ce parcours traverse une \u00ab craste \u00bb, un foss\u00e9 de drainage creus\u00e9 dans le sable pour assainir la lande humide\u2026 Enfin, il longe le bord du lac sur une distance de 1,25 km.<\/p>\n<h3><strong>La Boucle de Capagut Jacques<\/strong><\/h3>\n<p>La boucle de Capagut Jacques offre un parcours tr\u00e8s vari\u00e9. Le point de d\u00e9part du circuit se situe \u00e0 c\u00f4t\u00e9 de la mairie. Cette piste traverse la route d\u00e9partementale pour d\u00e9boucher sur le rond-point de l\u2019hydravion. La boucle de Capagut propose \u00e9galement un aller-retour (facultatif) sur le lac. Ce d\u00e9tour permet de d\u00e9voiler un joli point de vue sur le lac. La piste du lac d\u00e9bouche sur une plage entour\u00e9e d\u2019espaces verts.<\/p>\n<h2><strong>Les randonn\u00e9es \u00e0 faire \u00e0 v\u00e9lo ou en VTT<\/strong><\/h2>\n<p>Faire de la randonn\u00e9e \u00e0 v\u00e9lo est aussi un bon moyen de d\u00e9couvrir\u00a0<a href=\"https:\/\/www.campings.com\/fr\/content\/guides-vacances-biscarrosse\/\"><u>Biscarrosse<\/u>\u00a0<\/a>en conjuguant sport et d\u00e9tente.<\/p>\n<h3>La piste cyclable de Navarrosse \u00e0 Sanguinet<\/h3>\n<p>Le r\u00e9seau cyclable de Navarrosse \u00e0 Sanguinet permet de profiter d\u2019une agr\u00e9able balade en for\u00eat. Le parcours dure en moyenne une heure au d\u00e9part de l\u2019Avenue de Bordeaux jusqu\u2019au chemin de Navarrosse. En effet, sa longueur est de 14,4 km. Tout au long de la randonn\u00e9e, il est essentiel de respecter la r\u00e8glementation, car il s\u2019agit d\u2019une zone pr\u00e9serv\u00e9e.<\/p>\n<p><img loading=\"lazy\" decoding=\"async\" class=\"alignnone size-full wp-image-3025\" src=\"https:\/\/www.campings.com\/fr\/content\/wp-content\/uploads\/2021\/07\/Rando-4.jpg\" alt=\"\" width=\"1000\" height=\"665\" \/><\/p>\n<h3><strong>Le chemin de Biscarrosse \u00e0 la Dune de Pilat<\/strong><\/h3>\n<p>La piste cyclable reliant Biscarrosse \u00e0 la Dune du Pilat est un parcours de difficult\u00e9 moyenne. Ce circuit se caract\u00e9rise par des c\u00f4tes importantes. De ce fait, il est d\u00e9conseill\u00e9 aux enfants. Il compte en tout 25,9 km de pistes, qui s\u2019effectuent en moins de deux heures. Le parcours commence \u00e0 Biscarrosse Plage. Il traverse la for\u00eat landaise et les plages oc\u00e9anes. Lors de cette randonn\u00e9e, il est conseill\u00e9 de faire une petite pause et de pique-niquer sur l\u2019un de ces sites. Les plages sont \u00e9quip\u00e9es de tables install\u00e9es \u00e0 l\u2019ombre des pins. Le parcours continue sur quelques mont\u00e9es pour arriver finalement sur le rond-point de la dune. Une fois sur le parking, il est possible de laisser le v\u00e9lo sur les \u00ab racks \u00bb destin\u00e9s \u00e0 cet effet. En effet, les derniers m\u00e8tres du parcours se font \u00e0 pied. Une fois arriv\u00e9, vous pourrez admirer la magnifique vue panoramique sur l\u2019oc\u00e9an et sur le bassin d\u2019Arcachon.<\/p>\n<h3><strong>De Biscarrosse ville \u00e0 Parentis-en-Born<\/strong><\/h3>\n<p>Le circuit cyclable reliant Biscarrosse ville \u00e0 Parentis-En-Born est constitu\u00e9 de 11,7 km de pistes et peut \u00eatre boucl\u00e9 en moins de 50 minutes. Ce parcours facile est parfait pour les familles.<\/p>\n<h3><strong>La v\u00e9lodyss\u00e9e \u2013 De Biscarrosse Plage \u00e0 Parentis-en-Born<\/strong><\/h3>\n<p>La v\u00e9lodyss\u00e9e de Biscarrosse Plage \u00e0 Parentis-en-Born est un circuit de difficult\u00e9 moyenne. Elle s\u2019\u00e9tend sur une longueur totale de 32,7 km et se boucle g\u00e9n\u00e9ralement en 2h20mn environ. Cette v\u00e9lodyss\u00e9e quitte le littoral pour s\u2019enfoncer dans les terres. La couleur bleue des \u00e9tangs remplace alors celle de la mer. Ce circuit r\u00e9serve une petite \u00e9preuve pour les cyclistes. En effet, ils devront parcourir une piste avec double rang\u00e9e de dunes. Elle s\u00e9pare ainsi le littoral du circuit de l\u2019\u00e9tang de Cazaux-Biscarrosse pour d\u00e9boucher sur l\u2019\u00e9tang Biscarrosse-Parentis. La v\u00e9lodyss\u00e9e continue ensuite sur 9 km de piste pour finalement atteindre Parentis-en-Born.<\/p>\n<p><img loading=\"lazy\" decoding=\"async\" class=\"alignnone size-full wp-image-3026\" src=\"https:\/\/www.campings.com\/fr\/content\/wp-content\/uploads\/2021\/07\/Rando-3.jpg\" alt=\"\" width=\"1000\" height=\"665\" \/><\/p>\n<h3><strong>La v\u00e9lodyss\u00e9e \u2013 De Parentis-en-Born \u00e0 Mimizan Plage<\/strong><\/h3>\n<p>La v\u00e9lodyss\u00e9e de Parentis-en-Born \u00e0 Mimizan Plage compte en tout 33,4 km de pistes cyclables. Ce circuit s\u2019effectue en moyenne en moins de 2h30 mn. Il longe un plan d\u2019eau et permet de d\u00e9couvrir les ports de Gastes et le lac d\u2019Aureilhan. N\u2019h\u00e9sitez pas \u00e0 faire des pauses pour profiter de la nature en vous arr\u00eatant sur les berges par exemple\u2026<\/p>\n<h2><strong>S\u00e9lection de campings \u00e0 Biscarrosse pour une randonn\u00e9e sportive dans les Landes\u00a0<\/strong><\/h2>\n<p>Avec ses nombreux circuits de randonn\u00e9e, <a href=\"https:\/\/www.campings.com\/fr\/content\/guides-vacances-biscarrosse\/\">Biscarrosse<\/a> est une destination id\u00e9ale pour des vacances ! Pour profiter pleinement de votre s\u00e9jour, n\u2019h\u00e9sitez pas \u00e0 louer un camping. Voici notre s\u00e9lection de campings les plus proches de ces circuits.<\/p>\n<h3><strong>Camping Mayotte Vacances<\/strong><\/h3>\n<p>Situ\u00e9 dans les Landes, le camping Mayotte Vacances est une destination parfaite pour des vacances en famille. Il dispose d\u2019un parc aquatique de plus de 1200 m\u00b2 compos\u00e9 de 4 bassins ext\u00e9rieurs, d\u2019une piscine chauff\u00e9e&#8230; Durant la haute saison, en plus des aires de jeux, le camping propose aussi des animations familiales tr\u00e8s vari\u00e9es.<\/p>\n<p><a href=\"https:\/\/www.campings.com\/fr\/camping\/camping-mayotte-vacances-76910\">Plus d\u2019infos sur camping Mayotte Vacances<\/a>.<\/p>\n<h3><strong>Camping Slow Village Biscarrosse Lac\u00a0<\/strong><\/h3>\n<p>Le camping Slow Village Biscarrosse Lac propose un large \u00e9ventail de services pour assurer le confort de ses clients. Situ\u00e9 \u00e0 4 km de la plage, cet \u00e9tablissement b\u00e9n\u00e9ficie d\u2019une bonne situation g\u00e9ographique. En effet, il est install\u00e9 \u00e0 proximit\u00e9 de 8 circuits de randonn\u00e9es et de 50 km de pistes cyclables.<\/p>\n<p><a href=\"https:\/\/www.campings.com\/fr\/camping\/slow-village-biscarosse-lac-76912\">Plus d\u2019infos sur camping Slow Village Biscarrosse Lac<\/a>.<\/p>\n<h3><strong>Camping Bimbo<\/strong><\/h3>\n<p>Le camping Bimbo est situ\u00e9 \u00e0 proximit\u00e9 de l\u2019oc\u00e9an. Il offre un cadre calme et verdoyant, propice au repos. L\u2019\u00e9tablissement dispose d\u2019un parc aquatique compos\u00e9 d\u2019une piscine ext\u00e9rieure et d\u2019une piscine couverte chauff\u00e9e. L\u2019acc\u00e8s \u00e0 ces infrastructures est gratuit. De plus, le camping met \u00e0 disposition des parents un club enfants en juillet et en ao\u00fbt.<\/p>\n<p><a href=\"https:\/\/www.campings.com\/fr\/camping\/camping-le-bimbo-camping-paradis-81281\">Plus d\u2019infos sur camping le Bimbo<\/a>.<\/p>\n","protected":false},"excerpt":{"rendered":"<p>En plus d\u2019\u00eatre un spot de surf mondialement connu, la commune de Biscarrosse fait aussi le bonheur des randonneurs ! Situ\u00e9e dans les Landes, cette commune de 15 500 habitants propose de nombreux circuits de randonn\u00e9e \u00e0 d\u00e9couvrir. La commune de\u00a0Biscarrosse\u00a0est majoritairement domin\u00e9e par les for\u00eats qui recouvrent plus de 65 % de son territoire. [&hellip;]<\/p>\n","protected":false},"author":18,"featured_media":0,"parent":2991,"menu_order":0,"comment_status":"closed","ping_status":"closed","template":"template-twocolumns.php","meta":{"_acf_changed":false,"footnotes":""},"class_list":["post-3023","page","type-page","status-publish","hentry"],"acf":[],"yoast_head":"<!-- This site is optimized with the Yoast SEO plugin v27.1.1 - https:\/\/yoast.com\/product\/yoast-seo-wordpress\/ -->\n<title>Randonn\u00e9es \u00e0 Biscarrosse : les meilleurs circuits \u00e0 pied ou \u00e0 v\u00e9lo -<\/title>\n<meta name=\"description\" content=\"D\u00e9couvrez dans ce guide les meilleurs circuits et sentiers de randonn\u00e9e \u00e0 pied ou \u00e0 v\u00e9lo \u00e0 faire pendant vos vacances \u00e0 Biscarrosse et dans ses alentours.\" \/>\n<meta name=\"robots\" content=\"index, follow, max-snippet:-1, max-image-preview:large, max-video-preview:-1\" \/>\n<link rel=\"canonical\" href=\"https:\/\/www.campings.com\/fr\/content\/guides-vacances-biscarrosse\/randonnees-biscarrosse-circuits-a-pied-ou-a-velo\/\" \/>\n<meta property=\"og:locale\" content=\"fr_FR\" \/>\n<meta property=\"og:type\" content=\"article\" \/>\n<meta property=\"og:title\" content=\"Randonn\u00e9es \u00e0 Biscarrosse : les meilleurs circuits \u00e0 pied ou \u00e0 v\u00e9lo -\" \/>\n<meta property=\"og:description\" content=\"D\u00e9couvrez dans ce guide les meilleurs circuits et sentiers de randonn\u00e9e \u00e0 pied ou \u00e0 v\u00e9lo \u00e0 faire pendant vos vacances \u00e0 Biscarrosse et dans ses alentours.\" \/>\n<meta property=\"og:url\" content=\"https:\/\/www.campings.com\/fr\/content\/guides-vacances-biscarrosse\/randonnees-biscarrosse-circuits-a-pied-ou-a-velo\/\" \/>\n<meta property=\"og:image\" content=\"https:\/\/www.campings.com\/fr\/content\/wp-content\/uploads\/2021\/07\/Rando-1.jpg\" \/>\n\t<meta property=\"og:image:width\" content=\"1000\" \/>\n\t<meta property=\"og:image:height\" content=\"665\" \/>\n\t<meta property=\"og:image:type\" content=\"image\/jpeg\" \/>\n<meta name=\"twitter:card\" content=\"summary_large_image\" \/>\n<meta name=\"twitter:label1\" content=\"Dur\u00e9e de lecture estim\u00e9e\" \/>\n\t<meta name=\"twitter:data1\" content=\"7 minutes\" \/>\n<script type=\"application\/ld+json\" class=\"yoast-schema-graph\">{\"@context\":\"https:\/\/schema.org\",\"@graph\":[{\"@type\":\"WebPage\",\"@id\":\"https:\/\/www.campings.com\/fr\/content\/guides-vacances-biscarrosse\/randonnees-biscarrosse-circuits-a-pied-ou-a-velo\/\",\"url\":\"https:\/\/www.campings.com\/fr\/content\/guides-vacances-biscarrosse\/randonnees-biscarrosse-circuits-a-pied-ou-a-velo\/\",\"name\":\"Randonn\u00e9es \u00e0 Biscarrosse : les meilleurs circuits \u00e0 pied ou \u00e0 v\u00e9lo -\",\"isPartOf\":{\"@id\":\"https:\/\/www.campings.com\/fr\/content\/#website\"},\"primaryImageOfPage\":{\"@id\":\"https:\/\/www.campings.com\/fr\/content\/guides-vacances-biscarrosse\/randonnees-biscarrosse-circuits-a-pied-ou-a-velo\/#primaryimage\"},\"image\":{\"@id\":\"https:\/\/www.campings.com\/fr\/content\/guides-vacances-biscarrosse\/randonnees-biscarrosse-circuits-a-pied-ou-a-velo\/#primaryimage\"},\"thumbnailUrl\":\"https:\/\/www.campings.com\/fr\/content\/wp-content\/uploads\/2021\/07\/Rando-1.jpg\",\"datePublished\":\"2021-07-21T15:30:58+00:00\",\"description\":\"D\u00e9couvrez dans ce guide les meilleurs circuits et sentiers de randonn\u00e9e \u00e0 pied ou \u00e0 v\u00e9lo \u00e0 faire pendant vos vacances \u00e0 Biscarrosse et dans ses alentours.\",\"breadcrumb\":{\"@id\":\"https:\/\/www.campings.com\/fr\/content\/guides-vacances-biscarrosse\/randonnees-biscarrosse-circuits-a-pied-ou-a-velo\/#breadcrumb\"},\"inLanguage\":\"fr-FR\",\"potentialAction\":[{\"@type\":\"ReadAction\",\"target\":[\"https:\/\/www.campings.com\/fr\/content\/guides-vacances-biscarrosse\/randonnees-biscarrosse-circuits-a-pied-ou-a-velo\/\"]}]},{\"@type\":\"ImageObject\",\"inLanguage\":\"fr-FR\",\"@id\":\"https:\/\/www.campings.com\/fr\/content\/guides-vacances-biscarrosse\/randonnees-biscarrosse-circuits-a-pied-ou-a-velo\/#primaryimage\",\"url\":\"https:\/\/www.campings.com\/fr\/content\/wp-content\/uploads\/2021\/07\/Rando-1.jpg\",\"contentUrl\":\"https:\/\/www.campings.com\/fr\/content\/wp-content\/uploads\/2021\/07\/Rando-1.jpg\",\"width\":1000,\"height\":665},{\"@type\":\"BreadcrumbList\",\"@id\":\"https:\/\/www.campings.com\/fr\/content\/guides-vacances-biscarrosse\/randonnees-biscarrosse-circuits-a-pied-ou-a-velo\/#breadcrumb\",\"itemListElement\":[{\"@type\":\"ListItem\",\"position\":1,\"name\":\"Home\",\"item\":\"https:\/\/www.campings.com\/fr\/content\/\"},{\"@type\":\"ListItem\",\"position\":2,\"name\":\"Le guide de vos vacances \u00e0 Biscarrosse\",\"item\":\"https:\/\/www.campings.com\/fr\/content\/guides-vacances-biscarrosse\/\"},{\"@type\":\"ListItem\",\"position\":3,\"name\":\"Randonn\u00e9es \u00e0 Biscarrosse : les meilleurs circuits \u00e0 pied ou \u00e0 v\u00e9lo\"}]},{\"@type\":\"WebSite\",\"@id\":\"https:\/\/www.campings.com\/fr\/content\/#website\",\"url\":\"https:\/\/www.campings.com\/fr\/content\/\",\"name\":\"\",\"description\":\"\",\"publisher\":{\"@id\":\"https:\/\/www.campings.com\/fr\/content\/#organization\"},\"potentialAction\":[{\"@type\":\"SearchAction\",\"target\":{\"@type\":\"EntryPoint\",\"urlTemplate\":\"https:\/\/www.campings.com\/fr\/content\/?s={search_term_string}\"},\"query-input\":{\"@type\":\"PropertyValueSpecification\",\"valueRequired\":true,\"valueName\":\"search_term_string\"}}],\"inLanguage\":\"fr-FR\"},{\"@type\":\"Organization\",\"@id\":\"https:\/\/www.campings.com\/fr\/content\/#organization\",\"name\":\"CAMPINGS.COM\",\"url\":\"https:\/\/www.campings.com\/fr\/content\/\",\"logo\":{\"@type\":\"ImageObject\",\"inLanguage\":\"fr-FR\",\"@id\":\"https:\/\/www.campings.com\/fr\/content\/#\/schema\/logo\/image\/\",\"url\":\"https:\/\/www.campings.com\/fr\/content\/wp-content\/uploads\/2019\/01\/cropped-logo-1.png\",\"contentUrl\":\"https:\/\/www.campings.com\/fr\/content\/wp-content\/uploads\/2019\/01\/cropped-logo-1.png\",\"width\":174,\"height\":42,\"caption\":\"CAMPINGS.COM\"},\"image\":{\"@id\":\"https:\/\/www.campings.com\/fr\/content\/#\/schema\/logo\/image\/\"}}]}<\/script>\n<!-- \/ Yoast SEO plugin. -->","yoast_head_json":{"title":"Randonn\u00e9es \u00e0 Biscarrosse : les meilleurs circuits \u00e0 pied ou \u00e0 v\u00e9lo -","description":"D\u00e9couvrez dans ce guide les meilleurs circuits et sentiers de randonn\u00e9e \u00e0 pied ou \u00e0 v\u00e9lo \u00e0 faire pendant vos vacances \u00e0 Biscarrosse et dans ses alentours.","robots":{"index":"index","follow":"follow","max-snippet":"max-snippet:-1","max-image-preview":"max-image-preview:large","max-video-preview":"max-video-preview:-1"},"canonical":"https:\/\/www.campings.com\/fr\/content\/guides-vacances-biscarrosse\/randonnees-biscarrosse-circuits-a-pied-ou-a-velo\/","og_locale":"fr_FR","og_type":"article","og_title":"Randonn\u00e9es \u00e0 Biscarrosse : les meilleurs circuits \u00e0 pied ou \u00e0 v\u00e9lo -","og_description":"D\u00e9couvrez dans ce guide les meilleurs circuits et sentiers de randonn\u00e9e \u00e0 pied ou \u00e0 v\u00e9lo \u00e0 faire pendant vos vacances \u00e0 Biscarrosse et dans ses alentours.","og_url":"https:\/\/www.campings.com\/fr\/content\/guides-vacances-biscarrosse\/randonnees-biscarrosse-circuits-a-pied-ou-a-velo\/","og_image":[{"width":1000,"height":665,"url":"https:\/\/www.campings.com\/fr\/content\/wp-content\/uploads\/2021\/07\/Rando-1.jpg","type":"image\/jpeg"}],"twitter_card":"summary_large_image","twitter_misc":{"Dur\u00e9e de lecture estim\u00e9e":"7 minutes"},"schema":{"@context":"https:\/\/schema.org","@graph":[{"@type":"WebPage","@id":"https:\/\/www.campings.com\/fr\/content\/guides-vacances-biscarrosse\/randonnees-biscarrosse-circuits-a-pied-ou-a-velo\/","url":"https:\/\/www.campings.com\/fr\/content\/guides-vacances-biscarrosse\/randonnees-biscarrosse-circuits-a-pied-ou-a-velo\/","name":"Randonn\u00e9es \u00e0 Biscarrosse : les meilleurs circuits \u00e0 pied ou \u00e0 v\u00e9lo -","isPartOf":{"@id":"https:\/\/www.campings.com\/fr\/content\/#website"},"primaryImageOfPage":{"@id":"https:\/\/www.campings.com\/fr\/content\/guides-vacances-biscarrosse\/randonnees-biscarrosse-circuits-a-pied-ou-a-velo\/#primaryimage"},"image":{"@id":"https:\/\/www.campings.com\/fr\/content\/guides-vacances-biscarrosse\/randonnees-biscarrosse-circuits-a-pied-ou-a-velo\/#primaryimage"},"thumbnailUrl":"https:\/\/www.campings.com\/fr\/content\/wp-content\/uploads\/2021\/07\/Rando-1.jpg","datePublished":"2021-07-21T15:30:58+00:00","description":"D\u00e9couvrez dans ce guide les meilleurs circuits et sentiers de randonn\u00e9e \u00e0 pied ou \u00e0 v\u00e9lo \u00e0 faire pendant vos vacances \u00e0 Biscarrosse et dans ses alentours.","breadcrumb":{"@id":"https:\/\/www.campings.com\/fr\/content\/guides-vacances-biscarrosse\/randonnees-biscarrosse-circuits-a-pied-ou-a-velo\/#breadcrumb"},"inLanguage":"fr-FR","potentialAction":[{"@type":"ReadAction","target":["https:\/\/www.campings.com\/fr\/content\/guides-vacances-biscarrosse\/randonnees-biscarrosse-circuits-a-pied-ou-a-velo\/"]}]},{"@type":"ImageObject","inLanguage":"fr-FR","@id":"https:\/\/www.campings.com\/fr\/content\/guides-vacances-biscarrosse\/randonnees-biscarrosse-circuits-a-pied-ou-a-velo\/#primaryimage","url":"https:\/\/www.campings.com\/fr\/content\/wp-content\/uploads\/2021\/07\/Rando-1.jpg","contentUrl":"https:\/\/www.campings.com\/fr\/content\/wp-content\/uploads\/2021\/07\/Rando-1.jpg","width":1000,"height":665},{"@type":"BreadcrumbList","@id":"https:\/\/www.campings.com\/fr\/content\/guides-vacances-biscarrosse\/randonnees-biscarrosse-circuits-a-pied-ou-a-velo\/#breadcrumb","itemListElement":[{"@type":"ListItem","position":1,"name":"Home","item":"https:\/\/www.campings.com\/fr\/content\/"},{"@type":"ListItem","position":2,"name":"Le guide de vos vacances \u00e0 Biscarrosse","item":"https:\/\/www.campings.com\/fr\/content\/guides-vacances-biscarrosse\/"},{"@type":"ListItem","position":3,"name":"Randonn\u00e9es \u00e0 Biscarrosse : les meilleurs circuits \u00e0 pied ou \u00e0 v\u00e9lo"}]},{"@type":"WebSite","@id":"https:\/\/www.campings.com\/fr\/content\/#website","url":"https:\/\/www.campings.com\/fr\/content\/","name":"","description":"","publisher":{"@id":"https:\/\/www.campings.com\/fr\/content\/#organization"},"potentialAction":[{"@type":"SearchAction","target":{"@type":"EntryPoint","urlTemplate":"https:\/\/www.campings.com\/fr\/content\/?s={search_term_string}"},"query-input":{"@type":"PropertyValueSpecification","valueRequired":true,"valueName":"search_term_string"}}],"inLanguage":"fr-FR"},{"@type":"Organization","@id":"https:\/\/www.campings.com\/fr\/content\/#organization","name":"CAMPINGS.COM","url":"https:\/\/www.campings.com\/fr\/content\/","logo":{"@type":"ImageObject","inLanguage":"fr-FR","@id":"https:\/\/www.campings.com\/fr\/content\/#\/schema\/logo\/image\/","url":"https:\/\/www.campings.com\/fr\/content\/wp-content\/uploads\/2019\/01\/cropped-logo-1.png","contentUrl":"https:\/\/www.campings.com\/fr\/content\/wp-content\/uploads\/2019\/01\/cropped-logo-1.png","width":174,"height":42,"caption":"CAMPINGS.COM"},"image":{"@id":"https:\/\/www.campings.com\/fr\/content\/#\/schema\/logo\/image\/"}}]}},"_links":{"self":[{"href":"https:\/\/www.campings.com\/fr\/content\/wp-json\/wp\/v2\/pages\/3023","targetHints":{"allow":["GET"]}}],"collection":[{"href":"https:\/\/www.campings.com\/fr\/content\/wp-json\/wp\/v2\/pages"}],"about":[{"href":"https:\/\/www.campings.com\/fr\/content\/wp-json\/wp\/v2\/types\/page"}],"author":[{"embeddable":true,"href":"https:\/\/www.campings.com\/fr\/content\/wp-json\/wp\/v2\/users\/18"}],"replies":[{"embeddable":true,"href":"https:\/\/www.campings.com\/fr\/content\/wp-json\/wp\/v2\/comments?post=3023"}],"version-history":[{"count":1,"href":"https:\/\/www.campings.com\/fr\/content\/wp-json\/wp\/v2\/pages\/3023\/revisions"}],"predecessor-version":[{"id":3027,"href":"https:\/\/www.campings.com\/fr\/content\/wp-json\/wp\/v2\/pages\/3023\/revisions\/3027"}],"up":[{"embeddable":true,"href":"https:\/\/www.campings.com\/fr\/content\/wp-json\/wp\/v2\/pages\/2991"}],"wp:attachment":[{"href":"https:\/\/www.campings.com\/fr\/content\/wp-json\/wp\/v2\/media?parent=3023"}],"curies":[{"name":"wp","href":"https:\/\/api.w.org\/{rel}","templated":true}]}}