{"id":3015,"date":"2021-07-21T15:16:23","date_gmt":"2021-07-21T15:16:23","guid":{"rendered":"https:\/\/www.campings.com\/fr\/content\/?page_id=3015"},"modified":"2021-07-21T15:16:23","modified_gmt":"2021-07-21T15:16:23","slug":"les-principaux-marches-de-biscarrosse-a-visiter","status":"publish","type":"page","link":"https:\/\/www.campings.com\/fr\/content\/guides-vacances-biscarrosse\/les-principaux-marches-de-biscarrosse-a-visiter\/","title":{"rendered":"Les principaux march\u00e9s de Biscarrosse \u00e0 visiter"},"content":{"rendered":"<p>\u00c0 Biscarrosse, le march\u00e9 est une v\u00e9ritable institution. Pendant votre s\u00e9jour dans les Landes, ne manquez pas de sillonner les march\u00e9s situ\u00e9s autour de la commune. Pour ne louper aucun rendez-vous, pensez \u00e0 noter les jours de march\u00e9 sur votre agenda ! Vous aurez l\u2019occasion de rencontrer les producteurs, les artisans locaux et d\u00e9guster les produits typiques de la r\u00e9gion.<\/p>\n<p><a href=\"https:\/\/www.campings.com\/fr\/content\/guides-vacances-biscarrosse\/\"><u>Biscarrosse<\/u>\u00a0<\/a>dans les Landes est la destination parfaite pour des vacances entre lacs, oc\u00e9an et for\u00eats ! De passage dans la r\u00e9gion ? Ne manquez pas de d\u00e9couvrir les tr\u00e9sors de la gastronomie landaise et ses traditions en arpentant ses march\u00e9s. Vous pourrez d\u00e9guster les produits de terroir et m\u00eame acheter des fruits de mer fra\u00eechement p\u00each\u00e9s dans le Bassin d\u2019Arcachon\u2026 Vous pourrez \u00e9galement d\u00e9couvrir tout le talent des artisans locaux et approfondir vos connaissances sur les diff\u00e9rents m\u00e9tiers de bouche.<\/p>\n<h2><strong>Les march\u00e9s \u00e0 l\u2019ann\u00e9e\u00a0<\/strong><\/h2>\n<p>Les march\u00e9s ouverts toute l\u2019ann\u00e9e \u00e0\u00a0Biscarrosse\u00a0se tiennent le matin, quelle que soit la saison. Voici les march\u00e9s o\u00f9 fl\u00e2ner lors de votre s\u00e9jour dans la r\u00e9gion.<\/p>\n<h3><strong>Les march\u00e9s de Biscarrosse\u00a0<\/strong><\/h3>\n<p>&#8211; Place du March\u00e9 \u00e0 Biscarrosse en ville : le vendredi et le dimanche de 8h \u00e0 13h ;<\/p>\n<p>&#8211; Avenue George Cl\u00e9menceau en ville : le dimanche de 8h \u00e0 13h ;<\/p>\n<p>&#8211; Biscarrosse Plage, Place Dufau : le samedi matin de 8h \u00e0 13h.<\/p>\n<p><img loading=\"lazy\" decoding=\"async\" class=\"alignnone size-full wp-image-3017\" src=\"https:\/\/www.campings.com\/fr\/content\/wp-content\/uploads\/2021\/07\/March\u00e9-2.jpg\" alt=\"\" width=\"1000\" height=\"665\" \/><\/p>\n<h3><strong>Le march\u00e9 d\u2019Ychoux\u00a0<\/strong><\/h3>\n<p>Ce march\u00e9 se tient le mercredi de 8h \u00e0 13h sur la Rue F\u00e9lix Arnaudin<\/p>\n<h3><strong>Le march\u00e9 de Sanguinet\u00a0<\/strong><\/h3>\n<p>Le march\u00e9 de Sanguinet r\u00e9unit les commer\u00e7ants sur la Place du March\u00e9 \u00e0 Biscarrosse chaque samedi matin de 9h \u00e0 13h.<\/p>\n<h3><strong>Le march\u00e9 de Parentis-en-Born<\/strong><\/h3>\n<p>Envie de fl\u00e2ner entre les \u00e9tals du march\u00e9 de Parentis-en-Born ? Rendez-vous Place du G\u00e9n\u00e9ral de Gaulle tous les jeudis de 8h \u00e0 13h.<\/p>\n<h2><strong>Les march\u00e9s d\u2019\u00e9t\u00e9\u00a0<\/strong><\/h2>\n<p>Vous souhaitez go\u00fbter aux produits de saison ? Voici les march\u00e9s d\u2019\u00e9t\u00e9 o\u00f9 faire vos emplettes \u00e0 <a href=\"https:\/\/www.campings.com\/fr\/content\/guides-vacances-biscarrosse\/\"><u>Biscarrosse<\/u>\u00a0<\/a>entre le 1er juillet et le 31 ao\u00fbt.<\/p>\n<h3><strong>Le march\u00e9 de Parentis-en-Born<\/strong><\/h3>\n<p>Les amateurs de produits frais se donnent rendez-vous au<strong>\u00a0<\/strong>march\u00e9 de Parentis-en-Born tous les jeudis et dimanches de 9h \u00e0 13h.<\/p>\n<p><img loading=\"lazy\" decoding=\"async\" class=\"alignnone size-full wp-image-3016\" src=\"https:\/\/www.campings.com\/fr\/content\/wp-content\/uploads\/2021\/07\/March\u00e9-1-1.jpg\" alt=\"\" width=\"1000\" height=\"665\" \/><\/p>\n<h3><strong>Le march\u00e9 de Biscarrosse Plage, tous les jours de la semaine<\/strong><\/h3>\n<p>Biscarrosse Plage abrite tous les jours un march\u00e9, de 8h \u00e0 13h.<\/p>\n<h3><strong>Le march\u00e9 de Sanguinet<\/strong><\/h3>\n<p>Le\u00a0march\u00e9 de Sanguinet se tient en bordure du lac les\u00a0mercredis et samedis, de 9h \u00e0 13h.<\/p>\n<h2><strong>Les march\u00e9s nocturnes d\u2019\u00e9t\u00e9\u00a0<\/strong><\/h2>\n<p>En \u00e9t\u00e9, les march\u00e9s de Biscarrosse sont \u00e9galement ouverts pendant la nuit, du 1er juillet au 31 ao\u00fbt. Laissez-vous tenter par l\u2019ambiance chaleureuse et nocturne des march\u00e9s !<\/p>\n<h3><strong>Le march\u00e9 de nuit de Biscarrosse Plage<\/strong><\/h3>\n<p>Un rendez-vous incontournable o\u00f9 vous profiterez d\u2019une ambiance bon enfant, tous les soirs de 20h \u00e0 minuit.<\/p>\n<h3><strong>Sur le lac, le march\u00e9 de Sainte-Eulalie-en-Born<\/strong><\/h3>\n<p>Une autre adresse \u00e0 ne pas manquer pour faire vos courses nocturnes ! Ce march\u00e9 se tient le jeudi de 18h \u00e0 22h.<\/p>\n<h3><strong>Le march\u00e9 nocturne de Parentis-en-Born<\/strong><\/h3>\n<p>Si vous aimez faire des emplettes tardives, ne ratez pas le march\u00e9 nocturne de Parentis-en-Born ! Il se tient tous les mardis, de 20h \u00e0 minuit.<\/p>\n<h2><strong>S\u00e9lection de campings \u00e0 Biscarrosse dans les Landes\u00a0<\/strong><\/h2>\n<p>Vous r\u00eavez de s\u00e9journer dans les Landes pour vos prochaines vacances ? Optez pour une location en camping pour des vacances agr\u00e9ables et r\u00e9ussies ! Choisissez votre h\u00e9bergement parmi notre s\u00e9lection de campings situ\u00e9s \u00e0 proximit\u00e9 des march\u00e9s de\u00a0<a href=\"https:\/\/www.campings.com\/fr\/content\/guides-vacances-biscarrosse\/\"><u>Biscarrosse<\/u><\/a>.<\/p>\n<h3><strong>Camping Plage Sud<\/strong><\/h3>\n<p>Ce camping trois \u00e9toiles est parfait pour des vacances tout confort dans un cadre agr\u00e9able. En fonction de votre budget, vous pourrez opter pour un mobil home ou une tente toile et bois. La plage est situ\u00e9e \u00e0 800 m seulement de l\u2019\u00e9tablissement, de quoi ravir les amateurs de baignade en mer. Le camping dispose aussi d\u2019une piscine chauff\u00e9e. Vous avez aussi la possibilit\u00e9 de rejoindre le lac \u00e0 proximit\u00e9.<\/p>\n<p><a href=\"https:\/\/www.campings.com\/fr\/camping\/camping-plage-sud-76913\">Plus d\u2019infos sur le Camping Plage Sud<\/a>.<\/p>\n<h3><strong>Camping Slow Village Biscarrosse Lac<\/strong><\/h3>\n<p>Ce camping familial est situ\u00e9 sur la Route des Lacs. Il offre un cadre parfait pour des vacances de r\u00eave en famille. De nombreuses animations sont propos\u00e9es sur place pour occuper vos journ\u00e9es. Gr\u00e2ce \u00e0 sa proximit\u00e9 avec le lac, vous pourrez vous baigner ou vous adonner \u00e0 de nombreuses activit\u00e9s nautiques. Un club enfant est \u00e9galement \u00e0 votre disposition.<\/p>\n<p><a href=\"https:\/\/www.campings.com\/fr\/camping\/slow-village-biscarosse-lac-76912\">Plus d\u2019infos sur le camping Slow Village Biscarrosse Lac<\/a>.<\/p>\n<h3><strong>Camping Navarrosse<\/strong><\/h3>\n<p>Ce camping familial offre un acc\u00e8s direct \u00e0 la plage du lac de Cazaux-Sanguinet. Un lieu idyllique qui vous garantit des vacances inoubliables dans les Landes ! Au programme : baignades, sports nautiques, voile ou farniente sur la plage de sable fin. L\u2019\u00e9tablissement met aussi \u00e0 votre disposition un Club enfant.<\/p>\n<p><a href=\"https:\/\/www.campings.com\/fr\/camping\/camping-navarrosse-76537\">Plus d\u2019infos sur le Camping Navarrosse<\/a>.<\/p>\n","protected":false},"excerpt":{"rendered":"<p>\u00c0 Biscarrosse, le march\u00e9 est une v\u00e9ritable institution. Pendant votre s\u00e9jour dans les Landes, ne manquez pas de sillonner les march\u00e9s situ\u00e9s autour de la commune. Pour ne louper aucun rendez-vous, pensez \u00e0 noter les jours de march\u00e9 sur votre agenda ! Vous aurez l\u2019occasion de rencontrer les producteurs, les artisans locaux et d\u00e9guster les [&hellip;]<\/p>\n","protected":false},"author":18,"featured_media":0,"parent":2991,"menu_order":0,"comment_status":"closed","ping_status":"closed","template":"template-twocolumns.php","meta":{"_acf_changed":false,"footnotes":""},"class_list":["post-3015","page","type-page","status-publish","hentry"],"acf":[],"yoast_head":"<!-- This site is optimized with the Yoast SEO plugin v27.1.1 - https:\/\/yoast.com\/product\/yoast-seo-wordpress\/ -->\n<title>Les principaux march\u00e9s de Biscarrosse \u00e0 visiter -<\/title>\n<meta name=\"description\" content=\"D\u00e9couvrez notre s\u00e9lection des meilleurs march\u00e9s de saison \u00e0 ne pas manquer pendant vos vacances \u00e0 Biscarrosse dans le d\u00e9partement des Landes.\" \/>\n<meta name=\"robots\" content=\"index, follow, max-snippet:-1, max-image-preview:large, max-video-preview:-1\" \/>\n<link rel=\"canonical\" href=\"https:\/\/www.campings.com\/fr\/content\/guides-vacances-biscarrosse\/les-principaux-marches-de-biscarrosse-a-visiter\/\" \/>\n<meta property=\"og:locale\" content=\"fr_FR\" \/>\n<meta property=\"og:type\" content=\"article\" \/>\n<meta property=\"og:title\" content=\"Les principaux march\u00e9s de Biscarrosse \u00e0 visiter -\" \/>\n<meta property=\"og:description\" content=\"D\u00e9couvrez notre s\u00e9lection des meilleurs march\u00e9s de saison \u00e0 ne pas manquer pendant vos vacances \u00e0 Biscarrosse dans le d\u00e9partement des Landes.\" \/>\n<meta property=\"og:url\" content=\"https:\/\/www.campings.com\/fr\/content\/guides-vacances-biscarrosse\/les-principaux-marches-de-biscarrosse-a-visiter\/\" \/>\n<meta name=\"twitter:card\" content=\"summary_large_image\" \/>\n<meta name=\"twitter:label1\" content=\"Dur\u00e9e de lecture estim\u00e9e\" \/>\n\t<meta name=\"twitter:data1\" content=\"4 minutes\" \/>\n<script type=\"application\/ld+json\" class=\"yoast-schema-graph\">{\"@context\":\"https:\/\/schema.org\",\"@graph\":[{\"@type\":\"WebPage\",\"@id\":\"https:\/\/www.campings.com\/fr\/content\/guides-vacances-biscarrosse\/les-principaux-marches-de-biscarrosse-a-visiter\/\",\"url\":\"https:\/\/www.campings.com\/fr\/content\/guides-vacances-biscarrosse\/les-principaux-marches-de-biscarrosse-a-visiter\/\",\"name\":\"Les principaux march\u00e9s de Biscarrosse \u00e0 visiter -\",\"isPartOf\":{\"@id\":\"https:\/\/www.campings.com\/fr\/content\/#website\"},\"datePublished\":\"2021-07-21T15:16:23+00:00\",\"description\":\"D\u00e9couvrez notre s\u00e9lection des meilleurs march\u00e9s de saison \u00e0 ne pas manquer pendant vos vacances \u00e0 Biscarrosse dans le d\u00e9partement des Landes.\",\"breadcrumb\":{\"@id\":\"https:\/\/www.campings.com\/fr\/content\/guides-vacances-biscarrosse\/les-principaux-marches-de-biscarrosse-a-visiter\/#breadcrumb\"},\"inLanguage\":\"fr-FR\",\"potentialAction\":[{\"@type\":\"ReadAction\",\"target\":[\"https:\/\/www.campings.com\/fr\/content\/guides-vacances-biscarrosse\/les-principaux-marches-de-biscarrosse-a-visiter\/\"]}]},{\"@type\":\"BreadcrumbList\",\"@id\":\"https:\/\/www.campings.com\/fr\/content\/guides-vacances-biscarrosse\/les-principaux-marches-de-biscarrosse-a-visiter\/#breadcrumb\",\"itemListElement\":[{\"@type\":\"ListItem\",\"position\":1,\"name\":\"Home\",\"item\":\"https:\/\/www.campings.com\/fr\/content\/\"},{\"@type\":\"ListItem\",\"position\":2,\"name\":\"Le guide de vos vacances \u00e0 Biscarrosse\",\"item\":\"https:\/\/www.campings.com\/fr\/content\/guides-vacances-biscarrosse\/\"},{\"@type\":\"ListItem\",\"position\":3,\"name\":\"Les principaux march\u00e9s de Biscarrosse \u00e0 visiter\"}]},{\"@type\":\"WebSite\",\"@id\":\"https:\/\/www.campings.com\/fr\/content\/#website\",\"url\":\"https:\/\/www.campings.com\/fr\/content\/\",\"name\":\"\",\"description\":\"\",\"publisher\":{\"@id\":\"https:\/\/www.campings.com\/fr\/content\/#organization\"},\"potentialAction\":[{\"@type\":\"SearchAction\",\"target\":{\"@type\":\"EntryPoint\",\"urlTemplate\":\"https:\/\/www.campings.com\/fr\/content\/?s={search_term_string}\"},\"query-input\":{\"@type\":\"PropertyValueSpecification\",\"valueRequired\":true,\"valueName\":\"search_term_string\"}}],\"inLanguage\":\"fr-FR\"},{\"@type\":\"Organization\",\"@id\":\"https:\/\/www.campings.com\/fr\/content\/#organization\",\"name\":\"CAMPINGS.COM\",\"url\":\"https:\/\/www.campings.com\/fr\/content\/\",\"logo\":{\"@type\":\"ImageObject\",\"inLanguage\":\"fr-FR\",\"@id\":\"https:\/\/www.campings.com\/fr\/content\/#\/schema\/logo\/image\/\",\"url\":\"https:\/\/www.campings.com\/fr\/content\/wp-content\/uploads\/2019\/01\/cropped-logo-1.png\",\"contentUrl\":\"https:\/\/www.campings.com\/fr\/content\/wp-content\/uploads\/2019\/01\/cropped-logo-1.png\",\"width\":174,\"height\":42,\"caption\":\"CAMPINGS.COM\"},\"image\":{\"@id\":\"https:\/\/www.campings.com\/fr\/content\/#\/schema\/logo\/image\/\"}}]}<\/script>\n<!-- \/ Yoast SEO plugin. -->","yoast_head_json":{"title":"Les principaux march\u00e9s de Biscarrosse \u00e0 visiter -","description":"D\u00e9couvrez notre s\u00e9lection des meilleurs march\u00e9s de saison \u00e0 ne pas manquer pendant vos vacances \u00e0 Biscarrosse dans le d\u00e9partement des Landes.","robots":{"index":"index","follow":"follow","max-snippet":"max-snippet:-1","max-image-preview":"max-image-preview:large","max-video-preview":"max-video-preview:-1"},"canonical":"https:\/\/www.campings.com\/fr\/content\/guides-vacances-biscarrosse\/les-principaux-marches-de-biscarrosse-a-visiter\/","og_locale":"fr_FR","og_type":"article","og_title":"Les principaux march\u00e9s de Biscarrosse \u00e0 visiter -","og_description":"D\u00e9couvrez notre s\u00e9lection des meilleurs march\u00e9s de saison \u00e0 ne pas manquer pendant vos vacances \u00e0 Biscarrosse dans le d\u00e9partement des Landes.","og_url":"https:\/\/www.campings.com\/fr\/content\/guides-vacances-biscarrosse\/les-principaux-marches-de-biscarrosse-a-visiter\/","twitter_card":"summary_large_image","twitter_misc":{"Dur\u00e9e de lecture estim\u00e9e":"4 minutes"},"schema":{"@context":"https:\/\/schema.org","@graph":[{"@type":"WebPage","@id":"https:\/\/www.campings.com\/fr\/content\/guides-vacances-biscarrosse\/les-principaux-marches-de-biscarrosse-a-visiter\/","url":"https:\/\/www.campings.com\/fr\/content\/guides-vacances-biscarrosse\/les-principaux-marches-de-biscarrosse-a-visiter\/","name":"Les principaux march\u00e9s de Biscarrosse \u00e0 visiter -","isPartOf":{"@id":"https:\/\/www.campings.com\/fr\/content\/#website"},"datePublished":"2021-07-21T15:16:23+00:00","description":"D\u00e9couvrez notre s\u00e9lection des meilleurs march\u00e9s de saison \u00e0 ne pas manquer pendant vos vacances \u00e0 Biscarrosse dans le d\u00e9partement des Landes.","breadcrumb":{"@id":"https:\/\/www.campings.com\/fr\/content\/guides-vacances-biscarrosse\/les-principaux-marches-de-biscarrosse-a-visiter\/#breadcrumb"},"inLanguage":"fr-FR","potentialAction":[{"@type":"ReadAction","target":["https:\/\/www.campings.com\/fr\/content\/guides-vacances-biscarrosse\/les-principaux-marches-de-biscarrosse-a-visiter\/"]}]},{"@type":"BreadcrumbList","@id":"https:\/\/www.campings.com\/fr\/content\/guides-vacances-biscarrosse\/les-principaux-marches-de-biscarrosse-a-visiter\/#breadcrumb","itemListElement":[{"@type":"ListItem","position":1,"name":"Home","item":"https:\/\/www.campings.com\/fr\/content\/"},{"@type":"ListItem","position":2,"name":"Le guide de vos vacances \u00e0 Biscarrosse","item":"https:\/\/www.campings.com\/fr\/content\/guides-vacances-biscarrosse\/"},{"@type":"ListItem","position":3,"name":"Les principaux march\u00e9s de Biscarrosse \u00e0 visiter"}]},{"@type":"WebSite","@id":"https:\/\/www.campings.com\/fr\/content\/#website","url":"https:\/\/www.campings.com\/fr\/content\/","name":"","description":"","publisher":{"@id":"https:\/\/www.campings.com\/fr\/content\/#organization"},"potentialAction":[{"@type":"SearchAction","target":{"@type":"EntryPoint","urlTemplate":"https:\/\/www.campings.com\/fr\/content\/?s={search_term_string}"},"query-input":{"@type":"PropertyValueSpecification","valueRequired":true,"valueName":"search_term_string"}}],"inLanguage":"fr-FR"},{"@type":"Organization","@id":"https:\/\/www.campings.com\/fr\/content\/#organization","name":"CAMPINGS.COM","url":"https:\/\/www.campings.com\/fr\/content\/","logo":{"@type":"ImageObject","inLanguage":"fr-FR","@id":"https:\/\/www.campings.com\/fr\/content\/#\/schema\/logo\/image\/","url":"https:\/\/www.campings.com\/fr\/content\/wp-content\/uploads\/2019\/01\/cropped-logo-1.png","contentUrl":"https:\/\/www.campings.com\/fr\/content\/wp-content\/uploads\/2019\/01\/cropped-logo-1.png","width":174,"height":42,"caption":"CAMPINGS.COM"},"image":{"@id":"https:\/\/www.campings.com\/fr\/content\/#\/schema\/logo\/image\/"}}]}},"_links":{"self":[{"href":"https:\/\/www.campings.com\/fr\/content\/wp-json\/wp\/v2\/pages\/3015","targetHints":{"allow":["GET"]}}],"collection":[{"href":"https:\/\/www.campings.com\/fr\/content\/wp-json\/wp\/v2\/pages"}],"about":[{"href":"https:\/\/www.campings.com\/fr\/content\/wp-json\/wp\/v2\/types\/page"}],"author":[{"embeddable":true,"href":"https:\/\/www.campings.com\/fr\/content\/wp-json\/wp\/v2\/users\/18"}],"replies":[{"embeddable":true,"href":"https:\/\/www.campings.com\/fr\/content\/wp-json\/wp\/v2\/comments?post=3015"}],"version-history":[{"count":1,"href":"https:\/\/www.campings.com\/fr\/content\/wp-json\/wp\/v2\/pages\/3015\/revisions"}],"predecessor-version":[{"id":3018,"href":"https:\/\/www.campings.com\/fr\/content\/wp-json\/wp\/v2\/pages\/3015\/revisions\/3018"}],"up":[{"embeddable":true,"href":"https:\/\/www.campings.com\/fr\/content\/wp-json\/wp\/v2\/pages\/2991"}],"wp:attachment":[{"href":"https:\/\/www.campings.com\/fr\/content\/wp-json\/wp\/v2\/media?parent=3015"}],"curies":[{"name":"wp","href":"https:\/\/api.w.org\/{rel}","templated":true}]}}