{"id":3011,"date":"2021-07-21T15:10:01","date_gmt":"2021-07-21T15:10:01","guid":{"rendered":"https:\/\/www.campings.com\/fr\/content\/?page_id=3011"},"modified":"2021-07-21T15:10:01","modified_gmt":"2021-07-21T15:10:01","slug":"lacs-biscarrosse","status":"publish","type":"page","link":"https:\/\/www.campings.com\/fr\/content\/guides-vacances-biscarrosse\/lacs-biscarrosse\/","title":{"rendered":"Les lacs de Biscarrosse"},"content":{"rendered":"<p>Pendant votre s\u00e9jour \u00e0 Biscarrosse, les lacs sont incontournables ! La ville compte 3 grands lacs qui figurent parmi les plus grandes \u00e9tendues d\u2019eau douce de France. Des sites qui se pr\u00eatent parfaitement au farniente, \u00e0 la baignade ou \u00e0 la pratique d\u2019activit\u00e9s nautiques.<\/p>\n<p>Situ\u00e9e sur la fa\u00e7ade Sud-Atlantique,\u00a0<a href=\"https:\/\/www.campings.com\/fr\/content\/guides-vacances-biscarrosse\/\"><u>Biscarrosse<\/u>\u00a0<\/a>b\u00e9n\u00e9ficie d\u2019un climat temp\u00e9r\u00e9 chaud et oc\u00e9anique tr\u00e8s agr\u00e9able tout au long de l\u2019ann\u00e9e. Cette commune des Landes abrite 3 grands lacs. Le lac de Cazaux-Sanguinet, le lac de Biscarrosse-Parentis et le Petit Lac qui ravira les amateurs de sports nautiques. Ces plans d\u2019eau attirent aussi les visiteurs en qu\u00eate de calme et de s\u00e9r\u00e9nit\u00e9. De ce fait, ils constituent un cadre parfait pour des vacances en famille. Entre plages, zones de baignade, pistes cyclables et for\u00eats, le d\u00e9paysement est garanti !<\/p>\n<h2><strong>Les plages des lacs de Biscarrosse<\/strong><\/h2>\n<p>\u00c0\u00a0<a href=\"https:\/\/www.campings.com\/fr\/content\/guides-vacances-biscarrosse\/\"><u>Biscarrosse<\/u><\/a>, vous pourrez profiter de nombreuses plages am\u00e9nag\u00e9es autour des lacs. Voici une s\u00e9lection des meilleurs spots.<\/p>\n<h3><strong>La plage Maguide, sur le lac Cazaux-Sanguinet<\/strong><\/h3>\n<p>Avec ses eaux limpides couleur turquoise, cette plage ravira les amateurs de baignade. Les accros aux sensations fortes pourront pratiquer de nombreuses activit\u00e9s nautiques sur place.<\/p>\n<h3><strong>La plage de Navarrosse, pour une baignade familiale <\/strong><\/h3>\n<p>La faible profondeur de l\u2019eau fait de cette plage un endroit parfait pour se baigner en famille, \u00e0 l\u2019ombre des pins.<\/p>\n<h3><strong>La plage Ispe<\/strong><\/h3>\n<p>Cet endroit se caract\u00e9rise par plusieurs plages longeant la Pin\u00e8de, parfaites pour pique-niquer ou se reposer \u00e0 l\u2019ombre des pins.<\/p>\n<p><img loading=\"lazy\" decoding=\"async\" class=\"alignnone size-full wp-image-3013\" src=\"https:\/\/www.campings.com\/fr\/content\/wp-content\/uploads\/2021\/07\/Lac-2.jpg\" alt=\"\" width=\"1000\" height=\"665\" \/><\/p>\n<h3><strong>La plage Mayotte<\/strong><\/h3>\n<p>Au bord du lac de Biscarrosse, la plage Mayotte est entour\u00e9e de verdure. Elle offre un cadre magnifique pour se baigner et se pr\u00e9lasser \u00e0 l\u2019ombre des pins en \u00e9t\u00e9.<\/p>\n<h3><strong>La plage de Sainte-Eulalie-en-Born<\/strong><\/h3>\n<p>Sur les rives sud du lac de Parentis, cette plage peu fr\u00e9quent\u00e9e, nich\u00e9e dans un \u00e9crin de verdure invite \u00e0 la d\u00e9tente et au repos.<\/p>\n<h3><strong>La plage Mout\u00e9ou Pipiou<\/strong><\/h3>\n<p>\u00c0 Parentis-en-Born, cette plage de sable fin blanc, calme et reposante est un spot parfait pour petits et grands.<\/p>\n<h2><strong>Les activit\u00e9s nautiques \u00e0 faire sur les lacs de Biscarrosse<\/strong><\/h2>\n<p>En panne d\u2019id\u00e9es pour occuper vos journ\u00e9es pendant votre s\u00e9jour \u00e0 Biscarrosse ? Voici quelques activit\u00e9s qui devraient vous inspirer.<\/p>\n<p><img loading=\"lazy\" decoding=\"async\" class=\"alignnone size-full wp-image-3012\" src=\"https:\/\/www.campings.com\/fr\/content\/wp-content\/uploads\/2021\/07\/lac-3.jpg\" alt=\"\" width=\"1000\" height=\"665\" \/><\/p>\n<h3><strong>Faire du cano\u00eb<\/strong><\/h3>\n<p>Louez un cano\u00eb pour naviguer en famille sur le lac de Biscarrosse ! Vous pourrez ainsi contempler la faune et la flore sauvage depuis votre embarcation.<\/p>\n<h3><strong>Faire de la voile sur l&rsquo;Etang de Cazaux<\/strong><\/h3>\n<p>Initiez-vous \u00e0 la planche \u00e0 voile pendant votre s\u00e9jour! L&rsquo;\u00e9tang de Cazaux est le cadre id\u00e9al pour s\u2019inscrire \u00e0 un stage de voile pour une premi\u00e8re exp\u00e9rience.<\/p>\n<h3><strong>Faire du ski nautique<\/strong><\/h3>\n<p>Que vous soyez apprenti skieur ou exp\u00e9riment\u00e9, les lacs de Biscarosse se pr\u00eatent parfaitement au ski nautique en toute s\u00e9curit\u00e9 !<\/p>\n<h3><strong>Location de bateau ou de barque sur l\u2019\u00e9tang de Biscarrosse et de Parentis<\/strong><\/h3>\n<p>Profitez d\u2019une visite guid\u00e9e avec un batelier pour admirer les tr\u00e9sors naturels de Biscarrosse. Vous d\u00e9couvrirez les splendeurs de la faune et de la flore du lac sud au lac nord, jusqu\u2019au petit lac.<\/p>\n<h2><strong>Faire de la p\u00eache sur le \u00ab Petit lac \u00bb de Biscarrosse<\/strong><\/h2>\n<p>\u00c0 Biscarrosse, la p\u00eache est une activit\u00e9 incontournable, propice \u00e0 la d\u00e9tente et au repos. Vous pourrez p\u00eacher diff\u00e9rentes esp\u00e8ces de poissons dans les trois lacs de la r\u00e9gion\u2026 Le Petit lac est l\u2019endroit pr\u00e9f\u00e9r\u00e9 des connaisseurs de p\u00eache. Ce plan d\u2019eau de 100 hectares n\u2019est accessible qu\u2019en longeant le canal Transaquitain.<\/p>\n<h2><strong>S\u00e9lection de campings \u00e0 proximit\u00e9 des Lacs des Landes<\/strong><\/h2>\n<p>Pendant votre s\u00e9jour dans les Landes, ne manquez pas de visiter les plus belles plages de\u00a0<a href=\"https:\/\/www.campings.com\/fr\/content\/guides-vacances-biscarrosse\/\"><u>Biscarrosse<\/u>\u00a0<\/a>! Voici la liste des campings situ\u00e9s \u00e0 proximit\u00e9 des Lacs.<\/p>\n<h3><strong>Camping Mayotte Vacances<\/strong><\/h3>\n<p>Louez un mobil home dans ce camping \u00e0 proximit\u00e9 de la plage de Mayotte ! Vous pourrez profiter de la piscine chauff\u00e9e en toutes saisons. Ce camping offre un large choix de distractions pour petits et grands. Un club enfants est \u00e9galement \u00e0 votre disposition.<\/p>\n<p><a href=\"https:\/\/www.campings.com\/fr\/camping\/camping-mayotte-vacances-76910\">Plus d\u2019infos sur le Camping Mayotte Vacances<\/a>.<\/p>\n<h3><strong>Camping Le Vivier<\/strong><\/h3>\n<p>Situ\u00e9 en bord de mer, ce camping familial offre un cadre parfait pour des vacances en famille. Au programme : farniente sur la plage, animations pour petits et grands, jeux aquatiques\u2026<\/p>\n<p><a href=\"https:\/\/www.campings.com\/fr\/camping\/camping-le-vivier-76909\">Plus d\u2019infos sur le Camping Le Vivier<\/a>.<\/p>\n<h3><strong>Camping Plage Sud<\/strong><strong>\u00a0<\/strong><\/h3>\n<p>Ce camping trois \u00e9toiles est situ\u00e9 \u00e0 proximit\u00e9 du lac sud et offre un acc\u00e8s direct \u00e0 la plage. Un emplacement g\u00e9ographique qui permet aux r\u00e9sidents d\u2019acc\u00e9der aussi bien aux lacs qu\u2019au littoral atlantique.\u00a0<a href=\"https:\/\/www.campings.com\/fr\/camping\/camping-plage-sud-76913\">Plus d\u2019infos sur le Camping Plage Sud<\/a>.<\/p>\n","protected":false},"excerpt":{"rendered":"<p>Pendant votre s\u00e9jour \u00e0 Biscarrosse, les lacs sont incontournables ! La ville compte 3 grands lacs qui figurent parmi les plus grandes \u00e9tendues d\u2019eau douce de France. Des sites qui se pr\u00eatent parfaitement au farniente, \u00e0 la baignade ou \u00e0 la pratique d\u2019activit\u00e9s nautiques. Situ\u00e9e sur la fa\u00e7ade Sud-Atlantique,\u00a0Biscarrosse\u00a0b\u00e9n\u00e9ficie d\u2019un climat temp\u00e9r\u00e9 chaud et oc\u00e9anique [&hellip;]<\/p>\n","protected":false},"author":18,"featured_media":0,"parent":2991,"menu_order":0,"comment_status":"closed","ping_status":"closed","template":"template-twocolumns.php","meta":{"_acf_changed":false,"footnotes":""},"class_list":["post-3011","page","type-page","status-publish","hentry"],"acf":[],"yoast_head":"<!-- This site is optimized with the Yoast SEO plugin v27.1.1 - https:\/\/yoast.com\/product\/yoast-seo-wordpress\/ -->\n<title>Les lacs de Biscarrosse -<\/title>\n<meta name=\"description\" content=\"Ne manquez pas de visiter les lacs de Biscarrosse dans les Landes, vous y d\u00e9couvrirez de nombreuses activit\u00e9s \u00e0 faire, que ce soit en famille ou entre amis.\" \/>\n<meta name=\"robots\" content=\"index, follow, max-snippet:-1, max-image-preview:large, max-video-preview:-1\" \/>\n<link rel=\"canonical\" href=\"https:\/\/www.campings.com\/fr\/content\/guides-vacances-biscarrosse\/lacs-biscarrosse\/\" \/>\n<meta property=\"og:locale\" content=\"fr_FR\" \/>\n<meta property=\"og:type\" content=\"article\" \/>\n<meta property=\"og:title\" content=\"Les lacs de Biscarrosse -\" \/>\n<meta property=\"og:description\" content=\"Ne manquez pas de visiter les lacs de Biscarrosse dans les Landes, vous y d\u00e9couvrirez de nombreuses activit\u00e9s \u00e0 faire, que ce soit en famille ou entre amis.\" \/>\n<meta property=\"og:url\" content=\"https:\/\/www.campings.com\/fr\/content\/guides-vacances-biscarrosse\/lacs-biscarrosse\/\" \/>\n<meta property=\"og:image\" content=\"https:\/\/www.campings.com\/fr\/content\/wp-content\/uploads\/2021\/07\/Lac-2.jpg\" \/>\n\t<meta property=\"og:image:width\" content=\"1000\" \/>\n\t<meta property=\"og:image:height\" content=\"665\" \/>\n\t<meta property=\"og:image:type\" content=\"image\/jpeg\" \/>\n<meta name=\"twitter:card\" content=\"summary_large_image\" \/>\n<meta name=\"twitter:label1\" content=\"Dur\u00e9e de lecture estim\u00e9e\" \/>\n\t<meta name=\"twitter:data1\" content=\"4 minutes\" \/>\n<script type=\"application\/ld+json\" class=\"yoast-schema-graph\">{\"@context\":\"https:\/\/schema.org\",\"@graph\":[{\"@type\":\"WebPage\",\"@id\":\"https:\/\/www.campings.com\/fr\/content\/guides-vacances-biscarrosse\/lacs-biscarrosse\/\",\"url\":\"https:\/\/www.campings.com\/fr\/content\/guides-vacances-biscarrosse\/lacs-biscarrosse\/\",\"name\":\"Les lacs de Biscarrosse -\",\"isPartOf\":{\"@id\":\"https:\/\/www.campings.com\/fr\/content\/#website\"},\"primaryImageOfPage\":{\"@id\":\"https:\/\/www.campings.com\/fr\/content\/guides-vacances-biscarrosse\/lacs-biscarrosse\/#primaryimage\"},\"image\":{\"@id\":\"https:\/\/www.campings.com\/fr\/content\/guides-vacances-biscarrosse\/lacs-biscarrosse\/#primaryimage\"},\"thumbnailUrl\":\"https:\/\/www.campings.com\/fr\/content\/wp-content\/uploads\/2021\/07\/Lac-2.jpg\",\"datePublished\":\"2021-07-21T15:10:01+00:00\",\"description\":\"Ne manquez pas de visiter les lacs de Biscarrosse dans les Landes, vous y d\u00e9couvrirez de nombreuses activit\u00e9s \u00e0 faire, que ce soit en famille ou entre amis.\",\"breadcrumb\":{\"@id\":\"https:\/\/www.campings.com\/fr\/content\/guides-vacances-biscarrosse\/lacs-biscarrosse\/#breadcrumb\"},\"inLanguage\":\"fr-FR\",\"potentialAction\":[{\"@type\":\"ReadAction\",\"target\":[\"https:\/\/www.campings.com\/fr\/content\/guides-vacances-biscarrosse\/lacs-biscarrosse\/\"]}]},{\"@type\":\"ImageObject\",\"inLanguage\":\"fr-FR\",\"@id\":\"https:\/\/www.campings.com\/fr\/content\/guides-vacances-biscarrosse\/lacs-biscarrosse\/#primaryimage\",\"url\":\"https:\/\/www.campings.com\/fr\/content\/wp-content\/uploads\/2021\/07\/Lac-2.jpg\",\"contentUrl\":\"https:\/\/www.campings.com\/fr\/content\/wp-content\/uploads\/2021\/07\/Lac-2.jpg\",\"width\":1000,\"height\":665},{\"@type\":\"BreadcrumbList\",\"@id\":\"https:\/\/www.campings.com\/fr\/content\/guides-vacances-biscarrosse\/lacs-biscarrosse\/#breadcrumb\",\"itemListElement\":[{\"@type\":\"ListItem\",\"position\":1,\"name\":\"Home\",\"item\":\"https:\/\/www.campings.com\/fr\/content\/\"},{\"@type\":\"ListItem\",\"position\":2,\"name\":\"Le guide de vos vacances \u00e0 Biscarrosse\",\"item\":\"https:\/\/www.campings.com\/fr\/content\/guides-vacances-biscarrosse\/\"},{\"@type\":\"ListItem\",\"position\":3,\"name\":\"Les lacs de Biscarrosse\"}]},{\"@type\":\"WebSite\",\"@id\":\"https:\/\/www.campings.com\/fr\/content\/#website\",\"url\":\"https:\/\/www.campings.com\/fr\/content\/\",\"name\":\"\",\"description\":\"\",\"publisher\":{\"@id\":\"https:\/\/www.campings.com\/fr\/content\/#organization\"},\"potentialAction\":[{\"@type\":\"SearchAction\",\"target\":{\"@type\":\"EntryPoint\",\"urlTemplate\":\"https:\/\/www.campings.com\/fr\/content\/?s={search_term_string}\"},\"query-input\":{\"@type\":\"PropertyValueSpecification\",\"valueRequired\":true,\"valueName\":\"search_term_string\"}}],\"inLanguage\":\"fr-FR\"},{\"@type\":\"Organization\",\"@id\":\"https:\/\/www.campings.com\/fr\/content\/#organization\",\"name\":\"CAMPINGS.COM\",\"url\":\"https:\/\/www.campings.com\/fr\/content\/\",\"logo\":{\"@type\":\"ImageObject\",\"inLanguage\":\"fr-FR\",\"@id\":\"https:\/\/www.campings.com\/fr\/content\/#\/schema\/logo\/image\/\",\"url\":\"https:\/\/www.campings.com\/fr\/content\/wp-content\/uploads\/2019\/01\/cropped-logo-1.png\",\"contentUrl\":\"https:\/\/www.campings.com\/fr\/content\/wp-content\/uploads\/2019\/01\/cropped-logo-1.png\",\"width\":174,\"height\":42,\"caption\":\"CAMPINGS.COM\"},\"image\":{\"@id\":\"https:\/\/www.campings.com\/fr\/content\/#\/schema\/logo\/image\/\"}}]}<\/script>\n<!-- \/ Yoast SEO plugin. -->","yoast_head_json":{"title":"Les lacs de Biscarrosse -","description":"Ne manquez pas de visiter les lacs de Biscarrosse dans les Landes, vous y d\u00e9couvrirez de nombreuses activit\u00e9s \u00e0 faire, que ce soit en famille ou entre amis.","robots":{"index":"index","follow":"follow","max-snippet":"max-snippet:-1","max-image-preview":"max-image-preview:large","max-video-preview":"max-video-preview:-1"},"canonical":"https:\/\/www.campings.com\/fr\/content\/guides-vacances-biscarrosse\/lacs-biscarrosse\/","og_locale":"fr_FR","og_type":"article","og_title":"Les lacs de Biscarrosse -","og_description":"Ne manquez pas de visiter les lacs de Biscarrosse dans les Landes, vous y d\u00e9couvrirez de nombreuses activit\u00e9s \u00e0 faire, que ce soit en famille ou entre amis.","og_url":"https:\/\/www.campings.com\/fr\/content\/guides-vacances-biscarrosse\/lacs-biscarrosse\/","og_image":[{"width":1000,"height":665,"url":"https:\/\/www.campings.com\/fr\/content\/wp-content\/uploads\/2021\/07\/Lac-2.jpg","type":"image\/jpeg"}],"twitter_card":"summary_large_image","twitter_misc":{"Dur\u00e9e de lecture estim\u00e9e":"4 minutes"},"schema":{"@context":"https:\/\/schema.org","@graph":[{"@type":"WebPage","@id":"https:\/\/www.campings.com\/fr\/content\/guides-vacances-biscarrosse\/lacs-biscarrosse\/","url":"https:\/\/www.campings.com\/fr\/content\/guides-vacances-biscarrosse\/lacs-biscarrosse\/","name":"Les lacs de Biscarrosse -","isPartOf":{"@id":"https:\/\/www.campings.com\/fr\/content\/#website"},"primaryImageOfPage":{"@id":"https:\/\/www.campings.com\/fr\/content\/guides-vacances-biscarrosse\/lacs-biscarrosse\/#primaryimage"},"image":{"@id":"https:\/\/www.campings.com\/fr\/content\/guides-vacances-biscarrosse\/lacs-biscarrosse\/#primaryimage"},"thumbnailUrl":"https:\/\/www.campings.com\/fr\/content\/wp-content\/uploads\/2021\/07\/Lac-2.jpg","datePublished":"2021-07-21T15:10:01+00:00","description":"Ne manquez pas de visiter les lacs de Biscarrosse dans les Landes, vous y d\u00e9couvrirez de nombreuses activit\u00e9s \u00e0 faire, que ce soit en famille ou entre amis.","breadcrumb":{"@id":"https:\/\/www.campings.com\/fr\/content\/guides-vacances-biscarrosse\/lacs-biscarrosse\/#breadcrumb"},"inLanguage":"fr-FR","potentialAction":[{"@type":"ReadAction","target":["https:\/\/www.campings.com\/fr\/content\/guides-vacances-biscarrosse\/lacs-biscarrosse\/"]}]},{"@type":"ImageObject","inLanguage":"fr-FR","@id":"https:\/\/www.campings.com\/fr\/content\/guides-vacances-biscarrosse\/lacs-biscarrosse\/#primaryimage","url":"https:\/\/www.campings.com\/fr\/content\/wp-content\/uploads\/2021\/07\/Lac-2.jpg","contentUrl":"https:\/\/www.campings.com\/fr\/content\/wp-content\/uploads\/2021\/07\/Lac-2.jpg","width":1000,"height":665},{"@type":"BreadcrumbList","@id":"https:\/\/www.campings.com\/fr\/content\/guides-vacances-biscarrosse\/lacs-biscarrosse\/#breadcrumb","itemListElement":[{"@type":"ListItem","position":1,"name":"Home","item":"https:\/\/www.campings.com\/fr\/content\/"},{"@type":"ListItem","position":2,"name":"Le guide de vos vacances \u00e0 Biscarrosse","item":"https:\/\/www.campings.com\/fr\/content\/guides-vacances-biscarrosse\/"},{"@type":"ListItem","position":3,"name":"Les lacs de Biscarrosse"}]},{"@type":"WebSite","@id":"https:\/\/www.campings.com\/fr\/content\/#website","url":"https:\/\/www.campings.com\/fr\/content\/","name":"","description":"","publisher":{"@id":"https:\/\/www.campings.com\/fr\/content\/#organization"},"potentialAction":[{"@type":"SearchAction","target":{"@type":"EntryPoint","urlTemplate":"https:\/\/www.campings.com\/fr\/content\/?s={search_term_string}"},"query-input":{"@type":"PropertyValueSpecification","valueRequired":true,"valueName":"search_term_string"}}],"inLanguage":"fr-FR"},{"@type":"Organization","@id":"https:\/\/www.campings.com\/fr\/content\/#organization","name":"CAMPINGS.COM","url":"https:\/\/www.campings.com\/fr\/content\/","logo":{"@type":"ImageObject","inLanguage":"fr-FR","@id":"https:\/\/www.campings.com\/fr\/content\/#\/schema\/logo\/image\/","url":"https:\/\/www.campings.com\/fr\/content\/wp-content\/uploads\/2019\/01\/cropped-logo-1.png","contentUrl":"https:\/\/www.campings.com\/fr\/content\/wp-content\/uploads\/2019\/01\/cropped-logo-1.png","width":174,"height":42,"caption":"CAMPINGS.COM"},"image":{"@id":"https:\/\/www.campings.com\/fr\/content\/#\/schema\/logo\/image\/"}}]}},"_links":{"self":[{"href":"https:\/\/www.campings.com\/fr\/content\/wp-json\/wp\/v2\/pages\/3011","targetHints":{"allow":["GET"]}}],"collection":[{"href":"https:\/\/www.campings.com\/fr\/content\/wp-json\/wp\/v2\/pages"}],"about":[{"href":"https:\/\/www.campings.com\/fr\/content\/wp-json\/wp\/v2\/types\/page"}],"author":[{"embeddable":true,"href":"https:\/\/www.campings.com\/fr\/content\/wp-json\/wp\/v2\/users\/18"}],"replies":[{"embeddable":true,"href":"https:\/\/www.campings.com\/fr\/content\/wp-json\/wp\/v2\/comments?post=3011"}],"version-history":[{"count":1,"href":"https:\/\/www.campings.com\/fr\/content\/wp-json\/wp\/v2\/pages\/3011\/revisions"}],"predecessor-version":[{"id":3014,"href":"https:\/\/www.campings.com\/fr\/content\/wp-json\/wp\/v2\/pages\/3011\/revisions\/3014"}],"up":[{"embeddable":true,"href":"https:\/\/www.campings.com\/fr\/content\/wp-json\/wp\/v2\/pages\/2991"}],"wp:attachment":[{"href":"https:\/\/www.campings.com\/fr\/content\/wp-json\/wp\/v2\/media?parent=3011"}],"curies":[{"name":"wp","href":"https:\/\/api.w.org\/{rel}","templated":true}]}}