{"id":3006,"date":"2021-07-21T14:39:33","date_gmt":"2021-07-21T14:39:33","guid":{"rendered":"https:\/\/www.campings.com\/fr\/content\/?page_id=3006"},"modified":"2021-07-21T14:39:33","modified_gmt":"2021-07-21T14:39:33","slug":"activites-biscarrosse","status":"publish","type":"page","link":"https:\/\/www.campings.com\/fr\/content\/guides-vacances-biscarrosse\/activites-biscarrosse\/","title":{"rendered":"Les meilleures activit\u00e9s \u00e0 faire \u00e0 Biscarrosse"},"content":{"rendered":"<p>\u00c0 la recherche d\u2019id\u00e9es d\u2019activit\u00e9s familiales lors de votre s\u00e9jour \u00e0 Biscarosse dans les Landes\u00a0? La ville abrite un riche patrimoine culturel et regorge de sites naturels pr\u00e9serv\u00e9s \u00e0 visiter\u2026 Biscarosse est aussi r\u00e9put\u00e9e pour ses lacs et ses plages, propices \u00e0 la baignade et aux activit\u00e9s nautiques.<\/p>\n<p>Situ\u00e9e dans les Landes, dans la r\u00e9gion Nouvelle-Aquitaine, <a href=\"https:\/\/www.campings.com\/fr\/content\/guides-vacances-biscarrosse\/\"><u>Biscarrosse<\/u> <\/a>est une station baln\u00e9aire r\u00e9put\u00e9e pour la qualit\u00e9 de ses plages. Sa proximit\u00e9 avec le Bassin d\u2019Arcachon, ses spots de surf, ses 3 grands lacs, son littoral c\u00f4tier, ses for\u00eats\u2026 autant d\u2019atouts qui font de Biscarosse un endroit tr\u00e8s appr\u00e9ci\u00e9, en toutes saisons. Et pour profiter pleinement de Biscarrosse, voici notre s\u00e9lection des bons plans shopping, loisirs et culture\u2026<\/p>\n<h2><strong>Que faire \u00e0 Biscarrosse en famille ? <\/strong><\/h2>\n<p>Envie de ramener des souvenirs de votre s\u00e9jour \u00e0 Biscarrosse \u00e0 vos proches\u00a0?\u00a0 Voici quelques adresses o\u00f9 faire vos achats\u00a0!<\/p>\n<h3><strong>La plan\u00e8te Plage <\/strong><\/h3>\n<p>Cette boutique sp\u00e9cialis\u00e9e dans les objets de d\u00e9coration &amp; cadeaux est situ\u00e9e sur l\u2019Avenue de la Plage.\u00a0Une adresse parfaite pour d\u00e9nicher de jolies trouvailles \u00e0 ramener \u00e0 vos proches comme des bijoux, accessoires ou vaisselle.<\/p>\n<h3><strong>Faire du shopping \u00e0 Biscarrosse <\/strong><\/h3>\n<p>Si vous \u00eates passionn\u00e9 d\u2019art et de d\u00e9coration, vous serez aussi surpris par le savoir-faire des artisans de la ville de Biscarrosse\u00a0!<\/p>\n<p><img loading=\"lazy\" decoding=\"async\" class=\"alignnone size-full wp-image-3008\" src=\"https:\/\/www.campings.com\/fr\/content\/wp-content\/uploads\/2021\/07\/Activit\u00e9s-1-2.jpg\" alt=\"\" width=\"1000\" height=\"665\" \/><\/p>\n<h3><strong>La Poterie du Rond-Point<\/strong><\/h3>\n<p>Cette adresse est incontournable pour d\u00e9nicher des cadeaux originaux de souvenirs. Vous y trouverez des objets uniques ainsi que des poteries enti\u00e8rement confectionn\u00e9es et peintes \u00e0 la main.<\/p>\n<h2><strong>Les activit\u00e9s culturelles <\/strong><\/h2>\n<p>Voici quelques lieux et sites culturels \u00e0 visiter absolument pendant votre s\u00e9jour.<\/p>\n<h3><strong>Visiter l&rsquo;\u00c9glise Sainte-Bernadette <\/strong><\/h3>\n<p>En 1921, cette \u00e9glise n\u2019\u00e9tait qu\u2019une petite chapelle en bois. Au fil du temps, cet \u00e9difice s\u2019est agrandi et s\u2019est construit \u00ab\u00a0en dur\u00a0\u00bb. La premi\u00e8re pierre de l\u2019Eglise, en provenance de Lourdes, fut pos\u00e9e en 1957.<\/p>\n<h3><strong>Visiter l&rsquo;\u00c9glise Saint-Martin<\/strong><\/h3>\n<p>Cette \u00e9glise datant du 15<sup>\u00e8me<\/sup> si\u00e8cle se d\u00e9marque par sa d\u00e9coration int\u00e9rieure et le choix des mat\u00e9riaux utilis\u00e9s pour sa conception. Vous d\u00e9couvrirez son Christ, ses cl\u00e9s de vo\u00fbte, ses vitraux, son autel\u2026<\/p>\n<h3><strong>Le Mus\u00e9e des traditions<\/strong><\/h3>\n<p>Un petit d\u00e9tour par ce mus\u00e9e vous apprendra plus sur la formation des lacs et le mode de vie des biscarrossais. De plus, les enfants pourront d\u00e9couvrir la ferme accol\u00e9e au site qui abrite des poneys, des moutons et d\u2019autres animaux\u2026<\/p>\n<h2><strong>Les activit\u00e9s aquatiques et nautiques les plus insolites<\/strong><\/h2>\n<p>Avec ses grands lacs,<a href=\"https:\/\/www.campings.com\/fr\/content\/guides-vacances-biscarrosse\/\"><u> Biscarrosse<\/u> <\/a>est un lieu propice aux activit\u00e9s nautiques.<\/p>\n<h3><strong>La bou\u00e9e tract\u00e9e<\/strong><\/h3>\n<p>Si vous aimez les sensations fortes, louez une bou\u00e9e tract\u00e9e pour vous amuser et vous faire \u00e9jecter dans l\u2019eau. Ambiance conviviale garantie\u00a0!<\/p>\n<h3><strong>L\u2019Aqua Park<\/strong><\/h3>\n<p>Situ\u00e9 au Port Maguide sur le lac de Biscarrosse, l\u2019Aqua Park est le rendez-vous incontournable des enfants et ados\u00a0! Sur place, vous profiterez d\u2019une myriade de structures aquatiques gonflables pour faire le plein de fun\u00a0!<\/p>\n<h3><strong>Un vol en hydravion au-dessus du lac de Biscarrosse\u00a0<\/strong><\/h3>\n<p>Biscarrosse est le berceau de l\u2019hydraviation. Louez un \u00a0hydravion pour une exp\u00e9rience en haut vol au-dessus du lac\u00a0!<\/p>\n<h3><strong>Louer un bateau sur le lac de Biscarrosse\u00a0<\/strong><\/h3>\n<p>Le temps d\u2019une journ\u00e9e ou d\u2019un apr\u00e8s-midi, louez un bateau pour partir \u00e0 la d\u00e9couverte du lac de Biscarrosse et de ses plages secr\u00e8tes.<\/p>\n<h2><strong>Plus d\u2019activit\u00e9s familiales touristiques \u00e0 faire \u00e0 Biscarrosse <\/strong><\/h2>\n<p>Envie de passer du bon temps en famille? Voici quelques activit\u00e9s \u00e0 pratiquer \u00e0 Biscarrosse.<\/p>\n<h3><strong>Le Bisc\u2019Aventure<\/strong><\/h3>\n<p>Au programme\u00a0: parcours d&rsquo;accrobranche, laser game, archery game et bien d\u2019autres activit\u00e9s 100 % adr\u00e9naline.<\/p>\n<h3><strong>L\u2019Escalad\u2019Park<\/strong><\/h3>\n<p>Ce parc propose des parcours et des activit\u00e9s ludiques pour toutes les envies et tous les \u00e2ges.<\/p>\n<h3><strong>Le Kart Center Biscarrosse<\/strong><\/h3>\n<p>Session de karting et piste de 500 m d\u00e9di\u00e9e aux jeunes pilotes.<\/p>\n<h3><strong>Le centre \u00e9questre Biscarrosse Laouadie<\/strong><\/h3>\n<p>Cours d\u2019\u00e9quitation et balade \u00e0 poney dans la for\u00eat pour les enfants.<\/p>\n<p><img loading=\"lazy\" decoding=\"async\" class=\"alignnone size-full wp-image-3009\" src=\"https:\/\/www.campings.com\/fr\/content\/wp-content\/uploads\/2021\/07\/Activit\u00e9s-1.jpg\" alt=\"\" width=\"1000\" height=\"665\" \/><\/p>\n<h2><strong>S\u00e9lection de campings<\/strong><\/h2>\n<p>De passage dans la ville de <a href=\"https:\/\/www.campings.com\/fr\/content\/guides-vacances-biscarrosse\/\"><u>Biscarrosse\u00a0<\/u><\/a>? Voici notre s\u00e9lection des campings \u00e0 proximit\u00e9 des commerces pour faire du shopping.<\/p>\n<h3><strong>Camping En Chon Les Pins<\/strong><\/h3>\n<p>Pendant vos vacances dans les Landes, logez dans ce camping familial situ\u00e9 en bordure du lac de Biscarrosse. Cet \u00e9tablissement trois \u00e9toiles dispose de mobil homes tout confort pour un s\u00e9jour agr\u00e9able. Il propose \u00e9galement des divertissements pour petits et grands, ainsi qu\u2019une superbe piscine chauff\u00e9e.<\/p>\n<p><a href=\"https:\/\/www.campings.com\/fr\/camping\/camping-en-chon-les-pins-76911\">Plus d\u2019infos sur le Camping En Chon Les Pins<\/a>.<\/p>\n<h3><strong>Camping Navarrosse<\/strong><\/h3>\n<p>Ce camping d\u2019exception est situ\u00e9 sur le Chemin de Navarrosse, \u00e0 Biscarrosse. Dans ce cadre pr\u00e9serv\u00e9, vous aurez un acc\u00e8s direct \u00e0 la plage du lac pour vous baigner en toute qui\u00e9tude.<\/p>\n<p><a href=\"https:\/\/www.campings.com\/fr\/camping\/camping-navarrosse-76537\">Plus d\u2019infos sur le Camping Navarrosse<\/a>.<\/p>\n<h3><strong>Camping Slow Village Biscarrosse Lac<\/strong><\/h3>\n<p>Ce camping familial trois \u00e9toiles, situ\u00e9 au bord du lac Sanguinet est parfait pour des vacances en famille. Il dispose de nombreuses aires de jeux et offre un large choix d\u2019activit\u00e9s \u00e0 faire \u00e0 proximit\u00e9.<\/p>\n<p><a href=\"https:\/\/www.campings.com\/fr\/camping\/slow-village-biscarosse-lac-76912\">Plus d\u2019infos sur le Camping Slow Village Biscarrosse Lac<\/a>.<\/p>\n<p>&nbsp;<\/p>\n","protected":false},"excerpt":{"rendered":"<p>\u00c0 la recherche d\u2019id\u00e9es d\u2019activit\u00e9s familiales lors de votre s\u00e9jour \u00e0 Biscarosse dans les Landes\u00a0? La ville abrite un riche patrimoine culturel et regorge de sites naturels pr\u00e9serv\u00e9s \u00e0 visiter\u2026 Biscarosse est aussi r\u00e9put\u00e9e pour ses lacs et ses plages, propices \u00e0 la baignade et aux activit\u00e9s nautiques. Situ\u00e9e dans les Landes, dans la r\u00e9gion [&hellip;]<\/p>\n","protected":false},"author":18,"featured_media":0,"parent":2991,"menu_order":0,"comment_status":"closed","ping_status":"closed","template":"template-twocolumns.php","meta":{"_acf_changed":false,"footnotes":""},"class_list":["post-3006","page","type-page","status-publish","hentry"],"acf":[],"yoast_head":"<!-- This site is optimized with the Yoast SEO plugin v27.1.1 - https:\/\/yoast.com\/product\/yoast-seo-wordpress\/ -->\n<title>Les meilleures activit\u00e9s \u00e0 faire \u00e0 Biscarrosse -<\/title>\n<meta name=\"description\" content=\"D\u00e9couvrez les meilleures activit\u00e9s nautiques ou de plein air \u00e0 pratiquer en famille pour des vacances inoubliables \u00e0 Biscarrosse dans les Landes.\" \/>\n<meta name=\"robots\" content=\"index, follow, max-snippet:-1, max-image-preview:large, max-video-preview:-1\" \/>\n<link rel=\"canonical\" href=\"https:\/\/www.campings.com\/fr\/content\/guides-vacances-biscarrosse\/activites-biscarrosse\/\" \/>\n<meta property=\"og:locale\" content=\"fr_FR\" \/>\n<meta property=\"og:type\" content=\"article\" \/>\n<meta property=\"og:title\" content=\"Les meilleures activit\u00e9s \u00e0 faire \u00e0 Biscarrosse -\" \/>\n<meta property=\"og:description\" content=\"D\u00e9couvrez les meilleures activit\u00e9s nautiques ou de plein air \u00e0 pratiquer en famille pour des vacances inoubliables \u00e0 Biscarrosse dans les Landes.\" \/>\n<meta property=\"og:url\" content=\"https:\/\/www.campings.com\/fr\/content\/guides-vacances-biscarrosse\/activites-biscarrosse\/\" \/>\n<meta name=\"twitter:card\" content=\"summary_large_image\" \/>\n<meta name=\"twitter:label1\" content=\"Dur\u00e9e de lecture estim\u00e9e\" \/>\n\t<meta name=\"twitter:data1\" content=\"4 minutes\" \/>\n<script type=\"application\/ld+json\" class=\"yoast-schema-graph\">{\"@context\":\"https:\/\/schema.org\",\"@graph\":[{\"@type\":\"WebPage\",\"@id\":\"https:\/\/www.campings.com\/fr\/content\/guides-vacances-biscarrosse\/activites-biscarrosse\/\",\"url\":\"https:\/\/www.campings.com\/fr\/content\/guides-vacances-biscarrosse\/activites-biscarrosse\/\",\"name\":\"Les meilleures activit\u00e9s \u00e0 faire \u00e0 Biscarrosse -\",\"isPartOf\":{\"@id\":\"https:\/\/www.campings.com\/fr\/content\/#website\"},\"datePublished\":\"2021-07-21T14:39:33+00:00\",\"description\":\"D\u00e9couvrez les meilleures activit\u00e9s nautiques ou de plein air \u00e0 pratiquer en famille pour des vacances inoubliables \u00e0 Biscarrosse dans les Landes.\",\"breadcrumb\":{\"@id\":\"https:\/\/www.campings.com\/fr\/content\/guides-vacances-biscarrosse\/activites-biscarrosse\/#breadcrumb\"},\"inLanguage\":\"fr-FR\",\"potentialAction\":[{\"@type\":\"ReadAction\",\"target\":[\"https:\/\/www.campings.com\/fr\/content\/guides-vacances-biscarrosse\/activites-biscarrosse\/\"]}]},{\"@type\":\"BreadcrumbList\",\"@id\":\"https:\/\/www.campings.com\/fr\/content\/guides-vacances-biscarrosse\/activites-biscarrosse\/#breadcrumb\",\"itemListElement\":[{\"@type\":\"ListItem\",\"position\":1,\"name\":\"Home\",\"item\":\"https:\/\/www.campings.com\/fr\/content\/\"},{\"@type\":\"ListItem\",\"position\":2,\"name\":\"Le guide de vos vacances \u00e0 Biscarrosse\",\"item\":\"https:\/\/www.campings.com\/fr\/content\/guides-vacances-biscarrosse\/\"},{\"@type\":\"ListItem\",\"position\":3,\"name\":\"Les meilleures activit\u00e9s \u00e0 faire \u00e0 Biscarrosse\"}]},{\"@type\":\"WebSite\",\"@id\":\"https:\/\/www.campings.com\/fr\/content\/#website\",\"url\":\"https:\/\/www.campings.com\/fr\/content\/\",\"name\":\"\",\"description\":\"\",\"publisher\":{\"@id\":\"https:\/\/www.campings.com\/fr\/content\/#organization\"},\"potentialAction\":[{\"@type\":\"SearchAction\",\"target\":{\"@type\":\"EntryPoint\",\"urlTemplate\":\"https:\/\/www.campings.com\/fr\/content\/?s={search_term_string}\"},\"query-input\":{\"@type\":\"PropertyValueSpecification\",\"valueRequired\":true,\"valueName\":\"search_term_string\"}}],\"inLanguage\":\"fr-FR\"},{\"@type\":\"Organization\",\"@id\":\"https:\/\/www.campings.com\/fr\/content\/#organization\",\"name\":\"CAMPINGS.COM\",\"url\":\"https:\/\/www.campings.com\/fr\/content\/\",\"logo\":{\"@type\":\"ImageObject\",\"inLanguage\":\"fr-FR\",\"@id\":\"https:\/\/www.campings.com\/fr\/content\/#\/schema\/logo\/image\/\",\"url\":\"https:\/\/www.campings.com\/fr\/content\/wp-content\/uploads\/2019\/01\/cropped-logo-1.png\",\"contentUrl\":\"https:\/\/www.campings.com\/fr\/content\/wp-content\/uploads\/2019\/01\/cropped-logo-1.png\",\"width\":174,\"height\":42,\"caption\":\"CAMPINGS.COM\"},\"image\":{\"@id\":\"https:\/\/www.campings.com\/fr\/content\/#\/schema\/logo\/image\/\"}}]}<\/script>\n<!-- \/ Yoast SEO plugin. -->","yoast_head_json":{"title":"Les meilleures activit\u00e9s \u00e0 faire \u00e0 Biscarrosse -","description":"D\u00e9couvrez les meilleures activit\u00e9s nautiques ou de plein air \u00e0 pratiquer en famille pour des vacances inoubliables \u00e0 Biscarrosse dans les Landes.","robots":{"index":"index","follow":"follow","max-snippet":"max-snippet:-1","max-image-preview":"max-image-preview:large","max-video-preview":"max-video-preview:-1"},"canonical":"https:\/\/www.campings.com\/fr\/content\/guides-vacances-biscarrosse\/activites-biscarrosse\/","og_locale":"fr_FR","og_type":"article","og_title":"Les meilleures activit\u00e9s \u00e0 faire \u00e0 Biscarrosse -","og_description":"D\u00e9couvrez les meilleures activit\u00e9s nautiques ou de plein air \u00e0 pratiquer en famille pour des vacances inoubliables \u00e0 Biscarrosse dans les Landes.","og_url":"https:\/\/www.campings.com\/fr\/content\/guides-vacances-biscarrosse\/activites-biscarrosse\/","twitter_card":"summary_large_image","twitter_misc":{"Dur\u00e9e de lecture estim\u00e9e":"4 minutes"},"schema":{"@context":"https:\/\/schema.org","@graph":[{"@type":"WebPage","@id":"https:\/\/www.campings.com\/fr\/content\/guides-vacances-biscarrosse\/activites-biscarrosse\/","url":"https:\/\/www.campings.com\/fr\/content\/guides-vacances-biscarrosse\/activites-biscarrosse\/","name":"Les meilleures activit\u00e9s \u00e0 faire \u00e0 Biscarrosse -","isPartOf":{"@id":"https:\/\/www.campings.com\/fr\/content\/#website"},"datePublished":"2021-07-21T14:39:33+00:00","description":"D\u00e9couvrez les meilleures activit\u00e9s nautiques ou de plein air \u00e0 pratiquer en famille pour des vacances inoubliables \u00e0 Biscarrosse dans les Landes.","breadcrumb":{"@id":"https:\/\/www.campings.com\/fr\/content\/guides-vacances-biscarrosse\/activites-biscarrosse\/#breadcrumb"},"inLanguage":"fr-FR","potentialAction":[{"@type":"ReadAction","target":["https:\/\/www.campings.com\/fr\/content\/guides-vacances-biscarrosse\/activites-biscarrosse\/"]}]},{"@type":"BreadcrumbList","@id":"https:\/\/www.campings.com\/fr\/content\/guides-vacances-biscarrosse\/activites-biscarrosse\/#breadcrumb","itemListElement":[{"@type":"ListItem","position":1,"name":"Home","item":"https:\/\/www.campings.com\/fr\/content\/"},{"@type":"ListItem","position":2,"name":"Le guide de vos vacances \u00e0 Biscarrosse","item":"https:\/\/www.campings.com\/fr\/content\/guides-vacances-biscarrosse\/"},{"@type":"ListItem","position":3,"name":"Les meilleures activit\u00e9s \u00e0 faire \u00e0 Biscarrosse"}]},{"@type":"WebSite","@id":"https:\/\/www.campings.com\/fr\/content\/#website","url":"https:\/\/www.campings.com\/fr\/content\/","name":"","description":"","publisher":{"@id":"https:\/\/www.campings.com\/fr\/content\/#organization"},"potentialAction":[{"@type":"SearchAction","target":{"@type":"EntryPoint","urlTemplate":"https:\/\/www.campings.com\/fr\/content\/?s={search_term_string}"},"query-input":{"@type":"PropertyValueSpecification","valueRequired":true,"valueName":"search_term_string"}}],"inLanguage":"fr-FR"},{"@type":"Organization","@id":"https:\/\/www.campings.com\/fr\/content\/#organization","name":"CAMPINGS.COM","url":"https:\/\/www.campings.com\/fr\/content\/","logo":{"@type":"ImageObject","inLanguage":"fr-FR","@id":"https:\/\/www.campings.com\/fr\/content\/#\/schema\/logo\/image\/","url":"https:\/\/www.campings.com\/fr\/content\/wp-content\/uploads\/2019\/01\/cropped-logo-1.png","contentUrl":"https:\/\/www.campings.com\/fr\/content\/wp-content\/uploads\/2019\/01\/cropped-logo-1.png","width":174,"height":42,"caption":"CAMPINGS.COM"},"image":{"@id":"https:\/\/www.campings.com\/fr\/content\/#\/schema\/logo\/image\/"}}]}},"_links":{"self":[{"href":"https:\/\/www.campings.com\/fr\/content\/wp-json\/wp\/v2\/pages\/3006","targetHints":{"allow":["GET"]}}],"collection":[{"href":"https:\/\/www.campings.com\/fr\/content\/wp-json\/wp\/v2\/pages"}],"about":[{"href":"https:\/\/www.campings.com\/fr\/content\/wp-json\/wp\/v2\/types\/page"}],"author":[{"embeddable":true,"href":"https:\/\/www.campings.com\/fr\/content\/wp-json\/wp\/v2\/users\/18"}],"replies":[{"embeddable":true,"href":"https:\/\/www.campings.com\/fr\/content\/wp-json\/wp\/v2\/comments?post=3006"}],"version-history":[{"count":2,"href":"https:\/\/www.campings.com\/fr\/content\/wp-json\/wp\/v2\/pages\/3006\/revisions"}],"predecessor-version":[{"id":3010,"href":"https:\/\/www.campings.com\/fr\/content\/wp-json\/wp\/v2\/pages\/3006\/revisions\/3010"}],"up":[{"embeddable":true,"href":"https:\/\/www.campings.com\/fr\/content\/wp-json\/wp\/v2\/pages\/2991"}],"wp:attachment":[{"href":"https:\/\/www.campings.com\/fr\/content\/wp-json\/wp\/v2\/media?parent=3006"}],"curies":[{"name":"wp","href":"https:\/\/api.w.org\/{rel}","templated":true}]}}