{"id":2996,"date":"2021-07-21T14:19:11","date_gmt":"2021-07-21T14:19:11","guid":{"rendered":"https:\/\/www.campings.com\/fr\/content\/?page_id=2996"},"modified":"2021-07-21T14:19:11","modified_gmt":"2021-07-21T14:19:11","slug":"surf-biscarrosse-spots","status":"publish","type":"page","link":"https:\/\/www.campings.com\/fr\/content\/guides-vacances-biscarrosse\/surf-biscarrosse-spots\/","title":{"rendered":"Faire du surf \u00e0 Biscarrosse : les meilleurs spots"},"content":{"rendered":"<p>Situ\u00e9e dans le sud-ouest de la France, dans les Landes, Biscarrosse est une destination tr\u00e8s pris\u00e9e par les surfeurs. Capitale de l\u2019hydraviation, elle abrite de magnifiques plages qui combleront de joie les amateurs de belles vagues !<\/p>\n<p>Sur le littoral atlantique, se niche\u00a0<a href=\"https:\/\/www.campings.com\/fr\/content\/guides-vacances-biscarrosse\/\"><u>Biscarrosse<\/u><\/a>, une station baln\u00e9aire tr\u00e8s appr\u00e9ci\u00e9e des surfeurs depuis les ann\u00e9es 1950&#8230; Ses plages oc\u00e9anes offrent un cadre id\u00e9al pour la pratique de ce sport de glisse ! De nombreux cours et stages sont propos\u00e9s aux d\u00e9butants pour leur apprendre \u00e0 dompter les vagues. De plus, chaque ann\u00e9e, la ville accueille les plus grandes comp\u00e9titions de surf, dont la c\u00e9l\u00e8bre \u00ab Junior Pro \u00bb.<\/p>\n<h2><strong>Les meilleurs spots de surf \u00e0 Biscarrosse<\/strong><\/h2>\n<p>Avec ses 4 km de plages de sable fin, Biscarrosse abrite de nombreux spots de surf r\u00e9put\u00e9s. Les plus importants sont :<\/p>\n<h3><strong>La plage du Vivier<\/strong><\/h3>\n<p>Situ\u00e9e dans une zone pr\u00e9serv\u00e9e, la plage du Vivier fait partie des spots de surf les plus connus de la ville. Elle est accessible par un sentier depuis un parking apr\u00e8s 10 minutes de marche. Elle est aussi accessible via une piste cyclable. Sur place, un restaurant vous permettra de prendre vos repas sur place. Ce spot est tr\u00e8s fr\u00e9quent\u00e9 par les surfeurs durant la haute saison.<\/p>\n<h3><strong>Le spot de surf du Trencat<\/strong><\/h3>\n<p>Situ\u00e9 entre la Gironde et les Landes, ce spot doit son nom \u00e0 une maison foresti\u00e8re bordant la route\u2026 La plage est accessible apr\u00e8s avoir travers\u00e9 une for\u00eat de pins (\u00e0 pied ou \u00e0 v\u00e9lo). Situ\u00e9 dans un cadre naturel magnifique, ce site est peu connu des touristes. N\u00e9anmoins, ce spot est d\u00e9conseill\u00e9 aux d\u00e9butants.<\/p>\n<p><img loading=\"lazy\" decoding=\"async\" class=\"alignnone size-full wp-image-2999\" src=\"https:\/\/www.campings.com\/fr\/content\/wp-content\/uploads\/2021\/07\/Surf-4.jpg\" alt=\"\" width=\"1000\" height=\"665\" \/><\/p>\n<h3><strong>La plage du Sud<\/strong><\/h3>\n<p>La plage du Sud se trouve \u00e0 moins de 30 minutes en voiture de la ville d\u2019Arcachon. Enclav\u00e9 entre les dunes et l\u2019oc\u00e9an, ce spot est tr\u00e8s pris\u00e9 par les surfeurs locaux. Avec ses vagues puissantes et tubulaires, il constitue un vrai d\u00e9fi pour les surfeurs exp\u00e9riment\u00e9s ! Ce spot n\u2019est pas recommand\u00e9 aux d\u00e9butants.<\/p>\n<h3><strong>La plage centrale<\/strong><\/h3>\n<p>Cette plage surveill\u00e9e est situ\u00e9e en plein c\u0153ur de la station baln\u00e9aire de Biscarrosse. Facilement accessible par une rue pi\u00e9tonne, elle est aussi desservie par la V\u00e9lodyss\u00e9e. Vous y trouverez de nombreux \u00e9tablissements touristiques tels que des restaurants, des \u00e9coles de surf\u2026<\/p>\n<h3><strong>La plage du Nord<\/strong><\/h3>\n<p>La plage du Nord est particuli\u00e8rement recommand\u00e9e aux surfeurs d\u00e9butants. Elle est situ\u00e9e sur une dune urbanis\u00e9e, \u00e0 quelques m\u00e8tres du centre-ville. Cette plage surveill\u00e9e accueille tous les \u00e9t\u00e9s le WSL Junior Pro et le Kiwi Surf Festival.<\/p>\n<p><img loading=\"lazy\" decoding=\"async\" class=\"alignnone size-full wp-image-2998\" src=\"https:\/\/www.campings.com\/fr\/content\/wp-content\/uploads\/2021\/07\/Surf-1.jpg\" alt=\"\" width=\"1000\" height=\"665\" \/><\/p>\n<h2><strong>Conseils et astuces pour dompter les vagues de Biscarrosse<\/strong><\/h2>\n<p>M\u00eame si\u00a0<a href=\"https:\/\/www.campings.com\/fr\/content\/guides-vacances-biscarrosse\/\"><u>Biscarrosse<\/u>\u00a0<\/a>offre de magnifiques spots de surf, mieux vaut \u00eatre bien \u00e9quip\u00e9 pour dompter ses puissantes vagues ! Voici quelques conseils.<\/p>\n<ul>\n<li><strong>Avoir la bonne planche<\/strong><\/li>\n<\/ul>\n<p>Tous les sportifs le savent, pour exceller dans une discipline, il est important de disposer des bons \u00e9quipements. Concernant le choix de la planche, les mod\u00e8les les plus larges offrent plus de stabilit\u00e9. Toutefois, elles sont moins maniables que celles dot\u00e9es d\u2019un bon rocker.<\/p>\n<ul>\n<li><strong>Travailler sa technique de rame<\/strong><\/li>\n<\/ul>\n<p>Avoir une bonne technique de rame est indispensable pour devenir un bon surfeur ! Ainsi vous pourrez mieux appr\u00e9hender la vague.<\/p>\n<ul>\n<li><strong>Am\u00e9liorer sa position sur la planche<\/strong><\/li>\n<\/ul>\n<p>Avoir un bon sens de l\u2019\u00e9quilibre est indispensable pour surfer. La majorit\u00e9 des novices se focalisent sur la position \u00e0 adopter lors des s\u00e9ances d\u2019exercices. Toutefois, la position la plus importante \u00e0 maitriser est la posture de la t\u00eate, qui conditionne la navigation.<\/p>\n<ul>\n<li><strong>S\u2019entra\u00eener hors de l\u2019eau<\/strong><\/li>\n<\/ul>\n<p>Les conditions m\u00e9t\u00e9orologiques n\u2019\u00e9tant pas toujours favorables pour cette activit\u00e9, un surfeur doit souvent s\u2019entra\u00eener hors de l\u2019eau.<\/p>\n<h2><strong>R\u00e9server un stage d\u2019initiation ou un cours dans une \u00e9cole de surf \u00e0 Biscarrosse<\/strong><\/h2>\n<p>Biscarosse abrite plusieurs \u00e9coles de surf o\u00f9 s\u2019initier \u00e0 cette discipline. Le stage s\u2019effectue g\u00e9n\u00e9ralement en une s\u00e9ance d\u20191h30 ou en deux s\u00e9ances r\u00e9parties en deux jours. Il se divise en plusieurs phases :<\/p>\n<p>&#8211; Accueil du moniteur ;<\/p>\n<p>&#8211; Pr\u00e9sentation du mat\u00e9riel de surf ;<\/p>\n<p>&#8211; Briefing sur les mesures de s\u00e9curit\u00e9 ;<\/p>\n<p>&#8211; Mise \u00e0 l\u2019eau ;<\/p>\n<p>&#8211; Apprentissage des techniques de surf ;<\/p>\n<p>&#8211; Bilan de la s\u00e9ance.<\/p>\n<p><img loading=\"lazy\" decoding=\"async\" class=\"alignnone size-full wp-image-2997\" src=\"https:\/\/www.campings.com\/fr\/content\/wp-content\/uploads\/2021\/07\/Surf-3.jpg\" alt=\"\" width=\"1000\" height=\"665\" \/><\/p>\n<h2><strong>S\u00e9lection de campings<\/strong><\/h2>\n<p>Pour profiter des vagues de\u00a0<a href=\"https:\/\/www.campings.com\/fr\/content\/guides-vacances-biscarrosse\/\"><u>Biscarrosse<\/u><\/a>, il est conseill\u00e9 d\u2019y s\u00e9journer plusieurs jours ! Vous trouverez ci-dessous une s\u00e9lection des campings les plus proches des spots de surf de la station.<\/p>\n<h3><strong>Camping Navarrosse<\/strong><\/h3>\n<p>Le camping Navarrosse offre un large choix d\u2019\u00e9quipements et services afin de faciliter votre s\u00e9jour. Il offre l\u2019acc\u00e8s \u00e0 un lit, \u00e0 une baignoire et \u00e0 une chaise haute pour les familles qui voyagent l\u00e9ger. De plus, il dispose d\u2019une aire de jeux pour les enfants.<\/p>\n<p><a href=\"https:\/\/www.campings.com\/fr\/camping\/camping-navarrosse-76537\">Plus d\u2019infos sur le camping Navarrosse<\/a>.<\/p>\n<h3><strong>Camping\u00a0du Slow Village\u00a0Biscarrosse lac<\/strong><\/h3>\n<p>Le camping du Slow Village Biscarrosse Lac est un \u00e9tablissement parfait pour des vacances en famille. Il propose de nombreuses activit\u00e9s, dont une aire de jeux pour les plus petits. Les amateurs de baignade et de surf peuvent aussi profiter de la plage situ\u00e9e \u00e0 4 km du site.<\/p>\n<p><a href=\"https:\/\/www.campings.com\/fr\/camping\/slow-village-biscarosse-lac-76912\">Plus d\u2019infos sur le camping Slow Village Biscarrosse Lac<\/a>.<\/p>\n<h3><strong>Camping En Chon les Pins\u00a0<\/strong><\/h3>\n<p>Le camping En Chon les Pins est un \u00e9tablissement situ\u00e9 \u00e0 proximit\u00e9 de la plage. Les amateurs de baignade pourront aussi profiter de la piscine chauff\u00e9e disponible de juin \u00e0 septembre.<\/p>\n<p><a href=\"https:\/\/www.campings.com\/fr\/camping\/camping-en-chon-les-pins-76911\">Plus d\u2019infos sur le camping En Chon les Pins<\/a>.<\/p>\n","protected":false},"excerpt":{"rendered":"<p>Situ\u00e9e dans le sud-ouest de la France, dans les Landes, Biscarrosse est une destination tr\u00e8s pris\u00e9e par les surfeurs. Capitale de l\u2019hydraviation, elle abrite de magnifiques plages qui combleront de joie les amateurs de belles vagues ! Sur le littoral atlantique, se niche\u00a0Biscarrosse, une station baln\u00e9aire tr\u00e8s appr\u00e9ci\u00e9e des surfeurs depuis les ann\u00e9es 1950&#8230; Ses [&hellip;]<\/p>\n","protected":false},"author":18,"featured_media":0,"parent":2991,"menu_order":0,"comment_status":"closed","ping_status":"closed","template":"template-twocolumns.php","meta":{"_acf_changed":false,"footnotes":""},"class_list":["post-2996","page","type-page","status-publish","hentry"],"acf":[],"yoast_head":"<!-- This site is optimized with the Yoast SEO plugin v27.1.1 - https:\/\/yoast.com\/product\/yoast-seo-wordpress\/ -->\n<title>Faire du surf \u00e0 Biscarrosse : les meilleurs spots -<\/title>\n<meta name=\"description\" content=\"D\u00e9couvrez les meilleurs spots de surf \u00e0 Biscarrosse dans le d\u00e9partement des Landes, destination mondialement reconnue pour ses plages et ses belles vagues.\" \/>\n<meta name=\"robots\" content=\"index, follow, max-snippet:-1, max-image-preview:large, max-video-preview:-1\" \/>\n<link rel=\"canonical\" href=\"https:\/\/www.campings.com\/fr\/content\/guides-vacances-biscarrosse\/surf-biscarrosse-spots\/\" \/>\n<meta property=\"og:locale\" content=\"fr_FR\" \/>\n<meta property=\"og:type\" content=\"article\" \/>\n<meta property=\"og:title\" content=\"Faire du surf \u00e0 Biscarrosse : les meilleurs spots -\" \/>\n<meta property=\"og:description\" content=\"D\u00e9couvrez les meilleurs spots de surf \u00e0 Biscarrosse dans le d\u00e9partement des Landes, destination mondialement reconnue pour ses plages et ses belles vagues.\" \/>\n<meta property=\"og:url\" content=\"https:\/\/www.campings.com\/fr\/content\/guides-vacances-biscarrosse\/surf-biscarrosse-spots\/\" \/>\n<meta property=\"og:image\" content=\"https:\/\/www.campings.com\/fr\/content\/wp-content\/uploads\/2021\/07\/Surf-4.jpg\" \/>\n\t<meta property=\"og:image:width\" content=\"1000\" \/>\n\t<meta property=\"og:image:height\" content=\"665\" \/>\n\t<meta property=\"og:image:type\" content=\"image\/jpeg\" \/>\n<meta name=\"twitter:card\" content=\"summary_large_image\" \/>\n<meta name=\"twitter:label1\" content=\"Dur\u00e9e de lecture estim\u00e9e\" \/>\n\t<meta name=\"twitter:data1\" content=\"5 minutes\" \/>\n<script type=\"application\/ld+json\" class=\"yoast-schema-graph\">{\"@context\":\"https:\/\/schema.org\",\"@graph\":[{\"@type\":\"WebPage\",\"@id\":\"https:\/\/www.campings.com\/fr\/content\/guides-vacances-biscarrosse\/surf-biscarrosse-spots\/\",\"url\":\"https:\/\/www.campings.com\/fr\/content\/guides-vacances-biscarrosse\/surf-biscarrosse-spots\/\",\"name\":\"Faire du surf \u00e0 Biscarrosse : les meilleurs spots -\",\"isPartOf\":{\"@id\":\"https:\/\/www.campings.com\/fr\/content\/#website\"},\"primaryImageOfPage\":{\"@id\":\"https:\/\/www.campings.com\/fr\/content\/guides-vacances-biscarrosse\/surf-biscarrosse-spots\/#primaryimage\"},\"image\":{\"@id\":\"https:\/\/www.campings.com\/fr\/content\/guides-vacances-biscarrosse\/surf-biscarrosse-spots\/#primaryimage\"},\"thumbnailUrl\":\"https:\/\/www.campings.com\/fr\/content\/wp-content\/uploads\/2021\/07\/Surf-4.jpg\",\"datePublished\":\"2021-07-21T14:19:11+00:00\",\"description\":\"D\u00e9couvrez les meilleurs spots de surf \u00e0 Biscarrosse dans le d\u00e9partement des Landes, destination mondialement reconnue pour ses plages et ses belles vagues.\",\"breadcrumb\":{\"@id\":\"https:\/\/www.campings.com\/fr\/content\/guides-vacances-biscarrosse\/surf-biscarrosse-spots\/#breadcrumb\"},\"inLanguage\":\"fr-FR\",\"potentialAction\":[{\"@type\":\"ReadAction\",\"target\":[\"https:\/\/www.campings.com\/fr\/content\/guides-vacances-biscarrosse\/surf-biscarrosse-spots\/\"]}]},{\"@type\":\"ImageObject\",\"inLanguage\":\"fr-FR\",\"@id\":\"https:\/\/www.campings.com\/fr\/content\/guides-vacances-biscarrosse\/surf-biscarrosse-spots\/#primaryimage\",\"url\":\"https:\/\/www.campings.com\/fr\/content\/wp-content\/uploads\/2021\/07\/Surf-4.jpg\",\"contentUrl\":\"https:\/\/www.campings.com\/fr\/content\/wp-content\/uploads\/2021\/07\/Surf-4.jpg\",\"width\":1000,\"height\":665},{\"@type\":\"BreadcrumbList\",\"@id\":\"https:\/\/www.campings.com\/fr\/content\/guides-vacances-biscarrosse\/surf-biscarrosse-spots\/#breadcrumb\",\"itemListElement\":[{\"@type\":\"ListItem\",\"position\":1,\"name\":\"Home\",\"item\":\"https:\/\/www.campings.com\/fr\/content\/\"},{\"@type\":\"ListItem\",\"position\":2,\"name\":\"Le guide de vos vacances \u00e0 Biscarrosse\",\"item\":\"https:\/\/www.campings.com\/fr\/content\/guides-vacances-biscarrosse\/\"},{\"@type\":\"ListItem\",\"position\":3,\"name\":\"Faire du surf \u00e0 Biscarrosse : les meilleurs spots\"}]},{\"@type\":\"WebSite\",\"@id\":\"https:\/\/www.campings.com\/fr\/content\/#website\",\"url\":\"https:\/\/www.campings.com\/fr\/content\/\",\"name\":\"\",\"description\":\"\",\"publisher\":{\"@id\":\"https:\/\/www.campings.com\/fr\/content\/#organization\"},\"potentialAction\":[{\"@type\":\"SearchAction\",\"target\":{\"@type\":\"EntryPoint\",\"urlTemplate\":\"https:\/\/www.campings.com\/fr\/content\/?s={search_term_string}\"},\"query-input\":{\"@type\":\"PropertyValueSpecification\",\"valueRequired\":true,\"valueName\":\"search_term_string\"}}],\"inLanguage\":\"fr-FR\"},{\"@type\":\"Organization\",\"@id\":\"https:\/\/www.campings.com\/fr\/content\/#organization\",\"name\":\"CAMPINGS.COM\",\"url\":\"https:\/\/www.campings.com\/fr\/content\/\",\"logo\":{\"@type\":\"ImageObject\",\"inLanguage\":\"fr-FR\",\"@id\":\"https:\/\/www.campings.com\/fr\/content\/#\/schema\/logo\/image\/\",\"url\":\"https:\/\/www.campings.com\/fr\/content\/wp-content\/uploads\/2019\/01\/cropped-logo-1.png\",\"contentUrl\":\"https:\/\/www.campings.com\/fr\/content\/wp-content\/uploads\/2019\/01\/cropped-logo-1.png\",\"width\":174,\"height\":42,\"caption\":\"CAMPINGS.COM\"},\"image\":{\"@id\":\"https:\/\/www.campings.com\/fr\/content\/#\/schema\/logo\/image\/\"}}]}<\/script>\n<!-- \/ Yoast SEO plugin. -->","yoast_head_json":{"title":"Faire du surf \u00e0 Biscarrosse : les meilleurs spots -","description":"D\u00e9couvrez les meilleurs spots de surf \u00e0 Biscarrosse dans le d\u00e9partement des Landes, destination mondialement reconnue pour ses plages et ses belles vagues.","robots":{"index":"index","follow":"follow","max-snippet":"max-snippet:-1","max-image-preview":"max-image-preview:large","max-video-preview":"max-video-preview:-1"},"canonical":"https:\/\/www.campings.com\/fr\/content\/guides-vacances-biscarrosse\/surf-biscarrosse-spots\/","og_locale":"fr_FR","og_type":"article","og_title":"Faire du surf \u00e0 Biscarrosse : les meilleurs spots -","og_description":"D\u00e9couvrez les meilleurs spots de surf \u00e0 Biscarrosse dans le d\u00e9partement des Landes, destination mondialement reconnue pour ses plages et ses belles vagues.","og_url":"https:\/\/www.campings.com\/fr\/content\/guides-vacances-biscarrosse\/surf-biscarrosse-spots\/","og_image":[{"width":1000,"height":665,"url":"https:\/\/www.campings.com\/fr\/content\/wp-content\/uploads\/2021\/07\/Surf-4.jpg","type":"image\/jpeg"}],"twitter_card":"summary_large_image","twitter_misc":{"Dur\u00e9e de lecture estim\u00e9e":"5 minutes"},"schema":{"@context":"https:\/\/schema.org","@graph":[{"@type":"WebPage","@id":"https:\/\/www.campings.com\/fr\/content\/guides-vacances-biscarrosse\/surf-biscarrosse-spots\/","url":"https:\/\/www.campings.com\/fr\/content\/guides-vacances-biscarrosse\/surf-biscarrosse-spots\/","name":"Faire du surf \u00e0 Biscarrosse : les meilleurs spots -","isPartOf":{"@id":"https:\/\/www.campings.com\/fr\/content\/#website"},"primaryImageOfPage":{"@id":"https:\/\/www.campings.com\/fr\/content\/guides-vacances-biscarrosse\/surf-biscarrosse-spots\/#primaryimage"},"image":{"@id":"https:\/\/www.campings.com\/fr\/content\/guides-vacances-biscarrosse\/surf-biscarrosse-spots\/#primaryimage"},"thumbnailUrl":"https:\/\/www.campings.com\/fr\/content\/wp-content\/uploads\/2021\/07\/Surf-4.jpg","datePublished":"2021-07-21T14:19:11+00:00","description":"D\u00e9couvrez les meilleurs spots de surf \u00e0 Biscarrosse dans le d\u00e9partement des Landes, destination mondialement reconnue pour ses plages et ses belles vagues.","breadcrumb":{"@id":"https:\/\/www.campings.com\/fr\/content\/guides-vacances-biscarrosse\/surf-biscarrosse-spots\/#breadcrumb"},"inLanguage":"fr-FR","potentialAction":[{"@type":"ReadAction","target":["https:\/\/www.campings.com\/fr\/content\/guides-vacances-biscarrosse\/surf-biscarrosse-spots\/"]}]},{"@type":"ImageObject","inLanguage":"fr-FR","@id":"https:\/\/www.campings.com\/fr\/content\/guides-vacances-biscarrosse\/surf-biscarrosse-spots\/#primaryimage","url":"https:\/\/www.campings.com\/fr\/content\/wp-content\/uploads\/2021\/07\/Surf-4.jpg","contentUrl":"https:\/\/www.campings.com\/fr\/content\/wp-content\/uploads\/2021\/07\/Surf-4.jpg","width":1000,"height":665},{"@type":"BreadcrumbList","@id":"https:\/\/www.campings.com\/fr\/content\/guides-vacances-biscarrosse\/surf-biscarrosse-spots\/#breadcrumb","itemListElement":[{"@type":"ListItem","position":1,"name":"Home","item":"https:\/\/www.campings.com\/fr\/content\/"},{"@type":"ListItem","position":2,"name":"Le guide de vos vacances \u00e0 Biscarrosse","item":"https:\/\/www.campings.com\/fr\/content\/guides-vacances-biscarrosse\/"},{"@type":"ListItem","position":3,"name":"Faire du surf \u00e0 Biscarrosse : les meilleurs spots"}]},{"@type":"WebSite","@id":"https:\/\/www.campings.com\/fr\/content\/#website","url":"https:\/\/www.campings.com\/fr\/content\/","name":"","description":"","publisher":{"@id":"https:\/\/www.campings.com\/fr\/content\/#organization"},"potentialAction":[{"@type":"SearchAction","target":{"@type":"EntryPoint","urlTemplate":"https:\/\/www.campings.com\/fr\/content\/?s={search_term_string}"},"query-input":{"@type":"PropertyValueSpecification","valueRequired":true,"valueName":"search_term_string"}}],"inLanguage":"fr-FR"},{"@type":"Organization","@id":"https:\/\/www.campings.com\/fr\/content\/#organization","name":"CAMPINGS.COM","url":"https:\/\/www.campings.com\/fr\/content\/","logo":{"@type":"ImageObject","inLanguage":"fr-FR","@id":"https:\/\/www.campings.com\/fr\/content\/#\/schema\/logo\/image\/","url":"https:\/\/www.campings.com\/fr\/content\/wp-content\/uploads\/2019\/01\/cropped-logo-1.png","contentUrl":"https:\/\/www.campings.com\/fr\/content\/wp-content\/uploads\/2019\/01\/cropped-logo-1.png","width":174,"height":42,"caption":"CAMPINGS.COM"},"image":{"@id":"https:\/\/www.campings.com\/fr\/content\/#\/schema\/logo\/image\/"}}]}},"_links":{"self":[{"href":"https:\/\/www.campings.com\/fr\/content\/wp-json\/wp\/v2\/pages\/2996","targetHints":{"allow":["GET"]}}],"collection":[{"href":"https:\/\/www.campings.com\/fr\/content\/wp-json\/wp\/v2\/pages"}],"about":[{"href":"https:\/\/www.campings.com\/fr\/content\/wp-json\/wp\/v2\/types\/page"}],"author":[{"embeddable":true,"href":"https:\/\/www.campings.com\/fr\/content\/wp-json\/wp\/v2\/users\/18"}],"replies":[{"embeddable":true,"href":"https:\/\/www.campings.com\/fr\/content\/wp-json\/wp\/v2\/comments?post=2996"}],"version-history":[{"count":1,"href":"https:\/\/www.campings.com\/fr\/content\/wp-json\/wp\/v2\/pages\/2996\/revisions"}],"predecessor-version":[{"id":3000,"href":"https:\/\/www.campings.com\/fr\/content\/wp-json\/wp\/v2\/pages\/2996\/revisions\/3000"}],"up":[{"embeddable":true,"href":"https:\/\/www.campings.com\/fr\/content\/wp-json\/wp\/v2\/pages\/2991"}],"wp:attachment":[{"href":"https:\/\/www.campings.com\/fr\/content\/wp-json\/wp\/v2\/media?parent=2996"}],"curies":[{"name":"wp","href":"https:\/\/api.w.org\/{rel}","templated":true}]}}