{"id":2991,"date":"2021-07-21T14:11:56","date_gmt":"2021-07-21T14:11:56","guid":{"rendered":"https:\/\/www.campings.com\/fr\/content\/?page_id=2991"},"modified":"2021-07-22T08:17:30","modified_gmt":"2021-07-22T08:17:30","slug":"guides-vacances-biscarrosse","status":"publish","type":"page","link":"https:\/\/www.campings.com\/fr\/content\/guides-vacances-biscarrosse\/","title":{"rendered":"Le guide de vos vacances \u00e0 Biscarrosse"},"content":{"rendered":"<p>Biscarrosse est l\u2019une des destinations baln\u00e9aires les plus pris\u00e9es en France en \u00e9t\u00e9\u2026 Situ\u00e9e sur la c\u00f4te Aquitaine, dans le d\u00e9partement des Landes, la station s\u00e9duit les visiteurs par sa douceur de vivre et son patrimoine naturel et historique d\u2019exception. De passage \u00e0 Bisca, vous pourrez pratiquer un large choix d\u2019activit\u00e9s vari\u00e9es. Baignade, surf, voile, randonn\u00e9e, v\u00e9lo\u2026 Vous aurez l\u2019embarras du choix !<\/p>\n<p><a href=\"https:\/\/www.campings.com\/fr\/france\/aquitaine\/landes\/biscarrosse\">Biscarrosse<\/a>\u00a0est une station baln\u00e9aire mondialement connue pour ses spots de surf. Nich\u00e9e au c\u0153ur des Landes, elle b\u00e9n\u00e9ficie d\u2019un cadre exceptionnel, entre for\u00eats de pins, lacs et oc\u00e9an\u2026 En plus du tourisme baln\u00e9aire, vous pourrez pratiquer un large choix d\u2019activit\u00e9s culturelles et sportives. Suivez le guide !<\/p>\n<h2><strong>Les lieux d\u2019int\u00e9r\u00eat \u00e0 Biscarrosse et dans ses alentours\u00a0<\/strong><\/h2>\n<p>Les lieux d\u2019int\u00e9r\u00eat ne manquent pas \u00e0 Biscarosse. Voici les plus incontournables !<\/p>\n<h3><strong>Les plus belles plages<\/strong><\/h3>\n<p>Biscarosse est r\u00e9put\u00e9e pour ses magnifiques\u00a0<a href=\"https:\/\/www.campings.com\/fr\/content\/guides-vacances-biscarrosse\/plages-biscarrosse\/\"><u>plages<\/u>\u00a0<\/a>oc\u00e9aniques et d\u2019eau douce.<\/p>\n<h4><strong>Les plages de Biscarosse c\u00f4t\u00e9 oc\u00e9an<\/strong><\/h4>\n<p>\u00c0 la recherche d\u2019un petit coin de paradis pour vous d\u00e9tendre au soleil ? Voici quelques spots o\u00f9 poser votre serviette en \u00e9t\u00e9.<\/p>\n<p>&#8211; La plage du Vivier est situ\u00e9e dans une zone pr\u00e9serv\u00e9e au nord du quartier de Biscarosse Plage ;<\/p>\n<p>&#8211; La plage Nord, calme et pr\u00e9serv\u00e9e est situ\u00e9e dans le centre de Biscarosse ;<\/p>\n<p>&#8211; La plage Centrale, en plein c\u0153ur de la station baln\u00e9aire de Biscarosse ;<\/p>\n<p>&#8211; La plage Sud est adjacente aux plages Nord et Centrale.<\/p>\n<p><img loading=\"lazy\" decoding=\"async\" class=\"alignnone size-full wp-image-2992\" src=\"https:\/\/www.campings.com\/fr\/content\/wp-content\/uploads\/2021\/07\/guide-4.jpg\" alt=\"\" width=\"1000\" height=\"665\" \/><\/p>\n<h4><strong>Les plages des lacs de Biscarosse<\/strong><\/h4>\n<p>Envie de profiter d\u2019un moment de s\u00e9r\u00e9nit\u00e9 au bord du lac ? Voici quelques endroits \u00e0 visiter !<\/p>\n<p>&#8211; La plage Mout\u00e9ou Pipiou au sud de Biscarosse ;<\/p>\n<p>&#8211; La plage de Sainte-Eulalie-en-Born localis\u00e9e \u00e0 13 km de Biscarosse ;<\/p>\n<p>&#8211; Les plages Maguide, Ispe, Navarosse et Mayotte o\u00f9 vous profiterez d\u2019une vue imprenable sur le Lac de Biscarosse.<\/p>\n<h3><strong>Les lacs de Biscarrosse<\/strong><\/h3>\n<p>Les trois\u00a0<a href=\"https:\/\/www.campings.com\/fr\/content\/guides-vacances-biscarrosse\/lacs-biscarrosse\/\"><u>lacs<\/u>\u00a0<\/a>incontournables \u00e0 Biscarosse :<\/p>\n<ul>\n<li>Le Lac de Biscarosse situ\u00e9 au nord du bourg ;<\/li>\n<li>Le lac de Parentis situ\u00e9 \u00e0 30 km environ du bassin d\u2019Arcachon ;<\/li>\n<li>Le courant de Sainte-Eulalie situ\u00e9 dans le petit village \u00e9ponyme.<\/li>\n<\/ul>\n<p>Ces \u00e9tendues d\u2019eau offrent un large choix d\u2019activit\u00e9s nautiques. Vous pourrez pratiquer le ski nautique, la voile, le cano\u00eb-kayak ou la p\u00eache. Mais aussi fl\u00e2ner le long des plages Mayotte, Ispe, Maguide, Navarosse, Mouteou Pipiou ou de Sainte-Eulalie-en-Born.<\/p>\n<h3><strong>Les autres activit\u00e9s \u00e0 faire en famille<\/strong><\/h3>\n<p>\u00c0 Biscarosse, les\u00a0<a href=\"https:\/\/www.campings.com\/fr\/content\/guides-vacances-biscarrosse\/activites-biscarrosse\/\"><u>activit\u00e9s<\/u>\u00a0<\/a>\u00e0 faire en famille ne manquent pas !<\/p>\n<h4><strong>Les activit\u00e9s culturelles :\u00a0<\/strong><\/h4>\n<p>Pendant votre s\u00e9jour, partez \u00e0 la d\u00e9couverte du mus\u00e9e des Traditions de Biscarosse qui retrace l\u2019histoire de la ville. L\u2019\u00e9glise Sainte Bernadette, sur la Rue de l\u2019\u00c9glise est aussi un lieu embl\u00e9matique des Landes. Enfin, l\u2019\u00e9glise Saint-Martin sur la voie de Soulac \u00e9merveille par son architecture originale.<\/p>\n<h4><strong>Les activit\u00e9s nautiques :<\/strong><\/h4>\n<p>Voler en hydravion au-dessus du Lac de Biscarosse est l\u2019une des activit\u00e9s incontournables \u00e0 Biscarosse ! Vous pourrez faire \u00e9galement de la bou\u00e9e tract\u00e9e, louer un bateau, faire du kitesurf, du cano\u00eb\u2026 Aussi<strong>,\u00a0<\/strong>vous pourrez faire une vir\u00e9e \u00e0 Aquapark, le plus grand parc aquatique gonflable au monde.<\/p>\n<p><img loading=\"lazy\" decoding=\"async\" class=\"alignnone size-full wp-image-2993\" src=\"https:\/\/www.campings.com\/fr\/content\/wp-content\/uploads\/2021\/07\/Guide-3.jpg\" alt=\"\" width=\"1000\" height=\"665\" \/><\/p>\n<h4><strong>Shopping :\u00a0<\/strong><\/h4>\n<p>Pour les amateurs de shopping, la Plan\u00e8te Plage \u00e0 Biscarosse Plage est une adresse de d\u00e9co \u00e0 d\u00e9couvrir absolument. Elle propose des bijoux, des objets de d\u00e9coration, etc. La poterie du Rond-Point, situ\u00e9e rue de Bordeaux propose quant \u00e0 elle un large choix d\u2019objets en c\u00e9ramique.<\/p>\n<h4><strong>Sensations fortes :\u00a0<\/strong><\/h4>\n<p>Envie d\u2019un petit moment de frisson pour vous amuser en famille ? Voici quelques endroits \u00e0 ne pas rater !<\/p>\n<ul>\n<li>Bisc-aventure \u00e0 Biscarrosse Plage ;<\/li>\n<li>Kart Center sur le chemin d\u2019En Hill ;<\/li>\n<li>Escalad\u2019parc, entre les plages oc\u00e9anes de Biscarosse et les for\u00eats des Landes ;<\/li>\n<li>Les \u00e9curies de Biscarrosse Laouadie, avenue de Laouadie.<\/li>\n<\/ul>\n<h2><strong>Les activit\u00e9s culturelles et sportives<\/strong><\/h2>\n<p>Biscarrosse propose aussi un grand choix d\u2019activit\u00e9s culturelles et sportives pour tous les \u00e2ges.<\/p>\n<h3><strong>Visiter le mus\u00e9e de l\u2019hydraviation<\/strong><\/h3>\n<p>Labellis\u00e9 \u00ab Mus\u00e9e de France \u00bb, le\u00a0<a href=\"https:\/\/www.campings.com\/fr\/content\/guides-vacances-biscarrosse\/musee-hydraviation-biscarrosse\/\"><u>mus\u00e9e de l\u2019hydraviation<\/u><\/a>\u00a0est situ\u00e9 sur la place Lat\u00e9co\u00e8re. Un lieu mythique o\u00f9 furent assembl\u00e9s les plus grands hydravions de France. Vous pourrez approfondir vos connaissances sur les hydravions et sur les appareils restaur\u00e9s (ou en cours) dont le GRUMMAN Albatros.<\/p>\n<p>Durant la basse saison, le mus\u00e9e est ouvert tous les jours de 14h \u00e0 18h, sauf le lundi. D\u00e8s le 1er juillet jusqu\u2019\u00e0 la fin du mois d\u2019ao\u00fbt, il est ouvert de 10h \u00e0 19h. Le mus\u00e9e est payant sauf pour les enfants de 3 \u00e0 12 ans.<\/p>\n<h3><strong>Faire du surf \u00e0 Biscarrosse<\/strong><\/h3>\n<p>Biscarrosse est un v\u00e9ritable paradis pour les amoureux des belles vagues ! D\u2019ailleurs, la commune accueille chaque ann\u00e9e plusieurs comp\u00e9titions internationales, dont le prestigieux WSL Junior Pro. Les spots de\u00a0<a href=\"https:\/\/www.campings.com\/fr\/content\/guides-vacances-biscarrosse\/surf-biscarrosse-spots\/\"><u>surf<\/u>\u00a0<\/a>les plus connus de la ville sont :<\/p>\n<ul>\n<li>La plage du Vivier ;<\/li>\n<li>Le spot du Trencat, entre la Gironde et les Landes ;<\/li>\n<li>La plage du sud ;<\/li>\n<li>La plage centrale ;<\/li>\n<li>La plage Nord.<\/li>\n<\/ul>\n<p>Biscarrosse dispose aussi de nombreuses \u00e9coles de surf o\u00f9 vous pourrez apprendre cette discipline ou vous perfectionner.<\/p>\n<p><img loading=\"lazy\" decoding=\"async\" class=\"alignnone size-full wp-image-2994\" src=\"https:\/\/www.campings.com\/fr\/content\/wp-content\/uploads\/2021\/07\/Guide-2.jpg\" alt=\"\" width=\"1000\" height=\"665\" \/><\/p>\n<h3><strong>Faire de la randonn\u00e9e \u00e0 Biscarrosse<\/strong><\/h3>\n<p>Biscarrosse fera \u00e9galement le bonheur des amateurs de\u00a0<a href=\"https:\/\/www.campings.com\/fr\/content\/guides-vacances-biscarrosse\/randonnees-biscarrosse-circuits-a-pied-ou-a-velo\/\"><u>randonn\u00e9es<\/u><\/a>, que ce soit \u00e0 pied ou \u00e0 v\u00e9lo.<\/p>\n<h4><strong>\u00c0 pied<\/strong><\/h4>\n<p>La ville offre de nombreux circuits de randonn\u00e9es p\u00e9destres. Parmi les plus importants :<\/p>\n<ul>\n<li>Le circuit de la plage qui offre une vue splendide sur la mer ;<\/li>\n<li>Le sentier de la for\u00eat est un parcours de 6,2 km. Le point de d\u00e9part est situ\u00e9 au rond-point de Maguide ;<\/li>\n<li>La boucle de Navarrosse, un circuit serpent de 12 km ;<\/li>\n<li>Le circuit En Chon Mayotte est un parcours de 9,7 km qui d\u00e9marre au port de Navarrosse ;<\/li>\n<li>La boucle de Capagut Jacques qui s\u2019\u00e9tend sur plus de 10 km.<\/li>\n<\/ul>\n<h4><strong>\u00c0 v\u00e9lo\/VTT<\/strong><\/h4>\n<p>Biscarosse propose aussi plus d\u2019une centaine de kilom\u00e8tres de pistes cyclables :<\/p>\n<ul>\n<li>La piste cyclable de Navarrosse \u00e0 Sanguinet, situ\u00e9e en plein c\u0153ur d\u2019un massif forestier ;<\/li>\n<li>Le circuit de Biscarrosse \u00e0 la Dune du Pilat, situ\u00e9 \u00e0 20 km de Biscarrosse-Plage;<\/li>\n<li>De Biscarrosse Ville \u00e0 Parentis-en-Born, un parcours facile de 11,7 km ;<\/li>\n<li>La V\u00e9lodyss\u00e9e entre Biscarrosse Plage et Parentis-en-Born qui compte 32 km de pistes cyclables ;<\/li>\n<li>La V\u00e9lodyss\u00e9e entre Parentis-en-Born et Mimizan Plage.<\/li>\n<\/ul>\n<h2><strong>Les march\u00e9s des Landes \u00e0 ne pas manquer<\/strong><\/h2>\n<p>Pour d\u00e9couvrir les sp\u00e9cialit\u00e9s landaises, ne ratez pas les\u00a0<a href=\"https:\/\/www.campings.com\/fr\/content\/guides-vacances-biscarrosse\/les-principaux-marches-de-biscarrosse-a-visiter\/\"><u>march\u00e9s<\/u>\u00a0<\/a>de Biscarosse, d\u2019Ychoux, de Sanguinet ou encore de Parentis-en-Born.<\/p>\n<p>Durant la saison estivale, des march\u00e9s nocturnes sont organis\u00e9s \u00e0 Biscarosse-Plage, Sainte-Eulalie et Parentis-en-Born.<\/p>\n<h2><strong>Les meilleurs restaurants de Biscarrosse<\/strong><\/h2>\n<p>Les Landes sont r\u00e9put\u00e9es pour sa gastronomie et ses produits du terroir comme le magret de canard, le foie gras\u2026 Biscarrosse compte de nombreux\u00a0<a href=\"https:\/\/www.campings.com\/fr\/content\/guides-vacances-biscarrosse\/restaurants-biscarrosse\/\"><u>restaurants<\/u>\u00a0<\/a>de qualit\u00e9 o\u00f9 appr\u00e9cier les sp\u00e9cialit\u00e9s de la r\u00e9gion:<\/p>\n<ul>\n<li>Le Bord de Plage situ\u00e9 sur le boulevard des sables ;<\/li>\n<li>Le Rest\u2019o, sur le boulevard des sables ;<\/li>\n<li>L\u2019Annexe, sur le boulevard d\u2019Arcachon ;<\/li>\n<li>La caravelle, situ\u00e9e sur la route des Lacs Ispe ;<\/li>\n<li>Le parcours gourmand, avenue du Golf ;<\/li>\n<li>La Playa, sur la Plage Centrale ;<\/li>\n<li>\u00c0 l\u2019impr\u00e9vu, avenue du 14 juillet ;<\/li>\n<li>Le Biscantou sur la Place Ch\u00eanes Verts ;<\/li>\n<li>Le KL restaurant, situ\u00e9 avenue de la C\u00f4te d\u2019Argent ;<\/li>\n<li>Ave Giulia Biscarrosse, sur l\u2019Avenue de la Plage.<\/li>\n<\/ul>\n<h2><strong>S\u00e9lections de campings : r\u00e9sidence, location, logement \u00e0 Biscarrosse<\/strong><\/h2>\n<p>\u00c0 la recherche d\u2019un camping \u00e0 Biscarrosse conjuguant confort et petit prix ? Voici une s\u00e9lection de nos meilleurs campings !<\/p>\n<h3><strong>Camping Le Vivier<\/strong><\/h3>\n<p>Situ\u00e9 \u00e0 800 m de la plage, le camping Le Vivier offre un cadre id\u00e9al pour des vacances en famille. Il dispose de mobil-homes et d\u2019une piscine chauff\u00e9e ouverte de juin \u00e0 septembre. Et pour occuper les plus petits, l\u2019\u00e9tablissement offre un programme riche en activit\u00e9s tout au long de l\u2019ann\u00e9e.<\/p>\n<p><a href=\"https:\/\/www.campings.com\/fr\/camping\/camping-le-vivier-76909\">Plus d\u2019infos sur le camping Le Vivier<\/a>.<\/p>\n<h3><strong>Camping Plage du Sud<\/strong><\/h3>\n<p>Situ\u00e9 en plein c\u0153ur de la station baln\u00e9aire, rue des B\u00e9casses, ce camping familial dispose d\u2019un parc aquatique. L\u2019\u00e9tablissement est \u00e0 800 m des plages seulement et dispose d\u2019une piscine chauff\u00e9e, d\u2019un plongeoir et d\u2019un toboggan.<\/p>\n<p><a href=\"https:\/\/www.campings.com\/fr\/camping\/camping-plage-sud-76913\">Plus d\u2019infos sur le camping Plage du Sud<\/a>.<\/p>\n<h3><strong>Camping chemin des Roseaux<\/strong><\/h3>\n<p>Situ\u00e9 dans les Landes, \u00e0 Biscarrosse, le camping Mayotte Vacances se trouve \u00e0 9 km de la plage. Les campeurs pourront b\u00e9n\u00e9ficier de nombreux services : wifi, laverie, d\u00e9p\u00f4t de pain\u2026<\/p>\n<p><a href=\"https:\/\/www.campings.com\/fr\/camping\/camping-mayotte-vacances-76910\">Plus d\u2019infos sur le camping Mayotte Vacances<\/a>.<\/p>\n<p>&nbsp;<\/p>\n","protected":false},"excerpt":{"rendered":"<p>Biscarrosse est l\u2019une des destinations baln\u00e9aires les plus pris\u00e9es en France en \u00e9t\u00e9\u2026 Situ\u00e9e sur la c\u00f4te Aquitaine, dans le d\u00e9partement des Landes, la station s\u00e9duit les visiteurs par sa douceur de vivre et son patrimoine naturel et historique d\u2019exception. De passage \u00e0 Bisca, vous pourrez pratiquer un large choix d\u2019activit\u00e9s vari\u00e9es. Baignade, surf, voile, [&hellip;]<\/p>\n","protected":false},"author":18,"featured_media":0,"parent":0,"menu_order":0,"comment_status":"closed","ping_status":"closed","template":"template-twocolumns.php","meta":{"_acf_changed":false,"footnotes":""},"class_list":["post-2991","page","type-page","status-publish","hentry"],"acf":[],"yoast_head":"<!-- This site is optimized with the Yoast SEO plugin v27.1.1 - https:\/\/yoast.com\/product\/yoast-seo-wordpress\/ -->\n<title>Le guide de vos vacances \u00e0 Biscarrosse -<\/title>\n<meta name=\"description\" content=\"D\u00e9couvrez les meilleures activit\u00e9s \u00e0 faire pendant votre s\u00e9jour \u00e0 Biscarrosse, destination id\u00e9ale pour des vacances alliant d\u00e9tente, culture et loisirs.\" \/>\n<meta name=\"robots\" content=\"index, follow, max-snippet:-1, max-image-preview:large, max-video-preview:-1\" \/>\n<link rel=\"canonical\" href=\"https:\/\/www.campings.com\/fr\/content\/guides-vacances-biscarrosse\/\" \/>\n<meta property=\"og:locale\" content=\"fr_FR\" \/>\n<meta property=\"og:type\" content=\"article\" \/>\n<meta property=\"og:title\" content=\"Le guide de vos vacances \u00e0 Biscarrosse -\" \/>\n<meta property=\"og:description\" content=\"D\u00e9couvrez les meilleures activit\u00e9s \u00e0 faire pendant votre s\u00e9jour \u00e0 Biscarrosse, destination id\u00e9ale pour des vacances alliant d\u00e9tente, culture et loisirs.\" \/>\n<meta property=\"og:url\" content=\"https:\/\/www.campings.com\/fr\/content\/guides-vacances-biscarrosse\/\" \/>\n<meta property=\"article:modified_time\" content=\"2021-07-22T08:17:30+00:00\" \/>\n<meta property=\"og:image\" content=\"https:\/\/www.campings.com\/fr\/content\/wp-content\/uploads\/2021\/07\/guide-4.jpg\" \/>\n\t<meta property=\"og:image:width\" content=\"1000\" \/>\n\t<meta property=\"og:image:height\" content=\"665\" \/>\n\t<meta property=\"og:image:type\" content=\"image\/jpeg\" \/>\n<meta name=\"twitter:card\" content=\"summary_large_image\" \/>\n<meta name=\"twitter:label1\" content=\"Dur\u00e9e de lecture estim\u00e9e\" \/>\n\t<meta name=\"twitter:data1\" content=\"7 minutes\" \/>\n<script type=\"application\/ld+json\" class=\"yoast-schema-graph\">{\"@context\":\"https:\/\/schema.org\",\"@graph\":[{\"@type\":\"WebPage\",\"@id\":\"https:\/\/www.campings.com\/fr\/content\/guides-vacances-biscarrosse\/\",\"url\":\"https:\/\/www.campings.com\/fr\/content\/guides-vacances-biscarrosse\/\",\"name\":\"Le guide de vos vacances \u00e0 Biscarrosse -\",\"isPartOf\":{\"@id\":\"https:\/\/www.campings.com\/fr\/content\/#website\"},\"primaryImageOfPage\":{\"@id\":\"https:\/\/www.campings.com\/fr\/content\/guides-vacances-biscarrosse\/#primaryimage\"},\"image\":{\"@id\":\"https:\/\/www.campings.com\/fr\/content\/guides-vacances-biscarrosse\/#primaryimage\"},\"thumbnailUrl\":\"https:\/\/www.campings.com\/fr\/content\/wp-content\/uploads\/2021\/07\/guide-4.jpg\",\"datePublished\":\"2021-07-21T14:11:56+00:00\",\"dateModified\":\"2021-07-22T08:17:30+00:00\",\"description\":\"D\u00e9couvrez les meilleures activit\u00e9s \u00e0 faire pendant votre s\u00e9jour \u00e0 Biscarrosse, destination id\u00e9ale pour des vacances alliant d\u00e9tente, culture et loisirs.\",\"breadcrumb\":{\"@id\":\"https:\/\/www.campings.com\/fr\/content\/guides-vacances-biscarrosse\/#breadcrumb\"},\"inLanguage\":\"fr-FR\",\"potentialAction\":[{\"@type\":\"ReadAction\",\"target\":[\"https:\/\/www.campings.com\/fr\/content\/guides-vacances-biscarrosse\/\"]}]},{\"@type\":\"ImageObject\",\"inLanguage\":\"fr-FR\",\"@id\":\"https:\/\/www.campings.com\/fr\/content\/guides-vacances-biscarrosse\/#primaryimage\",\"url\":\"https:\/\/www.campings.com\/fr\/content\/wp-content\/uploads\/2021\/07\/guide-4.jpg\",\"contentUrl\":\"https:\/\/www.campings.com\/fr\/content\/wp-content\/uploads\/2021\/07\/guide-4.jpg\",\"width\":1000,\"height\":665},{\"@type\":\"BreadcrumbList\",\"@id\":\"https:\/\/www.campings.com\/fr\/content\/guides-vacances-biscarrosse\/#breadcrumb\",\"itemListElement\":[{\"@type\":\"ListItem\",\"position\":1,\"name\":\"Home\",\"item\":\"https:\/\/www.campings.com\/fr\/content\/\"},{\"@type\":\"ListItem\",\"position\":2,\"name\":\"Le guide de vos vacances \u00e0 Biscarrosse\"}]},{\"@type\":\"WebSite\",\"@id\":\"https:\/\/www.campings.com\/fr\/content\/#website\",\"url\":\"https:\/\/www.campings.com\/fr\/content\/\",\"name\":\"\",\"description\":\"\",\"publisher\":{\"@id\":\"https:\/\/www.campings.com\/fr\/content\/#organization\"},\"potentialAction\":[{\"@type\":\"SearchAction\",\"target\":{\"@type\":\"EntryPoint\",\"urlTemplate\":\"https:\/\/www.campings.com\/fr\/content\/?s={search_term_string}\"},\"query-input\":{\"@type\":\"PropertyValueSpecification\",\"valueRequired\":true,\"valueName\":\"search_term_string\"}}],\"inLanguage\":\"fr-FR\"},{\"@type\":\"Organization\",\"@id\":\"https:\/\/www.campings.com\/fr\/content\/#organization\",\"name\":\"CAMPINGS.COM\",\"url\":\"https:\/\/www.campings.com\/fr\/content\/\",\"logo\":{\"@type\":\"ImageObject\",\"inLanguage\":\"fr-FR\",\"@id\":\"https:\/\/www.campings.com\/fr\/content\/#\/schema\/logo\/image\/\",\"url\":\"https:\/\/www.campings.com\/fr\/content\/wp-content\/uploads\/2019\/01\/cropped-logo-1.png\",\"contentUrl\":\"https:\/\/www.campings.com\/fr\/content\/wp-content\/uploads\/2019\/01\/cropped-logo-1.png\",\"width\":174,\"height\":42,\"caption\":\"CAMPINGS.COM\"},\"image\":{\"@id\":\"https:\/\/www.campings.com\/fr\/content\/#\/schema\/logo\/image\/\"}}]}<\/script>\n<!-- \/ Yoast SEO plugin. -->","yoast_head_json":{"title":"Le guide de vos vacances \u00e0 Biscarrosse -","description":"D\u00e9couvrez les meilleures activit\u00e9s \u00e0 faire pendant votre s\u00e9jour \u00e0 Biscarrosse, destination id\u00e9ale pour des vacances alliant d\u00e9tente, culture et loisirs.","robots":{"index":"index","follow":"follow","max-snippet":"max-snippet:-1","max-image-preview":"max-image-preview:large","max-video-preview":"max-video-preview:-1"},"canonical":"https:\/\/www.campings.com\/fr\/content\/guides-vacances-biscarrosse\/","og_locale":"fr_FR","og_type":"article","og_title":"Le guide de vos vacances \u00e0 Biscarrosse -","og_description":"D\u00e9couvrez les meilleures activit\u00e9s \u00e0 faire pendant votre s\u00e9jour \u00e0 Biscarrosse, destination id\u00e9ale pour des vacances alliant d\u00e9tente, culture et loisirs.","og_url":"https:\/\/www.campings.com\/fr\/content\/guides-vacances-biscarrosse\/","article_modified_time":"2021-07-22T08:17:30+00:00","og_image":[{"width":1000,"height":665,"url":"https:\/\/www.campings.com\/fr\/content\/wp-content\/uploads\/2021\/07\/guide-4.jpg","type":"image\/jpeg"}],"twitter_card":"summary_large_image","twitter_misc":{"Dur\u00e9e de lecture estim\u00e9e":"7 minutes"},"schema":{"@context":"https:\/\/schema.org","@graph":[{"@type":"WebPage","@id":"https:\/\/www.campings.com\/fr\/content\/guides-vacances-biscarrosse\/","url":"https:\/\/www.campings.com\/fr\/content\/guides-vacances-biscarrosse\/","name":"Le guide de vos vacances \u00e0 Biscarrosse -","isPartOf":{"@id":"https:\/\/www.campings.com\/fr\/content\/#website"},"primaryImageOfPage":{"@id":"https:\/\/www.campings.com\/fr\/content\/guides-vacances-biscarrosse\/#primaryimage"},"image":{"@id":"https:\/\/www.campings.com\/fr\/content\/guides-vacances-biscarrosse\/#primaryimage"},"thumbnailUrl":"https:\/\/www.campings.com\/fr\/content\/wp-content\/uploads\/2021\/07\/guide-4.jpg","datePublished":"2021-07-21T14:11:56+00:00","dateModified":"2021-07-22T08:17:30+00:00","description":"D\u00e9couvrez les meilleures activit\u00e9s \u00e0 faire pendant votre s\u00e9jour \u00e0 Biscarrosse, destination id\u00e9ale pour des vacances alliant d\u00e9tente, culture et loisirs.","breadcrumb":{"@id":"https:\/\/www.campings.com\/fr\/content\/guides-vacances-biscarrosse\/#breadcrumb"},"inLanguage":"fr-FR","potentialAction":[{"@type":"ReadAction","target":["https:\/\/www.campings.com\/fr\/content\/guides-vacances-biscarrosse\/"]}]},{"@type":"ImageObject","inLanguage":"fr-FR","@id":"https:\/\/www.campings.com\/fr\/content\/guides-vacances-biscarrosse\/#primaryimage","url":"https:\/\/www.campings.com\/fr\/content\/wp-content\/uploads\/2021\/07\/guide-4.jpg","contentUrl":"https:\/\/www.campings.com\/fr\/content\/wp-content\/uploads\/2021\/07\/guide-4.jpg","width":1000,"height":665},{"@type":"BreadcrumbList","@id":"https:\/\/www.campings.com\/fr\/content\/guides-vacances-biscarrosse\/#breadcrumb","itemListElement":[{"@type":"ListItem","position":1,"name":"Home","item":"https:\/\/www.campings.com\/fr\/content\/"},{"@type":"ListItem","position":2,"name":"Le guide de vos vacances \u00e0 Biscarrosse"}]},{"@type":"WebSite","@id":"https:\/\/www.campings.com\/fr\/content\/#website","url":"https:\/\/www.campings.com\/fr\/content\/","name":"","description":"","publisher":{"@id":"https:\/\/www.campings.com\/fr\/content\/#organization"},"potentialAction":[{"@type":"SearchAction","target":{"@type":"EntryPoint","urlTemplate":"https:\/\/www.campings.com\/fr\/content\/?s={search_term_string}"},"query-input":{"@type":"PropertyValueSpecification","valueRequired":true,"valueName":"search_term_string"}}],"inLanguage":"fr-FR"},{"@type":"Organization","@id":"https:\/\/www.campings.com\/fr\/content\/#organization","name":"CAMPINGS.COM","url":"https:\/\/www.campings.com\/fr\/content\/","logo":{"@type":"ImageObject","inLanguage":"fr-FR","@id":"https:\/\/www.campings.com\/fr\/content\/#\/schema\/logo\/image\/","url":"https:\/\/www.campings.com\/fr\/content\/wp-content\/uploads\/2019\/01\/cropped-logo-1.png","contentUrl":"https:\/\/www.campings.com\/fr\/content\/wp-content\/uploads\/2019\/01\/cropped-logo-1.png","width":174,"height":42,"caption":"CAMPINGS.COM"},"image":{"@id":"https:\/\/www.campings.com\/fr\/content\/#\/schema\/logo\/image\/"}}]}},"_links":{"self":[{"href":"https:\/\/www.campings.com\/fr\/content\/wp-json\/wp\/v2\/pages\/2991","targetHints":{"allow":["GET"]}}],"collection":[{"href":"https:\/\/www.campings.com\/fr\/content\/wp-json\/wp\/v2\/pages"}],"about":[{"href":"https:\/\/www.campings.com\/fr\/content\/wp-json\/wp\/v2\/types\/page"}],"author":[{"embeddable":true,"href":"https:\/\/www.campings.com\/fr\/content\/wp-json\/wp\/v2\/users\/18"}],"replies":[{"embeddable":true,"href":"https:\/\/www.campings.com\/fr\/content\/wp-json\/wp\/v2\/comments?post=2991"}],"version-history":[{"count":5,"href":"https:\/\/www.campings.com\/fr\/content\/wp-json\/wp\/v2\/pages\/2991\/revisions"}],"predecessor-version":[{"id":4781,"href":"https:\/\/www.campings.com\/fr\/content\/wp-json\/wp\/v2\/pages\/2991\/revisions\/4781"}],"wp:attachment":[{"href":"https:\/\/www.campings.com\/fr\/content\/wp-json\/wp\/v2\/media?parent=2991"}],"curies":[{"name":"wp","href":"https:\/\/api.w.org\/{rel}","templated":true}]}}