{"id":297,"date":"2019-03-22T10:18:09","date_gmt":"2019-03-22T10:18:09","guid":{"rendered":"https:\/\/www.campings.com\/fr\/content\/?page_id=297"},"modified":"2024-12-09T22:26:19","modified_gmt":"2024-12-09T21:26:19","slug":"guide-camping-midi-pyrenees","status":"publish","type":"page","link":"https:\/\/www.campings.com\/fr\/content\/guide-camping-midi-pyrenees\/","title":{"rendered":"Guide Camping Midi Pyr\u00e9n\u00e9es"},"content":{"rendered":"<p><span style=\"font-weight: 400\"> Pr\u00e9parez vos valises et pr\u00e9parez-vous \u00e0 vivre des vacances en camping en Midi-Pyr\u00e9n\u00e9es qui promettent d&rsquo;\u00eatre tout \u00e0 fait exceptionnelles pour toute la famille. Cette belle r\u00e9gion du sud de la France doit son charme aux paysages remarquables de l&rsquo;Aveyron et aux cit\u00e9s m\u00e9di\u00e9vales admirables du Lot, telle Rocamadour. Mais il y a encore plus \u00e0 d\u00e9couvrir. Rodez, Lourdes et Toulouse suffisent \u00e0 montrer la diversit\u00e9 des sites de la r\u00e9gion, tant en termes d&rsquo;architecture que d&rsquo;ambiance et d&rsquo;histoire. Le camping en Midi-Pyr\u00e9n\u00e9es s&rsquo;est d\u00e9velopp\u00e9 jusque dans les plus petits villages de la r\u00e9gion, tant les atouts touristiques sont nombreux et attractifs. <\/span><\/p>\n<p><span style=\"font-weight: 400\">Le gouffre de Padirac et le ch\u00e2teau fort de Najac sont des visites incontournables qui vous laisseront forc\u00e9ment des souvenirs imp\u00e9rissables. Pour garder la forme, vous pourrez m\u00eame vous lancer sur les sentiers balis\u00e9s des parcs r\u00e9gionaux de l&rsquo;Aveyron. Avnt de siroter un cocktail bien m\u00e9rit\u00e9 sur la terrasse de votre bungalow ou sur le bord de la piscine. Peu importe la ville qui aura votre pr\u00e9f\u00e9rence, la location de mobil-home en Midi-Pyr\u00e9n\u00e9es est toujours synonyme de d\u00e9paysement et d\u00e9couvertes. Les passionn\u00e9s d&rsquo;animaux s&rsquo;assureront de faire le d\u00e9tour jusqu&rsquo;au parc ornithologique ou la for\u00eat des singes pr\u00e8s de Rocamadour. Des attractions qui ravissent autant les enfants que les plus grands. L&rsquo;aventure en Midi-Pyr\u00e9n\u00e9es va bient\u00f4t commencer et n&rsquo;est pas pr\u00eate de se terminer !<\/span><\/p>\n","protected":false},"excerpt":{"rendered":"<p>Pr\u00e9parez vos valises et pr\u00e9parez-vous \u00e0 vivre des vacances en camping en Midi-Pyr\u00e9n\u00e9es qui promettent d&rsquo;\u00eatre tout \u00e0 fait exceptionnelles pour toute la famille. Cette belle r\u00e9gion du sud de la France doit son charme aux paysages remarquables de l&rsquo;Aveyron et aux cit\u00e9s m\u00e9di\u00e9vales admirables du Lot, telle Rocamadour. Mais il y a encore plus [&hellip;]<\/p>\n","protected":false},"author":2,"featured_media":944,"parent":0,"menu_order":0,"comment_status":"closed","ping_status":"closed","template":"template-region.php","meta":{"_acf_changed":false,"footnotes":""},"class_list":["post-297","page","type-page","status-publish","has-post-thumbnail","hentry"],"acf":[],"yoast_head":"<!-- This site is optimized with the Yoast SEO plugin v27.1.1 - https:\/\/yoast.com\/product\/yoast-seo-wordpress\/ -->\n<title>Guide Camping Midi Pyr\u00e9n\u00e9es -<\/title>\n<meta name=\"robots\" content=\"index, follow, max-snippet:-1, max-image-preview:large, max-video-preview:-1\" \/>\n<link rel=\"canonical\" href=\"https:\/\/www.campings.com\/fr\/content\/guide-camping-midi-pyrenees\/\" \/>\n<meta property=\"og:locale\" content=\"fr_FR\" \/>\n<meta property=\"og:type\" content=\"article\" \/>\n<meta property=\"og:title\" content=\"Guide Camping Midi Pyr\u00e9n\u00e9es -\" \/>\n<meta property=\"og:description\" content=\"Pr\u00e9parez vos valises et pr\u00e9parez-vous \u00e0 vivre des vacances en camping en Midi-Pyr\u00e9n\u00e9es qui promettent d&rsquo;\u00eatre tout \u00e0 fait exceptionnelles pour toute la famille. Cette belle r\u00e9gion du sud de la France doit son charme aux paysages remarquables de l&rsquo;Aveyron et aux cit\u00e9s m\u00e9di\u00e9vales admirables du Lot, telle Rocamadour. Mais il y a encore plus [&hellip;]\" \/>\n<meta property=\"og:url\" content=\"https:\/\/www.campings.com\/fr\/content\/guide-camping-midi-pyrenees\/\" \/>\n<meta property=\"article:modified_time\" content=\"2024-12-09T21:26:19+00:00\" \/>\n<meta property=\"og:image\" content=\"https:\/\/www.campings.com\/fr\/content\/wp-content\/uploads\/2019\/03\/Midi-P-min.jpg\" \/>\n\t<meta property=\"og:image:width\" content=\"1670\" \/>\n\t<meta property=\"og:image:height\" content=\"650\" \/>\n\t<meta property=\"og:image:type\" content=\"image\/jpeg\" \/>\n<meta name=\"twitter:card\" content=\"summary_large_image\" \/>\n<meta name=\"twitter:label1\" content=\"Dur\u00e9e de lecture estim\u00e9e\" \/>\n\t<meta name=\"twitter:data1\" content=\"1 minute\" \/>\n<script type=\"application\/ld+json\" class=\"yoast-schema-graph\">{\"@context\":\"https:\/\/schema.org\",\"@graph\":[{\"@type\":\"WebPage\",\"@id\":\"https:\/\/www.campings.com\/fr\/content\/guide-camping-midi-pyrenees\/\",\"url\":\"https:\/\/www.campings.com\/fr\/content\/guide-camping-midi-pyrenees\/\",\"name\":\"Guide Camping Midi Pyr\u00e9n\u00e9es -\",\"isPartOf\":{\"@id\":\"https:\/\/www.campings.com\/fr\/content\/#website\"},\"primaryImageOfPage\":{\"@id\":\"https:\/\/www.campings.com\/fr\/content\/guide-camping-midi-pyrenees\/#primaryimage\"},\"image\":{\"@id\":\"https:\/\/www.campings.com\/fr\/content\/guide-camping-midi-pyrenees\/#primaryimage\"},\"thumbnailUrl\":\"https:\/\/www.campings.com\/fr\/content\/wp-content\/uploads\/2019\/03\/Midi-P-min.jpg\",\"datePublished\":\"2019-03-22T10:18:09+00:00\",\"dateModified\":\"2024-12-09T21:26:19+00:00\",\"breadcrumb\":{\"@id\":\"https:\/\/www.campings.com\/fr\/content\/guide-camping-midi-pyrenees\/#breadcrumb\"},\"inLanguage\":\"fr-FR\",\"potentialAction\":[{\"@type\":\"ReadAction\",\"target\":[\"https:\/\/www.campings.com\/fr\/content\/guide-camping-midi-pyrenees\/\"]}]},{\"@type\":\"ImageObject\",\"inLanguage\":\"fr-FR\",\"@id\":\"https:\/\/www.campings.com\/fr\/content\/guide-camping-midi-pyrenees\/#primaryimage\",\"url\":\"https:\/\/www.campings.com\/fr\/content\/wp-content\/uploads\/2019\/03\/Midi-P-min.jpg\",\"contentUrl\":\"https:\/\/www.campings.com\/fr\/content\/wp-content\/uploads\/2019\/03\/Midi-P-min.jpg\",\"width\":1670,\"height\":650},{\"@type\":\"BreadcrumbList\",\"@id\":\"https:\/\/www.campings.com\/fr\/content\/guide-camping-midi-pyrenees\/#breadcrumb\",\"itemListElement\":[{\"@type\":\"ListItem\",\"position\":1,\"name\":\"Home\",\"item\":\"https:\/\/www.campings.com\/fr\/content\/\"},{\"@type\":\"ListItem\",\"position\":2,\"name\":\"Guide Camping Midi Pyr\u00e9n\u00e9es\"}]},{\"@type\":\"WebSite\",\"@id\":\"https:\/\/www.campings.com\/fr\/content\/#website\",\"url\":\"https:\/\/www.campings.com\/fr\/content\/\",\"name\":\"\",\"description\":\"\",\"publisher\":{\"@id\":\"https:\/\/www.campings.com\/fr\/content\/#organization\"},\"potentialAction\":[{\"@type\":\"SearchAction\",\"target\":{\"@type\":\"EntryPoint\",\"urlTemplate\":\"https:\/\/www.campings.com\/fr\/content\/?s={search_term_string}\"},\"query-input\":{\"@type\":\"PropertyValueSpecification\",\"valueRequired\":true,\"valueName\":\"search_term_string\"}}],\"inLanguage\":\"fr-FR\"},{\"@type\":\"Organization\",\"@id\":\"https:\/\/www.campings.com\/fr\/content\/#organization\",\"name\":\"CAMPINGS.COM\",\"url\":\"https:\/\/www.campings.com\/fr\/content\/\",\"logo\":{\"@type\":\"ImageObject\",\"inLanguage\":\"fr-FR\",\"@id\":\"https:\/\/www.campings.com\/fr\/content\/#\/schema\/logo\/image\/\",\"url\":\"https:\/\/www.campings.com\/fr\/content\/wp-content\/uploads\/2019\/01\/cropped-logo-1.png\",\"contentUrl\":\"https:\/\/www.campings.com\/fr\/content\/wp-content\/uploads\/2019\/01\/cropped-logo-1.png\",\"width\":174,\"height\":42,\"caption\":\"CAMPINGS.COM\"},\"image\":{\"@id\":\"https:\/\/www.campings.com\/fr\/content\/#\/schema\/logo\/image\/\"}}]}<\/script>\n<!-- \/ Yoast SEO plugin. -->","yoast_head_json":{"title":"Guide Camping Midi Pyr\u00e9n\u00e9es -","robots":{"index":"index","follow":"follow","max-snippet":"max-snippet:-1","max-image-preview":"max-image-preview:large","max-video-preview":"max-video-preview:-1"},"canonical":"https:\/\/www.campings.com\/fr\/content\/guide-camping-midi-pyrenees\/","og_locale":"fr_FR","og_type":"article","og_title":"Guide Camping Midi Pyr\u00e9n\u00e9es -","og_description":"Pr\u00e9parez vos valises et pr\u00e9parez-vous \u00e0 vivre des vacances en camping en Midi-Pyr\u00e9n\u00e9es qui promettent d&rsquo;\u00eatre tout \u00e0 fait exceptionnelles pour toute la famille. Cette belle r\u00e9gion du sud de la France doit son charme aux paysages remarquables de l&rsquo;Aveyron et aux cit\u00e9s m\u00e9di\u00e9vales admirables du Lot, telle Rocamadour. Mais il y a encore plus [&hellip;]","og_url":"https:\/\/www.campings.com\/fr\/content\/guide-camping-midi-pyrenees\/","article_modified_time":"2024-12-09T21:26:19+00:00","og_image":[{"width":1670,"height":650,"url":"https:\/\/www.campings.com\/fr\/content\/wp-content\/uploads\/2019\/03\/Midi-P-min.jpg","type":"image\/jpeg"}],"twitter_card":"summary_large_image","twitter_misc":{"Dur\u00e9e de lecture estim\u00e9e":"1 minute"},"schema":{"@context":"https:\/\/schema.org","@graph":[{"@type":"WebPage","@id":"https:\/\/www.campings.com\/fr\/content\/guide-camping-midi-pyrenees\/","url":"https:\/\/www.campings.com\/fr\/content\/guide-camping-midi-pyrenees\/","name":"Guide Camping Midi Pyr\u00e9n\u00e9es -","isPartOf":{"@id":"https:\/\/www.campings.com\/fr\/content\/#website"},"primaryImageOfPage":{"@id":"https:\/\/www.campings.com\/fr\/content\/guide-camping-midi-pyrenees\/#primaryimage"},"image":{"@id":"https:\/\/www.campings.com\/fr\/content\/guide-camping-midi-pyrenees\/#primaryimage"},"thumbnailUrl":"https:\/\/www.campings.com\/fr\/content\/wp-content\/uploads\/2019\/03\/Midi-P-min.jpg","datePublished":"2019-03-22T10:18:09+00:00","dateModified":"2024-12-09T21:26:19+00:00","breadcrumb":{"@id":"https:\/\/www.campings.com\/fr\/content\/guide-camping-midi-pyrenees\/#breadcrumb"},"inLanguage":"fr-FR","potentialAction":[{"@type":"ReadAction","target":["https:\/\/www.campings.com\/fr\/content\/guide-camping-midi-pyrenees\/"]}]},{"@type":"ImageObject","inLanguage":"fr-FR","@id":"https:\/\/www.campings.com\/fr\/content\/guide-camping-midi-pyrenees\/#primaryimage","url":"https:\/\/www.campings.com\/fr\/content\/wp-content\/uploads\/2019\/03\/Midi-P-min.jpg","contentUrl":"https:\/\/www.campings.com\/fr\/content\/wp-content\/uploads\/2019\/03\/Midi-P-min.jpg","width":1670,"height":650},{"@type":"BreadcrumbList","@id":"https:\/\/www.campings.com\/fr\/content\/guide-camping-midi-pyrenees\/#breadcrumb","itemListElement":[{"@type":"ListItem","position":1,"name":"Home","item":"https:\/\/www.campings.com\/fr\/content\/"},{"@type":"ListItem","position":2,"name":"Guide Camping Midi Pyr\u00e9n\u00e9es"}]},{"@type":"WebSite","@id":"https:\/\/www.campings.com\/fr\/content\/#website","url":"https:\/\/www.campings.com\/fr\/content\/","name":"","description":"","publisher":{"@id":"https:\/\/www.campings.com\/fr\/content\/#organization"},"potentialAction":[{"@type":"SearchAction","target":{"@type":"EntryPoint","urlTemplate":"https:\/\/www.campings.com\/fr\/content\/?s={search_term_string}"},"query-input":{"@type":"PropertyValueSpecification","valueRequired":true,"valueName":"search_term_string"}}],"inLanguage":"fr-FR"},{"@type":"Organization","@id":"https:\/\/www.campings.com\/fr\/content\/#organization","name":"CAMPINGS.COM","url":"https:\/\/www.campings.com\/fr\/content\/","logo":{"@type":"ImageObject","inLanguage":"fr-FR","@id":"https:\/\/www.campings.com\/fr\/content\/#\/schema\/logo\/image\/","url":"https:\/\/www.campings.com\/fr\/content\/wp-content\/uploads\/2019\/01\/cropped-logo-1.png","contentUrl":"https:\/\/www.campings.com\/fr\/content\/wp-content\/uploads\/2019\/01\/cropped-logo-1.png","width":174,"height":42,"caption":"CAMPINGS.COM"},"image":{"@id":"https:\/\/www.campings.com\/fr\/content\/#\/schema\/logo\/image\/"}}]}},"_links":{"self":[{"href":"https:\/\/www.campings.com\/fr\/content\/wp-json\/wp\/v2\/pages\/297","targetHints":{"allow":["GET"]}}],"collection":[{"href":"https:\/\/www.campings.com\/fr\/content\/wp-json\/wp\/v2\/pages"}],"about":[{"href":"https:\/\/www.campings.com\/fr\/content\/wp-json\/wp\/v2\/types\/page"}],"author":[{"embeddable":true,"href":"https:\/\/www.campings.com\/fr\/content\/wp-json\/wp\/v2\/users\/2"}],"replies":[{"embeddable":true,"href":"https:\/\/www.campings.com\/fr\/content\/wp-json\/wp\/v2\/comments?post=297"}],"version-history":[{"count":17,"href":"https:\/\/www.campings.com\/fr\/content\/wp-json\/wp\/v2\/pages\/297\/revisions"}],"predecessor-version":[{"id":4834,"href":"https:\/\/www.campings.com\/fr\/content\/wp-json\/wp\/v2\/pages\/297\/revisions\/4834"}],"wp:featuredmedia":[{"embeddable":true,"href":"https:\/\/www.campings.com\/fr\/content\/wp-json\/wp\/v2\/media\/944"}],"wp:attachment":[{"href":"https:\/\/www.campings.com\/fr\/content\/wp-json\/wp\/v2\/media?parent=297"}],"curies":[{"name":"wp","href":"https:\/\/api.w.org\/{rel}","templated":true}]}}