{"id":2947,"date":"2021-07-06T14:31:50","date_gmt":"2021-07-06T14:31:50","guid":{"rendered":"https:\/\/www.campings.com\/fr\/content\/?page_id=2947"},"modified":"2021-07-06T14:35:45","modified_gmt":"2021-07-06T14:35:45","slug":"grottes-a-visiter-en-ardeche","status":"publish","type":"page","link":"https:\/\/www.campings.com\/fr\/content\/guide-vacances-ardeche\/grottes-a-visiter-en-ardeche\/","title":{"rendered":"Les plus belles grottes \u00e0 visiter en Ard\u00e8che"},"content":{"rendered":"<p>Le d\u00e9partement de l\u2019Ard\u00e8che regorge de sites naturels exceptionnels. Il abrite de nombreuses grottes au d\u00e9cor spectaculaire \u00e0 visiter absolument pendant votre s\u00e9jour !<\/p>\n<p>R\u00e9put\u00e9e pour son patrimoine g\u00e9ologique exceptionnel, <a href=\"https:\/\/www.campings.com\/fr\/content\/guide-vacances-ardeche\/\">l\u2019<u>Ard\u00e8che<\/u><\/a>\u00a0fourmille de grottes datant de la pr\u00e9histoire \u00e0 visiter. La plupart de ces sites sont situ\u00e9s en Ard\u00e8che m\u00e9ridionale. Une zone qui s\u2019\u00e9tend de la vall\u00e9e du Rh\u00f4ne jusqu\u2019au pi\u00e9mont c\u00e9venol. D\u00e9couvrez dans ce guide les plus belles grottes de la r\u00e9gion !<\/p>\n<h2>Quelles grottes faut-il visiter en Ard\u00e8che\u00a0?<\/h2>\n<h3>Grotte de la Madeleine<\/h3>\n<p>Ferm\u00e9e depuis plusieurs mois pour cause de pand\u00e9mie, la grotte de la Madeleine est \u00e0 nouveau ouverte au public. Situ\u00e9e au c\u0153ur des gorges de l\u2019Ard\u00e8che, elle est l\u2019aboutissement d\u2019un travail titanesque dans la roche calcaire. Elle fait partie des plus belles grottes de France. Situ\u00e9e en pleine falaise, elle est compos\u00e9e de vastes salles par\u00e9es de magnifiques concr\u00e9tions. Le site, accessible par la route des gorges est situ\u00e9 \u00e0 Saint-Rem\u00e8ze.<\/p>\n<h3>Aven Grotte foresti\u00e8re \u00e0 Orgnac<\/h3>\n<p>L\u2019Aven grotte foresti\u00e8re est une cavit\u00e9 qui se visite en famille. Facile d\u2019acc\u00e8s (m\u00eame pour les plus petits), elle est constitu\u00e9e de 60 marches seulement. De plus, elle est s\u00e9curis\u00e9e par des barri\u00e8res afin d\u2019\u00e9viter les glissades. La visite du site peut se faire sans guide, car il n\u2019existe qu\u2019un seul chemin.<\/p>\n<p><img loading=\"lazy\" decoding=\"async\" class=\"alignnone size-full wp-image-2948\" src=\"https:\/\/www.campings.com\/fr\/content\/wp-content\/uploads\/2021\/07\/Grottes-Aven.jpg\" alt=\"\" width=\"1000\" height=\"665\" \/><\/p>\n<h3>Grotte Saint-Marcel<\/h3>\n<p>La grotte Saint-Marcel est situ\u00e9e en plein c\u0153ur des <a href=\"https:\/\/www.campings.com\/fr\/content\/guide-vacances-ardeche\/visiter-gorges-ardeche\/\">Gorges de l\u2019Ard\u00e8che<\/a>. Avec ses 60 km de r\u00e9seaux, c\u2019est l\u2019une des plus longues cavit\u00e9s de France. Class\u00e9e patrimoine naturel national depuis 1934, la grotte Saint-Marcel se d\u00e9marque par ses galeries riches en concr\u00e9tions. Sur place, vous pourrez admirer la surprenante cascade de Gours.<\/p>\n<p><img loading=\"lazy\" decoding=\"async\" class=\"alignnone size-full wp-image-2949\" src=\"https:\/\/www.campings.com\/fr\/content\/wp-content\/uploads\/2021\/07\/Grottes-Saint-Marcel.jpg\" alt=\"\" width=\"1000\" height=\"665\" \/><\/p>\n<h3>Grotte Chauvet<\/h3>\n<p>La grotte Chauvet est situ\u00e9e \u00e0 l\u2019entr\u00e9e des Gorges de <a href=\"https:\/\/www.campings.com\/fr\/content\/guide-vacances-ardeche\/\">l\u2019Ard\u00e8che<\/a>, \u00e0 proximit\u00e9 du Pont d\u2019Arc. Class\u00e9e au patrimoine mondial de l\u2019UNESCO depuis 2014, elle constitue la cavit\u00e9 orn\u00e9e la plus ancienne au monde. Elle abrite des peintures et des dessins spectaculaires, dont des fresques animali\u00e8res qui datent de plus de 35 000 ans. Toutefois, la grotte Chauvet est inaccessible au public en raison de sa fragilit\u00e9. Pour permettre aux touristes de d\u00e9couvrir ce tr\u00e9sor naturel, une r\u00e9plique a \u00e9t\u00e9 construite \u00e0 Vallon-Pont-d\u2019Arc : la grotte Chauvet 2.<\/p>\n<h3>Grotte Chauvet 2<\/h3>\n<p>Ouverte en 2015, la grotte Chauvet 2 reproduit les parois, les fresques, les sols et plafonds de la grotte Chauvet. Vous vivrez une exp\u00e9rience inoubliable en visitant cette magnifique cavit\u00e9 pr\u00e9historique.<\/p>\n<h3>Grotte Aven Marzal<\/h3>\n<p>La grotte Aven Marzal est situ\u00e9e \u00e0 Saint-Ram\u00e8ze. Elle a \u00e9t\u00e9 d\u00e9couverte en 1892 par le c\u00e9l\u00e8bre sp\u00e9l\u00e9ologue Edouard-Alfred Martel. Pour y acc\u00e9der, vous devez emprunter un escalier de pr\u00e8s de 360 marches depuis le plafond. Une fois en bas, vous pourrez d\u00e9couvrir de nombreux ossements d\u2019animaux, dont ceux d\u2019un ours des cavernes. Vue de l\u2019int\u00e9rieur, Aven Marzal est impressionnante avec ses formations calcaires color\u00e9es.<\/p>\n<h3>Grottes de Soyons<\/h3>\n<p>Le village de Soyons dispose de nombreuses cavit\u00e9s naturelles exceptionnelles. \u00c0 ce jour, elle compte deux grottes ouvertes au public :<\/p>\n<ul>\n<li>La grotte de N\u00e9ron qui retrace la vie des n\u00e9andertaliens ;<\/li>\n<li>Le Trou du Renard qui pr\u00e9sente de superbes concr\u00e9tions de calcaire.<\/li>\n<\/ul>\n<p><img loading=\"lazy\" decoding=\"async\" class=\"alignnone size-full wp-image-2950\" src=\"https:\/\/www.campings.com\/fr\/content\/wp-content\/uploads\/2021\/07\/Grottes-Soyons.jpg\" alt=\"\" width=\"1000\" height=\"665\" \/><\/p>\n<h2><strong>S\u00e9lection de campings en Ard\u00e8che \u00e0 proximit\u00e9 des grottes \u00e0 visiter\u00a0<\/strong><\/h2>\n<p>Lors de votre s\u00e9jour en\u00a0<a href=\"https:\/\/www.campings.com\/fr\/content\/guide-vacances-ardeche\/\"><u>Ard\u00e8che<\/u><\/a>, ne manquez pas de visiter les nombreuses grottes de la r\u00e9gion ! N\u2019h\u00e9sitez pas \u00e0 choisir un camping situ\u00e9 \u00e0 proximit\u00e9 de ces sites. D\u00e9couvrez notre s\u00e9lection de campings !<\/p>\n<h3><strong>Camping proche de\u00a0Vog\u00fc\u00e9<\/strong><\/h3>\n<p>Situ\u00e9 dans la r\u00e9gion Auvergne-Rh\u00f4ne-Alpes, le camping Les Rives d\u2019Auzon est parfait pour des vacances en famille.<\/p>\n<p><a href=\"https:\/\/www.campings.com\/fr\/camping\/camping-les-rives-dauzon-77527\">Plus d\u2019infos sur le camping Les Rives d\u2019Auzon<\/a>.<\/p>\n<h3><strong>Camping proche de Vallon-Pont-d\u2019Arc<\/strong><\/h3>\n<p>Ce camping en Ard\u00e8che offre un cadre propice pour profiter d\u2019un s\u00e9jour calme et reposant.<\/p>\n<p><a href=\"https:\/\/www.campings.com\/fr\/camping\/camping-de-lardeche-81227\">Plus d\u2019infos sur le camping de l\u2019Ard\u00e8che<\/a>.<\/p>\n<h3><strong>Camping \u00e0 Salvas<\/strong><\/h3>\n<p>Le camping Le Casque Roi est r\u00e9put\u00e9 pour ses nombreuses animations &amp; attractions. Ainsi, chaque membre de votre tribu y trouvera son bonheur.<\/p>\n<p><a href=\"https:\/\/www.campings.com\/fr\/camping\/camping-le-casque-roi-78432\">Plus d\u2019infos sur le camping Le Casque Roi<\/a>.<\/p>\n<h3><strong>Camping proche de Salvas<\/strong><\/h3>\n<p>Le camping Domaine Des Blachas propose de nombreux services de qualit\u00e9 pour un s\u00e9jour agr\u00e9able et tout confort. De plus, des animations pour les enfants sont organis\u00e9es tous les jours.<\/p>\n<p><a href=\"https:\/\/www.campings.com\/fr\/camping\/camping-domaine-des-blachas-78436\">Plus d\u2019infos sur le camping Domaine Des Blachas<\/a>.<\/p>\n<h3><strong>Camping \u00e0 les Oulli\u00e8res-sur-Eyrieux<\/strong><\/h3>\n<p>Le camping Les Mas de Champel est le cadre parfait pour un s\u00e9jour en famille. L\u2019\u00e9tablissement propose un large choix d\u2019activit\u00e9s \u00e0 partager pour des moments pleins de convivialit\u00e9.<\/p>\n<p><a href=\"https:\/\/www.campings.com\/fr\/camping\/camping-le-mas-de-champel-77587\">\u00a0Plus d\u2019infos sur le camping Les Mas de Champel<\/a>.<\/p>\n","protected":false},"excerpt":{"rendered":"<p>Le d\u00e9partement de l\u2019Ard\u00e8che regorge de sites naturels exceptionnels. Il abrite de nombreuses grottes au d\u00e9cor spectaculaire \u00e0 visiter absolument pendant votre s\u00e9jour ! R\u00e9put\u00e9e pour son patrimoine g\u00e9ologique exceptionnel, l\u2019Ard\u00e8che\u00a0fourmille de grottes datant de la pr\u00e9histoire \u00e0 visiter. La plupart de ces sites sont situ\u00e9s en Ard\u00e8che m\u00e9ridionale. Une zone qui s\u2019\u00e9tend de la [&hellip;]<\/p>\n","protected":false},"author":18,"featured_media":0,"parent":2897,"menu_order":0,"comment_status":"closed","ping_status":"closed","template":"template-twocolumns.php","meta":{"_acf_changed":false,"footnotes":""},"class_list":["post-2947","page","type-page","status-publish","hentry"],"acf":[],"yoast_head":"<!-- This site is optimized with the Yoast SEO plugin v27.1.1 - https:\/\/yoast.com\/product\/yoast-seo-wordpress\/ -->\n<title>Les plus belles grottes \u00e0 visiter en Ard\u00e8che -<\/title>\n<meta name=\"description\" content=\"Partez \u00e0 la d\u00e9couverte des plus belles grottes de l\u2019Ard\u00e8che m\u00e9ridionale, des attractions touristiques incontournables de ce d\u00e9partement.\" \/>\n<meta name=\"robots\" content=\"index, follow, max-snippet:-1, max-image-preview:large, max-video-preview:-1\" \/>\n<link rel=\"canonical\" href=\"https:\/\/www.campings.com\/fr\/content\/guide-vacances-ardeche\/grottes-a-visiter-en-ardeche\/\" \/>\n<meta property=\"og:locale\" content=\"fr_FR\" \/>\n<meta property=\"og:type\" content=\"article\" \/>\n<meta property=\"og:title\" content=\"Les plus belles grottes \u00e0 visiter en Ard\u00e8che -\" \/>\n<meta property=\"og:description\" content=\"Partez \u00e0 la d\u00e9couverte des plus belles grottes de l\u2019Ard\u00e8che m\u00e9ridionale, des attractions touristiques incontournables de ce d\u00e9partement.\" \/>\n<meta property=\"og:url\" content=\"https:\/\/www.campings.com\/fr\/content\/guide-vacances-ardeche\/grottes-a-visiter-en-ardeche\/\" \/>\n<meta property=\"article:modified_time\" content=\"2021-07-06T14:35:45+00:00\" \/>\n<meta property=\"og:image\" content=\"https:\/\/www.campings.com\/fr\/content\/wp-content\/uploads\/2021\/07\/Grottes-Aven.jpg\" \/>\n\t<meta property=\"og:image:width\" content=\"1000\" \/>\n\t<meta property=\"og:image:height\" content=\"665\" \/>\n\t<meta property=\"og:image:type\" content=\"image\/jpeg\" \/>\n<meta name=\"twitter:card\" content=\"summary_large_image\" \/>\n<meta name=\"twitter:label1\" content=\"Dur\u00e9e de lecture estim\u00e9e\" \/>\n\t<meta name=\"twitter:data1\" content=\"4 minutes\" \/>\n<script type=\"application\/ld+json\" class=\"yoast-schema-graph\">{\"@context\":\"https:\/\/schema.org\",\"@graph\":[{\"@type\":\"WebPage\",\"@id\":\"https:\/\/www.campings.com\/fr\/content\/guide-vacances-ardeche\/grottes-a-visiter-en-ardeche\/\",\"url\":\"https:\/\/www.campings.com\/fr\/content\/guide-vacances-ardeche\/grottes-a-visiter-en-ardeche\/\",\"name\":\"Les plus belles grottes \u00e0 visiter en Ard\u00e8che -\",\"isPartOf\":{\"@id\":\"https:\/\/www.campings.com\/fr\/content\/#website\"},\"primaryImageOfPage\":{\"@id\":\"https:\/\/www.campings.com\/fr\/content\/guide-vacances-ardeche\/grottes-a-visiter-en-ardeche\/#primaryimage\"},\"image\":{\"@id\":\"https:\/\/www.campings.com\/fr\/content\/guide-vacances-ardeche\/grottes-a-visiter-en-ardeche\/#primaryimage\"},\"thumbnailUrl\":\"https:\/\/www.campings.com\/fr\/content\/wp-content\/uploads\/2021\/07\/Grottes-Aven.jpg\",\"datePublished\":\"2021-07-06T14:31:50+00:00\",\"dateModified\":\"2021-07-06T14:35:45+00:00\",\"description\":\"Partez \u00e0 la d\u00e9couverte des plus belles grottes de l\u2019Ard\u00e8che m\u00e9ridionale, des attractions touristiques incontournables de ce d\u00e9partement.\",\"breadcrumb\":{\"@id\":\"https:\/\/www.campings.com\/fr\/content\/guide-vacances-ardeche\/grottes-a-visiter-en-ardeche\/#breadcrumb\"},\"inLanguage\":\"fr-FR\",\"potentialAction\":[{\"@type\":\"ReadAction\",\"target\":[\"https:\/\/www.campings.com\/fr\/content\/guide-vacances-ardeche\/grottes-a-visiter-en-ardeche\/\"]}]},{\"@type\":\"ImageObject\",\"inLanguage\":\"fr-FR\",\"@id\":\"https:\/\/www.campings.com\/fr\/content\/guide-vacances-ardeche\/grottes-a-visiter-en-ardeche\/#primaryimage\",\"url\":\"https:\/\/www.campings.com\/fr\/content\/wp-content\/uploads\/2021\/07\/Grottes-Aven.jpg\",\"contentUrl\":\"https:\/\/www.campings.com\/fr\/content\/wp-content\/uploads\/2021\/07\/Grottes-Aven.jpg\",\"width\":1000,\"height\":665},{\"@type\":\"BreadcrumbList\",\"@id\":\"https:\/\/www.campings.com\/fr\/content\/guide-vacances-ardeche\/grottes-a-visiter-en-ardeche\/#breadcrumb\",\"itemListElement\":[{\"@type\":\"ListItem\",\"position\":1,\"name\":\"Home\",\"item\":\"https:\/\/www.campings.com\/fr\/content\/\"},{\"@type\":\"ListItem\",\"position\":2,\"name\":\"Le guide de vos vacances en Ard\u00e8che\",\"item\":\"https:\/\/www.campings.com\/fr\/content\/guide-vacances-ardeche\/\"},{\"@type\":\"ListItem\",\"position\":3,\"name\":\"Les plus belles grottes \u00e0 visiter en Ard\u00e8che\"}]},{\"@type\":\"WebSite\",\"@id\":\"https:\/\/www.campings.com\/fr\/content\/#website\",\"url\":\"https:\/\/www.campings.com\/fr\/content\/\",\"name\":\"\",\"description\":\"\",\"publisher\":{\"@id\":\"https:\/\/www.campings.com\/fr\/content\/#organization\"},\"potentialAction\":[{\"@type\":\"SearchAction\",\"target\":{\"@type\":\"EntryPoint\",\"urlTemplate\":\"https:\/\/www.campings.com\/fr\/content\/?s={search_term_string}\"},\"query-input\":{\"@type\":\"PropertyValueSpecification\",\"valueRequired\":true,\"valueName\":\"search_term_string\"}}],\"inLanguage\":\"fr-FR\"},{\"@type\":\"Organization\",\"@id\":\"https:\/\/www.campings.com\/fr\/content\/#organization\",\"name\":\"CAMPINGS.COM\",\"url\":\"https:\/\/www.campings.com\/fr\/content\/\",\"logo\":{\"@type\":\"ImageObject\",\"inLanguage\":\"fr-FR\",\"@id\":\"https:\/\/www.campings.com\/fr\/content\/#\/schema\/logo\/image\/\",\"url\":\"https:\/\/www.campings.com\/fr\/content\/wp-content\/uploads\/2019\/01\/cropped-logo-1.png\",\"contentUrl\":\"https:\/\/www.campings.com\/fr\/content\/wp-content\/uploads\/2019\/01\/cropped-logo-1.png\",\"width\":174,\"height\":42,\"caption\":\"CAMPINGS.COM\"},\"image\":{\"@id\":\"https:\/\/www.campings.com\/fr\/content\/#\/schema\/logo\/image\/\"}}]}<\/script>\n<!-- \/ Yoast SEO plugin. -->","yoast_head_json":{"title":"Les plus belles grottes \u00e0 visiter en Ard\u00e8che -","description":"Partez \u00e0 la d\u00e9couverte des plus belles grottes de l\u2019Ard\u00e8che m\u00e9ridionale, des attractions touristiques incontournables de ce d\u00e9partement.","robots":{"index":"index","follow":"follow","max-snippet":"max-snippet:-1","max-image-preview":"max-image-preview:large","max-video-preview":"max-video-preview:-1"},"canonical":"https:\/\/www.campings.com\/fr\/content\/guide-vacances-ardeche\/grottes-a-visiter-en-ardeche\/","og_locale":"fr_FR","og_type":"article","og_title":"Les plus belles grottes \u00e0 visiter en Ard\u00e8che -","og_description":"Partez \u00e0 la d\u00e9couverte des plus belles grottes de l\u2019Ard\u00e8che m\u00e9ridionale, des attractions touristiques incontournables de ce d\u00e9partement.","og_url":"https:\/\/www.campings.com\/fr\/content\/guide-vacances-ardeche\/grottes-a-visiter-en-ardeche\/","article_modified_time":"2021-07-06T14:35:45+00:00","og_image":[{"width":1000,"height":665,"url":"https:\/\/www.campings.com\/fr\/content\/wp-content\/uploads\/2021\/07\/Grottes-Aven.jpg","type":"image\/jpeg"}],"twitter_card":"summary_large_image","twitter_misc":{"Dur\u00e9e de lecture estim\u00e9e":"4 minutes"},"schema":{"@context":"https:\/\/schema.org","@graph":[{"@type":"WebPage","@id":"https:\/\/www.campings.com\/fr\/content\/guide-vacances-ardeche\/grottes-a-visiter-en-ardeche\/","url":"https:\/\/www.campings.com\/fr\/content\/guide-vacances-ardeche\/grottes-a-visiter-en-ardeche\/","name":"Les plus belles grottes \u00e0 visiter en Ard\u00e8che -","isPartOf":{"@id":"https:\/\/www.campings.com\/fr\/content\/#website"},"primaryImageOfPage":{"@id":"https:\/\/www.campings.com\/fr\/content\/guide-vacances-ardeche\/grottes-a-visiter-en-ardeche\/#primaryimage"},"image":{"@id":"https:\/\/www.campings.com\/fr\/content\/guide-vacances-ardeche\/grottes-a-visiter-en-ardeche\/#primaryimage"},"thumbnailUrl":"https:\/\/www.campings.com\/fr\/content\/wp-content\/uploads\/2021\/07\/Grottes-Aven.jpg","datePublished":"2021-07-06T14:31:50+00:00","dateModified":"2021-07-06T14:35:45+00:00","description":"Partez \u00e0 la d\u00e9couverte des plus belles grottes de l\u2019Ard\u00e8che m\u00e9ridionale, des attractions touristiques incontournables de ce d\u00e9partement.","breadcrumb":{"@id":"https:\/\/www.campings.com\/fr\/content\/guide-vacances-ardeche\/grottes-a-visiter-en-ardeche\/#breadcrumb"},"inLanguage":"fr-FR","potentialAction":[{"@type":"ReadAction","target":["https:\/\/www.campings.com\/fr\/content\/guide-vacances-ardeche\/grottes-a-visiter-en-ardeche\/"]}]},{"@type":"ImageObject","inLanguage":"fr-FR","@id":"https:\/\/www.campings.com\/fr\/content\/guide-vacances-ardeche\/grottes-a-visiter-en-ardeche\/#primaryimage","url":"https:\/\/www.campings.com\/fr\/content\/wp-content\/uploads\/2021\/07\/Grottes-Aven.jpg","contentUrl":"https:\/\/www.campings.com\/fr\/content\/wp-content\/uploads\/2021\/07\/Grottes-Aven.jpg","width":1000,"height":665},{"@type":"BreadcrumbList","@id":"https:\/\/www.campings.com\/fr\/content\/guide-vacances-ardeche\/grottes-a-visiter-en-ardeche\/#breadcrumb","itemListElement":[{"@type":"ListItem","position":1,"name":"Home","item":"https:\/\/www.campings.com\/fr\/content\/"},{"@type":"ListItem","position":2,"name":"Le guide de vos vacances en Ard\u00e8che","item":"https:\/\/www.campings.com\/fr\/content\/guide-vacances-ardeche\/"},{"@type":"ListItem","position":3,"name":"Les plus belles grottes \u00e0 visiter en Ard\u00e8che"}]},{"@type":"WebSite","@id":"https:\/\/www.campings.com\/fr\/content\/#website","url":"https:\/\/www.campings.com\/fr\/content\/","name":"","description":"","publisher":{"@id":"https:\/\/www.campings.com\/fr\/content\/#organization"},"potentialAction":[{"@type":"SearchAction","target":{"@type":"EntryPoint","urlTemplate":"https:\/\/www.campings.com\/fr\/content\/?s={search_term_string}"},"query-input":{"@type":"PropertyValueSpecification","valueRequired":true,"valueName":"search_term_string"}}],"inLanguage":"fr-FR"},{"@type":"Organization","@id":"https:\/\/www.campings.com\/fr\/content\/#organization","name":"CAMPINGS.COM","url":"https:\/\/www.campings.com\/fr\/content\/","logo":{"@type":"ImageObject","inLanguage":"fr-FR","@id":"https:\/\/www.campings.com\/fr\/content\/#\/schema\/logo\/image\/","url":"https:\/\/www.campings.com\/fr\/content\/wp-content\/uploads\/2019\/01\/cropped-logo-1.png","contentUrl":"https:\/\/www.campings.com\/fr\/content\/wp-content\/uploads\/2019\/01\/cropped-logo-1.png","width":174,"height":42,"caption":"CAMPINGS.COM"},"image":{"@id":"https:\/\/www.campings.com\/fr\/content\/#\/schema\/logo\/image\/"}}]}},"_links":{"self":[{"href":"https:\/\/www.campings.com\/fr\/content\/wp-json\/wp\/v2\/pages\/2947","targetHints":{"allow":["GET"]}}],"collection":[{"href":"https:\/\/www.campings.com\/fr\/content\/wp-json\/wp\/v2\/pages"}],"about":[{"href":"https:\/\/www.campings.com\/fr\/content\/wp-json\/wp\/v2\/types\/page"}],"author":[{"embeddable":true,"href":"https:\/\/www.campings.com\/fr\/content\/wp-json\/wp\/v2\/users\/18"}],"replies":[{"embeddable":true,"href":"https:\/\/www.campings.com\/fr\/content\/wp-json\/wp\/v2\/comments?post=2947"}],"version-history":[{"count":1,"href":"https:\/\/www.campings.com\/fr\/content\/wp-json\/wp\/v2\/pages\/2947\/revisions"}],"predecessor-version":[{"id":2951,"href":"https:\/\/www.campings.com\/fr\/content\/wp-json\/wp\/v2\/pages\/2947\/revisions\/2951"}],"up":[{"embeddable":true,"href":"https:\/\/www.campings.com\/fr\/content\/wp-json\/wp\/v2\/pages\/2897"}],"wp:attachment":[{"href":"https:\/\/www.campings.com\/fr\/content\/wp-json\/wp\/v2\/media?parent=2947"}],"curies":[{"name":"wp","href":"https:\/\/api.w.org\/{rel}","templated":true}]}}