{"id":2943,"date":"2021-07-06T14:08:17","date_gmt":"2021-07-06T14:08:17","guid":{"rendered":"https:\/\/www.campings.com\/fr\/content\/?page_id=2943"},"modified":"2021-07-06T14:08:18","modified_gmt":"2021-07-06T14:08:18","slug":"visiter-gorges-ardeche","status":"publish","type":"page","link":"https:\/\/www.campings.com\/fr\/content\/guide-vacances-ardeche\/visiter-gorges-ardeche\/","title":{"rendered":"Visiter les Gorges de l&rsquo;Ard\u00e8che"},"content":{"rendered":"<p>Avec ses sites naturels au d\u00e9cor somptueux, l\u2019Ard\u00e8che est une destination touristique tr\u00e8s pris\u00e9e en \u00e9t\u00e9. Parmi les lieux les plus incontournables, les Gorges de l\u2019Ard\u00e8che figure en t\u00eate\u2026 Suivez le guide !<\/p>\n<p>Les Gorges de l\u2019Ard\u00e8che\u00a0sont situ\u00e9es dans le sud du d\u00e9partement de <a href=\"https:\/\/www.campings.com\/fr\/content\/guide-vacances-ardeche\/\">l\u2019Ard\u00e8che<\/a>. Elles s\u2019\u00e9tendent sur plus de 30 km, de Vallon-Pont-d\u2019Arc \u00e0 Saint-Martin-d\u2019Ard\u00e8che. Ce haut lieu pr\u00e9historique est un espace prot\u00e9g\u00e9 compos\u00e9 de falaises vertigineuses et d\u2019un profond canyon creus\u00e9 par les eaux. Sa formation, qui remonte a 125 millions d\u2019ann\u00e9es est indissociable de l\u2019histoire g\u00e9ologique de la basse Ard\u00e8che Urgonienne. Apr\u00e8s le retrait progressif de la mer, les eaux continentales ont commenc\u00e9 \u00e0 tracer les m\u00e9andres de la rivi\u00e8re. Enfin, il y a 5 millions d\u2019ann\u00e9es, sous l\u2019effet de l\u2019\u00e9rosion, les gorges apparaissent. Ce guide vous propose de d\u00e9couvrir toutes les facettes de ce site naturel exceptionnel.<\/p>\n<h2><strong>Vallon-Pont-d\u2019Arc, point de d\u00e9part de la r\u00e9serve naturelle nationale des Gorges<\/strong><\/h2>\n<p>Chaque ann\u00e9e, le Pont d\u2019Arc accueille en moyenne 1,5 million de visiteurs. Ce petit village de 3100 habitants voit sa population se multiplier par 10 pendant les vacances d\u2019\u00e9t\u00e9. Le village doit son nom \u00e0 l\u2019arche naturelle qui s\u2019est form\u00e9e il y a 500 000 ans. Ce pont monumental de 54 m\u00e8tres de haut est situ\u00e9 \u00e0 l\u2019entr\u00e9e de la r\u00e9serve naturelle nationale des gorges de l\u2019Ard\u00e8che. En 2015, le site se d\u00e9t\u00e9riore et fait l\u2019objet de travaux de r\u00e9habilitation pour s\u00e9curiser l\u2019acc\u00e8s\u2026 Aujourd\u2019hui, le Pont d\u2019Arc est \u00e0 nouveau accessible et dispose d\u2019un parking et d\u2019un acc\u00e8s s\u00e9curis\u00e9 pour les visiteurs.<\/p>\n<h2><strong>La descente des gorges en cano\u00eb-kayak<\/strong><\/h2>\n<p>La descente des gorges de l\u2019Ard\u00e8che\u00a0en cano\u00eb est une activit\u00e9 incontournable lors d\u2019un s\u00e9jour dans ce d\u00e9partement. Les loueurs de cano\u00eb et de kayak de la r\u00e9gion proposent g\u00e9n\u00e9ralement plusieurs formules. Les visiteurs peuvent choisir entre la mini-descente de 8 km ou la descente de 37 km. Cette balade permet d\u2019admirer pleinement la beaut\u00e9 de ce site exceptionnel. Durant les trajets, des arr\u00eats sont programm\u00e9s pour profiter de la vue ou pique-niquer au bord de la rivi\u00e8re.<\/p>\n<p><img loading=\"lazy\" decoding=\"async\" class=\"alignnone size-full wp-image-2944\" src=\"https:\/\/www.campings.com\/fr\/content\/wp-content\/uploads\/2021\/07\/Gorges-canoe-2.jpg\" alt=\"\" width=\"1000\" height=\"665\" \/><\/p>\n<h2><strong>La randonn\u00e9e du sentier des gorges de l\u2019Ard\u00e8che<\/strong><\/h2>\n<p>La visite des gorges peut aussi se faire \u00e0 pied. Des randonn\u00e9es p\u00e9destres sont r\u00e9guli\u00e8rement organis\u00e9es au Cirque de Gens. Bien que ce site soit situ\u00e9 en dehors du parc naturel des gorges de <a href=\"https:\/\/www.campings.com\/fr\/content\/guide-vacances-ardeche\/\">l\u2019Ard\u00e8che<\/a>, il vaut aussi le d\u00e9tour ! De plus, l\u2019itin\u00e9raire de la randonn\u00e9e est balis\u00e9 pour garantir la s\u00e9curit\u00e9 des marcheurs. Apr\u00e8s 20 minutes de marche, le sentier d\u00e9bouche sur une magnifique plage o\u00f9 se baigner en \u00e9t\u00e9.<\/p>\n<h2><strong>Faire du bivouac au bord de la rivi\u00e8re<\/strong><\/h2>\n<p>La r\u00e9serve naturelle des gorges de l\u2019Ard\u00e8che est interdite au camping sauvage. La seule formule d\u2019h\u00e9bergement autoris\u00e9e est le bivouac. Ces campements provisoires sont constitu\u00e9s du strict minimum pour dormir. Les places des bivouacs dans la r\u00e9serve \u00e9tant limit\u00e9es, il est n\u00e9cessaire de r\u00e9server \u00e0 l\u2019avance.<\/p>\n<h2><strong>Une baignade dans les Gorges<\/strong><\/h2>\n<p>L\u2019Ard\u00e8che est une rivi\u00e8re qui s\u2019\u00e9tend sur plus de 125 km de longueur. Elle compte plusieurs spots de baignade dont Balazuc et Vog\u00fc\u00e9. Ces deux sites font partie des plus beaux du pays.<\/p>\n<p><img loading=\"lazy\" decoding=\"async\" class=\"alignnone size-full wp-image-2945\" src=\"https:\/\/www.campings.com\/fr\/content\/wp-content\/uploads\/2021\/07\/Gorges-1.jpg\" alt=\"\" width=\"1000\" height=\"665\" \/><\/p>\n<h2><strong>S\u00e9lection de campings sur la route touristique des Gorges\u00a0<\/strong><\/h2>\n<p>La d\u00e9couverte des gorges de l\u2019Ard\u00e8che\u00a0est une activit\u00e9 incontournable lors de la visite de la r\u00e9gion et du d\u00e9partement de <a href=\"https:\/\/www.campings.com\/fr\/content\/guide-vacances-ardeche\/\">l&rsquo;Ard\u00e8che<\/a>. Elle peut se faire \u00e0 pied, en cano\u00eb ou en kayak. A la recherche d\u2019un camping \u00e0 proximit\u00e9 du site ? D\u00e9couvrez notre s\u00e9lection de campings !<\/p>\n<h3><strong>Camping Vallon-Pont-d\u2019Arc<\/strong><\/h3>\n<p>Le camping R\u00e9sidence les Sources de Manon est situ\u00e9 aux portes de la r\u00e9serve naturelle des Gorges de l\u2019Ard\u00e8che. Il dispose d\u2019un parking s\u00e9curis\u00e9 gratuit et il est situ\u00e9 \u00e0 10 minutes du village de Vallon-Pont-D\u2019arc.<\/p>\n<p><a href=\"https:\/\/www.campings.com\/fr\/camping\/residence-les-sources-de-manon-78684\">Plus d\u2019infos sur le camping R\u00e9sidence Les Sources de Manon<\/a>.<\/p>\n<h3><strong>Camping Proche Vallon-Pont-d\u2019Arc<\/strong><\/h3>\n<p>Ce camping en Ard\u00e8che est situ\u00e9 dans le village de Salavas, \u00e0 proximit\u00e9 d\u2019une plage. Id\u00e9al pour un s\u00e9jour en famille, il propose une aire de jeux pour les enfants et offre de nombreux loisirs.<\/p>\n<p><a href=\"https:\/\/www.campings.com\/fr\/camping\/camping-de-lardeche-81227\">Plus d\u2019infos sur le camping de l\u2019Ard\u00e8che<\/a>.<\/p>\n<h3><strong>Camping Salvas<\/strong><\/h3>\n<p>Le camping Le Casque Roi est nich\u00e9 au c\u0153ur de la r\u00e9gion Auvergne-Rh\u00f4ne-Alpes. B\u00e9n\u00e9ficiant d\u2019un bel emplacement g\u00e9ographique, il propose de nombreuses activit\u00e9s familiales pour petits et grands.<\/p>\n<p><a href=\"https:\/\/www.campings.com\/fr\/camping\/camping-le-casque-roi-78432\">Plus d\u2019infos sur le camping Le Casque Roi<\/a>.<\/p>\n<h3><strong>Camping Rh\u00f4nes-Alpes<\/strong><\/h3>\n<p>Le camping Domaine Les Blachas est situ\u00e9 en bord de rivi\u00e8re. Un \u00e9tablissement tout confort parfait pour des vacances entre amis ou en famille. En \u00e9t\u00e9, les amateurs de baignade pourront \u00e9galement profiter de la piscine ext\u00e9rieure.<\/p>\n<p><a href=\"https:\/\/www.campings.com\/fr\/camping\/camping-domaine-des-blachas-78436\">Plus d\u2019infos sur le camping Domaines Les Blachas<\/a>.<\/p>\n","protected":false},"excerpt":{"rendered":"<p>Avec ses sites naturels au d\u00e9cor somptueux, l\u2019Ard\u00e8che est une destination touristique tr\u00e8s pris\u00e9e en \u00e9t\u00e9. Parmi les lieux les plus incontournables, les Gorges de l\u2019Ard\u00e8che figure en t\u00eate\u2026 Suivez le guide ! Les Gorges de l\u2019Ard\u00e8che\u00a0sont situ\u00e9es dans le sud du d\u00e9partement de l\u2019Ard\u00e8che. Elles s\u2019\u00e9tendent sur plus de 30 km, de Vallon-Pont-d\u2019Arc \u00e0 [&hellip;]<\/p>\n","protected":false},"author":18,"featured_media":0,"parent":2897,"menu_order":0,"comment_status":"closed","ping_status":"closed","template":"template-twocolumns.php","meta":{"_acf_changed":false,"footnotes":""},"class_list":["post-2943","page","type-page","status-publish","hentry"],"acf":[],"yoast_head":"<!-- This site is optimized with the Yoast SEO plugin v27.1.1 - https:\/\/yoast.com\/product\/yoast-seo-wordpress\/ -->\n<title>Visiter les Gorges de l&#039;Ard\u00e8che -<\/title>\n<meta name=\"description\" content=\"Visitez les gorges de l\u2019Ard\u00e8che, un site touristique incontournable \u00e0 d\u00e9couvrir, situ\u00e9 dans le sud du d\u00e9partement de l\u2019Ard\u00e8che.\" \/>\n<meta name=\"robots\" content=\"index, follow, max-snippet:-1, max-image-preview:large, max-video-preview:-1\" \/>\n<link rel=\"canonical\" href=\"https:\/\/www.campings.com\/fr\/content\/guide-vacances-ardeche\/visiter-gorges-ardeche\/\" \/>\n<meta property=\"og:locale\" content=\"fr_FR\" \/>\n<meta property=\"og:type\" content=\"article\" \/>\n<meta property=\"og:title\" content=\"Visiter les Gorges de l&#039;Ard\u00e8che -\" \/>\n<meta property=\"og:description\" content=\"Visitez les gorges de l\u2019Ard\u00e8che, un site touristique incontournable \u00e0 d\u00e9couvrir, situ\u00e9 dans le sud du d\u00e9partement de l\u2019Ard\u00e8che.\" \/>\n<meta property=\"og:url\" content=\"https:\/\/www.campings.com\/fr\/content\/guide-vacances-ardeche\/visiter-gorges-ardeche\/\" \/>\n<meta property=\"article:modified_time\" content=\"2021-07-06T14:08:18+00:00\" \/>\n<meta property=\"og:image\" content=\"https:\/\/www.campings.com\/fr\/content\/wp-content\/uploads\/2021\/07\/Gorges-canoe-2.jpg\" \/>\n\t<meta property=\"og:image:width\" content=\"1000\" \/>\n\t<meta property=\"og:image:height\" content=\"665\" \/>\n\t<meta property=\"og:image:type\" content=\"image\/jpeg\" \/>\n<meta name=\"twitter:card\" content=\"summary_large_image\" \/>\n<meta name=\"twitter:label1\" content=\"Dur\u00e9e de lecture estim\u00e9e\" \/>\n\t<meta name=\"twitter:data1\" content=\"4 minutes\" \/>\n<script type=\"application\/ld+json\" class=\"yoast-schema-graph\">{\"@context\":\"https:\/\/schema.org\",\"@graph\":[{\"@type\":\"WebPage\",\"@id\":\"https:\/\/www.campings.com\/fr\/content\/guide-vacances-ardeche\/visiter-gorges-ardeche\/\",\"url\":\"https:\/\/www.campings.com\/fr\/content\/guide-vacances-ardeche\/visiter-gorges-ardeche\/\",\"name\":\"Visiter les Gorges de l'Ard\u00e8che -\",\"isPartOf\":{\"@id\":\"https:\/\/www.campings.com\/fr\/content\/#website\"},\"primaryImageOfPage\":{\"@id\":\"https:\/\/www.campings.com\/fr\/content\/guide-vacances-ardeche\/visiter-gorges-ardeche\/#primaryimage\"},\"image\":{\"@id\":\"https:\/\/www.campings.com\/fr\/content\/guide-vacances-ardeche\/visiter-gorges-ardeche\/#primaryimage\"},\"thumbnailUrl\":\"https:\/\/www.campings.com\/fr\/content\/wp-content\/uploads\/2021\/07\/Gorges-canoe-2.jpg\",\"datePublished\":\"2021-07-06T14:08:17+00:00\",\"dateModified\":\"2021-07-06T14:08:18+00:00\",\"description\":\"Visitez les gorges de l\u2019Ard\u00e8che, un site touristique incontournable \u00e0 d\u00e9couvrir, situ\u00e9 dans le sud du d\u00e9partement de l\u2019Ard\u00e8che.\",\"breadcrumb\":{\"@id\":\"https:\/\/www.campings.com\/fr\/content\/guide-vacances-ardeche\/visiter-gorges-ardeche\/#breadcrumb\"},\"inLanguage\":\"fr-FR\",\"potentialAction\":[{\"@type\":\"ReadAction\",\"target\":[\"https:\/\/www.campings.com\/fr\/content\/guide-vacances-ardeche\/visiter-gorges-ardeche\/\"]}]},{\"@type\":\"ImageObject\",\"inLanguage\":\"fr-FR\",\"@id\":\"https:\/\/www.campings.com\/fr\/content\/guide-vacances-ardeche\/visiter-gorges-ardeche\/#primaryimage\",\"url\":\"https:\/\/www.campings.com\/fr\/content\/wp-content\/uploads\/2021\/07\/Gorges-canoe-2.jpg\",\"contentUrl\":\"https:\/\/www.campings.com\/fr\/content\/wp-content\/uploads\/2021\/07\/Gorges-canoe-2.jpg\",\"width\":1000,\"height\":665},{\"@type\":\"BreadcrumbList\",\"@id\":\"https:\/\/www.campings.com\/fr\/content\/guide-vacances-ardeche\/visiter-gorges-ardeche\/#breadcrumb\",\"itemListElement\":[{\"@type\":\"ListItem\",\"position\":1,\"name\":\"Home\",\"item\":\"https:\/\/www.campings.com\/fr\/content\/\"},{\"@type\":\"ListItem\",\"position\":2,\"name\":\"Le guide de vos vacances en Ard\u00e8che\",\"item\":\"https:\/\/www.campings.com\/fr\/content\/guide-vacances-ardeche\/\"},{\"@type\":\"ListItem\",\"position\":3,\"name\":\"Visiter les Gorges de l&rsquo;Ard\u00e8che\"}]},{\"@type\":\"WebSite\",\"@id\":\"https:\/\/www.campings.com\/fr\/content\/#website\",\"url\":\"https:\/\/www.campings.com\/fr\/content\/\",\"name\":\"\",\"description\":\"\",\"publisher\":{\"@id\":\"https:\/\/www.campings.com\/fr\/content\/#organization\"},\"potentialAction\":[{\"@type\":\"SearchAction\",\"target\":{\"@type\":\"EntryPoint\",\"urlTemplate\":\"https:\/\/www.campings.com\/fr\/content\/?s={search_term_string}\"},\"query-input\":{\"@type\":\"PropertyValueSpecification\",\"valueRequired\":true,\"valueName\":\"search_term_string\"}}],\"inLanguage\":\"fr-FR\"},{\"@type\":\"Organization\",\"@id\":\"https:\/\/www.campings.com\/fr\/content\/#organization\",\"name\":\"CAMPINGS.COM\",\"url\":\"https:\/\/www.campings.com\/fr\/content\/\",\"logo\":{\"@type\":\"ImageObject\",\"inLanguage\":\"fr-FR\",\"@id\":\"https:\/\/www.campings.com\/fr\/content\/#\/schema\/logo\/image\/\",\"url\":\"https:\/\/www.campings.com\/fr\/content\/wp-content\/uploads\/2019\/01\/cropped-logo-1.png\",\"contentUrl\":\"https:\/\/www.campings.com\/fr\/content\/wp-content\/uploads\/2019\/01\/cropped-logo-1.png\",\"width\":174,\"height\":42,\"caption\":\"CAMPINGS.COM\"},\"image\":{\"@id\":\"https:\/\/www.campings.com\/fr\/content\/#\/schema\/logo\/image\/\"}}]}<\/script>\n<!-- \/ Yoast SEO plugin. -->","yoast_head_json":{"title":"Visiter les Gorges de l'Ard\u00e8che -","description":"Visitez les gorges de l\u2019Ard\u00e8che, un site touristique incontournable \u00e0 d\u00e9couvrir, situ\u00e9 dans le sud du d\u00e9partement de l\u2019Ard\u00e8che.","robots":{"index":"index","follow":"follow","max-snippet":"max-snippet:-1","max-image-preview":"max-image-preview:large","max-video-preview":"max-video-preview:-1"},"canonical":"https:\/\/www.campings.com\/fr\/content\/guide-vacances-ardeche\/visiter-gorges-ardeche\/","og_locale":"fr_FR","og_type":"article","og_title":"Visiter les Gorges de l'Ard\u00e8che -","og_description":"Visitez les gorges de l\u2019Ard\u00e8che, un site touristique incontournable \u00e0 d\u00e9couvrir, situ\u00e9 dans le sud du d\u00e9partement de l\u2019Ard\u00e8che.","og_url":"https:\/\/www.campings.com\/fr\/content\/guide-vacances-ardeche\/visiter-gorges-ardeche\/","article_modified_time":"2021-07-06T14:08:18+00:00","og_image":[{"width":1000,"height":665,"url":"https:\/\/www.campings.com\/fr\/content\/wp-content\/uploads\/2021\/07\/Gorges-canoe-2.jpg","type":"image\/jpeg"}],"twitter_card":"summary_large_image","twitter_misc":{"Dur\u00e9e de lecture estim\u00e9e":"4 minutes"},"schema":{"@context":"https:\/\/schema.org","@graph":[{"@type":"WebPage","@id":"https:\/\/www.campings.com\/fr\/content\/guide-vacances-ardeche\/visiter-gorges-ardeche\/","url":"https:\/\/www.campings.com\/fr\/content\/guide-vacances-ardeche\/visiter-gorges-ardeche\/","name":"Visiter les Gorges de l'Ard\u00e8che -","isPartOf":{"@id":"https:\/\/www.campings.com\/fr\/content\/#website"},"primaryImageOfPage":{"@id":"https:\/\/www.campings.com\/fr\/content\/guide-vacances-ardeche\/visiter-gorges-ardeche\/#primaryimage"},"image":{"@id":"https:\/\/www.campings.com\/fr\/content\/guide-vacances-ardeche\/visiter-gorges-ardeche\/#primaryimage"},"thumbnailUrl":"https:\/\/www.campings.com\/fr\/content\/wp-content\/uploads\/2021\/07\/Gorges-canoe-2.jpg","datePublished":"2021-07-06T14:08:17+00:00","dateModified":"2021-07-06T14:08:18+00:00","description":"Visitez les gorges de l\u2019Ard\u00e8che, un site touristique incontournable \u00e0 d\u00e9couvrir, situ\u00e9 dans le sud du d\u00e9partement de l\u2019Ard\u00e8che.","breadcrumb":{"@id":"https:\/\/www.campings.com\/fr\/content\/guide-vacances-ardeche\/visiter-gorges-ardeche\/#breadcrumb"},"inLanguage":"fr-FR","potentialAction":[{"@type":"ReadAction","target":["https:\/\/www.campings.com\/fr\/content\/guide-vacances-ardeche\/visiter-gorges-ardeche\/"]}]},{"@type":"ImageObject","inLanguage":"fr-FR","@id":"https:\/\/www.campings.com\/fr\/content\/guide-vacances-ardeche\/visiter-gorges-ardeche\/#primaryimage","url":"https:\/\/www.campings.com\/fr\/content\/wp-content\/uploads\/2021\/07\/Gorges-canoe-2.jpg","contentUrl":"https:\/\/www.campings.com\/fr\/content\/wp-content\/uploads\/2021\/07\/Gorges-canoe-2.jpg","width":1000,"height":665},{"@type":"BreadcrumbList","@id":"https:\/\/www.campings.com\/fr\/content\/guide-vacances-ardeche\/visiter-gorges-ardeche\/#breadcrumb","itemListElement":[{"@type":"ListItem","position":1,"name":"Home","item":"https:\/\/www.campings.com\/fr\/content\/"},{"@type":"ListItem","position":2,"name":"Le guide de vos vacances en Ard\u00e8che","item":"https:\/\/www.campings.com\/fr\/content\/guide-vacances-ardeche\/"},{"@type":"ListItem","position":3,"name":"Visiter les Gorges de l&rsquo;Ard\u00e8che"}]},{"@type":"WebSite","@id":"https:\/\/www.campings.com\/fr\/content\/#website","url":"https:\/\/www.campings.com\/fr\/content\/","name":"","description":"","publisher":{"@id":"https:\/\/www.campings.com\/fr\/content\/#organization"},"potentialAction":[{"@type":"SearchAction","target":{"@type":"EntryPoint","urlTemplate":"https:\/\/www.campings.com\/fr\/content\/?s={search_term_string}"},"query-input":{"@type":"PropertyValueSpecification","valueRequired":true,"valueName":"search_term_string"}}],"inLanguage":"fr-FR"},{"@type":"Organization","@id":"https:\/\/www.campings.com\/fr\/content\/#organization","name":"CAMPINGS.COM","url":"https:\/\/www.campings.com\/fr\/content\/","logo":{"@type":"ImageObject","inLanguage":"fr-FR","@id":"https:\/\/www.campings.com\/fr\/content\/#\/schema\/logo\/image\/","url":"https:\/\/www.campings.com\/fr\/content\/wp-content\/uploads\/2019\/01\/cropped-logo-1.png","contentUrl":"https:\/\/www.campings.com\/fr\/content\/wp-content\/uploads\/2019\/01\/cropped-logo-1.png","width":174,"height":42,"caption":"CAMPINGS.COM"},"image":{"@id":"https:\/\/www.campings.com\/fr\/content\/#\/schema\/logo\/image\/"}}]}},"_links":{"self":[{"href":"https:\/\/www.campings.com\/fr\/content\/wp-json\/wp\/v2\/pages\/2943","targetHints":{"allow":["GET"]}}],"collection":[{"href":"https:\/\/www.campings.com\/fr\/content\/wp-json\/wp\/v2\/pages"}],"about":[{"href":"https:\/\/www.campings.com\/fr\/content\/wp-json\/wp\/v2\/types\/page"}],"author":[{"embeddable":true,"href":"https:\/\/www.campings.com\/fr\/content\/wp-json\/wp\/v2\/users\/18"}],"replies":[{"embeddable":true,"href":"https:\/\/www.campings.com\/fr\/content\/wp-json\/wp\/v2\/comments?post=2943"}],"version-history":[{"count":1,"href":"https:\/\/www.campings.com\/fr\/content\/wp-json\/wp\/v2\/pages\/2943\/revisions"}],"predecessor-version":[{"id":2946,"href":"https:\/\/www.campings.com\/fr\/content\/wp-json\/wp\/v2\/pages\/2943\/revisions\/2946"}],"up":[{"embeddable":true,"href":"https:\/\/www.campings.com\/fr\/content\/wp-json\/wp\/v2\/pages\/2897"}],"wp:attachment":[{"href":"https:\/\/www.campings.com\/fr\/content\/wp-json\/wp\/v2\/media?parent=2943"}],"curies":[{"name":"wp","href":"https:\/\/api.w.org\/{rel}","templated":true}]}}