{"id":294,"date":"2019-03-22T09:31:24","date_gmt":"2019-03-22T09:31:24","guid":{"rendered":"https:\/\/www.campings.com\/fr\/content\/?page_id=294"},"modified":"2024-12-27T09:27:32","modified_gmt":"2024-12-27T08:27:32","slug":"guide-camping-pays-de-la-loire","status":"publish","type":"page","link":"https:\/\/www.campings.com\/fr\/content\/guide-camping-pays-de-la-loire\/","title":{"rendered":"Guide Camping Pays de la Loire"},"content":{"rendered":"<p><span style=\"font-weight: 400\">Il suffit d&rsquo;\u00e9voquer son nom pour se mettre \u00e0 r\u00eaver de combats de gladiateurs, de ch\u00e2teaux imposants, de plages de sable fin, de villes dynamiques et de vins savoureux. Les Pays de la Loire ! Cette r\u00e9gion de l&rsquo;Ouest de la France n&rsquo;a rien \u00e0 envier au sud du pays de par la beaut\u00e9 et la qualit\u00e9 de son littoral ni \u00e0 la capitale de l&rsquo;Hexagone de par son offre culturelle et son patrimoine architectural. Pour garantir des vacances exceptionnelles \u00e0 votre familles, offrez-leur sans plus attendre un s\u00e9jour au pied des ch\u00e2teaux de la Loire ou en plein coeur de Nantes.\u00a0<\/span><\/p>\n<p><span style=\"font-weight: 400\">Si vous souhaitez plut\u00f4t vous retrouver entre amis, honorez vos retrouvailles comme il se doit et partez en camping aux Pays de la Loire. La Vend\u00e9e regorge de stations baln\u00e9aires plus charmantes les unes que les autres. A proximit\u00e9, vous trouverez toujours des campings avec piscine, bungalows tout confort et parfois m\u00eame commerces et restaurants sur place. Une location de mobil-home les pieds dans l&rsquo;eau facilitera m\u00eame largement vos d\u00e9placements. Les vacances en camping aux Pays de la Loire vous offriront tout ce dont vous avez besoin au parfait moment.\u00a0<\/span><\/p>\n<p><span style=\"font-weight: 400\">Les vacances en camping aux Pays de la Loire vous offriront tout ce dont vous avez besoin au parfait moment. Vous pourrez alterner entre moments de pure d\u00e9tente et sorties culturelles ou naturelles, toujours en profitant d&rsquo;un environnement inspirant et relaxant. Pour les petits comme les plus grands, le Puy du Fou marque un voyage dans le temps qu&rsquo;il est impossible de refuser. Ce parc unique en son genre vous r\u00e9serve de belles surprises !\u00a0<\/span><\/p>\n<p>&nbsp;<\/p>\n","protected":false},"excerpt":{"rendered":"<p>Il suffit d&rsquo;\u00e9voquer son nom pour se mettre \u00e0 r\u00eaver de combats de gladiateurs, de ch\u00e2teaux imposants, de plages de sable fin, de villes dynamiques et de vins savoureux. Les Pays de la Loire ! Cette r\u00e9gion de l&rsquo;Ouest de la France n&rsquo;a rien \u00e0 envier au sud du pays de par la beaut\u00e9 et [&hellip;]<\/p>\n","protected":false},"author":2,"featured_media":910,"parent":0,"menu_order":0,"comment_status":"closed","ping_status":"closed","template":"template-region.php","meta":{"_acf_changed":false,"footnotes":""},"class_list":["post-294","page","type-page","status-publish","has-post-thumbnail","hentry"],"acf":[],"yoast_head":"<!-- This site is optimized with the Yoast SEO plugin v27.1.1 - https:\/\/yoast.com\/product\/yoast-seo-wordpress\/ -->\n<title>Guide Camping Pays de la Loire -<\/title>\n<meta name=\"robots\" content=\"index, follow, max-snippet:-1, max-image-preview:large, max-video-preview:-1\" \/>\n<link rel=\"canonical\" href=\"https:\/\/www.campings.com\/fr\/content\/guide-camping-pays-de-la-loire\/\" \/>\n<meta property=\"og:locale\" content=\"fr_FR\" \/>\n<meta property=\"og:type\" content=\"article\" \/>\n<meta property=\"og:title\" content=\"Guide Camping Pays de la Loire -\" \/>\n<meta property=\"og:description\" content=\"Il suffit d&rsquo;\u00e9voquer son nom pour se mettre \u00e0 r\u00eaver de combats de gladiateurs, de ch\u00e2teaux imposants, de plages de sable fin, de villes dynamiques et de vins savoureux. Les Pays de la Loire ! Cette r\u00e9gion de l&rsquo;Ouest de la France n&rsquo;a rien \u00e0 envier au sud du pays de par la beaut\u00e9 et [&hellip;]\" \/>\n<meta property=\"og:url\" content=\"https:\/\/www.campings.com\/fr\/content\/guide-camping-pays-de-la-loire\/\" \/>\n<meta property=\"article:modified_time\" content=\"2024-12-27T08:27:32+00:00\" \/>\n<meta property=\"og:image\" content=\"https:\/\/www.campings.com\/fr\/content\/wp-content\/uploads\/2019\/03\/Pays-de-la-loire-min.jpg\" \/>\n\t<meta property=\"og:image:width\" content=\"1670\" \/>\n\t<meta property=\"og:image:height\" content=\"650\" \/>\n\t<meta property=\"og:image:type\" content=\"image\/jpeg\" \/>\n<meta name=\"twitter:card\" content=\"summary_large_image\" \/>\n<meta name=\"twitter:label1\" content=\"Dur\u00e9e de lecture estim\u00e9e\" \/>\n\t<meta name=\"twitter:data1\" content=\"1 minute\" \/>\n<script type=\"application\/ld+json\" class=\"yoast-schema-graph\">{\"@context\":\"https:\/\/schema.org\",\"@graph\":[{\"@type\":\"WebPage\",\"@id\":\"https:\/\/www.campings.com\/fr\/content\/guide-camping-pays-de-la-loire\/\",\"url\":\"https:\/\/www.campings.com\/fr\/content\/guide-camping-pays-de-la-loire\/\",\"name\":\"Guide Camping Pays de la Loire -\",\"isPartOf\":{\"@id\":\"https:\/\/www.campings.com\/fr\/content\/#website\"},\"primaryImageOfPage\":{\"@id\":\"https:\/\/www.campings.com\/fr\/content\/guide-camping-pays-de-la-loire\/#primaryimage\"},\"image\":{\"@id\":\"https:\/\/www.campings.com\/fr\/content\/guide-camping-pays-de-la-loire\/#primaryimage\"},\"thumbnailUrl\":\"https:\/\/www.campings.com\/fr\/content\/wp-content\/uploads\/2019\/03\/Pays-de-la-loire-min.jpg\",\"datePublished\":\"2019-03-22T09:31:24+00:00\",\"dateModified\":\"2024-12-27T08:27:32+00:00\",\"breadcrumb\":{\"@id\":\"https:\/\/www.campings.com\/fr\/content\/guide-camping-pays-de-la-loire\/#breadcrumb\"},\"inLanguage\":\"fr-FR\",\"potentialAction\":[{\"@type\":\"ReadAction\",\"target\":[\"https:\/\/www.campings.com\/fr\/content\/guide-camping-pays-de-la-loire\/\"]}]},{\"@type\":\"ImageObject\",\"inLanguage\":\"fr-FR\",\"@id\":\"https:\/\/www.campings.com\/fr\/content\/guide-camping-pays-de-la-loire\/#primaryimage\",\"url\":\"https:\/\/www.campings.com\/fr\/content\/wp-content\/uploads\/2019\/03\/Pays-de-la-loire-min.jpg\",\"contentUrl\":\"https:\/\/www.campings.com\/fr\/content\/wp-content\/uploads\/2019\/03\/Pays-de-la-loire-min.jpg\",\"width\":1670,\"height\":650},{\"@type\":\"BreadcrumbList\",\"@id\":\"https:\/\/www.campings.com\/fr\/content\/guide-camping-pays-de-la-loire\/#breadcrumb\",\"itemListElement\":[{\"@type\":\"ListItem\",\"position\":1,\"name\":\"Home\",\"item\":\"https:\/\/www.campings.com\/fr\/content\/\"},{\"@type\":\"ListItem\",\"position\":2,\"name\":\"Guide Camping Pays de la Loire\"}]},{\"@type\":\"WebSite\",\"@id\":\"https:\/\/www.campings.com\/fr\/content\/#website\",\"url\":\"https:\/\/www.campings.com\/fr\/content\/\",\"name\":\"\",\"description\":\"\",\"publisher\":{\"@id\":\"https:\/\/www.campings.com\/fr\/content\/#organization\"},\"potentialAction\":[{\"@type\":\"SearchAction\",\"target\":{\"@type\":\"EntryPoint\",\"urlTemplate\":\"https:\/\/www.campings.com\/fr\/content\/?s={search_term_string}\"},\"query-input\":{\"@type\":\"PropertyValueSpecification\",\"valueRequired\":true,\"valueName\":\"search_term_string\"}}],\"inLanguage\":\"fr-FR\"},{\"@type\":\"Organization\",\"@id\":\"https:\/\/www.campings.com\/fr\/content\/#organization\",\"name\":\"CAMPINGS.COM\",\"url\":\"https:\/\/www.campings.com\/fr\/content\/\",\"logo\":{\"@type\":\"ImageObject\",\"inLanguage\":\"fr-FR\",\"@id\":\"https:\/\/www.campings.com\/fr\/content\/#\/schema\/logo\/image\/\",\"url\":\"https:\/\/www.campings.com\/fr\/content\/wp-content\/uploads\/2019\/01\/cropped-logo-1.png\",\"contentUrl\":\"https:\/\/www.campings.com\/fr\/content\/wp-content\/uploads\/2019\/01\/cropped-logo-1.png\",\"width\":174,\"height\":42,\"caption\":\"CAMPINGS.COM\"},\"image\":{\"@id\":\"https:\/\/www.campings.com\/fr\/content\/#\/schema\/logo\/image\/\"}}]}<\/script>\n<!-- \/ Yoast SEO plugin. -->","yoast_head_json":{"title":"Guide Camping Pays de la Loire -","robots":{"index":"index","follow":"follow","max-snippet":"max-snippet:-1","max-image-preview":"max-image-preview:large","max-video-preview":"max-video-preview:-1"},"canonical":"https:\/\/www.campings.com\/fr\/content\/guide-camping-pays-de-la-loire\/","og_locale":"fr_FR","og_type":"article","og_title":"Guide Camping Pays de la Loire -","og_description":"Il suffit d&rsquo;\u00e9voquer son nom pour se mettre \u00e0 r\u00eaver de combats de gladiateurs, de ch\u00e2teaux imposants, de plages de sable fin, de villes dynamiques et de vins savoureux. Les Pays de la Loire ! Cette r\u00e9gion de l&rsquo;Ouest de la France n&rsquo;a rien \u00e0 envier au sud du pays de par la beaut\u00e9 et [&hellip;]","og_url":"https:\/\/www.campings.com\/fr\/content\/guide-camping-pays-de-la-loire\/","article_modified_time":"2024-12-27T08:27:32+00:00","og_image":[{"width":1670,"height":650,"url":"https:\/\/www.campings.com\/fr\/content\/wp-content\/uploads\/2019\/03\/Pays-de-la-loire-min.jpg","type":"image\/jpeg"}],"twitter_card":"summary_large_image","twitter_misc":{"Dur\u00e9e de lecture estim\u00e9e":"1 minute"},"schema":{"@context":"https:\/\/schema.org","@graph":[{"@type":"WebPage","@id":"https:\/\/www.campings.com\/fr\/content\/guide-camping-pays-de-la-loire\/","url":"https:\/\/www.campings.com\/fr\/content\/guide-camping-pays-de-la-loire\/","name":"Guide Camping Pays de la Loire -","isPartOf":{"@id":"https:\/\/www.campings.com\/fr\/content\/#website"},"primaryImageOfPage":{"@id":"https:\/\/www.campings.com\/fr\/content\/guide-camping-pays-de-la-loire\/#primaryimage"},"image":{"@id":"https:\/\/www.campings.com\/fr\/content\/guide-camping-pays-de-la-loire\/#primaryimage"},"thumbnailUrl":"https:\/\/www.campings.com\/fr\/content\/wp-content\/uploads\/2019\/03\/Pays-de-la-loire-min.jpg","datePublished":"2019-03-22T09:31:24+00:00","dateModified":"2024-12-27T08:27:32+00:00","breadcrumb":{"@id":"https:\/\/www.campings.com\/fr\/content\/guide-camping-pays-de-la-loire\/#breadcrumb"},"inLanguage":"fr-FR","potentialAction":[{"@type":"ReadAction","target":["https:\/\/www.campings.com\/fr\/content\/guide-camping-pays-de-la-loire\/"]}]},{"@type":"ImageObject","inLanguage":"fr-FR","@id":"https:\/\/www.campings.com\/fr\/content\/guide-camping-pays-de-la-loire\/#primaryimage","url":"https:\/\/www.campings.com\/fr\/content\/wp-content\/uploads\/2019\/03\/Pays-de-la-loire-min.jpg","contentUrl":"https:\/\/www.campings.com\/fr\/content\/wp-content\/uploads\/2019\/03\/Pays-de-la-loire-min.jpg","width":1670,"height":650},{"@type":"BreadcrumbList","@id":"https:\/\/www.campings.com\/fr\/content\/guide-camping-pays-de-la-loire\/#breadcrumb","itemListElement":[{"@type":"ListItem","position":1,"name":"Home","item":"https:\/\/www.campings.com\/fr\/content\/"},{"@type":"ListItem","position":2,"name":"Guide Camping Pays de la Loire"}]},{"@type":"WebSite","@id":"https:\/\/www.campings.com\/fr\/content\/#website","url":"https:\/\/www.campings.com\/fr\/content\/","name":"","description":"","publisher":{"@id":"https:\/\/www.campings.com\/fr\/content\/#organization"},"potentialAction":[{"@type":"SearchAction","target":{"@type":"EntryPoint","urlTemplate":"https:\/\/www.campings.com\/fr\/content\/?s={search_term_string}"},"query-input":{"@type":"PropertyValueSpecification","valueRequired":true,"valueName":"search_term_string"}}],"inLanguage":"fr-FR"},{"@type":"Organization","@id":"https:\/\/www.campings.com\/fr\/content\/#organization","name":"CAMPINGS.COM","url":"https:\/\/www.campings.com\/fr\/content\/","logo":{"@type":"ImageObject","inLanguage":"fr-FR","@id":"https:\/\/www.campings.com\/fr\/content\/#\/schema\/logo\/image\/","url":"https:\/\/www.campings.com\/fr\/content\/wp-content\/uploads\/2019\/01\/cropped-logo-1.png","contentUrl":"https:\/\/www.campings.com\/fr\/content\/wp-content\/uploads\/2019\/01\/cropped-logo-1.png","width":174,"height":42,"caption":"CAMPINGS.COM"},"image":{"@id":"https:\/\/www.campings.com\/fr\/content\/#\/schema\/logo\/image\/"}}]}},"_links":{"self":[{"href":"https:\/\/www.campings.com\/fr\/content\/wp-json\/wp\/v2\/pages\/294","targetHints":{"allow":["GET"]}}],"collection":[{"href":"https:\/\/www.campings.com\/fr\/content\/wp-json\/wp\/v2\/pages"}],"about":[{"href":"https:\/\/www.campings.com\/fr\/content\/wp-json\/wp\/v2\/types\/page"}],"author":[{"embeddable":true,"href":"https:\/\/www.campings.com\/fr\/content\/wp-json\/wp\/v2\/users\/2"}],"replies":[{"embeddable":true,"href":"https:\/\/www.campings.com\/fr\/content\/wp-json\/wp\/v2\/comments?post=294"}],"version-history":[{"count":33,"href":"https:\/\/www.campings.com\/fr\/content\/wp-json\/wp\/v2\/pages\/294\/revisions"}],"predecessor-version":[{"id":4871,"href":"https:\/\/www.campings.com\/fr\/content\/wp-json\/wp\/v2\/pages\/294\/revisions\/4871"}],"wp:featuredmedia":[{"embeddable":true,"href":"https:\/\/www.campings.com\/fr\/content\/wp-json\/wp\/v2\/media\/910"}],"wp:attachment":[{"href":"https:\/\/www.campings.com\/fr\/content\/wp-json\/wp\/v2\/media?parent=294"}],"curies":[{"name":"wp","href":"https:\/\/api.w.org\/{rel}","templated":true}]}}