{"id":2939,"date":"2021-07-06T13:48:50","date_gmt":"2021-07-06T13:48:50","guid":{"rendered":"https:\/\/www.campings.com\/fr\/content\/?page_id=2939"},"modified":"2021-07-06T13:52:28","modified_gmt":"2021-07-06T13:52:28","slug":"parc-naturel-regional-des-monts-ardeche","status":"publish","type":"page","link":"https:\/\/www.campings.com\/fr\/content\/guide-vacances-ardeche\/parc-naturel-regional-des-monts-ardeche\/","title":{"rendered":"Visiter le parc naturel r\u00e9gional des Monts d&rsquo;Ard\u00e8che"},"content":{"rendered":"<p>Le parc naturel r\u00e9gional des monts d\u2019Ard\u00e8che repr\u00e9sente plus de deux tiers du territoire du d\u00e9partement. Un patrimoine naturel d\u2019exception offrant une vari\u00e9t\u00e9 de paysages incroyables o\u00f9 l\u2019altitude varie entre 170 m \u00e0 1754 m.<\/p>\n<p>Le parc naturel r\u00e9gional des monts d\u2019Ard\u00e8che (PNR) a \u00e9t\u00e9 cr\u00e9\u00e9 sous l\u2019impulsion des castan\u00e9iculteurs de la r\u00e9gion en 1992. Ce territoire sauvage couvre une superficie de 2280 km\u00b2 et s\u2019\u00e9tend de l\u2019ouest de <a href=\"https:\/\/www.campings.com\/fr\/content\/guide-vacances-ardeche\/\">l\u2019<u>Ard\u00e8che<\/u>\u00a0<\/a>\u00e0 quelques communes de la Haute-Loire. Il se caract\u00e9rise par des paysages vari\u00e9s, des anciens volcans et rivi\u00e8res mais aussi des productions embl\u00e9matiques (myrtille et ch\u00e2taigne).<\/p>\n<h2><strong>\u00c0 la d\u00e9couverte des Volcans d\u2019Ard\u00e8che, une destination d&rsquo;Ard\u00e8che incontournable\u00a0<\/strong><\/h2>\n<p>Le PNR des monts d\u2019Ard\u00e8che est un territoire regorgeant de richesses g\u00e9ologiques remarquables. Il pr\u00e9sente des traces des diff\u00e9rents \u00e9v\u00e8nements g\u00e9ologiques qui se sont succ\u00e9d\u00e9s depuis plus de 550 millions d\u2019ann\u00e9es. Depuis 2014, ce territoire b\u00e9n\u00e9ficie du label G\u00e9opark mondial UNESCO. Vous pourrez aussi y d\u00e9couvrir de nombreux volcans, \u00e0 savoir :<\/p>\n<h3>Les sucs volcaniques<\/h3>\n<p>Les sucs volcaniques sont des volcans de type p\u00e9l\u00e9en (sans crat\u00e8re). Ils sont principalement constitu\u00e9s d\u2019un magma visqueux, peu riche en gaz. Ils sont caract\u00e9ris\u00e9s par des d\u00f4mes qui peuvent s\u2019\u00e9difier suivant des formes diverses.<\/p>\n<p><img loading=\"lazy\" decoding=\"async\" class=\"alignnone size-full wp-image-2940\" src=\"https:\/\/www.campings.com\/fr\/content\/wp-content\/uploads\/2021\/07\/Parc-Monts-dard\u00e8che-Suc.jpg\" alt=\"\" width=\"1000\" height=\"665\" \/><\/p>\n<h3>Les Hautes C\u00e9vennes<\/h3>\n<p>Les Hautes C\u00e9vennes constituent un territoire de jeunes volcans entre le Tanargue (Sud) et les plus hauts sommets montagneux ard\u00e9chois. Le site est compos\u00e9 d\u2019une dizaine de pics volcaniques. Les plus connus sont l\u2019Aizac et Jaujac, le Ray-Pic et les 5 volcans de Montpezat-sous-Bauzon.<\/p>\n<h2><strong>Visiter le village de Jaujac<\/strong><\/h2>\n<p>Le village de Jaujac est situ\u00e9 entre le plus jeune volcan <a href=\"https:\/\/www.campings.com\/fr\/content\/guide-vacances-ardeche\/\">d\u2019<u>Ard\u00e8che<\/u>\u00a0<\/a>et les coul\u00e9es basaltiques. Il est facilement reconnaissable \u00e0 ses trois ch\u00e2teaux m\u00e9di\u00e9vaux. Ce village figure parmi les plus importants sites touristiques de la r\u00e9gion. Il propose de nombreuses activit\u00e9s :<\/p>\n<p>&#8211; La d\u00e9couverte de la coul\u00e9e basaltique situ\u00e9e sur les berges du Lignon ;<\/p>\n<p>&#8211; La visite de Chastelas, le quartier qui domine le Bourg ;<\/p>\n<p>&#8211; La balade sur le Pont romain ;<\/p>\n<p>&#8211; La visite de la Maison du parc naturel r\u00e9gional des monts d\u2019Ard\u00e8che.<\/p>\n<h2><strong>Les activit\u00e9s physiques \u00e0 faire au PNR des monts d\u2019Ard\u00e8che<\/strong><\/h2>\n<p>Les activit\u00e9s physiques de plein air ne manquent pas dans le PNR des monts d\u2019Ard\u00e8che ! D\u00e9couvrez la liste des activit\u00e9s incontournables \u00e0 faire pendant votre s\u00e9jour.<\/p>\n<h3><strong>Les randonn\u00e9es p\u00e9destres<\/strong><\/h3>\n<p>Le PNR des monts d\u2019Ard\u00e8che offre de nombreux parcours de randonn\u00e9e p\u00e9destre accessibles \u00e0 toute la famille. Parmi les plus connus, le circuit de Montpezat-sous-Bauzon se boucle en 2h30 environ. Un autre itin\u00e9raire permet aussi de d\u00e9couvrir les hauteurs de Fabras. Ce parcours de 6,4 km peut \u00eatre effectu\u00e9 en 3h.<\/p>\n<p><img loading=\"lazy\" decoding=\"async\" class=\"alignnone size-full wp-image-2941\" src=\"https:\/\/www.campings.com\/fr\/content\/wp-content\/uploads\/2021\/07\/Parc-Monts-dArd\u00e8che.jpg\" alt=\"\" width=\"1000\" height=\"665\" \/><\/p>\n<h3><strong>Les randonn\u00e9es en VTT<\/strong><\/h3>\n<p>Les amateurs de VTT pourront sillonner les nombreux itin\u00e9raires balis\u00e9s de randonn\u00e9e. Long de 11 km, le circuit \u00ab Au pays de la laine et du mouton \u00bb est tr\u00e8s pris\u00e9. Toutefois, ce sentier est assez difficile. Les plus sportifs pourront opter pour la boucle nord qui compte 43,3 km de pistes cyclables.<\/p>\n<h3><strong>Descente de l\u2019Eyrieux ou du Chassezac en cano\u00eb-kayak<\/strong><\/h3>\n<p>Les gorges de l\u2019Eyrieux ou du Chassezac sont des endroits tout indiqu\u00e9s pour faire du cano\u00eb-kayak.<\/p>\n<h2><strong>Les produits du PNR des monts d\u2019Ard\u00e8che<\/strong><\/h2>\n<p>En plus de ses paysages, le PNR des monts d\u2019Ard\u00e8che est aussi connu pour ses produits locaux. Parmi les produits phares de ce territoire :<\/p>\n<p>&#8211; La ch\u00e2taigne et ses produits d\u00e9riv\u00e9s ;<\/p>\n<p>&#8211; Le Chatus, un vin de garde \u00e9pic\u00e9 ;<\/p>\n<p>&#8211; Les eaux min\u00e9rales naturelles qui font partie du patrimoine culturel et identitaire des monts d\u2019Ard\u00e8che ;<\/p>\n<p>&#8211; La myrtille, le fruit embl\u00e9matique de la r\u00e9gion ;<\/p>\n<p>&#8211; Le miel et ses produits d\u00e9riv\u00e9s.<\/p>\n<h2><strong>S\u00e9lection de campings avec un h\u00e9bergement pr\u00e8s du Parc naturel des monts d&rsquo;Ard\u00e8che\u00a0pour des vacances r\u00e9ussies<\/strong><\/h2>\n<p>Un s\u00e9jour en\u00a0<a href=\"https:\/\/www.campings.com\/fr\/content\/guide-vacances-ardeche\/\"><u>Ard\u00e8che<\/u>\u00a0<\/a>rime in\u00e9vitablement avec nature et patrimoine. D\u00e9couvrez notre s\u00e9lection de campings situ\u00e9s \u00e0 proximit\u00e9 du PNR des monts d\u2019Ard\u00e8che.<\/p>\n<h3><strong>Camping Le Ventadour\u00a0<\/strong><\/h3>\n<p>Le camping Le Ventadour est install\u00e9 \u00e0 quelques m\u00e8tres de la plage. Baby-foot, billard, ping-pong, aire de jeux pour enfants\u2026 Il propose de nombreux services et \u00e9quipements de qualit\u00e9 pour un s\u00e9jour agr\u00e9able.<\/p>\n<p><a href=\"https:\/\/www.campings.com\/fr\/camping\/camping-le-ventadour-77806\">Plus d\u2019infos sur le camping Le Ventadour<\/a>.<\/p>\n<h3><strong>Camping Paradise Family des Issous\u00a0<\/strong><\/h3>\n<p>Le camping Paradise Family des Issous met \u00e0 la disposition des campeurs une piscine couverte chauff\u00e9e toute l\u2019ann\u00e9e.<\/p>\n<p><a href=\"https:\/\/www.campings.com\/fr\/camping\/family-des-issoux-camping-paradis-77871\">Plus d\u2019infos sur le camping Paradise Family des Issous<\/a>.<\/p>\n<h3><strong>Camping de Belos\u00a0<\/strong><\/h3>\n<p>Situ\u00e9 \u00e0 la limite de l\u2019Ard\u00e8che M\u00e9ridionale, le camping de Belos est implant\u00e9 sur la rive gauche de la rivi\u00e8re.<strong>\u00a0<\/strong>Il offre aux campeurs un terrain de p\u00e9tanque, des tables de ping-pong et une aire de jeux pour enfants. Durant la p\u00e9riode estivale, des animations familiales sont r\u00e9guli\u00e8rement organis\u00e9es.<\/p>\n<p><a href=\"https:\/\/www.campings.com\/fr\/camping\/camping-de-belos-81621\">Plus d\u2019infos sur le camping de Belos<\/a>.<\/p>\n","protected":false},"excerpt":{"rendered":"<p>Le parc naturel r\u00e9gional des monts d\u2019Ard\u00e8che repr\u00e9sente plus de deux tiers du territoire du d\u00e9partement. Un patrimoine naturel d\u2019exception offrant une vari\u00e9t\u00e9 de paysages incroyables o\u00f9 l\u2019altitude varie entre 170 m \u00e0 1754 m. Le parc naturel r\u00e9gional des monts d\u2019Ard\u00e8che (PNR) a \u00e9t\u00e9 cr\u00e9\u00e9 sous l\u2019impulsion des castan\u00e9iculteurs de la r\u00e9gion en 1992. [&hellip;]<\/p>\n","protected":false},"author":18,"featured_media":0,"parent":2897,"menu_order":0,"comment_status":"closed","ping_status":"closed","template":"template-twocolumns.php","meta":{"_acf_changed":false,"footnotes":""},"class_list":["post-2939","page","type-page","status-publish","hentry"],"acf":[],"yoast_head":"<!-- This site is optimized with the Yoast SEO plugin v27.1.1 - https:\/\/yoast.com\/product\/yoast-seo-wordpress\/ -->\n<title>Visiter le parc naturel r\u00e9gional des Monts d&#039;Ard\u00e8che -<\/title>\n<meta name=\"description\" content=\"Partez \u00e0 la d\u00e9couverte du parc naturel r\u00e9gional des monts d\u2019Ard\u00e8che, une destination incontournable lors de la visite de ce d\u00e9partement.\" \/>\n<meta name=\"robots\" content=\"index, follow, max-snippet:-1, max-image-preview:large, max-video-preview:-1\" \/>\n<link rel=\"canonical\" href=\"https:\/\/www.campings.com\/fr\/content\/guide-vacances-ardeche\/parc-naturel-regional-des-monts-ardeche\/\" \/>\n<meta property=\"og:locale\" content=\"fr_FR\" \/>\n<meta property=\"og:type\" content=\"article\" \/>\n<meta property=\"og:title\" content=\"Visiter le parc naturel r\u00e9gional des Monts d&#039;Ard\u00e8che -\" \/>\n<meta property=\"og:description\" content=\"Partez \u00e0 la d\u00e9couverte du parc naturel r\u00e9gional des monts d\u2019Ard\u00e8che, une destination incontournable lors de la visite de ce d\u00e9partement.\" \/>\n<meta property=\"og:url\" content=\"https:\/\/www.campings.com\/fr\/content\/guide-vacances-ardeche\/parc-naturel-regional-des-monts-ardeche\/\" \/>\n<meta property=\"article:modified_time\" content=\"2021-07-06T13:52:28+00:00\" \/>\n<meta name=\"twitter:card\" content=\"summary_large_image\" \/>\n<meta name=\"twitter:label1\" content=\"Dur\u00e9e de lecture estim\u00e9e\" \/>\n\t<meta name=\"twitter:data1\" content=\"4 minutes\" \/>\n<script type=\"application\/ld+json\" class=\"yoast-schema-graph\">{\"@context\":\"https:\/\/schema.org\",\"@graph\":[{\"@type\":\"WebPage\",\"@id\":\"https:\/\/www.campings.com\/fr\/content\/guide-vacances-ardeche\/parc-naturel-regional-des-monts-ardeche\/\",\"url\":\"https:\/\/www.campings.com\/fr\/content\/guide-vacances-ardeche\/parc-naturel-regional-des-monts-ardeche\/\",\"name\":\"Visiter le parc naturel r\u00e9gional des Monts d'Ard\u00e8che -\",\"isPartOf\":{\"@id\":\"https:\/\/www.campings.com\/fr\/content\/#website\"},\"datePublished\":\"2021-07-06T13:48:50+00:00\",\"dateModified\":\"2021-07-06T13:52:28+00:00\",\"description\":\"Partez \u00e0 la d\u00e9couverte du parc naturel r\u00e9gional des monts d\u2019Ard\u00e8che, une destination incontournable lors de la visite de ce d\u00e9partement.\",\"breadcrumb\":{\"@id\":\"https:\/\/www.campings.com\/fr\/content\/guide-vacances-ardeche\/parc-naturel-regional-des-monts-ardeche\/#breadcrumb\"},\"inLanguage\":\"fr-FR\",\"potentialAction\":[{\"@type\":\"ReadAction\",\"target\":[\"https:\/\/www.campings.com\/fr\/content\/guide-vacances-ardeche\/parc-naturel-regional-des-monts-ardeche\/\"]}]},{\"@type\":\"BreadcrumbList\",\"@id\":\"https:\/\/www.campings.com\/fr\/content\/guide-vacances-ardeche\/parc-naturel-regional-des-monts-ardeche\/#breadcrumb\",\"itemListElement\":[{\"@type\":\"ListItem\",\"position\":1,\"name\":\"Home\",\"item\":\"https:\/\/www.campings.com\/fr\/content\/\"},{\"@type\":\"ListItem\",\"position\":2,\"name\":\"Le guide de vos vacances en Ard\u00e8che\",\"item\":\"https:\/\/www.campings.com\/fr\/content\/guide-vacances-ardeche\/\"},{\"@type\":\"ListItem\",\"position\":3,\"name\":\"Visiter le parc naturel r\u00e9gional des Monts d&rsquo;Ard\u00e8che\"}]},{\"@type\":\"WebSite\",\"@id\":\"https:\/\/www.campings.com\/fr\/content\/#website\",\"url\":\"https:\/\/www.campings.com\/fr\/content\/\",\"name\":\"\",\"description\":\"\",\"publisher\":{\"@id\":\"https:\/\/www.campings.com\/fr\/content\/#organization\"},\"potentialAction\":[{\"@type\":\"SearchAction\",\"target\":{\"@type\":\"EntryPoint\",\"urlTemplate\":\"https:\/\/www.campings.com\/fr\/content\/?s={search_term_string}\"},\"query-input\":{\"@type\":\"PropertyValueSpecification\",\"valueRequired\":true,\"valueName\":\"search_term_string\"}}],\"inLanguage\":\"fr-FR\"},{\"@type\":\"Organization\",\"@id\":\"https:\/\/www.campings.com\/fr\/content\/#organization\",\"name\":\"CAMPINGS.COM\",\"url\":\"https:\/\/www.campings.com\/fr\/content\/\",\"logo\":{\"@type\":\"ImageObject\",\"inLanguage\":\"fr-FR\",\"@id\":\"https:\/\/www.campings.com\/fr\/content\/#\/schema\/logo\/image\/\",\"url\":\"https:\/\/www.campings.com\/fr\/content\/wp-content\/uploads\/2019\/01\/cropped-logo-1.png\",\"contentUrl\":\"https:\/\/www.campings.com\/fr\/content\/wp-content\/uploads\/2019\/01\/cropped-logo-1.png\",\"width\":174,\"height\":42,\"caption\":\"CAMPINGS.COM\"},\"image\":{\"@id\":\"https:\/\/www.campings.com\/fr\/content\/#\/schema\/logo\/image\/\"}}]}<\/script>\n<!-- \/ Yoast SEO plugin. -->","yoast_head_json":{"title":"Visiter le parc naturel r\u00e9gional des Monts d'Ard\u00e8che -","description":"Partez \u00e0 la d\u00e9couverte du parc naturel r\u00e9gional des monts d\u2019Ard\u00e8che, une destination incontournable lors de la visite de ce d\u00e9partement.","robots":{"index":"index","follow":"follow","max-snippet":"max-snippet:-1","max-image-preview":"max-image-preview:large","max-video-preview":"max-video-preview:-1"},"canonical":"https:\/\/www.campings.com\/fr\/content\/guide-vacances-ardeche\/parc-naturel-regional-des-monts-ardeche\/","og_locale":"fr_FR","og_type":"article","og_title":"Visiter le parc naturel r\u00e9gional des Monts d'Ard\u00e8che -","og_description":"Partez \u00e0 la d\u00e9couverte du parc naturel r\u00e9gional des monts d\u2019Ard\u00e8che, une destination incontournable lors de la visite de ce d\u00e9partement.","og_url":"https:\/\/www.campings.com\/fr\/content\/guide-vacances-ardeche\/parc-naturel-regional-des-monts-ardeche\/","article_modified_time":"2021-07-06T13:52:28+00:00","twitter_card":"summary_large_image","twitter_misc":{"Dur\u00e9e de lecture estim\u00e9e":"4 minutes"},"schema":{"@context":"https:\/\/schema.org","@graph":[{"@type":"WebPage","@id":"https:\/\/www.campings.com\/fr\/content\/guide-vacances-ardeche\/parc-naturel-regional-des-monts-ardeche\/","url":"https:\/\/www.campings.com\/fr\/content\/guide-vacances-ardeche\/parc-naturel-regional-des-monts-ardeche\/","name":"Visiter le parc naturel r\u00e9gional des Monts d'Ard\u00e8che -","isPartOf":{"@id":"https:\/\/www.campings.com\/fr\/content\/#website"},"datePublished":"2021-07-06T13:48:50+00:00","dateModified":"2021-07-06T13:52:28+00:00","description":"Partez \u00e0 la d\u00e9couverte du parc naturel r\u00e9gional des monts d\u2019Ard\u00e8che, une destination incontournable lors de la visite de ce d\u00e9partement.","breadcrumb":{"@id":"https:\/\/www.campings.com\/fr\/content\/guide-vacances-ardeche\/parc-naturel-regional-des-monts-ardeche\/#breadcrumb"},"inLanguage":"fr-FR","potentialAction":[{"@type":"ReadAction","target":["https:\/\/www.campings.com\/fr\/content\/guide-vacances-ardeche\/parc-naturel-regional-des-monts-ardeche\/"]}]},{"@type":"BreadcrumbList","@id":"https:\/\/www.campings.com\/fr\/content\/guide-vacances-ardeche\/parc-naturel-regional-des-monts-ardeche\/#breadcrumb","itemListElement":[{"@type":"ListItem","position":1,"name":"Home","item":"https:\/\/www.campings.com\/fr\/content\/"},{"@type":"ListItem","position":2,"name":"Le guide de vos vacances en Ard\u00e8che","item":"https:\/\/www.campings.com\/fr\/content\/guide-vacances-ardeche\/"},{"@type":"ListItem","position":3,"name":"Visiter le parc naturel r\u00e9gional des Monts d&rsquo;Ard\u00e8che"}]},{"@type":"WebSite","@id":"https:\/\/www.campings.com\/fr\/content\/#website","url":"https:\/\/www.campings.com\/fr\/content\/","name":"","description":"","publisher":{"@id":"https:\/\/www.campings.com\/fr\/content\/#organization"},"potentialAction":[{"@type":"SearchAction","target":{"@type":"EntryPoint","urlTemplate":"https:\/\/www.campings.com\/fr\/content\/?s={search_term_string}"},"query-input":{"@type":"PropertyValueSpecification","valueRequired":true,"valueName":"search_term_string"}}],"inLanguage":"fr-FR"},{"@type":"Organization","@id":"https:\/\/www.campings.com\/fr\/content\/#organization","name":"CAMPINGS.COM","url":"https:\/\/www.campings.com\/fr\/content\/","logo":{"@type":"ImageObject","inLanguage":"fr-FR","@id":"https:\/\/www.campings.com\/fr\/content\/#\/schema\/logo\/image\/","url":"https:\/\/www.campings.com\/fr\/content\/wp-content\/uploads\/2019\/01\/cropped-logo-1.png","contentUrl":"https:\/\/www.campings.com\/fr\/content\/wp-content\/uploads\/2019\/01\/cropped-logo-1.png","width":174,"height":42,"caption":"CAMPINGS.COM"},"image":{"@id":"https:\/\/www.campings.com\/fr\/content\/#\/schema\/logo\/image\/"}}]}},"_links":{"self":[{"href":"https:\/\/www.campings.com\/fr\/content\/wp-json\/wp\/v2\/pages\/2939","targetHints":{"allow":["GET"]}}],"collection":[{"href":"https:\/\/www.campings.com\/fr\/content\/wp-json\/wp\/v2\/pages"}],"about":[{"href":"https:\/\/www.campings.com\/fr\/content\/wp-json\/wp\/v2\/types\/page"}],"author":[{"embeddable":true,"href":"https:\/\/www.campings.com\/fr\/content\/wp-json\/wp\/v2\/users\/18"}],"replies":[{"embeddable":true,"href":"https:\/\/www.campings.com\/fr\/content\/wp-json\/wp\/v2\/comments?post=2939"}],"version-history":[{"count":1,"href":"https:\/\/www.campings.com\/fr\/content\/wp-json\/wp\/v2\/pages\/2939\/revisions"}],"predecessor-version":[{"id":2942,"href":"https:\/\/www.campings.com\/fr\/content\/wp-json\/wp\/v2\/pages\/2939\/revisions\/2942"}],"up":[{"embeddable":true,"href":"https:\/\/www.campings.com\/fr\/content\/wp-json\/wp\/v2\/pages\/2897"}],"wp:attachment":[{"href":"https:\/\/www.campings.com\/fr\/content\/wp-json\/wp\/v2\/media?parent=2939"}],"curies":[{"name":"wp","href":"https:\/\/api.w.org\/{rel}","templated":true}]}}