{"id":2934,"date":"2021-07-06T13:41:35","date_gmt":"2021-07-06T13:41:35","guid":{"rendered":"https:\/\/www.campings.com\/fr\/content\/?page_id=2934"},"modified":"2021-07-06T13:41:35","modified_gmt":"2021-07-06T13:41:35","slug":"campings-ardeche","status":"publish","type":"page","link":"https:\/\/www.campings.com\/fr\/content\/guide-vacances-ardeche\/campings-ardeche\/","title":{"rendered":"Notre s\u00e9lection de campings en Ard\u00e8che"},"content":{"rendered":"<p>Envie de r\u00e9ussir votre s\u00e9jour en camping en Ard\u00e8che ? Avec sa v\u00e9g\u00e9tation luxuriante et ses paysages majestueux, l\u2019Ard\u00e8che est une destination id\u00e9ale pour des vacances rimant avec nature et d\u00e9tente. D\u00e9couvrez en d\u00e9tail notre s\u00e9lection de campings.<\/p>\n<p><a href=\"https:\/\/www.campings.com\/fr\/content\/guide-vacances-ardeche\/\">L\u2019<u>Ard\u00e8che<\/u>\u00a0<\/a>est une destination de choix pour des vacances en mode farniente et d\u00e9tente. Avec ses vall\u00e9es majestueuses, ses for\u00eats, ses grottes et cours d\u2019eau, ce d\u00e9partement est l\u2019endroit parfait pour faire du camping.<\/p>\n<h2><strong>S\u00e9lection de campings proche des gorges de l\u2019Ard\u00e8che\u00a0<\/strong><\/h2>\n<p>S\u00e9lection de campings situ\u00e9s pr\u00e8s des gorges de l\u2019Ard\u00e8che par Campings.com :<\/p>\n<h3><strong>Camping Casque Roi\u00a0<\/strong><\/h3>\n<p>Situ\u00e9 \u00e0 l\u2019entr\u00e9e de Salavas, ce camping est install\u00e9 aux portes du Pont d\u2019Arc et de la R\u00e9serve naturelle des Gorges de l\u2019Ard\u00e8che. Il constitue un point d\u2019ancrage parfait pour partir \u00e0 la d\u00e9couverte des sites touristiques qui font la renomm\u00e9e de l\u2019Ard\u00e8che. Par ailleurs, il dispose d\u2019une piscine chauff\u00e9e, d\u2019une aire de jeux pour les enfants et d\u2019un terrain de p\u00e9tanque.<\/p>\n<p><a href=\"https:\/\/www.campings.com\/fr\/camping\/camping-le-casque-roi-78432\">Plus d\u2019infos sur le Camping Casque Roi\u00a0<\/a><\/p>\n<h3><strong>Camping Domaine Des Blachas<\/strong><\/h3>\n<p>Travers\u00e9 par une rivi\u00e8re, ce camping se trouve \u00e0 Salavas. L\u2019\u00e9tablissement dispose \u00e9galement d\u2019un acc\u00e8s direct \u00e0 la plage. Situ\u00e9 en plein c\u0153ur d\u2019une nature pr\u00e9serv\u00e9e, il constitue un cadre id\u00e9al pour les amoureux de la nature.<\/p>\n<p><a href=\"https:\/\/www.campings.com\/fr\/camping\/camping-domaine-des-blachas-78436\">Plus d\u2019infos sur le Camping Domaine Des Blachas<\/a><\/p>\n<p><img loading=\"lazy\" decoding=\"async\" class=\"alignnone size-full wp-image-2937\" src=\"https:\/\/www.campings.com\/fr\/content\/wp-content\/uploads\/2021\/07\/Camping-Des-Blachas.jpg\" alt=\"\" width=\"1000\" height=\"665\" \/><\/p>\n<h2><strong>S\u00e9lection de campings aux alentours de Vallon-Pont-d&rsquo;Arc<\/strong><\/h2>\n<p>D\u00e9couvrez notre s\u00e9lection de campings pour un s\u00e9jour aux alentours de Vallon-Pont-d\u2019Arc en\u00a0<a href=\"https:\/\/www.campings.com\/fr\/content\/guide-vacances-ardeche\/\"><u>Ard\u00e8che<\/u>\u00a0<\/a>:<\/p>\n<h3><strong>Camping Le Mas de Champel\u00a0<\/strong><\/h3>\n<p>Situ\u00e9 dans la commune des Olli\u00e8res-sur-Eyrieux en Ard\u00e8che, ce camping dispose d\u2019une piscine ext\u00e9rieure chauff\u00e9e, d\u2019une pataugeoire et d\u2019un espace bien-\u00eatre. Vous pouvez \u00e9galement vous baigner dans la rivi\u00e8re situ\u00e9e \u00e0 proximit\u00e9 du camping.<\/p>\n<p><a href=\"https:\/\/www.campings.com\/fr\/camping\/camping-le-mas-de-champel-77587\">Plus d\u2019infos sur le Camping Le Mas de Champel<\/a><\/p>\n<h3><strong>R\u00e9sidence Les Sources de Manon\u00a0<\/strong><\/h3>\n<p>Ce camping est situ\u00e9 aux portes de la r\u00e9serve naturelle des Gorges de l\u2019Ard\u00e8che, en plein c\u0153ur du village Vallon-Pont-d\u2019Arc. Il dispose d\u2019un espace aquatique avec deux piscines ext\u00e9rieures et une pataugeoire.<\/p>\n<p><a href=\"https:\/\/www.campings.com\/fr\/camping\/residence-les-sources-de-manon-78684\">Plus d\u2019infos sur la R\u00e9sidence Les Sources de Manon<\/a><\/p>\n<h2><strong>S\u00e9lection de campings \u00e0 c\u00f4t\u00e9 de Ruoms\u00a0<\/strong><\/h2>\n<p>Voici une s\u00e9lection de campings par Campings.com aux alentours de Ruoms :<\/p>\n<h3><strong>Le camping Le Petit Bois, au sud de l\u2019Ard\u00e8che<\/strong><\/h3>\n<p>Situ\u00e9 \u00e0 Ruoms, ce camping tout confort r\u00e9unit tous les ingr\u00e9dients pour un s\u00e9jour inoubliable. Rivi\u00e8re \u00e0 600 m, centre-ville \u00e0 proximit\u00e9, espace aquatique avec toboggans au sein du camping, aire de jeux, terrain de golf\u2026<\/p>\n<p><a href=\"https:\/\/www.campings.com\/fr\/camping\/le-petit-bois-camping-sites-et-paysages-78177\">Plus d\u2019infos sur le camping Le Petit Bois<\/a><\/p>\n<h3><strong>Le camping La Grand\u2019Terre\u00a0<\/strong><\/h3>\n<p>Situ\u00e9 \u00e0 Ruoms, cet \u00e9tablissement constitue un point de d\u00e9part id\u00e9al pour d\u00e9couvrir l\u2019Ard\u00e8che, ses grottes et ses ch\u00e2teaux. Durant votre s\u00e9jour, vous profiterez d\u2019une piscine ext\u00e9rieure chauff\u00e9e, d\u2019une pataugeoire, d\u2019une aire de jeux ou encore d\u2019un terrain de p\u00e9tanque et de tennis.<\/p>\n<p><a href=\"https:\/\/www.campings.com\/fr\/camping\/camping-la-grandterre-78176\">Plus d\u2019infos sur le camping La Grand\u2019Terre<\/a><\/p>\n<p><img loading=\"lazy\" decoding=\"async\" class=\"alignnone size-full wp-image-2936\" src=\"https:\/\/www.campings.com\/fr\/content\/wp-content\/uploads\/2021\/07\/Camping-La-GrandTerre.jpg\" alt=\"\" width=\"1000\" height=\"665\" \/><\/p>\n<h2><strong>S\u00e9lection de campings \u00e0 Privas, en Ard\u00e8che\u00a0<\/strong><\/h2>\n<p>Voici une s\u00e9lection de campings situ\u00e9s \u00e0 Privas :<\/p>\n<h3>Le camping familial C\u0153ur d\u2019Ard\u00e8che<\/h3>\n<p>Situ\u00e9 \u00e0 Saint-Vincent-de-Durfort, ce camping constitue un point de d\u00e9part id\u00e9al pour d\u00e9couvrir les merveilles de l\u2019Ard\u00e8che. Piscine ext\u00e9rieure chauff\u00e9e, aire de jeux, pataugeoire et autres infrastructures de loisirs : cet \u00e9tablissement a tout pour plaire !<\/p>\n<p><a href=\"https:\/\/www.campings.com\/fr\/camping\/camping-coeur-dardeche-78425\">Plus d\u2019infos sur le Camping C\u0153ur d\u2019Ard\u00e8che<\/a><\/p>\n<h3><strong>Le camping Les Lavandes\u00a0<\/strong><\/h3>\n<p>Pendant votre s\u00e9jour en Ard\u00e8che, optez pour cet \u00e9tablissement situ\u00e9 \u00e0 Darbres. Avec les activit\u00e9s accessibles sur place, vous ne risquez pas de vous ennuyer ! Au programme : baignade (piscine ext\u00e9rieure et pataugeoire), p\u00e9tanque, soir\u00e9es \u00e0 th\u00e8me\u2026<\/p>\n<p><a href=\"https:\/\/www.campings.com\/fr\/camping\/camping-les-lavandes-77169\">Plus d\u2019infos sur le Camping Les Lavandes\u00a0<\/a><\/p>\n<p><img loading=\"lazy\" decoding=\"async\" class=\"alignnone size-full wp-image-2935\" src=\"https:\/\/www.campings.com\/fr\/content\/wp-content\/uploads\/2021\/07\/Camping-Les-Lavandes.jpg\" alt=\"\" width=\"1000\" height=\"665\" \/><\/p>\n<h2><strong>S\u00e9lection de campings pas chers en Ard\u00e8che\u00a0<\/strong><\/h2>\n<p>S\u00e9lection de campings pas chers situ\u00e9s en\u00a0<a href=\"https:\/\/www.campings.com\/fr\/content\/guide-vacances-ardeche\/\"><u>Ard\u00e8che<\/u>\u00a0<\/a>:<\/p>\n<h3><strong>Le camping Le Pommier\u00a0<\/strong><\/h3>\n<p>Avec son parc aquatique, ses 3 bassins et ses 8 toboggans, ce camping comblera toutes les envies de baignade. Il dispose \u00e9galement d\u2019un terrain de p\u00e9tanque, d\u2019une aire de jeux et propose de nombreuses animations pour toute la famille.<\/p>\n<p><a href=\"https:\/\/www.campings.com\/fr\/camping\/camping-le-pommier-81507\">Plus d\u2019infos sur le Camping Le Pommier<\/a><\/p>\n<h3><strong>Le camping Le Sous Bois\u00a0<\/strong><\/h3>\n<p>Situ\u00e9 \u00e0 Saint-Maurice-d\u2019Ibie, ce camping est parfait pour un s\u00e9jour plac\u00e9 sous le signe de la d\u00e9tente et de la d\u00e9couverte. Il se trouve \u00e0 proximit\u00e9 des sites touristiques du Trou de la Lune ou encore de l\u2019Arche du Ranc de l\u2019Arc. Le camping met \u00e0 votre disposition une piscine, une pataugeoire, une aire de jeux ou encore un terrain de p\u00e9tanque.<\/p>\n<p><a href=\"https:\/\/www.campings.com\/fr\/camping\/camping-le-sous-bois-78350\">Plus d\u2019infos sur le Camping Le Sous Bois<\/a><\/p>\n","protected":false},"excerpt":{"rendered":"<p>Envie de r\u00e9ussir votre s\u00e9jour en camping en Ard\u00e8che ? Avec sa v\u00e9g\u00e9tation luxuriante et ses paysages majestueux, l\u2019Ard\u00e8che est une destination id\u00e9ale pour des vacances rimant avec nature et d\u00e9tente. D\u00e9couvrez en d\u00e9tail notre s\u00e9lection de campings. L\u2019Ard\u00e8che\u00a0est une destination de choix pour des vacances en mode farniente et d\u00e9tente. Avec ses vall\u00e9es majestueuses, [&hellip;]<\/p>\n","protected":false},"author":18,"featured_media":0,"parent":2897,"menu_order":0,"comment_status":"closed","ping_status":"closed","template":"template-twocolumns.php","meta":{"_acf_changed":false,"footnotes":""},"class_list":["post-2934","page","type-page","status-publish","hentry"],"acf":[],"yoast_head":"<!-- This site is optimized with the Yoast SEO plugin v27.1.1 - https:\/\/yoast.com\/product\/yoast-seo-wordpress\/ -->\n<title>Notre s\u00e9lection de campings en Ard\u00e8che -<\/title>\n<meta name=\"description\" content=\"D\u00e9couvrez les meilleures adresses de camping \u00e0 privil\u00e9gier en Ard\u00e8che pour des vacances en famille plac\u00e9es sous le signe de la d\u00e9tente et du confort.\" \/>\n<meta name=\"robots\" content=\"index, follow, max-snippet:-1, max-image-preview:large, max-video-preview:-1\" \/>\n<link rel=\"canonical\" href=\"https:\/\/www.campings.com\/fr\/content\/guide-vacances-ardeche\/campings-ardeche\/\" \/>\n<meta property=\"og:locale\" content=\"fr_FR\" \/>\n<meta property=\"og:type\" content=\"article\" \/>\n<meta property=\"og:title\" content=\"Notre s\u00e9lection de campings en Ard\u00e8che -\" \/>\n<meta property=\"og:description\" content=\"D\u00e9couvrez les meilleures adresses de camping \u00e0 privil\u00e9gier en Ard\u00e8che pour des vacances en famille plac\u00e9es sous le signe de la d\u00e9tente et du confort.\" \/>\n<meta property=\"og:url\" content=\"https:\/\/www.campings.com\/fr\/content\/guide-vacances-ardeche\/campings-ardeche\/\" \/>\n<meta property=\"og:image\" content=\"https:\/\/www.campings.com\/fr\/content\/wp-content\/uploads\/2021\/07\/Camping-Des-Blachas.jpg\" \/>\n\t<meta property=\"og:image:width\" content=\"1000\" \/>\n\t<meta property=\"og:image:height\" content=\"665\" \/>\n\t<meta property=\"og:image:type\" content=\"image\/jpeg\" \/>\n<meta name=\"twitter:card\" content=\"summary_large_image\" \/>\n<meta name=\"twitter:label1\" content=\"Dur\u00e9e de lecture estim\u00e9e\" \/>\n\t<meta name=\"twitter:data1\" content=\"4 minutes\" \/>\n<script type=\"application\/ld+json\" class=\"yoast-schema-graph\">{\"@context\":\"https:\/\/schema.org\",\"@graph\":[{\"@type\":\"WebPage\",\"@id\":\"https:\/\/www.campings.com\/fr\/content\/guide-vacances-ardeche\/campings-ardeche\/\",\"url\":\"https:\/\/www.campings.com\/fr\/content\/guide-vacances-ardeche\/campings-ardeche\/\",\"name\":\"Notre s\u00e9lection de campings en Ard\u00e8che -\",\"isPartOf\":{\"@id\":\"https:\/\/www.campings.com\/fr\/content\/#website\"},\"primaryImageOfPage\":{\"@id\":\"https:\/\/www.campings.com\/fr\/content\/guide-vacances-ardeche\/campings-ardeche\/#primaryimage\"},\"image\":{\"@id\":\"https:\/\/www.campings.com\/fr\/content\/guide-vacances-ardeche\/campings-ardeche\/#primaryimage\"},\"thumbnailUrl\":\"https:\/\/www.campings.com\/fr\/content\/wp-content\/uploads\/2021\/07\/Camping-Des-Blachas.jpg\",\"datePublished\":\"2021-07-06T13:41:35+00:00\",\"description\":\"D\u00e9couvrez les meilleures adresses de camping \u00e0 privil\u00e9gier en Ard\u00e8che pour des vacances en famille plac\u00e9es sous le signe de la d\u00e9tente et du confort.\",\"breadcrumb\":{\"@id\":\"https:\/\/www.campings.com\/fr\/content\/guide-vacances-ardeche\/campings-ardeche\/#breadcrumb\"},\"inLanguage\":\"fr-FR\",\"potentialAction\":[{\"@type\":\"ReadAction\",\"target\":[\"https:\/\/www.campings.com\/fr\/content\/guide-vacances-ardeche\/campings-ardeche\/\"]}]},{\"@type\":\"ImageObject\",\"inLanguage\":\"fr-FR\",\"@id\":\"https:\/\/www.campings.com\/fr\/content\/guide-vacances-ardeche\/campings-ardeche\/#primaryimage\",\"url\":\"https:\/\/www.campings.com\/fr\/content\/wp-content\/uploads\/2021\/07\/Camping-Des-Blachas.jpg\",\"contentUrl\":\"https:\/\/www.campings.com\/fr\/content\/wp-content\/uploads\/2021\/07\/Camping-Des-Blachas.jpg\",\"width\":1000,\"height\":665},{\"@type\":\"BreadcrumbList\",\"@id\":\"https:\/\/www.campings.com\/fr\/content\/guide-vacances-ardeche\/campings-ardeche\/#breadcrumb\",\"itemListElement\":[{\"@type\":\"ListItem\",\"position\":1,\"name\":\"Home\",\"item\":\"https:\/\/www.campings.com\/fr\/content\/\"},{\"@type\":\"ListItem\",\"position\":2,\"name\":\"Le guide de vos vacances en Ard\u00e8che\",\"item\":\"https:\/\/www.campings.com\/fr\/content\/guide-vacances-ardeche\/\"},{\"@type\":\"ListItem\",\"position\":3,\"name\":\"Notre s\u00e9lection de campings en Ard\u00e8che\"}]},{\"@type\":\"WebSite\",\"@id\":\"https:\/\/www.campings.com\/fr\/content\/#website\",\"url\":\"https:\/\/www.campings.com\/fr\/content\/\",\"name\":\"\",\"description\":\"\",\"publisher\":{\"@id\":\"https:\/\/www.campings.com\/fr\/content\/#organization\"},\"potentialAction\":[{\"@type\":\"SearchAction\",\"target\":{\"@type\":\"EntryPoint\",\"urlTemplate\":\"https:\/\/www.campings.com\/fr\/content\/?s={search_term_string}\"},\"query-input\":{\"@type\":\"PropertyValueSpecification\",\"valueRequired\":true,\"valueName\":\"search_term_string\"}}],\"inLanguage\":\"fr-FR\"},{\"@type\":\"Organization\",\"@id\":\"https:\/\/www.campings.com\/fr\/content\/#organization\",\"name\":\"CAMPINGS.COM\",\"url\":\"https:\/\/www.campings.com\/fr\/content\/\",\"logo\":{\"@type\":\"ImageObject\",\"inLanguage\":\"fr-FR\",\"@id\":\"https:\/\/www.campings.com\/fr\/content\/#\/schema\/logo\/image\/\",\"url\":\"https:\/\/www.campings.com\/fr\/content\/wp-content\/uploads\/2019\/01\/cropped-logo-1.png\",\"contentUrl\":\"https:\/\/www.campings.com\/fr\/content\/wp-content\/uploads\/2019\/01\/cropped-logo-1.png\",\"width\":174,\"height\":42,\"caption\":\"CAMPINGS.COM\"},\"image\":{\"@id\":\"https:\/\/www.campings.com\/fr\/content\/#\/schema\/logo\/image\/\"}}]}<\/script>\n<!-- \/ Yoast SEO plugin. -->","yoast_head_json":{"title":"Notre s\u00e9lection de campings en Ard\u00e8che -","description":"D\u00e9couvrez les meilleures adresses de camping \u00e0 privil\u00e9gier en Ard\u00e8che pour des vacances en famille plac\u00e9es sous le signe de la d\u00e9tente et du confort.","robots":{"index":"index","follow":"follow","max-snippet":"max-snippet:-1","max-image-preview":"max-image-preview:large","max-video-preview":"max-video-preview:-1"},"canonical":"https:\/\/www.campings.com\/fr\/content\/guide-vacances-ardeche\/campings-ardeche\/","og_locale":"fr_FR","og_type":"article","og_title":"Notre s\u00e9lection de campings en Ard\u00e8che -","og_description":"D\u00e9couvrez les meilleures adresses de camping \u00e0 privil\u00e9gier en Ard\u00e8che pour des vacances en famille plac\u00e9es sous le signe de la d\u00e9tente et du confort.","og_url":"https:\/\/www.campings.com\/fr\/content\/guide-vacances-ardeche\/campings-ardeche\/","og_image":[{"width":1000,"height":665,"url":"https:\/\/www.campings.com\/fr\/content\/wp-content\/uploads\/2021\/07\/Camping-Des-Blachas.jpg","type":"image\/jpeg"}],"twitter_card":"summary_large_image","twitter_misc":{"Dur\u00e9e de lecture estim\u00e9e":"4 minutes"},"schema":{"@context":"https:\/\/schema.org","@graph":[{"@type":"WebPage","@id":"https:\/\/www.campings.com\/fr\/content\/guide-vacances-ardeche\/campings-ardeche\/","url":"https:\/\/www.campings.com\/fr\/content\/guide-vacances-ardeche\/campings-ardeche\/","name":"Notre s\u00e9lection de campings en Ard\u00e8che -","isPartOf":{"@id":"https:\/\/www.campings.com\/fr\/content\/#website"},"primaryImageOfPage":{"@id":"https:\/\/www.campings.com\/fr\/content\/guide-vacances-ardeche\/campings-ardeche\/#primaryimage"},"image":{"@id":"https:\/\/www.campings.com\/fr\/content\/guide-vacances-ardeche\/campings-ardeche\/#primaryimage"},"thumbnailUrl":"https:\/\/www.campings.com\/fr\/content\/wp-content\/uploads\/2021\/07\/Camping-Des-Blachas.jpg","datePublished":"2021-07-06T13:41:35+00:00","description":"D\u00e9couvrez les meilleures adresses de camping \u00e0 privil\u00e9gier en Ard\u00e8che pour des vacances en famille plac\u00e9es sous le signe de la d\u00e9tente et du confort.","breadcrumb":{"@id":"https:\/\/www.campings.com\/fr\/content\/guide-vacances-ardeche\/campings-ardeche\/#breadcrumb"},"inLanguage":"fr-FR","potentialAction":[{"@type":"ReadAction","target":["https:\/\/www.campings.com\/fr\/content\/guide-vacances-ardeche\/campings-ardeche\/"]}]},{"@type":"ImageObject","inLanguage":"fr-FR","@id":"https:\/\/www.campings.com\/fr\/content\/guide-vacances-ardeche\/campings-ardeche\/#primaryimage","url":"https:\/\/www.campings.com\/fr\/content\/wp-content\/uploads\/2021\/07\/Camping-Des-Blachas.jpg","contentUrl":"https:\/\/www.campings.com\/fr\/content\/wp-content\/uploads\/2021\/07\/Camping-Des-Blachas.jpg","width":1000,"height":665},{"@type":"BreadcrumbList","@id":"https:\/\/www.campings.com\/fr\/content\/guide-vacances-ardeche\/campings-ardeche\/#breadcrumb","itemListElement":[{"@type":"ListItem","position":1,"name":"Home","item":"https:\/\/www.campings.com\/fr\/content\/"},{"@type":"ListItem","position":2,"name":"Le guide de vos vacances en Ard\u00e8che","item":"https:\/\/www.campings.com\/fr\/content\/guide-vacances-ardeche\/"},{"@type":"ListItem","position":3,"name":"Notre s\u00e9lection de campings en Ard\u00e8che"}]},{"@type":"WebSite","@id":"https:\/\/www.campings.com\/fr\/content\/#website","url":"https:\/\/www.campings.com\/fr\/content\/","name":"","description":"","publisher":{"@id":"https:\/\/www.campings.com\/fr\/content\/#organization"},"potentialAction":[{"@type":"SearchAction","target":{"@type":"EntryPoint","urlTemplate":"https:\/\/www.campings.com\/fr\/content\/?s={search_term_string}"},"query-input":{"@type":"PropertyValueSpecification","valueRequired":true,"valueName":"search_term_string"}}],"inLanguage":"fr-FR"},{"@type":"Organization","@id":"https:\/\/www.campings.com\/fr\/content\/#organization","name":"CAMPINGS.COM","url":"https:\/\/www.campings.com\/fr\/content\/","logo":{"@type":"ImageObject","inLanguage":"fr-FR","@id":"https:\/\/www.campings.com\/fr\/content\/#\/schema\/logo\/image\/","url":"https:\/\/www.campings.com\/fr\/content\/wp-content\/uploads\/2019\/01\/cropped-logo-1.png","contentUrl":"https:\/\/www.campings.com\/fr\/content\/wp-content\/uploads\/2019\/01\/cropped-logo-1.png","width":174,"height":42,"caption":"CAMPINGS.COM"},"image":{"@id":"https:\/\/www.campings.com\/fr\/content\/#\/schema\/logo\/image\/"}}]}},"_links":{"self":[{"href":"https:\/\/www.campings.com\/fr\/content\/wp-json\/wp\/v2\/pages\/2934","targetHints":{"allow":["GET"]}}],"collection":[{"href":"https:\/\/www.campings.com\/fr\/content\/wp-json\/wp\/v2\/pages"}],"about":[{"href":"https:\/\/www.campings.com\/fr\/content\/wp-json\/wp\/v2\/types\/page"}],"author":[{"embeddable":true,"href":"https:\/\/www.campings.com\/fr\/content\/wp-json\/wp\/v2\/users\/18"}],"replies":[{"embeddable":true,"href":"https:\/\/www.campings.com\/fr\/content\/wp-json\/wp\/v2\/comments?post=2934"}],"version-history":[{"count":1,"href":"https:\/\/www.campings.com\/fr\/content\/wp-json\/wp\/v2\/pages\/2934\/revisions"}],"predecessor-version":[{"id":2938,"href":"https:\/\/www.campings.com\/fr\/content\/wp-json\/wp\/v2\/pages\/2934\/revisions\/2938"}],"up":[{"embeddable":true,"href":"https:\/\/www.campings.com\/fr\/content\/wp-json\/wp\/v2\/pages\/2897"}],"wp:attachment":[{"href":"https:\/\/www.campings.com\/fr\/content\/wp-json\/wp\/v2\/media?parent=2934"}],"curies":[{"name":"wp","href":"https:\/\/api.w.org\/{rel}","templated":true}]}}