{"id":2929,"date":"2021-07-06T13:09:41","date_gmt":"2021-07-06T13:09:41","guid":{"rendered":"https:\/\/www.campings.com\/fr\/content\/?page_id=2929"},"modified":"2021-07-06T13:09:41","modified_gmt":"2021-07-06T13:09:41","slug":"randonnee-en-ardeche","status":"publish","type":"page","link":"https:\/\/www.campings.com\/fr\/content\/guide-vacances-ardeche\/randonnee-en-ardeche\/","title":{"rendered":"O\u00f9 pratiquer la randonn\u00e9e en Ard\u00e8che ?"},"content":{"rendered":"<p>Envie de vivre une exp\u00e9rience grandeur nature lors de vos prochaines vacances en famille ? Partez sur les sentiers de randonn\u00e9e ard\u00e9chois et d\u00e9couvrez les merveilles de la nature insoup\u00e7onn\u00e9es de la r\u00e9gion.<\/p>\n<p>Des plaines ard\u00e9choises aux Gorges de l\u2019Ard\u00e8che, en passant par les C\u00e9vennes et l\u2019Ard\u00e8che m\u00e9ridionale\u2026 Le d\u00e9partement de <a href=\"https:\/\/www.campings.com\/fr\/content\/guide-vacances-ardeche\/\">l\u2019Ard\u00e8che<\/a>, dans le sud de la France, regorge de lieux spectaculaires au d\u00e9cor somptueux\u2026 Et beaucoup de sites ne sont accessibles qu\u2019\u00e0 pied. Entre for\u00eats, vall\u00e9es, montagnes, falaises, rivi\u00e8res, plaines, volcans et villages, vous aurez l\u2019embarras du choix parmi les itin\u00e9raires de randonn\u00e9e !<\/p>\n<h2><strong>Les sentiers des Gorges de l\u2019Ard\u00e8che, une rando au sud de l\u2019Ard\u00e8che<\/strong><\/h2>\n<p>Envie de rallier le c\u0153ur des Gorges de l\u2019Ard\u00e8che en sac \u00e0 dos ? Enfilez de bonnes chaussures de randonn\u00e9e et accrochez-vous car il s\u2019agit d\u2019une randonn\u00e9e difficile sur 12 km de sentier balis\u00e9. Ce type de randonn\u00e9e pousse au d\u00e9passement de soi\u2026 un circuit parfait pour ceux qui souhaitent repousser leurs limites ! Le point de d\u00e9part de la randonn\u00e9e se situe dans le beau village de Labastide-de-Virac et s\u2019ach\u00e8ve au m\u00eame point.<\/p>\n<p>Pendant cette escapade, vous devrez escalader des \u00e9chelles et passer par des c\u00e2bles. Vous aurez aussi l\u2019occasion de visiter Vallon-Pont-d\u2019Arc, Aven d\u2019Orgnac ou encore la Grotte Marzal. Des paysages vari\u00e9s au d\u00e9cor somptueux se succ\u00e8dent tout au long du parcours\u2026 rivi\u00e8res, espaces verts, cirques, falaises, plages de sable ou de galets, grottes.<\/p>\n<p><img loading=\"lazy\" decoding=\"async\" class=\"alignnone size-full wp-image-2932\" src=\"https:\/\/www.campings.com\/fr\/content\/wp-content\/uploads\/2021\/07\/Randonn\u00e9e-1.jpg\" alt=\"\" width=\"1000\" height=\"665\" \/><\/p>\n<h2><strong>Un circuit \u00e0 pied autour de la cascade de Pissevieille en partant de Vallon-Pont-d\u2019Arc<\/strong><\/h2>\n<p>Haute de 70 m, la cascade de Pissevieille ne jaillit que quelques jours par an. Ce site fait partie des tr\u00e9sors cach\u00e9s de l\u2019Ard\u00e8che. Situ\u00e9 \u00e0 quelques pas des Gorges de l\u2019Ard\u00e8che, dans le vallon du Tiourre, ce site m\u00e9connu est tr\u00e8s peu visit\u00e9. Si vous optez pour cet itin\u00e9raire de randonn\u00e9e, choisissez le bon moment, car les chutes ne sont pas visibles toute l\u2019ann\u00e9e. En effet, vous ne pourrez admirer la cascade qu\u2019apr\u00e8s de fortes pluies ou lors de la fonte des neiges. Le point de d\u00e9part de la randonn\u00e9e se trouve sur la route des gorges, \u00e0 8 km de Vallon-Pont-d\u2019Arc. Pr\u00e9sentant un niveau de difficult\u00e9 moyen, ce circuit est parfait pour une randonn\u00e9e en famille. La distance \u00e0 parcourir est de 9,7 km, le long de Pissevieille et de son ruisseau.<\/p>\n<h2><strong>Le sentier des Granges\u00a0et son paysage montagneux<\/strong><\/h2>\n<p>Envie d&rsquo;une randonn\u00e9e aux ambiances contrast\u00e9es ? Le sentier des Granges est une randonn\u00e9e en boucle dont le d\u00e9part est situ\u00e9 devant l\u2019\u00e9glise de Laboule en\u00a0<a href=\"https:\/\/www.campings.com\/fr\/content\/guide-vacances-ardeche\/\"><u>Ard\u00e8che<\/u><\/a>. Difficile de vous perdre, car le sentier est balis\u00e9 en jaune, jaune\/blanc, et jaune\/rouge. Le circuit passe sous les noisetiers, traverse une for\u00eat de ch\u00eanes et de h\u00eatres, mais aussi des cols, plaines et ruisseaux. Le niveau de difficult\u00e9 de cette randonn\u00e9e est \u00e9lev\u00e9, avec une mont\u00e9e r\u00e9guli\u00e8re sur 14 km pour 744 m de d\u00e9nivel\u00e9. Le plus haut point de vue culmine \u00e0 1402 m. N\u00e9anmoins, les plus beaux points de vue sont au sommet du sentier des Granges et sur la descente au Cros de l\u2019Aygues. Vous pourrez admirer des panoramas \u00e0 couper le souffle ! Que ce soit sur le Mont Blanc, le Vercors, le Mont Loz\u00e8re ou encore un bel aper\u00e7u du plateau des C\u00e9vennes. Au retour, profitez-en pour visiter Laboule, sans oublier de go\u00fbter aux c\u00e9l\u00e8bres confitures de pays au g\u00eete d\u2019\u00e9tape.<\/p>\n<p><img loading=\"lazy\" decoding=\"async\" class=\"alignnone size-full wp-image-2930\" src=\"https:\/\/www.campings.com\/fr\/content\/wp-content\/uploads\/2021\/07\/Randonn\u00e9e-3.jpg\" alt=\"\" width=\"1000\" height=\"665\" \/><\/p>\n<h2><strong>Randonn\u00e9e p\u00e9destre, le Cirque de Gens<\/strong><\/h2>\n<p>Cette randonn\u00e9e se fait au d\u00e9part du village de Balazuc. Elle est parfaite pour les amateurs de sensations fortes et ceux qui n\u2019ont pas peur du vide ! Avec ses sentiers caillouteux et les balcons naturels qui surplombent la rivi\u00e8re Ard\u00e8che, ce circuit pr\u00e9sente un niveau difficile. Le long de ce parcours d\u2019environ 12 km, vous pourrez admirer une succession de paysages \u00e0 couper le souffle. Des maisons en pierre, des balcons rocheux, des falaises vertigineuses, des rivi\u00e8res et chemins forestiers\u2026 Une fois dans le cirque, une baignade dans l\u2019Ard\u00e8che s\u2019impose pour faire baisser l\u2019adr\u00e9naline, surtout en \u00e9t\u00e9 ! Sculpt\u00e9 dans les falaises par la rivi\u00e8re Ard\u00e8che depuis des milliers d\u2019ann\u00e9es, ce site naturel vaut le d\u00e9tour. Le cirque de Gens est un circuit de randonn\u00e9e en boucle, qui part et revient au croisement de la Croix de Saint-Roch.<\/p>\n<h2><strong>Le volcan des Chirouzes<\/strong><\/h2>\n<p>Le volcan des Chirouzes est un circuit de randonn\u00e9e insolite \u00e0 faire en\u00a0<u>Ard\u00e8che<\/u>. Ce qui fait sa sp\u00e9cificit\u00e9 ? Son sol donne la sensation de marcher sur la lune ! Autour du volcan : un pierrier immense, le plateau des Chirouzes, des orgues basaltiques et la petite grotte des camisards. Le point de d\u00e9part de ce circuit en boucle bien balis\u00e9, long de 12 km, se trouve \u00e0 Pranles. Une vue exceptionnelle vous attend lors de cette randonn\u00e9e o\u00f9 vous passerez par des chemins forestiers\u2026 \u00c0 mi-parcours, n\u2019h\u00e9sitez pas \u00e0 vous reposer dans les petits hameaux pour faire corps avec la nature dans un calme absolu. Malgr\u00e9 le niveau de difficult\u00e9 moyen, de bonnes chaussures sont de mise afin de traverser l\u2019immense pierrier du volcan.<\/p>\n<h2><strong>Le pic de Chenavari, avec vue sur les C\u00e9vennes au sommet<\/strong><\/h2>\n<p>Le pic de Chenavari est la meilleure randonn\u00e9e \u00e0 faire en\u00a0<u>Ard\u00e8che<\/u>\u00a0pour passer un moment convivial en famille. Aucune difficult\u00e9 n\u2019est \u00e0 souligner et le chemin est balis\u00e9 \u00e0 chaque intersection. Avec un peu de pr\u00e9paration, m\u00eame les plus jeunes pourront se lancer dans l\u2019aventure ! La distance de l\u2019itin\u00e9raire est d\u2019environ 4 km, en partant de la ferme de Chenavari. Le pic se trouve sur une propri\u00e9t\u00e9 priv\u00e9e, mais l\u2019ascension est accessible aux randonneurs malgr\u00e9 les chemins cl\u00f4tur\u00e9s. Culminant \u00e0 507 m d\u2019altitude, il offre une vue panoramique sur le grand fleuve, les C\u00e9vennes et les Pr\u00e9alpes. Par beau temps, le Vercors, le D\u00e9voluy et les \u00c9crins sont visibles. Au retour, vous pourrez emprunter le m\u00eame chemin ou contourner au Sud pour faire le tour, direction le ch\u00e2teau de Rochemaure. Vous passerez un agr\u00e9able moment au milieu de ce paysage basaltique et profiterez d\u2019une vue imprenable depuis les balcons du Rh\u00f4ne.<\/p>\n<h2><strong>Les Gorges de la Sainte-Beaume, une balade en Ard\u00e8che agr\u00e9able \u00e0 faire en famille<\/strong><\/h2>\n<p>\u00c0 la recherche d\u2019un circuit de randonn\u00e9e en Ard\u00e8che pour une sortie en famille ? Les Gorges de la Sainte-Beaume constituent un itin\u00e9raire parfait. D\u2019un niveau assez facile, ce parcours convient aux randonneurs de tous les \u00e2ges. La randonn\u00e9e dure 2h30, pour une distance d\u2019environ 6,5 km. Le point de d\u00e9part se trouve dans le magnifique village m\u00e9di\u00e9val de Saint-Montan. Il s\u2019agit d\u2019une randonn\u00e9e en boucle qui passe dans les gorges en direction du domaine d\u2019Imbours. Le chemin se poursuit par une mont\u00e9e r\u00e9guli\u00e8re vers une petite chapelle, en direction de la grotte de l\u2019Ermite Montanus. Apr\u00e8s la visite, reprenez l\u2019itin\u00e9raire en direction du village de Larnas. Lors de la descente vers Saint-Montan vous traverserez un parc \u00e0 chevaux. Sur le chemin, vous d\u00e9couvrirez le ch\u00e2teau de Saint-Montan, puis un peu plus bas, la grotte de Lourdes.<\/p>\n<h2><strong>Boucle du ch\u00e2teau de Vog\u00fc\u00e9<\/strong><\/h2>\n<p>Vog\u00fc\u00e9 figure parmi les plus beaux villages de France. Lors de votre s\u00e9jour en Ard\u00e8che, une visite s\u2019impose ! Profitez d\u2019une randonn\u00e9e pour d\u00e9couvrir son superbe ch\u00e2teau, sa chapelle et ses jardins suspendus. Pour pique-niquer en famille, rendez-vous sur les berges, l\u2019un des meilleurs spots \u00e0 faire. En escaladant les falaises qui surplombent le village, vous aurez une vue \u00e0 360\u00b0 sur l\u2019Ard\u00e8che, le ch\u00e2teau, Vog\u00fc\u00e9 et les monts d\u2019Ard\u00e8che. Le point de d\u00e9part de la randonn\u00e9e se trouve sur le chemin de la Gleysette au-dessus du ch\u00e2teau. Cet itin\u00e9raire en boucle, de 7 km environ convient tr\u00e8s bien pour une randonn\u00e9e familiale. Le circuit s\u2019effectue en moins d\u20191h30.<\/p>\n<p><img loading=\"lazy\" decoding=\"async\" class=\"alignnone size-full wp-image-2931\" src=\"https:\/\/www.campings.com\/fr\/content\/wp-content\/uploads\/2021\/07\/Randonn\u00e9e-2.jpg\" alt=\"\" width=\"1000\" height=\"665\" \/><\/p>\n<h2><strong>Boucle de Balazuc par la corniche de Coste-Labaume<\/strong><\/h2>\n<p>Les amateurs de promenades au calme appr\u00e9cieront cette randonn\u00e9e en Ard\u00e8che. Le niveau de difficult\u00e9 est facile, pour une distance de 6,5 km et un d\u00e9nivel\u00e9 positif de 172 m. La boucle de Balazuc par la corniche de Coste-Labaume est parfaite pour une escapade en famille. Des paysages vari\u00e9s vous attendent \u00e0 travers la plaine, en passant par le hameau des Louanes. Cet itin\u00e9raire promet des points de vue impressionnants avec un panorama spectaculaire sur un m\u00e9andre de l\u2019Ard\u00e8che\u2026 Ce village, class\u00e9 parmi les plus beaux de France vaut vraiment le d\u00e9tour ! Vous pourrez fl\u00e2ner dans les ruelles m\u00e9di\u00e9vales pour rejoindre le point de d\u00e9part et boucler la boucle.<\/p>\n<h2><strong>S\u00e9lection de campings \u00e0 proximit\u00e9 des circuits de rando en Ard\u00e8che<\/strong><\/h2>\n<p>De passage en <a href=\"https:\/\/www.campings.com\/fr\/content\/guide-vacances-ardeche\/\">Ard\u00e8che<\/a> ? Profitez de votre s\u00e9jour pour pratiquer la randonn\u00e9e ! Une activit\u00e9 alliant sport et d\u00e9tente qui vous permettra de visiter ce beau d\u00e9partement de la r\u00e9gion Auvergne-Rh\u00f4ne-Alpes. Pour un repos bien m\u00e9rit\u00e9 apr\u00e8s une aventure dans les montagnes ard\u00e9choises, optez pour un h\u00e9bergement tout confort en camping ! Que vous soyez en vacances en famille, en couple ou entre amis, vous vivrez une exp\u00e9rience inoubliable. Voici notre s\u00e9lection des meilleurs campings \u00e0 proximit\u00e9 d\u2019itin\u00e9raires de randonn\u00e9e en Ard\u00e8che.<\/p>\n<h3><strong>Camping Le Chassezac<\/strong><\/h3>\n<p>Vous envisagez des vacances en famille en Ard\u00e8che ? Le camping est un mode d\u2019h\u00e9bergement \u00e0 la fois \u00e9conomique et convivial pour vos vacances. Le Camping Chassezac dans le Sampzon vous r\u00e9serve un accueil chaleureux dans ses bungalows, roulottes et mobil homes spacieux. D\u00e9j\u00e0 \u00e9quip\u00e9s, vous n\u2019aurez plus qu\u2019\u00e0 poser vos valises et profiter de vos vacances. Pour une randonn\u00e9e en famille, le Cirque des gens est l\u2019un des meilleurs itin\u00e9raires \u00e0 proximit\u00e9, dans le village de Chauzon.<\/p>\n<p><a href=\"https:\/\/www.campings.com\/fr\/camping\/camping-le-chassezac-78461\">Plus d\u2019infos sur le camping Le Chassezac<\/a>.<\/p>\n<h3><strong>Camping Aloha Plage<\/strong><\/h3>\n<p>Ce camping 4 \u00e9toiles en Ard\u00e8che est situ\u00e9 \u00e0 Sampzon. Plusieurs formules d\u2019h\u00e9bergement sont propos\u00e9es : tente en toile et bois ou mobil home. L\u2019\u00e9tablissement propose m\u00eame un club enfant. Ainsi, pendant que vos enfants seront encadr\u00e9s, vous profiterez de la piscine chauff\u00e9e, du sauna ou de la salle fitness.<\/p>\n<p>C\u00f4t\u00e9 activit\u00e9s de plein air, vous aurez l\u2019embarras du choix ! De nombreux itin\u00e9raires de randonn\u00e9es se trouvent \u00e0 proximit\u00e9, dont la boucle de Balazuc par la corniche de Coste-Labaume.<\/p>\n<p><a href=\"https:\/\/www.campings.com\/fr\/camping\/camping-aloha-plage-78462\">Plus d\u2019infos sur le camping Aloha Plage<\/a>.<\/p>\n<h3><strong>Camping la R\u00e9sidence d\u2019\u00e9t\u00e9<\/strong><\/h3>\n<p>Situ\u00e9e \u00e0 Saint-Rem\u00e8ze, cette magnifique r\u00e9sidence est l\u2019un des meilleurs sites de camping d\u2019Ard\u00e8che. Si vous venez en famille, de confortables mobil homes pouvant h\u00e9berger jusqu\u2019\u00e0 6 personnes sont propos\u00e9s. Le camping dispose d\u2019une piscine chauff\u00e9e accessible d\u2019avril \u00e0 septembre. Pour les enfants : une aire de jeux et des animations diverses sont propos\u00e9es. Pour les grands : p\u00e9tanque, soir\u00e9es \u00e0 th\u00e8me, karaok\u00e9 ou Blind test.<\/p>\n<p><a href=\"https:\/\/www.campings.com\/fr\/camping\/camping-la-residence-dete-81215\">Plus d\u2019infos sur le camping la R\u00e9sidence d\u2019\u00e9t\u00e9<\/a>.<\/p>\n<h3><strong>Camping RCN La Bastide en Ard\u00e8che<\/strong><\/h3>\n<p>Envie de passer un s\u00e9jour dans l\u2019un des meilleurs campings d\u2019Ard\u00e8che ? Le RCN La Bastide en Ard\u00e8che est un camping \u00e9toil\u00e9 localis\u00e9 \u00e0 Ruoms. L\u2019\u00e9tablissement est travers\u00e9 par la rivi\u00e8re Ard\u00e8che et offre un acc\u00e8s direct \u00e0 la plage. Une piscine chauff\u00e9e est \u00e9galement \u00e0 la disposition des campeurs. Sur place, vous profiterez de nombreuses infrastructures aquatiques et de loisirs. \u00c0 proximit\u00e9 de Vallon-Pont d\u2019Arc, vous aurez acc\u00e8s \u00e0 plusieurs itin\u00e9raires de randonn\u00e9e, dont celui de la cascade de Pissevieille.<\/p>\n<p><a href=\"https:\/\/www.campings.com\/fr\/camping\/camping-rcn-la-bastide-en-ardeche-78463\">Plus d\u2019infos sur le camping RCN La Bastide en Ard\u00e8che<\/a>.<\/p>\n<h3><strong>Camping Le Mas de Champel<\/strong><\/h3>\n<p>Situ\u00e9 \u00e0 Olli\u00e8res sur Eyrieux, ce camping 4 \u00e9toiles est parfait pour des vacances en famille. Choisissez l\u2019h\u00e9bergement qui vous convient parmi les tipis, mobil homes et bungalows. Enti\u00e8rement \u00e9quip\u00e9es, les habitations offrent un confort irr\u00e9prochable pour que votre s\u00e9jour soit le plus agr\u00e9able possible. De plus, l\u2019\u00e9tablissement autorise les animaux de compagnie. Sur place, vous pourrez vous baigner dans la piscine chauff\u00e9e, profiter du sauna ou faire du fitness\u2026 Vos bambins pourront m\u00eame profiter du club enfant. Le Mas de Champel a l\u2019avantage de se situer \u00e0 proximit\u00e9 de plusieurs itin\u00e9raires de randonn\u00e9e, dont l\u2019incontournable Volcan des Chirouzes.<\/p>\n<p><a href=\"https:\/\/www.campings.com\/fr\/camping\/camping-le-mas-de-champel-77587\">Plus d\u2019infos sur le Camping Le Mas de Champel<\/a>.<\/p>\n<p>&nbsp;<\/p>\n","protected":false},"excerpt":{"rendered":"<p>Envie de vivre une exp\u00e9rience grandeur nature lors de vos prochaines vacances en famille ? Partez sur les sentiers de randonn\u00e9e ard\u00e9chois et d\u00e9couvrez les merveilles de la nature insoup\u00e7onn\u00e9es de la r\u00e9gion. Des plaines ard\u00e9choises aux Gorges de l\u2019Ard\u00e8che, en passant par les C\u00e9vennes et l\u2019Ard\u00e8che m\u00e9ridionale\u2026 Le d\u00e9partement de l\u2019Ard\u00e8che, dans le sud [&hellip;]<\/p>\n","protected":false},"author":18,"featured_media":0,"parent":2897,"menu_order":0,"comment_status":"closed","ping_status":"closed","template":"template-twocolumns.php","meta":{"_acf_changed":false,"footnotes":""},"class_list":["post-2929","page","type-page","status-publish","hentry"],"acf":[],"yoast_head":"<!-- This site is optimized with the Yoast SEO plugin v27.1.1 - https:\/\/yoast.com\/product\/yoast-seo-wordpress\/ -->\n<title>O\u00f9 pratiquer la randonn\u00e9e en Ard\u00e8che ? -<\/title>\n<meta name=\"description\" content=\"D\u00e9couvrez les meilleurs itin\u00e9raires de randonn\u00e9e \u00e0 parcourir en Ard\u00e8che, un territoire riche de paysages \u00e0 couper le souffle, entre faune et flore sauvage.\" \/>\n<meta name=\"robots\" content=\"index, follow, max-snippet:-1, max-image-preview:large, max-video-preview:-1\" \/>\n<link rel=\"canonical\" href=\"https:\/\/www.campings.com\/fr\/content\/guide-vacances-ardeche\/randonnee-en-ardeche\/\" \/>\n<meta property=\"og:locale\" content=\"fr_FR\" \/>\n<meta property=\"og:type\" content=\"article\" \/>\n<meta property=\"og:title\" content=\"O\u00f9 pratiquer la randonn\u00e9e en Ard\u00e8che ? -\" \/>\n<meta property=\"og:description\" content=\"D\u00e9couvrez les meilleurs itin\u00e9raires de randonn\u00e9e \u00e0 parcourir en Ard\u00e8che, un territoire riche de paysages \u00e0 couper le souffle, entre faune et flore sauvage.\" \/>\n<meta property=\"og:url\" content=\"https:\/\/www.campings.com\/fr\/content\/guide-vacances-ardeche\/randonnee-en-ardeche\/\" \/>\n<meta name=\"twitter:card\" content=\"summary_large_image\" \/>\n<meta name=\"twitter:label1\" content=\"Dur\u00e9e de lecture estim\u00e9e\" \/>\n\t<meta name=\"twitter:data1\" content=\"11 minutes\" \/>\n<script type=\"application\/ld+json\" class=\"yoast-schema-graph\">{\"@context\":\"https:\/\/schema.org\",\"@graph\":[{\"@type\":\"WebPage\",\"@id\":\"https:\/\/www.campings.com\/fr\/content\/guide-vacances-ardeche\/randonnee-en-ardeche\/\",\"url\":\"https:\/\/www.campings.com\/fr\/content\/guide-vacances-ardeche\/randonnee-en-ardeche\/\",\"name\":\"O\u00f9 pratiquer la randonn\u00e9e en Ard\u00e8che ? -\",\"isPartOf\":{\"@id\":\"https:\/\/www.campings.com\/fr\/content\/#website\"},\"datePublished\":\"2021-07-06T13:09:41+00:00\",\"description\":\"D\u00e9couvrez les meilleurs itin\u00e9raires de randonn\u00e9e \u00e0 parcourir en Ard\u00e8che, un territoire riche de paysages \u00e0 couper le souffle, entre faune et flore sauvage.\",\"breadcrumb\":{\"@id\":\"https:\/\/www.campings.com\/fr\/content\/guide-vacances-ardeche\/randonnee-en-ardeche\/#breadcrumb\"},\"inLanguage\":\"fr-FR\",\"potentialAction\":[{\"@type\":\"ReadAction\",\"target\":[\"https:\/\/www.campings.com\/fr\/content\/guide-vacances-ardeche\/randonnee-en-ardeche\/\"]}]},{\"@type\":\"BreadcrumbList\",\"@id\":\"https:\/\/www.campings.com\/fr\/content\/guide-vacances-ardeche\/randonnee-en-ardeche\/#breadcrumb\",\"itemListElement\":[{\"@type\":\"ListItem\",\"position\":1,\"name\":\"Home\",\"item\":\"https:\/\/www.campings.com\/fr\/content\/\"},{\"@type\":\"ListItem\",\"position\":2,\"name\":\"Le guide de vos vacances en Ard\u00e8che\",\"item\":\"https:\/\/www.campings.com\/fr\/content\/guide-vacances-ardeche\/\"},{\"@type\":\"ListItem\",\"position\":3,\"name\":\"O\u00f9 pratiquer la randonn\u00e9e en Ard\u00e8che ?\"}]},{\"@type\":\"WebSite\",\"@id\":\"https:\/\/www.campings.com\/fr\/content\/#website\",\"url\":\"https:\/\/www.campings.com\/fr\/content\/\",\"name\":\"\",\"description\":\"\",\"publisher\":{\"@id\":\"https:\/\/www.campings.com\/fr\/content\/#organization\"},\"potentialAction\":[{\"@type\":\"SearchAction\",\"target\":{\"@type\":\"EntryPoint\",\"urlTemplate\":\"https:\/\/www.campings.com\/fr\/content\/?s={search_term_string}\"},\"query-input\":{\"@type\":\"PropertyValueSpecification\",\"valueRequired\":true,\"valueName\":\"search_term_string\"}}],\"inLanguage\":\"fr-FR\"},{\"@type\":\"Organization\",\"@id\":\"https:\/\/www.campings.com\/fr\/content\/#organization\",\"name\":\"CAMPINGS.COM\",\"url\":\"https:\/\/www.campings.com\/fr\/content\/\",\"logo\":{\"@type\":\"ImageObject\",\"inLanguage\":\"fr-FR\",\"@id\":\"https:\/\/www.campings.com\/fr\/content\/#\/schema\/logo\/image\/\",\"url\":\"https:\/\/www.campings.com\/fr\/content\/wp-content\/uploads\/2019\/01\/cropped-logo-1.png\",\"contentUrl\":\"https:\/\/www.campings.com\/fr\/content\/wp-content\/uploads\/2019\/01\/cropped-logo-1.png\",\"width\":174,\"height\":42,\"caption\":\"CAMPINGS.COM\"},\"image\":{\"@id\":\"https:\/\/www.campings.com\/fr\/content\/#\/schema\/logo\/image\/\"}}]}<\/script>\n<!-- \/ Yoast SEO plugin. -->","yoast_head_json":{"title":"O\u00f9 pratiquer la randonn\u00e9e en Ard\u00e8che ? -","description":"D\u00e9couvrez les meilleurs itin\u00e9raires de randonn\u00e9e \u00e0 parcourir en Ard\u00e8che, un territoire riche de paysages \u00e0 couper le souffle, entre faune et flore sauvage.","robots":{"index":"index","follow":"follow","max-snippet":"max-snippet:-1","max-image-preview":"max-image-preview:large","max-video-preview":"max-video-preview:-1"},"canonical":"https:\/\/www.campings.com\/fr\/content\/guide-vacances-ardeche\/randonnee-en-ardeche\/","og_locale":"fr_FR","og_type":"article","og_title":"O\u00f9 pratiquer la randonn\u00e9e en Ard\u00e8che ? -","og_description":"D\u00e9couvrez les meilleurs itin\u00e9raires de randonn\u00e9e \u00e0 parcourir en Ard\u00e8che, un territoire riche de paysages \u00e0 couper le souffle, entre faune et flore sauvage.","og_url":"https:\/\/www.campings.com\/fr\/content\/guide-vacances-ardeche\/randonnee-en-ardeche\/","twitter_card":"summary_large_image","twitter_misc":{"Dur\u00e9e de lecture estim\u00e9e":"11 minutes"},"schema":{"@context":"https:\/\/schema.org","@graph":[{"@type":"WebPage","@id":"https:\/\/www.campings.com\/fr\/content\/guide-vacances-ardeche\/randonnee-en-ardeche\/","url":"https:\/\/www.campings.com\/fr\/content\/guide-vacances-ardeche\/randonnee-en-ardeche\/","name":"O\u00f9 pratiquer la randonn\u00e9e en Ard\u00e8che ? -","isPartOf":{"@id":"https:\/\/www.campings.com\/fr\/content\/#website"},"datePublished":"2021-07-06T13:09:41+00:00","description":"D\u00e9couvrez les meilleurs itin\u00e9raires de randonn\u00e9e \u00e0 parcourir en Ard\u00e8che, un territoire riche de paysages \u00e0 couper le souffle, entre faune et flore sauvage.","breadcrumb":{"@id":"https:\/\/www.campings.com\/fr\/content\/guide-vacances-ardeche\/randonnee-en-ardeche\/#breadcrumb"},"inLanguage":"fr-FR","potentialAction":[{"@type":"ReadAction","target":["https:\/\/www.campings.com\/fr\/content\/guide-vacances-ardeche\/randonnee-en-ardeche\/"]}]},{"@type":"BreadcrumbList","@id":"https:\/\/www.campings.com\/fr\/content\/guide-vacances-ardeche\/randonnee-en-ardeche\/#breadcrumb","itemListElement":[{"@type":"ListItem","position":1,"name":"Home","item":"https:\/\/www.campings.com\/fr\/content\/"},{"@type":"ListItem","position":2,"name":"Le guide de vos vacances en Ard\u00e8che","item":"https:\/\/www.campings.com\/fr\/content\/guide-vacances-ardeche\/"},{"@type":"ListItem","position":3,"name":"O\u00f9 pratiquer la randonn\u00e9e en Ard\u00e8che ?"}]},{"@type":"WebSite","@id":"https:\/\/www.campings.com\/fr\/content\/#website","url":"https:\/\/www.campings.com\/fr\/content\/","name":"","description":"","publisher":{"@id":"https:\/\/www.campings.com\/fr\/content\/#organization"},"potentialAction":[{"@type":"SearchAction","target":{"@type":"EntryPoint","urlTemplate":"https:\/\/www.campings.com\/fr\/content\/?s={search_term_string}"},"query-input":{"@type":"PropertyValueSpecification","valueRequired":true,"valueName":"search_term_string"}}],"inLanguage":"fr-FR"},{"@type":"Organization","@id":"https:\/\/www.campings.com\/fr\/content\/#organization","name":"CAMPINGS.COM","url":"https:\/\/www.campings.com\/fr\/content\/","logo":{"@type":"ImageObject","inLanguage":"fr-FR","@id":"https:\/\/www.campings.com\/fr\/content\/#\/schema\/logo\/image\/","url":"https:\/\/www.campings.com\/fr\/content\/wp-content\/uploads\/2019\/01\/cropped-logo-1.png","contentUrl":"https:\/\/www.campings.com\/fr\/content\/wp-content\/uploads\/2019\/01\/cropped-logo-1.png","width":174,"height":42,"caption":"CAMPINGS.COM"},"image":{"@id":"https:\/\/www.campings.com\/fr\/content\/#\/schema\/logo\/image\/"}}]}},"_links":{"self":[{"href":"https:\/\/www.campings.com\/fr\/content\/wp-json\/wp\/v2\/pages\/2929","targetHints":{"allow":["GET"]}}],"collection":[{"href":"https:\/\/www.campings.com\/fr\/content\/wp-json\/wp\/v2\/pages"}],"about":[{"href":"https:\/\/www.campings.com\/fr\/content\/wp-json\/wp\/v2\/types\/page"}],"author":[{"embeddable":true,"href":"https:\/\/www.campings.com\/fr\/content\/wp-json\/wp\/v2\/users\/18"}],"replies":[{"embeddable":true,"href":"https:\/\/www.campings.com\/fr\/content\/wp-json\/wp\/v2\/comments?post=2929"}],"version-history":[{"count":1,"href":"https:\/\/www.campings.com\/fr\/content\/wp-json\/wp\/v2\/pages\/2929\/revisions"}],"predecessor-version":[{"id":2933,"href":"https:\/\/www.campings.com\/fr\/content\/wp-json\/wp\/v2\/pages\/2929\/revisions\/2933"}],"up":[{"embeddable":true,"href":"https:\/\/www.campings.com\/fr\/content\/wp-json\/wp\/v2\/pages\/2897"}],"wp:attachment":[{"href":"https:\/\/www.campings.com\/fr\/content\/wp-json\/wp\/v2\/media?parent=2929"}],"curies":[{"name":"wp","href":"https:\/\/api.w.org\/{rel}","templated":true}]}}