{"id":2914,"date":"2021-07-06T12:39:45","date_gmt":"2021-07-06T12:39:45","guid":{"rendered":"https:\/\/www.campings.com\/fr\/content\/?page_id=2914"},"modified":"2021-07-06T12:40:27","modified_gmt":"2021-07-06T12:40:27","slug":"spots-baignade-ardeche","status":"publish","type":"page","link":"https:\/\/www.campings.com\/fr\/content\/guide-vacances-ardeche\/spots-baignade-ardeche\/","title":{"rendered":"Les meilleurs spots de baignade en Ard\u00e8che"},"content":{"rendered":"<p>L\u2019Ard\u00e8che est un d\u00e9partement qui jouit d\u2019un patrimoine naturel exceptionnel. Vous y d\u00e9couvrirez des petits coins de baignade totalement sauvages au d\u00e9cor de r\u00eave. Nous avons s\u00e9lectionn\u00e9 pour vous les meilleurs spots de baignade de la r\u00e9gion.<\/p>\n<p>En \u00e9t\u00e9, <a href=\"https:\/\/www.campings.com\/fr\/content\/guide-vacances-ardeche\/\">l\u2019Ard\u00e8che\u00a0<\/a>b\u00e9n\u00e9ficie d\u2019un climat chaud particuli\u00e8rement propice pour s&rsquo;adonner au plaisir de la baignade. Lacs, rivi\u00e8res, cascades et plans d\u2019eau\u2026 Le d\u00e9partement regorge de merveilleux endroits o\u00f9 se rafra\u00eechir et se d\u00e9tendre. Toutefois, il est indispensable de s\u2019assurer que la baignade est s\u00e9curis\u00e9e car de nombreux spots sauvages ne sont pas surveill\u00e9s.<\/p>\n<h2><strong>Se baigner dans le canyon des Gorges de l\u2019Ard\u00e8che <\/strong><\/h2>\n<p>Situ\u00e9 dans une r\u00e9serve naturelle prot\u00e9g\u00e9e, le canyon des gorges de l\u2019Ard\u00e8che est l\u2019un des plus beaux sites de France. Entour\u00e9 de falaises de calcaire de 200 m de hauteur, ce coin de baignade reste difficile d\u2019acc\u00e8s. Pour s\u2019y aventurer, vous devez vous pr\u00e9parer \u00e0 45 minutes de marche sur un sentier balis\u00e9.<\/p>\n<h2><strong>La plage du Pont d\u2019Arc: un spot parfait pour se baigner en Ard\u00e8che<\/strong><\/h2>\n<p>La plage du Pont d\u2019Arc compte parmi les plus beaux spots de l\u2019Ard\u00e8che. Ce site naturel, aussi majestueux qu\u2019impressionnant, est incontournable lors d\u2019un s\u00e9jour en Ard\u00e8che. Aujourd\u2019hui, l\u2019acc\u00e8s \u00e0 la plage est payant. Une participation financi\u00e8re qui permet d\u2019entretenir ce lieu qui accueille quotidiennement plus de 1 000 personnes.<\/p>\n<h2><strong>La plage surveill\u00e9e de Balazuc\u00a0<\/strong><\/h2>\n<p>Incontournable lors de votre s\u00e9jour en\u00a0Ard\u00e8che, la plage de Balazuc est situ\u00e9e au pied du pont menant au village \u00e9ponyme. En d\u00e9but d\u2019apr\u00e8s-midi, les baigneurs pourront profiter d\u2019un coin ombrag\u00e9. Un atout non n\u00e9gligeable pendant les fortes chaleurs ! Quelques tables sont am\u00e9nag\u00e9es pour des pique-niques improvis\u00e9s en famille. L\u2019acc\u00e8s \u00e0 la plage est gratuit. Le parking est ouvert de 10 h \u00e0 19 h et co\u00fbte 3 \u20ac.<\/p>\n<p><img loading=\"lazy\" decoding=\"async\" class=\"alignnone size-full wp-image-2918\" src=\"https:\/\/www.campings.com\/fr\/content\/wp-content\/uploads\/2021\/07\/Baignade-Balazuc.jpg\" alt=\"\" width=\"1000\" height=\"665\" \/><\/p>\n<h2><strong>Se baigner dans la rivi\u00e8re \u00e0 Vog\u00fc\u00e9<\/strong><\/h2>\n<p>Adoss\u00e9 \u00e0 une falaise, ce village m\u00e9di\u00e9val au charme pittoresque est domin\u00e9 par les tours et les poternes des vieux ch\u00e2teaux. Pour se baigner dans la rivi\u00e8re, vous devrez emprunter des escaliers ext\u00e9rieurs situ\u00e9s au pied de la ville.<\/p>\n<h2><strong>Le Cirque de Gens \u00e0 Chauzon\u00a0<\/strong><\/h2>\n<p>Le Cirque de Gens est une exp\u00e9rience fantastique \u00e0 faire en <a href=\"https:\/\/www.campings.com\/fr\/content\/guide-vacances-ardeche\/\">Ard\u00e8che<\/a>. Ce site naturel d&rsquo;exception a \u00e9t\u00e9 sculpt\u00e9 par la rivi\u00e8re Ard\u00e8che&#8230; Avec ses falaises vertigineuses et sa v\u00e9g\u00e9tation luxuriante, le site se pr\u00eate parfaitement \u00e0 une balade en cano\u00eb. Les visiteurs pourront faire une randonn\u00e9e sur les parcours balis\u00e9s ou se baigner dans la rivi\u00e8re.<\/p>\n<p><img loading=\"lazy\" decoding=\"async\" class=\"alignnone size-full wp-image-2917\" src=\"https:\/\/www.campings.com\/fr\/content\/wp-content\/uploads\/2021\/07\/Baignade-Cirque-de-gens.jpg\" alt=\"\" width=\"1000\" height=\"665\" \/><\/p>\n<h2><strong>Les Gorges de Labeaume<\/strong><\/h2>\n<p>Ce village, cern\u00e9 par les falaises de calcaire a \u00e9t\u00e9 construit sur les rives de la rivi\u00e8re Beaume. Il est constitu\u00e9 de maisons se serrant le long des calades, formant ainsi un v\u00e9ritable labyrinthe. La plage de Labeaume, situ\u00e9e au pied du village offre un d\u00e9cor magnifique, parfait pour se baigner.<\/p>\n<h2><strong>La vall\u00e9e de L\u2019Ibie, un coin de baignade sauvage entour\u00e9 de verdure\u00a0<\/strong><\/h2>\n<p>Situ\u00e9e entre Villeneuve et Vallon Pont d\u2019Arc, la vall\u00e9e de L\u2019Ibie s\u2019\u00e9tend sur plus de 30 km. Elle abrite quelques cascades, une v\u00e9g\u00e9tation m\u00e9diterran\u00e9enne, mais aussi quelques plages de galets accessibles o\u00f9 se baigner.<\/p>\n<h2><strong>Le lac d\u2019Issarl\u00e8s, un lieu de baignade en Ard\u00e8che tr\u00e8s pris\u00e9\u00a0<\/strong><\/h2>\n<p>Situ\u00e9 \u00e0 plus de 1000 M d\u2019altitude, le lac d\u2019Issarl\u00e8s s\u2019\u00e9tend sur plus de 97 ha. Parfait pour la baignade, ce lac atteint une profondeur de 135 m environ. Vous pouvez en faire le tour en moins de 2 h gr\u00e2ce \u00e0 un sentier pi\u00e9tonnier balis\u00e9. Il est possible de s\u2019y baigner durant la p\u00e9riode estivale.<\/p>\n<h2><strong>Le lac de St-Martial<\/strong><\/h2>\n<p>Le lac de Saint-Martial est un lac artificiel install\u00e9 dans un ancien crat\u00e8re volcanique. En plus de s\u2019y baigner, il est aussi possible d\u2019y pratiquer le p\u00e9dalo. Il dispose aussi d\u2019une aire de jeux pour enfant et d\u2019un espace pour pique-niquer en famille.<\/p>\n<p><img loading=\"lazy\" decoding=\"async\" class=\"alignnone size-full wp-image-2916\" src=\"https:\/\/www.campings.com\/fr\/content\/wp-content\/uploads\/2021\/07\/baignade-lac-saint-martial.jpg\" alt=\"\" width=\"1000\" height=\"665\" \/><\/p>\n<h2><strong>S\u00e9lection de campings en Ard\u00e8che \u00e0 proximit\u00e9 des meilleurs spots de baignade\u00a0<\/strong><\/h2>\n<p>Le d\u00e9partement de <a href=\"https:\/\/www.campings.com\/fr\/content\/guide-vacances-ardeche\/\">l\u2019Ard\u00e8che\u00a0<\/a>fourmille d\u2019endroits o\u00f9 se baigner. Voici une s\u00e9lection des campings situ\u00e9s \u00e0 proximit\u00e9 d\u2019un lac ou d\u2019un cours d\u2019eau.<\/p>\n<h3><strong>Camping La Rouviere\u00a0<\/strong><\/h3>\n<p>Le camping La Rouviere est install\u00e9 dans un cadre exceptionnel, en plein c\u0153ur du parc naturel des Gorges de l\u2019Ard\u00e8che. De plus, l\u2019\u00e9tablissement dispose d\u2019une aire de jeux pour enfants et de quelques terrains de sports.<\/p>\n<p><a href=\"https:\/\/www.campings.com\/fr\/camping\/camping-la-rouviere-88557\">Plus d\u2019infos sur le camping La Rouviere<\/a>.<\/p>\n<h3><strong>Camping Beaume Giraud<\/strong><\/h3>\n<p>Le camping Beaume Giraud jouit d\u2019un cadre calme propice au repos. Les amateurs de baignade pourront se rafra\u00eechir dans la piscine ext\u00e9rieure chauff\u00e9e, accessible durant toute la p\u00e9riode estivale. De plus, de nombreuses activit\u00e9s sont propos\u00e9es pour toute la famille.<\/p>\n<p><a href=\"https:\/\/www.campings.com\/fr\/camping\/camping-beaume-giraud-76827\">Plus d\u2019infos sur camping Beaume Giraud<\/a>.<\/p>\n<h3><strong>Camping les Rives d\u2019Auzon<\/strong><\/h3>\n<p>Situ\u00e9 \u00e0 quelques minutes de Vog\u00fc\u00e9, le camping les Rives d\u2019Auzon propose \u00e0 ses clients de nombreux services de qualit\u00e9. En plus de la laverie, les campeurs peuvent aussi profiter du wifi et de nombreuses chaines de t\u00e9l\u00e9vision.<\/p>\n<p><a href=\"https:\/\/www.campings.com\/fr\/camping\/camping-les-rives-dauzon-77527\">Plus d\u2019infos sur le camping les Rives d\u2019Auzon<\/a>.<\/p>\n<h3><strong>Camping Les Rives de L\u2019Ard\u00e8che<\/strong><\/h3>\n<p>Le camping Les Rives de L\u2019Ard\u00e8che propose un \u00e9ventail d\u2019activit\u00e9s \u00e0 faire en famille ou entre amis. Le baby-foot y est disponible tout au long de l\u2019ann\u00e9e. Situ\u00e9 sur les rives de l\u2019Ard\u00e8che, cet \u00e9tablissement est un endroit parfait pour les amateurs de baignade.<\/p>\n<p><a href=\"https:\/\/www.campings.com\/fr\/camping\/camping-les-rives-de-lardeche-77793\">Plus d\u2019infos sur le camping Les rives de l\u2019Ard\u00e8che<\/a>.<\/p>\n<h3><strong>Camping Les Airelles<\/strong><\/h3>\n<p>Le camping Les Airelles est particuli\u00e8rement anim\u00e9 en \u00e9t\u00e9. Tous les soirs, l\u2019\u00e9tablissement organise des animations musicales vari\u00e9es (karaok\u00e9, cours de danse). Il dispose d\u2019une salle de jeux, d\u2019un terrain de p\u00e9tanque et d\u2019une aire de jeux pour enfants.<\/p>\n<p><a href=\"https:\/\/www.campings.com\/fr\/camping\/camping-les-airelles-78237\">Plus d\u2019infos sur le camping les Airelles<\/a>.<\/p>\n","protected":false},"excerpt":{"rendered":"<p>L\u2019Ard\u00e8che est un d\u00e9partement qui jouit d\u2019un patrimoine naturel exceptionnel. Vous y d\u00e9couvrirez des petits coins de baignade totalement sauvages au d\u00e9cor de r\u00eave. Nous avons s\u00e9lectionn\u00e9 pour vous les meilleurs spots de baignade de la r\u00e9gion. En \u00e9t\u00e9, l\u2019Ard\u00e8che\u00a0b\u00e9n\u00e9ficie d\u2019un climat chaud particuli\u00e8rement propice pour s&rsquo;adonner au plaisir de la baignade. Lacs, rivi\u00e8res, cascades [&hellip;]<\/p>\n","protected":false},"author":18,"featured_media":0,"parent":2897,"menu_order":0,"comment_status":"closed","ping_status":"closed","template":"template-twocolumns.php","meta":{"_acf_changed":false,"footnotes":""},"class_list":["post-2914","page","type-page","status-publish","hentry"],"acf":[],"yoast_head":"<!-- This site is optimized with the Yoast SEO plugin v27.1.1 - https:\/\/yoast.com\/product\/yoast-seo-wordpress\/ -->\n<title>Les meilleurs spots de baignade en Ard\u00e8che -<\/title>\n<meta name=\"description\" content=\"D\u00e9couvrez les coins incontournables pour se baigner en Ard\u00e8che et profitez pleinement du cadre exceptionnel de la r\u00e9gion.\" \/>\n<meta name=\"robots\" content=\"index, follow, max-snippet:-1, max-image-preview:large, max-video-preview:-1\" \/>\n<link rel=\"canonical\" href=\"https:\/\/www.campings.com\/fr\/content\/guide-vacances-ardeche\/spots-baignade-ardeche\/\" \/>\n<meta property=\"og:locale\" content=\"fr_FR\" \/>\n<meta property=\"og:type\" content=\"article\" \/>\n<meta property=\"og:title\" content=\"Les meilleurs spots de baignade en Ard\u00e8che -\" \/>\n<meta property=\"og:description\" content=\"D\u00e9couvrez les coins incontournables pour se baigner en Ard\u00e8che et profitez pleinement du cadre exceptionnel de la r\u00e9gion.\" \/>\n<meta property=\"og:url\" content=\"https:\/\/www.campings.com\/fr\/content\/guide-vacances-ardeche\/spots-baignade-ardeche\/\" \/>\n<meta property=\"article:modified_time\" content=\"2021-07-06T12:40:27+00:00\" \/>\n<meta property=\"og:image\" content=\"https:\/\/www.campings.com\/fr\/content\/wp-content\/uploads\/2021\/07\/Baignade-Balazuc.jpg\" \/>\n\t<meta property=\"og:image:width\" content=\"1000\" \/>\n\t<meta property=\"og:image:height\" content=\"665\" \/>\n\t<meta property=\"og:image:type\" content=\"image\/jpeg\" \/>\n<meta name=\"twitter:card\" content=\"summary_large_image\" \/>\n<meta name=\"twitter:label1\" content=\"Dur\u00e9e de lecture estim\u00e9e\" \/>\n\t<meta name=\"twitter:data1\" content=\"5 minutes\" \/>\n<script type=\"application\/ld+json\" class=\"yoast-schema-graph\">{\"@context\":\"https:\/\/schema.org\",\"@graph\":[{\"@type\":\"WebPage\",\"@id\":\"https:\/\/www.campings.com\/fr\/content\/guide-vacances-ardeche\/spots-baignade-ardeche\/\",\"url\":\"https:\/\/www.campings.com\/fr\/content\/guide-vacances-ardeche\/spots-baignade-ardeche\/\",\"name\":\"Les meilleurs spots de baignade en Ard\u00e8che -\",\"isPartOf\":{\"@id\":\"https:\/\/www.campings.com\/fr\/content\/#website\"},\"primaryImageOfPage\":{\"@id\":\"https:\/\/www.campings.com\/fr\/content\/guide-vacances-ardeche\/spots-baignade-ardeche\/#primaryimage\"},\"image\":{\"@id\":\"https:\/\/www.campings.com\/fr\/content\/guide-vacances-ardeche\/spots-baignade-ardeche\/#primaryimage\"},\"thumbnailUrl\":\"https:\/\/www.campings.com\/fr\/content\/wp-content\/uploads\/2021\/07\/Baignade-Balazuc.jpg\",\"datePublished\":\"2021-07-06T12:39:45+00:00\",\"dateModified\":\"2021-07-06T12:40:27+00:00\",\"description\":\"D\u00e9couvrez les coins incontournables pour se baigner en Ard\u00e8che et profitez pleinement du cadre exceptionnel de la r\u00e9gion.\",\"breadcrumb\":{\"@id\":\"https:\/\/www.campings.com\/fr\/content\/guide-vacances-ardeche\/spots-baignade-ardeche\/#breadcrumb\"},\"inLanguage\":\"fr-FR\",\"potentialAction\":[{\"@type\":\"ReadAction\",\"target\":[\"https:\/\/www.campings.com\/fr\/content\/guide-vacances-ardeche\/spots-baignade-ardeche\/\"]}]},{\"@type\":\"ImageObject\",\"inLanguage\":\"fr-FR\",\"@id\":\"https:\/\/www.campings.com\/fr\/content\/guide-vacances-ardeche\/spots-baignade-ardeche\/#primaryimage\",\"url\":\"https:\/\/www.campings.com\/fr\/content\/wp-content\/uploads\/2021\/07\/Baignade-Balazuc.jpg\",\"contentUrl\":\"https:\/\/www.campings.com\/fr\/content\/wp-content\/uploads\/2021\/07\/Baignade-Balazuc.jpg\",\"width\":1000,\"height\":665},{\"@type\":\"BreadcrumbList\",\"@id\":\"https:\/\/www.campings.com\/fr\/content\/guide-vacances-ardeche\/spots-baignade-ardeche\/#breadcrumb\",\"itemListElement\":[{\"@type\":\"ListItem\",\"position\":1,\"name\":\"Home\",\"item\":\"https:\/\/www.campings.com\/fr\/content\/\"},{\"@type\":\"ListItem\",\"position\":2,\"name\":\"Le guide de vos vacances en Ard\u00e8che\",\"item\":\"https:\/\/www.campings.com\/fr\/content\/guide-vacances-ardeche\/\"},{\"@type\":\"ListItem\",\"position\":3,\"name\":\"Les meilleurs spots de baignade en Ard\u00e8che\"}]},{\"@type\":\"WebSite\",\"@id\":\"https:\/\/www.campings.com\/fr\/content\/#website\",\"url\":\"https:\/\/www.campings.com\/fr\/content\/\",\"name\":\"\",\"description\":\"\",\"publisher\":{\"@id\":\"https:\/\/www.campings.com\/fr\/content\/#organization\"},\"potentialAction\":[{\"@type\":\"SearchAction\",\"target\":{\"@type\":\"EntryPoint\",\"urlTemplate\":\"https:\/\/www.campings.com\/fr\/content\/?s={search_term_string}\"},\"query-input\":{\"@type\":\"PropertyValueSpecification\",\"valueRequired\":true,\"valueName\":\"search_term_string\"}}],\"inLanguage\":\"fr-FR\"},{\"@type\":\"Organization\",\"@id\":\"https:\/\/www.campings.com\/fr\/content\/#organization\",\"name\":\"CAMPINGS.COM\",\"url\":\"https:\/\/www.campings.com\/fr\/content\/\",\"logo\":{\"@type\":\"ImageObject\",\"inLanguage\":\"fr-FR\",\"@id\":\"https:\/\/www.campings.com\/fr\/content\/#\/schema\/logo\/image\/\",\"url\":\"https:\/\/www.campings.com\/fr\/content\/wp-content\/uploads\/2019\/01\/cropped-logo-1.png\",\"contentUrl\":\"https:\/\/www.campings.com\/fr\/content\/wp-content\/uploads\/2019\/01\/cropped-logo-1.png\",\"width\":174,\"height\":42,\"caption\":\"CAMPINGS.COM\"},\"image\":{\"@id\":\"https:\/\/www.campings.com\/fr\/content\/#\/schema\/logo\/image\/\"}}]}<\/script>\n<!-- \/ Yoast SEO plugin. -->","yoast_head_json":{"title":"Les meilleurs spots de baignade en Ard\u00e8che -","description":"D\u00e9couvrez les coins incontournables pour se baigner en Ard\u00e8che et profitez pleinement du cadre exceptionnel de la r\u00e9gion.","robots":{"index":"index","follow":"follow","max-snippet":"max-snippet:-1","max-image-preview":"max-image-preview:large","max-video-preview":"max-video-preview:-1"},"canonical":"https:\/\/www.campings.com\/fr\/content\/guide-vacances-ardeche\/spots-baignade-ardeche\/","og_locale":"fr_FR","og_type":"article","og_title":"Les meilleurs spots de baignade en Ard\u00e8che -","og_description":"D\u00e9couvrez les coins incontournables pour se baigner en Ard\u00e8che et profitez pleinement du cadre exceptionnel de la r\u00e9gion.","og_url":"https:\/\/www.campings.com\/fr\/content\/guide-vacances-ardeche\/spots-baignade-ardeche\/","article_modified_time":"2021-07-06T12:40:27+00:00","og_image":[{"width":1000,"height":665,"url":"https:\/\/www.campings.com\/fr\/content\/wp-content\/uploads\/2021\/07\/Baignade-Balazuc.jpg","type":"image\/jpeg"}],"twitter_card":"summary_large_image","twitter_misc":{"Dur\u00e9e de lecture estim\u00e9e":"5 minutes"},"schema":{"@context":"https:\/\/schema.org","@graph":[{"@type":"WebPage","@id":"https:\/\/www.campings.com\/fr\/content\/guide-vacances-ardeche\/spots-baignade-ardeche\/","url":"https:\/\/www.campings.com\/fr\/content\/guide-vacances-ardeche\/spots-baignade-ardeche\/","name":"Les meilleurs spots de baignade en Ard\u00e8che -","isPartOf":{"@id":"https:\/\/www.campings.com\/fr\/content\/#website"},"primaryImageOfPage":{"@id":"https:\/\/www.campings.com\/fr\/content\/guide-vacances-ardeche\/spots-baignade-ardeche\/#primaryimage"},"image":{"@id":"https:\/\/www.campings.com\/fr\/content\/guide-vacances-ardeche\/spots-baignade-ardeche\/#primaryimage"},"thumbnailUrl":"https:\/\/www.campings.com\/fr\/content\/wp-content\/uploads\/2021\/07\/Baignade-Balazuc.jpg","datePublished":"2021-07-06T12:39:45+00:00","dateModified":"2021-07-06T12:40:27+00:00","description":"D\u00e9couvrez les coins incontournables pour se baigner en Ard\u00e8che et profitez pleinement du cadre exceptionnel de la r\u00e9gion.","breadcrumb":{"@id":"https:\/\/www.campings.com\/fr\/content\/guide-vacances-ardeche\/spots-baignade-ardeche\/#breadcrumb"},"inLanguage":"fr-FR","potentialAction":[{"@type":"ReadAction","target":["https:\/\/www.campings.com\/fr\/content\/guide-vacances-ardeche\/spots-baignade-ardeche\/"]}]},{"@type":"ImageObject","inLanguage":"fr-FR","@id":"https:\/\/www.campings.com\/fr\/content\/guide-vacances-ardeche\/spots-baignade-ardeche\/#primaryimage","url":"https:\/\/www.campings.com\/fr\/content\/wp-content\/uploads\/2021\/07\/Baignade-Balazuc.jpg","contentUrl":"https:\/\/www.campings.com\/fr\/content\/wp-content\/uploads\/2021\/07\/Baignade-Balazuc.jpg","width":1000,"height":665},{"@type":"BreadcrumbList","@id":"https:\/\/www.campings.com\/fr\/content\/guide-vacances-ardeche\/spots-baignade-ardeche\/#breadcrumb","itemListElement":[{"@type":"ListItem","position":1,"name":"Home","item":"https:\/\/www.campings.com\/fr\/content\/"},{"@type":"ListItem","position":2,"name":"Le guide de vos vacances en Ard\u00e8che","item":"https:\/\/www.campings.com\/fr\/content\/guide-vacances-ardeche\/"},{"@type":"ListItem","position":3,"name":"Les meilleurs spots de baignade en Ard\u00e8che"}]},{"@type":"WebSite","@id":"https:\/\/www.campings.com\/fr\/content\/#website","url":"https:\/\/www.campings.com\/fr\/content\/","name":"","description":"","publisher":{"@id":"https:\/\/www.campings.com\/fr\/content\/#organization"},"potentialAction":[{"@type":"SearchAction","target":{"@type":"EntryPoint","urlTemplate":"https:\/\/www.campings.com\/fr\/content\/?s={search_term_string}"},"query-input":{"@type":"PropertyValueSpecification","valueRequired":true,"valueName":"search_term_string"}}],"inLanguage":"fr-FR"},{"@type":"Organization","@id":"https:\/\/www.campings.com\/fr\/content\/#organization","name":"CAMPINGS.COM","url":"https:\/\/www.campings.com\/fr\/content\/","logo":{"@type":"ImageObject","inLanguage":"fr-FR","@id":"https:\/\/www.campings.com\/fr\/content\/#\/schema\/logo\/image\/","url":"https:\/\/www.campings.com\/fr\/content\/wp-content\/uploads\/2019\/01\/cropped-logo-1.png","contentUrl":"https:\/\/www.campings.com\/fr\/content\/wp-content\/uploads\/2019\/01\/cropped-logo-1.png","width":174,"height":42,"caption":"CAMPINGS.COM"},"image":{"@id":"https:\/\/www.campings.com\/fr\/content\/#\/schema\/logo\/image\/"}}]}},"_links":{"self":[{"href":"https:\/\/www.campings.com\/fr\/content\/wp-json\/wp\/v2\/pages\/2914","targetHints":{"allow":["GET"]}}],"collection":[{"href":"https:\/\/www.campings.com\/fr\/content\/wp-json\/wp\/v2\/pages"}],"about":[{"href":"https:\/\/www.campings.com\/fr\/content\/wp-json\/wp\/v2\/types\/page"}],"author":[{"embeddable":true,"href":"https:\/\/www.campings.com\/fr\/content\/wp-json\/wp\/v2\/users\/18"}],"replies":[{"embeddable":true,"href":"https:\/\/www.campings.com\/fr\/content\/wp-json\/wp\/v2\/comments?post=2914"}],"version-history":[{"count":1,"href":"https:\/\/www.campings.com\/fr\/content\/wp-json\/wp\/v2\/pages\/2914\/revisions"}],"predecessor-version":[{"id":2920,"href":"https:\/\/www.campings.com\/fr\/content\/wp-json\/wp\/v2\/pages\/2914\/revisions\/2920"}],"up":[{"embeddable":true,"href":"https:\/\/www.campings.com\/fr\/content\/wp-json\/wp\/v2\/pages\/2897"}],"wp:attachment":[{"href":"https:\/\/www.campings.com\/fr\/content\/wp-json\/wp\/v2\/media?parent=2914"}],"curies":[{"name":"wp","href":"https:\/\/api.w.org\/{rel}","templated":true}]}}