{"id":2909,"date":"2021-07-06T12:31:43","date_gmt":"2021-07-06T12:31:43","guid":{"rendered":"https:\/\/www.campings.com\/fr\/content\/?page_id=2909"},"modified":"2021-07-06T12:31:43","modified_gmt":"2021-07-06T12:31:43","slug":"canoe-ardeche","status":"publish","type":"page","link":"https:\/\/www.campings.com\/fr\/content\/guide-vacances-ardeche\/canoe-ardeche\/","title":{"rendered":"O\u00f9 faire du cano\u00eb en Ard\u00e8che ?"},"content":{"rendered":"<p>Avec ses nombreuses rivi\u00e8res, l\u2019Ard\u00e8che accueille chaque ann\u00e9e des milliers d\u2019adeptes de cano\u00eb. Une activit\u00e9 nautique tr\u00e8s pris\u00e9e en \u00e9t\u00e9, qui permet de d\u00e9couvrir des endroits secrets et inaccessibles. Voici quelques lieux qui se pr\u00eatent \u00e0 merveille \u00e0 la pratique du cano\u00eb !<\/p>\n<p>Vous partez en\u00a0\u00a0<a href=\"https:\/\/www.campings.com\/fr\/content\/guide-vacances-ardeche\/\"><u>Ard\u00e8che<\/u><\/a>\u00a0pour vos prochaines vacances ? Et si vous profitiez de votre s\u00e9jour pour faire du cano\u00eb ? Avec ses innombrables rivi\u00e8res, ce d\u00e9partement est l\u2019endroit r\u00eav\u00e9 pour pratiquer cette activit\u00e9. Que ce soit en famille ou entre amis, vivez des moments inoubliables le temps d\u2019une balade en cano\u00eb !<\/p>\n<h2><strong>Les gorges en Cano\u00eb au d\u00e9part de Vallon-Pont-d\u2019Arc<\/strong><\/h2>\n<p>Vallon-Pont-d&rsquo;Arc constitue un point de d\u00e9part parfait pour faire du cano\u00eb. Situ\u00e9 \u00e0 proximit\u00e9 des gorges de l&rsquo;Ard\u00e8che, ce site naturel est long\u00e9 par une rivi\u00e8re s\u2019\u00e9tendant sur 30 km. En parcourant ce cours d\u2019eau, vous pourrez admirer le village de Chames et le pont d&rsquo;Arc d\u2019un autre point de vue. Le pont d&rsquo;Arc est une arche naturelle impressionnante qui date d\u2019au moins 500 000 ans.<\/p>\n<p>La r\u00e9serve naturelle nationale des gorges de l&rsquo;Ard\u00e8che est un passage incontournable. Connue pour ses for\u00eats verdoyantes, elle se caract\u00e9rise par des paysages parsem\u00e9s de canyons, de grottes et de vall\u00e9es majestueuses.<\/p>\n<p>Et pour finir en beaut\u00e9 votre balade en cano\u00eb, n\u2019h\u00e9sitez pas \u00e0 faire une halte sur la plage de Sauze. Cette station baln\u00e9aire vous promet de purs moments de d\u00e9tente.<\/p>\n<p>Les plus aventuriers pourront continuer leur parcours vers Saint-Martin d\u2019Ard\u00e8che, une ville situ\u00e9e \u00e0 quelques kilom\u00e8tres de Vallon-Pont-d\u2019Arc.<\/p>\n<p><img loading=\"lazy\" decoding=\"async\" class=\"alignnone size-full wp-image-2910\" src=\"https:\/\/www.campings.com\/fr\/content\/wp-content\/uploads\/2021\/07\/Canoe-3.jpg\" alt=\"\" width=\"1000\" height=\"665\" \/><\/p>\n<h2><strong>La descente de l\u2019Ard\u00e8che en partant de Ruoms: une parfaite balade canoe en Ard\u00e8che\u00a0<\/strong><\/h2>\n<p>Situ\u00e9 \u00e0 8 km de Vallon-Pont-d&rsquo;Arc, Ruoms est un autre point de d\u00e9part pour faire du cano\u00eb en\u00a0<a href=\"https:\/\/www.campings.com\/fr\/content\/guide-vacances-ardeche\/\"><u>Ard\u00e8che<\/u><\/a>. Que vous soyez d\u00e9butant ou initi\u00e9, vous vivrez une exp\u00e9rience inoubliable en parcourant les rivi\u00e8res \u00e0 proximit\u00e9. Vous aurez l\u2019occasion de passer en dessous du pont d&rsquo;Arc et de visiter la r\u00e9serve naturelle nationale des gorges. Vous pouvez \u00e9galement r\u00e9aliser un circuit en partant de Ruoms vers Sampzon ou vers Saint-Martin d\u2019Ard\u00e8che. Quel que soit l\u2019itin\u00e9raire choisi, cette balade en cano\u00eb garantit un d\u00e9paysement total !<\/p>\n<h2><strong>Les randonn\u00e9es en cano\u00eb en partant de Les Assions\u00a0<\/strong><\/h2>\n<p>Les Assions est un lieu tr\u00e8s pris\u00e9 par les touristes en qu\u00eate de farniente et de d\u00e9tente. En plus de son patrimoine architectural, cette ville offre de belles randonn\u00e9es en cano\u00eb dans un environnement parsem\u00e9 de for\u00eats. Vous avez la possibilit\u00e9 de choisir plusieurs points d\u2019arriv\u00e9e :<\/p>\n<ul>\n<li>Berrias-et-Casteljau ;<\/li>\n<li>Chandolas ;<\/li>\n<li>Sampzon ;<\/li>\n<li>Vallon-Pont-D\u2019arc.<\/li>\n<\/ul>\n<h2><strong>Location de cano\u00eb-kayak depuis Balazuc\u00a0<\/strong><\/h2>\n<p>Envie de vivre un s\u00e9jour alliant sport et d\u00e9tente en Ard\u00e8che ? Le village de Balazuc est parfait pour faire des balades sur l\u2019eau et en pleine nature. Vous trouverez plusieurs endroits pratiquant la location de cano\u00eb \u00e0 Balazuc. Ce village est un passage oblig\u00e9 pour rejoindre certaines communes d\u2019Ard\u00e8che :<\/p>\n<ul>\n<li>Pradons ;<\/li>\n<li>Vallon-Pont-d\u2019Arc ;<\/li>\n<li>Sampzon ;<\/li>\n<li>Ruoms.<\/li>\n<\/ul>\n<p>Durant votre vir\u00e9e nautique, vous pourrez admirer la r\u00e9gion dans toute sa splendeur, avec ses falaises majestueuses, ses belles plages\u2026 Sans oublier la flore et la faune locale ! Un vrai paradis pour tous les amoureux de la nature.<\/p>\n<p><img loading=\"lazy\" decoding=\"async\" class=\"alignnone size-full wp-image-2911\" src=\"https:\/\/www.campings.com\/fr\/content\/wp-content\/uploads\/2021\/07\/Canoe-2.jpg\" alt=\"\" width=\"1000\" height=\"665\" \/><\/p>\n<h2><strong>Faire du cano\u00eb en partant de Vog\u00fc\u00e9<\/strong><\/h2>\n<p>Une descente en cano\u00eb \u00e0 partir du village de Vog\u00fc\u00e9 est la promesse d\u2019une exp\u00e9rience riche en \u00e9motions. Entre d\u00e9tente et d\u00e9couverte, vous naviguerez au c\u0153ur d\u2019un site naturel pr\u00e9serv\u00e9. Ce parcours vous permettra \u00e9galement de visiter les communes suivantes:<\/p>\n<ul>\n<li>Lanas ;<\/li>\n<li>Balazuc ;<\/li>\n<li>Pradons ;<\/li>\n<li>Ruoms ;<\/li>\n<li>Vallon-Pont-d\u2019Arc.<\/li>\n<\/ul>\n<h2><strong>S\u00e9lection de campings en Ard\u00e8che pour un s\u00e9jour agr\u00e9able et tout confort\u00a0<\/strong><\/h2>\n<p>Vous souhaitez passer vos prochaines vacances en\u00a0<a href=\"https:\/\/www.campings.com\/fr\/content\/guide-vacances-ardeche\/\"><u>Ard\u00e8che<\/u>\u00a0<\/a>? Voici notre s\u00e9lection de campings situ\u00e9s \u00e0 proximit\u00e9 des lieux o\u00f9 pratiquer le cano\u00eb kayak en Ard\u00e8che.<\/p>\n<h3><strong>Le camping Les Rives d\u2019Auzon\u00a0<\/strong><\/h3>\n<p>Envie de calme et de prendre un grand bol d\u2019air pur pendant votre s\u00e9jour en Ard\u00e8che ? Optez pour ce camping situ\u00e9 \u00e0 Lavilledieu. Propice \u00e0 la d\u00e9tente, vous pourrez vous adonner \u00e0 diverses activit\u00e9s au sein du camping. Le camping dispose d\u2019une piscine ext\u00e9rieure chauff\u00e9e, d\u2019une pataugeoire ainsi que d\u2019un terrain de p\u00e9tanque.<\/p>\n<p><a href=\"https:\/\/www.campings.com\/fr\/camping\/camping-les-rives-dauzon-77527\">Plus d\u2019infos sur le Camping Les Rives d\u2019Auzon\u00a0<\/a><\/p>\n<h3><strong>Le camping Beaume Giraud\u00a0<\/strong><\/h3>\n<p>Les grottes de la Cocali\u00e8re, le mus\u00e9e de la grotte Chauvet ou encore le pont d\u2019Arc\u2026 Autant de sites \u00e0 d\u00e9couvrir lors de votre s\u00e9jour au camping Beaume Giraud. Entre deux visites, profitez des joies de la baignade dans la piscine ext\u00e9rieure mise \u00e0 votre disposition.<\/p>\n<p><a href=\"https:\/\/www.campings.com\/fr\/camping\/camping-beaume-giraud-76827\">Plus d\u2019infos sur le Camping Beaume Giraud<\/a><\/p>\n<h3><strong>Le camping Le Petit Bois\u00a0<\/strong><\/h3>\n<p>Install\u00e9 dans la charmante ville de Ruoms, \u00e0 600 m\u00e8tres d\u2019une rivi\u00e8re, cet \u00e9tablissement offre un cadre parfait pour passer des vacances inoubliables. Il met \u00e0 votre disposition un parc aquatique avec une piscine ext\u00e9rieure chauff\u00e9e, un toboggan aquatique et une pataugeoire.<\/p>\n<p><a href=\"https:\/\/www.campings.com\/fr\/camping\/le-petit-bois-camping-sites-et-paysages-78177\">Plus d\u2019infos sur le Camping Le Petit Bois<\/a><\/p>\n<p>&nbsp;<\/p>\n","protected":false},"excerpt":{"rendered":"<p>Avec ses nombreuses rivi\u00e8res, l\u2019Ard\u00e8che accueille chaque ann\u00e9e des milliers d\u2019adeptes de cano\u00eb. Une activit\u00e9 nautique tr\u00e8s pris\u00e9e en \u00e9t\u00e9, qui permet de d\u00e9couvrir des endroits secrets et inaccessibles. Voici quelques lieux qui se pr\u00eatent \u00e0 merveille \u00e0 la pratique du cano\u00eb ! Vous partez en\u00a0\u00a0Ard\u00e8che\u00a0pour vos prochaines vacances ? Et si vous profitiez de [&hellip;]<\/p>\n","protected":false},"author":18,"featured_media":0,"parent":2897,"menu_order":0,"comment_status":"closed","ping_status":"closed","template":"template-twocolumns.php","meta":{"_acf_changed":false,"footnotes":""},"class_list":["post-2909","page","type-page","status-publish","hentry"],"acf":[],"yoast_head":"<!-- This site is optimized with the Yoast SEO plugin v27.1.1 - https:\/\/yoast.com\/product\/yoast-seo-wordpress\/ -->\n<title>O\u00f9 faire du cano\u00eb en Ard\u00e8che ? -<\/title>\n<meta name=\"description\" content=\"D\u00e9couvrez les meilleurs endroits en Ard\u00e8che pour pratiquer le cano\u00eb, un d\u00e9partement propice \u00e0 cette activit\u00e9 nautique en raison de ses nombreuses rivi\u00e8res.\" \/>\n<meta name=\"robots\" content=\"index, follow, max-snippet:-1, max-image-preview:large, max-video-preview:-1\" \/>\n<link rel=\"canonical\" href=\"https:\/\/www.campings.com\/fr\/content\/guide-vacances-ardeche\/canoe-ardeche\/\" \/>\n<meta property=\"og:locale\" content=\"fr_FR\" \/>\n<meta property=\"og:type\" content=\"article\" \/>\n<meta property=\"og:title\" content=\"O\u00f9 faire du cano\u00eb en Ard\u00e8che ? -\" \/>\n<meta property=\"og:description\" content=\"D\u00e9couvrez les meilleurs endroits en Ard\u00e8che pour pratiquer le cano\u00eb, un d\u00e9partement propice \u00e0 cette activit\u00e9 nautique en raison de ses nombreuses rivi\u00e8res.\" \/>\n<meta property=\"og:url\" content=\"https:\/\/www.campings.com\/fr\/content\/guide-vacances-ardeche\/canoe-ardeche\/\" \/>\n<meta property=\"og:image\" content=\"https:\/\/www.campings.com\/fr\/content\/wp-content\/uploads\/2021\/07\/Canoe-3.jpg\" \/>\n\t<meta property=\"og:image:width\" content=\"1000\" \/>\n\t<meta property=\"og:image:height\" content=\"665\" \/>\n\t<meta property=\"og:image:type\" content=\"image\/jpeg\" \/>\n<meta name=\"twitter:card\" content=\"summary_large_image\" \/>\n<meta name=\"twitter:label1\" content=\"Dur\u00e9e de lecture estim\u00e9e\" \/>\n\t<meta name=\"twitter:data1\" content=\"4 minutes\" \/>\n<script type=\"application\/ld+json\" class=\"yoast-schema-graph\">{\"@context\":\"https:\/\/schema.org\",\"@graph\":[{\"@type\":\"WebPage\",\"@id\":\"https:\/\/www.campings.com\/fr\/content\/guide-vacances-ardeche\/canoe-ardeche\/\",\"url\":\"https:\/\/www.campings.com\/fr\/content\/guide-vacances-ardeche\/canoe-ardeche\/\",\"name\":\"O\u00f9 faire du cano\u00eb en Ard\u00e8che ? -\",\"isPartOf\":{\"@id\":\"https:\/\/www.campings.com\/fr\/content\/#website\"},\"primaryImageOfPage\":{\"@id\":\"https:\/\/www.campings.com\/fr\/content\/guide-vacances-ardeche\/canoe-ardeche\/#primaryimage\"},\"image\":{\"@id\":\"https:\/\/www.campings.com\/fr\/content\/guide-vacances-ardeche\/canoe-ardeche\/#primaryimage\"},\"thumbnailUrl\":\"https:\/\/www.campings.com\/fr\/content\/wp-content\/uploads\/2021\/07\/Canoe-3.jpg\",\"datePublished\":\"2021-07-06T12:31:43+00:00\",\"description\":\"D\u00e9couvrez les meilleurs endroits en Ard\u00e8che pour pratiquer le cano\u00eb, un d\u00e9partement propice \u00e0 cette activit\u00e9 nautique en raison de ses nombreuses rivi\u00e8res.\",\"breadcrumb\":{\"@id\":\"https:\/\/www.campings.com\/fr\/content\/guide-vacances-ardeche\/canoe-ardeche\/#breadcrumb\"},\"inLanguage\":\"fr-FR\",\"potentialAction\":[{\"@type\":\"ReadAction\",\"target\":[\"https:\/\/www.campings.com\/fr\/content\/guide-vacances-ardeche\/canoe-ardeche\/\"]}]},{\"@type\":\"ImageObject\",\"inLanguage\":\"fr-FR\",\"@id\":\"https:\/\/www.campings.com\/fr\/content\/guide-vacances-ardeche\/canoe-ardeche\/#primaryimage\",\"url\":\"https:\/\/www.campings.com\/fr\/content\/wp-content\/uploads\/2021\/07\/Canoe-3.jpg\",\"contentUrl\":\"https:\/\/www.campings.com\/fr\/content\/wp-content\/uploads\/2021\/07\/Canoe-3.jpg\",\"width\":1000,\"height\":665},{\"@type\":\"BreadcrumbList\",\"@id\":\"https:\/\/www.campings.com\/fr\/content\/guide-vacances-ardeche\/canoe-ardeche\/#breadcrumb\",\"itemListElement\":[{\"@type\":\"ListItem\",\"position\":1,\"name\":\"Home\",\"item\":\"https:\/\/www.campings.com\/fr\/content\/\"},{\"@type\":\"ListItem\",\"position\":2,\"name\":\"Le guide de vos vacances en Ard\u00e8che\",\"item\":\"https:\/\/www.campings.com\/fr\/content\/guide-vacances-ardeche\/\"},{\"@type\":\"ListItem\",\"position\":3,\"name\":\"O\u00f9 faire du cano\u00eb en Ard\u00e8che ?\"}]},{\"@type\":\"WebSite\",\"@id\":\"https:\/\/www.campings.com\/fr\/content\/#website\",\"url\":\"https:\/\/www.campings.com\/fr\/content\/\",\"name\":\"\",\"description\":\"\",\"publisher\":{\"@id\":\"https:\/\/www.campings.com\/fr\/content\/#organization\"},\"potentialAction\":[{\"@type\":\"SearchAction\",\"target\":{\"@type\":\"EntryPoint\",\"urlTemplate\":\"https:\/\/www.campings.com\/fr\/content\/?s={search_term_string}\"},\"query-input\":{\"@type\":\"PropertyValueSpecification\",\"valueRequired\":true,\"valueName\":\"search_term_string\"}}],\"inLanguage\":\"fr-FR\"},{\"@type\":\"Organization\",\"@id\":\"https:\/\/www.campings.com\/fr\/content\/#organization\",\"name\":\"CAMPINGS.COM\",\"url\":\"https:\/\/www.campings.com\/fr\/content\/\",\"logo\":{\"@type\":\"ImageObject\",\"inLanguage\":\"fr-FR\",\"@id\":\"https:\/\/www.campings.com\/fr\/content\/#\/schema\/logo\/image\/\",\"url\":\"https:\/\/www.campings.com\/fr\/content\/wp-content\/uploads\/2019\/01\/cropped-logo-1.png\",\"contentUrl\":\"https:\/\/www.campings.com\/fr\/content\/wp-content\/uploads\/2019\/01\/cropped-logo-1.png\",\"width\":174,\"height\":42,\"caption\":\"CAMPINGS.COM\"},\"image\":{\"@id\":\"https:\/\/www.campings.com\/fr\/content\/#\/schema\/logo\/image\/\"}}]}<\/script>\n<!-- \/ Yoast SEO plugin. -->","yoast_head_json":{"title":"O\u00f9 faire du cano\u00eb en Ard\u00e8che ? -","description":"D\u00e9couvrez les meilleurs endroits en Ard\u00e8che pour pratiquer le cano\u00eb, un d\u00e9partement propice \u00e0 cette activit\u00e9 nautique en raison de ses nombreuses rivi\u00e8res.","robots":{"index":"index","follow":"follow","max-snippet":"max-snippet:-1","max-image-preview":"max-image-preview:large","max-video-preview":"max-video-preview:-1"},"canonical":"https:\/\/www.campings.com\/fr\/content\/guide-vacances-ardeche\/canoe-ardeche\/","og_locale":"fr_FR","og_type":"article","og_title":"O\u00f9 faire du cano\u00eb en Ard\u00e8che ? -","og_description":"D\u00e9couvrez les meilleurs endroits en Ard\u00e8che pour pratiquer le cano\u00eb, un d\u00e9partement propice \u00e0 cette activit\u00e9 nautique en raison de ses nombreuses rivi\u00e8res.","og_url":"https:\/\/www.campings.com\/fr\/content\/guide-vacances-ardeche\/canoe-ardeche\/","og_image":[{"width":1000,"height":665,"url":"https:\/\/www.campings.com\/fr\/content\/wp-content\/uploads\/2021\/07\/Canoe-3.jpg","type":"image\/jpeg"}],"twitter_card":"summary_large_image","twitter_misc":{"Dur\u00e9e de lecture estim\u00e9e":"4 minutes"},"schema":{"@context":"https:\/\/schema.org","@graph":[{"@type":"WebPage","@id":"https:\/\/www.campings.com\/fr\/content\/guide-vacances-ardeche\/canoe-ardeche\/","url":"https:\/\/www.campings.com\/fr\/content\/guide-vacances-ardeche\/canoe-ardeche\/","name":"O\u00f9 faire du cano\u00eb en Ard\u00e8che ? -","isPartOf":{"@id":"https:\/\/www.campings.com\/fr\/content\/#website"},"primaryImageOfPage":{"@id":"https:\/\/www.campings.com\/fr\/content\/guide-vacances-ardeche\/canoe-ardeche\/#primaryimage"},"image":{"@id":"https:\/\/www.campings.com\/fr\/content\/guide-vacances-ardeche\/canoe-ardeche\/#primaryimage"},"thumbnailUrl":"https:\/\/www.campings.com\/fr\/content\/wp-content\/uploads\/2021\/07\/Canoe-3.jpg","datePublished":"2021-07-06T12:31:43+00:00","description":"D\u00e9couvrez les meilleurs endroits en Ard\u00e8che pour pratiquer le cano\u00eb, un d\u00e9partement propice \u00e0 cette activit\u00e9 nautique en raison de ses nombreuses rivi\u00e8res.","breadcrumb":{"@id":"https:\/\/www.campings.com\/fr\/content\/guide-vacances-ardeche\/canoe-ardeche\/#breadcrumb"},"inLanguage":"fr-FR","potentialAction":[{"@type":"ReadAction","target":["https:\/\/www.campings.com\/fr\/content\/guide-vacances-ardeche\/canoe-ardeche\/"]}]},{"@type":"ImageObject","inLanguage":"fr-FR","@id":"https:\/\/www.campings.com\/fr\/content\/guide-vacances-ardeche\/canoe-ardeche\/#primaryimage","url":"https:\/\/www.campings.com\/fr\/content\/wp-content\/uploads\/2021\/07\/Canoe-3.jpg","contentUrl":"https:\/\/www.campings.com\/fr\/content\/wp-content\/uploads\/2021\/07\/Canoe-3.jpg","width":1000,"height":665},{"@type":"BreadcrumbList","@id":"https:\/\/www.campings.com\/fr\/content\/guide-vacances-ardeche\/canoe-ardeche\/#breadcrumb","itemListElement":[{"@type":"ListItem","position":1,"name":"Home","item":"https:\/\/www.campings.com\/fr\/content\/"},{"@type":"ListItem","position":2,"name":"Le guide de vos vacances en Ard\u00e8che","item":"https:\/\/www.campings.com\/fr\/content\/guide-vacances-ardeche\/"},{"@type":"ListItem","position":3,"name":"O\u00f9 faire du cano\u00eb en Ard\u00e8che ?"}]},{"@type":"WebSite","@id":"https:\/\/www.campings.com\/fr\/content\/#website","url":"https:\/\/www.campings.com\/fr\/content\/","name":"","description":"","publisher":{"@id":"https:\/\/www.campings.com\/fr\/content\/#organization"},"potentialAction":[{"@type":"SearchAction","target":{"@type":"EntryPoint","urlTemplate":"https:\/\/www.campings.com\/fr\/content\/?s={search_term_string}"},"query-input":{"@type":"PropertyValueSpecification","valueRequired":true,"valueName":"search_term_string"}}],"inLanguage":"fr-FR"},{"@type":"Organization","@id":"https:\/\/www.campings.com\/fr\/content\/#organization","name":"CAMPINGS.COM","url":"https:\/\/www.campings.com\/fr\/content\/","logo":{"@type":"ImageObject","inLanguage":"fr-FR","@id":"https:\/\/www.campings.com\/fr\/content\/#\/schema\/logo\/image\/","url":"https:\/\/www.campings.com\/fr\/content\/wp-content\/uploads\/2019\/01\/cropped-logo-1.png","contentUrl":"https:\/\/www.campings.com\/fr\/content\/wp-content\/uploads\/2019\/01\/cropped-logo-1.png","width":174,"height":42,"caption":"CAMPINGS.COM"},"image":{"@id":"https:\/\/www.campings.com\/fr\/content\/#\/schema\/logo\/image\/"}}]}},"_links":{"self":[{"href":"https:\/\/www.campings.com\/fr\/content\/wp-json\/wp\/v2\/pages\/2909","targetHints":{"allow":["GET"]}}],"collection":[{"href":"https:\/\/www.campings.com\/fr\/content\/wp-json\/wp\/v2\/pages"}],"about":[{"href":"https:\/\/www.campings.com\/fr\/content\/wp-json\/wp\/v2\/types\/page"}],"author":[{"embeddable":true,"href":"https:\/\/www.campings.com\/fr\/content\/wp-json\/wp\/v2\/users\/18"}],"replies":[{"embeddable":true,"href":"https:\/\/www.campings.com\/fr\/content\/wp-json\/wp\/v2\/comments?post=2909"}],"version-history":[{"count":1,"href":"https:\/\/www.campings.com\/fr\/content\/wp-json\/wp\/v2\/pages\/2909\/revisions"}],"predecessor-version":[{"id":2912,"href":"https:\/\/www.campings.com\/fr\/content\/wp-json\/wp\/v2\/pages\/2909\/revisions\/2912"}],"up":[{"embeddable":true,"href":"https:\/\/www.campings.com\/fr\/content\/wp-json\/wp\/v2\/pages\/2897"}],"wp:attachment":[{"href":"https:\/\/www.campings.com\/fr\/content\/wp-json\/wp\/v2\/media?parent=2909"}],"curies":[{"name":"wp","href":"https:\/\/api.w.org\/{rel}","templated":true}]}}