{"id":2902,"date":"2021-07-06T12:23:44","date_gmt":"2021-07-06T12:23:44","guid":{"rendered":"https:\/\/www.campings.com\/fr\/content\/?page_id=2902"},"modified":"2021-07-06T12:25:17","modified_gmt":"2021-07-06T12:25:17","slug":"montgolfiere-ardeche","status":"publish","type":"page","link":"https:\/\/www.campings.com\/fr\/content\/guide-vacances-ardeche\/montgolfiere-ardeche\/","title":{"rendered":"Faire de la montgolfi\u00e8re en Ard\u00e8che"},"content":{"rendered":"<p>Envie de survoler l\u2019Ard\u00e8che en montgolfi\u00e8re ? Partez d\u2019Annonay, berceau des fr\u00e8res Montgolfier, les inventeurs du premier a\u00e9rostat\u2026 Vous pourrez admirer les magnifiques panoramas de cette r\u00e9gion verdoyante !<\/p>\n<p>Ruisseaux, lacs, cascades, vignobles, for\u00eats, rivi\u00e8res, vall\u00e9es, montagnes\u2026 <a href=\"https:\/\/www.campings.com\/fr\/content\/guide-vacances-ardeche\/\">L\u2019Ard\u00e8che<\/a>\u00a0offre des paysages naturels aussi riches que vari\u00e9s. Autant de lieux d\u2019exception accessibles \u00e0 pied que vous pourrez d\u00e9couvrir \u00e9galement en montgolfi\u00e8re. Petit conseil\u00a0: n\u2019oubliez pas votre appareil photo !<\/p>\n<h2><strong>Annonay, la ville des fr\u00e8res Montgolfier<\/strong><\/h2>\n<p>Situ\u00e9e dans le d\u00e9partement de l\u2019Ard\u00e8che, Annonay est une commune d\u2019une superficie de 21,20 km\u00b2, comptant pas moins de 16300 habitants. Elle a \u00e9t\u00e9 b\u00e2tie au Moyen-\u00c2ge par des ouvriers parcheminiers \u00e9gar\u00e9s aux pieds des monts du Vivarais. Annonay c\u2019est aussi la ville des fr\u00e8res Montgolfier, les inventeurs de la montgolfi\u00e8re. Originaire de Frankental en Bavi\u00e8re, la famille s\u2019installe en France vers 1350 pour cr\u00e9er un centre papetier\u2026 Ainsi, en 1782, la famille Montgolfier dirige l\u2019une des plus importantes papeteries du pays implant\u00e9e pr\u00e8s d\u2019Annonay. Joseph et Etienne Montgolfier, les 12e et 15e enfants de Pierre Montgolfier, sont n\u00e9s dans cette ville. L\u2019aventure de la montgolfi\u00e8re commence un soir, lorsque Joseph d\u00e9cide de r\u00e9chauffer sa chemise pr\u00e8s de la chemin\u00e9e. L\u2019air chaud s\u2019\u00e9levant au-dessus du foyer soul\u00e8ve le tissu. C\u2019est ainsi qu\u2019il a l\u2019id\u00e9e de cr\u00e9er le premier a\u00e9rostat\u2026<\/p>\n<p>Apr\u00e8s une premi\u00e8re exp\u00e9rience r\u00e9ussie, il d\u00e9cide de retourner \u00e0 Annonay pour cr\u00e9er avec \u00c9tienne leur premier a\u00e9rostat. Ils r\u00e9alisent leur premi\u00e8re exp\u00e9rience publique le 4 juin 1783. Le ballon s\u2019\u00e9l\u00e8ve alors \u00e0 plus de 1000 m d\u2019altitude pendant environ 10 minutes pour atterrir 2 km plus loin.<\/p>\n<h2><strong>Faire la f\u00eate de la montgolfi\u00e8re en Ard\u00e8che<\/strong><\/h2>\n<p>En\u00a0<a href=\"https:\/\/www.campings.com\/fr\/content\/guide-vacances-ardeche\/\">Ard\u00e8che<\/a>, la f\u00eate de la montgolfi\u00e8re a lieu tous les ans \u00e0 Annonay le premier week-end de juin. Aussi appel\u00e9e \u00ab l\u2019Art de l\u2019envol \u00bb, elle comm\u00e9more le premier vol de l\u2019a\u00e9rostat des fr\u00e8res Montgolfier en 1783. A cette occasion, tous les pilotes du monde entier sont convi\u00e9s pour comm\u00e9morer cet \u00e9v\u00e8nement Les festivit\u00e9s ont lieu sur la place des Cordeliers, o\u00f9 les deux fr\u00e8res ont r\u00e9alis\u00e9 leur premi\u00e8re exp\u00e9rience. Dans une ambiance tr\u00e8s festive, le premier vol de montgolfi\u00e8re est reconstitu\u00e9\u2026 Un bapt\u00eame de l\u2019air en montgolfi\u00e8re est \u00e9galement propos\u00e9 aux visiteurs.<\/p>\n<p>\u00c0 cause de la pand\u00e9mie de coronavirus, l\u2019\u00e9dition 2020 de la f\u00eate de la montgolfi\u00e8re a \u00e9t\u00e9 annul\u00e9e.<\/p>\n<p><img loading=\"lazy\" decoding=\"async\" class=\"alignnone size-full wp-image-2904\" src=\"https:\/\/www.campings.com\/fr\/content\/wp-content\/uploads\/2021\/07\/Montgolfi\u00e8re-2.jpg\" alt=\"\" width=\"1000\" height=\"665\" \/><\/p>\n<h2><strong>O\u00f9 effectuer son vol de bapt\u00eame en montgolfi\u00e8re ?<\/strong><\/h2>\n<p>Lors de votre s\u00e9jour Ard\u00e8che, le vol en montgolfi\u00e8re est une activit\u00e9 incontournable ! Vous vivrez un moment magique et inoubliable en effectuant votre bapt\u00eame de l\u2019air dans la ville de la montgolfi\u00e8re, Annonay ! Plusieurs pistes de d\u00e9collage sont disponibles. N\u00e9anmoins, le parc de D\u00e9omas reste le meilleur choix. S\u2019\u00e9talant sur 13 hectares environ, ce parc regroupe un ch\u00e2teau, un complexe sportif et de nombreux espaces verts. Une aire de d\u00e9collage id\u00e9ale pour effectuer son envol !<\/p>\n<p>Toutefois, le pilote reste le seul d\u00e9cisionnaire du choix de la piste de d\u00e9collage. Une d\u00e9cision qui est principalement conditionn\u00e9e par la m\u00e9t\u00e9o. En effet, le vol doit se d\u00e9rouler en l\u2019absence de pluie et de brouillard et \u00e0 vent faible.<\/p>\n<h2><strong>Comment se d\u00e9roule un tour en montgolfi\u00e8re ?<\/strong><\/h2>\n<p>Une fois que le contrat est conclu avec le pilote, celui-ci fixe le lieu de rendez-vous. L\u2019endroit doit \u00eatre adapt\u00e9 aux conditions m\u00e9t\u00e9orologiques du moment. Il en va de m\u00eame pour le terrain de d\u00e9collage. Une fois sur place, le pilote se charge des pr\u00e9paratifs et proc\u00e8de au gonflage de la montgolfi\u00e8re. Lorsque les gonfleurs sont activ\u00e9s, le ballon prend rapidement forme et se redresse. Les voyageurs peuvent alors prendre place dans la nacelle. Une montgolfi\u00e8re peut accueillir 7 \u00e0 8 personnes en moyenne. Une montgolfi\u00e8re g\u00e9ante quant \u00e0 elle peut transporter jusqu\u2019\u00e0 18 personnes. Durant le vol, les enfants de moins de 12 ans doivent \u00eatre obligatoirement accompagn\u00e9s. Un tour en montgolfi\u00e8re dure en moyenne une heure. Mais il faut pr\u00e9voir 4 heures pour toutes les \u00e9tapes pr\u00e9liminaires et le rangement du ballon apr\u00e8s le vol.<\/p>\n<p>Vous pouvez effectuer un vol en montgolfi\u00e8re toute l\u2019ann\u00e9e si les conditions m\u00e9t\u00e9o le permettent. Cependant, les vols sont g\u00e9n\u00e9ralement organis\u00e9s entre le mois de mars et le mois de novembre.<\/p>\n<p>Lors du vol, pensez \u00e0 porter des chaussures tout terrain car les atterrissages r\u00e9servent souvent des surprises ! En moyenne, le prix d\u2019un tour en montgolfi\u00e8re co\u00fbte 200 \u20ac pour un adulte et 170 \u20ac pour un enfant. L\u2019\u00e2ge minimum pour cette activit\u00e9 est 6 ans.<\/p>\n<p><img loading=\"lazy\" decoding=\"async\" class=\"alignnone size-full wp-image-2903\" src=\"https:\/\/www.campings.com\/fr\/content\/wp-content\/uploads\/2021\/07\/Montgolfi\u00e8re-1.jpg\" alt=\"\" width=\"1000\" height=\"665\" \/><\/p>\n<h2><strong>S\u00e9lection de campings en Ard\u00e8che pour des vacances tout confort\u00a0<\/strong><\/h2>\n<p>De passage dans le d\u00e9partement de <a href=\"https:\/\/www.campings.com\/fr\/content\/guide-vacances-ardeche\/\">l\u2019Ard\u00e8che<u>\u00a0<\/u><\/a>? Berceau de la montgolfi\u00e8re, la ville d\u2019Annonay est une destination incontournable ! Il est possible d\u2019y effectuer un tour en a\u00e9rostat toute l\u2019ann\u00e9e. Vous trouverez ci-dessous le camping situ\u00e9 \u00e0 proximit\u00e9 des pistes de montgolfi\u00e8re.<\/p>\n<h3><strong>Camping Satillieu<\/strong><\/h3>\n<p>Le camping Satillieu est situ\u00e9 dans la r\u00e9gion Rh\u00f4ne-Alpes, dans le d\u00e9partement de l\u2019Ard\u00e8che. Il propose tous les services essentiels permettant d\u2019assurer le bien-\u00eatre des visiteurs. Les clients peuvent profiter d\u2019une laverie et d\u2019un acc\u00e8s wifi et m\u00eame d\u2019un restaurant. Id\u00e9al pour un s\u00e9jour en famille, ce camping propose un \u00e9ventail d\u2019activit\u00e9s et loisirs pour tous les \u00e2ges.<\/p>\n<p><a href=\"https:\/\/www.campings.com\/fr\/camping\/camping-satillieu-78501\">Plus d\u2019infos sur le camping Satillieu<\/a>.<\/p>\n","protected":false},"excerpt":{"rendered":"<p>Envie de survoler l\u2019Ard\u00e8che en montgolfi\u00e8re ? Partez d\u2019Annonay, berceau des fr\u00e8res Montgolfier, les inventeurs du premier a\u00e9rostat\u2026 Vous pourrez admirer les magnifiques panoramas de cette r\u00e9gion verdoyante ! Ruisseaux, lacs, cascades, vignobles, for\u00eats, rivi\u00e8res, vall\u00e9es, montagnes\u2026 L\u2019Ard\u00e8che\u00a0offre des paysages naturels aussi riches que vari\u00e9s. Autant de lieux d\u2019exception accessibles \u00e0 pied que vous pourrez [&hellip;]<\/p>\n","protected":false},"author":18,"featured_media":0,"parent":2897,"menu_order":0,"comment_status":"closed","ping_status":"closed","template":"template-twocolumns.php","meta":{"_acf_changed":false,"footnotes":""},"class_list":["post-2902","page","type-page","status-publish","hentry"],"acf":[],"yoast_head":"<!-- This site is optimized with the Yoast SEO plugin v27.1.1 - https:\/\/yoast.com\/product\/yoast-seo-wordpress\/ -->\n<title>Faire de la montgolfi\u00e8re en Ard\u00e8che -<\/title>\n<meta name=\"description\" content=\"Partez \u00e0 la d\u00e9couverte des plus beaux paysages naturels du d\u00e9partement de l\u2019Ard\u00e8che en effectuant un vol en montgolfi\u00e8re.\" \/>\n<meta name=\"robots\" content=\"index, follow, max-snippet:-1, max-image-preview:large, max-video-preview:-1\" \/>\n<link rel=\"canonical\" href=\"https:\/\/www.campings.com\/fr\/content\/guide-vacances-ardeche\/montgolfiere-ardeche\/\" \/>\n<meta property=\"og:locale\" content=\"fr_FR\" \/>\n<meta property=\"og:type\" content=\"article\" \/>\n<meta property=\"og:title\" content=\"Faire de la montgolfi\u00e8re en Ard\u00e8che -\" \/>\n<meta property=\"og:description\" content=\"Partez \u00e0 la d\u00e9couverte des plus beaux paysages naturels du d\u00e9partement de l\u2019Ard\u00e8che en effectuant un vol en montgolfi\u00e8re.\" \/>\n<meta property=\"og:url\" content=\"https:\/\/www.campings.com\/fr\/content\/guide-vacances-ardeche\/montgolfiere-ardeche\/\" \/>\n<meta property=\"article:modified_time\" content=\"2021-07-06T12:25:17+00:00\" \/>\n<meta name=\"twitter:card\" content=\"summary_large_image\" \/>\n<meta name=\"twitter:label1\" content=\"Dur\u00e9e de lecture estim\u00e9e\" \/>\n\t<meta name=\"twitter:data1\" content=\"5 minutes\" \/>\n<script type=\"application\/ld+json\" class=\"yoast-schema-graph\">{\"@context\":\"https:\/\/schema.org\",\"@graph\":[{\"@type\":\"WebPage\",\"@id\":\"https:\/\/www.campings.com\/fr\/content\/guide-vacances-ardeche\/montgolfiere-ardeche\/\",\"url\":\"https:\/\/www.campings.com\/fr\/content\/guide-vacances-ardeche\/montgolfiere-ardeche\/\",\"name\":\"Faire de la montgolfi\u00e8re en Ard\u00e8che -\",\"isPartOf\":{\"@id\":\"https:\/\/www.campings.com\/fr\/content\/#website\"},\"datePublished\":\"2021-07-06T12:23:44+00:00\",\"dateModified\":\"2021-07-06T12:25:17+00:00\",\"description\":\"Partez \u00e0 la d\u00e9couverte des plus beaux paysages naturels du d\u00e9partement de l\u2019Ard\u00e8che en effectuant un vol en montgolfi\u00e8re.\",\"breadcrumb\":{\"@id\":\"https:\/\/www.campings.com\/fr\/content\/guide-vacances-ardeche\/montgolfiere-ardeche\/#breadcrumb\"},\"inLanguage\":\"fr-FR\",\"potentialAction\":[{\"@type\":\"ReadAction\",\"target\":[\"https:\/\/www.campings.com\/fr\/content\/guide-vacances-ardeche\/montgolfiere-ardeche\/\"]}]},{\"@type\":\"BreadcrumbList\",\"@id\":\"https:\/\/www.campings.com\/fr\/content\/guide-vacances-ardeche\/montgolfiere-ardeche\/#breadcrumb\",\"itemListElement\":[{\"@type\":\"ListItem\",\"position\":1,\"name\":\"Home\",\"item\":\"https:\/\/www.campings.com\/fr\/content\/\"},{\"@type\":\"ListItem\",\"position\":2,\"name\":\"Le guide de vos vacances en Ard\u00e8che\",\"item\":\"https:\/\/www.campings.com\/fr\/content\/guide-vacances-ardeche\/\"},{\"@type\":\"ListItem\",\"position\":3,\"name\":\"Faire de la montgolfi\u00e8re en Ard\u00e8che\"}]},{\"@type\":\"WebSite\",\"@id\":\"https:\/\/www.campings.com\/fr\/content\/#website\",\"url\":\"https:\/\/www.campings.com\/fr\/content\/\",\"name\":\"\",\"description\":\"\",\"publisher\":{\"@id\":\"https:\/\/www.campings.com\/fr\/content\/#organization\"},\"potentialAction\":[{\"@type\":\"SearchAction\",\"target\":{\"@type\":\"EntryPoint\",\"urlTemplate\":\"https:\/\/www.campings.com\/fr\/content\/?s={search_term_string}\"},\"query-input\":{\"@type\":\"PropertyValueSpecification\",\"valueRequired\":true,\"valueName\":\"search_term_string\"}}],\"inLanguage\":\"fr-FR\"},{\"@type\":\"Organization\",\"@id\":\"https:\/\/www.campings.com\/fr\/content\/#organization\",\"name\":\"CAMPINGS.COM\",\"url\":\"https:\/\/www.campings.com\/fr\/content\/\",\"logo\":{\"@type\":\"ImageObject\",\"inLanguage\":\"fr-FR\",\"@id\":\"https:\/\/www.campings.com\/fr\/content\/#\/schema\/logo\/image\/\",\"url\":\"https:\/\/www.campings.com\/fr\/content\/wp-content\/uploads\/2019\/01\/cropped-logo-1.png\",\"contentUrl\":\"https:\/\/www.campings.com\/fr\/content\/wp-content\/uploads\/2019\/01\/cropped-logo-1.png\",\"width\":174,\"height\":42,\"caption\":\"CAMPINGS.COM\"},\"image\":{\"@id\":\"https:\/\/www.campings.com\/fr\/content\/#\/schema\/logo\/image\/\"}}]}<\/script>\n<!-- \/ Yoast SEO plugin. -->","yoast_head_json":{"title":"Faire de la montgolfi\u00e8re en Ard\u00e8che -","description":"Partez \u00e0 la d\u00e9couverte des plus beaux paysages naturels du d\u00e9partement de l\u2019Ard\u00e8che en effectuant un vol en montgolfi\u00e8re.","robots":{"index":"index","follow":"follow","max-snippet":"max-snippet:-1","max-image-preview":"max-image-preview:large","max-video-preview":"max-video-preview:-1"},"canonical":"https:\/\/www.campings.com\/fr\/content\/guide-vacances-ardeche\/montgolfiere-ardeche\/","og_locale":"fr_FR","og_type":"article","og_title":"Faire de la montgolfi\u00e8re en Ard\u00e8che -","og_description":"Partez \u00e0 la d\u00e9couverte des plus beaux paysages naturels du d\u00e9partement de l\u2019Ard\u00e8che en effectuant un vol en montgolfi\u00e8re.","og_url":"https:\/\/www.campings.com\/fr\/content\/guide-vacances-ardeche\/montgolfiere-ardeche\/","article_modified_time":"2021-07-06T12:25:17+00:00","twitter_card":"summary_large_image","twitter_misc":{"Dur\u00e9e de lecture estim\u00e9e":"5 minutes"},"schema":{"@context":"https:\/\/schema.org","@graph":[{"@type":"WebPage","@id":"https:\/\/www.campings.com\/fr\/content\/guide-vacances-ardeche\/montgolfiere-ardeche\/","url":"https:\/\/www.campings.com\/fr\/content\/guide-vacances-ardeche\/montgolfiere-ardeche\/","name":"Faire de la montgolfi\u00e8re en Ard\u00e8che -","isPartOf":{"@id":"https:\/\/www.campings.com\/fr\/content\/#website"},"datePublished":"2021-07-06T12:23:44+00:00","dateModified":"2021-07-06T12:25:17+00:00","description":"Partez \u00e0 la d\u00e9couverte des plus beaux paysages naturels du d\u00e9partement de l\u2019Ard\u00e8che en effectuant un vol en montgolfi\u00e8re.","breadcrumb":{"@id":"https:\/\/www.campings.com\/fr\/content\/guide-vacances-ardeche\/montgolfiere-ardeche\/#breadcrumb"},"inLanguage":"fr-FR","potentialAction":[{"@type":"ReadAction","target":["https:\/\/www.campings.com\/fr\/content\/guide-vacances-ardeche\/montgolfiere-ardeche\/"]}]},{"@type":"BreadcrumbList","@id":"https:\/\/www.campings.com\/fr\/content\/guide-vacances-ardeche\/montgolfiere-ardeche\/#breadcrumb","itemListElement":[{"@type":"ListItem","position":1,"name":"Home","item":"https:\/\/www.campings.com\/fr\/content\/"},{"@type":"ListItem","position":2,"name":"Le guide de vos vacances en Ard\u00e8che","item":"https:\/\/www.campings.com\/fr\/content\/guide-vacances-ardeche\/"},{"@type":"ListItem","position":3,"name":"Faire de la montgolfi\u00e8re en Ard\u00e8che"}]},{"@type":"WebSite","@id":"https:\/\/www.campings.com\/fr\/content\/#website","url":"https:\/\/www.campings.com\/fr\/content\/","name":"","description":"","publisher":{"@id":"https:\/\/www.campings.com\/fr\/content\/#organization"},"potentialAction":[{"@type":"SearchAction","target":{"@type":"EntryPoint","urlTemplate":"https:\/\/www.campings.com\/fr\/content\/?s={search_term_string}"},"query-input":{"@type":"PropertyValueSpecification","valueRequired":true,"valueName":"search_term_string"}}],"inLanguage":"fr-FR"},{"@type":"Organization","@id":"https:\/\/www.campings.com\/fr\/content\/#organization","name":"CAMPINGS.COM","url":"https:\/\/www.campings.com\/fr\/content\/","logo":{"@type":"ImageObject","inLanguage":"fr-FR","@id":"https:\/\/www.campings.com\/fr\/content\/#\/schema\/logo\/image\/","url":"https:\/\/www.campings.com\/fr\/content\/wp-content\/uploads\/2019\/01\/cropped-logo-1.png","contentUrl":"https:\/\/www.campings.com\/fr\/content\/wp-content\/uploads\/2019\/01\/cropped-logo-1.png","width":174,"height":42,"caption":"CAMPINGS.COM"},"image":{"@id":"https:\/\/www.campings.com\/fr\/content\/#\/schema\/logo\/image\/"}}]}},"_links":{"self":[{"href":"https:\/\/www.campings.com\/fr\/content\/wp-json\/wp\/v2\/pages\/2902","targetHints":{"allow":["GET"]}}],"collection":[{"href":"https:\/\/www.campings.com\/fr\/content\/wp-json\/wp\/v2\/pages"}],"about":[{"href":"https:\/\/www.campings.com\/fr\/content\/wp-json\/wp\/v2\/types\/page"}],"author":[{"embeddable":true,"href":"https:\/\/www.campings.com\/fr\/content\/wp-json\/wp\/v2\/users\/18"}],"replies":[{"embeddable":true,"href":"https:\/\/www.campings.com\/fr\/content\/wp-json\/wp\/v2\/comments?post=2902"}],"version-history":[{"count":3,"href":"https:\/\/www.campings.com\/fr\/content\/wp-json\/wp\/v2\/pages\/2902\/revisions"}],"predecessor-version":[{"id":2907,"href":"https:\/\/www.campings.com\/fr\/content\/wp-json\/wp\/v2\/pages\/2902\/revisions\/2907"}],"up":[{"embeddable":true,"href":"https:\/\/www.campings.com\/fr\/content\/wp-json\/wp\/v2\/pages\/2897"}],"wp:attachment":[{"href":"https:\/\/www.campings.com\/fr\/content\/wp-json\/wp\/v2\/media?parent=2902"}],"curies":[{"name":"wp","href":"https:\/\/api.w.org\/{rel}","templated":true}]}}