{"id":2897,"date":"2021-07-06T12:15:55","date_gmt":"2021-07-06T12:15:55","guid":{"rendered":"https:\/\/www.campings.com\/fr\/content\/?page_id=2897"},"modified":"2021-07-06T14:35:40","modified_gmt":"2021-07-06T14:35:40","slug":"guide-vacances-ardeche","status":"publish","type":"page","link":"https:\/\/www.campings.com\/fr\/content\/guide-vacances-ardeche\/","title":{"rendered":"Le guide de vos vacances en Ard\u00e8che"},"content":{"rendered":"<p>\u00c0 la recherche d\u2019une id\u00e9e originale pour des vacances en famille ? Cap sur le Sud, en Ard\u00e8che ! Ce d\u00e9partement est une destination parfaite pour faire un break loin des sites touristiques bond\u00e9s. Ce territoire authentique vous s\u00e9duira par sa nature sauvage, son patrimoine historique et culturel et ses paysages hors du commun.<\/p>\n<p>L\u2019<a href=\"https:\/\/www.campings.com\/fr\/france\/rhone-alpes\/ardeche\">Ard\u00e8che<\/a>\u00a0est un d\u00e9partement situ\u00e9 dans le Sud de la France, dans la r\u00e9gion Auvergne-Rh\u00f4ne-Alpes. Vall\u00e9es, plaines, plateaux volcaniques, montagnes, cours d\u2019eau, gorges et falaises\u2026 ce territoire regorge de merveilles de la Nature ! Il abrite des petits coins de paradis o\u00f9 se baigner, pratiquer la randonn\u00e9e, faire de l\u2019escalade ou du cano\u00eb. L\u2019Ard\u00e8che est sans nul doute l\u2019endroit r\u00eav\u00e9 pour un s\u00e9jour alliant sport et d\u00e9tente.<\/p>\n<h2>Les lieux d\u2019int\u00e9r\u00eats pour faire du tourisme en Ard\u00e8che<\/h2>\n<p>Voici les principaux lieux d\u2019int\u00e9r\u00eat \u00e0 visiter pendant vos vacances en Ard\u00e8che.<\/p>\n<h3>Les Gorges de l\u2019Ard\u00e8che, dans le Sud de l&rsquo;Ard\u00e8che<\/h3>\n<p>Les<a href=\"https:\/\/www.campings.com\/fr\/content\/guide-vacances-ardeche\/visiter-gorges-ardeche\/\">\u00a0<u>Gorges<\/u>\u00a0de l\u2019Ard\u00e8che<\/a> forment un grand canyon o\u00f9 coule l\u2019Ard\u00e8che, qui traverse d\u2019immenses falaises de calcaire. Une arche naturelle de 60 m de haut enjambe la rivi\u00e8re \u00e0 l\u2019entr\u00e9e des gorges. Il s\u2019agit du fameux Pont d\u2019Arc, figure embl\u00e9matique de l\u2019Ard\u00e8che.<\/p>\n<h3>Les lieux de baignade pendant votre s\u00e9jour en Ard\u00e8che<\/h3>\n<p>L\u2019Ard\u00e8che regorge de splendides\u00a0<a href=\"https:\/\/www.campings.com\/fr\/content\/guide-vacances-ardeche\/spots-baignade-ardeche\/\"><u>lieux de baignade<\/u>\u00a0<\/a>:<\/p>\n<ul>\n<li>Les gorges de l\u2019Ard\u00e8che \u00e0 Saint-Rem\u00e8ze : plage et baignade dans le grand canyon surplomb\u00e9 par d\u2019immenses falaises ;<\/li>\n<li>Les plages du Pont d\u2019Arc : deux plages de sable fin situ\u00e9es en amont et en aval du Pont d\u2019Arc ;<\/li>\n<li>La plage de Balazuc : situ\u00e9e sous le pont Balazuc, face aux falaises ;<\/li>\n<li>La rivi\u00e8re \u00e0 Vog\u00fc\u00e9 : un lieu de baignade situ\u00e9 dans l\u2019un des plus beaux villages de France ;<\/li>\n<li>Le Cirque de Gens \u00e0 Chauzon : une plage magnifique entour\u00e9e de falaises en pleine nature ;<\/li>\n<li>Les Gorges de Labeaume : plages de sable et de galets le long de la rivi\u00e8re Beaume;<\/li>\n<li>La vall\u00e9e de l\u2019Ibie : baignade dans les eaux peu profondes du Trou de la Lune et du Font Garou ;<\/li>\n<li>Le Lac d\u2019Issarl\u00e8s : un spot de baignade situ\u00e9 entre vallon Pont d\u2019Arc et Villeneuve de Berg ;<\/li>\n<li>Le lac St-Martial : baignade surveill\u00e9e dans un plan d\u2019eau nich\u00e9 entre les montagnes ard\u00e9choises.<\/li>\n<\/ul>\n<h3>Les cascades, l\u2019id\u00e9al pour se rafraichir l\u2019\u00e9t\u00e9<\/h3>\n<p>L\u2019Ard\u00e8che compte de magnifiques\u00a0<a href=\"https:\/\/www.campings.com\/fr\/content\/guide-vacances-ardeche\/les-plus-belles-cascades-ardeche\/\"><u>cascades<\/u><\/a>\u00a0o\u00f9 se rafra\u00eechir :<\/p>\n<ul>\n<li>La cascade de Rochecolombe, une chute d\u2019eau naturelle aliment\u00e9e par l\u2019Ibie ;<\/li>\n<li>Les cascades de la Sompe, deux belles cascades \u00e0 Lagorce ;<\/li>\n<li>La cascade de Pissevieille \u00e0 Vallon Pont d\u2019Arc ;<\/li>\n<li>La cascade du Ray-Pic \u00e0 P\u00e9reyres, dans les C\u00e9vennes ard\u00e9choises ;<\/li>\n<li>La cascade de Baumicou et les t\u00e9tines de Vernon, une chute d\u2019eau dans une grotte, accessible par le sentier des t\u00e9tines de Vernon.<\/li>\n<\/ul>\n<p><img loading=\"lazy\" decoding=\"async\" class=\"alignnone size-full wp-image-2900\" src=\"https:\/\/www.campings.com\/fr\/content\/wp-content\/uploads\/2021\/07\/Guide-Cascade-ray-pic.jpg\" alt=\"\" width=\"1000\" height=\"665\" \/><\/p>\n<h3>Les grottes de l\u2019Ard\u00e8che<\/h3>\n<p>Amoureux de sp\u00e9l\u00e9ologie ? Plongez au c\u0153ur des plus belles\u00a0<a href=\"https:\/\/www.campings.com\/fr\/content\/guide-vacances-ardeche\/grottes-a-visiter-en-ardeche\/\"><u>grottes<\/u>\u00a0<\/a>d\u2019Ard\u00e8che !<\/p>\n<ul>\n<li>Grotte de La Madeleine : \u00e0 Saint-Rem\u00e8ze, sur la rive gauche des gorges de l\u2019Ard\u00e8che ;<\/li>\n<li>Aven Grotte foresti\u00e8re \u00e0 Orgnac : au c\u0153ur d\u2019une for\u00eat domaniale dans le sud de l\u2019Ard\u00e8che ;<\/li>\n<li>Grotte Saint Marcel : un site class\u00e9 monument historique pour ses gisements pr\u00e9historiques (Bidon) ;<\/li>\n<li>Grotte Chauvet : une ancienne grotte pal\u00e9olithique \u00e0 Vallon Pont d\u2019Arc ;<\/li>\n<li>Grotte Chauvet 2 : r\u00e9plique de la Grotte Chauvet \u00e0 Vallon Pont d\u2019Arc ;<\/li>\n<li>Grotte Aven Marzal \u00e0 Saint-Rem\u00e8ze ;<\/li>\n<li>Grotte de Soyons : site arch\u00e9ologique compos\u00e9 de grottes et d\u2019un mus\u00e9e.<\/li>\n<\/ul>\n<h2>Les activit\u00e9s sportives \u00e0 pratiquer<\/h2>\n<h3>Randonn\u00e9es \/ balades<\/h3>\n<p>L\u2019Ard\u00e8che est l\u2019endroit tout indiqu\u00e9 pour pratiquer la\u00a0<u><a href=\"https:\/\/www.campings.com\/fr\/content\/guide-vacances-ardeche\/randonnee-en-ardeche\/\">randonn\u00e9e<\/a>.<\/u>\u00a0Une activit\u00e9 alliant sport et d\u00e9couverte, qui permet de faire corps avec la nature ! En parcourant les sentiers \u00e0 pied ou \u00e0 v\u00e9lo, notamment ceux du <a href=\"https:\/\/www.campings.com\/fr\/content\/guide-vacances-ardeche\/parc-naturel-regional-des-monts-ardeche\/\">parc naturel r\u00e9gional des Monts d\u2019Ard\u00e8che<\/a>, vous pourrez acc\u00e9der \u00e0 des tr\u00e9sors naturels m\u00e9connus.<\/p>\n<h3>Faire du cano\u00eb en Ard\u00e8che<\/h3>\n<p>Faire du\u00a0<a href=\"https:\/\/www.campings.com\/fr\/content\/guide-vacances-ardeche\/canoe-ardeche\/\"><u>cano\u00eb<\/u><strong><u>\u00a0<\/u><\/strong><\/a>en Ard\u00e8che permet de d\u00e9couvrir autrement les tr\u00e9sors de ce territoire. Que vous soyez entre amis ou en famille, n\u2019h\u00e9sitez pas \u00e0 louer un cano\u00eb pour une exp\u00e9rience riche en \u00e9motions.<\/p>\n<ul>\n<li>Les gorges de l\u2019Ard\u00e8che : au d\u00e9part de Vallon-Pont-D\u2019arc, en passant par Chames, la r\u00e9serve naturelle des gorges, Sauze et enfin Saint-Martin d\u2019Ard\u00e8che ;<\/li>\n<li>La descente de l\u2019Ard\u00e8che, au d\u00e9part de Ruoms. Un circuit le long de la rivi\u00e8re de Sampzon \u00e0 Saint Martin d\u2019Ard\u00e8che, en traversant les gorges ;<\/li>\n<li>Faire du cano\u00eb depuis Balazuc, de Pradon \u00e0 Vallon Pont d\u2019Arc ;<\/li>\n<li>Faire du cano\u00eb en partant de Vog\u00fc\u00e9, en sillonnant Lans, Balazuc, Pradons, Ruoms, jusqu\u2019\u00e0 Vallon-Pont-d\u2019arc.<\/li>\n<\/ul>\n<p><img loading=\"lazy\" decoding=\"async\" class=\"alignnone size-full wp-image-2898\" src=\"https:\/\/www.campings.com\/fr\/content\/wp-content\/uploads\/2021\/07\/guide-canoe.jpg\" alt=\"\" width=\"1000\" height=\"665\" \/><\/p>\n<h3>Les autres activit\u00e9s sportives \u00e0 pratiquer<\/h3>\n<p>En Ard\u00e8che, vous ne risquez pas de vous ennuyer pendant vos vacances ! Voici quelques activit\u00e9s \u00e0 pratiquer seul ou \u00e0 plusieurs :<\/p>\n<ul>\n<li>La p\u00eache ;<\/li>\n<li>Sp\u00e9l\u00e9ologie et\/ou visite des cavit\u00e9s souterraines ;<\/li>\n<li>L\u2019escalade ;<\/li>\n<li>Balades \u00e0 cheval ;<\/li>\n<li>Etc.<\/li>\n<\/ul>\n<h2>Les activit\u00e9s \u00e0 faire en famille en Ard\u00e8che<\/h2>\n<p>Voici une liste d\u2019activit\u00e9s touristiques \u00e0 faire pendant votre s\u00e9jour.<\/p>\n<h3>Les march\u00e9s \u00e0 visiter en Ard\u00e8che<\/h3>\n<p>Ne manquez pas de visiter les\u00a0<a href=\"https:\/\/www.campings.com\/fr\/content\/guide-vacances-ardeche\/marches-ardeche-a-ne-pas-manquer\/\"><u>march\u00e9s<\/u>\u00a0<\/a>ard\u00e9chois pour d\u00e9couvrir le meilleur des produits locaux.<\/p>\n<ul>\n<li>March\u00e9 de Ruoms : les vendredis sur la Place du G\u00e9n\u00e9ral De Gaulle ;<\/li>\n<li>March\u00e9 de Lablach\u00e8re : les dimanches \u00e0 l\u2019All\u00e9e du ch\u00e2teau ;<\/li>\n<li>March\u00e9 de Vallon Pont d\u2019Arc : les jeudis, sur l\u2019Avenue Jean Jaur\u00e8s ;<\/li>\n<li>March\u00e9 d\u2019Aubenas : les samedis sur la place du Ch\u00e2teau et de l\u2019H\u00f4tel de Ville ;<\/li>\n<li>March\u00e9 de Vals-les-Bains : les dimanches, de la rue Jean Jaur\u00e8s \u00e0 la place Galimard ;<\/li>\n<li>March\u00e9 d&rsquo;Antraigues : les mardis sur la Place du village \u00e0 Antraigues ;<\/li>\n<li>March\u00e9 de Joyeuse : les mercredis sur la Place de la Grand Font ;<\/li>\n<li>March\u00e9 d\u2019Annonay : les samedis sur la Place de la Libert\u00e9 ;<\/li>\n<li>March\u00e9 de Rosi\u00e8res : les lundis, sur l\u2019avenue Andr\u00e9 Jean ;<\/li>\n<li>March\u00e9 de Les Vans : les samedis dans le centre-ville.<\/li>\n<\/ul>\n<h3>Les mus\u00e9es<\/h3>\n<p>Voici les mus\u00e9es \u00e0 ne pas rater lors de vos vacances en Ard\u00e8che.<\/p>\n<ul>\n<li>La Maison de la Lavande \u00e0 Saint-Rem\u00e8ze : mus\u00e9e &amp; domaine o\u00f9 vous pourrez assister \u00e0 l\u2019extraction de l\u2019huile essentielle de lavande ;<\/li>\n<li>Le Mus\u00e9um de l\u2019Ard\u00e8che \u00e0 Balazuc : exposition de fossiles de dinosaures ;<\/li>\n<li>Le Mus\u00e9e du monde souterrain \u00e0 Aven Marzal : pr\u00e9sentation d\u2019authentiques objets de sp\u00e9l\u00e9ologie ;<\/li>\n<li>Le Mus\u00e9e des sports \u00e0 Cruas : exposition d\u2019objets ayant appartenu \u00e0 des sportifs locaux et internationaux ;<\/li>\n<li>Le Grand site de l\u2019Aven d\u2019Orgnac, pr\u00e8s de Vallon Pont d\u2019arc : la Cit\u00e9 de la Pr\u00e9histoire et la Grotte.<\/li>\n<\/ul>\n<p><img loading=\"lazy\" decoding=\"async\" class=\"alignnone size-full wp-image-2899\" src=\"https:\/\/www.campings.com\/fr\/content\/wp-content\/uploads\/2021\/07\/Guide-mus\u00e9e.jpg\" alt=\"\" width=\"1000\" height=\"665\" \/><\/p>\n<h3>Destination le ciel avec un tour en montgolfi\u00e8re<\/h3>\n<p>Envie de d\u00e9paysement lors de vos vacances ? Survolez l\u2019Ard\u00e8che en\u00a0<a href=\"https:\/\/www.campings.com\/fr\/content\/guide-vacances-ardeche\/montgolfiere-ardeche\/\"><u>montgolfi\u00e8re<\/u><\/a>\u00a0et profitez d\u2019une vue grandiose ! Rendez-vous \u00e0 Annonay pour un bapt\u00eame de l\u2019air. Cette ville de Haute Ard\u00e8che est le berceau la montgolfi\u00e8re. Une statue des fr\u00e8res Montgolfier, p\u00e8res de l\u2019a\u00e9rostat y est \u00e9rig\u00e9e. Chaque \u00e9t\u00e9, la ville comm\u00e9more la f\u00eate de la montgolfi\u00e8re, le premier week-end de juin.<\/p>\n<h2>S\u00e9lection des meilleures adresses de campings en Ard\u00e8che : club vacances, maison de vacances, mobil home&#8230;<\/h2>\n<p>En Ard\u00e8che, les vacances riment in\u00e9vitablement avec nature et camping ! For\u00eats, hameaux, rivi\u00e8res, plages\u2026 L\u2019environnement de l\u2019<a href=\"https:\/\/www.campings.com\/fr\/france\/rhone-alpes\/ardeche\">Ard\u00e8che<\/a>\u00a0est parfait pour s\u2019adonner \u00e0 cette activit\u00e9 !<\/p>\n<p>Voici notre s\u00e9lection de <a href=\"https:\/\/www.campings.com\/fr\/content\/guide-vacances-ardeche\/campings-ardeche\/\">campings<\/a> valid\u00e9e par campings.com<\/p>\n<h3>Le Camping Domaine de Chaussy<\/h3>\n<p>Sur la route de Ruoms \u00e0 Lagorge, ce camping accueille les familles dans des mobil homes tout confort, spacieux et \u00e9quip\u00e9s. Il offre une piscine ext\u00e9rieure chauff\u00e9e, des toboggans aquatiques et des pataugeoires.<\/p>\n<p><a href=\"https:\/\/www.campings.com\/fr\/camping\/camping-domaine-de-chaussy-77504\">Plus d\u2019infos sur le Camping Domaine de Chaussy<\/a>.<\/p>\n<h3>Camping Les Arches<\/h3>\n<p>Louez un chalet dans ce camping situ\u00e9 \u00e0 Saint-Jean-le-Centenier pendant vos vacances en Ard\u00e8che ! Travers\u00e9 par une rivi\u00e8re, ce lieu comblera les amateurs de baignade. Le camping propose aussi une piscine ext\u00e9rieure chauff\u00e9e. Bar, restaurant, d\u00e9p\u00f4t de pain, aire de jeux, club enfant\u2026 un large choix de services et \u00e9quipements sont disponibles pour rendre votre s\u00e9jour agr\u00e9able.<\/p>\n<p><a href=\"https:\/\/www.campings.com\/fr\/camping\/camping-les-arches-78335\">Plus d\u2019infos sur le camping les Arches.<\/a><\/p>\n<h3>Camping le Pommier<\/h3>\n<p>\u00c0 Villeneuve de Berg, Le Pommier est un camping tr\u00e8s appr\u00e9ci\u00e9 en Ard\u00e8che. Il propose des h\u00e9bergements tout confort pour un s\u00e9jour agr\u00e9able. Piscine ext\u00e9rieure chauff\u00e9e, structures aquatiques, club enfant pour accueillir vos bambins\u2026 L\u2019endroit r\u00eav\u00e9 pour des vacances en mode d\u00e9tente et farniente !<\/p>\n<p><a href=\"https:\/\/www.campings.com\/fr\/camping\/camping-le-pommier-81507\">Plus d\u2019infos sur le camping Le Pommier<\/a>.<\/p>\n<h3>Camping RCN La Bastide en Ard\u00e8che<\/h3>\n<p>Louez un mobil home et posez vos valises dans ce camping 4 \u00e9toiles \u00e0 Ruoms ! Vous pourrez y pratiquer tennis, football ou p\u00e9tanque. Travers\u00e9 par la rivi\u00e8re Ard\u00e8che, ce camping est parfait pour faire des randonn\u00e9es \u00e0 pied ou des descentes en kayak.<\/p>\n<p><a href=\"https:\/\/www.campings.com\/fr\/camping\/camping-rcn-la-bastide-en-ardeche-78463\">Plus d\u2019infos sur le camping RCN La Bastide en Ard\u00e8che<\/a>.<\/p>\n","protected":false},"excerpt":{"rendered":"<p>\u00c0 la recherche d\u2019une id\u00e9e originale pour des vacances en famille ? Cap sur le Sud, en Ard\u00e8che ! Ce d\u00e9partement est une destination parfaite pour faire un break loin des sites touristiques bond\u00e9s. Ce territoire authentique vous s\u00e9duira par sa nature sauvage, son patrimoine historique et culturel et ses paysages hors du commun. L\u2019Ard\u00e8che\u00a0est [&hellip;]<\/p>\n","protected":false},"author":18,"featured_media":0,"parent":0,"menu_order":0,"comment_status":"closed","ping_status":"closed","template":"template-twocolumns.php","meta":{"_acf_changed":false,"footnotes":""},"class_list":["post-2897","page","type-page","status-publish","hentry"],"acf":[],"yoast_head":"<!-- This site is optimized with the Yoast SEO plugin v27.1.1 - https:\/\/yoast.com\/product\/yoast-seo-wordpress\/ -->\n<title>Le guide de vos vacances en Ard\u00e8che -<\/title>\n<meta name=\"description\" content=\"D\u00e9couvrez dans ce guide les meilleures activit\u00e9s \u00e0 faire et les plus beaux endroits \u00e0 visiter lors de vos vacances en Ard\u00e8che.\" \/>\n<meta name=\"robots\" content=\"index, follow, max-snippet:-1, max-image-preview:large, max-video-preview:-1\" \/>\n<link rel=\"canonical\" href=\"https:\/\/www.campings.com\/fr\/content\/guide-vacances-ardeche\/\" \/>\n<meta property=\"og:locale\" content=\"fr_FR\" \/>\n<meta property=\"og:type\" content=\"article\" \/>\n<meta property=\"og:title\" content=\"Le guide de vos vacances en Ard\u00e8che -\" \/>\n<meta property=\"og:description\" content=\"D\u00e9couvrez dans ce guide les meilleures activit\u00e9s \u00e0 faire et les plus beaux endroits \u00e0 visiter lors de vos vacances en Ard\u00e8che.\" \/>\n<meta property=\"og:url\" content=\"https:\/\/www.campings.com\/fr\/content\/guide-vacances-ardeche\/\" \/>\n<meta property=\"article:modified_time\" content=\"2021-07-06T14:35:40+00:00\" \/>\n<meta property=\"og:image\" content=\"https:\/\/www.campings.com\/fr\/content\/wp-content\/uploads\/2021\/07\/Guide-Cascade-ray-pic.jpg\" \/>\n\t<meta property=\"og:image:width\" content=\"1000\" \/>\n\t<meta property=\"og:image:height\" content=\"665\" \/>\n\t<meta property=\"og:image:type\" content=\"image\/jpeg\" \/>\n<meta name=\"twitter:card\" content=\"summary_large_image\" \/>\n<meta name=\"twitter:label1\" content=\"Dur\u00e9e de lecture estim\u00e9e\" \/>\n\t<meta name=\"twitter:data1\" content=\"8 minutes\" \/>\n<script type=\"application\/ld+json\" class=\"yoast-schema-graph\">{\"@context\":\"https:\/\/schema.org\",\"@graph\":[{\"@type\":\"WebPage\",\"@id\":\"https:\/\/www.campings.com\/fr\/content\/guide-vacances-ardeche\/\",\"url\":\"https:\/\/www.campings.com\/fr\/content\/guide-vacances-ardeche\/\",\"name\":\"Le guide de vos vacances en Ard\u00e8che -\",\"isPartOf\":{\"@id\":\"https:\/\/www.campings.com\/fr\/content\/#website\"},\"primaryImageOfPage\":{\"@id\":\"https:\/\/www.campings.com\/fr\/content\/guide-vacances-ardeche\/#primaryimage\"},\"image\":{\"@id\":\"https:\/\/www.campings.com\/fr\/content\/guide-vacances-ardeche\/#primaryimage\"},\"thumbnailUrl\":\"https:\/\/www.campings.com\/fr\/content\/wp-content\/uploads\/2021\/07\/Guide-Cascade-ray-pic.jpg\",\"datePublished\":\"2021-07-06T12:15:55+00:00\",\"dateModified\":\"2021-07-06T14:35:40+00:00\",\"description\":\"D\u00e9couvrez dans ce guide les meilleures activit\u00e9s \u00e0 faire et les plus beaux endroits \u00e0 visiter lors de vos vacances en Ard\u00e8che.\",\"breadcrumb\":{\"@id\":\"https:\/\/www.campings.com\/fr\/content\/guide-vacances-ardeche\/#breadcrumb\"},\"inLanguage\":\"fr-FR\",\"potentialAction\":[{\"@type\":\"ReadAction\",\"target\":[\"https:\/\/www.campings.com\/fr\/content\/guide-vacances-ardeche\/\"]}]},{\"@type\":\"ImageObject\",\"inLanguage\":\"fr-FR\",\"@id\":\"https:\/\/www.campings.com\/fr\/content\/guide-vacances-ardeche\/#primaryimage\",\"url\":\"https:\/\/www.campings.com\/fr\/content\/wp-content\/uploads\/2021\/07\/Guide-Cascade-ray-pic.jpg\",\"contentUrl\":\"https:\/\/www.campings.com\/fr\/content\/wp-content\/uploads\/2021\/07\/Guide-Cascade-ray-pic.jpg\",\"width\":1000,\"height\":665},{\"@type\":\"BreadcrumbList\",\"@id\":\"https:\/\/www.campings.com\/fr\/content\/guide-vacances-ardeche\/#breadcrumb\",\"itemListElement\":[{\"@type\":\"ListItem\",\"position\":1,\"name\":\"Home\",\"item\":\"https:\/\/www.campings.com\/fr\/content\/\"},{\"@type\":\"ListItem\",\"position\":2,\"name\":\"Le guide de vos vacances en Ard\u00e8che\"}]},{\"@type\":\"WebSite\",\"@id\":\"https:\/\/www.campings.com\/fr\/content\/#website\",\"url\":\"https:\/\/www.campings.com\/fr\/content\/\",\"name\":\"\",\"description\":\"\",\"publisher\":{\"@id\":\"https:\/\/www.campings.com\/fr\/content\/#organization\"},\"potentialAction\":[{\"@type\":\"SearchAction\",\"target\":{\"@type\":\"EntryPoint\",\"urlTemplate\":\"https:\/\/www.campings.com\/fr\/content\/?s={search_term_string}\"},\"query-input\":{\"@type\":\"PropertyValueSpecification\",\"valueRequired\":true,\"valueName\":\"search_term_string\"}}],\"inLanguage\":\"fr-FR\"},{\"@type\":\"Organization\",\"@id\":\"https:\/\/www.campings.com\/fr\/content\/#organization\",\"name\":\"CAMPINGS.COM\",\"url\":\"https:\/\/www.campings.com\/fr\/content\/\",\"logo\":{\"@type\":\"ImageObject\",\"inLanguage\":\"fr-FR\",\"@id\":\"https:\/\/www.campings.com\/fr\/content\/#\/schema\/logo\/image\/\",\"url\":\"https:\/\/www.campings.com\/fr\/content\/wp-content\/uploads\/2019\/01\/cropped-logo-1.png\",\"contentUrl\":\"https:\/\/www.campings.com\/fr\/content\/wp-content\/uploads\/2019\/01\/cropped-logo-1.png\",\"width\":174,\"height\":42,\"caption\":\"CAMPINGS.COM\"},\"image\":{\"@id\":\"https:\/\/www.campings.com\/fr\/content\/#\/schema\/logo\/image\/\"}}]}<\/script>\n<!-- \/ Yoast SEO plugin. -->","yoast_head_json":{"title":"Le guide de vos vacances en Ard\u00e8che -","description":"D\u00e9couvrez dans ce guide les meilleures activit\u00e9s \u00e0 faire et les plus beaux endroits \u00e0 visiter lors de vos vacances en Ard\u00e8che.","robots":{"index":"index","follow":"follow","max-snippet":"max-snippet:-1","max-image-preview":"max-image-preview:large","max-video-preview":"max-video-preview:-1"},"canonical":"https:\/\/www.campings.com\/fr\/content\/guide-vacances-ardeche\/","og_locale":"fr_FR","og_type":"article","og_title":"Le guide de vos vacances en Ard\u00e8che -","og_description":"D\u00e9couvrez dans ce guide les meilleures activit\u00e9s \u00e0 faire et les plus beaux endroits \u00e0 visiter lors de vos vacances en Ard\u00e8che.","og_url":"https:\/\/www.campings.com\/fr\/content\/guide-vacances-ardeche\/","article_modified_time":"2021-07-06T14:35:40+00:00","og_image":[{"width":1000,"height":665,"url":"https:\/\/www.campings.com\/fr\/content\/wp-content\/uploads\/2021\/07\/Guide-Cascade-ray-pic.jpg","type":"image\/jpeg"}],"twitter_card":"summary_large_image","twitter_misc":{"Dur\u00e9e de lecture estim\u00e9e":"8 minutes"},"schema":{"@context":"https:\/\/schema.org","@graph":[{"@type":"WebPage","@id":"https:\/\/www.campings.com\/fr\/content\/guide-vacances-ardeche\/","url":"https:\/\/www.campings.com\/fr\/content\/guide-vacances-ardeche\/","name":"Le guide de vos vacances en Ard\u00e8che -","isPartOf":{"@id":"https:\/\/www.campings.com\/fr\/content\/#website"},"primaryImageOfPage":{"@id":"https:\/\/www.campings.com\/fr\/content\/guide-vacances-ardeche\/#primaryimage"},"image":{"@id":"https:\/\/www.campings.com\/fr\/content\/guide-vacances-ardeche\/#primaryimage"},"thumbnailUrl":"https:\/\/www.campings.com\/fr\/content\/wp-content\/uploads\/2021\/07\/Guide-Cascade-ray-pic.jpg","datePublished":"2021-07-06T12:15:55+00:00","dateModified":"2021-07-06T14:35:40+00:00","description":"D\u00e9couvrez dans ce guide les meilleures activit\u00e9s \u00e0 faire et les plus beaux endroits \u00e0 visiter lors de vos vacances en Ard\u00e8che.","breadcrumb":{"@id":"https:\/\/www.campings.com\/fr\/content\/guide-vacances-ardeche\/#breadcrumb"},"inLanguage":"fr-FR","potentialAction":[{"@type":"ReadAction","target":["https:\/\/www.campings.com\/fr\/content\/guide-vacances-ardeche\/"]}]},{"@type":"ImageObject","inLanguage":"fr-FR","@id":"https:\/\/www.campings.com\/fr\/content\/guide-vacances-ardeche\/#primaryimage","url":"https:\/\/www.campings.com\/fr\/content\/wp-content\/uploads\/2021\/07\/Guide-Cascade-ray-pic.jpg","contentUrl":"https:\/\/www.campings.com\/fr\/content\/wp-content\/uploads\/2021\/07\/Guide-Cascade-ray-pic.jpg","width":1000,"height":665},{"@type":"BreadcrumbList","@id":"https:\/\/www.campings.com\/fr\/content\/guide-vacances-ardeche\/#breadcrumb","itemListElement":[{"@type":"ListItem","position":1,"name":"Home","item":"https:\/\/www.campings.com\/fr\/content\/"},{"@type":"ListItem","position":2,"name":"Le guide de vos vacances en Ard\u00e8che"}]},{"@type":"WebSite","@id":"https:\/\/www.campings.com\/fr\/content\/#website","url":"https:\/\/www.campings.com\/fr\/content\/","name":"","description":"","publisher":{"@id":"https:\/\/www.campings.com\/fr\/content\/#organization"},"potentialAction":[{"@type":"SearchAction","target":{"@type":"EntryPoint","urlTemplate":"https:\/\/www.campings.com\/fr\/content\/?s={search_term_string}"},"query-input":{"@type":"PropertyValueSpecification","valueRequired":true,"valueName":"search_term_string"}}],"inLanguage":"fr-FR"},{"@type":"Organization","@id":"https:\/\/www.campings.com\/fr\/content\/#organization","name":"CAMPINGS.COM","url":"https:\/\/www.campings.com\/fr\/content\/","logo":{"@type":"ImageObject","inLanguage":"fr-FR","@id":"https:\/\/www.campings.com\/fr\/content\/#\/schema\/logo\/image\/","url":"https:\/\/www.campings.com\/fr\/content\/wp-content\/uploads\/2019\/01\/cropped-logo-1.png","contentUrl":"https:\/\/www.campings.com\/fr\/content\/wp-content\/uploads\/2019\/01\/cropped-logo-1.png","width":174,"height":42,"caption":"CAMPINGS.COM"},"image":{"@id":"https:\/\/www.campings.com\/fr\/content\/#\/schema\/logo\/image\/"}}]}},"_links":{"self":[{"href":"https:\/\/www.campings.com\/fr\/content\/wp-json\/wp\/v2\/pages\/2897","targetHints":{"allow":["GET"]}}],"collection":[{"href":"https:\/\/www.campings.com\/fr\/content\/wp-json\/wp\/v2\/pages"}],"about":[{"href":"https:\/\/www.campings.com\/fr\/content\/wp-json\/wp\/v2\/types\/page"}],"author":[{"embeddable":true,"href":"https:\/\/www.campings.com\/fr\/content\/wp-json\/wp\/v2\/users\/18"}],"replies":[{"embeddable":true,"href":"https:\/\/www.campings.com\/fr\/content\/wp-json\/wp\/v2\/comments?post=2897"}],"version-history":[{"count":3,"href":"https:\/\/www.campings.com\/fr\/content\/wp-json\/wp\/v2\/pages\/2897\/revisions"}],"predecessor-version":[{"id":2952,"href":"https:\/\/www.campings.com\/fr\/content\/wp-json\/wp\/v2\/pages\/2897\/revisions\/2952"}],"wp:attachment":[{"href":"https:\/\/www.campings.com\/fr\/content\/wp-json\/wp\/v2\/media?parent=2897"}],"curies":[{"name":"wp","href":"https:\/\/api.w.org\/{rel}","templated":true}]}}