{"id":2864,"date":"2021-06-25T14:00:45","date_gmt":"2021-06-25T14:00:45","guid":{"rendered":"https:\/\/www.campings.com\/fr\/content\/?page_id=2864"},"modified":"2021-06-28T09:03:51","modified_gmt":"2021-06-28T09:03:51","slug":"campings-en-dordogne","status":"publish","type":"page","link":"https:\/\/www.campings.com\/fr\/content\/guide-vacances-dordogne\/campings-en-dordogne\/","title":{"rendered":"S\u00e9lection de campings en Dordogne"},"content":{"rendered":"<p>Envie d\u2019un s\u00e9jour nature plac\u00e9 sous le signe de la d\u00e9tente et de la d\u00e9couverte ? Mettez le cap sur <u>la <a href=\"https:\/\/www.campings.com\/fr\/content\/guide-vacances-dordogne\/\">Dordogne<\/a><\/u> ! Reconnue pour sa gastronomie, son patrimoine historique, son art de vivre, ce d\u00e9partement a tous les atouts pour vous s\u00e9duire ! D\u00e9couvrez notre s\u00e9lection de campings pour des vacances r\u00e9ussies en Dordogne.<\/p>\n<p>\u00c0 la recherche d\u2019une destination nature o\u00f9 vous ressourcer ? Avec ses for\u00eats, sa vall\u00e9e, sa gastronomie et ses sites pr\u00e9historiques, la\u00a0Dordogne\u00a0est l\u2019endroit id\u00e9al pour des vacances r\u00e9ussies ! D\u00e9couvrez une s\u00e9lection de campings en Dordogne qui vous permettront d\u2019appr\u00e9cier pleinement tous les charmes du P\u00e9rigord.<\/p>\n<h2><strong>S\u00e9lection de campings pour visiter le P\u00e9rigord Vert<\/strong><\/h2>\n<p>Voici une s\u00e9lection de campings par Campings.com dans le P\u00e9rigord vert :<\/p>\n<h3><strong>Camping Brant\u00f4me Peyrelevade\u00a0<\/strong><\/h3>\n<p>Ce camping est situ\u00e9 \u00e0 1 km \u00e0 pied du centre-ville de Brant\u00f4me en P\u00e9rigord. Vous pourrez vous baigner dans la rivi\u00e8re et vous pr\u00e9lasser sur la plage de sable. Un parc aquatique, une piscine et une pataugeoire sont \u00e0 votre disposition.<\/p>\n<p><a href=\"https:\/\/www.campings.com\/fr\/camping\/camping-brantome-peyrelevade-82385\">Plus d\u2019infos sur le Camping Brant\u00f4me Peyrelevade<\/a><\/p>\n<h3><strong>Camping Les \u00c9tangs du Plessac &#8211; Camping Paradis\u00a0<\/strong><\/h3>\n<p>Situ\u00e9 \u00e0 Saint-F\u00e9lix-de-Bourdeilles, ce camping est parfait pour toute la famille. Il propose de nombreux \u00e9quipements et animations pour un s\u00e9jour inoubliable. Au programme : promenades, jeux gonflables, baignades et p\u00eache\u2026<\/p>\n<p><a href=\"https:\/\/www.campings.com\/fr\/camping\/camping-les-etangs-du-plessac-camping-paradis-78225\">Plus d\u2019infos sur le Camping Les Etangs du Plessac &#8211; Camping Paradis<\/a><\/p>\n<h3><strong>Camping Le Repaire\u00a0<\/strong><\/h3>\n<p>Situ\u00e9 au c\u0153ur de la Nouvelle-Aquitaine, \u00e0 Thiviers, il propose une piscine couverte et chauff\u00e9e accessible en pleine saison. Ce camping vous r\u00e9serve un accueil convivial et de qualit\u00e9. Sur place, de nombreux services sont \u00e0 votre disposition : wifi, location de barbecue, d\u00e9p\u00f4t de pain, espaces de restauration\u2026<\/p>\n<p><a href=\"https:\/\/www.campings.com\/fr\/camping\/camping-le-repaire-78617\">Plus d\u2019infos sur le Camping Le Repaire<\/a><\/p>\n<h3><strong>Camping Les tourterelles<\/strong><\/h3>\n<p>Au c\u0153ur du P\u00e9rigord, ce camping dispose d\u2019une piscine ext\u00e9rieure et d\u2019une pataugeoire. Il compte \u00e9galement des terrains de sport et une aire de jeux pour les enfants.<\/p>\n<p><a href=\"https:\/\/www.campings.com\/fr\/camping\/camping-les-tourterelles-82316\">Plus d\u2019infos sur le Camping Les tourterelles<\/a><\/p>\n<p><img loading=\"lazy\" decoding=\"async\" class=\"alignnone size-full wp-image-2874\" src=\"https:\/\/www.campings.com\/fr\/content\/wp-content\/uploads\/2021\/06\/Les-tourterelles.jpg\" alt=\"\" width=\"960\" height=\"720\" \/><\/p>\n<h2><strong>S\u00e9lection de campings pour des vacances inoubliables dans le P\u00e9rigord Noir<\/strong><\/h2>\n<p>Vous envisagez de passer vos vacances en\u00a0<a href=\"https:\/\/www.campings.com\/fr\/content\/guide-vacances-dordogne\/\"><u>Dordogne<\/u>\u00a0<\/a>? Voici une s\u00e9lection de campings dans le P\u00e9rigord Noir par Campings.com.<\/p>\n<h3><strong>Parc R\u00e9sidentiel De Loisirs Vivale<\/strong><\/h3>\n<p>Situ\u00e9 au c\u0153ur du Parc Naturel R\u00e9gional P\u00e9rigord-Limousin, ce camping offre un \u00e9ventail d\u2019activit\u00e9s de loisirs et de services. Aire de jeux, terrain de volley et de p\u00e9tanque, babyfoot, tables de ping-pong, biblioth\u00e8que\u2026 Un espace aquatique non chauff\u00e9 est accessible de juin \u00e0 septembre.<\/p>\n<p><a href=\"https:\/\/www.campings.com\/fr\/camping\/parc-residentiel-de-loisirs-vivale-82565\">Plus d\u2019infos sur le Parc R\u00e9sidentiel De Loisirs Vivale\u00a0<\/a><\/p>\n<h3><strong>Camping du Ch\u00e2teau de Verdoyer\u00a0<\/strong><\/h3>\n<p>\u00c0 mi-chemin entre Limoges et Angoul\u00eame, ce camping rassemble diff\u00e9rentes activit\u00e9s. Baignade dans la piscine ext\u00e9rieure (non chauff\u00e9e), randonn\u00e9e, \u00e9quitation, karting, p\u00e9tanque, tennis\u2026<\/p>\n<p><a href=\"https:\/\/www.campings.com\/fr\/camping\/camping-chateau-le-verdoyer-82570\">Plus d\u2019infos sur le Camping du Ch\u00e2teau de Verdoyer\u00a0<\/a><\/p>\n<h3><strong>Camping La Ripole\u00a0<\/strong><\/h3>\n<p>Au c\u0153ur du Parc Naturel R\u00e9gional P\u00e9rigord-Limousin, ce camping propose des animations vari\u00e9es pour combler toutes les envies. Au programme : soir\u00e9es \u00e0 th\u00e8mes, soir\u00e9es dansantes, tournois sportifs\u2026<\/p>\n<p><a href=\"https:\/\/www.campings.com\/fr\/camping\/camping-la-ripole-76673\">Plus d\u2019infos sur le Camping La Ripole\u00a0<\/a><\/p>\n<h2><strong>S\u00e9lection de campings pour des vacances dans le P\u00e9rigord Pourpre<\/strong><\/h2>\n<p>Voici une s\u00e9lection de campings dans le P\u00e9rigord Pourpre par Campings.com :<\/p>\n<h3><strong>Camping La Rivi\u00e8re Fleurie \u00e0 Saint-Antoine-de-Breuilh<\/strong><\/h3>\n<p>Situ\u00e9 en Nouvelle-Aquitaine, ce camping offre une piscine ext\u00e9rieure chauff\u00e9e et des activit\u00e9s vari\u00e9es pour tous les \u00e2ges. Au programme : tennis de table, billard, espace bien-\u00eatre, terrain de foot et de p\u00e9tanque, divertissements pour enfants\u2026<\/p>\n<p><a href=\"https:\/\/www.campings.com\/fr\/camping\/la-riviere-fleurie-camping-sites-et-paysages-78202\">Plus d\u2019infos sur le Camping La Rivi\u00e8re Fleurie \u00e0 Saint-Antoine-de-Breuilh\u00a0<\/a><\/p>\n<h3><strong>Camping Paradis L&rsquo;Escapade<\/strong><\/h3>\n<p>Ce camping familial propose des prestations tr\u00e8s vari\u00e9es pour simplifier votre s\u00e9jour : laverie, d\u00e9p\u00f4t de pain, mais aussi billard, ping-pong, hammam\u2026<\/p>\n<p><a href=\"https:\/\/www.campings.com\/fr\/camping\/l-escapade-camping-paradis-77506\">Plus d\u2019infos sur le Camping Paradis L&rsquo;Escapade\u00a0<\/a><\/p>\n<p><img loading=\"lazy\" decoding=\"async\" class=\"alignnone size-full wp-image-2872\" src=\"https:\/\/www.campings.com\/fr\/content\/wp-content\/uploads\/2021\/06\/Lescapade.jpg\" alt=\"\" width=\"800\" height=\"533\" \/><\/p>\n<h3><strong>Village de Gites Le Bretou\u00a0<\/strong><\/h3>\n<p>Situ\u00e9 dans la commune d\u2019Eymet, ce village a tous les atouts pour vous faire vivre un s\u00e9jour inoubliable. Sur place, vous pourrez profiter de nombreuses activit\u00e9s : p\u00e9tanque, terrain de tennis, mini-golf et aire de jeux pour enfants\u2026<\/p>\n<p><a href=\"https:\/\/www.campings.com\/fr\/camping\/village-de-gites-le-bretou-76533\">Plus d\u2019infos sur le Village de Gites Le Bretou\u00a0<\/a><\/p>\n<h3><strong>Camping Les Chalets de Dordogne\u00a0<\/strong><\/h3>\n<p>Situ\u00e9 \u00e0 Razac-d&rsquo;Eymet, ce camping compte une piscine ext\u00e9rieure chauff\u00e9e, accessible en \u00e9t\u00e9. Il propose \u00e9galement de nombreux services pour un s\u00e9jour tout confort : laverie, location de barbecue, Wifi, TV\u2026<\/p>\n<p><a href=\"https:\/\/www.campings.com\/fr\/camping\/camping-les-chalets-de-dordogne-78150\">Plus d\u2019infos sur le Camping Les Chalets de Dordogne\u00a0<\/a><\/p>\n<h2><strong>S\u00e9lection de campings pour un s\u00e9jour nature et d\u00e9couvertes dans le P\u00e9rigord Blanc<\/strong><\/h2>\n<p>D\u00e9couvrez la s\u00e9lection de campings dans le P\u00e9rigord Blanc par Campings.com :<\/p>\n<h3><strong>Camping Le Pontet\u00a0<\/strong><\/h3>\n<p>\u00c0 proximit\u00e9 de P\u00e9rigueux, ce camping propose une piscine ext\u00e9rieure avec pataugeoire, mini-golf et terrain de p\u00e9tanque. Le camping est \u00e9galement proche du march\u00e9 de Saint Astier.<\/p>\n<p><a href=\"https:\/\/www.campings.com\/fr\/camping\/camping-le-pontet-78204\">Plus d\u2019infos sur le Camping Le Pontet\u00a0<\/a><\/p>\n<h3><strong>Camping Plein Air Neuvicois<\/strong><\/h3>\n<p>En Nouvelle-Aquitaine, ce camping est parfait pour des vacances en famille. Il met \u00e0 votre disposition de nombreux services : laverie, location de barbecue, wifi, p\u00e9tanque, jeux pour enfants, baby-foot\u2026<\/p>\n<p><a href=\"https:\/\/www.campings.com\/fr\/camping\/camping-plein-air-neuvicois-77883\">Plus d\u2019infos sur le Camping Plein Air Neuvicois\u00a0<\/a><\/p>\n<h3><strong>Camping d&rsquo;Orpheo Negro<\/strong><\/h3>\n<p>Install\u00e9 en Aquitaine, ce camping vous propose des services comme le wifi, la laverie\u2026 C\u00f4t\u00e9 loisirs, de nombreuses activit\u00e9s sont disponibles : fitness, baby-foot, ping-pong, tennis\u2026<\/p>\n<p><a href=\"https:\/\/www.campings.com\/fr\/camping\/camping-d-orpheo-negro-82099\">Plus d\u2019infos sur le Camping d&rsquo;Orpheo Negro\u00a0<\/a><\/p>\n<h2><strong>S\u00e9lection de campings pas chers pour un s\u00e9jour \u00e0 prix mini en Dordogne<\/strong><\/h2>\n<p>Voici une s\u00e9lection de campings pas chers en\u00a0<a href=\"https:\/\/www.campings.com\/fr\/content\/guide-vacances-dordogne\/\"><u>Dordogne<\/u>\u00a0<\/a>par Campings.com :<\/p>\n<h3><strong>Le Camping Les B\u00f6-Bains<\/strong><\/h3>\n<p>\u00c0 Badefols-sur-Dordogne, ce camping propose des services et des \u00e9quipements de qualit\u00e9 pour un s\u00e9jour tout confort. Sur place, vous pourrez profiter d\u2019un acc\u00e8s au Wifi, laverie, t\u00e9l\u00e9vision, service de pain, pr\u00eat de livres\u2026 Et pour vous d\u00e9tendre, une salle de fitness, un baby-foot et un terrain de tennis sont \u00e0 votre disposition.<\/p>\n<p><a href=\"https:\/\/www.campings.com\/fr\/camping\/camping-les-bo-bains-76668\">Plus d\u2019infos sur le Camping Les B\u00f6-Bains\u00a0<\/a><\/p>\n<p><img loading=\"lazy\" decoding=\"async\" class=\"alignnone size-full wp-image-2873\" src=\"https:\/\/www.campings.com\/fr\/content\/wp-content\/uploads\/2021\/06\/Les-B\u00f6-Bains.jpg\" alt=\"\" width=\"960\" height=\"666\" \/><\/p>\n<h3><strong>Le Camping La Linotte<\/strong><\/h3>\n<p>En Nouvelle-Aquitaine, ce camping est \u00e9quip\u00e9 d\u2019une piscine ext\u00e9rieure chauff\u00e9e accessible en pleine saison et d\u2019un bain \u00e0 remous. C\u00f4t\u00e9 activit\u00e9s, vous pourrez jouer au tennis de table, billard, p\u00e9tanque\u2026<\/p>\n<p><a href=\"https:\/\/www.campings.com\/fr\/camping\/camping-la-linotte-77562\">Plus d\u2019infos sur le Camping La Linotte\u00a0<\/a><\/p>\n<h3><strong>Le Camping Le Carbonnier<\/strong><\/h3>\n<p>\u00c0 Saint-Martial-de- Nabirat, ce camping propose des activit\u00e9s pour tous les \u00e2ges : foot, billard, tennis de table, mini-golf\u2026<\/p>\n<p><a href=\"https:\/\/www.campings.com\/fr\/camping\/camping-le-carbonnier-78339\">Plus d\u2019infos sur le Camping Le Carbonnier<\/a><\/p>\n<h3><strong>Le Camping Paradis L&rsquo;Escapade<\/strong><\/h3>\n<p>\u00c0 Lamonzie-Montastruc, ce camping propose des tables de ping-pong, une piscine couverte chauff\u00e9e, un hammam et un billard.<\/p>\n<p><a href=\"https:\/\/www.campings.com\/fr\/camping\/l-escapade-camping-paradis-77506\">Plus d\u2019infos sur le Camping Paradis L&rsquo;Escapade\u00a0<\/a><\/p>\n","protected":false},"excerpt":{"rendered":"<p>Envie d\u2019un s\u00e9jour nature plac\u00e9 sous le signe de la d\u00e9tente et de la d\u00e9couverte ? Mettez le cap sur la Dordogne ! Reconnue pour sa gastronomie, son patrimoine historique, son art de vivre, ce d\u00e9partement a tous les atouts pour vous s\u00e9duire ! D\u00e9couvrez notre s\u00e9lection de campings pour des vacances r\u00e9ussies en Dordogne. [&hellip;]<\/p>\n","protected":false},"author":18,"featured_media":0,"parent":2807,"menu_order":0,"comment_status":"closed","ping_status":"closed","template":"template-twocolumns.php","meta":{"_acf_changed":false,"footnotes":""},"class_list":["post-2864","page","type-page","status-publish","hentry"],"acf":[],"yoast_head":"<!-- This site is optimized with the Yoast SEO plugin v27.1.1 - https:\/\/yoast.com\/product\/yoast-seo-wordpress\/ -->\n<title>S\u00e9lection de campings en Dordogne -<\/title>\n<meta name=\"description\" content=\"D\u00e9couvrez notre s\u00e9lection de campings \u00e0 d\u00e9couvrir en Dordogne, pour des vacances en famille ou entre amis agr\u00e9ables, sous le signe du confort.\" \/>\n<meta name=\"robots\" content=\"index, follow, max-snippet:-1, max-image-preview:large, max-video-preview:-1\" \/>\n<link rel=\"canonical\" href=\"https:\/\/www.campings.com\/fr\/content\/guide-vacances-dordogne\/campings-en-dordogne\/\" \/>\n<meta property=\"og:locale\" content=\"fr_FR\" \/>\n<meta property=\"og:type\" content=\"article\" \/>\n<meta property=\"og:title\" content=\"S\u00e9lection de campings en Dordogne -\" \/>\n<meta property=\"og:description\" content=\"D\u00e9couvrez notre s\u00e9lection de campings \u00e0 d\u00e9couvrir en Dordogne, pour des vacances en famille ou entre amis agr\u00e9ables, sous le signe du confort.\" \/>\n<meta property=\"og:url\" content=\"https:\/\/www.campings.com\/fr\/content\/guide-vacances-dordogne\/campings-en-dordogne\/\" \/>\n<meta property=\"article:modified_time\" content=\"2021-06-28T09:03:51+00:00\" \/>\n<meta property=\"og:image\" content=\"https:\/\/www.campings.com\/fr\/content\/wp-content\/uploads\/2021\/06\/Les-tourterelles.jpg\" \/>\n\t<meta property=\"og:image:width\" content=\"960\" \/>\n\t<meta property=\"og:image:height\" content=\"720\" \/>\n\t<meta property=\"og:image:type\" content=\"image\/jpeg\" \/>\n<meta name=\"twitter:card\" content=\"summary_large_image\" \/>\n<meta name=\"twitter:label1\" content=\"Dur\u00e9e de lecture estim\u00e9e\" \/>\n\t<meta name=\"twitter:data1\" content=\"6 minutes\" \/>\n<script type=\"application\/ld+json\" class=\"yoast-schema-graph\">{\"@context\":\"https:\/\/schema.org\",\"@graph\":[{\"@type\":\"WebPage\",\"@id\":\"https:\/\/www.campings.com\/fr\/content\/guide-vacances-dordogne\/campings-en-dordogne\/\",\"url\":\"https:\/\/www.campings.com\/fr\/content\/guide-vacances-dordogne\/campings-en-dordogne\/\",\"name\":\"S\u00e9lection de campings en Dordogne -\",\"isPartOf\":{\"@id\":\"https:\/\/www.campings.com\/fr\/content\/#website\"},\"primaryImageOfPage\":{\"@id\":\"https:\/\/www.campings.com\/fr\/content\/guide-vacances-dordogne\/campings-en-dordogne\/#primaryimage\"},\"image\":{\"@id\":\"https:\/\/www.campings.com\/fr\/content\/guide-vacances-dordogne\/campings-en-dordogne\/#primaryimage\"},\"thumbnailUrl\":\"https:\/\/www.campings.com\/fr\/content\/wp-content\/uploads\/2021\/06\/Les-tourterelles.jpg\",\"datePublished\":\"2021-06-25T14:00:45+00:00\",\"dateModified\":\"2021-06-28T09:03:51+00:00\",\"description\":\"D\u00e9couvrez notre s\u00e9lection de campings \u00e0 d\u00e9couvrir en Dordogne, pour des vacances en famille ou entre amis agr\u00e9ables, sous le signe du confort.\",\"breadcrumb\":{\"@id\":\"https:\/\/www.campings.com\/fr\/content\/guide-vacances-dordogne\/campings-en-dordogne\/#breadcrumb\"},\"inLanguage\":\"fr-FR\",\"potentialAction\":[{\"@type\":\"ReadAction\",\"target\":[\"https:\/\/www.campings.com\/fr\/content\/guide-vacances-dordogne\/campings-en-dordogne\/\"]}]},{\"@type\":\"ImageObject\",\"inLanguage\":\"fr-FR\",\"@id\":\"https:\/\/www.campings.com\/fr\/content\/guide-vacances-dordogne\/campings-en-dordogne\/#primaryimage\",\"url\":\"https:\/\/www.campings.com\/fr\/content\/wp-content\/uploads\/2021\/06\/Les-tourterelles.jpg\",\"contentUrl\":\"https:\/\/www.campings.com\/fr\/content\/wp-content\/uploads\/2021\/06\/Les-tourterelles.jpg\",\"width\":960,\"height\":720},{\"@type\":\"BreadcrumbList\",\"@id\":\"https:\/\/www.campings.com\/fr\/content\/guide-vacances-dordogne\/campings-en-dordogne\/#breadcrumb\",\"itemListElement\":[{\"@type\":\"ListItem\",\"position\":1,\"name\":\"Home\",\"item\":\"https:\/\/www.campings.com\/fr\/content\/\"},{\"@type\":\"ListItem\",\"position\":2,\"name\":\"Le guide pour vos vacances en Dordogne\",\"item\":\"https:\/\/www.campings.com\/fr\/content\/guide-vacances-dordogne\/\"},{\"@type\":\"ListItem\",\"position\":3,\"name\":\"S\u00e9lection de campings en Dordogne\"}]},{\"@type\":\"WebSite\",\"@id\":\"https:\/\/www.campings.com\/fr\/content\/#website\",\"url\":\"https:\/\/www.campings.com\/fr\/content\/\",\"name\":\"\",\"description\":\"\",\"publisher\":{\"@id\":\"https:\/\/www.campings.com\/fr\/content\/#organization\"},\"potentialAction\":[{\"@type\":\"SearchAction\",\"target\":{\"@type\":\"EntryPoint\",\"urlTemplate\":\"https:\/\/www.campings.com\/fr\/content\/?s={search_term_string}\"},\"query-input\":{\"@type\":\"PropertyValueSpecification\",\"valueRequired\":true,\"valueName\":\"search_term_string\"}}],\"inLanguage\":\"fr-FR\"},{\"@type\":\"Organization\",\"@id\":\"https:\/\/www.campings.com\/fr\/content\/#organization\",\"name\":\"CAMPINGS.COM\",\"url\":\"https:\/\/www.campings.com\/fr\/content\/\",\"logo\":{\"@type\":\"ImageObject\",\"inLanguage\":\"fr-FR\",\"@id\":\"https:\/\/www.campings.com\/fr\/content\/#\/schema\/logo\/image\/\",\"url\":\"https:\/\/www.campings.com\/fr\/content\/wp-content\/uploads\/2019\/01\/cropped-logo-1.png\",\"contentUrl\":\"https:\/\/www.campings.com\/fr\/content\/wp-content\/uploads\/2019\/01\/cropped-logo-1.png\",\"width\":174,\"height\":42,\"caption\":\"CAMPINGS.COM\"},\"image\":{\"@id\":\"https:\/\/www.campings.com\/fr\/content\/#\/schema\/logo\/image\/\"}}]}<\/script>\n<!-- \/ Yoast SEO plugin. -->","yoast_head_json":{"title":"S\u00e9lection de campings en Dordogne -","description":"D\u00e9couvrez notre s\u00e9lection de campings \u00e0 d\u00e9couvrir en Dordogne, pour des vacances en famille ou entre amis agr\u00e9ables, sous le signe du confort.","robots":{"index":"index","follow":"follow","max-snippet":"max-snippet:-1","max-image-preview":"max-image-preview:large","max-video-preview":"max-video-preview:-1"},"canonical":"https:\/\/www.campings.com\/fr\/content\/guide-vacances-dordogne\/campings-en-dordogne\/","og_locale":"fr_FR","og_type":"article","og_title":"S\u00e9lection de campings en Dordogne -","og_description":"D\u00e9couvrez notre s\u00e9lection de campings \u00e0 d\u00e9couvrir en Dordogne, pour des vacances en famille ou entre amis agr\u00e9ables, sous le signe du confort.","og_url":"https:\/\/www.campings.com\/fr\/content\/guide-vacances-dordogne\/campings-en-dordogne\/","article_modified_time":"2021-06-28T09:03:51+00:00","og_image":[{"width":960,"height":720,"url":"https:\/\/www.campings.com\/fr\/content\/wp-content\/uploads\/2021\/06\/Les-tourterelles.jpg","type":"image\/jpeg"}],"twitter_card":"summary_large_image","twitter_misc":{"Dur\u00e9e de lecture estim\u00e9e":"6 minutes"},"schema":{"@context":"https:\/\/schema.org","@graph":[{"@type":"WebPage","@id":"https:\/\/www.campings.com\/fr\/content\/guide-vacances-dordogne\/campings-en-dordogne\/","url":"https:\/\/www.campings.com\/fr\/content\/guide-vacances-dordogne\/campings-en-dordogne\/","name":"S\u00e9lection de campings en Dordogne -","isPartOf":{"@id":"https:\/\/www.campings.com\/fr\/content\/#website"},"primaryImageOfPage":{"@id":"https:\/\/www.campings.com\/fr\/content\/guide-vacances-dordogne\/campings-en-dordogne\/#primaryimage"},"image":{"@id":"https:\/\/www.campings.com\/fr\/content\/guide-vacances-dordogne\/campings-en-dordogne\/#primaryimage"},"thumbnailUrl":"https:\/\/www.campings.com\/fr\/content\/wp-content\/uploads\/2021\/06\/Les-tourterelles.jpg","datePublished":"2021-06-25T14:00:45+00:00","dateModified":"2021-06-28T09:03:51+00:00","description":"D\u00e9couvrez notre s\u00e9lection de campings \u00e0 d\u00e9couvrir en Dordogne, pour des vacances en famille ou entre amis agr\u00e9ables, sous le signe du confort.","breadcrumb":{"@id":"https:\/\/www.campings.com\/fr\/content\/guide-vacances-dordogne\/campings-en-dordogne\/#breadcrumb"},"inLanguage":"fr-FR","potentialAction":[{"@type":"ReadAction","target":["https:\/\/www.campings.com\/fr\/content\/guide-vacances-dordogne\/campings-en-dordogne\/"]}]},{"@type":"ImageObject","inLanguage":"fr-FR","@id":"https:\/\/www.campings.com\/fr\/content\/guide-vacances-dordogne\/campings-en-dordogne\/#primaryimage","url":"https:\/\/www.campings.com\/fr\/content\/wp-content\/uploads\/2021\/06\/Les-tourterelles.jpg","contentUrl":"https:\/\/www.campings.com\/fr\/content\/wp-content\/uploads\/2021\/06\/Les-tourterelles.jpg","width":960,"height":720},{"@type":"BreadcrumbList","@id":"https:\/\/www.campings.com\/fr\/content\/guide-vacances-dordogne\/campings-en-dordogne\/#breadcrumb","itemListElement":[{"@type":"ListItem","position":1,"name":"Home","item":"https:\/\/www.campings.com\/fr\/content\/"},{"@type":"ListItem","position":2,"name":"Le guide pour vos vacances en Dordogne","item":"https:\/\/www.campings.com\/fr\/content\/guide-vacances-dordogne\/"},{"@type":"ListItem","position":3,"name":"S\u00e9lection de campings en Dordogne"}]},{"@type":"WebSite","@id":"https:\/\/www.campings.com\/fr\/content\/#website","url":"https:\/\/www.campings.com\/fr\/content\/","name":"","description":"","publisher":{"@id":"https:\/\/www.campings.com\/fr\/content\/#organization"},"potentialAction":[{"@type":"SearchAction","target":{"@type":"EntryPoint","urlTemplate":"https:\/\/www.campings.com\/fr\/content\/?s={search_term_string}"},"query-input":{"@type":"PropertyValueSpecification","valueRequired":true,"valueName":"search_term_string"}}],"inLanguage":"fr-FR"},{"@type":"Organization","@id":"https:\/\/www.campings.com\/fr\/content\/#organization","name":"CAMPINGS.COM","url":"https:\/\/www.campings.com\/fr\/content\/","logo":{"@type":"ImageObject","inLanguage":"fr-FR","@id":"https:\/\/www.campings.com\/fr\/content\/#\/schema\/logo\/image\/","url":"https:\/\/www.campings.com\/fr\/content\/wp-content\/uploads\/2019\/01\/cropped-logo-1.png","contentUrl":"https:\/\/www.campings.com\/fr\/content\/wp-content\/uploads\/2019\/01\/cropped-logo-1.png","width":174,"height":42,"caption":"CAMPINGS.COM"},"image":{"@id":"https:\/\/www.campings.com\/fr\/content\/#\/schema\/logo\/image\/"}}]}},"_links":{"self":[{"href":"https:\/\/www.campings.com\/fr\/content\/wp-json\/wp\/v2\/pages\/2864","targetHints":{"allow":["GET"]}}],"collection":[{"href":"https:\/\/www.campings.com\/fr\/content\/wp-json\/wp\/v2\/pages"}],"about":[{"href":"https:\/\/www.campings.com\/fr\/content\/wp-json\/wp\/v2\/types\/page"}],"author":[{"embeddable":true,"href":"https:\/\/www.campings.com\/fr\/content\/wp-json\/wp\/v2\/users\/18"}],"replies":[{"embeddable":true,"href":"https:\/\/www.campings.com\/fr\/content\/wp-json\/wp\/v2\/comments?post=2864"}],"version-history":[{"count":3,"href":"https:\/\/www.campings.com\/fr\/content\/wp-json\/wp\/v2\/pages\/2864\/revisions"}],"predecessor-version":[{"id":2875,"href":"https:\/\/www.campings.com\/fr\/content\/wp-json\/wp\/v2\/pages\/2864\/revisions\/2875"}],"up":[{"embeddable":true,"href":"https:\/\/www.campings.com\/fr\/content\/wp-json\/wp\/v2\/pages\/2807"}],"wp:attachment":[{"href":"https:\/\/www.campings.com\/fr\/content\/wp-json\/wp\/v2\/media?parent=2864"}],"curies":[{"name":"wp","href":"https:\/\/api.w.org\/{rel}","templated":true}]}}