{"id":2861,"date":"2021-06-25T09:42:12","date_gmt":"2021-06-25T09:42:12","guid":{"rendered":"https:\/\/www.campings.com\/fr\/content\/?page_id=2861"},"modified":"2021-06-25T09:42:12","modified_gmt":"2021-06-25T09:42:12","slug":"visiter-sarlat","status":"publish","type":"page","link":"https:\/\/www.campings.com\/fr\/content\/guide-vacances-dordogne\/visiter-sarlat\/","title":{"rendered":"Visiter Sarlat : activit\u00e9s, lieux et restaurants"},"content":{"rendered":"<p>Sarlat, souvent appel\u00e9e Sarlat-la-Can\u00e9da, son ancien nom est la capitale du P\u00e9rigord noir. Cette ville m\u00e9di\u00e9vale, riche d\u2019un patrimoine historique et architectural unique compte 9 000 habitants r\u00e9partis sur 47 km\u00b2.<\/p>\n<p>R\u00e9put\u00e9e pour ses petites ruelles pav\u00e9es et ses toits de lauze, Sarlat abrite pr\u00e8s de 75 monuments historiques ! Cette cit\u00e9 m\u00e9di\u00e9vale du sud-ouest pleine de charme est une destination id\u00e9ale pour un s\u00e9jour d\u00e9tente et d\u00e9couverte ! Voici les \u00e9tapes incontournables \u00e0 faire dans cette ville de <a href=\"https:\/\/www.campings.com\/fr\/content\/guide-vacances-dordogne\/\"><u>Dordogne<\/u><\/a>.<\/p>\n<h2><strong>Lieux \u00e0 visiter \u00e0 Sarlat la Can\u00e9da\u00a0<\/strong><\/h2>\n<p>De nombreuses visites guid\u00e9es sont propos\u00e9es \u00e0 Sarlat pour d\u00e9couvrir son riche pass\u00e9\u2026 Il est possible de partir \u00e0 la d\u00e9couverte de cette jolie cit\u00e9 en fl\u00e2nant dans ses rues.<\/p>\n<p><img loading=\"lazy\" decoding=\"async\" class=\"alignnone size-full wp-image-2851\" src=\"https:\/\/www.campings.com\/fr\/content\/wp-content\/uploads\/2021\/06\/sarlat-Copyright-BROCHARD-CRTNA-Statue_de_Jacquou_le_Croquant_sur_la_place_de_la_Halle_-_Sarlat_-_Dordogne_24.-7269-800px-1.jpg\" alt=\"\" width=\"800\" height=\"501\" \/><\/p>\n<h3>L\u2019\u00e9glise Sainte-Marie<\/h3>\n<p>Class\u00e9e monument historique en 1905, l\u2019\u00e9glise Sainte-Marie (datant du 16\u00e8me si\u00e8cle) a \u00e9t\u00e9 r\u00e9habilit\u00e9e en 2001 par l\u2019architecte Jean Nouvel. Un ascenseur est install\u00e9 dans le clocher afin de faciliter l\u2019acc\u00e8s au sommet.<\/p>\n<h3>La Cath\u00e9drale Saint-Sacerdos<\/h3>\n<p>La Cath\u00e9drale Saint-Sacerdos se caract\u00e9rise par une architecture gothique d\u2019inspiration nordique.<\/p>\n<h3>La Maison la Bo\u00e9tie<\/h3>\n<p>Construite par Antoine de La Bo\u00e9tie au 16\u00e8me sic\u00e8le, la Maison la Bo\u00e9tie est situ\u00e9e sur la place Andr\u00e9-Marlaux. Elle a \u00e9t\u00e9 restaur\u00e9e en 1910.<\/p>\n<h3>Le Manoir de Gisson<\/h3>\n<p>Le Manoir de Gisson est situ\u00e9 au c\u0153ur de la cit\u00e9 m\u00e9di\u00e9vale de Sarlat. Ce monument historique ouvre ses portes tous les jours entre 10h et 14h30.<\/p>\n<h3>Le march\u00e9<\/h3>\n<p>Rendez-vous au march\u00e9 traditionnel de Sarlat qui propose tout au long de l\u2019ann\u00e9e des produits locaux et de saison. Foie gras, truffe, c\u00e8pes, vins de Bergerac&#8230; Autant de produits qui feront le grand bonheur des gourmands. Ce march\u00e9 de plein air est ouvert tous les mercredis matins et les samedis.<\/p>\n<h2><strong>Les activit\u00e9s \u00e0 faire \u00e0 Bergerac, les visites autour de Sarlat en Dordogne<\/strong><\/h2>\n<p>Situ\u00e9e \u00e0 1h10mn de voiture de Sarlat, la ville de Bergerac offre un large choix d\u2019activit\u00e9s \u00e0 faire :<\/p>\n<ul>\n<li><strong>La visite de la r\u00e9serve zoologique de Calviac<\/strong><\/li>\n<\/ul>\n<p>Cette institution zoologique \u00e0 but non lucratif qui a ouvert ses portes en 2008 h\u00e9berge une trentaine d\u2019esp\u00e8ces animales.<\/p>\n<ul>\n<li>\u00a0<strong>D\u00e9couvrir la for\u00eat des \u00c9cureuils<\/strong><\/li>\n<\/ul>\n<p>Ne manquez pas de visiter la for\u00eat des \u00c9cureuils ! Ce parc offre un \u00e9ventail d\u2019activit\u00e9s \u00e0 faire en famille : accrobranche, parcours de via ferrata, paintball\u2026 Sur place, des \u00e9quipements de protection sont \u00e0 votre disposition pour garantir votre s\u00e9curit\u00e9.<\/p>\n<ul>\n<li>\u00a0<strong>Faire du cano\u00eb ou des randonn\u00e9es<\/strong><\/li>\n<\/ul>\n<p>Le cano\u00eb est l\u2019une des activit\u00e9s phares \u00e0 Bergerac avec des parcours s\u2019\u00e9tendant entre 7 et 36 km. Pour les randonn\u00e9es, pr\u00e8s de 20 circuits sont disponibles.<\/p>\n<h2><strong>S\u00e9lection de restaurants \u00e0 Sarlat la Can\u00e9da dans le Lot\u00a0<\/strong><\/h2>\n<p>Sarlat la Can\u00e9da compte de nombreux restaurants aux sp\u00e9cialit\u00e9s vari\u00e9es ou d\u00e9guster foie gras, c\u00e8pes et confits&#8230; Les plus connus de cette ville embl\u00e9matique de la\u00a0<a href=\"https:\/\/www.campings.com\/fr\/content\/guide-vacances-dordogne\/\"><u>Dordogne<\/u><\/a>\u00a0sont :<\/p>\n<ul>\n<li><strong>La cr\u00e8merie<\/strong><\/li>\n<\/ul>\n<p>Situ\u00e9 avenue Gambetta, ce restaurant se d\u00e9marque par une carte des fromages de qualit\u00e9. Ouvert du lundi au samedi, ce restaurant propose une cuisine fran\u00e7aise riche et vari\u00e9e. Le must ? L\u2019ardoise de fromages et de charcuteries autour de 10 \u20ac. R\u00e9servation au : 05 53 31 03 90.<\/p>\n<ul>\n<li><strong>Le Bouchon<\/strong><\/li>\n<\/ul>\n<p>Le Bouchon propose une cuisine traditionnelle de qualit\u00e9. Situ\u00e9 rue de la Paix, vous pourrez d\u00e9guster des tapas \u00e0 partir de 2 \u20ac et des planches de charcuterie.<\/p>\n<p>R\u00e9servation : 05 53 59 09 84.<\/p>\n<ul>\n<li><strong>Les tontons burgers<\/strong><\/li>\n<\/ul>\n<p>Situ\u00e9 rue Lakanal, \u00ab Les tontons burgers \u00bb est la meilleure adresse pour prendre un d\u00e9jeuner rapide et pas cher. Ouvert tous les jours \u00e0 midi et le soir, ce restaurant propose une carte \u00e0 15 \u20ac en moyenne par personne.<\/p>\n<p>R\u00e9servation : +33 (6) 26 24 45 23.<\/p>\n<ul>\n<li><strong>L\u2019Adresse<\/strong><\/li>\n<\/ul>\n<p>Situ\u00e9e rue F\u00e9nelon, \u00ab l\u2019Adresse \u00bb est r\u00e9put\u00e9e pour ses sp\u00e9cialit\u00e9s gastronomiques concoct\u00e9es avec des produits frais de la Dordogne. L\u2019\u00e9tablissement propose un menu unique \u00e0 26 \u20ac et 13 \u20ac pour les moins de 10 ans.<\/p>\n<p>R\u00e9servation : 05 53 30 56 19<\/p>\n<ul>\n<li><strong>La Romane<\/strong><\/li>\n<\/ul>\n<p>Situ\u00e9 3, C\u00f4te de Toulouse, \u00ab la Romane \u00bb propose des pizzas au feu de bois, des p\u00e2tes faites maison, des lasagnes, et des plats \u00e0 emporter. Les pizzas sont \u00e0 partir de 8,5 \u20ac.<\/p>\n<p>R\u00e9servation : 05 53 59 23 88<\/p>\n<p><img loading=\"lazy\" decoding=\"async\" class=\"alignnone size-full wp-image-2862\" src=\"https:\/\/www.campings.com\/fr\/content\/wp-content\/uploads\/2021\/06\/sarlat.jpg\" alt=\"\" width=\"1000\" height=\"665\" \/><\/p>\n<h2><strong>S\u00e9lection de campings pour visiter Sarlat (24) pendant vos vacances<\/strong><\/h2>\n<p>Gastronomie, nature, patrimoine historique\u2026 Sarlat-la-Can\u00e9da est une destination parfaite pour d\u00e9couvrir les tr\u00e9sors de la\u00a0<a href=\"https:\/\/www.campings.com\/fr\/content\/guide-vacances-dordogne\/\"><u>Dordogne<\/u><\/a>. Voici une s\u00e9lection de campings \u00e0 Sarlat proches des principaux lieux d\u2019int\u00e9r\u00eat.<\/p>\n<h3><strong>Camping Le Rocher de la Cave, pour un circuit visite pr\u00e8s de Sarlat tout confort\u00a0<\/strong><\/h3>\n<p>Le camping Le Rocher de la Cave propose de nombreux services et \u00e9quipements de qualit\u00e9. Il jouit d\u2019un emplacement parfait pour visiter la r\u00e9gion.<\/p>\n<p><a href=\"https:\/\/www.campings.com\/fr\/camping\/camping-le-rocher-de-la-cave-77052\">Plus d\u2019infos sur le camping Le Rocher de la Cave<\/a><u>.<\/u><\/p>\n<h3><strong>Camping Le Ceou\u00a0<\/strong><\/h3>\n<p>Le camping Le Ceou est une adresse qui convient parfaitement pour un s\u00e9jour en famille ou entre amis. En plus des activit\u00e9s disponibles, ce camping se distingue par la qualit\u00e9 des services propos\u00e9s.<\/p>\n<p><a href=\"https:\/\/www.campings.com\/fr\/camping\/camping-le-ceou-78215\">Plus d\u2019infos sur le camping Le Ceou<\/a><u>.<\/u><\/p>\n<h3><strong>Camping Le Carbonnier<\/strong><\/h3>\n<p>Le camping Le Carbonnier propose un grand choix de loisirs pour petits et grands. Il offre des services de qualit\u00e9 afin d\u2019assurer votre confort et bien-\u00eatre pendant votre s\u00e9jour.<\/p>\n<p><a href=\"https:\/\/www.campings.com\/fr\/camping\/camping-le-carbonnier-78339\">Plus d\u2019informations sur le camping Le Carbonnier<\/a><\/p>\n","protected":false},"excerpt":{"rendered":"<p>Sarlat, souvent appel\u00e9e Sarlat-la-Can\u00e9da, son ancien nom est la capitale du P\u00e9rigord noir. Cette ville m\u00e9di\u00e9vale, riche d\u2019un patrimoine historique et architectural unique compte 9 000 habitants r\u00e9partis sur 47 km\u00b2. R\u00e9put\u00e9e pour ses petites ruelles pav\u00e9es et ses toits de lauze, Sarlat abrite pr\u00e8s de 75 monuments historiques ! Cette cit\u00e9 m\u00e9di\u00e9vale du sud-ouest [&hellip;]<\/p>\n","protected":false},"author":18,"featured_media":0,"parent":2807,"menu_order":0,"comment_status":"closed","ping_status":"closed","template":"template-twocolumns.php","meta":{"_acf_changed":false,"footnotes":""},"class_list":["post-2861","page","type-page","status-publish","hentry"],"acf":[],"yoast_head":"<!-- This site is optimized with the Yoast SEO plugin v27.1.1 - https:\/\/yoast.com\/product\/yoast-seo-wordpress\/ -->\n<title>Visiter Sarlat : activit\u00e9s, lieux et restaurants -<\/title>\n<meta name=\"description\" content=\"Partez \u00e0 la d\u00e9couverte de Sarlat en Dordogne, ville du sud-ouest de la France r\u00e9put\u00e9e pour ses produits locaux comme le foie gras, les figues\u2026\" \/>\n<meta name=\"robots\" content=\"index, follow, max-snippet:-1, max-image-preview:large, max-video-preview:-1\" \/>\n<link rel=\"canonical\" href=\"https:\/\/www.campings.com\/fr\/content\/guide-vacances-dordogne\/visiter-sarlat\/\" \/>\n<meta property=\"og:locale\" content=\"fr_FR\" \/>\n<meta property=\"og:type\" content=\"article\" \/>\n<meta property=\"og:title\" content=\"Visiter Sarlat : activit\u00e9s, lieux et restaurants -\" \/>\n<meta property=\"og:description\" content=\"Partez \u00e0 la d\u00e9couverte de Sarlat en Dordogne, ville du sud-ouest de la France r\u00e9put\u00e9e pour ses produits locaux comme le foie gras, les figues\u2026\" \/>\n<meta property=\"og:url\" content=\"https:\/\/www.campings.com\/fr\/content\/guide-vacances-dordogne\/visiter-sarlat\/\" \/>\n<meta property=\"og:image\" content=\"https:\/\/www.campings.com\/fr\/content\/wp-content\/uploads\/2021\/06\/sarlat-Copyright-BROCHARD-CRTNA-Statue_de_Jacquou_le_Croquant_sur_la_place_de_la_Halle_-_Sarlat_-_Dordogne_24.-7269-800px-1.jpg\" \/>\n\t<meta property=\"og:image:width\" content=\"800\" \/>\n\t<meta property=\"og:image:height\" content=\"501\" \/>\n\t<meta property=\"og:image:type\" content=\"image\/jpeg\" \/>\n<meta name=\"twitter:card\" content=\"summary_large_image\" \/>\n<meta name=\"twitter:label1\" content=\"Dur\u00e9e de lecture estim\u00e9e\" \/>\n\t<meta name=\"twitter:data1\" content=\"4 minutes\" \/>\n<script type=\"application\/ld+json\" class=\"yoast-schema-graph\">{\"@context\":\"https:\/\/schema.org\",\"@graph\":[{\"@type\":\"WebPage\",\"@id\":\"https:\/\/www.campings.com\/fr\/content\/guide-vacances-dordogne\/visiter-sarlat\/\",\"url\":\"https:\/\/www.campings.com\/fr\/content\/guide-vacances-dordogne\/visiter-sarlat\/\",\"name\":\"Visiter Sarlat : activit\u00e9s, lieux et restaurants -\",\"isPartOf\":{\"@id\":\"https:\/\/www.campings.com\/fr\/content\/#website\"},\"primaryImageOfPage\":{\"@id\":\"https:\/\/www.campings.com\/fr\/content\/guide-vacances-dordogne\/visiter-sarlat\/#primaryimage\"},\"image\":{\"@id\":\"https:\/\/www.campings.com\/fr\/content\/guide-vacances-dordogne\/visiter-sarlat\/#primaryimage\"},\"thumbnailUrl\":\"https:\/\/www.campings.com\/fr\/content\/wp-content\/uploads\/2021\/06\/sarlat-Copyright-BROCHARD-CRTNA-Statue_de_Jacquou_le_Croquant_sur_la_place_de_la_Halle_-_Sarlat_-_Dordogne_24.-7269-800px-1.jpg\",\"datePublished\":\"2021-06-25T09:42:12+00:00\",\"description\":\"Partez \u00e0 la d\u00e9couverte de Sarlat en Dordogne, ville du sud-ouest de la France r\u00e9put\u00e9e pour ses produits locaux comme le foie gras, les figues\u2026\",\"breadcrumb\":{\"@id\":\"https:\/\/www.campings.com\/fr\/content\/guide-vacances-dordogne\/visiter-sarlat\/#breadcrumb\"},\"inLanguage\":\"fr-FR\",\"potentialAction\":[{\"@type\":\"ReadAction\",\"target\":[\"https:\/\/www.campings.com\/fr\/content\/guide-vacances-dordogne\/visiter-sarlat\/\"]}]},{\"@type\":\"ImageObject\",\"inLanguage\":\"fr-FR\",\"@id\":\"https:\/\/www.campings.com\/fr\/content\/guide-vacances-dordogne\/visiter-sarlat\/#primaryimage\",\"url\":\"https:\/\/www.campings.com\/fr\/content\/wp-content\/uploads\/2021\/06\/sarlat-Copyright-BROCHARD-CRTNA-Statue_de_Jacquou_le_Croquant_sur_la_place_de_la_Halle_-_Sarlat_-_Dordogne_24.-7269-800px-1.jpg\",\"contentUrl\":\"https:\/\/www.campings.com\/fr\/content\/wp-content\/uploads\/2021\/06\/sarlat-Copyright-BROCHARD-CRTNA-Statue_de_Jacquou_le_Croquant_sur_la_place_de_la_Halle_-_Sarlat_-_Dordogne_24.-7269-800px-1.jpg\",\"width\":800,\"height\":501},{\"@type\":\"BreadcrumbList\",\"@id\":\"https:\/\/www.campings.com\/fr\/content\/guide-vacances-dordogne\/visiter-sarlat\/#breadcrumb\",\"itemListElement\":[{\"@type\":\"ListItem\",\"position\":1,\"name\":\"Home\",\"item\":\"https:\/\/www.campings.com\/fr\/content\/\"},{\"@type\":\"ListItem\",\"position\":2,\"name\":\"Le guide pour vos vacances en Dordogne\",\"item\":\"https:\/\/www.campings.com\/fr\/content\/guide-vacances-dordogne\/\"},{\"@type\":\"ListItem\",\"position\":3,\"name\":\"Visiter Sarlat : activit\u00e9s, lieux et restaurants\"}]},{\"@type\":\"WebSite\",\"@id\":\"https:\/\/www.campings.com\/fr\/content\/#website\",\"url\":\"https:\/\/www.campings.com\/fr\/content\/\",\"name\":\"\",\"description\":\"\",\"publisher\":{\"@id\":\"https:\/\/www.campings.com\/fr\/content\/#organization\"},\"potentialAction\":[{\"@type\":\"SearchAction\",\"target\":{\"@type\":\"EntryPoint\",\"urlTemplate\":\"https:\/\/www.campings.com\/fr\/content\/?s={search_term_string}\"},\"query-input\":{\"@type\":\"PropertyValueSpecification\",\"valueRequired\":true,\"valueName\":\"search_term_string\"}}],\"inLanguage\":\"fr-FR\"},{\"@type\":\"Organization\",\"@id\":\"https:\/\/www.campings.com\/fr\/content\/#organization\",\"name\":\"CAMPINGS.COM\",\"url\":\"https:\/\/www.campings.com\/fr\/content\/\",\"logo\":{\"@type\":\"ImageObject\",\"inLanguage\":\"fr-FR\",\"@id\":\"https:\/\/www.campings.com\/fr\/content\/#\/schema\/logo\/image\/\",\"url\":\"https:\/\/www.campings.com\/fr\/content\/wp-content\/uploads\/2019\/01\/cropped-logo-1.png\",\"contentUrl\":\"https:\/\/www.campings.com\/fr\/content\/wp-content\/uploads\/2019\/01\/cropped-logo-1.png\",\"width\":174,\"height\":42,\"caption\":\"CAMPINGS.COM\"},\"image\":{\"@id\":\"https:\/\/www.campings.com\/fr\/content\/#\/schema\/logo\/image\/\"}}]}<\/script>\n<!-- \/ Yoast SEO plugin. -->","yoast_head_json":{"title":"Visiter Sarlat : activit\u00e9s, lieux et restaurants -","description":"Partez \u00e0 la d\u00e9couverte de Sarlat en Dordogne, ville du sud-ouest de la France r\u00e9put\u00e9e pour ses produits locaux comme le foie gras, les figues\u2026","robots":{"index":"index","follow":"follow","max-snippet":"max-snippet:-1","max-image-preview":"max-image-preview:large","max-video-preview":"max-video-preview:-1"},"canonical":"https:\/\/www.campings.com\/fr\/content\/guide-vacances-dordogne\/visiter-sarlat\/","og_locale":"fr_FR","og_type":"article","og_title":"Visiter Sarlat : activit\u00e9s, lieux et restaurants -","og_description":"Partez \u00e0 la d\u00e9couverte de Sarlat en Dordogne, ville du sud-ouest de la France r\u00e9put\u00e9e pour ses produits locaux comme le foie gras, les figues\u2026","og_url":"https:\/\/www.campings.com\/fr\/content\/guide-vacances-dordogne\/visiter-sarlat\/","og_image":[{"width":800,"height":501,"url":"https:\/\/www.campings.com\/fr\/content\/wp-content\/uploads\/2021\/06\/sarlat-Copyright-BROCHARD-CRTNA-Statue_de_Jacquou_le_Croquant_sur_la_place_de_la_Halle_-_Sarlat_-_Dordogne_24.-7269-800px-1.jpg","type":"image\/jpeg"}],"twitter_card":"summary_large_image","twitter_misc":{"Dur\u00e9e de lecture estim\u00e9e":"4 minutes"},"schema":{"@context":"https:\/\/schema.org","@graph":[{"@type":"WebPage","@id":"https:\/\/www.campings.com\/fr\/content\/guide-vacances-dordogne\/visiter-sarlat\/","url":"https:\/\/www.campings.com\/fr\/content\/guide-vacances-dordogne\/visiter-sarlat\/","name":"Visiter Sarlat : activit\u00e9s, lieux et restaurants -","isPartOf":{"@id":"https:\/\/www.campings.com\/fr\/content\/#website"},"primaryImageOfPage":{"@id":"https:\/\/www.campings.com\/fr\/content\/guide-vacances-dordogne\/visiter-sarlat\/#primaryimage"},"image":{"@id":"https:\/\/www.campings.com\/fr\/content\/guide-vacances-dordogne\/visiter-sarlat\/#primaryimage"},"thumbnailUrl":"https:\/\/www.campings.com\/fr\/content\/wp-content\/uploads\/2021\/06\/sarlat-Copyright-BROCHARD-CRTNA-Statue_de_Jacquou_le_Croquant_sur_la_place_de_la_Halle_-_Sarlat_-_Dordogne_24.-7269-800px-1.jpg","datePublished":"2021-06-25T09:42:12+00:00","description":"Partez \u00e0 la d\u00e9couverte de Sarlat en Dordogne, ville du sud-ouest de la France r\u00e9put\u00e9e pour ses produits locaux comme le foie gras, les figues\u2026","breadcrumb":{"@id":"https:\/\/www.campings.com\/fr\/content\/guide-vacances-dordogne\/visiter-sarlat\/#breadcrumb"},"inLanguage":"fr-FR","potentialAction":[{"@type":"ReadAction","target":["https:\/\/www.campings.com\/fr\/content\/guide-vacances-dordogne\/visiter-sarlat\/"]}]},{"@type":"ImageObject","inLanguage":"fr-FR","@id":"https:\/\/www.campings.com\/fr\/content\/guide-vacances-dordogne\/visiter-sarlat\/#primaryimage","url":"https:\/\/www.campings.com\/fr\/content\/wp-content\/uploads\/2021\/06\/sarlat-Copyright-BROCHARD-CRTNA-Statue_de_Jacquou_le_Croquant_sur_la_place_de_la_Halle_-_Sarlat_-_Dordogne_24.-7269-800px-1.jpg","contentUrl":"https:\/\/www.campings.com\/fr\/content\/wp-content\/uploads\/2021\/06\/sarlat-Copyright-BROCHARD-CRTNA-Statue_de_Jacquou_le_Croquant_sur_la_place_de_la_Halle_-_Sarlat_-_Dordogne_24.-7269-800px-1.jpg","width":800,"height":501},{"@type":"BreadcrumbList","@id":"https:\/\/www.campings.com\/fr\/content\/guide-vacances-dordogne\/visiter-sarlat\/#breadcrumb","itemListElement":[{"@type":"ListItem","position":1,"name":"Home","item":"https:\/\/www.campings.com\/fr\/content\/"},{"@type":"ListItem","position":2,"name":"Le guide pour vos vacances en Dordogne","item":"https:\/\/www.campings.com\/fr\/content\/guide-vacances-dordogne\/"},{"@type":"ListItem","position":3,"name":"Visiter Sarlat : activit\u00e9s, lieux et restaurants"}]},{"@type":"WebSite","@id":"https:\/\/www.campings.com\/fr\/content\/#website","url":"https:\/\/www.campings.com\/fr\/content\/","name":"","description":"","publisher":{"@id":"https:\/\/www.campings.com\/fr\/content\/#organization"},"potentialAction":[{"@type":"SearchAction","target":{"@type":"EntryPoint","urlTemplate":"https:\/\/www.campings.com\/fr\/content\/?s={search_term_string}"},"query-input":{"@type":"PropertyValueSpecification","valueRequired":true,"valueName":"search_term_string"}}],"inLanguage":"fr-FR"},{"@type":"Organization","@id":"https:\/\/www.campings.com\/fr\/content\/#organization","name":"CAMPINGS.COM","url":"https:\/\/www.campings.com\/fr\/content\/","logo":{"@type":"ImageObject","inLanguage":"fr-FR","@id":"https:\/\/www.campings.com\/fr\/content\/#\/schema\/logo\/image\/","url":"https:\/\/www.campings.com\/fr\/content\/wp-content\/uploads\/2019\/01\/cropped-logo-1.png","contentUrl":"https:\/\/www.campings.com\/fr\/content\/wp-content\/uploads\/2019\/01\/cropped-logo-1.png","width":174,"height":42,"caption":"CAMPINGS.COM"},"image":{"@id":"https:\/\/www.campings.com\/fr\/content\/#\/schema\/logo\/image\/"}}]}},"_links":{"self":[{"href":"https:\/\/www.campings.com\/fr\/content\/wp-json\/wp\/v2\/pages\/2861","targetHints":{"allow":["GET"]}}],"collection":[{"href":"https:\/\/www.campings.com\/fr\/content\/wp-json\/wp\/v2\/pages"}],"about":[{"href":"https:\/\/www.campings.com\/fr\/content\/wp-json\/wp\/v2\/types\/page"}],"author":[{"embeddable":true,"href":"https:\/\/www.campings.com\/fr\/content\/wp-json\/wp\/v2\/users\/18"}],"replies":[{"embeddable":true,"href":"https:\/\/www.campings.com\/fr\/content\/wp-json\/wp\/v2\/comments?post=2861"}],"version-history":[{"count":1,"href":"https:\/\/www.campings.com\/fr\/content\/wp-json\/wp\/v2\/pages\/2861\/revisions"}],"predecessor-version":[{"id":2863,"href":"https:\/\/www.campings.com\/fr\/content\/wp-json\/wp\/v2\/pages\/2861\/revisions\/2863"}],"up":[{"embeddable":true,"href":"https:\/\/www.campings.com\/fr\/content\/wp-json\/wp\/v2\/pages\/2807"}],"wp:attachment":[{"href":"https:\/\/www.campings.com\/fr\/content\/wp-json\/wp\/v2\/media?parent=2861"}],"curies":[{"name":"wp","href":"https:\/\/api.w.org\/{rel}","templated":true}]}}