{"id":2849,"date":"2021-06-24T17:17:53","date_gmt":"2021-06-24T17:17:53","guid":{"rendered":"https:\/\/www.campings.com\/fr\/content\/?page_id=2849"},"modified":"2021-06-24T17:38:45","modified_gmt":"2021-06-24T17:38:45","slug":"activites-lieux-bergerac","status":"publish","type":"page","link":"https:\/\/www.campings.com\/fr\/content\/guide-vacances-dordogne\/activites-lieux-bergerac\/","title":{"rendered":"Les activit\u00e9s \u00e0 faire et lieux \u00e0 visiter \u00e0 Bergerac"},"content":{"rendered":"<p>Dans le P\u00e9rigord Pourpre, la ville de Bergerac en Dordogne attire de nombreux vacanciers chaque ann\u00e9e. Avec son vignoble, son patrimoine architectural et culturel, sa gastronomie, la cit\u00e9 a tout pour plaire ! Partez \u00e0 la d\u00e9couverte de cette ville incontournable !<\/p>\n<p><strong>\u00ab\u00a0<\/strong>Ville d&rsquo;art et d&rsquo;histoire\u00a0<strong>\u00bb<\/strong>, Bergerac est une ville pleine de charme situ\u00e9e \u00e0 l\u2019Ouest de Bordeaux. Bord\u00e9e par la Dordogne, la cit\u00e9 de Cyrano abrite des merveilles architecturales \u00e0 ne pas manquer en\u00a0<a href=\"https:\/\/www.campings.com\/fr\/content\/guide-vacances-dordogne\/\">Dordogne<\/a>\u00a0! La vieille ville m\u00e9di\u00e9vale, le clo\u00eetre des R\u00e9collets, ses maisons \u00e0 colombages\u2026 D\u00e9couvrez une s\u00e9lection de lieux \u00e0 visiter !<\/p>\n<h2><strong>Que voir \u00e0 Bergerac? Les lieux \u00e0 visiter\u00a0<\/strong><\/h2>\n<p>Situ\u00e9e sur la rive nord de la Dordogne, Bergerac fourmille d&rsquo;endroits \u00e0 visiter ! Parmi les sites incontournables, d\u00e9couvrez l\u2019\u00e9glise Notre Dame et la fameuse statue de Cyrano Bergerac sur la place P\u00e9lissi\u00e8re. Si vous vous baladez dans la Rue Saint-James, vous croiserez l&rsquo;illustre \u00c9glise de Saint-Jacques. Cet \u00e9difice a \u00e9t\u00e9 fond\u00e9 au 12\u00e8me si\u00e8cle par les moines de l&rsquo;abbaye de Saint- Florent pr\u00e8s de Saumur. La Place de la Myrpe, un lieu agr\u00e9able et paisible pour faire une pause en toute tranquillit\u00e9. Et apr\u00e8s une promenade en gabarres, une visite dans les march\u00e9s traditionnels de la ville s\u2019impose !<\/p>\n<p><img loading=\"lazy\" decoding=\"async\" class=\"alignnone size-full wp-image-2859\" src=\"https:\/\/www.campings.com\/fr\/content\/wp-content\/uploads\/2021\/06\/bergerac-Copyright-B._DUPUY-CRTNA-Chateau_de_Monbazillac_-_Vignoble_de_Bergerac-7704-800px.jpg\" alt=\"\" width=\"800\" height=\"531\" \/><\/p>\n<h2><strong>Les mus\u00e9es \u00e0 visiter dans la r\u00e9gion de Bergerac\u00a0<\/strong><\/h2>\n<p>Si vous \u00eates amateur d\u2019histoire, ne manquez pas de d\u00e9couvrir celle du tabac en visitant la Maison Peyrar\u00e8de. Le mus\u00e9e du Tabac retrace 3000 ans d\u2019histoire du tabac \u00e0 travers tous les continents. Le mus\u00e9e du vin et de la batellerie vaut \u00e9galement le d\u00e9tour. Vous revivrez l&rsquo;histoire de Bergerac d\u00e8s votre entr\u00e9e dans le mus\u00e9e. Les diff\u00e9rentes \u00e9tapes de traitement des vignes sont racont\u00e9es et expliqu\u00e9es. Ne manquez pas le mus\u00e9e Costi o\u00f9 vous pourrez admirer de magnifiques sculptures toutes r\u00e9alis\u00e9es par l\u2019artiste grec.<\/p>\n<h2><strong>Que faire \u00e0 Bergerac? Les activit\u00e9s \u00e0 faire dans la ville de Bergerac<\/strong><\/h2>\n<p>Pendant votre s\u00e9jour \u00e0 Bergerac, vous n\u2019aurez pas le temps de vous ennuyer ! Entre restaurants, randonn\u00e9es nature, parcs aquatiques, visites touristiques, la cit\u00e9 regorge d\u2019activit\u00e9s !<\/p>\n<p><img loading=\"lazy\" decoding=\"async\" class=\"alignnone size-full wp-image-2850\" src=\"https:\/\/www.campings.com\/fr\/content\/wp-content\/uploads\/2021\/06\/bergerac.jpg\" alt=\"\" width=\"1000\" height=\"665\" \/><\/p>\n<h2><strong>S\u00e9lection de restaurants \u00e0 Bergerac France\u00a0<\/strong><\/h2>\n<p>Voici une s\u00e9lection de restaurants \u00e0 Bergerac en\u00a0<a href=\"https:\/\/www.campings.com\/fr\/content\/guide-vacances-dordogne\/\">Dordogne<\/a>\u00a0qui vont raviver vos papilles !<\/p>\n<h3><strong>Le Vin&rsquo;Quatre (24 100 Bergerac)\u00a0<\/strong><\/h3>\n<p>Situ\u00e9 dans la Rue Saint-Clar, le Vin&rsquo;Quatre propose des plats fran\u00e7ais ou britanniques autour de 28 euros. Des recettes vegans sont \u00e9galement au menu.<\/p>\n<p>R\u00e9servation : +33 (5)53 22 37 26<\/p>\n<h3><strong>La Blanche Hermine (d\u00e9partement Bergerac)\u00a0<\/strong><\/h3>\n<p>Faites une halte au Blanche Hermine, en plein c\u0153ur de la ville, o\u00f9 vous pourrez savourer de d\u00e9licieuses galettes bretonnes. La cr\u00eaperie propose des desserts et des glaces autour de 13 euros.<\/p>\n<p>R\u00e9servation (terrasse) : +33(5)53 57 63 42<\/p>\n<h3><strong>L&rsquo;Authentik<\/strong><\/h3>\n<p>Envie de go\u00fbter aux sp\u00e9cialit\u00e9s locales ? Rendez-vous en ville, \u00e0 l&rsquo;Authentik pour d\u00e9guster des menus frais et vari\u00e9s \u00e0 partir de 27 euros. Du gaspacho, du vin et de d\u00e9licieux cocktails sont propos\u00e9s.<\/p>\n<p>R\u00e9servation : +33(5) 53 27 02 53<\/p>\n<h3><strong>Sole Vino<\/strong><\/h3>\n<p>Envie de manger italien \u00e0 Bergerac ? Situ\u00e9 Rue Bourbarraud, le restaurant Sole Vino propose des pizzas et des salades tropicales entre 5 \u00e0 30 euros.<\/p>\n<p>R\u00e9servation : +33(6) 59 43 77 23<\/p>\n<h3><strong>La Cocotte des Halles, Bergerac 24\u00a0<\/strong><\/h3>\n<p>Place Louis de la Bardonnie, ce restaurant propose des plats typiques comme la poitrine de porc grill\u00e9, des velout\u00e9s de l\u00e9gumes. Tous les produits sont frais (achet\u00e9s sous la halle) et les prix varient entre 10 et 20 euros.<\/p>\n<p>R\u00e9servation : +33(5)53 24 10 00<\/p>\n<h2><strong>S\u00e9lection de campings tout confort pour visiter Bergerac et ses alentours\u00a0<\/strong><\/h2>\n<p>Pour vous impr\u00e9gner pleinement de la culture bergeracoise, optez pour un h\u00e9bergement en camping en\u00a0<a href=\"https:\/\/www.campings.com\/fr\/content\/guide-vacances-dordogne\/\">Dordogne<\/a>\u00a0! Voici notre s\u00e9lection de campings \u00e0 proximit\u00e9 de Bergerac.<\/p>\n<h3><strong>Les Chalets de Dordogne<\/strong><\/h3>\n<p>Situ\u00e9s au bord du lac Dordogne, ces chalets proposent plusieurs formules d\u2019h\u00e9bergements en fonction du nombre de personnes.<\/p>\n<p><a href=\"http:\/\/www.campings.com\/fr\/camping\/camping-les-chalets-de-dordogne-78150\">Plus d&rsquo;infos sur le Camping sur les Chalets de Dordogne.<\/a><\/p>\n<h3><strong>Camping Lestaubi\u00e8re<\/strong><\/h3>\n<p>Situ\u00e9 entre Bergerac et P\u00e9rigueux, le camping Lestaubi\u00e8re est un endroit paisible, parfait pour un s\u00e9jour en famille. Une plage am\u00e9nag\u00e9e au bord du lac, un bar en terrasse et des randonn\u00e9es, un vrai petit coin de paradis pour se ressourcer !<\/p>\n<p><a href=\"http:\/\/www.campings.com\/fr\/camping\/camping-lestaubiere-87138\">Plus d&rsquo;infos sur le Camping Lestaubi\u00e8re<\/a><u>.<\/u><\/p>\n<h3><strong>L&rsquo;\u00e9tang de Bazange<\/strong><\/h3>\n<p>Au c\u0153ur de la Nouvelle-Aquitaine, ce camping garantit un r\u00e9el d\u00e9paysement en Dordogne. Avec une piscine chauff\u00e9e, un barbecue \u00e0 louer et une sup\u00e9rette, vous trouverez tout ce dont vous aurez besoin sur place.<\/p>\n<p><a href=\"https:\/\/www.campings.com\/fr\/camping\/etang-de-bazange-camping-sites-et-paysages-79488\">Plus d&rsquo;infos sur le Camping Etang de Bazange.<\/a><\/p>\n","protected":false},"excerpt":{"rendered":"<p>Dans le P\u00e9rigord Pourpre, la ville de Bergerac en Dordogne attire de nombreux vacanciers chaque ann\u00e9e. Avec son vignoble, son patrimoine architectural et culturel, sa gastronomie, la cit\u00e9 a tout pour plaire ! Partez \u00e0 la d\u00e9couverte de cette ville incontournable ! \u00ab\u00a0Ville d&rsquo;art et d&rsquo;histoire\u00a0\u00bb, Bergerac est une ville pleine de charme situ\u00e9e \u00e0 [&hellip;]<\/p>\n","protected":false},"author":18,"featured_media":0,"parent":2807,"menu_order":0,"comment_status":"closed","ping_status":"closed","template":"template-twocolumns.php","meta":{"_acf_changed":false,"footnotes":""},"class_list":["post-2849","page","type-page","status-publish","hentry"],"acf":[],"yoast_head":"<!-- This site is optimized with the Yoast SEO plugin v27.1.1 - https:\/\/yoast.com\/product\/yoast-seo-wordpress\/ -->\n<title>Les activit\u00e9s \u00e0 faire et lieux \u00e0 visiter \u00e0 Bergerac -<\/title>\n<meta name=\"description\" content=\"Partez \u00e0 la d\u00e9couverte de Bergerac, une destination au patrimoine naturel, culturel et architectural pr\u00e9serv\u00e9s qui attirent de nombreux visiteurs.\" \/>\n<meta name=\"robots\" content=\"index, follow, max-snippet:-1, max-image-preview:large, max-video-preview:-1\" \/>\n<link rel=\"canonical\" href=\"https:\/\/www.campings.com\/fr\/content\/guide-vacances-dordogne\/activites-lieux-bergerac\/\" \/>\n<meta property=\"og:locale\" content=\"fr_FR\" \/>\n<meta property=\"og:type\" content=\"article\" \/>\n<meta property=\"og:title\" content=\"Les activit\u00e9s \u00e0 faire et lieux \u00e0 visiter \u00e0 Bergerac -\" \/>\n<meta property=\"og:description\" content=\"Partez \u00e0 la d\u00e9couverte de Bergerac, une destination au patrimoine naturel, culturel et architectural pr\u00e9serv\u00e9s qui attirent de nombreux visiteurs.\" \/>\n<meta property=\"og:url\" content=\"https:\/\/www.campings.com\/fr\/content\/guide-vacances-dordogne\/activites-lieux-bergerac\/\" \/>\n<meta property=\"article:modified_time\" content=\"2021-06-24T17:38:45+00:00\" \/>\n<meta property=\"og:image\" content=\"https:\/\/www.campings.com\/fr\/content\/wp-content\/uploads\/2021\/06\/bergerac-Copyright-B._DUPUY-CRTNA-Chateau_de_Monbazillac_-_Vignoble_de_Bergerac-7704-800px.jpg\" \/>\n\t<meta property=\"og:image:width\" content=\"800\" \/>\n\t<meta property=\"og:image:height\" content=\"531\" \/>\n\t<meta property=\"og:image:type\" content=\"image\/jpeg\" \/>\n<meta name=\"twitter:card\" content=\"summary_large_image\" \/>\n<meta name=\"twitter:label1\" content=\"Dur\u00e9e de lecture estim\u00e9e\" \/>\n\t<meta name=\"twitter:data1\" content=\"4 minutes\" \/>\n<script type=\"application\/ld+json\" class=\"yoast-schema-graph\">{\"@context\":\"https:\/\/schema.org\",\"@graph\":[{\"@type\":\"WebPage\",\"@id\":\"https:\/\/www.campings.com\/fr\/content\/guide-vacances-dordogne\/activites-lieux-bergerac\/\",\"url\":\"https:\/\/www.campings.com\/fr\/content\/guide-vacances-dordogne\/activites-lieux-bergerac\/\",\"name\":\"Les activit\u00e9s \u00e0 faire et lieux \u00e0 visiter \u00e0 Bergerac -\",\"isPartOf\":{\"@id\":\"https:\/\/www.campings.com\/fr\/content\/#website\"},\"primaryImageOfPage\":{\"@id\":\"https:\/\/www.campings.com\/fr\/content\/guide-vacances-dordogne\/activites-lieux-bergerac\/#primaryimage\"},\"image\":{\"@id\":\"https:\/\/www.campings.com\/fr\/content\/guide-vacances-dordogne\/activites-lieux-bergerac\/#primaryimage\"},\"thumbnailUrl\":\"https:\/\/www.campings.com\/fr\/content\/wp-content\/uploads\/2021\/06\/bergerac-Copyright-B._DUPUY-CRTNA-Chateau_de_Monbazillac_-_Vignoble_de_Bergerac-7704-800px.jpg\",\"datePublished\":\"2021-06-24T17:17:53+00:00\",\"dateModified\":\"2021-06-24T17:38:45+00:00\",\"description\":\"Partez \u00e0 la d\u00e9couverte de Bergerac, une destination au patrimoine naturel, culturel et architectural pr\u00e9serv\u00e9s qui attirent de nombreux visiteurs.\",\"breadcrumb\":{\"@id\":\"https:\/\/www.campings.com\/fr\/content\/guide-vacances-dordogne\/activites-lieux-bergerac\/#breadcrumb\"},\"inLanguage\":\"fr-FR\",\"potentialAction\":[{\"@type\":\"ReadAction\",\"target\":[\"https:\/\/www.campings.com\/fr\/content\/guide-vacances-dordogne\/activites-lieux-bergerac\/\"]}]},{\"@type\":\"ImageObject\",\"inLanguage\":\"fr-FR\",\"@id\":\"https:\/\/www.campings.com\/fr\/content\/guide-vacances-dordogne\/activites-lieux-bergerac\/#primaryimage\",\"url\":\"https:\/\/www.campings.com\/fr\/content\/wp-content\/uploads\/2021\/06\/bergerac-Copyright-B._DUPUY-CRTNA-Chateau_de_Monbazillac_-_Vignoble_de_Bergerac-7704-800px.jpg\",\"contentUrl\":\"https:\/\/www.campings.com\/fr\/content\/wp-content\/uploads\/2021\/06\/bergerac-Copyright-B._DUPUY-CRTNA-Chateau_de_Monbazillac_-_Vignoble_de_Bergerac-7704-800px.jpg\",\"width\":800,\"height\":531},{\"@type\":\"BreadcrumbList\",\"@id\":\"https:\/\/www.campings.com\/fr\/content\/guide-vacances-dordogne\/activites-lieux-bergerac\/#breadcrumb\",\"itemListElement\":[{\"@type\":\"ListItem\",\"position\":1,\"name\":\"Home\",\"item\":\"https:\/\/www.campings.com\/fr\/content\/\"},{\"@type\":\"ListItem\",\"position\":2,\"name\":\"Le guide pour vos vacances en Dordogne\",\"item\":\"https:\/\/www.campings.com\/fr\/content\/guide-vacances-dordogne\/\"},{\"@type\":\"ListItem\",\"position\":3,\"name\":\"Les activit\u00e9s \u00e0 faire et lieux \u00e0 visiter \u00e0 Bergerac\"}]},{\"@type\":\"WebSite\",\"@id\":\"https:\/\/www.campings.com\/fr\/content\/#website\",\"url\":\"https:\/\/www.campings.com\/fr\/content\/\",\"name\":\"\",\"description\":\"\",\"publisher\":{\"@id\":\"https:\/\/www.campings.com\/fr\/content\/#organization\"},\"potentialAction\":[{\"@type\":\"SearchAction\",\"target\":{\"@type\":\"EntryPoint\",\"urlTemplate\":\"https:\/\/www.campings.com\/fr\/content\/?s={search_term_string}\"},\"query-input\":{\"@type\":\"PropertyValueSpecification\",\"valueRequired\":true,\"valueName\":\"search_term_string\"}}],\"inLanguage\":\"fr-FR\"},{\"@type\":\"Organization\",\"@id\":\"https:\/\/www.campings.com\/fr\/content\/#organization\",\"name\":\"CAMPINGS.COM\",\"url\":\"https:\/\/www.campings.com\/fr\/content\/\",\"logo\":{\"@type\":\"ImageObject\",\"inLanguage\":\"fr-FR\",\"@id\":\"https:\/\/www.campings.com\/fr\/content\/#\/schema\/logo\/image\/\",\"url\":\"https:\/\/www.campings.com\/fr\/content\/wp-content\/uploads\/2019\/01\/cropped-logo-1.png\",\"contentUrl\":\"https:\/\/www.campings.com\/fr\/content\/wp-content\/uploads\/2019\/01\/cropped-logo-1.png\",\"width\":174,\"height\":42,\"caption\":\"CAMPINGS.COM\"},\"image\":{\"@id\":\"https:\/\/www.campings.com\/fr\/content\/#\/schema\/logo\/image\/\"}}]}<\/script>\n<!-- \/ Yoast SEO plugin. -->","yoast_head_json":{"title":"Les activit\u00e9s \u00e0 faire et lieux \u00e0 visiter \u00e0 Bergerac -","description":"Partez \u00e0 la d\u00e9couverte de Bergerac, une destination au patrimoine naturel, culturel et architectural pr\u00e9serv\u00e9s qui attirent de nombreux visiteurs.","robots":{"index":"index","follow":"follow","max-snippet":"max-snippet:-1","max-image-preview":"max-image-preview:large","max-video-preview":"max-video-preview:-1"},"canonical":"https:\/\/www.campings.com\/fr\/content\/guide-vacances-dordogne\/activites-lieux-bergerac\/","og_locale":"fr_FR","og_type":"article","og_title":"Les activit\u00e9s \u00e0 faire et lieux \u00e0 visiter \u00e0 Bergerac -","og_description":"Partez \u00e0 la d\u00e9couverte de Bergerac, une destination au patrimoine naturel, culturel et architectural pr\u00e9serv\u00e9s qui attirent de nombreux visiteurs.","og_url":"https:\/\/www.campings.com\/fr\/content\/guide-vacances-dordogne\/activites-lieux-bergerac\/","article_modified_time":"2021-06-24T17:38:45+00:00","og_image":[{"width":800,"height":531,"url":"https:\/\/www.campings.com\/fr\/content\/wp-content\/uploads\/2021\/06\/bergerac-Copyright-B._DUPUY-CRTNA-Chateau_de_Monbazillac_-_Vignoble_de_Bergerac-7704-800px.jpg","type":"image\/jpeg"}],"twitter_card":"summary_large_image","twitter_misc":{"Dur\u00e9e de lecture estim\u00e9e":"4 minutes"},"schema":{"@context":"https:\/\/schema.org","@graph":[{"@type":"WebPage","@id":"https:\/\/www.campings.com\/fr\/content\/guide-vacances-dordogne\/activites-lieux-bergerac\/","url":"https:\/\/www.campings.com\/fr\/content\/guide-vacances-dordogne\/activites-lieux-bergerac\/","name":"Les activit\u00e9s \u00e0 faire et lieux \u00e0 visiter \u00e0 Bergerac -","isPartOf":{"@id":"https:\/\/www.campings.com\/fr\/content\/#website"},"primaryImageOfPage":{"@id":"https:\/\/www.campings.com\/fr\/content\/guide-vacances-dordogne\/activites-lieux-bergerac\/#primaryimage"},"image":{"@id":"https:\/\/www.campings.com\/fr\/content\/guide-vacances-dordogne\/activites-lieux-bergerac\/#primaryimage"},"thumbnailUrl":"https:\/\/www.campings.com\/fr\/content\/wp-content\/uploads\/2021\/06\/bergerac-Copyright-B._DUPUY-CRTNA-Chateau_de_Monbazillac_-_Vignoble_de_Bergerac-7704-800px.jpg","datePublished":"2021-06-24T17:17:53+00:00","dateModified":"2021-06-24T17:38:45+00:00","description":"Partez \u00e0 la d\u00e9couverte de Bergerac, une destination au patrimoine naturel, culturel et architectural pr\u00e9serv\u00e9s qui attirent de nombreux visiteurs.","breadcrumb":{"@id":"https:\/\/www.campings.com\/fr\/content\/guide-vacances-dordogne\/activites-lieux-bergerac\/#breadcrumb"},"inLanguage":"fr-FR","potentialAction":[{"@type":"ReadAction","target":["https:\/\/www.campings.com\/fr\/content\/guide-vacances-dordogne\/activites-lieux-bergerac\/"]}]},{"@type":"ImageObject","inLanguage":"fr-FR","@id":"https:\/\/www.campings.com\/fr\/content\/guide-vacances-dordogne\/activites-lieux-bergerac\/#primaryimage","url":"https:\/\/www.campings.com\/fr\/content\/wp-content\/uploads\/2021\/06\/bergerac-Copyright-B._DUPUY-CRTNA-Chateau_de_Monbazillac_-_Vignoble_de_Bergerac-7704-800px.jpg","contentUrl":"https:\/\/www.campings.com\/fr\/content\/wp-content\/uploads\/2021\/06\/bergerac-Copyright-B._DUPUY-CRTNA-Chateau_de_Monbazillac_-_Vignoble_de_Bergerac-7704-800px.jpg","width":800,"height":531},{"@type":"BreadcrumbList","@id":"https:\/\/www.campings.com\/fr\/content\/guide-vacances-dordogne\/activites-lieux-bergerac\/#breadcrumb","itemListElement":[{"@type":"ListItem","position":1,"name":"Home","item":"https:\/\/www.campings.com\/fr\/content\/"},{"@type":"ListItem","position":2,"name":"Le guide pour vos vacances en Dordogne","item":"https:\/\/www.campings.com\/fr\/content\/guide-vacances-dordogne\/"},{"@type":"ListItem","position":3,"name":"Les activit\u00e9s \u00e0 faire et lieux \u00e0 visiter \u00e0 Bergerac"}]},{"@type":"WebSite","@id":"https:\/\/www.campings.com\/fr\/content\/#website","url":"https:\/\/www.campings.com\/fr\/content\/","name":"","description":"","publisher":{"@id":"https:\/\/www.campings.com\/fr\/content\/#organization"},"potentialAction":[{"@type":"SearchAction","target":{"@type":"EntryPoint","urlTemplate":"https:\/\/www.campings.com\/fr\/content\/?s={search_term_string}"},"query-input":{"@type":"PropertyValueSpecification","valueRequired":true,"valueName":"search_term_string"}}],"inLanguage":"fr-FR"},{"@type":"Organization","@id":"https:\/\/www.campings.com\/fr\/content\/#organization","name":"CAMPINGS.COM","url":"https:\/\/www.campings.com\/fr\/content\/","logo":{"@type":"ImageObject","inLanguage":"fr-FR","@id":"https:\/\/www.campings.com\/fr\/content\/#\/schema\/logo\/image\/","url":"https:\/\/www.campings.com\/fr\/content\/wp-content\/uploads\/2019\/01\/cropped-logo-1.png","contentUrl":"https:\/\/www.campings.com\/fr\/content\/wp-content\/uploads\/2019\/01\/cropped-logo-1.png","width":174,"height":42,"caption":"CAMPINGS.COM"},"image":{"@id":"https:\/\/www.campings.com\/fr\/content\/#\/schema\/logo\/image\/"}}]}},"_links":{"self":[{"href":"https:\/\/www.campings.com\/fr\/content\/wp-json\/wp\/v2\/pages\/2849","targetHints":{"allow":["GET"]}}],"collection":[{"href":"https:\/\/www.campings.com\/fr\/content\/wp-json\/wp\/v2\/pages"}],"about":[{"href":"https:\/\/www.campings.com\/fr\/content\/wp-json\/wp\/v2\/types\/page"}],"author":[{"embeddable":true,"href":"https:\/\/www.campings.com\/fr\/content\/wp-json\/wp\/v2\/users\/18"}],"replies":[{"embeddable":true,"href":"https:\/\/www.campings.com\/fr\/content\/wp-json\/wp\/v2\/comments?post=2849"}],"version-history":[{"count":4,"href":"https:\/\/www.campings.com\/fr\/content\/wp-json\/wp\/v2\/pages\/2849\/revisions"}],"predecessor-version":[{"id":2860,"href":"https:\/\/www.campings.com\/fr\/content\/wp-json\/wp\/v2\/pages\/2849\/revisions\/2860"}],"up":[{"embeddable":true,"href":"https:\/\/www.campings.com\/fr\/content\/wp-json\/wp\/v2\/pages\/2807"}],"wp:attachment":[{"href":"https:\/\/www.campings.com\/fr\/content\/wp-json\/wp\/v2\/media?parent=2849"}],"curies":[{"name":"wp","href":"https:\/\/api.w.org\/{rel}","templated":true}]}}