{"id":2846,"date":"2021-06-24T16:59:47","date_gmt":"2021-06-24T16:59:47","guid":{"rendered":"https:\/\/www.campings.com\/fr\/content\/?page_id=2846"},"modified":"2021-06-25T13:58:44","modified_gmt":"2021-06-25T13:58:44","slug":"randonnee-en-dordogne","status":"publish","type":"page","link":"https:\/\/www.campings.com\/fr\/content\/guide-vacances-dordogne\/randonnee-en-dordogne\/","title":{"rendered":"O\u00f9 faire de la randonn\u00e9e en Dordogne ?"},"content":{"rendered":"<p>Avec ses ch\u00e2teaux, ses cours d\u2019eau et son patrimoine naturel exceptionnel, la Dordogne est l\u2019un des plus beaux territoires de Nouvelle-Aquitaine. Partez \u00e0 la d\u00e9couverte des tr\u00e9sors de la r\u00e9gion au cours de randonn\u00e9es \u00e0 pied ou \u00e0 v\u00e9lo ! Une occasion unique de vivre des vacances d\u00e9paysantes, en famille, en duo ou entre amis !<\/p>\n<p>\u00c0 la recherche de nouvelles activit\u00e9s \u00e0 faire pendant vos vacances en\u00a0<a href=\"https:\/\/www.campings.com\/fr\/content\/guide-vacances-dordogne\/\">Dordogne<u>\u00a0<\/u><\/a>? Ce territoire regorge d\u2019itin\u00e9raires et de balades \u00e0 explorer \u00e0 pied, \u00e0 cheval ou \u00e0 v\u00e9lo ! D\u00e9couvrez notre s\u00e9lection de parcours pour explorer autrement la vall\u00e9e de la Dordogne et ses for\u00eats.<\/p>\n<h2><strong>Toutes les balades VTT ou p\u00e9destres \u00e0 faire dans la vall\u00e9e de la Dordogne <\/strong><\/h2>\n<h3><strong>La boucle des p\u00e8lerins (Cadouin) pour une rando en Dordogne\u00a0<\/strong><\/h3>\n<p>Cet itin\u00e9raire de plus de 5 km, vous conduira au c\u0153ur du village de Cadouin et dans la for\u00eat de Bess\u00e8de. La boucle des p\u00e8lerins convient \u00e0 tous les niveaux.<\/p>\n<h3><strong>Le sentier de la r\u00e9sistance (Bassilac), une petite randonn\u00e9e dans le P\u00e9rigord pour toute la famille\u00a0<\/strong><\/h3>\n<p>Situ\u00e9 \u00e0 Bassilac, le sentier de la r\u00e9sistance est un chemin de randonn\u00e9e long de 6 km. Cette balade vous permettra de d\u00e9couvrir des artefacts datant de la R\u00e9sistance. Ce parcours a \u00e9t\u00e9 r\u00e9alis\u00e9 par l&rsquo;association Mosa\u00efque sur proposition du Conseil Municipal de la\u00a0Dordogne.<\/p>\n<h3><strong>Le sentier de l&rsquo;or (Jumilhac)<\/strong><\/h3>\n<p>Situ\u00e9 dans le village de Jumilhac, l&rsquo;itin\u00e9raire du sentier de l\u2019or fait environ 6 km de marche. Il pr\u00e9sente un niveau de difficult\u00e9 moyen en raison de la pr\u00e9sence de d\u00e9nivel\u00e9s.<\/p>\n<p><img loading=\"lazy\" decoding=\"async\" class=\"alignnone size-full wp-image-2847\" src=\"https:\/\/www.campings.com\/fr\/content\/wp-content\/uploads\/2021\/06\/Rando.jpg\" alt=\"\" width=\"1000\" height=\"665\" \/><\/p>\n<h3><strong>Autour de l&rsquo;\u00e9poque antique (P\u00e9rigueux), l&rsquo;une des plus belles randonn\u00e9es de Dordogne\u00a0<\/strong><\/h3>\n<p>P\u00e9rigueux offre un itin\u00e9raire de 7 km pour les amateurs de randonn\u00e9es de tous les niveaux. Vous pourrez admirer des paysages gallo-romains tout au long de ce circuit.<\/p>\n<h3><strong>Le chemin de Merle (Cladech)\u00a0<\/strong><\/h3>\n<p>Le chemin de Merle est un circuit situ\u00e9 dans le village de Cladech. Bien que la distance soit de 7,2 km, il reste accessible \u00e0 tous. Vous pourrez vous immerger dans l&rsquo;univers de la mine de charbon, la fabrication des briques et de chaux\u2026 Une sortie p\u00e9dagogique int\u00e9ressante \u00e0 faire si vous partez en\u00a0Dordogne\u00a0en famille.<\/p>\n<h3><strong>La boucle de la Peyre Dermale (Paussac)<\/strong><\/h3>\n<p>Si vous aimez l&rsquo;escalade, la boucle de la Peyre Dermale est faite pour vous ! Le site compte de nombreuses falaises d&rsquo;environ 200 m chacune. Cet itin\u00e9raire d\u2019une distance de 9 km convient \u00e0 tous les niveaux. Le dolmen de Peyrelevade, l\u2019\u00e9trange Peyre Dermale, le village semi troglodytique du vieux Breuil\u2026 Vous serez \u00e9merveill\u00e9s par les magnifiques paysages de pierre !<\/p>\n<h3><strong>Le Chemin de meuniers (V\u00e9zac)<\/strong><\/h3>\n<p>\u00c0 V\u00e9zac, le Chemin de meuniers vous permettra d\u2019admirer des paysages bucoliques et vari\u00e9s. Ne manquez pas de visiter le moulin de Caillou, consid\u00e9r\u00e9 comme l\u2019un des plus beaux de France\u2026 Le moulin de Treil et celui de l&rsquo;Ev\u00eaque valent aussi le d\u00e9tour.<\/p>\n<p>Pour plus d&rsquo;informations sur ces itin\u00e9raires de randonn\u00e9es et balades, cliquez\u00a0<a href=\"https:\/\/rando.dordogne.fr\/?page_id=108\">ICI<\/a>.<\/p>\n<p><img loading=\"lazy\" decoding=\"async\" class=\"alignnone size-full wp-image-2866\" src=\"https:\/\/www.campings.com\/fr\/content\/wp-content\/uploads\/2021\/06\/rando-a-pied.png.jpg\" alt=\"\" width=\"1000\" height=\"665\" \/><\/p>\n<h2><strong>Notre s\u00e9lection de campings \u00e0 proximit\u00e9 des sites de randonn\u00e9e en Dordogne<\/strong><\/h2>\n<p>Envie de profiter pleinement de votre s\u00e9jour en\u00a0<a href=\"https:\/\/www.campings.com\/fr\/content\/guide-vacances-dordogne\/\">Dordogne<u>\u00a0<\/u><\/a>? Louez un camping \u00e0 proximit\u00e9 des itin\u00e9raires de randonn\u00e9e ! D\u00e9couvrez notre s\u00e9lection de campings.<\/p>\n<h3><strong>Camping Le Moulin de la Pique\u00a0<\/strong><\/h3>\n<p>Situ\u00e9 \u00e0 2 km de la gare, le Camping Le Moulin de la Pique est \u00e9galement proche de Cadouin. Situ\u00e9 dans un d\u00e9cor reposant, ce camping est parfait pour des vacances en famille. Les plus petits pourront s\u2019amuser avec les toboggans aquatiques. Les plus grands pourront quant \u00e0 eux se d\u00e9tendre avec une partie de p\u00e9tanque ou de mini-golf.<\/p>\n<p><a href=\"https:\/\/www.campings.com\/fr\/camping\/camping-rcn-le-moulin-de-la-pique-76873\">Plus d&rsquo;infos sur le Camping Le Moulin de la Pique.<\/a><\/p>\n<h3><strong>Flower Camping et base de loisirs de Rouffiac\u00a0<\/strong><\/h3>\n<p>Dans ce camping, vous avez la possibilit\u00e9 de louer un mobil-home ou un chalet. Id\u00e9al pour un s\u00e9jour en famille, ce camping propose une base de loisirs pour tous avec de nombreuses animations. Apr\u00e8s une journ\u00e9e de randonn\u00e9e \u00e0 Jumilhac, un bar est \u00e0 votre disposition pour vous d\u00e9salt\u00e9rer !<\/p>\n<p><a href=\"https:\/\/www.campings.com\/fr\/camping\/flower-camping-et-base-de-loisirs-de-rouffiac-77477\">Plus d&rsquo;infos sur le Flower Camping et base de loisirs de Rouffiac.<\/a><\/p>\n<h3><strong>Camping Au fil de l&rsquo;Eau\u00a0<\/strong><\/h3>\n<p>Ce camping se trouve pr\u00e8s de Bassilac, \u00e0 seulement 5 km de l&rsquo;a\u00e9roport. Il offre tout l\u2019\u00e9quipement et le mat\u00e9riel n\u00e9cessaire pour un s\u00e9jour r\u00e9ussi en famille.<\/p>\n<p><a href=\"https:\/\/www.campings.com\/fr\/camping\/camping-au-fil-de-leau-82268\">Plus d&rsquo;infos sur le Camping Au fil de l&rsquo;Eau.<\/a><\/p>\n","protected":false},"excerpt":{"rendered":"<p>Avec ses ch\u00e2teaux, ses cours d\u2019eau et son patrimoine naturel exceptionnel, la Dordogne est l\u2019un des plus beaux territoires de Nouvelle-Aquitaine. Partez \u00e0 la d\u00e9couverte des tr\u00e9sors de la r\u00e9gion au cours de randonn\u00e9es \u00e0 pied ou \u00e0 v\u00e9lo ! Une occasion unique de vivre des vacances d\u00e9paysantes, en famille, en duo ou entre amis [&hellip;]<\/p>\n","protected":false},"author":18,"featured_media":0,"parent":2807,"menu_order":0,"comment_status":"closed","ping_status":"closed","template":"template-twocolumns.php","meta":{"_acf_changed":false,"footnotes":""},"class_list":["post-2846","page","type-page","status-publish","hentry"],"acf":[],"yoast_head":"<!-- This site is optimized with the Yoast SEO plugin v27.1.1 - https:\/\/yoast.com\/product\/yoast-seo-wordpress\/ -->\n<title>O\u00f9 faire de la randonn\u00e9e en Dordogne ? -<\/title>\n<meta name=\"description\" content=\"D\u00e9couvrez les meilleurs circuits de randonn\u00e9es \u00e0 explorer pendant vos vacances en Dordogne pour d\u00e9couvrir toutes les facettes de ce territoire unique.\" \/>\n<meta name=\"robots\" content=\"index, follow, max-snippet:-1, max-image-preview:large, max-video-preview:-1\" \/>\n<link rel=\"canonical\" href=\"https:\/\/www.campings.com\/fr\/content\/guide-vacances-dordogne\/randonnee-en-dordogne\/\" \/>\n<meta property=\"og:locale\" content=\"fr_FR\" \/>\n<meta property=\"og:type\" content=\"article\" \/>\n<meta property=\"og:title\" content=\"O\u00f9 faire de la randonn\u00e9e en Dordogne ? -\" \/>\n<meta property=\"og:description\" content=\"D\u00e9couvrez les meilleurs circuits de randonn\u00e9es \u00e0 explorer pendant vos vacances en Dordogne pour d\u00e9couvrir toutes les facettes de ce territoire unique.\" \/>\n<meta property=\"og:url\" content=\"https:\/\/www.campings.com\/fr\/content\/guide-vacances-dordogne\/randonnee-en-dordogne\/\" \/>\n<meta property=\"article:modified_time\" content=\"2021-06-25T13:58:44+00:00\" \/>\n<meta property=\"og:image\" content=\"https:\/\/www.campings.com\/fr\/content\/wp-content\/uploads\/2021\/06\/Rando.jpg\" \/>\n\t<meta property=\"og:image:width\" content=\"1000\" \/>\n\t<meta property=\"og:image:height\" content=\"665\" \/>\n\t<meta property=\"og:image:type\" content=\"image\/jpeg\" \/>\n<meta name=\"twitter:card\" content=\"summary_large_image\" \/>\n<meta name=\"twitter:label1\" content=\"Dur\u00e9e de lecture estim\u00e9e\" \/>\n\t<meta name=\"twitter:data1\" content=\"4 minutes\" \/>\n<script type=\"application\/ld+json\" class=\"yoast-schema-graph\">{\"@context\":\"https:\/\/schema.org\",\"@graph\":[{\"@type\":\"WebPage\",\"@id\":\"https:\/\/www.campings.com\/fr\/content\/guide-vacances-dordogne\/randonnee-en-dordogne\/\",\"url\":\"https:\/\/www.campings.com\/fr\/content\/guide-vacances-dordogne\/randonnee-en-dordogne\/\",\"name\":\"O\u00f9 faire de la randonn\u00e9e en Dordogne ? -\",\"isPartOf\":{\"@id\":\"https:\/\/www.campings.com\/fr\/content\/#website\"},\"primaryImageOfPage\":{\"@id\":\"https:\/\/www.campings.com\/fr\/content\/guide-vacances-dordogne\/randonnee-en-dordogne\/#primaryimage\"},\"image\":{\"@id\":\"https:\/\/www.campings.com\/fr\/content\/guide-vacances-dordogne\/randonnee-en-dordogne\/#primaryimage\"},\"thumbnailUrl\":\"https:\/\/www.campings.com\/fr\/content\/wp-content\/uploads\/2021\/06\/Rando.jpg\",\"datePublished\":\"2021-06-24T16:59:47+00:00\",\"dateModified\":\"2021-06-25T13:58:44+00:00\",\"description\":\"D\u00e9couvrez les meilleurs circuits de randonn\u00e9es \u00e0 explorer pendant vos vacances en Dordogne pour d\u00e9couvrir toutes les facettes de ce territoire unique.\",\"breadcrumb\":{\"@id\":\"https:\/\/www.campings.com\/fr\/content\/guide-vacances-dordogne\/randonnee-en-dordogne\/#breadcrumb\"},\"inLanguage\":\"fr-FR\",\"potentialAction\":[{\"@type\":\"ReadAction\",\"target\":[\"https:\/\/www.campings.com\/fr\/content\/guide-vacances-dordogne\/randonnee-en-dordogne\/\"]}]},{\"@type\":\"ImageObject\",\"inLanguage\":\"fr-FR\",\"@id\":\"https:\/\/www.campings.com\/fr\/content\/guide-vacances-dordogne\/randonnee-en-dordogne\/#primaryimage\",\"url\":\"https:\/\/www.campings.com\/fr\/content\/wp-content\/uploads\/2021\/06\/Rando.jpg\",\"contentUrl\":\"https:\/\/www.campings.com\/fr\/content\/wp-content\/uploads\/2021\/06\/Rando.jpg\",\"width\":1000,\"height\":665},{\"@type\":\"BreadcrumbList\",\"@id\":\"https:\/\/www.campings.com\/fr\/content\/guide-vacances-dordogne\/randonnee-en-dordogne\/#breadcrumb\",\"itemListElement\":[{\"@type\":\"ListItem\",\"position\":1,\"name\":\"Home\",\"item\":\"https:\/\/www.campings.com\/fr\/content\/\"},{\"@type\":\"ListItem\",\"position\":2,\"name\":\"Le guide pour vos vacances en Dordogne\",\"item\":\"https:\/\/www.campings.com\/fr\/content\/guide-vacances-dordogne\/\"},{\"@type\":\"ListItem\",\"position\":3,\"name\":\"O\u00f9 faire de la randonn\u00e9e en Dordogne ?\"}]},{\"@type\":\"WebSite\",\"@id\":\"https:\/\/www.campings.com\/fr\/content\/#website\",\"url\":\"https:\/\/www.campings.com\/fr\/content\/\",\"name\":\"\",\"description\":\"\",\"publisher\":{\"@id\":\"https:\/\/www.campings.com\/fr\/content\/#organization\"},\"potentialAction\":[{\"@type\":\"SearchAction\",\"target\":{\"@type\":\"EntryPoint\",\"urlTemplate\":\"https:\/\/www.campings.com\/fr\/content\/?s={search_term_string}\"},\"query-input\":{\"@type\":\"PropertyValueSpecification\",\"valueRequired\":true,\"valueName\":\"search_term_string\"}}],\"inLanguage\":\"fr-FR\"},{\"@type\":\"Organization\",\"@id\":\"https:\/\/www.campings.com\/fr\/content\/#organization\",\"name\":\"CAMPINGS.COM\",\"url\":\"https:\/\/www.campings.com\/fr\/content\/\",\"logo\":{\"@type\":\"ImageObject\",\"inLanguage\":\"fr-FR\",\"@id\":\"https:\/\/www.campings.com\/fr\/content\/#\/schema\/logo\/image\/\",\"url\":\"https:\/\/www.campings.com\/fr\/content\/wp-content\/uploads\/2019\/01\/cropped-logo-1.png\",\"contentUrl\":\"https:\/\/www.campings.com\/fr\/content\/wp-content\/uploads\/2019\/01\/cropped-logo-1.png\",\"width\":174,\"height\":42,\"caption\":\"CAMPINGS.COM\"},\"image\":{\"@id\":\"https:\/\/www.campings.com\/fr\/content\/#\/schema\/logo\/image\/\"}}]}<\/script>\n<!-- \/ Yoast SEO plugin. -->","yoast_head_json":{"title":"O\u00f9 faire de la randonn\u00e9e en Dordogne ? -","description":"D\u00e9couvrez les meilleurs circuits de randonn\u00e9es \u00e0 explorer pendant vos vacances en Dordogne pour d\u00e9couvrir toutes les facettes de ce territoire unique.","robots":{"index":"index","follow":"follow","max-snippet":"max-snippet:-1","max-image-preview":"max-image-preview:large","max-video-preview":"max-video-preview:-1"},"canonical":"https:\/\/www.campings.com\/fr\/content\/guide-vacances-dordogne\/randonnee-en-dordogne\/","og_locale":"fr_FR","og_type":"article","og_title":"O\u00f9 faire de la randonn\u00e9e en Dordogne ? -","og_description":"D\u00e9couvrez les meilleurs circuits de randonn\u00e9es \u00e0 explorer pendant vos vacances en Dordogne pour d\u00e9couvrir toutes les facettes de ce territoire unique.","og_url":"https:\/\/www.campings.com\/fr\/content\/guide-vacances-dordogne\/randonnee-en-dordogne\/","article_modified_time":"2021-06-25T13:58:44+00:00","og_image":[{"width":1000,"height":665,"url":"https:\/\/www.campings.com\/fr\/content\/wp-content\/uploads\/2021\/06\/Rando.jpg","type":"image\/jpeg"}],"twitter_card":"summary_large_image","twitter_misc":{"Dur\u00e9e de lecture estim\u00e9e":"4 minutes"},"schema":{"@context":"https:\/\/schema.org","@graph":[{"@type":"WebPage","@id":"https:\/\/www.campings.com\/fr\/content\/guide-vacances-dordogne\/randonnee-en-dordogne\/","url":"https:\/\/www.campings.com\/fr\/content\/guide-vacances-dordogne\/randonnee-en-dordogne\/","name":"O\u00f9 faire de la randonn\u00e9e en Dordogne ? -","isPartOf":{"@id":"https:\/\/www.campings.com\/fr\/content\/#website"},"primaryImageOfPage":{"@id":"https:\/\/www.campings.com\/fr\/content\/guide-vacances-dordogne\/randonnee-en-dordogne\/#primaryimage"},"image":{"@id":"https:\/\/www.campings.com\/fr\/content\/guide-vacances-dordogne\/randonnee-en-dordogne\/#primaryimage"},"thumbnailUrl":"https:\/\/www.campings.com\/fr\/content\/wp-content\/uploads\/2021\/06\/Rando.jpg","datePublished":"2021-06-24T16:59:47+00:00","dateModified":"2021-06-25T13:58:44+00:00","description":"D\u00e9couvrez les meilleurs circuits de randonn\u00e9es \u00e0 explorer pendant vos vacances en Dordogne pour d\u00e9couvrir toutes les facettes de ce territoire unique.","breadcrumb":{"@id":"https:\/\/www.campings.com\/fr\/content\/guide-vacances-dordogne\/randonnee-en-dordogne\/#breadcrumb"},"inLanguage":"fr-FR","potentialAction":[{"@type":"ReadAction","target":["https:\/\/www.campings.com\/fr\/content\/guide-vacances-dordogne\/randonnee-en-dordogne\/"]}]},{"@type":"ImageObject","inLanguage":"fr-FR","@id":"https:\/\/www.campings.com\/fr\/content\/guide-vacances-dordogne\/randonnee-en-dordogne\/#primaryimage","url":"https:\/\/www.campings.com\/fr\/content\/wp-content\/uploads\/2021\/06\/Rando.jpg","contentUrl":"https:\/\/www.campings.com\/fr\/content\/wp-content\/uploads\/2021\/06\/Rando.jpg","width":1000,"height":665},{"@type":"BreadcrumbList","@id":"https:\/\/www.campings.com\/fr\/content\/guide-vacances-dordogne\/randonnee-en-dordogne\/#breadcrumb","itemListElement":[{"@type":"ListItem","position":1,"name":"Home","item":"https:\/\/www.campings.com\/fr\/content\/"},{"@type":"ListItem","position":2,"name":"Le guide pour vos vacances en Dordogne","item":"https:\/\/www.campings.com\/fr\/content\/guide-vacances-dordogne\/"},{"@type":"ListItem","position":3,"name":"O\u00f9 faire de la randonn\u00e9e en Dordogne ?"}]},{"@type":"WebSite","@id":"https:\/\/www.campings.com\/fr\/content\/#website","url":"https:\/\/www.campings.com\/fr\/content\/","name":"","description":"","publisher":{"@id":"https:\/\/www.campings.com\/fr\/content\/#organization"},"potentialAction":[{"@type":"SearchAction","target":{"@type":"EntryPoint","urlTemplate":"https:\/\/www.campings.com\/fr\/content\/?s={search_term_string}"},"query-input":{"@type":"PropertyValueSpecification","valueRequired":true,"valueName":"search_term_string"}}],"inLanguage":"fr-FR"},{"@type":"Organization","@id":"https:\/\/www.campings.com\/fr\/content\/#organization","name":"CAMPINGS.COM","url":"https:\/\/www.campings.com\/fr\/content\/","logo":{"@type":"ImageObject","inLanguage":"fr-FR","@id":"https:\/\/www.campings.com\/fr\/content\/#\/schema\/logo\/image\/","url":"https:\/\/www.campings.com\/fr\/content\/wp-content\/uploads\/2019\/01\/cropped-logo-1.png","contentUrl":"https:\/\/www.campings.com\/fr\/content\/wp-content\/uploads\/2019\/01\/cropped-logo-1.png","width":174,"height":42,"caption":"CAMPINGS.COM"},"image":{"@id":"https:\/\/www.campings.com\/fr\/content\/#\/schema\/logo\/image\/"}}]}},"_links":{"self":[{"href":"https:\/\/www.campings.com\/fr\/content\/wp-json\/wp\/v2\/pages\/2846","targetHints":{"allow":["GET"]}}],"collection":[{"href":"https:\/\/www.campings.com\/fr\/content\/wp-json\/wp\/v2\/pages"}],"about":[{"href":"https:\/\/www.campings.com\/fr\/content\/wp-json\/wp\/v2\/types\/page"}],"author":[{"embeddable":true,"href":"https:\/\/www.campings.com\/fr\/content\/wp-json\/wp\/v2\/users\/18"}],"replies":[{"embeddable":true,"href":"https:\/\/www.campings.com\/fr\/content\/wp-json\/wp\/v2\/comments?post=2846"}],"version-history":[{"count":4,"href":"https:\/\/www.campings.com\/fr\/content\/wp-json\/wp\/v2\/pages\/2846\/revisions"}],"predecessor-version":[{"id":2867,"href":"https:\/\/www.campings.com\/fr\/content\/wp-json\/wp\/v2\/pages\/2846\/revisions\/2867"}],"up":[{"embeddable":true,"href":"https:\/\/www.campings.com\/fr\/content\/wp-json\/wp\/v2\/pages\/2807"}],"wp:attachment":[{"href":"https:\/\/www.campings.com\/fr\/content\/wp-json\/wp\/v2\/media?parent=2846"}],"curies":[{"name":"wp","href":"https:\/\/api.w.org\/{rel}","templated":true}]}}