{"id":2838,"date":"2021-06-23T08:55:08","date_gmt":"2021-06-23T08:55:08","guid":{"rendered":"https:\/\/www.campings.com\/fr\/content\/?page_id=2838"},"modified":"2021-06-23T08:55:08","modified_gmt":"2021-06-23T08:55:08","slug":"gouffres-et-grottes-dordogne","status":"publish","type":"page","link":"https:\/\/www.campings.com\/fr\/content\/guide-vacances-dordogne\/gouffres-et-grottes-dordogne\/","title":{"rendered":"Les gouffres et grottes pr\u00e9historiques \u00e0 visiter en Dordogne"},"content":{"rendered":"<p>Envie de voyager sur les traces de nos plus lointains anc\u00eatres ? La Dordogne abrite des vestiges mill\u00e9naires datant de la Pr\u00e9histoire. Lors de votre s\u00e9jour en Dordogne, ne manquez pas de d\u00e9couvrir les magnifiques grottes pr\u00e9historiques de la r\u00e9gion !<\/p>\n<p><a href=\"https:\/\/www.campings.com\/fr\/content\/guide-vacances-dordogne\/\"><u>La Dordogne<\/u><\/a> regorge de gouffres et de grottes pr\u00e9historiques \u00e0 visiter. Pour d\u00e9couvrir les tr\u00e9sors cach\u00e9s de la r\u00e9gion, privil\u00e9giez les visites guid\u00e9es ! Que vous partiez en couple, en famille ou entre amis, la\u00a0Dordogne\u00a0vous r\u00e9serve une exp\u00e9rience riche en d\u00e9couvertes !<\/p>\n<h2><strong>La Grotte de Lascaux, une grotte pr\u00e9historique pr\u00e8s de Sarlat \u00e0 visiter absolument\u00a0<\/strong><\/h2>\n<p>La Grotte de Lascaux a \u00e9t\u00e9 d\u00e9couverte en 1940 en Dordogne. \u00c0 ce jour, le site est l\u2019une des plus belles repr\u00e9sentations de l\u2019art rupestre dans le monde. Le site originel ferme en 1963, mais des grottes similaires sont construites en 1983 et en 2016, dont Lascaux 2 et Lascaux 4.<\/p>\n<p><img loading=\"lazy\" decoding=\"async\" class=\"alignnone size-full wp-image-2839\" src=\"https:\/\/www.campings.com\/fr\/content\/wp-content\/uploads\/2021\/06\/grotte-Copyright-BROCHARD-CRTNA-Peinture_des_grottes_de_Lascaux_II__Dordogne_24.-7590-800px.jpg\" alt=\"\" width=\"800\" height=\"499\" \/><\/p>\n<h2><strong>La Grotte des Merveilles (Rocamadour), l&rsquo;une des plus belles grottes de Dordogne\u00a0<\/strong><\/h2>\n<p>Si vous connaissez G\u00e9rard Blanchard, vous ne pouvez pas ignorer que la grotte de Rocamadour est mentionn\u00e9e dans sa chanson\u2026 Situ\u00e9e dans le P\u00e9rigord noir, cette grotte pr\u00e9historique, dite des Merveilles, vous invite \u00e0 une belle incursion dans le pass\u00e9. Les jeux de lumi\u00e8re mettent en valeur ce site naturel situ\u00e9 \u00e0 plusieurs m\u00e8tres sous terre.<\/p>\n<h2><strong>Le Gouffre de Padirac<\/strong><\/h2>\n<p>Le Gouffre de Padirac est le premier site souterrain de France. La visite de cette cavit\u00e9 naturelle impressionnante en\u00a0<a href=\"https:\/\/www.campings.com\/fr\/content\/guide-vacances-dordogne\/\"><u>Dordogne<\/u><\/a>\u00a0vous promet de belles surprises. Situ\u00e9 \u00e0 17km de Rocamadour, le Gouffre de Padirac offre pr\u00e8s d&rsquo;un kilom\u00e8tre de parcours aux visiteurs.<\/p>\n<h2><strong>Les Grottes de Lacave<\/strong><\/h2>\n<p>Situ\u00e9es \u00e0 moins de 100 m de la rivi\u00e8re Dordogne, les pittoresques Grottes de Lacave ne cessent d\u2019\u00e9merveiller les visiteurs. V\u00e9ritable chef d&rsquo;\u0153uvre de la Pr\u00e9histoire, ce site vous promet des souvenirs inoubliables ! Sur place, vous serez transport\u00e9s par un train \u00e9lectrique jusqu&rsquo;\u00e0 la salle du Chaos.<\/p>\n<h2><strong>Le Gouffre de Proumeyssac, parmi les meilleurs gouffres et grottes de Dordogne\u00a0<\/strong><\/h2>\n<p>Le Gouffre de Proumeyssac, profond de 50 m, est la plus grande cavit\u00e9 am\u00e9nag\u00e9e de Dordogne. Pour visiter le gouffre, vous avez le choix entre la descente en nacelle ou la visite classique. Si vous optez pour la descente en nacelle, vous aurez une vue panoramique \u00e0 360\u00b0sur le gouffre.<\/p>\n<h2><strong>La Grotte des Combarelles<\/strong><\/h2>\n<p>Class\u00e9e au patrimoine mondial de l&rsquo;UNESCO, cette grotte fait partie des sites pr\u00e9historiques incontournables \u00e0 visiter en Dordogne. Haut-lieu de la culture magdal\u00e9nienne, elle abrite pr\u00e8s de 800 gravures.<\/p>\n<h2><strong>La Grotte de Tourtoirac, une grotte du P\u00e9rigord \u00e0 visiter absolument\u00a0<\/strong><\/h2>\n<p>D\u00e9couverte en 1995, la\u00a0<strong>grotte de Tourtoirac<\/strong>\u00a0promet un voyage inoubliable dans les entrailles de la terre. Avec ses d\u00e9corations grav\u00e9es sur les murs et sa cavit\u00e9 creus\u00e9e par l\u2019eau, elle offre un pur \u00e9merveillement pour les sens.<\/p>\n<p><img loading=\"lazy\" decoding=\"async\" class=\"alignnone size-full wp-image-2840\" src=\"https:\/\/www.campings.com\/fr\/content\/wp-content\/uploads\/2021\/06\/grotte-Copyright-B_Chanet-CRTNA-Centre_international_de_l_art_parietal_.-10663-800px.jpg\" alt=\"\" width=\"800\" height=\"600\" \/><\/p>\n<h2><strong>Notre s\u00e9lection de campings autour des grottes et gouffres de la Dordogne\u00a0<\/strong><\/h2>\n<p>De passage en\u00a0<a href=\"https:\/\/www.campings.com\/fr\/content\/guide-vacances-dordogne\/\"><u>Dordogne<\/u><\/a>\u00a0? Vous avez la possibilit\u00e9 de r\u00e9sider pr\u00e8s des grottes pr\u00e9historiques en r\u00e9servant dans l\u2019un de nos campings. D\u00e9couvrez notre s\u00e9lection de campings \u00e0 proximit\u00e9 de ces sites.<\/p>\n<h3><strong>Le Camping R\u00e9sidence le Hameau du Moulin<\/strong><\/h3>\n<p>Vous avez la possibilit\u00e9 de s\u00e9journer \u00e0 la r\u00e9sidence Le Hameau du Moulin, pr\u00e8s de la Grotte de Lascaux. Sur place, les enfants pourront profiter d&rsquo;une piscine chauff\u00e9e et d\u2019un terrain de volley.<\/p>\n<p><a href=\"http:\/\/www.campings.com\/fr\/camping\/residence-le-hameau-du-moulin-77772\">Plus d&rsquo;infos sur le Camping R\u00e9sidence Le Hameau du Moulin.<\/a><\/p>\n<h3><strong>Le Camping les Chalets de Thegra<\/strong><\/h3>\n<p>En posant vos valises \u00e0 proximit\u00e9 du Gouffre de Padirac, vous vivrez un s\u00e9jour plac\u00e9 sous le signe de la d\u00e9tente et de la d\u00e9couverte. Sur place, vous pourrez profiter d\u2019un terrain de p\u00e9tanque, d\u2019une piscine et d\u2019une aire de jeux pour les enfants.<\/p>\n<p><a href=\"http:\/\/www.campings.com\/fr\/camping\/les-chalets-de-thegra-78607\">Plus d&rsquo;infos sur le Camping Les Chalets de Thegra.<\/a><\/p>\n<h3><strong>Le Camping le Val de la Marquise<\/strong><\/h3>\n<p>Au sud-ouest de la Dordogne, ce camping est parfait pour un s\u00e9jour tout confort. Id\u00e9alement situ\u00e9 pr\u00e8s du Gouffre de Proumeyssac, il propose de nombreuses animations pendant tout votre s\u00e9jour.<\/p>\n<p><a href=\"http:\/\/www.campings.com\/fr\/camping\/camping-le-val-de-la-marquise-81955\">Plus d&rsquo;infos sur le Camping le Val de la Marquise<\/a><u>.<\/u><\/p>\n","protected":false},"excerpt":{"rendered":"<p>Envie de voyager sur les traces de nos plus lointains anc\u00eatres ? La Dordogne abrite des vestiges mill\u00e9naires datant de la Pr\u00e9histoire. Lors de votre s\u00e9jour en Dordogne, ne manquez pas de d\u00e9couvrir les magnifiques grottes pr\u00e9historiques de la r\u00e9gion ! La Dordogne regorge de gouffres et de grottes pr\u00e9historiques \u00e0 visiter. Pour d\u00e9couvrir les [&hellip;]<\/p>\n","protected":false},"author":18,"featured_media":0,"parent":2807,"menu_order":0,"comment_status":"closed","ping_status":"closed","template":"template-twocolumns.php","meta":{"_acf_changed":false,"footnotes":""},"class_list":["post-2838","page","type-page","status-publish","hentry"],"acf":[],"yoast_head":"<!-- This site is optimized with the Yoast SEO plugin v27.1.1 - https:\/\/yoast.com\/product\/yoast-seo-wordpress\/ -->\n<title>Les gouffres et grottes pr\u00e9historiques \u00e0 visiter en Dordogne -<\/title>\n<meta name=\"description\" content=\"Partez \u00e0 la d\u00e9couverte des c\u00e9l\u00e8bres gouffres et grottes de la pr\u00e9historiques en Dordogne pour des vacances en famille riches en d\u00e9couvertes et en \u00e9motions.\" \/>\n<meta name=\"robots\" content=\"index, follow, max-snippet:-1, max-image-preview:large, max-video-preview:-1\" \/>\n<link rel=\"canonical\" href=\"https:\/\/www.campings.com\/fr\/content\/guide-vacances-dordogne\/gouffres-et-grottes-dordogne\/\" \/>\n<meta property=\"og:locale\" content=\"fr_FR\" \/>\n<meta property=\"og:type\" content=\"article\" \/>\n<meta property=\"og:title\" content=\"Les gouffres et grottes pr\u00e9historiques \u00e0 visiter en Dordogne -\" \/>\n<meta property=\"og:description\" content=\"Partez \u00e0 la d\u00e9couverte des c\u00e9l\u00e8bres gouffres et grottes de la pr\u00e9historiques en Dordogne pour des vacances en famille riches en d\u00e9couvertes et en \u00e9motions.\" \/>\n<meta property=\"og:url\" content=\"https:\/\/www.campings.com\/fr\/content\/guide-vacances-dordogne\/gouffres-et-grottes-dordogne\/\" \/>\n<meta property=\"og:image\" content=\"https:\/\/www.campings.com\/fr\/content\/wp-content\/uploads\/2021\/06\/grotte-Copyright-BROCHARD-CRTNA-Peinture_des_grottes_de_Lascaux_II__Dordogne_24.-7590-800px.jpg\" \/>\n\t<meta property=\"og:image:width\" content=\"800\" \/>\n\t<meta property=\"og:image:height\" content=\"499\" \/>\n\t<meta property=\"og:image:type\" content=\"image\/jpeg\" \/>\n<meta name=\"twitter:card\" content=\"summary_large_image\" \/>\n<meta name=\"twitter:label1\" content=\"Dur\u00e9e de lecture estim\u00e9e\" \/>\n\t<meta name=\"twitter:data1\" content=\"4 minutes\" \/>\n<script type=\"application\/ld+json\" class=\"yoast-schema-graph\">{\"@context\":\"https:\/\/schema.org\",\"@graph\":[{\"@type\":\"WebPage\",\"@id\":\"https:\/\/www.campings.com\/fr\/content\/guide-vacances-dordogne\/gouffres-et-grottes-dordogne\/\",\"url\":\"https:\/\/www.campings.com\/fr\/content\/guide-vacances-dordogne\/gouffres-et-grottes-dordogne\/\",\"name\":\"Les gouffres et grottes pr\u00e9historiques \u00e0 visiter en Dordogne -\",\"isPartOf\":{\"@id\":\"https:\/\/www.campings.com\/fr\/content\/#website\"},\"primaryImageOfPage\":{\"@id\":\"https:\/\/www.campings.com\/fr\/content\/guide-vacances-dordogne\/gouffres-et-grottes-dordogne\/#primaryimage\"},\"image\":{\"@id\":\"https:\/\/www.campings.com\/fr\/content\/guide-vacances-dordogne\/gouffres-et-grottes-dordogne\/#primaryimage\"},\"thumbnailUrl\":\"https:\/\/www.campings.com\/fr\/content\/wp-content\/uploads\/2021\/06\/grotte-Copyright-BROCHARD-CRTNA-Peinture_des_grottes_de_Lascaux_II__Dordogne_24.-7590-800px.jpg\",\"datePublished\":\"2021-06-23T08:55:08+00:00\",\"description\":\"Partez \u00e0 la d\u00e9couverte des c\u00e9l\u00e8bres gouffres et grottes de la pr\u00e9historiques en Dordogne pour des vacances en famille riches en d\u00e9couvertes et en \u00e9motions.\",\"breadcrumb\":{\"@id\":\"https:\/\/www.campings.com\/fr\/content\/guide-vacances-dordogne\/gouffres-et-grottes-dordogne\/#breadcrumb\"},\"inLanguage\":\"fr-FR\",\"potentialAction\":[{\"@type\":\"ReadAction\",\"target\":[\"https:\/\/www.campings.com\/fr\/content\/guide-vacances-dordogne\/gouffres-et-grottes-dordogne\/\"]}]},{\"@type\":\"ImageObject\",\"inLanguage\":\"fr-FR\",\"@id\":\"https:\/\/www.campings.com\/fr\/content\/guide-vacances-dordogne\/gouffres-et-grottes-dordogne\/#primaryimage\",\"url\":\"https:\/\/www.campings.com\/fr\/content\/wp-content\/uploads\/2021\/06\/grotte-Copyright-BROCHARD-CRTNA-Peinture_des_grottes_de_Lascaux_II__Dordogne_24.-7590-800px.jpg\",\"contentUrl\":\"https:\/\/www.campings.com\/fr\/content\/wp-content\/uploads\/2021\/06\/grotte-Copyright-BROCHARD-CRTNA-Peinture_des_grottes_de_Lascaux_II__Dordogne_24.-7590-800px.jpg\",\"width\":800,\"height\":499},{\"@type\":\"BreadcrumbList\",\"@id\":\"https:\/\/www.campings.com\/fr\/content\/guide-vacances-dordogne\/gouffres-et-grottes-dordogne\/#breadcrumb\",\"itemListElement\":[{\"@type\":\"ListItem\",\"position\":1,\"name\":\"Home\",\"item\":\"https:\/\/www.campings.com\/fr\/content\/\"},{\"@type\":\"ListItem\",\"position\":2,\"name\":\"Le guide pour vos vacances en Dordogne\",\"item\":\"https:\/\/www.campings.com\/fr\/content\/guide-vacances-dordogne\/\"},{\"@type\":\"ListItem\",\"position\":3,\"name\":\"Les gouffres et grottes pr\u00e9historiques \u00e0 visiter en Dordogne\"}]},{\"@type\":\"WebSite\",\"@id\":\"https:\/\/www.campings.com\/fr\/content\/#website\",\"url\":\"https:\/\/www.campings.com\/fr\/content\/\",\"name\":\"\",\"description\":\"\",\"publisher\":{\"@id\":\"https:\/\/www.campings.com\/fr\/content\/#organization\"},\"potentialAction\":[{\"@type\":\"SearchAction\",\"target\":{\"@type\":\"EntryPoint\",\"urlTemplate\":\"https:\/\/www.campings.com\/fr\/content\/?s={search_term_string}\"},\"query-input\":{\"@type\":\"PropertyValueSpecification\",\"valueRequired\":true,\"valueName\":\"search_term_string\"}}],\"inLanguage\":\"fr-FR\"},{\"@type\":\"Organization\",\"@id\":\"https:\/\/www.campings.com\/fr\/content\/#organization\",\"name\":\"CAMPINGS.COM\",\"url\":\"https:\/\/www.campings.com\/fr\/content\/\",\"logo\":{\"@type\":\"ImageObject\",\"inLanguage\":\"fr-FR\",\"@id\":\"https:\/\/www.campings.com\/fr\/content\/#\/schema\/logo\/image\/\",\"url\":\"https:\/\/www.campings.com\/fr\/content\/wp-content\/uploads\/2019\/01\/cropped-logo-1.png\",\"contentUrl\":\"https:\/\/www.campings.com\/fr\/content\/wp-content\/uploads\/2019\/01\/cropped-logo-1.png\",\"width\":174,\"height\":42,\"caption\":\"CAMPINGS.COM\"},\"image\":{\"@id\":\"https:\/\/www.campings.com\/fr\/content\/#\/schema\/logo\/image\/\"}}]}<\/script>\n<!-- \/ Yoast SEO plugin. -->","yoast_head_json":{"title":"Les gouffres et grottes pr\u00e9historiques \u00e0 visiter en Dordogne -","description":"Partez \u00e0 la d\u00e9couverte des c\u00e9l\u00e8bres gouffres et grottes de la pr\u00e9historiques en Dordogne pour des vacances en famille riches en d\u00e9couvertes et en \u00e9motions.","robots":{"index":"index","follow":"follow","max-snippet":"max-snippet:-1","max-image-preview":"max-image-preview:large","max-video-preview":"max-video-preview:-1"},"canonical":"https:\/\/www.campings.com\/fr\/content\/guide-vacances-dordogne\/gouffres-et-grottes-dordogne\/","og_locale":"fr_FR","og_type":"article","og_title":"Les gouffres et grottes pr\u00e9historiques \u00e0 visiter en Dordogne -","og_description":"Partez \u00e0 la d\u00e9couverte des c\u00e9l\u00e8bres gouffres et grottes de la pr\u00e9historiques en Dordogne pour des vacances en famille riches en d\u00e9couvertes et en \u00e9motions.","og_url":"https:\/\/www.campings.com\/fr\/content\/guide-vacances-dordogne\/gouffres-et-grottes-dordogne\/","og_image":[{"width":800,"height":499,"url":"https:\/\/www.campings.com\/fr\/content\/wp-content\/uploads\/2021\/06\/grotte-Copyright-BROCHARD-CRTNA-Peinture_des_grottes_de_Lascaux_II__Dordogne_24.-7590-800px.jpg","type":"image\/jpeg"}],"twitter_card":"summary_large_image","twitter_misc":{"Dur\u00e9e de lecture estim\u00e9e":"4 minutes"},"schema":{"@context":"https:\/\/schema.org","@graph":[{"@type":"WebPage","@id":"https:\/\/www.campings.com\/fr\/content\/guide-vacances-dordogne\/gouffres-et-grottes-dordogne\/","url":"https:\/\/www.campings.com\/fr\/content\/guide-vacances-dordogne\/gouffres-et-grottes-dordogne\/","name":"Les gouffres et grottes pr\u00e9historiques \u00e0 visiter en Dordogne -","isPartOf":{"@id":"https:\/\/www.campings.com\/fr\/content\/#website"},"primaryImageOfPage":{"@id":"https:\/\/www.campings.com\/fr\/content\/guide-vacances-dordogne\/gouffres-et-grottes-dordogne\/#primaryimage"},"image":{"@id":"https:\/\/www.campings.com\/fr\/content\/guide-vacances-dordogne\/gouffres-et-grottes-dordogne\/#primaryimage"},"thumbnailUrl":"https:\/\/www.campings.com\/fr\/content\/wp-content\/uploads\/2021\/06\/grotte-Copyright-BROCHARD-CRTNA-Peinture_des_grottes_de_Lascaux_II__Dordogne_24.-7590-800px.jpg","datePublished":"2021-06-23T08:55:08+00:00","description":"Partez \u00e0 la d\u00e9couverte des c\u00e9l\u00e8bres gouffres et grottes de la pr\u00e9historiques en Dordogne pour des vacances en famille riches en d\u00e9couvertes et en \u00e9motions.","breadcrumb":{"@id":"https:\/\/www.campings.com\/fr\/content\/guide-vacances-dordogne\/gouffres-et-grottes-dordogne\/#breadcrumb"},"inLanguage":"fr-FR","potentialAction":[{"@type":"ReadAction","target":["https:\/\/www.campings.com\/fr\/content\/guide-vacances-dordogne\/gouffres-et-grottes-dordogne\/"]}]},{"@type":"ImageObject","inLanguage":"fr-FR","@id":"https:\/\/www.campings.com\/fr\/content\/guide-vacances-dordogne\/gouffres-et-grottes-dordogne\/#primaryimage","url":"https:\/\/www.campings.com\/fr\/content\/wp-content\/uploads\/2021\/06\/grotte-Copyright-BROCHARD-CRTNA-Peinture_des_grottes_de_Lascaux_II__Dordogne_24.-7590-800px.jpg","contentUrl":"https:\/\/www.campings.com\/fr\/content\/wp-content\/uploads\/2021\/06\/grotte-Copyright-BROCHARD-CRTNA-Peinture_des_grottes_de_Lascaux_II__Dordogne_24.-7590-800px.jpg","width":800,"height":499},{"@type":"BreadcrumbList","@id":"https:\/\/www.campings.com\/fr\/content\/guide-vacances-dordogne\/gouffres-et-grottes-dordogne\/#breadcrumb","itemListElement":[{"@type":"ListItem","position":1,"name":"Home","item":"https:\/\/www.campings.com\/fr\/content\/"},{"@type":"ListItem","position":2,"name":"Le guide pour vos vacances en Dordogne","item":"https:\/\/www.campings.com\/fr\/content\/guide-vacances-dordogne\/"},{"@type":"ListItem","position":3,"name":"Les gouffres et grottes pr\u00e9historiques \u00e0 visiter en Dordogne"}]},{"@type":"WebSite","@id":"https:\/\/www.campings.com\/fr\/content\/#website","url":"https:\/\/www.campings.com\/fr\/content\/","name":"","description":"","publisher":{"@id":"https:\/\/www.campings.com\/fr\/content\/#organization"},"potentialAction":[{"@type":"SearchAction","target":{"@type":"EntryPoint","urlTemplate":"https:\/\/www.campings.com\/fr\/content\/?s={search_term_string}"},"query-input":{"@type":"PropertyValueSpecification","valueRequired":true,"valueName":"search_term_string"}}],"inLanguage":"fr-FR"},{"@type":"Organization","@id":"https:\/\/www.campings.com\/fr\/content\/#organization","name":"CAMPINGS.COM","url":"https:\/\/www.campings.com\/fr\/content\/","logo":{"@type":"ImageObject","inLanguage":"fr-FR","@id":"https:\/\/www.campings.com\/fr\/content\/#\/schema\/logo\/image\/","url":"https:\/\/www.campings.com\/fr\/content\/wp-content\/uploads\/2019\/01\/cropped-logo-1.png","contentUrl":"https:\/\/www.campings.com\/fr\/content\/wp-content\/uploads\/2019\/01\/cropped-logo-1.png","width":174,"height":42,"caption":"CAMPINGS.COM"},"image":{"@id":"https:\/\/www.campings.com\/fr\/content\/#\/schema\/logo\/image\/"}}]}},"_links":{"self":[{"href":"https:\/\/www.campings.com\/fr\/content\/wp-json\/wp\/v2\/pages\/2838","targetHints":{"allow":["GET"]}}],"collection":[{"href":"https:\/\/www.campings.com\/fr\/content\/wp-json\/wp\/v2\/pages"}],"about":[{"href":"https:\/\/www.campings.com\/fr\/content\/wp-json\/wp\/v2\/types\/page"}],"author":[{"embeddable":true,"href":"https:\/\/www.campings.com\/fr\/content\/wp-json\/wp\/v2\/users\/18"}],"replies":[{"embeddable":true,"href":"https:\/\/www.campings.com\/fr\/content\/wp-json\/wp\/v2\/comments?post=2838"}],"version-history":[{"count":1,"href":"https:\/\/www.campings.com\/fr\/content\/wp-json\/wp\/v2\/pages\/2838\/revisions"}],"predecessor-version":[{"id":2841,"href":"https:\/\/www.campings.com\/fr\/content\/wp-json\/wp\/v2\/pages\/2838\/revisions\/2841"}],"up":[{"embeddable":true,"href":"https:\/\/www.campings.com\/fr\/content\/wp-json\/wp\/v2\/pages\/2807"}],"wp:attachment":[{"href":"https:\/\/www.campings.com\/fr\/content\/wp-json\/wp\/v2\/media?parent=2838"}],"curies":[{"name":"wp","href":"https:\/\/api.w.org\/{rel}","templated":true}]}}