{"id":2819,"date":"2021-06-22T17:33:41","date_gmt":"2021-06-22T17:33:41","guid":{"rendered":"https:\/\/www.campings.com\/fr\/content\/?page_id=2819"},"modified":"2021-06-22T17:33:41","modified_gmt":"2021-06-22T17:33:41","slug":"ou-se-baigner-en-dordogne","status":"publish","type":"page","link":"https:\/\/www.campings.com\/fr\/content\/guide-vacances-dordogne\/ou-se-baigner-en-dordogne\/","title":{"rendered":"O\u00f9 se baigner en Dordogne ?"},"content":{"rendered":"<p>En plus de ses magnifiques ch\u00e2teaux, la Dordogne en Nouvelle-Aquitaine compte aussi de nombreux spots de baignade. D\u00e9couvrez les meilleurs spots qui feront le bonheur des baigneurs o\u00f9 piquer une t\u00eate dans l\u2019eau !<\/p>\n<p>Avec 9 000 km\u00b2 de superficie,<a href=\"https:\/\/www.campings.com\/fr\/content\/guide-vacances-dordogne\/\"> <u>la\u00a0Dordogne<\/u><\/a>\u00a0est le 3e d\u00e9partement de France. Entre ses fleuves, ses ruisseaux, ses berges abruptes, son r\u00e9seau hydrographique totalise plus 5 000 km de cours d\u2019eau. D\u00e9couvrez dans ce guide les meilleurs lieux o\u00f9 se baigner en Dordogne.<\/p>\n<h2>O\u00f9 se baigner au bord de la Dordogne ?<\/h2>\n<h3><strong>Plage de Beaulieu-sur-Dordogne, un spot de baignade sur le bord de Dordogne\u00a0<\/strong><\/h3>\n<p>Situ\u00e9e \u00e0 Beaulieu-sur-Dordogne, cette plage de sable et d\u2019herbe est facilement accessible en voiture en passant par Altillac. Sur place, un parking et des tables de pique-nique sont \u00e0 la disposition des visiteurs.<\/p>\n<p><img loading=\"lazy\" decoding=\"async\" class=\"alignnone size-full wp-image-2820\" src=\"https:\/\/www.campings.com\/fr\/content\/wp-content\/uploads\/2021\/06\/baignade-Copyright-Laetis-CRTNA-Vue_de_Beaulieu_sur_Dordogne-1248-800px.jpg\" alt=\"\" width=\"800\" height=\"531\" \/><\/p>\n<h3>Baignade dans le Lot \u00e0 la Plage de Souillac<\/h3>\n<p>La plage de Souillac est situ\u00e9e au bord de la rivi\u00e8re dans un \u00e9crin de verdure. Elle est r\u00e9put\u00e9e pour la puret\u00e9 de son eau et son climat agr\u00e9able en \u00e9t\u00e9.<\/p>\n<h3>Plage de Gluges<\/h3>\n<p>Situ\u00e9e aux pieds des falaises de la Dordogne, la plage de Gluges est accessible toute l\u2019ann\u00e9e. En \u00e9t\u00e9, la baignade y est surveill\u00e9e tous les apr\u00e8s-midis.<\/p>\n<h3>Plage de Creysse<\/h3>\n<p>Sur les rives de la\u00a0Dordogne, Creysse est un village riche en patrimoine, aussi r\u00e9put\u00e9 pour ses plages de galets.<\/p>\n<h2><strong>O\u00f9 se baigner pr\u00e8s de Lascaux ou de Sarlat ? <\/strong><\/h2>\n<h3>Lac de Tamni\u00e8s<\/h3>\n<p>Le lac de Tamni\u00e8s se trouve entre Sarlat, Montignac et les Eyzies. Une plage est am\u00e9nag\u00e9e sur l\u2019une de ses extr\u00e9mit\u00e9s o\u00f9 vous pourrez profiter de nombreux loisirs : p\u00eache, kayak, baignade, randonn\u00e9e\u2026<\/p>\n<h3>Plage de Vitrac<\/h3>\n<p>Vitrac est une commune travers\u00e9e par la rivi\u00e8re Dordogne, appartenant \u00e0 l\u2019aire urbaine de Sarlat-la-Can\u00e9da. Ce spot de baignade est tr\u00e8s pris\u00e9 en raison de la qualit\u00e9 de l\u2019eau et des nombreuses activit\u00e9s nautiques propos\u00e9es.<\/p>\n<h3>Les Tours 154, sur la V\u00e9z\u00e8re<\/h3>\n<p>Situ\u00e9 en amont de Les-Eyziers-de-Tayac-Sireuil, \u00e0 une vingtaine de minutes de Sarlat, une baignade sauvage est accessible apr\u00e8s avoir avoir suivi des sentiers \u00e0 travers champs. A la fin du chemin, une \u00eele de galets entour\u00e9e de grandes falaises blanches vous attend.<\/p>\n<h2><strong>Lac de Pombonne<\/strong><\/h2>\n<p>Le lac de Pombonne est ouvert \u00e0 la baignade entre juin et ao\u00fbt. L\u2019acc\u00e8s est gratuit et surveill\u00e9 durant ses heures d\u2019ouverture.<\/p>\n<h2><strong>\u00a0Lac de Gurson<\/strong><\/h2>\n<p>Ce lac a \u00e9t\u00e9 enti\u00e8rement pens\u00e9 et am\u00e9nag\u00e9 pour le bien-\u00eatre de ses visiteurs. Il est ouvert \u00e0 la baignade de mi-juin au 1er septembre. Pendant les heures d\u2019ouverture, des surveillants de baignade dipl\u00f4m\u00e9s surveillent les lieux.<\/p>\n<h2><strong>Le plan d\u2019eau du Coiroux (Aubazines)<\/strong><\/h2>\n<p>Le plan d\u2019eau du Coiroux s\u2019\u00e9tend sur plus de 24 ha. Entre juillet et ao\u00fbt, la baignade est surveill\u00e9e de 13h \u00e0 19h.<\/p>\n<h2><strong>Le plan d\u2019eau de Mas de la Croix (Tauriac), pour une baignade sauvage en Dordogne\u00a0<\/strong><\/h2>\n<p>Dans ce petit \u00e9crin de verdure, la baignade est surveill\u00e9e tous les apr\u00e8s-midi d\u2019\u00e9t\u00e9. En plus du parking, cette jolie plage enherb\u00e9e propose aussi des services de restauration.<\/p>\n<h2><strong>S\u00e9lection des campings \u00e0 proximit\u00e9 des lieux de baignade en Dordogne\u00a0<\/strong><\/h2>\n<p>La\u00a0<a href=\"https:\/\/www.campings.com\/fr\/content\/guide-vacances-dordogne\/\"><u>Dordogne<\/u><\/a>\u00a0est appr\u00e9ci\u00e9e des touristes pour ses plages de sable, d\u2019herbe ou de galets. Des spots de baignade parfaits pour pique-niquer en famille ou entre amis. Pour profiter pleinement des merveilles de la r\u00e9gion, voici une s\u00e9lection de campings situ\u00e9s \u00e0 proximit\u00e9 des lieux de baignade.<\/p>\n<h3><strong>Camping La Cigaline<\/strong><\/h3>\n<p>Install\u00e9 \u00e0 Montpon-M\u00e9nest\u00e9rol, le camping La cigale est l\u2019endroit parfait pour des vacances en famille. Il offre des services de qualit\u00e9 afin d\u2019assurer le bien-\u00eatre des campeurs. En plus de la laverie et du wifi, vous avez la possibilit\u00e9 de louer un barbecue.<\/p>\n<p><a href=\"https:\/\/www.campings.com\/fr\/camping\/camping-la-cigaline-77783\">Plus d\u2019infos sur le camping La Cigaline<\/a>.<\/p>\n<h3><strong>Camping Soleil Plage<\/strong><\/h3>\n<p>Le camping Soleil Plage offre un cadre id\u00e9al pour la baignade. Situ\u00e9 sur les rives de la Dordogne il dispose aussi d\u2019un club nautique. Et pour ceux qui souhaitent go\u00fbter \u00e0 la gastronomie dordognaise, un restaurant traditionnel est ouvert \u00e0 tous.<\/p>\n<p><a href=\"https:\/\/www.campings.com\/fr\/camping\/camping-soleil-plage-81828\">Plus d\u2019infos sur le camping Soleil Plage<\/a>.<\/p>\n<h3><strong>Camping Paradis l\u2019Escapade\u00a0<\/strong><\/h3>\n<p>Le camping Paradis l\u2019Escapade est situ\u00e9 dans un cadre simple et r\u00e9unit toutes les conditions pour des vacances r\u00e9ussies en famille. En plus du wifi et de la laverie, l\u2019\u00e9tablissement propose des espaces de restauration et une sup\u00e9rette.<\/p>\n<p><a href=\"https:\/\/www.campings.com\/fr\/camping\/l-escapade-camping-paradis-77506\">Plus d\u2019infos sur le camping Paradis l\u2019Escapade<\/a>.<\/p>\n<p>&nbsp;<\/p>\n","protected":false},"excerpt":{"rendered":"<p>En plus de ses magnifiques ch\u00e2teaux, la Dordogne en Nouvelle-Aquitaine compte aussi de nombreux spots de baignade. D\u00e9couvrez les meilleurs spots qui feront le bonheur des baigneurs o\u00f9 piquer une t\u00eate dans l\u2019eau ! Avec 9 000 km\u00b2 de superficie, la\u00a0Dordogne\u00a0est le 3e d\u00e9partement de France. Entre ses fleuves, ses ruisseaux, ses berges abruptes, son [&hellip;]<\/p>\n","protected":false},"author":18,"featured_media":0,"parent":2807,"menu_order":0,"comment_status":"closed","ping_status":"closed","template":"template-twocolumns.php","meta":{"_acf_changed":false,"footnotes":""},"class_list":["post-2819","page","type-page","status-publish","hentry"],"acf":[],"yoast_head":"<!-- This site is optimized with the Yoast SEO plugin v27.1.1 - https:\/\/yoast.com\/product\/yoast-seo-wordpress\/ -->\n<title>O\u00f9 se baigner en Dordogne ? -<\/title>\n<meta name=\"description\" content=\"D\u00e9couvrez le top 10 des meilleurs lieux de baignade en Dordogne, un territoire qui regorge de rivi\u00e8res, plans d\u2019eau, lacs et plages am\u00e9nag\u00e9es.\" \/>\n<meta name=\"robots\" content=\"index, follow, max-snippet:-1, max-image-preview:large, max-video-preview:-1\" \/>\n<link rel=\"canonical\" href=\"https:\/\/www.campings.com\/fr\/content\/guide-vacances-dordogne\/ou-se-baigner-en-dordogne\/\" \/>\n<meta property=\"og:locale\" content=\"fr_FR\" \/>\n<meta property=\"og:type\" content=\"article\" \/>\n<meta property=\"og:title\" content=\"O\u00f9 se baigner en Dordogne ? -\" \/>\n<meta property=\"og:description\" content=\"D\u00e9couvrez le top 10 des meilleurs lieux de baignade en Dordogne, un territoire qui regorge de rivi\u00e8res, plans d\u2019eau, lacs et plages am\u00e9nag\u00e9es.\" \/>\n<meta property=\"og:url\" content=\"https:\/\/www.campings.com\/fr\/content\/guide-vacances-dordogne\/ou-se-baigner-en-dordogne\/\" \/>\n<meta property=\"og:image\" content=\"https:\/\/www.campings.com\/fr\/content\/wp-content\/uploads\/2021\/06\/baignade-Copyright-Laetis-CRTNA-Vue_de_Beaulieu_sur_Dordogne-1248-800px.jpg\" \/>\n\t<meta property=\"og:image:width\" content=\"800\" \/>\n\t<meta property=\"og:image:height\" content=\"531\" \/>\n\t<meta property=\"og:image:type\" content=\"image\/jpeg\" \/>\n<meta name=\"twitter:card\" content=\"summary_large_image\" \/>\n<meta name=\"twitter:label1\" content=\"Dur\u00e9e de lecture estim\u00e9e\" \/>\n\t<meta name=\"twitter:data1\" content=\"4 minutes\" \/>\n<script type=\"application\/ld+json\" class=\"yoast-schema-graph\">{\"@context\":\"https:\/\/schema.org\",\"@graph\":[{\"@type\":\"WebPage\",\"@id\":\"https:\/\/www.campings.com\/fr\/content\/guide-vacances-dordogne\/ou-se-baigner-en-dordogne\/\",\"url\":\"https:\/\/www.campings.com\/fr\/content\/guide-vacances-dordogne\/ou-se-baigner-en-dordogne\/\",\"name\":\"O\u00f9 se baigner en Dordogne ? -\",\"isPartOf\":{\"@id\":\"https:\/\/www.campings.com\/fr\/content\/#website\"},\"primaryImageOfPage\":{\"@id\":\"https:\/\/www.campings.com\/fr\/content\/guide-vacances-dordogne\/ou-se-baigner-en-dordogne\/#primaryimage\"},\"image\":{\"@id\":\"https:\/\/www.campings.com\/fr\/content\/guide-vacances-dordogne\/ou-se-baigner-en-dordogne\/#primaryimage\"},\"thumbnailUrl\":\"https:\/\/www.campings.com\/fr\/content\/wp-content\/uploads\/2021\/06\/baignade-Copyright-Laetis-CRTNA-Vue_de_Beaulieu_sur_Dordogne-1248-800px.jpg\",\"datePublished\":\"2021-06-22T17:33:41+00:00\",\"description\":\"D\u00e9couvrez le top 10 des meilleurs lieux de baignade en Dordogne, un territoire qui regorge de rivi\u00e8res, plans d\u2019eau, lacs et plages am\u00e9nag\u00e9es.\",\"breadcrumb\":{\"@id\":\"https:\/\/www.campings.com\/fr\/content\/guide-vacances-dordogne\/ou-se-baigner-en-dordogne\/#breadcrumb\"},\"inLanguage\":\"fr-FR\",\"potentialAction\":[{\"@type\":\"ReadAction\",\"target\":[\"https:\/\/www.campings.com\/fr\/content\/guide-vacances-dordogne\/ou-se-baigner-en-dordogne\/\"]}]},{\"@type\":\"ImageObject\",\"inLanguage\":\"fr-FR\",\"@id\":\"https:\/\/www.campings.com\/fr\/content\/guide-vacances-dordogne\/ou-se-baigner-en-dordogne\/#primaryimage\",\"url\":\"https:\/\/www.campings.com\/fr\/content\/wp-content\/uploads\/2021\/06\/baignade-Copyright-Laetis-CRTNA-Vue_de_Beaulieu_sur_Dordogne-1248-800px.jpg\",\"contentUrl\":\"https:\/\/www.campings.com\/fr\/content\/wp-content\/uploads\/2021\/06\/baignade-Copyright-Laetis-CRTNA-Vue_de_Beaulieu_sur_Dordogne-1248-800px.jpg\",\"width\":800,\"height\":531},{\"@type\":\"BreadcrumbList\",\"@id\":\"https:\/\/www.campings.com\/fr\/content\/guide-vacances-dordogne\/ou-se-baigner-en-dordogne\/#breadcrumb\",\"itemListElement\":[{\"@type\":\"ListItem\",\"position\":1,\"name\":\"Home\",\"item\":\"https:\/\/www.campings.com\/fr\/content\/\"},{\"@type\":\"ListItem\",\"position\":2,\"name\":\"Le guide pour vos vacances en Dordogne\",\"item\":\"https:\/\/www.campings.com\/fr\/content\/guide-vacances-dordogne\/\"},{\"@type\":\"ListItem\",\"position\":3,\"name\":\"O\u00f9 se baigner en Dordogne ?\"}]},{\"@type\":\"WebSite\",\"@id\":\"https:\/\/www.campings.com\/fr\/content\/#website\",\"url\":\"https:\/\/www.campings.com\/fr\/content\/\",\"name\":\"\",\"description\":\"\",\"publisher\":{\"@id\":\"https:\/\/www.campings.com\/fr\/content\/#organization\"},\"potentialAction\":[{\"@type\":\"SearchAction\",\"target\":{\"@type\":\"EntryPoint\",\"urlTemplate\":\"https:\/\/www.campings.com\/fr\/content\/?s={search_term_string}\"},\"query-input\":{\"@type\":\"PropertyValueSpecification\",\"valueRequired\":true,\"valueName\":\"search_term_string\"}}],\"inLanguage\":\"fr-FR\"},{\"@type\":\"Organization\",\"@id\":\"https:\/\/www.campings.com\/fr\/content\/#organization\",\"name\":\"CAMPINGS.COM\",\"url\":\"https:\/\/www.campings.com\/fr\/content\/\",\"logo\":{\"@type\":\"ImageObject\",\"inLanguage\":\"fr-FR\",\"@id\":\"https:\/\/www.campings.com\/fr\/content\/#\/schema\/logo\/image\/\",\"url\":\"https:\/\/www.campings.com\/fr\/content\/wp-content\/uploads\/2019\/01\/cropped-logo-1.png\",\"contentUrl\":\"https:\/\/www.campings.com\/fr\/content\/wp-content\/uploads\/2019\/01\/cropped-logo-1.png\",\"width\":174,\"height\":42,\"caption\":\"CAMPINGS.COM\"},\"image\":{\"@id\":\"https:\/\/www.campings.com\/fr\/content\/#\/schema\/logo\/image\/\"}}]}<\/script>\n<!-- \/ Yoast SEO plugin. -->","yoast_head_json":{"title":"O\u00f9 se baigner en Dordogne ? -","description":"D\u00e9couvrez le top 10 des meilleurs lieux de baignade en Dordogne, un territoire qui regorge de rivi\u00e8res, plans d\u2019eau, lacs et plages am\u00e9nag\u00e9es.","robots":{"index":"index","follow":"follow","max-snippet":"max-snippet:-1","max-image-preview":"max-image-preview:large","max-video-preview":"max-video-preview:-1"},"canonical":"https:\/\/www.campings.com\/fr\/content\/guide-vacances-dordogne\/ou-se-baigner-en-dordogne\/","og_locale":"fr_FR","og_type":"article","og_title":"O\u00f9 se baigner en Dordogne ? -","og_description":"D\u00e9couvrez le top 10 des meilleurs lieux de baignade en Dordogne, un territoire qui regorge de rivi\u00e8res, plans d\u2019eau, lacs et plages am\u00e9nag\u00e9es.","og_url":"https:\/\/www.campings.com\/fr\/content\/guide-vacances-dordogne\/ou-se-baigner-en-dordogne\/","og_image":[{"width":800,"height":531,"url":"https:\/\/www.campings.com\/fr\/content\/wp-content\/uploads\/2021\/06\/baignade-Copyright-Laetis-CRTNA-Vue_de_Beaulieu_sur_Dordogne-1248-800px.jpg","type":"image\/jpeg"}],"twitter_card":"summary_large_image","twitter_misc":{"Dur\u00e9e de lecture estim\u00e9e":"4 minutes"},"schema":{"@context":"https:\/\/schema.org","@graph":[{"@type":"WebPage","@id":"https:\/\/www.campings.com\/fr\/content\/guide-vacances-dordogne\/ou-se-baigner-en-dordogne\/","url":"https:\/\/www.campings.com\/fr\/content\/guide-vacances-dordogne\/ou-se-baigner-en-dordogne\/","name":"O\u00f9 se baigner en Dordogne ? -","isPartOf":{"@id":"https:\/\/www.campings.com\/fr\/content\/#website"},"primaryImageOfPage":{"@id":"https:\/\/www.campings.com\/fr\/content\/guide-vacances-dordogne\/ou-se-baigner-en-dordogne\/#primaryimage"},"image":{"@id":"https:\/\/www.campings.com\/fr\/content\/guide-vacances-dordogne\/ou-se-baigner-en-dordogne\/#primaryimage"},"thumbnailUrl":"https:\/\/www.campings.com\/fr\/content\/wp-content\/uploads\/2021\/06\/baignade-Copyright-Laetis-CRTNA-Vue_de_Beaulieu_sur_Dordogne-1248-800px.jpg","datePublished":"2021-06-22T17:33:41+00:00","description":"D\u00e9couvrez le top 10 des meilleurs lieux de baignade en Dordogne, un territoire qui regorge de rivi\u00e8res, plans d\u2019eau, lacs et plages am\u00e9nag\u00e9es.","breadcrumb":{"@id":"https:\/\/www.campings.com\/fr\/content\/guide-vacances-dordogne\/ou-se-baigner-en-dordogne\/#breadcrumb"},"inLanguage":"fr-FR","potentialAction":[{"@type":"ReadAction","target":["https:\/\/www.campings.com\/fr\/content\/guide-vacances-dordogne\/ou-se-baigner-en-dordogne\/"]}]},{"@type":"ImageObject","inLanguage":"fr-FR","@id":"https:\/\/www.campings.com\/fr\/content\/guide-vacances-dordogne\/ou-se-baigner-en-dordogne\/#primaryimage","url":"https:\/\/www.campings.com\/fr\/content\/wp-content\/uploads\/2021\/06\/baignade-Copyright-Laetis-CRTNA-Vue_de_Beaulieu_sur_Dordogne-1248-800px.jpg","contentUrl":"https:\/\/www.campings.com\/fr\/content\/wp-content\/uploads\/2021\/06\/baignade-Copyright-Laetis-CRTNA-Vue_de_Beaulieu_sur_Dordogne-1248-800px.jpg","width":800,"height":531},{"@type":"BreadcrumbList","@id":"https:\/\/www.campings.com\/fr\/content\/guide-vacances-dordogne\/ou-se-baigner-en-dordogne\/#breadcrumb","itemListElement":[{"@type":"ListItem","position":1,"name":"Home","item":"https:\/\/www.campings.com\/fr\/content\/"},{"@type":"ListItem","position":2,"name":"Le guide pour vos vacances en Dordogne","item":"https:\/\/www.campings.com\/fr\/content\/guide-vacances-dordogne\/"},{"@type":"ListItem","position":3,"name":"O\u00f9 se baigner en Dordogne ?"}]},{"@type":"WebSite","@id":"https:\/\/www.campings.com\/fr\/content\/#website","url":"https:\/\/www.campings.com\/fr\/content\/","name":"","description":"","publisher":{"@id":"https:\/\/www.campings.com\/fr\/content\/#organization"},"potentialAction":[{"@type":"SearchAction","target":{"@type":"EntryPoint","urlTemplate":"https:\/\/www.campings.com\/fr\/content\/?s={search_term_string}"},"query-input":{"@type":"PropertyValueSpecification","valueRequired":true,"valueName":"search_term_string"}}],"inLanguage":"fr-FR"},{"@type":"Organization","@id":"https:\/\/www.campings.com\/fr\/content\/#organization","name":"CAMPINGS.COM","url":"https:\/\/www.campings.com\/fr\/content\/","logo":{"@type":"ImageObject","inLanguage":"fr-FR","@id":"https:\/\/www.campings.com\/fr\/content\/#\/schema\/logo\/image\/","url":"https:\/\/www.campings.com\/fr\/content\/wp-content\/uploads\/2019\/01\/cropped-logo-1.png","contentUrl":"https:\/\/www.campings.com\/fr\/content\/wp-content\/uploads\/2019\/01\/cropped-logo-1.png","width":174,"height":42,"caption":"CAMPINGS.COM"},"image":{"@id":"https:\/\/www.campings.com\/fr\/content\/#\/schema\/logo\/image\/"}}]}},"_links":{"self":[{"href":"https:\/\/www.campings.com\/fr\/content\/wp-json\/wp\/v2\/pages\/2819","targetHints":{"allow":["GET"]}}],"collection":[{"href":"https:\/\/www.campings.com\/fr\/content\/wp-json\/wp\/v2\/pages"}],"about":[{"href":"https:\/\/www.campings.com\/fr\/content\/wp-json\/wp\/v2\/types\/page"}],"author":[{"embeddable":true,"href":"https:\/\/www.campings.com\/fr\/content\/wp-json\/wp\/v2\/users\/18"}],"replies":[{"embeddable":true,"href":"https:\/\/www.campings.com\/fr\/content\/wp-json\/wp\/v2\/comments?post=2819"}],"version-history":[{"count":1,"href":"https:\/\/www.campings.com\/fr\/content\/wp-json\/wp\/v2\/pages\/2819\/revisions"}],"predecessor-version":[{"id":2821,"href":"https:\/\/www.campings.com\/fr\/content\/wp-json\/wp\/v2\/pages\/2819\/revisions\/2821"}],"up":[{"embeddable":true,"href":"https:\/\/www.campings.com\/fr\/content\/wp-json\/wp\/v2\/pages\/2807"}],"wp:attachment":[{"href":"https:\/\/www.campings.com\/fr\/content\/wp-json\/wp\/v2\/media?parent=2819"}],"curies":[{"name":"wp","href":"https:\/\/api.w.org\/{rel}","templated":true}]}}