{"id":2815,"date":"2021-06-22T17:26:11","date_gmt":"2021-06-22T17:26:11","guid":{"rendered":"https:\/\/www.campings.com\/fr\/content\/?page_id=2815"},"modified":"2021-06-22T17:26:11","modified_gmt":"2021-06-22T17:26:11","slug":"chateaux-perigord","status":"publish","type":"page","link":"https:\/\/www.campings.com\/fr\/content\/guide-vacances-dordogne\/chateaux-perigord\/","title":{"rendered":"Les plus beaux ch\u00e2teaux du P\u00e9rigord \u00e0 d\u00e9couvrir en Dordogne"},"content":{"rendered":"<p>L\u2019\u00e9poque m\u00e9di\u00e9vale vous fascine ? Plongez au temps des chevaliers et partez \u00e0 la d\u00e9couverte des plus beaux ch\u00e2teaux du P\u00e9rigord en Dordogne ! Riche d\u2019un patrimoine historique exceptionnel, la Dordogne compte de nombreux monuments class\u00e9s \u00e0 d\u00e9couvrir.<\/p>\n<p>Soif de d\u00e9couvertes pour vos prochaines vacances ? Mettez le cap sur la <a href=\"https:\/\/www.campings.com\/fr\/content\/guide-vacances-dordogne\/\"><u>Dordogne<\/u><\/a> pour faire le plein d\u2019aventures ! Terre de ch\u00e2teaux, la Dordogne est jalonn\u00e9e de vieilles pierres magnifiquement pr\u00e9serv\u00e9es \u00e0 explorer\u2026 Ch\u00e2teaux fortifi\u00e9s, manoirs m\u00e9di\u00e9vaux, abbayes : d\u00e9couvrez les meilleurs sites touristiques \u00e0 visiter pendant votre s\u00e9jour.<\/p>\n<h2><strong>Ch\u00e2teau de Castelnaud-la-Chapelle\u00a0<\/strong><\/h2>\n<p>Le ch\u00e2teau de Castelnaud-la-Chapelle se trouve en plein c\u0153ur du P\u00e9rigord Noir, en Dordogne\u2026 La rivi\u00e8re Dordogne et son affluent le C\u00e9ou se rejoignent aux pieds du ch\u00e2teau. Gr\u00e2ce \u00e0 sa richesse patrimoniale et ses petites ruelles de pierre, le village est l\u2019un des plus beaux du P\u00e9rigord Noir.<\/p>\n<p><img loading=\"lazy\" decoding=\"async\" class=\"alignnone size-full wp-image-2816\" src=\"https:\/\/www.campings.com\/fr\/content\/wp-content\/uploads\/2021\/06\/chateau-Copyright-Alban_Gilbert-CRTNA-Vue_de_Castelnaud_sur_la_Dordogne-8412-800px.jpg\" alt=\"\" width=\"800\" height=\"532\" \/><\/p>\n<h2><strong>Ch\u00e2teau de Jumilhac<\/strong><\/h2>\n<p>Situ\u00e9 dans un d\u00e9cor pittoresque, le ch\u00e2teau de Jumilhac se situe au nord-est du d\u00e9partement de la <a href=\"https:\/\/www.campings.com\/fr\/content\/guide-vacances-dordogne\/\">Dordogne<\/a>. Avec ses cr\u00e9ations de plomb, ses ferronneries et ses toitures f\u00e9\u00e9riques, il fait partie des merveilles architecturales du P\u00e9rigord. L\u2019\u00e9difice abrite des chambres richement d\u00e9cor\u00e9es et de magnifiques terrasses donnant sur des jardins \u00e0 la fran\u00e7aise. Class\u00e9 monument historique, le ch\u00e2teau appartient aux Marquis de Jumilhac.<\/p>\n<h2><strong>Ch\u00e2teau de Puyguilhem<\/strong><\/h2>\n<p>Situ\u00e9 dans le P\u00e9rigord vert, le ch\u00e2teau de Puyguilhem \u00e0 Villars, fait partie des rares ch\u00e2teaux de style Renaissance. Au milieu d\u2019un d\u00e9cor naturel somptueux, ce ch\u00e2teau offre une vue pittoresque. Il se caract\u00e9rise par des toits pentus, des fen\u00eatres \u00e0 meneaux, des chemin\u00e9es orn\u00e9es par les 12 travaux d\u2019Hercule\u2026<\/p>\n<h2><strong>Ch\u00e2teau de Hautefort, joyau de l&rsquo;architecture m\u00e9di\u00e9vale\u00a0<\/strong><\/h2>\n<p>Le ch\u00e2teau de Hautefort est un chef d\u2019\u0153uvre architectural situ\u00e9 dans un d\u00e9cor naturel \u00e9poustouflant de beaut\u00e9. Implant\u00e9 au c\u0153ur d\u2019un parc de 30 hectares, il offre un panorama exceptionnel sur le village. Construit sur un promontoire rocheux, il est consid\u00e9r\u00e9 comme l\u2019un des plus beaux ch\u00e2teaux de la r\u00e9gion. Cette ancienne forteresse m\u00e9di\u00e9vale est un lieu charg\u00e9 d\u2019histoire tr\u00e8s pris\u00e9 par les visiteurs.<\/p>\n<h2><strong>Ch\u00e2teau de Biron\u00a0<\/strong><\/h2>\n<p>Le ch\u00e2teau de Biron regorge de salles majestueuses qui abritent tout au long de l\u2019ann\u00e9e des expositions d\u2019art contemporain. Majestueux et imposant, il est le si\u00e8ge de l\u2019une des quatre baronnies du P\u00e9rigord avec Bourdeilles, Beynac et Mareuil. Class\u00e9 monument historique, le ch\u00e2teau de Biron est un site majeur en Nouvelle-Aquitaine.<\/p>\n<h2><strong>Ch\u00e2teau de Montaigne<\/strong><\/h2>\n<p>\u00c0 Saint-Michel-de-Montaigne, \u00e0 proximit\u00e9 de Bergerac et de Saint-\u00c9milion, le ch\u00e2teau de Montaigne fut la demeure du philosophe Montaigne\u2026 Situ\u00e9 au milieu d\u2019un environnement naturel pr\u00e9serv\u00e9, il offre un cadre idyllique pour une vir\u00e9e insolite.<\/p>\n<h2><strong>Ch\u00e2teau de Milandes<\/strong><\/h2>\n<p>B\u00e2ti en 1489 par Fran\u00e7ois de Caumont, le ch\u00e2teau de Milandes fait partie des plus jolis ch\u00e2teaux de la r\u00e9gion. Entour\u00e9 de beaux jardins, il jouit d\u2019un magnifique panorama sur la vall\u00e9e de la <u>Dordogne<\/u>. Fen\u00eatres \u00e0 meneaux, toits pointus, boiseries et vitraux constituent le charme esth\u00e9tique de cet \u00e9difice. Ce ch\u00e2teau \u00e9tait la r\u00e9sidence de Jos\u00e9phine Baker, chanteuse et meneuse de revues\u2026 Il se distingue par sa beaut\u00e9 architecturale, ses lignes \u00e9l\u00e9gantes et r\u00e9guli\u00e8res et sa vue panoramique.<\/p>\n<h2><strong>Ch\u00e2teau de Beynac<\/strong><\/h2>\n<p>Situ\u00e9 au sommet d\u2019une falaise vertigineuse \u00e0 Beynac-et-Cazenac, le ch\u00e2teau de Beynac est le plus authentique ch\u00e2teau fort du P\u00e9rigord. Magnifiquement conserv\u00e9, ce ch\u00e2teau offre \u00e0 ses visiteurs une plong\u00e9e au c\u0153ur du Moyen \u00c2ge.<\/p>\n<p><img loading=\"lazy\" decoding=\"async\" class=\"alignnone size-full wp-image-2817\" src=\"https:\/\/www.campings.com\/fr\/content\/wp-content\/uploads\/2021\/06\/chateau-Copyright-Alban_Gilbert-CRTNA-Le_chateau_de_Beynac-8298-800px.jpg\" alt=\"\" width=\"800\" height=\"532\" \/><\/p>\n<h2><strong>Ch\u00e2teau de Bourdeilles<\/strong><\/h2>\n<p>Le ch\u00e2teau de Bourdeilles est compos\u00e9 de deux \u00e9difices exceptionnels. Un site m\u00e9di\u00e9val avec un donjon et le logis Renaissance abritant une impressionnante collection de meubles. Pour visiter ce ch\u00e2teau construit sur un \u00e9peron rocheux, vous avez la possibilit\u00e9 de louer un audioguide. Durant la p\u00e9riode estivale, des animations p\u00e9dagogiques pour enfants, des visites nocturnes et des circuits guid\u00e9s sont organis\u00e9s.<\/p>\n<h2><strong>Ch\u00e2teau de Montr\u00e9al<\/strong><\/h2>\n<p>Situ\u00e9 \u00e0 7 km de Mussidan, le ch\u00e2teau de Montr\u00e9al est class\u00e9 monument historique. Surplombant la vall\u00e9e de la Crempse, il est caract\u00e9ris\u00e9 par des fen\u00eatres \u00e0 meneaux et une fa\u00e7ade orn\u00e9e de colonnettes. Il abrite une biblioth\u00e8que circulaire, une grotte naturelle, une chapelle et 3 jardins de diff\u00e9rents styles plant\u00e9s d\u2019hibiscus et d\u2019ifs.<\/p>\n<h2><strong>S\u00e9lection de campings \u00e0 proximit\u00e9 des plus beaux ch\u00e2teaux du P\u00e9rigord<\/strong><\/h2>\n<p>La <a href=\"https:\/\/www.campings.com\/fr\/content\/guide-vacances-dordogne\/\"><u>Dordogne<\/u><\/a> regorge de magnifiques ch\u00e2teaux offrant des vues imprenables sur la vall\u00e9e et la rivi\u00e8re Dordogne. Pour profiter au maximum de votre s\u00e9jour, optez pour des campings install\u00e9s \u00e0 proximit\u00e9 de ces ch\u00e2teaux !<\/p>\n<h3><strong>Le camping Le Ceou de Saint-Cybranet<\/strong><\/h3>\n<p>Le camping Le Ceou de Saint-Cybranet se situe au c\u0153ur de la r\u00e9gion Nouvelle-Aquitaine (France). Accessible \u00e0 tous les vacanciers pendant l\u2019\u00e9t\u00e9, ce camping offre une belle piscine ext\u00e9rieure chauff\u00e9e, une pataugeoire et un toboggan.<\/p>\n<p><a href=\"https:\/\/www.campings.com\/fr\/camping\/camping-le-ceou-78215\">Plus d\u2019infos sur le Camping Le Ceou de Saint-Cybranet<\/a><\/p>\n<h3><strong>Le Camping et Base de Loisirs de Rouffiac<\/strong><\/h3>\n<p>Situ\u00e9 au c\u0153ur d\u2019un parc bois\u00e9, le Camping et Base de Loisirs de Rouffiac propose un large \u00e9ventail de services de qualit\u00e9. Au programme, des animations quotidiennes et des activit\u00e9s vari\u00e9es en pleine nature. Accrobranche, t\u00e9l\u00e9ski nautique, p\u00e9dalos, location de VTT\u2026 Travers\u00e9 par un lac, ce lieu est parfait pour d\u00e9compresser et partager des moments de convivialit\u00e9 en famille ou entre amis.<\/p>\n<p><a href=\"https:\/\/www.campings.com\/fr\/camping\/flower-camping-et-base-de-loisirs-de-rouffiac-77477\">Plus d\u2019infos sur le Camping et base de Loisirs de Rouffiac<\/a><\/p>\n<h3><strong>Le camping de Brantome Peyrelevade<\/strong><\/h3>\n<p>Travers\u00e9 par la Dronne, le camping de Brantome Peyrelevade vous accueille au milieu d\u2019un parc arbor\u00e9. Au programme : baignades dans la rivi\u00e8re ou dans la piscine, pataugeoire, jeux aquatiques, plage de sable blanc \u2026<\/p>\n<p><a href=\"https:\/\/www.campings.com\/fr\/camping\/camping-brantome-peyrelevade-82385\">Plus d\u2019infos sur le camping de Brantome<\/a><\/p>\n","protected":false},"excerpt":{"rendered":"<p>L\u2019\u00e9poque m\u00e9di\u00e9vale vous fascine ? Plongez au temps des chevaliers et partez \u00e0 la d\u00e9couverte des plus beaux ch\u00e2teaux du P\u00e9rigord en Dordogne ! Riche d\u2019un patrimoine historique exceptionnel, la Dordogne compte de nombreux monuments class\u00e9s \u00e0 d\u00e9couvrir. Soif de d\u00e9couvertes pour vos prochaines vacances ? Mettez le cap sur la Dordogne pour faire le [&hellip;]<\/p>\n","protected":false},"author":18,"featured_media":0,"parent":2807,"menu_order":0,"comment_status":"closed","ping_status":"closed","template":"template-twocolumns.php","meta":{"_acf_changed":false,"footnotes":""},"class_list":["post-2815","page","type-page","status-publish","hentry"],"acf":[],"yoast_head":"<!-- This site is optimized with the Yoast SEO plugin v27.1.1 - https:\/\/yoast.com\/product\/yoast-seo-wordpress\/ -->\n<title>Les plus beaux ch\u00e2teaux du P\u00e9rigord \u00e0 d\u00e9couvrir en Dordogne -<\/title>\n<meta name=\"description\" content=\"Retrouvez une s\u00e9lection des plus beaux ch\u00e2teaux \u00e0 visiter lors de votre s\u00e9jour en Dordogne, un territoire au patrimoine historique riche et vari\u00e9.\" \/>\n<meta name=\"robots\" content=\"index, follow, max-snippet:-1, max-image-preview:large, max-video-preview:-1\" \/>\n<link rel=\"canonical\" href=\"https:\/\/www.campings.com\/fr\/content\/guide-vacances-dordogne\/chateaux-perigord\/\" \/>\n<meta property=\"og:locale\" content=\"fr_FR\" \/>\n<meta property=\"og:type\" content=\"article\" \/>\n<meta property=\"og:title\" content=\"Les plus beaux ch\u00e2teaux du P\u00e9rigord \u00e0 d\u00e9couvrir en Dordogne -\" \/>\n<meta property=\"og:description\" content=\"Retrouvez une s\u00e9lection des plus beaux ch\u00e2teaux \u00e0 visiter lors de votre s\u00e9jour en Dordogne, un territoire au patrimoine historique riche et vari\u00e9.\" \/>\n<meta property=\"og:url\" content=\"https:\/\/www.campings.com\/fr\/content\/guide-vacances-dordogne\/chateaux-perigord\/\" \/>\n<meta property=\"og:image\" content=\"https:\/\/www.campings.com\/fr\/content\/wp-content\/uploads\/2021\/06\/chateau-Copyright-Alban_Gilbert-CRTNA-Vue_de_Castelnaud_sur_la_Dordogne-8412-800px.jpg\" \/>\n\t<meta property=\"og:image:width\" content=\"800\" \/>\n\t<meta property=\"og:image:height\" content=\"532\" \/>\n\t<meta property=\"og:image:type\" content=\"image\/jpeg\" \/>\n<meta name=\"twitter:card\" content=\"summary_large_image\" \/>\n<meta name=\"twitter:label1\" content=\"Dur\u00e9e de lecture estim\u00e9e\" \/>\n\t<meta name=\"twitter:data1\" content=\"5 minutes\" \/>\n<script type=\"application\/ld+json\" class=\"yoast-schema-graph\">{\"@context\":\"https:\/\/schema.org\",\"@graph\":[{\"@type\":\"WebPage\",\"@id\":\"https:\/\/www.campings.com\/fr\/content\/guide-vacances-dordogne\/chateaux-perigord\/\",\"url\":\"https:\/\/www.campings.com\/fr\/content\/guide-vacances-dordogne\/chateaux-perigord\/\",\"name\":\"Les plus beaux ch\u00e2teaux du P\u00e9rigord \u00e0 d\u00e9couvrir en Dordogne -\",\"isPartOf\":{\"@id\":\"https:\/\/www.campings.com\/fr\/content\/#website\"},\"primaryImageOfPage\":{\"@id\":\"https:\/\/www.campings.com\/fr\/content\/guide-vacances-dordogne\/chateaux-perigord\/#primaryimage\"},\"image\":{\"@id\":\"https:\/\/www.campings.com\/fr\/content\/guide-vacances-dordogne\/chateaux-perigord\/#primaryimage\"},\"thumbnailUrl\":\"https:\/\/www.campings.com\/fr\/content\/wp-content\/uploads\/2021\/06\/chateau-Copyright-Alban_Gilbert-CRTNA-Vue_de_Castelnaud_sur_la_Dordogne-8412-800px.jpg\",\"datePublished\":\"2021-06-22T17:26:11+00:00\",\"description\":\"Retrouvez une s\u00e9lection des plus beaux ch\u00e2teaux \u00e0 visiter lors de votre s\u00e9jour en Dordogne, un territoire au patrimoine historique riche et vari\u00e9.\",\"breadcrumb\":{\"@id\":\"https:\/\/www.campings.com\/fr\/content\/guide-vacances-dordogne\/chateaux-perigord\/#breadcrumb\"},\"inLanguage\":\"fr-FR\",\"potentialAction\":[{\"@type\":\"ReadAction\",\"target\":[\"https:\/\/www.campings.com\/fr\/content\/guide-vacances-dordogne\/chateaux-perigord\/\"]}]},{\"@type\":\"ImageObject\",\"inLanguage\":\"fr-FR\",\"@id\":\"https:\/\/www.campings.com\/fr\/content\/guide-vacances-dordogne\/chateaux-perigord\/#primaryimage\",\"url\":\"https:\/\/www.campings.com\/fr\/content\/wp-content\/uploads\/2021\/06\/chateau-Copyright-Alban_Gilbert-CRTNA-Vue_de_Castelnaud_sur_la_Dordogne-8412-800px.jpg\",\"contentUrl\":\"https:\/\/www.campings.com\/fr\/content\/wp-content\/uploads\/2021\/06\/chateau-Copyright-Alban_Gilbert-CRTNA-Vue_de_Castelnaud_sur_la_Dordogne-8412-800px.jpg\",\"width\":800,\"height\":532},{\"@type\":\"BreadcrumbList\",\"@id\":\"https:\/\/www.campings.com\/fr\/content\/guide-vacances-dordogne\/chateaux-perigord\/#breadcrumb\",\"itemListElement\":[{\"@type\":\"ListItem\",\"position\":1,\"name\":\"Home\",\"item\":\"https:\/\/www.campings.com\/fr\/content\/\"},{\"@type\":\"ListItem\",\"position\":2,\"name\":\"Le guide pour vos vacances en Dordogne\",\"item\":\"https:\/\/www.campings.com\/fr\/content\/guide-vacances-dordogne\/\"},{\"@type\":\"ListItem\",\"position\":3,\"name\":\"Les plus beaux ch\u00e2teaux du P\u00e9rigord \u00e0 d\u00e9couvrir en Dordogne\"}]},{\"@type\":\"WebSite\",\"@id\":\"https:\/\/www.campings.com\/fr\/content\/#website\",\"url\":\"https:\/\/www.campings.com\/fr\/content\/\",\"name\":\"\",\"description\":\"\",\"publisher\":{\"@id\":\"https:\/\/www.campings.com\/fr\/content\/#organization\"},\"potentialAction\":[{\"@type\":\"SearchAction\",\"target\":{\"@type\":\"EntryPoint\",\"urlTemplate\":\"https:\/\/www.campings.com\/fr\/content\/?s={search_term_string}\"},\"query-input\":{\"@type\":\"PropertyValueSpecification\",\"valueRequired\":true,\"valueName\":\"search_term_string\"}}],\"inLanguage\":\"fr-FR\"},{\"@type\":\"Organization\",\"@id\":\"https:\/\/www.campings.com\/fr\/content\/#organization\",\"name\":\"CAMPINGS.COM\",\"url\":\"https:\/\/www.campings.com\/fr\/content\/\",\"logo\":{\"@type\":\"ImageObject\",\"inLanguage\":\"fr-FR\",\"@id\":\"https:\/\/www.campings.com\/fr\/content\/#\/schema\/logo\/image\/\",\"url\":\"https:\/\/www.campings.com\/fr\/content\/wp-content\/uploads\/2019\/01\/cropped-logo-1.png\",\"contentUrl\":\"https:\/\/www.campings.com\/fr\/content\/wp-content\/uploads\/2019\/01\/cropped-logo-1.png\",\"width\":174,\"height\":42,\"caption\":\"CAMPINGS.COM\"},\"image\":{\"@id\":\"https:\/\/www.campings.com\/fr\/content\/#\/schema\/logo\/image\/\"}}]}<\/script>\n<!-- \/ Yoast SEO plugin. -->","yoast_head_json":{"title":"Les plus beaux ch\u00e2teaux du P\u00e9rigord \u00e0 d\u00e9couvrir en Dordogne -","description":"Retrouvez une s\u00e9lection des plus beaux ch\u00e2teaux \u00e0 visiter lors de votre s\u00e9jour en Dordogne, un territoire au patrimoine historique riche et vari\u00e9.","robots":{"index":"index","follow":"follow","max-snippet":"max-snippet:-1","max-image-preview":"max-image-preview:large","max-video-preview":"max-video-preview:-1"},"canonical":"https:\/\/www.campings.com\/fr\/content\/guide-vacances-dordogne\/chateaux-perigord\/","og_locale":"fr_FR","og_type":"article","og_title":"Les plus beaux ch\u00e2teaux du P\u00e9rigord \u00e0 d\u00e9couvrir en Dordogne -","og_description":"Retrouvez une s\u00e9lection des plus beaux ch\u00e2teaux \u00e0 visiter lors de votre s\u00e9jour en Dordogne, un territoire au patrimoine historique riche et vari\u00e9.","og_url":"https:\/\/www.campings.com\/fr\/content\/guide-vacances-dordogne\/chateaux-perigord\/","og_image":[{"width":800,"height":532,"url":"https:\/\/www.campings.com\/fr\/content\/wp-content\/uploads\/2021\/06\/chateau-Copyright-Alban_Gilbert-CRTNA-Vue_de_Castelnaud_sur_la_Dordogne-8412-800px.jpg","type":"image\/jpeg"}],"twitter_card":"summary_large_image","twitter_misc":{"Dur\u00e9e de lecture estim\u00e9e":"5 minutes"},"schema":{"@context":"https:\/\/schema.org","@graph":[{"@type":"WebPage","@id":"https:\/\/www.campings.com\/fr\/content\/guide-vacances-dordogne\/chateaux-perigord\/","url":"https:\/\/www.campings.com\/fr\/content\/guide-vacances-dordogne\/chateaux-perigord\/","name":"Les plus beaux ch\u00e2teaux du P\u00e9rigord \u00e0 d\u00e9couvrir en Dordogne -","isPartOf":{"@id":"https:\/\/www.campings.com\/fr\/content\/#website"},"primaryImageOfPage":{"@id":"https:\/\/www.campings.com\/fr\/content\/guide-vacances-dordogne\/chateaux-perigord\/#primaryimage"},"image":{"@id":"https:\/\/www.campings.com\/fr\/content\/guide-vacances-dordogne\/chateaux-perigord\/#primaryimage"},"thumbnailUrl":"https:\/\/www.campings.com\/fr\/content\/wp-content\/uploads\/2021\/06\/chateau-Copyright-Alban_Gilbert-CRTNA-Vue_de_Castelnaud_sur_la_Dordogne-8412-800px.jpg","datePublished":"2021-06-22T17:26:11+00:00","description":"Retrouvez une s\u00e9lection des plus beaux ch\u00e2teaux \u00e0 visiter lors de votre s\u00e9jour en Dordogne, un territoire au patrimoine historique riche et vari\u00e9.","breadcrumb":{"@id":"https:\/\/www.campings.com\/fr\/content\/guide-vacances-dordogne\/chateaux-perigord\/#breadcrumb"},"inLanguage":"fr-FR","potentialAction":[{"@type":"ReadAction","target":["https:\/\/www.campings.com\/fr\/content\/guide-vacances-dordogne\/chateaux-perigord\/"]}]},{"@type":"ImageObject","inLanguage":"fr-FR","@id":"https:\/\/www.campings.com\/fr\/content\/guide-vacances-dordogne\/chateaux-perigord\/#primaryimage","url":"https:\/\/www.campings.com\/fr\/content\/wp-content\/uploads\/2021\/06\/chateau-Copyright-Alban_Gilbert-CRTNA-Vue_de_Castelnaud_sur_la_Dordogne-8412-800px.jpg","contentUrl":"https:\/\/www.campings.com\/fr\/content\/wp-content\/uploads\/2021\/06\/chateau-Copyright-Alban_Gilbert-CRTNA-Vue_de_Castelnaud_sur_la_Dordogne-8412-800px.jpg","width":800,"height":532},{"@type":"BreadcrumbList","@id":"https:\/\/www.campings.com\/fr\/content\/guide-vacances-dordogne\/chateaux-perigord\/#breadcrumb","itemListElement":[{"@type":"ListItem","position":1,"name":"Home","item":"https:\/\/www.campings.com\/fr\/content\/"},{"@type":"ListItem","position":2,"name":"Le guide pour vos vacances en Dordogne","item":"https:\/\/www.campings.com\/fr\/content\/guide-vacances-dordogne\/"},{"@type":"ListItem","position":3,"name":"Les plus beaux ch\u00e2teaux du P\u00e9rigord \u00e0 d\u00e9couvrir en Dordogne"}]},{"@type":"WebSite","@id":"https:\/\/www.campings.com\/fr\/content\/#website","url":"https:\/\/www.campings.com\/fr\/content\/","name":"","description":"","publisher":{"@id":"https:\/\/www.campings.com\/fr\/content\/#organization"},"potentialAction":[{"@type":"SearchAction","target":{"@type":"EntryPoint","urlTemplate":"https:\/\/www.campings.com\/fr\/content\/?s={search_term_string}"},"query-input":{"@type":"PropertyValueSpecification","valueRequired":true,"valueName":"search_term_string"}}],"inLanguage":"fr-FR"},{"@type":"Organization","@id":"https:\/\/www.campings.com\/fr\/content\/#organization","name":"CAMPINGS.COM","url":"https:\/\/www.campings.com\/fr\/content\/","logo":{"@type":"ImageObject","inLanguage":"fr-FR","@id":"https:\/\/www.campings.com\/fr\/content\/#\/schema\/logo\/image\/","url":"https:\/\/www.campings.com\/fr\/content\/wp-content\/uploads\/2019\/01\/cropped-logo-1.png","contentUrl":"https:\/\/www.campings.com\/fr\/content\/wp-content\/uploads\/2019\/01\/cropped-logo-1.png","width":174,"height":42,"caption":"CAMPINGS.COM"},"image":{"@id":"https:\/\/www.campings.com\/fr\/content\/#\/schema\/logo\/image\/"}}]}},"_links":{"self":[{"href":"https:\/\/www.campings.com\/fr\/content\/wp-json\/wp\/v2\/pages\/2815","targetHints":{"allow":["GET"]}}],"collection":[{"href":"https:\/\/www.campings.com\/fr\/content\/wp-json\/wp\/v2\/pages"}],"about":[{"href":"https:\/\/www.campings.com\/fr\/content\/wp-json\/wp\/v2\/types\/page"}],"author":[{"embeddable":true,"href":"https:\/\/www.campings.com\/fr\/content\/wp-json\/wp\/v2\/users\/18"}],"replies":[{"embeddable":true,"href":"https:\/\/www.campings.com\/fr\/content\/wp-json\/wp\/v2\/comments?post=2815"}],"version-history":[{"count":1,"href":"https:\/\/www.campings.com\/fr\/content\/wp-json\/wp\/v2\/pages\/2815\/revisions"}],"predecessor-version":[{"id":2818,"href":"https:\/\/www.campings.com\/fr\/content\/wp-json\/wp\/v2\/pages\/2815\/revisions\/2818"}],"up":[{"embeddable":true,"href":"https:\/\/www.campings.com\/fr\/content\/wp-json\/wp\/v2\/pages\/2807"}],"wp:attachment":[{"href":"https:\/\/www.campings.com\/fr\/content\/wp-json\/wp\/v2\/media?parent=2815"}],"curies":[{"name":"wp","href":"https:\/\/api.w.org\/{rel}","templated":true}]}}