{"id":2811,"date":"2021-06-22T17:19:19","date_gmt":"2021-06-22T17:19:19","guid":{"rendered":"https:\/\/www.campings.com\/fr\/content\/?page_id=2811"},"modified":"2021-06-22T17:19:19","modified_gmt":"2021-06-22T17:19:19","slug":"meilleurs-endroits-canoe-dordogne","status":"publish","type":"page","link":"https:\/\/www.campings.com\/fr\/content\/guide-vacances-dordogne\/meilleurs-endroits-canoe-dordogne\/","title":{"rendered":"Les meilleurs endroits o\u00f9 faire du cano\u00eb en Dordogne"},"content":{"rendered":"<p>Situ\u00e9e au sud-ouest de la France, la Dordogne est un d\u00e9partement aux mille facettes riche d\u2019un patrimoine naturel et culturel remarquable. Parmi les nombreuses activit\u00e9s \u00e0 pratiquer, le cano\u00eb est incontournable !<\/p>\n<p>La\u00a0<a href=\"https:\/\/www.campings.com\/fr\/content\/guide-vacances-dordogne\/\"><u>Dordogne<\/u><\/a>\u00a0est l\u2019une des meilleures destinations de France pour pratiquer le cano\u00eb. Un sport de plein air qui vous permettra de d\u00e9couvrir le P\u00e9rigord autrement tout en sillonnant ses nombreuses rivi\u00e8res. La Dordogne, l\u2019Isle, l\u2019Auvez\u00e8re, la Dronne et la V\u00e9z\u00e8re \u2026 Des cours d\u2019eau qui descendent tous du Massif Central. Focus sur les meilleurs spots o\u00f9 faire du cano\u00eb en Dordogne.<\/p>\n<h2><strong>Faire du cano\u00eb kayak en Dordogne<\/strong><\/h2>\n<p>La\u00a0<a href=\"https:\/\/www.campings.com\/fr\/content\/guide-vacances-dordogne\/\"><u>Dordogne<\/u><\/a>\u00a0est une rivi\u00e8re calme, longue de 483 km qui traverse plusieurs villes et villages dans tout le d\u00e9partement et o\u00f9 les descentes en cano\u00eb sont l\u00e9gion.<\/p>\n<ul>\n<li><strong>Argentat-sur-Dordogne<\/strong><\/li>\n<\/ul>\n<p>La commune d\u2019Argentat-sur-Dordogne est un excellent point de d\u00e9part pour faire du cano\u00eb sur la Dordogne. Elle offre plusieurs choix de parcours, dont celui qui relie Argentat \u00e0 Monceaux.<\/p>\n<ul>\n<li><strong>Mauzac-et-Grand-Castang<\/strong><\/li>\n<\/ul>\n<p>Situ\u00e9 sur la rive droite de la Dordogne, Mauzac-et-Grand-Castang poss\u00e8de un vaste plan d\u2019eau o\u00f9 pratiquer le cano\u00eb-kayak.<\/p>\n<ul>\n<li><strong>Domme<\/strong><\/li>\n<\/ul>\n<p>Cette bastide m\u00e9di\u00e9vale fait partie des plus beaux villages de France. Afin de profiter de la vue imprenable sur ses beaux ch\u00e2teaux, une excursion en cano\u00eb sur la Dordogne est incontournable !<\/p>\n<ul>\n<li><strong> La Roque-Gageac<\/strong><\/li>\n<\/ul>\n<p>Rendez-vous \u00e0 la Roque-Gageac pour une balade en cano\u00eb sur la Dordogne. Ce village pittoresque offre des paysages dignes d\u2019une carte postale.<\/p>\n<ul>\n<li><strong>Castelnaud-la-Chapelle<\/strong><\/li>\n<\/ul>\n<p>Situ\u00e9 sur un piton rocheux, Castelnaud-la-Chapelle jouit d\u2019une situation unique sur les rives\u2026 Le parcours en cano\u00eb peut durer une journ\u00e9e ou plusieurs jours, pour vous permettre une visite \u00e0 votre rythme.<\/p>\n<p><img loading=\"lazy\" decoding=\"async\" class=\"alignnone size-full wp-image-2812\" src=\"https:\/\/www.campings.com\/fr\/content\/wp-content\/uploads\/2021\/06\/cano\u00e9-Copyright-Laetis-CRTNA-Canoe_a_Beaulieu_sur_Dordogne-1268-800px.jpg\" alt=\"\" width=\"800\" height=\"510\" \/><\/p>\n<h2><strong>Faire du cano\u00eb sur la V\u00e9z\u00e8re<\/strong><\/h2>\n<p>La V\u00e9z\u00e8re est une rivi\u00e8re incontournable en\u00a0<u>Dordogne<\/u>, que vous pourrez d\u00e9couvrir au fil de l\u2019eau \u00e0 partir de plusieurs communes :<\/p>\n<ul>\n<li><strong>Montignac<\/strong><\/li>\n<\/ul>\n<p>Montignac, aussi appel\u00e9 Montignac-Lascaux ou Montignac-sur-V\u00e9z\u00e8re, se situe au c\u0153ur de la vall\u00e9e de la V\u00e9z\u00e8re.<\/p>\n<ul>\n<li><strong>Limeuil<\/strong><\/li>\n<\/ul>\n<p>Au confluent de la V\u00e9z\u00e8re et de la Dordogne, Limeuil est la destination parfaite pour faire du cano\u00eb sur la V\u00e9z\u00e8re.<\/p>\n<ul>\n<li><strong>Peyzac-le-Moustier<\/strong><\/li>\n<\/ul>\n<p>La commune de Peyzac-le-Moustier est aussi travers\u00e9e par la V\u00e9z\u00e8re. Un petit havre de paix propice \u00e0 une balade en cano\u00eb.<\/p>\n<ul>\n<li><strong>Sergeac<\/strong><\/li>\n<\/ul>\n<p>En parcourant la V\u00e9z\u00e8re, vous pourrez d\u00e9couvrir le gisement pr\u00e9historique de Castel Merle \u00e0 Sergeac, l\u2019un des plus grands du P\u00e9rigord.<\/p>\n<ul>\n<li><strong>Terrasson-Lavilledieu<\/strong><\/li>\n<\/ul>\n<p>Ce parcours en cano\u00eb s\u2019effectue au d\u00e9part de Montignac, offrant une vue exceptionnelle sur la vall\u00e9e de l\u2019Homme.<\/p>\n<h2><strong>Faire du cano\u00eb sur l\u2019Auvez\u00e8re<\/strong><\/h2>\n<p>Alternant eaux calmes et eaux vives, l\u2019Auvez\u00e8re attire les rameurs de tous les niveaux. Elle traverse la Corr\u00e8ze et la Dordogne ainsi que les communes suivantes :<\/p>\n<ul>\n<li><strong>Payzac<\/strong><\/li>\n<\/ul>\n<p>Au nord-est de la Dordogne, la commune de Payzac est travers\u00e9e par l\u2019Auvez\u00e8re \u00e0 l\u2019est et au sud-est.<\/p>\n<ul>\n<li><strong>Cubjac-Auv\u00e9z\u00e8re-Val d\u2019Ans<\/strong><\/li>\n<\/ul>\n<p>Travers\u00e9e par l\u2019Auvez\u00e8re, cette commune est un \u00e9crin de verdure id\u00e9al pour pratiquer le cano\u00eb-kayak.<\/p>\n<ul>\n<li><strong>Tourtoirac<\/strong><\/li>\n<\/ul>\n<p>Tourtoirac se situe \u00e0 proximit\u00e9 des gorges de l\u2019Auvez\u00e8re, un site naturel qui se pr\u00eate \u00e0 de nombreuses randonn\u00e9es.<\/p>\n<ul>\n<li><strong>Savignac-L\u00e9drier<\/strong><\/li>\n<\/ul>\n<p>Ce parcours en cano\u00eb, particuli\u00e8rement accident\u00e9, n\u00e9cessite l\u2019encadrement par un professionnel. Apr\u00e8s le passage de la forge de Savignac-L\u00e9drier, les gorges de l\u2019Auvez\u00e8re sont plus profondes et conviennent mieux aux amateurs confirm\u00e9s.<\/p>\n<ul>\n<li><strong>Sainte-Eulalie-d\u2019Ans<\/strong><\/li>\n<\/ul>\n<p>En parcourant l\u2019Auvez\u00e8re, vous pourrez d\u00e9couvrir les beaux paysages du village Sainte-Eulalie-d\u2019Ans.<\/p>\n<h2><strong>Faire du cano\u00eb sur l\u2019Isle<\/strong><\/h2>\n<p>Surnomm\u00e9e la rivi\u00e8re aux paillettes d\u2019or, l\u2019Isle est un affluent aurif\u00e8re parcourant la Haute-Vienne et la Dordogne. Elle offre un \u00e9ventail de balades incontournables :<\/p>\n<ul>\n<li><strong>P\u00e9rigueux<\/strong><\/li>\n<\/ul>\n<p>Capitale touristique et culturelle du P\u00e9rigord blanc, P\u00e9rigueux poss\u00e8de un riche patrimoine historique.<\/p>\n<ul>\n<li><strong>Rognac<\/strong><\/li>\n<\/ul>\n<p>Situ\u00e9 au bord de l\u2019Isle, ce ch\u00e2teau datant du 16e si\u00e8cle est class\u00e9 Monument historique depuis 1945.<\/p>\n<ul>\n<li><strong>Sarliac-sur-l\u2019Isle<\/strong><\/li>\n<\/ul>\n<p>La rivi\u00e8re de l\u2019Isle traverse Sarliac-sur-l\u2019Isle du nord au sud.<\/p>\n<ul>\n<li><strong>Savignac-les-Eglises<\/strong><\/li>\n<\/ul>\n<p>Savignac-les-\u00c9glises est situ\u00e9e dans la vall\u00e9e de l\u2019Isle (L\u2019Isle est la seule rivi\u00e8re qui traverse la commune).<\/p>\n<ul>\n<li><strong>Corniac-sur-l\u2019Isle<\/strong><\/li>\n<\/ul>\n<p>Situ\u00e9 \u00e0 c\u00f4t\u00e9 de la rivi\u00e8re de l\u2019Isle, Corniac-sur-l\u2019Isle est un petit paradis pour les amateurs de nature.<\/p>\n<p><img loading=\"lazy\" decoding=\"async\" class=\"alignnone size-full wp-image-2813\" src=\"https:\/\/www.campings.com\/fr\/content\/wp-content\/uploads\/2021\/06\/cano\u00e9-Copyright-JL_Kokel-CRTNA-Rapide_du_Malpas-3493-800px.jpg\" alt=\"\" width=\"533\" height=\"800\" \/><\/p>\n<h2><strong>Faire du cano\u00eb sur la Dronne<\/strong><\/h2>\n<p>La Dronne prend sa source \u00e0 480 m d\u2019altitude, dans le parc national du Limousin et s\u2019\u00e9tend sur 200 km. La rivi\u00e8re traverse les communes suivantes :<\/p>\n<ul>\n<li><strong>Brant\u00f4me-en-P\u00e9rigord<\/strong><\/li>\n<\/ul>\n<p>Riche d\u2019un patrimoine naturel exceptionnel, la commune se pr\u00eate \u00e0 merveille \u00e0 la pratique du cano\u00eb.<\/p>\n<ul>\n<li><strong>Tocane-Saint-Apre<\/strong><\/li>\n<\/ul>\n<p>Situ\u00e9e sur la rive gauche de la Dronne, Tocane-Saint-Apre comprend plusieurs \u00eeles que vous pouvez visiter en cano\u00eb.<\/p>\n<ul>\n<li><strong>Riberac<\/strong><\/li>\n<\/ul>\n<p>Situ\u00e9e sur la rive gauche de la Dronne, Riberac est tr\u00e8s pris\u00e9e par les amateurs de cano\u00eb.<\/p>\n<ul>\n<li><strong>Parcoul-Chenaud<\/strong><\/li>\n<\/ul>\n<p>Cette nouvelle commune, regroupant Chenaut et Parcoul propose plusieurs parcours de randonn\u00e9e en cano\u00eb.<\/p>\n<ul>\n<li><strong>Coutras<\/strong><\/li>\n<\/ul>\n<p>La commune de Coutras dispose d\u2019une vaste r\u00e9serve naturelle, accessible par la Dronne en cano\u00eb.<\/p>\n<h2><strong>S\u00e9lection de campings pour un s\u00e9jour cano\u00eb en Dordogne\u00a0<\/strong><\/h2>\n<p>La Dordogne est l\u2019une des meilleures destinations en France o\u00f9 pratiquer le cano\u00eb. Voici une s\u00e9lection de campings \u00e0 proximit\u00e9 des plus beaux spots de cano\u00eb en\u00a0<a href=\"https:\/\/www.campings.com\/fr\/content\/guide-vacances-dordogne\/\"><u>Dordogne<\/u><\/a>.<\/p>\n<h3><strong>Camping Le Ceou<\/strong><\/h3>\n<p>Le camping Le Ceou dispose d\u2019une piscine ext\u00e9rieure chauff\u00e9e et d\u2019un large choix d\u2019\u00e9quipements pour toute la famille.<\/p>\n<p><a href=\"https:\/\/www.campings.com\/fr\/camping\/camping-le-ceou-78215\">Plus d\u2019infos sur le camping Le Ceou<\/a>.<\/p>\n<h3><strong>Camping Brant\u00f4me Peyrelevade \u00e0 Limeuil<\/strong><\/h3>\n<p>Situ\u00e9 \u00e0 proximit\u00e9 de la rivi\u00e8re, le camping de Limeuil est parfait pour les amateurs de baignade. Il dispose \u00e9galement d\u2019un parc aquatique pour les enfants.<\/p>\n<p><a href=\"https:\/\/www.campings.com\/fr\/camping\/camping-brantome-peyrelevade-82385\">Plus d\u2019infos sur le camping Brant\u00f4me Peyrelevade<\/a>.<\/p>\n<h3><strong>Camping Brant\u00f4me Peyrelevade en P\u00e9rigord<\/strong><\/h3>\n<p>Ce camping est implant\u00e9 \u00e0 Brant\u00f4me, dans le P\u00e9rigord, au sein d\u2019un parc arbor\u00e9 o\u00f9 de nombreuses animations sont propos\u00e9es en \u00e9t\u00e9. Il est situ\u00e9 \u00e0 10 minutes \u00e0 pied du centre-ville seulement.<\/p>\n<p><a href=\"https:\/\/www.campings.com\/fr\/camping\/camping-brantome-peyrelevade-82385\">Plus d\u2019infos sur le camping Brant\u00f4me Peyrelevade<\/a><\/p>\n","protected":false},"excerpt":{"rendered":"<p>Situ\u00e9e au sud-ouest de la France, la Dordogne est un d\u00e9partement aux mille facettes riche d\u2019un patrimoine naturel et culturel remarquable. Parmi les nombreuses activit\u00e9s \u00e0 pratiquer, le cano\u00eb est incontournable ! La\u00a0Dordogne\u00a0est l\u2019une des meilleures destinations de France pour pratiquer le cano\u00eb. Un sport de plein air qui vous permettra de d\u00e9couvrir le P\u00e9rigord [&hellip;]<\/p>\n","protected":false},"author":18,"featured_media":0,"parent":2807,"menu_order":0,"comment_status":"closed","ping_status":"closed","template":"template-twocolumns.php","meta":{"_acf_changed":false,"footnotes":""},"class_list":["post-2811","page","type-page","status-publish","hentry"],"acf":[],"yoast_head":"<!-- This site is optimized with the Yoast SEO plugin v27.1.1 - https:\/\/yoast.com\/product\/yoast-seo-wordpress\/ -->\n<title>Les meilleurs endroits o\u00f9 faire du cano\u00eb en Dordogne -<\/title>\n<meta name=\"description\" content=\"D\u00e9couvrez les meilleures destinations en Dordogne o\u00f9 pratiquer le cano\u00eb, un territoire au patrimoine naturel unique, qui compte 5 rivi\u00e8res.\" \/>\n<meta name=\"robots\" content=\"index, follow, max-snippet:-1, max-image-preview:large, max-video-preview:-1\" \/>\n<link rel=\"canonical\" href=\"https:\/\/www.campings.com\/fr\/content\/guide-vacances-dordogne\/meilleurs-endroits-canoe-dordogne\/\" \/>\n<meta property=\"og:locale\" content=\"fr_FR\" \/>\n<meta property=\"og:type\" content=\"article\" \/>\n<meta property=\"og:title\" content=\"Les meilleurs endroits o\u00f9 faire du cano\u00eb en Dordogne -\" \/>\n<meta property=\"og:description\" content=\"D\u00e9couvrez les meilleures destinations en Dordogne o\u00f9 pratiquer le cano\u00eb, un territoire au patrimoine naturel unique, qui compte 5 rivi\u00e8res.\" \/>\n<meta property=\"og:url\" content=\"https:\/\/www.campings.com\/fr\/content\/guide-vacances-dordogne\/meilleurs-endroits-canoe-dordogne\/\" \/>\n<meta name=\"twitter:card\" content=\"summary_large_image\" \/>\n<meta name=\"twitter:label1\" content=\"Dur\u00e9e de lecture estim\u00e9e\" \/>\n\t<meta name=\"twitter:data1\" content=\"5 minutes\" \/>\n<script type=\"application\/ld+json\" class=\"yoast-schema-graph\">{\"@context\":\"https:\/\/schema.org\",\"@graph\":[{\"@type\":\"WebPage\",\"@id\":\"https:\/\/www.campings.com\/fr\/content\/guide-vacances-dordogne\/meilleurs-endroits-canoe-dordogne\/\",\"url\":\"https:\/\/www.campings.com\/fr\/content\/guide-vacances-dordogne\/meilleurs-endroits-canoe-dordogne\/\",\"name\":\"Les meilleurs endroits o\u00f9 faire du cano\u00eb en Dordogne -\",\"isPartOf\":{\"@id\":\"https:\/\/www.campings.com\/fr\/content\/#website\"},\"datePublished\":\"2021-06-22T17:19:19+00:00\",\"description\":\"D\u00e9couvrez les meilleures destinations en Dordogne o\u00f9 pratiquer le cano\u00eb, un territoire au patrimoine naturel unique, qui compte 5 rivi\u00e8res.\",\"breadcrumb\":{\"@id\":\"https:\/\/www.campings.com\/fr\/content\/guide-vacances-dordogne\/meilleurs-endroits-canoe-dordogne\/#breadcrumb\"},\"inLanguage\":\"fr-FR\",\"potentialAction\":[{\"@type\":\"ReadAction\",\"target\":[\"https:\/\/www.campings.com\/fr\/content\/guide-vacances-dordogne\/meilleurs-endroits-canoe-dordogne\/\"]}]},{\"@type\":\"BreadcrumbList\",\"@id\":\"https:\/\/www.campings.com\/fr\/content\/guide-vacances-dordogne\/meilleurs-endroits-canoe-dordogne\/#breadcrumb\",\"itemListElement\":[{\"@type\":\"ListItem\",\"position\":1,\"name\":\"Home\",\"item\":\"https:\/\/www.campings.com\/fr\/content\/\"},{\"@type\":\"ListItem\",\"position\":2,\"name\":\"Le guide pour vos vacances en Dordogne\",\"item\":\"https:\/\/www.campings.com\/fr\/content\/guide-vacances-dordogne\/\"},{\"@type\":\"ListItem\",\"position\":3,\"name\":\"Les meilleurs endroits o\u00f9 faire du cano\u00eb en Dordogne\"}]},{\"@type\":\"WebSite\",\"@id\":\"https:\/\/www.campings.com\/fr\/content\/#website\",\"url\":\"https:\/\/www.campings.com\/fr\/content\/\",\"name\":\"\",\"description\":\"\",\"publisher\":{\"@id\":\"https:\/\/www.campings.com\/fr\/content\/#organization\"},\"potentialAction\":[{\"@type\":\"SearchAction\",\"target\":{\"@type\":\"EntryPoint\",\"urlTemplate\":\"https:\/\/www.campings.com\/fr\/content\/?s={search_term_string}\"},\"query-input\":{\"@type\":\"PropertyValueSpecification\",\"valueRequired\":true,\"valueName\":\"search_term_string\"}}],\"inLanguage\":\"fr-FR\"},{\"@type\":\"Organization\",\"@id\":\"https:\/\/www.campings.com\/fr\/content\/#organization\",\"name\":\"CAMPINGS.COM\",\"url\":\"https:\/\/www.campings.com\/fr\/content\/\",\"logo\":{\"@type\":\"ImageObject\",\"inLanguage\":\"fr-FR\",\"@id\":\"https:\/\/www.campings.com\/fr\/content\/#\/schema\/logo\/image\/\",\"url\":\"https:\/\/www.campings.com\/fr\/content\/wp-content\/uploads\/2019\/01\/cropped-logo-1.png\",\"contentUrl\":\"https:\/\/www.campings.com\/fr\/content\/wp-content\/uploads\/2019\/01\/cropped-logo-1.png\",\"width\":174,\"height\":42,\"caption\":\"CAMPINGS.COM\"},\"image\":{\"@id\":\"https:\/\/www.campings.com\/fr\/content\/#\/schema\/logo\/image\/\"}}]}<\/script>\n<!-- \/ Yoast SEO plugin. -->","yoast_head_json":{"title":"Les meilleurs endroits o\u00f9 faire du cano\u00eb en Dordogne -","description":"D\u00e9couvrez les meilleures destinations en Dordogne o\u00f9 pratiquer le cano\u00eb, un territoire au patrimoine naturel unique, qui compte 5 rivi\u00e8res.","robots":{"index":"index","follow":"follow","max-snippet":"max-snippet:-1","max-image-preview":"max-image-preview:large","max-video-preview":"max-video-preview:-1"},"canonical":"https:\/\/www.campings.com\/fr\/content\/guide-vacances-dordogne\/meilleurs-endroits-canoe-dordogne\/","og_locale":"fr_FR","og_type":"article","og_title":"Les meilleurs endroits o\u00f9 faire du cano\u00eb en Dordogne -","og_description":"D\u00e9couvrez les meilleures destinations en Dordogne o\u00f9 pratiquer le cano\u00eb, un territoire au patrimoine naturel unique, qui compte 5 rivi\u00e8res.","og_url":"https:\/\/www.campings.com\/fr\/content\/guide-vacances-dordogne\/meilleurs-endroits-canoe-dordogne\/","twitter_card":"summary_large_image","twitter_misc":{"Dur\u00e9e de lecture estim\u00e9e":"5 minutes"},"schema":{"@context":"https:\/\/schema.org","@graph":[{"@type":"WebPage","@id":"https:\/\/www.campings.com\/fr\/content\/guide-vacances-dordogne\/meilleurs-endroits-canoe-dordogne\/","url":"https:\/\/www.campings.com\/fr\/content\/guide-vacances-dordogne\/meilleurs-endroits-canoe-dordogne\/","name":"Les meilleurs endroits o\u00f9 faire du cano\u00eb en Dordogne -","isPartOf":{"@id":"https:\/\/www.campings.com\/fr\/content\/#website"},"datePublished":"2021-06-22T17:19:19+00:00","description":"D\u00e9couvrez les meilleures destinations en Dordogne o\u00f9 pratiquer le cano\u00eb, un territoire au patrimoine naturel unique, qui compte 5 rivi\u00e8res.","breadcrumb":{"@id":"https:\/\/www.campings.com\/fr\/content\/guide-vacances-dordogne\/meilleurs-endroits-canoe-dordogne\/#breadcrumb"},"inLanguage":"fr-FR","potentialAction":[{"@type":"ReadAction","target":["https:\/\/www.campings.com\/fr\/content\/guide-vacances-dordogne\/meilleurs-endroits-canoe-dordogne\/"]}]},{"@type":"BreadcrumbList","@id":"https:\/\/www.campings.com\/fr\/content\/guide-vacances-dordogne\/meilleurs-endroits-canoe-dordogne\/#breadcrumb","itemListElement":[{"@type":"ListItem","position":1,"name":"Home","item":"https:\/\/www.campings.com\/fr\/content\/"},{"@type":"ListItem","position":2,"name":"Le guide pour vos vacances en Dordogne","item":"https:\/\/www.campings.com\/fr\/content\/guide-vacances-dordogne\/"},{"@type":"ListItem","position":3,"name":"Les meilleurs endroits o\u00f9 faire du cano\u00eb en Dordogne"}]},{"@type":"WebSite","@id":"https:\/\/www.campings.com\/fr\/content\/#website","url":"https:\/\/www.campings.com\/fr\/content\/","name":"","description":"","publisher":{"@id":"https:\/\/www.campings.com\/fr\/content\/#organization"},"potentialAction":[{"@type":"SearchAction","target":{"@type":"EntryPoint","urlTemplate":"https:\/\/www.campings.com\/fr\/content\/?s={search_term_string}"},"query-input":{"@type":"PropertyValueSpecification","valueRequired":true,"valueName":"search_term_string"}}],"inLanguage":"fr-FR"},{"@type":"Organization","@id":"https:\/\/www.campings.com\/fr\/content\/#organization","name":"CAMPINGS.COM","url":"https:\/\/www.campings.com\/fr\/content\/","logo":{"@type":"ImageObject","inLanguage":"fr-FR","@id":"https:\/\/www.campings.com\/fr\/content\/#\/schema\/logo\/image\/","url":"https:\/\/www.campings.com\/fr\/content\/wp-content\/uploads\/2019\/01\/cropped-logo-1.png","contentUrl":"https:\/\/www.campings.com\/fr\/content\/wp-content\/uploads\/2019\/01\/cropped-logo-1.png","width":174,"height":42,"caption":"CAMPINGS.COM"},"image":{"@id":"https:\/\/www.campings.com\/fr\/content\/#\/schema\/logo\/image\/"}}]}},"_links":{"self":[{"href":"https:\/\/www.campings.com\/fr\/content\/wp-json\/wp\/v2\/pages\/2811","targetHints":{"allow":["GET"]}}],"collection":[{"href":"https:\/\/www.campings.com\/fr\/content\/wp-json\/wp\/v2\/pages"}],"about":[{"href":"https:\/\/www.campings.com\/fr\/content\/wp-json\/wp\/v2\/types\/page"}],"author":[{"embeddable":true,"href":"https:\/\/www.campings.com\/fr\/content\/wp-json\/wp\/v2\/users\/18"}],"replies":[{"embeddable":true,"href":"https:\/\/www.campings.com\/fr\/content\/wp-json\/wp\/v2\/comments?post=2811"}],"version-history":[{"count":1,"href":"https:\/\/www.campings.com\/fr\/content\/wp-json\/wp\/v2\/pages\/2811\/revisions"}],"predecessor-version":[{"id":2814,"href":"https:\/\/www.campings.com\/fr\/content\/wp-json\/wp\/v2\/pages\/2811\/revisions\/2814"}],"up":[{"embeddable":true,"href":"https:\/\/www.campings.com\/fr\/content\/wp-json\/wp\/v2\/pages\/2807"}],"wp:attachment":[{"href":"https:\/\/www.campings.com\/fr\/content\/wp-json\/wp\/v2\/media?parent=2811"}],"curies":[{"name":"wp","href":"https:\/\/api.w.org\/{rel}","templated":true}]}}