{"id":2761,"date":"2021-06-11T15:00:14","date_gmt":"2021-06-11T15:00:14","guid":{"rendered":"https:\/\/www.campings.com\/fr\/content\/?page_id=2761"},"modified":"2021-06-11T15:00:14","modified_gmt":"2021-06-11T15:00:14","slug":"specialites-bretonnes","status":"publish","type":"page","link":"https:\/\/www.campings.com\/fr\/content\/guide-vacances-bretagne\/specialites-bretonnes\/","title":{"rendered":"D\u00e9couvrez les meilleures sp\u00e9cialit\u00e9s bretonnes"},"content":{"rendered":"<p>La cuisine bretonne ne saurait se r\u00e9duire \u00e0 ses fameuses galettes, mondialement connues\u2026 Voici un petit tour d\u2019horizon des sp\u00e9cialit\u00e9s bretonnes \u00e0 savourer lors de votre p\u00e9riple en Bretagne.<\/p>\n<p>Riche d\u2019un immense patrimoine culinaire, la <a href=\"https:\/\/www.campings.com\/fr\/content\/guide-vacances-bretagne\/\"><u>Bretagne<\/u><\/a> offre un large \u00e9ventail de saveurs issues de la terre et de la mer\u2026 Une grande vari\u00e9t\u00e9 de sp\u00e9cialit\u00e9s sucr\u00e9es comme sal\u00e9es ont fait la renomm\u00e9e de la r\u00e9gion. Sa cuisine, extr\u00eamement vari\u00e9e et gourmande ne cesse d\u2019attirer les voyageurs gourmands.<\/p>\n<h2><strong>Les sp\u00e9cialit\u00e9s bretonnes sal\u00e9es\u00a0<\/strong><\/h2>\n<p>Gourmande, savoureuse et diversifi\u00e9e, la cuisine bretonne offre une large palette de saveurs issues de la terre et de la mer.<\/p>\n<h3><strong>La galette : la sp\u00e9cialit\u00e9 gastronomique bretonne incontournable\u00a0<\/strong><\/h3>\n<p>Fleuron de la gastronomie bretonne, connue dans le monde entier, la galette se d\u00e9cline en version sal\u00e9e et sucr\u00e9e. Jambon, \u0153uf, fromage, saucisse\u2026 La version sal\u00e9e est pr\u00e9par\u00e9e \u00e0 base de farine de sarrasin et se d\u00e9guste avec un large choix de garnitures.<\/p>\n<p><img loading=\"lazy\" decoding=\"async\" class=\"alignnone size-full wp-image-2764\" src=\"https:\/\/www.campings.com\/fr\/content\/wp-content\/uploads\/2021\/06\/sp\u00e9cialit\u00e9-bretone.jpg\" alt=\"\" width=\"1000\" height=\"665\" \/><\/p>\n<h3><strong>L\u2019andouille de Gu\u00e9men\u00e9, une sp\u00e9cialit\u00e9 embl\u00e9matique de la charcuterie bretonne <\/strong><\/h3>\n<p>L\u2019andouille de Gu\u00e9men\u00e9 est une sp\u00e9cialit\u00e9 de la commune de Gu\u00e9men\u00e9-sur-Scorff. Il s\u2019agit d\u2019une charcuterie pr\u00e9par\u00e9e avec des chaudins de porc d\u00e9coup\u00e9s en lani\u00e8res, enfil\u00e9es les unes sur les autres. Elle se d\u00e9guste avec de la pur\u00e9e de pommes de terre et une noix de beurre sal\u00e9.<\/p>\n<h3><strong>La saucisse de Mol\u00e8ne\u00a0<\/strong><\/h3>\n<p>La saucisse de Mol\u00e8ne est une sp\u00e9cialit\u00e9 originaire de l\u2019\u00eele de Mol\u00e8ne dans le Finist\u00e8re. Elle est fum\u00e9e aux algues pendant une semaine, ce qui lui donne son go\u00fbter si particulier\u2026<\/p>\n<h3><strong>Cuisine bretonne : le kig ha farz, un plat breton typiquement familial\u00a0<\/strong><\/h3>\n<p>Ce plat gourmand, appel\u00e9 \u00ab pot au feu breton \u00bb, est compos\u00e9 de l\u00e9gumes et de viande, accompagn\u00e9 de farz. Ce dernier est une pr\u00e9paration \u00e0 base de farine de sarrasin, de lait, de beurre et d\u2019\u0153ufs. Tous ces ingr\u00e9dients sont enferm\u00e9s dans un sac en toile et cuits avec la viande dans une grande marmite. Un plat \u00e0 d\u00e9couvrir absolument pendant votre s\u00e9jour breton !<\/p>\n<h3><strong>La Tome bretonne de Baden\u00a0<\/strong><\/h3>\n<p>La Tome bretonne de Baden est un fromage embl\u00e9matique de la <a href=\"https:\/\/www.campings.com\/fr\/content\/guide-vacances-bretagne\/\"><u>Bretagne<\/u><\/a>. \u00c0 la fois doux et tendre, il est travaill\u00e9 en cuve pour obtenir cette p\u00e2te si moelleuse\u2026\u00a0Un v\u00e9ritable r\u00e9gal pour les amateurs de fromages !<\/p>\n<h2><strong>Les sp\u00e9cialit\u00e9s bretonnes sucr\u00e9es\u00a0<\/strong><\/h2>\n<p>Les cr\u00eapes, les palets bretons, cr\u00eapes sucr\u00e9es ou encore Kouign-amann\u2026 Autant de gourmandises \u00e0 d\u00e9couvrir lors d\u2019un s\u00e9jour en Bretagne !<\/p>\n<h3><strong>Les cr\u00eapes, la sp\u00e9cialit\u00e9 culinaire sucr\u00e9e incontournable\u00a0<\/strong><\/h3>\n<p>Contrairement \u00e0 la galette de sarrasin, la cr\u00eape sucr\u00e9e est pr\u00e9par\u00e9e avec du froment, du lait et des \u0153ufs\u2026 En Bretagne, elle se d\u00e9guste avec des garnitures vari\u00e9es \u00e0 n\u2019importe quelle heure de la journ\u00e9e. Confiture, sucre, caramel au beurre sal\u00e9&#8230; Vous avez l&#8217;embarras du choix !<\/p>\n<h3><strong>Le Kouign-amann, une recette traditionnelle bretonne <\/strong><\/h3>\n<p>Le kouign-amann est un g\u00e2teau typiquement breton, originaire de Douarnenez. Il est r\u00e9alis\u00e9 \u00e0 partir d\u2019une p\u00e2te \u00e0 pain beurr\u00e9e et sucr\u00e9e puis repli\u00e9e pour lui donner son aspect feuillet\u00e9.<\/p>\n<h3><strong>Le far breton\u00a0<\/strong><\/h3>\n<p>Parmi les grands classiques des desserts, on retrouve le far breton. Proche du clafoutis, il est pr\u00e9par\u00e9 avec du froment, du gruau, du bl\u00e9, du lait et des pruneaux.<\/p>\n<h3><strong>Le caramel au beurre sal\u00e9, en confiserie ou dessert<\/strong><\/h3>\n<p>Le caramel au beurre sal\u00e9 est une sp\u00e9cialit\u00e9 bretonne incontournable dont l\u2019invention est attribu\u00e9e au chocolatier Henri Le Roux en 1977.\u00a0Vous pourrez le d\u00e9guster sous diff\u00e9rentes formes, en bonbons ou coulant pour garnir notamment vos cr\u00eapes.<\/p>\n<h3><strong>Le palet breton\u00a0<\/strong><\/h3>\n<p>Ces petits biscuits secs tirent leur nom du jeu de palets bretons \u00ab Traou-Mad \u00bb qui signifie \u00ab les bonnes choses \u00bb \u2026 Le palet breton est pr\u00e9par\u00e9 avec du beurre sal\u00e9 ou demi-sel, du sucre vanill\u00e9 et de la farine.<\/p>\n<p><img loading=\"lazy\" decoding=\"async\" class=\"alignnone size-full wp-image-2762\" src=\"https:\/\/www.campings.com\/fr\/content\/wp-content\/uploads\/2021\/06\/Specialite-Palet-breton.jpg\" alt=\"\" width=\"1000\" height=\"665\" \/><\/p>\n<h3><strong>Le g\u00e2teau breton\u00a0<\/strong><\/h3>\n<p>Le g\u00e2teau breton est un biscuit \u00e9pais originaire du pays de Lorient. Il s\u2019agit d\u2019un sabl\u00e9 au beurre sal\u00e9 dont la cro\u00fbte est dessin\u00e9e \u00e0 la fourchette. Autrefois, les marins l\u2019emportaient lors de leurs voyages en mer, car il pouvait se conserver plusieurs semaines.<\/p>\n<h2><strong>Les boissons bretonnes\u00a0<\/strong><\/h2>\n<p>Un large choix de boissons typiquement bretonnes sont \u00e0 d\u00e9couvrir pendant votre s\u00e9jour en <a href=\"https:\/\/www.campings.com\/fr\/content\/guide-vacances-bretagne\/\"><u>Bretagne<\/u><\/a>.<\/p>\n<h3><strong>Le chouchen\u00a0<\/strong><\/h3>\n<p>Le chouchen est une boisson tr\u00e8s ancienne, produite gr\u00e2ce \u00e0 la fermentation du miel. Il est souvent rattach\u00e9 \u00e0 l\u2019h\u00e9ritage celte. Tr\u00e8s appr\u00e9ci\u00e9 en France, il se d\u00e9guste g\u00e9n\u00e9ralement frais \u00e0 l\u2019ap\u00e9ritif avec du melon ou des olives.<\/p>\n<h3><strong>Le cidre\u00a0<\/strong><\/h3>\n<p>Le cidre fermier breton est la boisson de terroir par excellence\u2026 Pendant votre s\u00e9jour, vous pourrez vous rendre directement chez les producteurs locaux pour d\u00e9guster sur place leurs produits.<\/p>\n<h3><strong>Le lambig\u00a0<\/strong><\/h3>\n<p>Le lambig ou eau-de-vie de cidre de Bretagne est fabriqu\u00e9 de mani\u00e8re artisanale \u00e0 partir des pommes des vergers bretons.<\/p>\n<h2><strong>Campings aux alentours des march\u00e9s\u00a0<\/strong><\/h2>\n<p>Envie de d\u00e9couvrir les produits du terroir breton en sillonnant les march\u00e9s ? D\u00e9couvrez une s\u00e9lection de campings situ\u00e9s \u00e0 proximit\u00e9 des march\u00e9s o\u00f9 les producteurs locaux proposent \u00e0 la vente leurs produits.<\/p>\n<h3><strong>Le camping Maeva Club La Mer Blanche <\/strong><\/h3>\n<p>Ce camping est situ\u00e9 \u00e0 B\u00e9nodet dans le Finist\u00e8re, \u00e0 3,5 km de la mer. Son emplacement privil\u00e9gi\u00e9 vous permet d\u2019acc\u00e9der \u00e0 de nombreux lieux touristiques\u2026 Port de plaisance, parc d\u2019attractions\u2026<\/p>\n<p><a href=\"https:\/\/www.campings.com\/fr\/camping\/camping-maeva-club-la-mer-blanche-76882\">Plus d\u2019infos sur le Camping maeva Club La Mer Blanche<\/a><\/p>\n<h3><strong>Le camping Plijadur<\/strong><\/h3>\n<p>Le camping Plijadur vous accueille \u00e0 La Trinit\u00e9-sur-Mer dans le Morbihan. Ce camping est le point de chute id\u00e9al pour d\u00e9couvrir la r\u00e9gion, ses cultures, ses traditions et ses gourmandises.<\/p>\n<p><a href=\"https:\/\/www.campings.com\/fr\/camping\/camping-plijadur-77500\">Plus d\u2019infos sur le Camping Plijadur<\/a><\/p>\n<h3><strong>Le camping C\u00f4t\u00e9 O Port Manec\u2019h<\/strong><\/h3>\n<p>Le camping C\u00f4t\u00e9 O Port Manec\u2019h est situ\u00e9 dans le Finist\u00e8re, dans la ville de N\u00e9vez. Situ\u00e9 \u00e0 200 m seulement de la plage, ce camping se trouve aussi \u00e0 proximit\u00e9 du march\u00e9 de la ville.<\/p>\n<p><a href=\"https:\/\/www.campings.com\/fr\/camping\/camping-cote-o-port-manec-h-77888\">Plus d\u2019infos sur le Camping C\u00f4t\u00e9 O Port Manec\u2019h<\/a><\/p>\n","protected":false},"excerpt":{"rendered":"<p>La cuisine bretonne ne saurait se r\u00e9duire \u00e0 ses fameuses galettes, mondialement connues\u2026 Voici un petit tour d\u2019horizon des sp\u00e9cialit\u00e9s bretonnes \u00e0 savourer lors de votre p\u00e9riple en Bretagne. Riche d\u2019un immense patrimoine culinaire, la Bretagne offre un large \u00e9ventail de saveurs issues de la terre et de la mer\u2026 Une grande vari\u00e9t\u00e9 de sp\u00e9cialit\u00e9s [&hellip;]<\/p>\n","protected":false},"author":18,"featured_media":0,"parent":2723,"menu_order":0,"comment_status":"closed","ping_status":"closed","template":"template-twocolumns.php","meta":{"_acf_changed":false,"footnotes":""},"class_list":["post-2761","page","type-page","status-publish","hentry"],"acf":[],"yoast_head":"<!-- This site is optimized with the Yoast SEO plugin v27.1.1 - https:\/\/yoast.com\/product\/yoast-seo-wordpress\/ -->\n<title>D\u00e9couvrez les meilleures sp\u00e9cialit\u00e9s bretonnes -<\/title>\n<meta name=\"description\" content=\"Envie de d\u00e9couvrir les sp\u00e9cialit\u00e9s bretonnes ? Voici une s\u00e9lection des sp\u00e9cialit\u00e9s incontournables \u00e0 savourer lors de votre s\u00e9jour en Bretagne.\" \/>\n<meta name=\"robots\" content=\"index, follow, max-snippet:-1, max-image-preview:large, max-video-preview:-1\" \/>\n<link rel=\"canonical\" href=\"https:\/\/www.campings.com\/fr\/content\/guide-vacances-bretagne\/specialites-bretonnes\/\" \/>\n<meta property=\"og:locale\" content=\"fr_FR\" \/>\n<meta property=\"og:type\" content=\"article\" \/>\n<meta property=\"og:title\" content=\"D\u00e9couvrez les meilleures sp\u00e9cialit\u00e9s bretonnes -\" \/>\n<meta property=\"og:description\" content=\"Envie de d\u00e9couvrir les sp\u00e9cialit\u00e9s bretonnes ? Voici une s\u00e9lection des sp\u00e9cialit\u00e9s incontournables \u00e0 savourer lors de votre s\u00e9jour en Bretagne.\" \/>\n<meta property=\"og:url\" content=\"https:\/\/www.campings.com\/fr\/content\/guide-vacances-bretagne\/specialites-bretonnes\/\" \/>\n<meta property=\"og:image\" content=\"https:\/\/www.campings.com\/fr\/content\/wp-content\/uploads\/2021\/06\/Specialite-Palet-breton.jpg\" \/>\n<meta name=\"twitter:card\" content=\"summary_large_image\" \/>\n<meta name=\"twitter:label1\" content=\"Dur\u00e9e de lecture estim\u00e9e\" \/>\n\t<meta name=\"twitter:data1\" content=\"5 minutes\" \/>\n<script type=\"application\/ld+json\" class=\"yoast-schema-graph\">{\"@context\":\"https:\/\/schema.org\",\"@graph\":[{\"@type\":\"WebPage\",\"@id\":\"https:\/\/www.campings.com\/fr\/content\/guide-vacances-bretagne\/specialites-bretonnes\/\",\"url\":\"https:\/\/www.campings.com\/fr\/content\/guide-vacances-bretagne\/specialites-bretonnes\/\",\"name\":\"D\u00e9couvrez les meilleures sp\u00e9cialit\u00e9s bretonnes -\",\"isPartOf\":{\"@id\":\"https:\/\/www.campings.com\/fr\/content\/#website\"},\"primaryImageOfPage\":{\"@id\":\"https:\/\/www.campings.com\/fr\/content\/guide-vacances-bretagne\/specialites-bretonnes\/#primaryimage\"},\"image\":{\"@id\":\"https:\/\/www.campings.com\/fr\/content\/guide-vacances-bretagne\/specialites-bretonnes\/#primaryimage\"},\"thumbnailUrl\":\"https:\/\/www.campings.com\/fr\/content\/wp-content\/uploads\/2021\/06\/Specialite-Palet-breton.jpg\",\"datePublished\":\"2021-06-11T15:00:14+00:00\",\"description\":\"Envie de d\u00e9couvrir les sp\u00e9cialit\u00e9s bretonnes ? Voici une s\u00e9lection des sp\u00e9cialit\u00e9s incontournables \u00e0 savourer lors de votre s\u00e9jour en Bretagne.\",\"breadcrumb\":{\"@id\":\"https:\/\/www.campings.com\/fr\/content\/guide-vacances-bretagne\/specialites-bretonnes\/#breadcrumb\"},\"inLanguage\":\"fr-FR\",\"potentialAction\":[{\"@type\":\"ReadAction\",\"target\":[\"https:\/\/www.campings.com\/fr\/content\/guide-vacances-bretagne\/specialites-bretonnes\/\"]}]},{\"@type\":\"ImageObject\",\"inLanguage\":\"fr-FR\",\"@id\":\"https:\/\/www.campings.com\/fr\/content\/guide-vacances-bretagne\/specialites-bretonnes\/#primaryimage\",\"url\":\"https:\/\/www.campings.com\/fr\/content\/wp-content\/uploads\/2021\/06\/Specialite-Palet-breton.jpg\",\"contentUrl\":\"https:\/\/www.campings.com\/fr\/content\/wp-content\/uploads\/2021\/06\/Specialite-Palet-breton.jpg\",\"width\":1000,\"height\":665},{\"@type\":\"BreadcrumbList\",\"@id\":\"https:\/\/www.campings.com\/fr\/content\/guide-vacances-bretagne\/specialites-bretonnes\/#breadcrumb\",\"itemListElement\":[{\"@type\":\"ListItem\",\"position\":1,\"name\":\"Home\",\"item\":\"https:\/\/www.campings.com\/fr\/content\/\"},{\"@type\":\"ListItem\",\"position\":2,\"name\":\"Le guide de vos vacances en Bretagne\",\"item\":\"https:\/\/www.campings.com\/fr\/content\/guide-vacances-bretagne\/\"},{\"@type\":\"ListItem\",\"position\":3,\"name\":\"D\u00e9couvrez les meilleures sp\u00e9cialit\u00e9s bretonnes\"}]},{\"@type\":\"WebSite\",\"@id\":\"https:\/\/www.campings.com\/fr\/content\/#website\",\"url\":\"https:\/\/www.campings.com\/fr\/content\/\",\"name\":\"\",\"description\":\"\",\"publisher\":{\"@id\":\"https:\/\/www.campings.com\/fr\/content\/#organization\"},\"potentialAction\":[{\"@type\":\"SearchAction\",\"target\":{\"@type\":\"EntryPoint\",\"urlTemplate\":\"https:\/\/www.campings.com\/fr\/content\/?s={search_term_string}\"},\"query-input\":{\"@type\":\"PropertyValueSpecification\",\"valueRequired\":true,\"valueName\":\"search_term_string\"}}],\"inLanguage\":\"fr-FR\"},{\"@type\":\"Organization\",\"@id\":\"https:\/\/www.campings.com\/fr\/content\/#organization\",\"name\":\"CAMPINGS.COM\",\"url\":\"https:\/\/www.campings.com\/fr\/content\/\",\"logo\":{\"@type\":\"ImageObject\",\"inLanguage\":\"fr-FR\",\"@id\":\"https:\/\/www.campings.com\/fr\/content\/#\/schema\/logo\/image\/\",\"url\":\"https:\/\/www.campings.com\/fr\/content\/wp-content\/uploads\/2019\/01\/cropped-logo-1.png\",\"contentUrl\":\"https:\/\/www.campings.com\/fr\/content\/wp-content\/uploads\/2019\/01\/cropped-logo-1.png\",\"width\":174,\"height\":42,\"caption\":\"CAMPINGS.COM\"},\"image\":{\"@id\":\"https:\/\/www.campings.com\/fr\/content\/#\/schema\/logo\/image\/\"}}]}<\/script>\n<!-- \/ Yoast SEO plugin. -->","yoast_head_json":{"title":"D\u00e9couvrez les meilleures sp\u00e9cialit\u00e9s bretonnes -","description":"Envie de d\u00e9couvrir les sp\u00e9cialit\u00e9s bretonnes ? Voici une s\u00e9lection des sp\u00e9cialit\u00e9s incontournables \u00e0 savourer lors de votre s\u00e9jour en Bretagne.","robots":{"index":"index","follow":"follow","max-snippet":"max-snippet:-1","max-image-preview":"max-image-preview:large","max-video-preview":"max-video-preview:-1"},"canonical":"https:\/\/www.campings.com\/fr\/content\/guide-vacances-bretagne\/specialites-bretonnes\/","og_locale":"fr_FR","og_type":"article","og_title":"D\u00e9couvrez les meilleures sp\u00e9cialit\u00e9s bretonnes -","og_description":"Envie de d\u00e9couvrir les sp\u00e9cialit\u00e9s bretonnes ? Voici une s\u00e9lection des sp\u00e9cialit\u00e9s incontournables \u00e0 savourer lors de votre s\u00e9jour en Bretagne.","og_url":"https:\/\/www.campings.com\/fr\/content\/guide-vacances-bretagne\/specialites-bretonnes\/","og_image":[{"url":"https:\/\/www.campings.com\/fr\/content\/wp-content\/uploads\/2021\/06\/Specialite-Palet-breton.jpg","type":"","width":"","height":""}],"twitter_card":"summary_large_image","twitter_misc":{"Dur\u00e9e de lecture estim\u00e9e":"5 minutes"},"schema":{"@context":"https:\/\/schema.org","@graph":[{"@type":"WebPage","@id":"https:\/\/www.campings.com\/fr\/content\/guide-vacances-bretagne\/specialites-bretonnes\/","url":"https:\/\/www.campings.com\/fr\/content\/guide-vacances-bretagne\/specialites-bretonnes\/","name":"D\u00e9couvrez les meilleures sp\u00e9cialit\u00e9s bretonnes -","isPartOf":{"@id":"https:\/\/www.campings.com\/fr\/content\/#website"},"primaryImageOfPage":{"@id":"https:\/\/www.campings.com\/fr\/content\/guide-vacances-bretagne\/specialites-bretonnes\/#primaryimage"},"image":{"@id":"https:\/\/www.campings.com\/fr\/content\/guide-vacances-bretagne\/specialites-bretonnes\/#primaryimage"},"thumbnailUrl":"https:\/\/www.campings.com\/fr\/content\/wp-content\/uploads\/2021\/06\/Specialite-Palet-breton.jpg","datePublished":"2021-06-11T15:00:14+00:00","description":"Envie de d\u00e9couvrir les sp\u00e9cialit\u00e9s bretonnes ? Voici une s\u00e9lection des sp\u00e9cialit\u00e9s incontournables \u00e0 savourer lors de votre s\u00e9jour en Bretagne.","breadcrumb":{"@id":"https:\/\/www.campings.com\/fr\/content\/guide-vacances-bretagne\/specialites-bretonnes\/#breadcrumb"},"inLanguage":"fr-FR","potentialAction":[{"@type":"ReadAction","target":["https:\/\/www.campings.com\/fr\/content\/guide-vacances-bretagne\/specialites-bretonnes\/"]}]},{"@type":"ImageObject","inLanguage":"fr-FR","@id":"https:\/\/www.campings.com\/fr\/content\/guide-vacances-bretagne\/specialites-bretonnes\/#primaryimage","url":"https:\/\/www.campings.com\/fr\/content\/wp-content\/uploads\/2021\/06\/Specialite-Palet-breton.jpg","contentUrl":"https:\/\/www.campings.com\/fr\/content\/wp-content\/uploads\/2021\/06\/Specialite-Palet-breton.jpg","width":1000,"height":665},{"@type":"BreadcrumbList","@id":"https:\/\/www.campings.com\/fr\/content\/guide-vacances-bretagne\/specialites-bretonnes\/#breadcrumb","itemListElement":[{"@type":"ListItem","position":1,"name":"Home","item":"https:\/\/www.campings.com\/fr\/content\/"},{"@type":"ListItem","position":2,"name":"Le guide de vos vacances en Bretagne","item":"https:\/\/www.campings.com\/fr\/content\/guide-vacances-bretagne\/"},{"@type":"ListItem","position":3,"name":"D\u00e9couvrez les meilleures sp\u00e9cialit\u00e9s bretonnes"}]},{"@type":"WebSite","@id":"https:\/\/www.campings.com\/fr\/content\/#website","url":"https:\/\/www.campings.com\/fr\/content\/","name":"","description":"","publisher":{"@id":"https:\/\/www.campings.com\/fr\/content\/#organization"},"potentialAction":[{"@type":"SearchAction","target":{"@type":"EntryPoint","urlTemplate":"https:\/\/www.campings.com\/fr\/content\/?s={search_term_string}"},"query-input":{"@type":"PropertyValueSpecification","valueRequired":true,"valueName":"search_term_string"}}],"inLanguage":"fr-FR"},{"@type":"Organization","@id":"https:\/\/www.campings.com\/fr\/content\/#organization","name":"CAMPINGS.COM","url":"https:\/\/www.campings.com\/fr\/content\/","logo":{"@type":"ImageObject","inLanguage":"fr-FR","@id":"https:\/\/www.campings.com\/fr\/content\/#\/schema\/logo\/image\/","url":"https:\/\/www.campings.com\/fr\/content\/wp-content\/uploads\/2019\/01\/cropped-logo-1.png","contentUrl":"https:\/\/www.campings.com\/fr\/content\/wp-content\/uploads\/2019\/01\/cropped-logo-1.png","width":174,"height":42,"caption":"CAMPINGS.COM"},"image":{"@id":"https:\/\/www.campings.com\/fr\/content\/#\/schema\/logo\/image\/"}}]}},"_links":{"self":[{"href":"https:\/\/www.campings.com\/fr\/content\/wp-json\/wp\/v2\/pages\/2761","targetHints":{"allow":["GET"]}}],"collection":[{"href":"https:\/\/www.campings.com\/fr\/content\/wp-json\/wp\/v2\/pages"}],"about":[{"href":"https:\/\/www.campings.com\/fr\/content\/wp-json\/wp\/v2\/types\/page"}],"author":[{"embeddable":true,"href":"https:\/\/www.campings.com\/fr\/content\/wp-json\/wp\/v2\/users\/18"}],"replies":[{"embeddable":true,"href":"https:\/\/www.campings.com\/fr\/content\/wp-json\/wp\/v2\/comments?post=2761"}],"version-history":[{"count":1,"href":"https:\/\/www.campings.com\/fr\/content\/wp-json\/wp\/v2\/pages\/2761\/revisions"}],"predecessor-version":[{"id":2765,"href":"https:\/\/www.campings.com\/fr\/content\/wp-json\/wp\/v2\/pages\/2761\/revisions\/2765"}],"up":[{"embeddable":true,"href":"https:\/\/www.campings.com\/fr\/content\/wp-json\/wp\/v2\/pages\/2723"}],"wp:attachment":[{"href":"https:\/\/www.campings.com\/fr\/content\/wp-json\/wp\/v2\/media?parent=2761"}],"curies":[{"name":"wp","href":"https:\/\/api.w.org\/{rel}","templated":true}]}}