{"id":2753,"date":"2021-06-11T14:36:49","date_gmt":"2021-06-11T14:36:49","guid":{"rendered":"https:\/\/www.campings.com\/fr\/content\/?page_id=2753"},"modified":"2021-06-14T14:28:23","modified_gmt":"2021-06-14T14:28:23","slug":"randonnee-bretagne","status":"publish","type":"page","link":"https:\/\/www.campings.com\/fr\/content\/guide-vacances-bretagne\/randonnee-bretagne\/","title":{"rendered":"O\u00f9 faire de la randonn\u00e9e en Bretagne ?"},"content":{"rendered":"<p>Envie de d\u00e9couvrir la <a href=\"https:\/\/www.campings.com\/fr\/content\/guide-vacances-bretagne\/\"><u>Bretagne<\/u><\/a> autrement ? Voici une s\u00e9lection des plus belles randonn\u00e9es pour faire le plein d\u2019\u00e9nergie lors de votre s\u00e9jour dans la r\u00e9gion.<\/p>\n<p>Vous souhaitez partir \u00e0 la d\u00e9couverte du littoral breton lors de vos prochaines vacances ? C\u2019est l\u2019occasion de prendre un grand bol d\u2019air iod\u00e9 en sillonnant les nombreux sentiers de randonn\u00e9e de Bretagne ! Terre de randonn\u00e9e, la r\u00e9gion offre de belles randonn\u00e9es \u00e0 pied&#8230; Avec ses c\u00f4tes sauvages, ses for\u00eats, ses falaises escarp\u00e9es&#8230; Des panoramas \u00e0 couper le souffle d\u00e9fileront sous vos yeux ! Petit tour d\u2019horizon des randonn\u00e9es \u00e0 faire en Bretagne.<\/p>\n<h2>Le sentier des Douaniers, aussi appel\u00e9 Gr 34, le plus connu des circuits de rando en Bretagne<\/h2>\n<p>O\u00f9 aller marcher en Bretagne ? Le sentier des Douaniers, aussi connu sous le nom de GR 34 est l\u2019un des plus c\u00e9l\u00e8bres chemins c\u00f4tiers. Partant du Mont-Saint-Michel jusqu\u2019au pont de Saint-Nazaire, il se d\u00e9ploie sur plus de 2 000 km de c\u00f4tes. Pour profiter d\u2019une vue imprenable sur l\u2019oc\u00e9an et respirer l\u2019air iod\u00e9, c\u2019est l\u2019un des plus beaux chemins \u00e0 suivre ! Le circuit de 8 km (aller-retour) partant de la plage de Trestraou permet d\u2019admirer les rochers de granit rose le long de la c\u00f4te. Adapt\u00e9 \u00e0 tous les niveaux, il se boucle en 2h30.<\/p>\n<p><img loading=\"lazy\" decoding=\"async\" class=\"alignnone size-full wp-image-2758\" src=\"https:\/\/www.campings.com\/fr\/content\/wp-content\/uploads\/2021\/06\/Randonnee-Sentier-des-douaniers.jpg\" alt=\"\" width=\"1000\" height=\"665\" \/><\/p>\n<h2>Le Circuit du Dolmen, un chemin de randonn\u00e9e en Bretagne agr\u00e9able et surprenant<\/h2>\n<p>Le circuit du Dolmen s\u2019\u00e9tend sur 14 km en partant de Cournon jusqu\u2019\u00e0 La Gacilly. Tr\u00e8s agr\u00e9able, ce chemin de randonn\u00e9e r\u00e9serve quelques belles surprises aux marcheurs\u2026 Parmi elles, le Dolmen \u00ab des Tablettes \u00bb, le moulin de la Ville Janvier et les tumulus de la Ville Janvier\u2026 Ce circuit de difficult\u00e9 moyenne se boucle en 3h30. Le d\u00e9part s\u2019effectue au parking de l\u2019\u00e9glise de Cournon et se termine \u00e0 La Gacilly.<\/p>\n<h2>La for\u00eat de Broc\u00e9liande (Tr\u00e9horenteuc), une belle balade en Bretagne \u00e0 d\u00e9couvrir<\/h2>\n<p>Envie de parcourir la for\u00eat mythique de\u00a0Broc\u00e9liande\u00a0? Vous pouvez rejoindre le village de Tr\u00e9horenteuc, qui constitue l\u2019une des portes d\u2019entr\u00e9e de la for\u00eat. Celui-ci ouvre le circuit du \u00ab Val sans retour \u00bb. Selon la l\u00e9gende, ce circuit \u00e9tait le lieu o\u00f9 la f\u00e9e Morgane enfermait les amants infid\u00e8les. Un beau circuit \u00e0 faire en famille ! Vous y d\u00e9couvrirez l\u2019\u00e9glise Sainte-Onenne, l\u2019Arbre d\u2019Or, le Miroir aux F\u00e9es et le jardin aux Moines. Le circuit de 15 km du \u00ab Val sans retour \u00bb dure environ 3h15.<\/p>\n<p><img loading=\"lazy\" decoding=\"async\" class=\"alignnone size-full wp-image-2759\" src=\"https:\/\/www.campings.com\/fr\/content\/wp-content\/uploads\/2021\/06\/Randonn\u00e9e-Broc\u00e9liande.jpg\" alt=\"\" width=\"1000\" height=\"665\" \/><\/p>\n<h2>La C\u00f4te Sauvage (Le Croisic), un sentier c\u00f4tier de Bretagne pour tous les \u00e2ges<\/h2>\n<p>Ce circuit, long de 7,2 km emprunte quelques portions du sentier des Douaniers (GR 34). Ce parcours c\u00f4tier balis\u00e9 vous permet de belles promenades \u00e0 pied tout en respirant l\u2019air iod\u00e9 ! Le circuit est adapt\u00e9 \u00e0 tous les niveaux m\u00eame aux enfants. Il se boucle en 1h environ, s\u2019achevant le long de la C\u00f4te sauvage\u2026 Il vous permettra d\u2019admirer des rochers \u00e9tonnants aux formes fa\u00e7onn\u00e9es par les vagues\u2026 \u00c0 l\u2019instar du rocher de l\u2019Ours, le Sphinx, le rocher du dormeur, le Grand Autel ou encore le masque de Napol\u00e9on. Vous pourrez \u00e9galement d\u00e9couvrir quelques vestiges du pass\u00e9 de Croisic. Comme la vigie de la Romaine, le moulin de Bauvran ou encore le fort de la pointe du Croisic.<\/p>\n<h2>La pointe du Grouin jusqu\u2019\u00e0 Cancale<\/h2>\n<p>Cette randonn\u00e9e p\u00e9destre de 8 km, d\u2019un niveau de difficult\u00e9 moyen, fait partie des plus beaux circuits d\u2019Ille-et-Vilaine en\u00a0<a href=\"https:\/\/www.campings.com\/fr\/content\/guide-vacances-bretagne\/\"><u>Bretagne<\/u><\/a>. Ce circuit de 2h permet d\u2019admirer toute la beaut\u00e9 de la c\u00f4te d\u2019\u00c9meraude avec ses criques et ses anses sableuses\u2026 Une succession de panoramas exceptionnels d\u00e9fileront sous vos yeux. Vous croiserez \u00e9galement quelques vestiges historiques comme la chapelle Notre-Dame-du-Verger et le Corps de garde des Daules.<\/p>\n<h2>Le Circuit de la pointe Saint-Mathieu<\/h2>\n<p>Ce circuit permet d\u2019admirer \u00e0 180\u00b0 l\u2019archipel de Mol\u00e8ne, la c\u00f4te nord de la Presqu\u2019\u00eele de Crozon et l\u2019\u00eele d\u2019Ouessant. Cette \u00e9tape sur le GR34 vaut vraiment le d\u00e9tour. Elle invite les marcheurs \u00e0 d\u00e9couvrir de nombreux lieux d\u2019int\u00e9r\u00eat\u2026 le phare Saint-Mathieu, l\u2019abbaye et son mus\u00e9e, la chapelle Notre Dame des Gr\u00e2ces, le point O du chemin de Compostelle\u2026 Long de 8 km, ce circuit de difficult\u00e9 moyenne \u00e0 faire en famille, se boucle en 4h environ.<\/p>\n<h2>La boucle de l\u2019\u00eele aux Moines<\/h2>\n<p>Des plages magnifiques, une nature pr\u00e9serv\u00e9e, des monuments arch\u00e9ologiques\u2026 La boucle de l\u2019\u00eele aux Moines r\u00e9serve de belles surprises aux randonneurs ! Ce circuit facile, \u00e0 r\u00e9aliser en famille, est d\u2019une dur\u00e9e moyenne de 3h30. L\u2019\u00cele aux Moines, la perle du golfe du Morbihan, s\u2019ouvre sur l\u2019une des plus belles baies du monde. Le circuit comprend des routes et des sentiers c\u00f4tiers. Les randonneurs acc\u00e8dent \u00e0 l\u2019\u00eele par bateau depuis Port-Blanc.<\/p>\n<p><img loading=\"lazy\" decoding=\"async\" class=\"alignnone size-full wp-image-2784\" src=\"https:\/\/www.campings.com\/fr\/content\/wp-content\/uploads\/2021\/06\/Rando-boucle-de-l\u00eele-aux-Moines.jpg\" alt=\"\" width=\"1000\" height=\"665\" \/><\/p>\n<h2>Une s\u00e9lection de campings \u00e0 proximit\u00e9 des sentiers de randonn\u00e9e<\/h2>\n<p>De nombreux sentiers de randonn\u00e9e permettent de s\u2019\u00e9vader et de d\u00e9couvrir toutes les merveilles de la\u00a0<a href=\"https:\/\/www.campings.com\/fr\/content\/guide-vacances-bretagne\/\"><u>Bretagne<\/u><\/a>. Pour votre s\u00e9jour dans la r\u00e9gion, choisissez parmi notre s\u00e9lection de campings situ\u00e9s \u00e0 proximit\u00e9 d&rsquo;une grande randonn\u00e9e de pays. Vous pourrez acc\u00e9der plus facilement \u00e0 toutes vos activit\u00e9s pr\u00e9f\u00e9r\u00e9es<\/p>\n<h3>Camping Les Gen\u00eats<\/h3>\n<p>Situ\u00e9 \u00e0 Cancale, le camping Les Gen\u00eats vous accueille \u00e0 quelques minutes de la magnifique plage du Verger. Le site constitue un point de d\u00e9part id\u00e9al pour rejoindre les sentiers c\u00f4tiers. Tout au long de votre s\u00e9jour, vous pourrez acc\u00e9der \u00e0 un large choix d\u2019activit\u00e9s vari\u00e9es.<\/p>\n<p><a href=\"https:\/\/www.campings.com\/fr\/camping\/camping-les-genets-85214#presentation\">Plus d\u2019infos sur le Camping Les Genets\u00a0<\/a><\/p>\n<h3>Camping Domaine de Kervallon<\/h3>\n<p>Vous souhaitez r\u00e9aliser une randonn\u00e9e dans la for\u00eat de Broc\u00e9liande riche d&rsquo;un patrimoine naturel exceptionnel ? \u00c0 Caro dans le Morbihan, le camping Domaine de Kervallon constitue un point de d\u00e9part parfait !<\/p>\n<p><a href=\"https:\/\/www.campings.com\/fr\/camping\/camping-maeva-respire-domaine-de-kervallon-77024#presentation\">Plus d\u2019infos sur le Camping Domaine de Kervallon<\/a><\/p>\n<h3>Camping L\u2019Oc\u00e9an<\/h3>\n<p>Le camping l\u2019Oc\u00e9an \u00e0 Le Croisic se situe \u00e0 100 m de la mer seulement. Il se trouve \u00e9galement \u00e0 proximit\u00e9 de nombreux sentiers de randonn\u00e9e, notamment le sentier de la c\u00f4te sauvage.<\/p>\n<p><a href=\"https:\/\/www.campings.com\/fr\/camping\/camping-locean-77571#presentation\">Plus d\u2019infos sur le Camping L\u2019Oc\u00e9an<\/a><\/p>\n","protected":false},"excerpt":{"rendered":"<p>Envie de d\u00e9couvrir la Bretagne autrement ? Voici une s\u00e9lection des plus belles randonn\u00e9es pour faire le plein d\u2019\u00e9nergie lors de votre s\u00e9jour dans la r\u00e9gion. Vous souhaitez partir \u00e0 la d\u00e9couverte du littoral breton lors de vos prochaines vacances ? C\u2019est l\u2019occasion de prendre un grand bol d\u2019air iod\u00e9 en sillonnant les nombreux sentiers [&hellip;]<\/p>\n","protected":false},"author":18,"featured_media":0,"parent":2723,"menu_order":0,"comment_status":"closed","ping_status":"closed","template":"template-twocolumns.php","meta":{"_acf_changed":false,"footnotes":""},"class_list":["post-2753","page","type-page","status-publish","hentry"],"acf":[],"yoast_head":"<!-- This site is optimized with the Yoast SEO plugin v27.1.1 - https:\/\/yoast.com\/product\/yoast-seo-wordpress\/ -->\n<title>O\u00f9 faire de la randonn\u00e9e en Bretagne ? -<\/title>\n<meta name=\"description\" content=\"Retrouvez une s\u00e9lection des plus beaux circuits de randonn\u00e9e en Bretagne \u00e0 faire en famille lors de votre s\u00e9jour. Il y en a pour tous les niveaux !\" \/>\n<meta name=\"robots\" content=\"index, follow, max-snippet:-1, max-image-preview:large, max-video-preview:-1\" \/>\n<link rel=\"canonical\" href=\"https:\/\/www.campings.com\/fr\/content\/guide-vacances-bretagne\/randonnee-bretagne\/\" \/>\n<meta property=\"og:locale\" content=\"fr_FR\" \/>\n<meta property=\"og:type\" content=\"article\" \/>\n<meta property=\"og:title\" content=\"O\u00f9 faire de la randonn\u00e9e en Bretagne ? -\" \/>\n<meta property=\"og:description\" content=\"Retrouvez une s\u00e9lection des plus beaux circuits de randonn\u00e9e en Bretagne \u00e0 faire en famille lors de votre s\u00e9jour. Il y en a pour tous les niveaux !\" \/>\n<meta property=\"og:url\" content=\"https:\/\/www.campings.com\/fr\/content\/guide-vacances-bretagne\/randonnee-bretagne\/\" \/>\n<meta property=\"article:modified_time\" content=\"2021-06-14T14:28:23+00:00\" \/>\n<meta property=\"og:image\" content=\"https:\/\/www.campings.com\/fr\/content\/wp-content\/uploads\/2021\/06\/Randonnee-Sentier-des-douaniers.jpg\" \/>\n\t<meta property=\"og:image:width\" content=\"1000\" \/>\n\t<meta property=\"og:image:height\" content=\"665\" \/>\n\t<meta property=\"og:image:type\" content=\"image\/jpeg\" \/>\n<meta name=\"twitter:card\" content=\"summary_large_image\" \/>\n<meta name=\"twitter:label1\" content=\"Dur\u00e9e de lecture estim\u00e9e\" \/>\n\t<meta name=\"twitter:data1\" content=\"5 minutes\" \/>\n<script type=\"application\/ld+json\" class=\"yoast-schema-graph\">{\"@context\":\"https:\/\/schema.org\",\"@graph\":[{\"@type\":\"WebPage\",\"@id\":\"https:\/\/www.campings.com\/fr\/content\/guide-vacances-bretagne\/randonnee-bretagne\/\",\"url\":\"https:\/\/www.campings.com\/fr\/content\/guide-vacances-bretagne\/randonnee-bretagne\/\",\"name\":\"O\u00f9 faire de la randonn\u00e9e en Bretagne ? -\",\"isPartOf\":{\"@id\":\"https:\/\/www.campings.com\/fr\/content\/#website\"},\"primaryImageOfPage\":{\"@id\":\"https:\/\/www.campings.com\/fr\/content\/guide-vacances-bretagne\/randonnee-bretagne\/#primaryimage\"},\"image\":{\"@id\":\"https:\/\/www.campings.com\/fr\/content\/guide-vacances-bretagne\/randonnee-bretagne\/#primaryimage\"},\"thumbnailUrl\":\"https:\/\/www.campings.com\/fr\/content\/wp-content\/uploads\/2021\/06\/Randonnee-Sentier-des-douaniers.jpg\",\"datePublished\":\"2021-06-11T14:36:49+00:00\",\"dateModified\":\"2021-06-14T14:28:23+00:00\",\"description\":\"Retrouvez une s\u00e9lection des plus beaux circuits de randonn\u00e9e en Bretagne \u00e0 faire en famille lors de votre s\u00e9jour. Il y en a pour tous les niveaux !\",\"breadcrumb\":{\"@id\":\"https:\/\/www.campings.com\/fr\/content\/guide-vacances-bretagne\/randonnee-bretagne\/#breadcrumb\"},\"inLanguage\":\"fr-FR\",\"potentialAction\":[{\"@type\":\"ReadAction\",\"target\":[\"https:\/\/www.campings.com\/fr\/content\/guide-vacances-bretagne\/randonnee-bretagne\/\"]}]},{\"@type\":\"ImageObject\",\"inLanguage\":\"fr-FR\",\"@id\":\"https:\/\/www.campings.com\/fr\/content\/guide-vacances-bretagne\/randonnee-bretagne\/#primaryimage\",\"url\":\"https:\/\/www.campings.com\/fr\/content\/wp-content\/uploads\/2021\/06\/Randonnee-Sentier-des-douaniers.jpg\",\"contentUrl\":\"https:\/\/www.campings.com\/fr\/content\/wp-content\/uploads\/2021\/06\/Randonnee-Sentier-des-douaniers.jpg\",\"width\":1000,\"height\":665},{\"@type\":\"BreadcrumbList\",\"@id\":\"https:\/\/www.campings.com\/fr\/content\/guide-vacances-bretagne\/randonnee-bretagne\/#breadcrumb\",\"itemListElement\":[{\"@type\":\"ListItem\",\"position\":1,\"name\":\"Home\",\"item\":\"https:\/\/www.campings.com\/fr\/content\/\"},{\"@type\":\"ListItem\",\"position\":2,\"name\":\"Le guide de vos vacances en Bretagne\",\"item\":\"https:\/\/www.campings.com\/fr\/content\/guide-vacances-bretagne\/\"},{\"@type\":\"ListItem\",\"position\":3,\"name\":\"O\u00f9 faire de la randonn\u00e9e en Bretagne ?\"}]},{\"@type\":\"WebSite\",\"@id\":\"https:\/\/www.campings.com\/fr\/content\/#website\",\"url\":\"https:\/\/www.campings.com\/fr\/content\/\",\"name\":\"\",\"description\":\"\",\"publisher\":{\"@id\":\"https:\/\/www.campings.com\/fr\/content\/#organization\"},\"potentialAction\":[{\"@type\":\"SearchAction\",\"target\":{\"@type\":\"EntryPoint\",\"urlTemplate\":\"https:\/\/www.campings.com\/fr\/content\/?s={search_term_string}\"},\"query-input\":{\"@type\":\"PropertyValueSpecification\",\"valueRequired\":true,\"valueName\":\"search_term_string\"}}],\"inLanguage\":\"fr-FR\"},{\"@type\":\"Organization\",\"@id\":\"https:\/\/www.campings.com\/fr\/content\/#organization\",\"name\":\"CAMPINGS.COM\",\"url\":\"https:\/\/www.campings.com\/fr\/content\/\",\"logo\":{\"@type\":\"ImageObject\",\"inLanguage\":\"fr-FR\",\"@id\":\"https:\/\/www.campings.com\/fr\/content\/#\/schema\/logo\/image\/\",\"url\":\"https:\/\/www.campings.com\/fr\/content\/wp-content\/uploads\/2019\/01\/cropped-logo-1.png\",\"contentUrl\":\"https:\/\/www.campings.com\/fr\/content\/wp-content\/uploads\/2019\/01\/cropped-logo-1.png\",\"width\":174,\"height\":42,\"caption\":\"CAMPINGS.COM\"},\"image\":{\"@id\":\"https:\/\/www.campings.com\/fr\/content\/#\/schema\/logo\/image\/\"}}]}<\/script>\n<!-- \/ Yoast SEO plugin. -->","yoast_head_json":{"title":"O\u00f9 faire de la randonn\u00e9e en Bretagne ? -","description":"Retrouvez une s\u00e9lection des plus beaux circuits de randonn\u00e9e en Bretagne \u00e0 faire en famille lors de votre s\u00e9jour. Il y en a pour tous les niveaux !","robots":{"index":"index","follow":"follow","max-snippet":"max-snippet:-1","max-image-preview":"max-image-preview:large","max-video-preview":"max-video-preview:-1"},"canonical":"https:\/\/www.campings.com\/fr\/content\/guide-vacances-bretagne\/randonnee-bretagne\/","og_locale":"fr_FR","og_type":"article","og_title":"O\u00f9 faire de la randonn\u00e9e en Bretagne ? -","og_description":"Retrouvez une s\u00e9lection des plus beaux circuits de randonn\u00e9e en Bretagne \u00e0 faire en famille lors de votre s\u00e9jour. Il y en a pour tous les niveaux !","og_url":"https:\/\/www.campings.com\/fr\/content\/guide-vacances-bretagne\/randonnee-bretagne\/","article_modified_time":"2021-06-14T14:28:23+00:00","og_image":[{"width":1000,"height":665,"url":"https:\/\/www.campings.com\/fr\/content\/wp-content\/uploads\/2021\/06\/Randonnee-Sentier-des-douaniers.jpg","type":"image\/jpeg"}],"twitter_card":"summary_large_image","twitter_misc":{"Dur\u00e9e de lecture estim\u00e9e":"5 minutes"},"schema":{"@context":"https:\/\/schema.org","@graph":[{"@type":"WebPage","@id":"https:\/\/www.campings.com\/fr\/content\/guide-vacances-bretagne\/randonnee-bretagne\/","url":"https:\/\/www.campings.com\/fr\/content\/guide-vacances-bretagne\/randonnee-bretagne\/","name":"O\u00f9 faire de la randonn\u00e9e en Bretagne ? -","isPartOf":{"@id":"https:\/\/www.campings.com\/fr\/content\/#website"},"primaryImageOfPage":{"@id":"https:\/\/www.campings.com\/fr\/content\/guide-vacances-bretagne\/randonnee-bretagne\/#primaryimage"},"image":{"@id":"https:\/\/www.campings.com\/fr\/content\/guide-vacances-bretagne\/randonnee-bretagne\/#primaryimage"},"thumbnailUrl":"https:\/\/www.campings.com\/fr\/content\/wp-content\/uploads\/2021\/06\/Randonnee-Sentier-des-douaniers.jpg","datePublished":"2021-06-11T14:36:49+00:00","dateModified":"2021-06-14T14:28:23+00:00","description":"Retrouvez une s\u00e9lection des plus beaux circuits de randonn\u00e9e en Bretagne \u00e0 faire en famille lors de votre s\u00e9jour. Il y en a pour tous les niveaux !","breadcrumb":{"@id":"https:\/\/www.campings.com\/fr\/content\/guide-vacances-bretagne\/randonnee-bretagne\/#breadcrumb"},"inLanguage":"fr-FR","potentialAction":[{"@type":"ReadAction","target":["https:\/\/www.campings.com\/fr\/content\/guide-vacances-bretagne\/randonnee-bretagne\/"]}]},{"@type":"ImageObject","inLanguage":"fr-FR","@id":"https:\/\/www.campings.com\/fr\/content\/guide-vacances-bretagne\/randonnee-bretagne\/#primaryimage","url":"https:\/\/www.campings.com\/fr\/content\/wp-content\/uploads\/2021\/06\/Randonnee-Sentier-des-douaniers.jpg","contentUrl":"https:\/\/www.campings.com\/fr\/content\/wp-content\/uploads\/2021\/06\/Randonnee-Sentier-des-douaniers.jpg","width":1000,"height":665},{"@type":"BreadcrumbList","@id":"https:\/\/www.campings.com\/fr\/content\/guide-vacances-bretagne\/randonnee-bretagne\/#breadcrumb","itemListElement":[{"@type":"ListItem","position":1,"name":"Home","item":"https:\/\/www.campings.com\/fr\/content\/"},{"@type":"ListItem","position":2,"name":"Le guide de vos vacances en Bretagne","item":"https:\/\/www.campings.com\/fr\/content\/guide-vacances-bretagne\/"},{"@type":"ListItem","position":3,"name":"O\u00f9 faire de la randonn\u00e9e en Bretagne ?"}]},{"@type":"WebSite","@id":"https:\/\/www.campings.com\/fr\/content\/#website","url":"https:\/\/www.campings.com\/fr\/content\/","name":"","description":"","publisher":{"@id":"https:\/\/www.campings.com\/fr\/content\/#organization"},"potentialAction":[{"@type":"SearchAction","target":{"@type":"EntryPoint","urlTemplate":"https:\/\/www.campings.com\/fr\/content\/?s={search_term_string}"},"query-input":{"@type":"PropertyValueSpecification","valueRequired":true,"valueName":"search_term_string"}}],"inLanguage":"fr-FR"},{"@type":"Organization","@id":"https:\/\/www.campings.com\/fr\/content\/#organization","name":"CAMPINGS.COM","url":"https:\/\/www.campings.com\/fr\/content\/","logo":{"@type":"ImageObject","inLanguage":"fr-FR","@id":"https:\/\/www.campings.com\/fr\/content\/#\/schema\/logo\/image\/","url":"https:\/\/www.campings.com\/fr\/content\/wp-content\/uploads\/2019\/01\/cropped-logo-1.png","contentUrl":"https:\/\/www.campings.com\/fr\/content\/wp-content\/uploads\/2019\/01\/cropped-logo-1.png","width":174,"height":42,"caption":"CAMPINGS.COM"},"image":{"@id":"https:\/\/www.campings.com\/fr\/content\/#\/schema\/logo\/image\/"}}]}},"_links":{"self":[{"href":"https:\/\/www.campings.com\/fr\/content\/wp-json\/wp\/v2\/pages\/2753","targetHints":{"allow":["GET"]}}],"collection":[{"href":"https:\/\/www.campings.com\/fr\/content\/wp-json\/wp\/v2\/pages"}],"about":[{"href":"https:\/\/www.campings.com\/fr\/content\/wp-json\/wp\/v2\/types\/page"}],"author":[{"embeddable":true,"href":"https:\/\/www.campings.com\/fr\/content\/wp-json\/wp\/v2\/users\/18"}],"replies":[{"embeddable":true,"href":"https:\/\/www.campings.com\/fr\/content\/wp-json\/wp\/v2\/comments?post=2753"}],"version-history":[{"count":2,"href":"https:\/\/www.campings.com\/fr\/content\/wp-json\/wp\/v2\/pages\/2753\/revisions"}],"predecessor-version":[{"id":2785,"href":"https:\/\/www.campings.com\/fr\/content\/wp-json\/wp\/v2\/pages\/2753\/revisions\/2785"}],"up":[{"embeddable":true,"href":"https:\/\/www.campings.com\/fr\/content\/wp-json\/wp\/v2\/pages\/2723"}],"wp:attachment":[{"href":"https:\/\/www.campings.com\/fr\/content\/wp-json\/wp\/v2\/media?parent=2753"}],"curies":[{"name":"wp","href":"https:\/\/api.w.org\/{rel}","templated":true}]}}