{"id":275,"date":"2019-03-15T16:15:10","date_gmt":"2019-03-15T16:15:10","guid":{"rendered":"https:\/\/www.campings.com\/fr\/content\/?page_id=275"},"modified":"2025-06-25T12:28:50","modified_gmt":"2025-06-25T11:28:50","slug":"guide-camping-bretagne","status":"publish","type":"page","link":"https:\/\/www.campings.com\/fr\/content\/guide-camping-bretagne\/","title":{"rendered":"Guide Camping  Bretagne"},"content":{"rendered":"<p>La <a href=\"https:\/\/www.campings.com\/fr\/france\/bretagne\">Bretagne<\/a>, qui compte un peu plus de 3 millions d&rsquo;habitants,\u00a0est l&rsquo;une de ces r\u00e9gions que l&rsquo;on ne pr\u00e9sente plus. Gr\u00e2ce \u00e0 un rayonnement historique et culturel unique, cette r\u00e9gion de la pointe nord-ouest de la France fait parler d&rsquo;elle, et ce, m\u00eame en dehors des fronti\u00e8res de l&rsquo;Hexagone. Gr\u00e2ce \u00e0 de nombreuses villes typiques offrant chacune leur lot de points d&rsquo;int\u00e9r\u00eat et des paysages c\u00f4tiers singuliers, la Bretagne constitue une destination r\u00eav\u00e9e pour les voyageurs, et notamment pour les\u00a0amateurs de vacances en camping.<\/p>\n<p>Trouver un camping dans le Morbihan ou effectuer une location de mobil-home \u00e0 Quiberon, par exemple, vous offrira l&rsquo;opportunit\u00e9 de d\u00e9couvrir la Bretagne et ses merveilles sous un angle nouveau. En effet, de part et d&rsquo;autre de cette grande r\u00e9gion historique, les lieux propices au camping se comptent par milliers. Du Finist\u00e8re jusqu&rsquo;\u00e0 l&rsquo;Ille-et-Vilaine en passant par les C\u00f4tes-d&rsquo;Armor et ses paysages sauvages, les f\u00e9rus de vacances au vert ne s&rsquo;ennuieront pas un seul instant dans la magnifique Bretagne.<\/p>\n<p>D\u00e9couvrez toutes les destinations les plus en vogue dans la r\u00e9gion et r\u00e9servez vos vacances en camping dans l&rsquo;un de ses innombrables coins de Bretagne au d\u00e9part desquels il est possible d&rsquo;en d\u00e9couvrir un maximum tout au long de ses vacances.<\/p>\n","protected":false},"excerpt":{"rendered":"<p>La Bretagne, qui compte un peu plus de 3 millions d&rsquo;habitants,\u00a0est l&rsquo;une de ces r\u00e9gions que l&rsquo;on ne pr\u00e9sente plus. Gr\u00e2ce \u00e0 un rayonnement historique et culturel unique, cette r\u00e9gion de la pointe nord-ouest de la France fait parler d&rsquo;elle, et ce, m\u00eame en dehors des fronti\u00e8res de l&rsquo;Hexagone. Gr\u00e2ce \u00e0 de nombreuses villes typiques [&hellip;]<\/p>\n","protected":false},"author":2,"featured_media":939,"parent":0,"menu_order":0,"comment_status":"closed","ping_status":"closed","template":"template-region.php","meta":{"_acf_changed":false,"footnotes":""},"class_list":["post-275","page","type-page","status-publish","has-post-thumbnail","hentry"],"acf":[],"yoast_head":"<!-- This site is optimized with the Yoast SEO plugin v27.1.1 - https:\/\/yoast.com\/product\/yoast-seo-wordpress\/ -->\n<title>Camping Bretagne - Guide et Conseils pour des vacances r\u00e9ussies<\/title>\n<meta name=\"description\" content=\"D\u00e9couvrez nos conseils et nos meilleures offres de camping en Bretagne\" \/>\n<meta name=\"robots\" content=\"index, follow, max-snippet:-1, max-image-preview:large, max-video-preview:-1\" \/>\n<link rel=\"canonical\" href=\"https:\/\/www.campings.com\/fr\/content\/guide-camping-bretagne\/\" \/>\n<meta property=\"og:locale\" content=\"fr_FR\" \/>\n<meta property=\"og:type\" content=\"article\" \/>\n<meta property=\"og:title\" content=\"Camping Bretagne - Guide et Conseils pour des vacances r\u00e9ussies\" \/>\n<meta property=\"og:description\" content=\"D\u00e9couvrez nos conseils et nos meilleures offres de camping en Bretagne\" \/>\n<meta property=\"og:url\" content=\"https:\/\/www.campings.com\/fr\/content\/guide-camping-bretagne\/\" \/>\n<meta property=\"article:modified_time\" content=\"2025-06-25T11:28:50+00:00\" \/>\n<meta property=\"og:image\" content=\"https:\/\/www.campings.com\/fr\/content\/wp-content\/uploads\/2019\/03\/C\u00f4tes-darmor-min.jpg\" \/>\n\t<meta property=\"og:image:width\" content=\"1670\" \/>\n\t<meta property=\"og:image:height\" content=\"650\" \/>\n\t<meta property=\"og:image:type\" content=\"image\/jpeg\" \/>\n<meta name=\"twitter:card\" content=\"summary_large_image\" \/>\n<meta name=\"twitter:label1\" content=\"Dur\u00e9e de lecture estim\u00e9e\" \/>\n\t<meta name=\"twitter:data1\" content=\"1 minute\" \/>\n<script type=\"application\/ld+json\" class=\"yoast-schema-graph\">{\"@context\":\"https:\/\/schema.org\",\"@graph\":[{\"@type\":\"WebPage\",\"@id\":\"https:\/\/www.campings.com\/fr\/content\/guide-camping-bretagne\/\",\"url\":\"https:\/\/www.campings.com\/fr\/content\/guide-camping-bretagne\/\",\"name\":\"Camping Bretagne - Guide et Conseils pour des vacances r\u00e9ussies\",\"isPartOf\":{\"@id\":\"https:\/\/www.campings.com\/fr\/content\/#website\"},\"primaryImageOfPage\":{\"@id\":\"https:\/\/www.campings.com\/fr\/content\/guide-camping-bretagne\/#primaryimage\"},\"image\":{\"@id\":\"https:\/\/www.campings.com\/fr\/content\/guide-camping-bretagne\/#primaryimage\"},\"thumbnailUrl\":\"https:\/\/www.campings.com\/fr\/content\/wp-content\/uploads\/2019\/03\/C\u00f4tes-darmor-min.jpg\",\"datePublished\":\"2019-03-15T16:15:10+00:00\",\"dateModified\":\"2025-06-25T11:28:50+00:00\",\"description\":\"D\u00e9couvrez nos conseils et nos meilleures offres de camping en Bretagne\",\"breadcrumb\":{\"@id\":\"https:\/\/www.campings.com\/fr\/content\/guide-camping-bretagne\/#breadcrumb\"},\"inLanguage\":\"fr-FR\",\"potentialAction\":[{\"@type\":\"ReadAction\",\"target\":[\"https:\/\/www.campings.com\/fr\/content\/guide-camping-bretagne\/\"]}]},{\"@type\":\"ImageObject\",\"inLanguage\":\"fr-FR\",\"@id\":\"https:\/\/www.campings.com\/fr\/content\/guide-camping-bretagne\/#primaryimage\",\"url\":\"https:\/\/www.campings.com\/fr\/content\/wp-content\/uploads\/2019\/03\/C\u00f4tes-darmor-min.jpg\",\"contentUrl\":\"https:\/\/www.campings.com\/fr\/content\/wp-content\/uploads\/2019\/03\/C\u00f4tes-darmor-min.jpg\",\"width\":1670,\"height\":650},{\"@type\":\"BreadcrumbList\",\"@id\":\"https:\/\/www.campings.com\/fr\/content\/guide-camping-bretagne\/#breadcrumb\",\"itemListElement\":[{\"@type\":\"ListItem\",\"position\":1,\"name\":\"Home\",\"item\":\"https:\/\/www.campings.com\/fr\/content\/\"},{\"@type\":\"ListItem\",\"position\":2,\"name\":\"Guide Camping Bretagne\"}]},{\"@type\":\"WebSite\",\"@id\":\"https:\/\/www.campings.com\/fr\/content\/#website\",\"url\":\"https:\/\/www.campings.com\/fr\/content\/\",\"name\":\"\",\"description\":\"\",\"publisher\":{\"@id\":\"https:\/\/www.campings.com\/fr\/content\/#organization\"},\"potentialAction\":[{\"@type\":\"SearchAction\",\"target\":{\"@type\":\"EntryPoint\",\"urlTemplate\":\"https:\/\/www.campings.com\/fr\/content\/?s={search_term_string}\"},\"query-input\":{\"@type\":\"PropertyValueSpecification\",\"valueRequired\":true,\"valueName\":\"search_term_string\"}}],\"inLanguage\":\"fr-FR\"},{\"@type\":\"Organization\",\"@id\":\"https:\/\/www.campings.com\/fr\/content\/#organization\",\"name\":\"CAMPINGS.COM\",\"url\":\"https:\/\/www.campings.com\/fr\/content\/\",\"logo\":{\"@type\":\"ImageObject\",\"inLanguage\":\"fr-FR\",\"@id\":\"https:\/\/www.campings.com\/fr\/content\/#\/schema\/logo\/image\/\",\"url\":\"https:\/\/www.campings.com\/fr\/content\/wp-content\/uploads\/2019\/01\/cropped-logo-1.png\",\"contentUrl\":\"https:\/\/www.campings.com\/fr\/content\/wp-content\/uploads\/2019\/01\/cropped-logo-1.png\",\"width\":174,\"height\":42,\"caption\":\"CAMPINGS.COM\"},\"image\":{\"@id\":\"https:\/\/www.campings.com\/fr\/content\/#\/schema\/logo\/image\/\"}}]}<\/script>\n<!-- \/ Yoast SEO plugin. -->","yoast_head_json":{"title":"Camping Bretagne - Guide et Conseils pour des vacances r\u00e9ussies","description":"D\u00e9couvrez nos conseils et nos meilleures offres de camping en Bretagne","robots":{"index":"index","follow":"follow","max-snippet":"max-snippet:-1","max-image-preview":"max-image-preview:large","max-video-preview":"max-video-preview:-1"},"canonical":"https:\/\/www.campings.com\/fr\/content\/guide-camping-bretagne\/","og_locale":"fr_FR","og_type":"article","og_title":"Camping Bretagne - Guide et Conseils pour des vacances r\u00e9ussies","og_description":"D\u00e9couvrez nos conseils et nos meilleures offres de camping en Bretagne","og_url":"https:\/\/www.campings.com\/fr\/content\/guide-camping-bretagne\/","article_modified_time":"2025-06-25T11:28:50+00:00","og_image":[{"width":1670,"height":650,"url":"https:\/\/www.campings.com\/fr\/content\/wp-content\/uploads\/2019\/03\/C\u00f4tes-darmor-min.jpg","type":"image\/jpeg"}],"twitter_card":"summary_large_image","twitter_misc":{"Dur\u00e9e de lecture estim\u00e9e":"1 minute"},"schema":{"@context":"https:\/\/schema.org","@graph":[{"@type":"WebPage","@id":"https:\/\/www.campings.com\/fr\/content\/guide-camping-bretagne\/","url":"https:\/\/www.campings.com\/fr\/content\/guide-camping-bretagne\/","name":"Camping Bretagne - Guide et Conseils pour des vacances r\u00e9ussies","isPartOf":{"@id":"https:\/\/www.campings.com\/fr\/content\/#website"},"primaryImageOfPage":{"@id":"https:\/\/www.campings.com\/fr\/content\/guide-camping-bretagne\/#primaryimage"},"image":{"@id":"https:\/\/www.campings.com\/fr\/content\/guide-camping-bretagne\/#primaryimage"},"thumbnailUrl":"https:\/\/www.campings.com\/fr\/content\/wp-content\/uploads\/2019\/03\/C\u00f4tes-darmor-min.jpg","datePublished":"2019-03-15T16:15:10+00:00","dateModified":"2025-06-25T11:28:50+00:00","description":"D\u00e9couvrez nos conseils et nos meilleures offres de camping en Bretagne","breadcrumb":{"@id":"https:\/\/www.campings.com\/fr\/content\/guide-camping-bretagne\/#breadcrumb"},"inLanguage":"fr-FR","potentialAction":[{"@type":"ReadAction","target":["https:\/\/www.campings.com\/fr\/content\/guide-camping-bretagne\/"]}]},{"@type":"ImageObject","inLanguage":"fr-FR","@id":"https:\/\/www.campings.com\/fr\/content\/guide-camping-bretagne\/#primaryimage","url":"https:\/\/www.campings.com\/fr\/content\/wp-content\/uploads\/2019\/03\/C\u00f4tes-darmor-min.jpg","contentUrl":"https:\/\/www.campings.com\/fr\/content\/wp-content\/uploads\/2019\/03\/C\u00f4tes-darmor-min.jpg","width":1670,"height":650},{"@type":"BreadcrumbList","@id":"https:\/\/www.campings.com\/fr\/content\/guide-camping-bretagne\/#breadcrumb","itemListElement":[{"@type":"ListItem","position":1,"name":"Home","item":"https:\/\/www.campings.com\/fr\/content\/"},{"@type":"ListItem","position":2,"name":"Guide Camping Bretagne"}]},{"@type":"WebSite","@id":"https:\/\/www.campings.com\/fr\/content\/#website","url":"https:\/\/www.campings.com\/fr\/content\/","name":"","description":"","publisher":{"@id":"https:\/\/www.campings.com\/fr\/content\/#organization"},"potentialAction":[{"@type":"SearchAction","target":{"@type":"EntryPoint","urlTemplate":"https:\/\/www.campings.com\/fr\/content\/?s={search_term_string}"},"query-input":{"@type":"PropertyValueSpecification","valueRequired":true,"valueName":"search_term_string"}}],"inLanguage":"fr-FR"},{"@type":"Organization","@id":"https:\/\/www.campings.com\/fr\/content\/#organization","name":"CAMPINGS.COM","url":"https:\/\/www.campings.com\/fr\/content\/","logo":{"@type":"ImageObject","inLanguage":"fr-FR","@id":"https:\/\/www.campings.com\/fr\/content\/#\/schema\/logo\/image\/","url":"https:\/\/www.campings.com\/fr\/content\/wp-content\/uploads\/2019\/01\/cropped-logo-1.png","contentUrl":"https:\/\/www.campings.com\/fr\/content\/wp-content\/uploads\/2019\/01\/cropped-logo-1.png","width":174,"height":42,"caption":"CAMPINGS.COM"},"image":{"@id":"https:\/\/www.campings.com\/fr\/content\/#\/schema\/logo\/image\/"}}]}},"_links":{"self":[{"href":"https:\/\/www.campings.com\/fr\/content\/wp-json\/wp\/v2\/pages\/275","targetHints":{"allow":["GET"]}}],"collection":[{"href":"https:\/\/www.campings.com\/fr\/content\/wp-json\/wp\/v2\/pages"}],"about":[{"href":"https:\/\/www.campings.com\/fr\/content\/wp-json\/wp\/v2\/types\/page"}],"author":[{"embeddable":true,"href":"https:\/\/www.campings.com\/fr\/content\/wp-json\/wp\/v2\/users\/2"}],"replies":[{"embeddable":true,"href":"https:\/\/www.campings.com\/fr\/content\/wp-json\/wp\/v2\/comments?post=275"}],"version-history":[{"count":35,"href":"https:\/\/www.campings.com\/fr\/content\/wp-json\/wp\/v2\/pages\/275\/revisions"}],"predecessor-version":[{"id":5630,"href":"https:\/\/www.campings.com\/fr\/content\/wp-json\/wp\/v2\/pages\/275\/revisions\/5630"}],"wp:featuredmedia":[{"embeddable":true,"href":"https:\/\/www.campings.com\/fr\/content\/wp-json\/wp\/v2\/media\/939"}],"wp:attachment":[{"href":"https:\/\/www.campings.com\/fr\/content\/wp-json\/wp\/v2\/media?parent=275"}],"curies":[{"name":"wp","href":"https:\/\/api.w.org\/{rel}","templated":true}]}}