{"id":2730,"date":"2021-06-11T12:33:27","date_gmt":"2021-06-11T12:33:27","guid":{"rendered":"https:\/\/www.campings.com\/fr\/content\/?page_id=2730"},"modified":"2021-06-11T12:33:27","modified_gmt":"2021-06-11T12:33:27","slug":"musees-visiter-vacances-bretagne","status":"publish","type":"page","link":"https:\/\/www.campings.com\/fr\/content\/guide-vacances-bretagne\/musees-visiter-vacances-bretagne\/","title":{"rendered":"Les mus\u00e9es \u00e0 visiter pendant vos vacances en Bretagne"},"content":{"rendered":"<p>La <a href=\"https:\/\/www.campings.com\/fr\/content\/guide-vacances-bretagne\/\"><u>Bretagne<\/u><\/a> poss\u00e8de une identit\u00e9 forte et un riche patrimoine culturel \u00e0 d\u00e9couvrir\u2026 En visitant ses mus\u00e9es, vous pourrez mieux vous impr\u00e9gner de son histoire et de ses traditions. Voici la liste des 10 mus\u00e9es incontournables \u00e0 d\u00e9couvrir pendant votre s\u00e9jour.<\/p>\n<p>La\u00a0Bretagne<u>\u00a0<\/u>est une r\u00e9gion riche en histoire\u2026 En plus de son patrimoine m\u00e9galithique et de son h\u00e9ritage celtique elle est aussi connue pour sa culture et ses arts. N\u2019h\u00e9sitez pas \u00e0 sillonner ses nombreux mus\u00e9es afin de d\u00e9couvrir toutes les multiples facettes de cette r\u00e9gion !<\/p>\n<h2><strong>Mus\u00e9e National de la Marine dans le Finist\u00e8re<\/strong><\/h2>\n<p>Ce mus\u00e9e breton se situe au sein du ch\u00e2teau de Brest. Il retrace l\u2019histoire navale de l\u2019Arsenal de Brest et de la marine en France. Il abrite une importante collection de sculptures, peintures et de mod\u00e8les de navires.<\/p>\n<p><img loading=\"lazy\" decoding=\"async\" class=\"alignnone size-full wp-image-2741\" src=\"https:\/\/www.campings.com\/fr\/content\/wp-content\/uploads\/2021\/06\/Musee-national-marine.jpg\" alt=\"\" width=\"1000\" height=\"665\" \/><\/p>\n<h2><strong>Mus\u00e9e de la pr\u00e9histoire (Carnac)<\/strong><\/h2>\n<p>Le mus\u00e9e de la pr\u00e9histoire de Carnac est le premier mus\u00e9e au monde d\u00e9di\u00e9 au m\u00e9galithisme. Il abrite tous les objets arch\u00e9ologiques qui font la renomm\u00e9e de la r\u00e9gion.<\/p>\n<h2><strong>Mus\u00e9e de la Carte postale (Baud)<\/strong><\/h2>\n<p>Cr\u00e9\u00e9 en 1996, ce mus\u00e9e abrite une magnifique collection de cartes postales de la Bretagne. \u00c0 travers des photographies, vous d\u00e9couvrirez des paysages bretons et ses sc\u00e8nes de la vie quotidienne des habitants.<\/p>\n<h2><strong>\u00c9comus\u00e9e de Saint-D\u00e9gan<\/strong><\/h2>\n<p>Situ\u00e9 en plein c\u0153ur de St-D\u00e9gan, cet \u00c9comus\u00e9e est un village de chaumi\u00e8res des 17\u00e8me et 19\u00e8me si\u00e8cle. \u00c0 l\u2019int\u00e9rieur, vous pourrez d\u00e9couvrir la vie rurale et le quotidien des paysans \u00e0 travers leurs objets du quotidien.<\/p>\n<h2><strong>Mus\u00e9e des Beaux-arts de Rennes<\/strong><\/h2>\n<p>Le mus\u00e9e des Beaux-Arts de Rennes est d\u00e9di\u00e9 \u00e0 l\u2019art et l\u2019arch\u00e9ologie. Il abrite aussi bien des sculptures que des peintures europ\u00e9ennes allant du 16\u00e8me au 20\u00e8me si\u00e8cle. Vous pourrez d\u00e9couvrir \u00e9galement des objets d\u2019art provenant d\u2019Am\u00e9rique et d\u2019Afrique.<\/p>\n<h2><strong>Mus\u00e9e de Bretagne aux Champs Libres \u00e0 Rennes<\/strong><\/h2>\n<p>Le Mus\u00e9e de <a href=\"https:\/\/www.campings.com\/fr\/content\/guide-vacances-bretagne\/\"><u>Bretagne<\/u><\/a> est un mus\u00e9e de soci\u00e9t\u00e9 et d\u2019histoire install\u00e9 aux Champs Libres, \u00e0 Rennes. Il poss\u00e8de plus de 600 000 documents &amp; objets retra\u00e7ant l\u2019histoire des Bretons, de la pr\u00e9histoire \u00e0 nos jours.<\/p>\n<h2><strong>Le Port-Mus\u00e9e de Douarnenez<\/strong><\/h2>\n<p>Le Port-Mus\u00e9e de Douarnenez est situ\u00e9 entre Douarnenez et le quartier de Tr\u00e9boul, au Port-Rhu. Il abrite une importante collection de bateaux et objets divers li\u00e9s \u00e0 la p\u00eache.<\/p>\n<h2><strong>Le Mus\u00e9e de la P\u00eache (Concarneau)<\/strong><\/h2>\n<p>S\u2019\u00e9talant sur pr\u00e8s de 1 500 m\u00b2, ce mus\u00e9e est enti\u00e8rement d\u00e9di\u00e9 aux techniques de p\u00eache. Vous y d\u00e9couvrirez des mod\u00e8les de bateaux, des maquettes, des aquariums et des vid\u00e9os de p\u00eache.<\/p>\n<h2><strong>Mus\u00e9e de la Compagnie des Indes (Lorient)<\/strong><\/h2>\n<p>Le Mus\u00e9e de la Compagnie des Indes de Lorient pr\u00e9sente l\u2019histoire de la compagnie fran\u00e7aise des Indes.<\/p>\n<p><img loading=\"lazy\" decoding=\"async\" class=\"alignnone size-full wp-image-2742\" src=\"https:\/\/www.campings.com\/fr\/content\/wp-content\/uploads\/2021\/06\/Mus\u00e9e-compagnie-des-Indes.jpg\" alt=\"\" width=\"1000\" height=\"665\" \/><\/p>\n<h2><strong>Mus\u00e9e d\u2019Art et d\u2019histoire de Saint-Brieuc<\/strong><\/h2>\n<p>Ce mus\u00e9e est consacr\u00e9 \u00e0 l\u2019arch\u00e9ologie et aux traditions populaires de la r\u00e9gion. De nombreuses collections y sont expos\u00e9es pour d\u00e9couvrir le patrimoine des C\u00f4tes-d\u2019Armor.<\/p>\n<h2><strong>S\u00e9lection de campings<\/strong><\/h2>\n<p>Accessible \u00e0 tous les budgets, la location de camping est la promesse de vacances r\u00e9ussies en\u00a0<a href=\"https:\/\/www.campings.com\/fr\/content\/guide-vacances-bretagne\/\"><u>Bretagne<\/u><\/a>. Voici quelques campings \u00e0 proximit\u00e9 des c\u00e9l\u00e8bres mus\u00e9es de la r\u00e9gion.<\/p>\n<h3><strong>Camping C\u00f4t\u00e9 O Carnac<\/strong><\/h3>\n<p>Situ\u00e9 \u00e0 Carnac, le camping C\u00f4t\u00e9 O Carnac permet d\u2019acc\u00e9der facilement aux mus\u00e9es embl\u00e9matiques de Bretagne, notamment celui de la pr\u00e9histoire. De plus, il se trouve \u00e0 4 km de la mer seulement et \u00e0 1 km du march\u00e9 de la ville.<\/p>\n<p><a href=\"https:\/\/www.campings.com\/fr\/camping\/camping-cote-o-carnac-77036\">Plus d\u2019informations sur le Camping C\u00f4t\u00e9 O Carnac<\/a>.<\/p>\n<h3><strong>Camping Les Sables Blancs\u00a0<\/strong><\/h3>\n<p>Le camping Les Sables Blancs de Concarneau est un point de chute parfait pour d\u00e9couvrir les endroits incontournables de Bretagne. Situ\u00e9 \u00e0 1,5 km du port de Lesconil, il offre \u00e9galement un acc\u00e8s direct \u00e0 la plage.<\/p>\n<p><a href=\"https:\/\/www.campings.com\/fr\/camping\/camping-les-sables-blancs-76564\">Plus d\u2019informations sur le Camping les Sables Blancs<\/a>.<\/p>\n<h3><strong>Camping Belle Plage \u00e0 Lorient<\/strong><\/h3>\n<p>\u00c0 Ploemeur dans le Morbihan, le camping Belle plage b\u00e9n\u00e9ficie d\u2019un cadre privil\u00e9gi\u00e9. Il permet d\u2019acc\u00e9der facilement \u00e0 de nombreux loisirs : mus\u00e9es, balades en mer, sports nautiques, cin\u00e9ma, etc.<\/p>\n<p><a href=\"https:\/\/www.campings.com\/fr\/camping\/camping-belle-plage-78011\">Plus d\u2019informations sur le Camping Belle Plage<\/a>.<\/p>\n","protected":false},"excerpt":{"rendered":"<p>La Bretagne poss\u00e8de une identit\u00e9 forte et un riche patrimoine culturel \u00e0 d\u00e9couvrir\u2026 En visitant ses mus\u00e9es, vous pourrez mieux vous impr\u00e9gner de son histoire et de ses traditions. Voici la liste des 10 mus\u00e9es incontournables \u00e0 d\u00e9couvrir pendant votre s\u00e9jour. La\u00a0Bretagne\u00a0est une r\u00e9gion riche en histoire\u2026 En plus de son patrimoine m\u00e9galithique et de [&hellip;]<\/p>\n","protected":false},"author":18,"featured_media":0,"parent":2723,"menu_order":0,"comment_status":"closed","ping_status":"closed","template":"template-twocolumns.php","meta":{"_acf_changed":false,"footnotes":""},"class_list":["post-2730","page","type-page","status-publish","hentry"],"acf":[],"yoast_head":"<!-- This site is optimized with the Yoast SEO plugin v27.1.1 - https:\/\/yoast.com\/product\/yoast-seo-wordpress\/ -->\n<title>Les mus\u00e9es \u00e0 visiter pendant vos vacances en Bretagne -<\/title>\n<meta name=\"description\" content=\"Partez \u00e0 la d\u00e9couverte des mus\u00e9es incontournables \u00e0 visiter lors de vos vacances en Bretagne, une r\u00e9gion riche d\u2019un patrimoine historique exceptionnel.\" \/>\n<meta name=\"robots\" content=\"index, follow, max-snippet:-1, max-image-preview:large, max-video-preview:-1\" \/>\n<link rel=\"canonical\" href=\"https:\/\/www.campings.com\/fr\/content\/guide-vacances-bretagne\/musees-visiter-vacances-bretagne\/\" \/>\n<meta property=\"og:locale\" content=\"fr_FR\" \/>\n<meta property=\"og:type\" content=\"article\" \/>\n<meta property=\"og:title\" content=\"Les mus\u00e9es \u00e0 visiter pendant vos vacances en Bretagne -\" \/>\n<meta property=\"og:description\" content=\"Partez \u00e0 la d\u00e9couverte des mus\u00e9es incontournables \u00e0 visiter lors de vos vacances en Bretagne, une r\u00e9gion riche d\u2019un patrimoine historique exceptionnel.\" \/>\n<meta property=\"og:url\" content=\"https:\/\/www.campings.com\/fr\/content\/guide-vacances-bretagne\/musees-visiter-vacances-bretagne\/\" \/>\n<meta property=\"og:image\" content=\"https:\/\/www.campings.com\/fr\/content\/wp-content\/uploads\/2021\/06\/Musee-national-marine.jpg\" \/>\n\t<meta property=\"og:image:width\" content=\"1000\" \/>\n\t<meta property=\"og:image:height\" content=\"665\" \/>\n\t<meta property=\"og:image:type\" content=\"image\/jpeg\" \/>\n<meta name=\"twitter:card\" content=\"summary_large_image\" \/>\n<meta name=\"twitter:label1\" content=\"Dur\u00e9e de lecture estim\u00e9e\" \/>\n\t<meta name=\"twitter:data1\" content=\"4 minutes\" \/>\n<script type=\"application\/ld+json\" class=\"yoast-schema-graph\">{\"@context\":\"https:\/\/schema.org\",\"@graph\":[{\"@type\":\"WebPage\",\"@id\":\"https:\/\/www.campings.com\/fr\/content\/guide-vacances-bretagne\/musees-visiter-vacances-bretagne\/\",\"url\":\"https:\/\/www.campings.com\/fr\/content\/guide-vacances-bretagne\/musees-visiter-vacances-bretagne\/\",\"name\":\"Les mus\u00e9es \u00e0 visiter pendant vos vacances en Bretagne -\",\"isPartOf\":{\"@id\":\"https:\/\/www.campings.com\/fr\/content\/#website\"},\"primaryImageOfPage\":{\"@id\":\"https:\/\/www.campings.com\/fr\/content\/guide-vacances-bretagne\/musees-visiter-vacances-bretagne\/#primaryimage\"},\"image\":{\"@id\":\"https:\/\/www.campings.com\/fr\/content\/guide-vacances-bretagne\/musees-visiter-vacances-bretagne\/#primaryimage\"},\"thumbnailUrl\":\"https:\/\/www.campings.com\/fr\/content\/wp-content\/uploads\/2021\/06\/Musee-national-marine.jpg\",\"datePublished\":\"2021-06-11T12:33:27+00:00\",\"description\":\"Partez \u00e0 la d\u00e9couverte des mus\u00e9es incontournables \u00e0 visiter lors de vos vacances en Bretagne, une r\u00e9gion riche d\u2019un patrimoine historique exceptionnel.\",\"breadcrumb\":{\"@id\":\"https:\/\/www.campings.com\/fr\/content\/guide-vacances-bretagne\/musees-visiter-vacances-bretagne\/#breadcrumb\"},\"inLanguage\":\"fr-FR\",\"potentialAction\":[{\"@type\":\"ReadAction\",\"target\":[\"https:\/\/www.campings.com\/fr\/content\/guide-vacances-bretagne\/musees-visiter-vacances-bretagne\/\"]}]},{\"@type\":\"ImageObject\",\"inLanguage\":\"fr-FR\",\"@id\":\"https:\/\/www.campings.com\/fr\/content\/guide-vacances-bretagne\/musees-visiter-vacances-bretagne\/#primaryimage\",\"url\":\"https:\/\/www.campings.com\/fr\/content\/wp-content\/uploads\/2021\/06\/Musee-national-marine.jpg\",\"contentUrl\":\"https:\/\/www.campings.com\/fr\/content\/wp-content\/uploads\/2021\/06\/Musee-national-marine.jpg\",\"width\":1000,\"height\":665},{\"@type\":\"BreadcrumbList\",\"@id\":\"https:\/\/www.campings.com\/fr\/content\/guide-vacances-bretagne\/musees-visiter-vacances-bretagne\/#breadcrumb\",\"itemListElement\":[{\"@type\":\"ListItem\",\"position\":1,\"name\":\"Home\",\"item\":\"https:\/\/www.campings.com\/fr\/content\/\"},{\"@type\":\"ListItem\",\"position\":2,\"name\":\"Le guide de vos vacances en Bretagne\",\"item\":\"https:\/\/www.campings.com\/fr\/content\/guide-vacances-bretagne\/\"},{\"@type\":\"ListItem\",\"position\":3,\"name\":\"Les mus\u00e9es \u00e0 visiter pendant vos vacances en Bretagne\"}]},{\"@type\":\"WebSite\",\"@id\":\"https:\/\/www.campings.com\/fr\/content\/#website\",\"url\":\"https:\/\/www.campings.com\/fr\/content\/\",\"name\":\"\",\"description\":\"\",\"publisher\":{\"@id\":\"https:\/\/www.campings.com\/fr\/content\/#organization\"},\"potentialAction\":[{\"@type\":\"SearchAction\",\"target\":{\"@type\":\"EntryPoint\",\"urlTemplate\":\"https:\/\/www.campings.com\/fr\/content\/?s={search_term_string}\"},\"query-input\":{\"@type\":\"PropertyValueSpecification\",\"valueRequired\":true,\"valueName\":\"search_term_string\"}}],\"inLanguage\":\"fr-FR\"},{\"@type\":\"Organization\",\"@id\":\"https:\/\/www.campings.com\/fr\/content\/#organization\",\"name\":\"CAMPINGS.COM\",\"url\":\"https:\/\/www.campings.com\/fr\/content\/\",\"logo\":{\"@type\":\"ImageObject\",\"inLanguage\":\"fr-FR\",\"@id\":\"https:\/\/www.campings.com\/fr\/content\/#\/schema\/logo\/image\/\",\"url\":\"https:\/\/www.campings.com\/fr\/content\/wp-content\/uploads\/2019\/01\/cropped-logo-1.png\",\"contentUrl\":\"https:\/\/www.campings.com\/fr\/content\/wp-content\/uploads\/2019\/01\/cropped-logo-1.png\",\"width\":174,\"height\":42,\"caption\":\"CAMPINGS.COM\"},\"image\":{\"@id\":\"https:\/\/www.campings.com\/fr\/content\/#\/schema\/logo\/image\/\"}}]}<\/script>\n<!-- \/ Yoast SEO plugin. -->","yoast_head_json":{"title":"Les mus\u00e9es \u00e0 visiter pendant vos vacances en Bretagne -","description":"Partez \u00e0 la d\u00e9couverte des mus\u00e9es incontournables \u00e0 visiter lors de vos vacances en Bretagne, une r\u00e9gion riche d\u2019un patrimoine historique exceptionnel.","robots":{"index":"index","follow":"follow","max-snippet":"max-snippet:-1","max-image-preview":"max-image-preview:large","max-video-preview":"max-video-preview:-1"},"canonical":"https:\/\/www.campings.com\/fr\/content\/guide-vacances-bretagne\/musees-visiter-vacances-bretagne\/","og_locale":"fr_FR","og_type":"article","og_title":"Les mus\u00e9es \u00e0 visiter pendant vos vacances en Bretagne -","og_description":"Partez \u00e0 la d\u00e9couverte des mus\u00e9es incontournables \u00e0 visiter lors de vos vacances en Bretagne, une r\u00e9gion riche d\u2019un patrimoine historique exceptionnel.","og_url":"https:\/\/www.campings.com\/fr\/content\/guide-vacances-bretagne\/musees-visiter-vacances-bretagne\/","og_image":[{"width":1000,"height":665,"url":"https:\/\/www.campings.com\/fr\/content\/wp-content\/uploads\/2021\/06\/Musee-national-marine.jpg","type":"image\/jpeg"}],"twitter_card":"summary_large_image","twitter_misc":{"Dur\u00e9e de lecture estim\u00e9e":"4 minutes"},"schema":{"@context":"https:\/\/schema.org","@graph":[{"@type":"WebPage","@id":"https:\/\/www.campings.com\/fr\/content\/guide-vacances-bretagne\/musees-visiter-vacances-bretagne\/","url":"https:\/\/www.campings.com\/fr\/content\/guide-vacances-bretagne\/musees-visiter-vacances-bretagne\/","name":"Les mus\u00e9es \u00e0 visiter pendant vos vacances en Bretagne -","isPartOf":{"@id":"https:\/\/www.campings.com\/fr\/content\/#website"},"primaryImageOfPage":{"@id":"https:\/\/www.campings.com\/fr\/content\/guide-vacances-bretagne\/musees-visiter-vacances-bretagne\/#primaryimage"},"image":{"@id":"https:\/\/www.campings.com\/fr\/content\/guide-vacances-bretagne\/musees-visiter-vacances-bretagne\/#primaryimage"},"thumbnailUrl":"https:\/\/www.campings.com\/fr\/content\/wp-content\/uploads\/2021\/06\/Musee-national-marine.jpg","datePublished":"2021-06-11T12:33:27+00:00","description":"Partez \u00e0 la d\u00e9couverte des mus\u00e9es incontournables \u00e0 visiter lors de vos vacances en Bretagne, une r\u00e9gion riche d\u2019un patrimoine historique exceptionnel.","breadcrumb":{"@id":"https:\/\/www.campings.com\/fr\/content\/guide-vacances-bretagne\/musees-visiter-vacances-bretagne\/#breadcrumb"},"inLanguage":"fr-FR","potentialAction":[{"@type":"ReadAction","target":["https:\/\/www.campings.com\/fr\/content\/guide-vacances-bretagne\/musees-visiter-vacances-bretagne\/"]}]},{"@type":"ImageObject","inLanguage":"fr-FR","@id":"https:\/\/www.campings.com\/fr\/content\/guide-vacances-bretagne\/musees-visiter-vacances-bretagne\/#primaryimage","url":"https:\/\/www.campings.com\/fr\/content\/wp-content\/uploads\/2021\/06\/Musee-national-marine.jpg","contentUrl":"https:\/\/www.campings.com\/fr\/content\/wp-content\/uploads\/2021\/06\/Musee-national-marine.jpg","width":1000,"height":665},{"@type":"BreadcrumbList","@id":"https:\/\/www.campings.com\/fr\/content\/guide-vacances-bretagne\/musees-visiter-vacances-bretagne\/#breadcrumb","itemListElement":[{"@type":"ListItem","position":1,"name":"Home","item":"https:\/\/www.campings.com\/fr\/content\/"},{"@type":"ListItem","position":2,"name":"Le guide de vos vacances en Bretagne","item":"https:\/\/www.campings.com\/fr\/content\/guide-vacances-bretagne\/"},{"@type":"ListItem","position":3,"name":"Les mus\u00e9es \u00e0 visiter pendant vos vacances en Bretagne"}]},{"@type":"WebSite","@id":"https:\/\/www.campings.com\/fr\/content\/#website","url":"https:\/\/www.campings.com\/fr\/content\/","name":"","description":"","publisher":{"@id":"https:\/\/www.campings.com\/fr\/content\/#organization"},"potentialAction":[{"@type":"SearchAction","target":{"@type":"EntryPoint","urlTemplate":"https:\/\/www.campings.com\/fr\/content\/?s={search_term_string}"},"query-input":{"@type":"PropertyValueSpecification","valueRequired":true,"valueName":"search_term_string"}}],"inLanguage":"fr-FR"},{"@type":"Organization","@id":"https:\/\/www.campings.com\/fr\/content\/#organization","name":"CAMPINGS.COM","url":"https:\/\/www.campings.com\/fr\/content\/","logo":{"@type":"ImageObject","inLanguage":"fr-FR","@id":"https:\/\/www.campings.com\/fr\/content\/#\/schema\/logo\/image\/","url":"https:\/\/www.campings.com\/fr\/content\/wp-content\/uploads\/2019\/01\/cropped-logo-1.png","contentUrl":"https:\/\/www.campings.com\/fr\/content\/wp-content\/uploads\/2019\/01\/cropped-logo-1.png","width":174,"height":42,"caption":"CAMPINGS.COM"},"image":{"@id":"https:\/\/www.campings.com\/fr\/content\/#\/schema\/logo\/image\/"}}]}},"_links":{"self":[{"href":"https:\/\/www.campings.com\/fr\/content\/wp-json\/wp\/v2\/pages\/2730","targetHints":{"allow":["GET"]}}],"collection":[{"href":"https:\/\/www.campings.com\/fr\/content\/wp-json\/wp\/v2\/pages"}],"about":[{"href":"https:\/\/www.campings.com\/fr\/content\/wp-json\/wp\/v2\/types\/page"}],"author":[{"embeddable":true,"href":"https:\/\/www.campings.com\/fr\/content\/wp-json\/wp\/v2\/users\/18"}],"replies":[{"embeddable":true,"href":"https:\/\/www.campings.com\/fr\/content\/wp-json\/wp\/v2\/comments?post=2730"}],"version-history":[{"count":1,"href":"https:\/\/www.campings.com\/fr\/content\/wp-json\/wp\/v2\/pages\/2730\/revisions"}],"predecessor-version":[{"id":2743,"href":"https:\/\/www.campings.com\/fr\/content\/wp-json\/wp\/v2\/pages\/2730\/revisions\/2743"}],"up":[{"embeddable":true,"href":"https:\/\/www.campings.com\/fr\/content\/wp-json\/wp\/v2\/pages\/2723"}],"wp:attachment":[{"href":"https:\/\/www.campings.com\/fr\/content\/wp-json\/wp\/v2\/media?parent=2730"}],"curies":[{"name":"wp","href":"https:\/\/api.w.org\/{rel}","templated":true}]}}