{"id":2729,"date":"2021-06-11T10:29:13","date_gmt":"2021-06-11T10:29:13","guid":{"rendered":"https:\/\/www.campings.com\/fr\/content\/?page_id=2729"},"modified":"2021-06-11T10:32:45","modified_gmt":"2021-06-11T10:32:45","slug":"marches-bretagne","status":"publish","type":"page","link":"https:\/\/www.campings.com\/fr\/content\/guide-vacances-bretagne\/marches-bretagne\/","title":{"rendered":"Les march\u00e9s de Bretagne \u00e0 ne pas rater"},"content":{"rendered":"<p>D\u00e9couvrez les march\u00e9s incontournables \u00e0 visiter pendant votre s\u00e9jour en Bretagne. V\u00e9ritables lieux d\u2019\u00e9change et de convivialit\u00e9, vous y d\u00e9couvrirez les nombreuses sp\u00e9cialit\u00e9s et produits frais des d\u00e9partements des C\u00f4tes d&rsquo;Armor, du Finist\u00e8re, d&rsquo;Ille-et-Vilaine et du Morbihan. Une belle occasion de vous laisser immerger dans une atmosph\u00e8re joyeuse et anim\u00e9e !<\/p>\n<p>La\u00a0<a href=\"https:\/\/www.campings.com\/fr\/content\/guide-vacances-bretagne\/\"><u>Bretagne<\/u><\/a>\u00a0est r\u00e9put\u00e9e pour la grande diversit\u00e9 de ses produits locaux, ses fruits et l\u00e9gumes, ses poissons &amp; fruits de mer\u2026 Parmi les sp\u00e9cialit\u00e9s culinaires les plus connues, on retrouve la galette bretonne, le caramel au beurre sal\u00e9, le Kouign-amann\u2026 Autant de produits du terroir \u00e0 d\u00e9couvrir en visitant les march\u00e9s locaux ! Voici la liste des march\u00e9s \u00e0 d\u00e9couvrir.<\/p>\n<h2><strong>Liste des plus beaux march\u00e9s \u00e0 visiter \u00e0 Rennes, en Ille-et-Vilaine\u00a0<\/strong><\/h2>\n<p>\u00c0 Rennes, en Bretagne, une vingtaine de march\u00e9s prennent place aux quatre coins de la ville, du lundi au dimanche\u2026 La plupart d\u2019entre eux portent le nom du quartier o\u00f9 ils se tiennent. Parmi les plus incontournables :<\/p>\n<h3><strong>Les Halles centrales<\/strong><\/h3>\n<p>Situ\u00e9 dans le centre-ville, ce march\u00e9 couvert a lieu du lundi au dimanche, de 8h \u00e0 19h. Vous y d\u00e9couvrirez des produits locaux de qualit\u00e9, des fruits et l\u00e9gumes primeurs mais aussi fromages, viandes, poissons&#8230;<\/p>\n<h3><strong>Le march\u00e9 des Lices<\/strong><\/h3>\n<p>Le march\u00e9 des Lices est le plus grand march\u00e9 de Rennes et se tient tous les samedis matins. Pr\u00e8s de 300 commer\u00e7ants, artisans et producteurs s\u2019y r\u00e9unissent pour proposer leurs produits : fruits, l\u00e9gumes, beurre, fleurs, miel, cidre\u2026 Le march\u00e9 des Lices est l\u2019endroit parfait pour d\u00e9couvrir toutes les sp\u00e9cialit\u00e9s gastronomiques de Rennes et de la r\u00e9gion.<\/p>\n<h3><strong>Le march\u00e9 100 % bio du Mail Fran\u00e7ois Mitterrand<\/strong><\/h3>\n<p>Les mercredis, ce march\u00e9 100 % Bio est l\u2019endroit incontournable pour boire un verre ou savourer de d\u00e9licieux plats locaux.<\/p>\n<p><img loading=\"lazy\" decoding=\"async\" class=\"alignnone size-full wp-image-2731\" src=\"https:\/\/www.campings.com\/fr\/content\/wp-content\/uploads\/2021\/06\/March\u00e9-1-1.jpg\" alt=\"\" width=\"1000\" height=\"665\" \/><\/p>\n<h2><strong>March\u00e9 de Carnac<\/strong><\/h2>\n<p>Pour faire le plein de produits frais et locaux, rendez-vous au march\u00e9 de Carnac tous les mercredis et le dimanche matin&#8230; Il se tient sur le parking St Fiacre de 7h30 \u00e0 13h. L\u2019\u00e9t\u00e9, les visiteurs pourront \u00e9galement profiter de l\u2019ambiance festive du march\u00e9 Carnac qui se prolonge en nocturne\u2026<\/p>\n<h2><strong>March\u00e9 de Dinard<\/strong><\/h2>\n<p>Le march\u00e9 de Dinard est l\u2019un des plus r\u00e9put\u00e9s de la r\u00e9gion. Il r\u00e9unit pr\u00e8s de 300 commer\u00e7ants et se tient sur l\u2019Esplanade des Halles de la Concorde les mardis, jeudis et samedis. Vous y trouverez de tout ! Fruits et l\u00e9gumes, p\u00e2tisseries, pains, fruits de mer, maroquinerie, chaussures, v\u00eatements\u2026 Vous pourrez vous balader dans march\u00e9 estival de Saint-Enogat, qui se tient Place du Calvaire tous les mercredis matin. L\u2019\u00e9t\u00e9, une foire \u00e0 la brocante est organis\u00e9e tous les premiers dimanches de chaque mois sur l\u2019esplanade des Halles. Une balade qui fera le bonheur des chineurs !<\/p>\n<h2><strong>March\u00e9 de Guidel<\/strong><\/h2>\n<p>Dans le Morbihan, en\u00a0<a href=\"https:\/\/www.campings.com\/fr\/content\/guide-vacances-bretagne\/\"><u>Bretagne<\/u><\/a>, les march\u00e9s de Guidel proposent un \u00e9ventail de sp\u00e9cialit\u00e9s et produits locaux. Le premier r\u00e9unit, place de l&rsquo;Eglise, plus de 80 commer\u00e7ant tous les dimanches, de 7h \u00e0 13h. Le 2\u00e8me r\u00e9unit les producteurs \u00e0 Guidel-Plages en \u00e9t\u00e9, de 17h \u00e0 20h.<\/p>\n<h2><strong>Les meilleurs march\u00e9s de Lorient<\/strong><\/h2>\n<p>Les march\u00e9s de Lorient sont r\u00e9put\u00e9s pour leur ambiance anim\u00e9e et festive. Parmi les plus connus, ne manquez pas de visiter les lieux suivants :<\/p>\n<h3><strong>Le March\u00e9 Bio<\/strong><\/h3>\n<p>Le march\u00e9 Bio se tient tous les mardis, de 16h \u00e0 19h et privil\u00e9gie les commer\u00e7ants de produits Bio.<\/p>\n<h3><strong>Le march\u00e9 des l\u00e9gumes \u00e0 Bois-du-Ch\u00e2teau<\/strong><\/h3>\n<p>Ce march\u00e9 ouvre ses portes tous les mercredis \u00e0 Bois-du-Ch\u00e2teau et propose des produits de la ferme, provenant directement des producteurs.<\/p>\n<h3><strong>Le march\u00e9 artisanal du vendredi<\/strong><\/h3>\n<p>Chaque vendredi, deux march\u00e9s s\u2019installent \u00e0 Lorient. Le premier a lieu place de la Libert\u00e9 de Keryado et le second sur le parking du centre commercial de Kerv\u00e9nanec.<\/p>\n<h2><strong>March\u00e9 de Saint-Renan dans le Finist\u00e8re<\/strong><\/h2>\n<p>Le march\u00e9 de Saint-Renan est l\u2019un des plus visit\u00e9s du Finist\u00e8re. Une balade riche en d\u00e9couvertes o\u00f9 vous d\u00e9couvrirez des sp\u00e9cialit\u00e9s de la r\u00e9gion, des v\u00eatements, des bijoux, des brocantes\u2026<\/p>\n<p><img loading=\"lazy\" decoding=\"async\" class=\"alignnone size-full wp-image-2732\" src=\"https:\/\/www.campings.com\/fr\/content\/wp-content\/uploads\/2021\/06\/March\u00e9-2-Vannes.jpg\" alt=\"\" width=\"1000\" height=\"665\" \/><\/p>\n<h2><strong>Envie de d\u00e9couvrir tous les march\u00e9s de Bretagne? Notre s\u00e9lection de campings \u00e0 proximit\u00e9\u00a0<\/strong><\/h2>\n<p>La\u00a0<a href=\"https:\/\/www.campings.com\/fr\/content\/guide-vacances-bretagne\/\"><u>Bretagne<\/u><\/a><strong>\u00a0<\/strong>est connue pour ses l\u00e9gendes, son histoire et sa gastronomie. Pour plonger au c\u0153ur de sa culture, les march\u00e9s sont un bon moyen de s\u2019impr\u00e9gner de l\u2019ambiance locale. Voici notre s\u00e9lection de campings situ\u00e9s \u00e0 proximit\u00e9 des principaux march\u00e9s de la r\u00e9gion.<\/p>\n<h3><strong>Le C\u00f4t\u00e9 O Carnac, un camping situ\u00e9 \u00e0 Carnac<\/strong><\/h3>\n<p>Situ\u00e9 \u00e0 2 km de la mer, le camping C\u00f4t\u00e9 O Carnac propose de nombreuses animations et infrastructures de loisirs. Cet \u00e9tablissement est aussi situ\u00e9 pr\u00e8s du march\u00e9 de Carnac.<\/p>\n<p><a href=\"https:\/\/www.campings.com\/fr\/camping\/camping-cote-o-carnac-77036\">Plus d\u2019informations sur Camping C\u00f4t\u00e9 O Carnac<\/a>.<\/p>\n<h3><strong>Camping Belle Plage, proche de Guidel et de Lorient<\/strong><\/h3>\n<p>Install\u00e9 \u00e0 9 km de la gare, ce camping propose un large \u00e9ventail d\u2019activit\u00e9s pour toute la famille. Les plus petits pourront profiter des nombreux espaces de jeux. Quant aux plus grands, ils pourront se d\u00e9tendre autour du terrain de p\u00e9tanque ou \u00e0 c\u00f4t\u00e9 de la rivi\u00e8re qui offre un cadre paisible et reposant.<\/p>\n<p><a href=\"https:\/\/www.campings.com\/fr\/camping\/camping-belle-plage-78011\">Plus d\u2019informations sur Camping Belle Plage<\/a>.<\/p>\n<h3><strong>Camping Sea Green Emeraude, proche de Dinard<\/strong><\/h3>\n<p>Situ\u00e9 en Ille-et-Vilaine, le camping Sea Green Emeraude est parfait pour des vacances en famille. Install\u00e9 \u00e0 1 km de la plage, il propose de nombreux services et divertissements.<\/p>\n<p><a href=\"https:\/\/www.campings.com\/fr\/camping\/camping-sea-green-emeraude-78208\">Plus d\u2019informations sur Camping Sea Green Emeraude<\/a>.<\/p>\n","protected":false},"excerpt":{"rendered":"<p>D\u00e9couvrez les march\u00e9s incontournables \u00e0 visiter pendant votre s\u00e9jour en Bretagne. V\u00e9ritables lieux d\u2019\u00e9change et de convivialit\u00e9, vous y d\u00e9couvrirez les nombreuses sp\u00e9cialit\u00e9s et produits frais des d\u00e9partements des C\u00f4tes d&rsquo;Armor, du Finist\u00e8re, d&rsquo;Ille-et-Vilaine et du Morbihan. Une belle occasion de vous laisser immerger dans une atmosph\u00e8re joyeuse et anim\u00e9e ! La\u00a0Bretagne\u00a0est r\u00e9put\u00e9e pour la [&hellip;]<\/p>\n","protected":false},"author":18,"featured_media":0,"parent":2723,"menu_order":0,"comment_status":"closed","ping_status":"closed","template":"template-twocolumns.php","meta":{"_acf_changed":false,"footnotes":""},"class_list":["post-2729","page","type-page","status-publish","hentry"],"acf":[],"yoast_head":"<!-- This site is optimized with the Yoast SEO plugin v27.1.1 - https:\/\/yoast.com\/product\/yoast-seo-wordpress\/ -->\n<title>Les march\u00e9s de Bretagne \u00e0 ne pas rater -<\/title>\n<meta name=\"description\" content=\"D\u00e9couvrez les march\u00e9s incontournables \u00e0 d\u00e9couvrir lors de votre s\u00e9jour en Bretagne pour une immersion encore plus compl\u00e8te dans la culture locale.\" \/>\n<meta name=\"robots\" content=\"index, follow, max-snippet:-1, max-image-preview:large, max-video-preview:-1\" \/>\n<link rel=\"canonical\" href=\"https:\/\/www.campings.com\/fr\/content\/guide-vacances-bretagne\/marches-bretagne\/\" \/>\n<meta property=\"og:locale\" content=\"fr_FR\" \/>\n<meta property=\"og:type\" content=\"article\" \/>\n<meta property=\"og:title\" content=\"Les march\u00e9s de Bretagne \u00e0 ne pas rater -\" \/>\n<meta property=\"og:description\" content=\"D\u00e9couvrez les march\u00e9s incontournables \u00e0 d\u00e9couvrir lors de votre s\u00e9jour en Bretagne pour une immersion encore plus compl\u00e8te dans la culture locale.\" \/>\n<meta property=\"og:url\" content=\"https:\/\/www.campings.com\/fr\/content\/guide-vacances-bretagne\/marches-bretagne\/\" \/>\n<meta property=\"article:modified_time\" content=\"2021-06-11T10:32:45+00:00\" \/>\n<meta name=\"twitter:card\" content=\"summary_large_image\" \/>\n<meta name=\"twitter:label1\" content=\"Dur\u00e9e de lecture estim\u00e9e\" \/>\n\t<meta name=\"twitter:data1\" content=\"5 minutes\" \/>\n<script type=\"application\/ld+json\" class=\"yoast-schema-graph\">{\"@context\":\"https:\/\/schema.org\",\"@graph\":[{\"@type\":\"WebPage\",\"@id\":\"https:\/\/www.campings.com\/fr\/content\/guide-vacances-bretagne\/marches-bretagne\/\",\"url\":\"https:\/\/www.campings.com\/fr\/content\/guide-vacances-bretagne\/marches-bretagne\/\",\"name\":\"Les march\u00e9s de Bretagne \u00e0 ne pas rater -\",\"isPartOf\":{\"@id\":\"https:\/\/www.campings.com\/fr\/content\/#website\"},\"datePublished\":\"2021-06-11T10:29:13+00:00\",\"dateModified\":\"2021-06-11T10:32:45+00:00\",\"description\":\"D\u00e9couvrez les march\u00e9s incontournables \u00e0 d\u00e9couvrir lors de votre s\u00e9jour en Bretagne pour une immersion encore plus compl\u00e8te dans la culture locale.\",\"breadcrumb\":{\"@id\":\"https:\/\/www.campings.com\/fr\/content\/guide-vacances-bretagne\/marches-bretagne\/#breadcrumb\"},\"inLanguage\":\"fr-FR\",\"potentialAction\":[{\"@type\":\"ReadAction\",\"target\":[\"https:\/\/www.campings.com\/fr\/content\/guide-vacances-bretagne\/marches-bretagne\/\"]}]},{\"@type\":\"BreadcrumbList\",\"@id\":\"https:\/\/www.campings.com\/fr\/content\/guide-vacances-bretagne\/marches-bretagne\/#breadcrumb\",\"itemListElement\":[{\"@type\":\"ListItem\",\"position\":1,\"name\":\"Home\",\"item\":\"https:\/\/www.campings.com\/fr\/content\/\"},{\"@type\":\"ListItem\",\"position\":2,\"name\":\"Le guide de vos vacances en Bretagne\",\"item\":\"https:\/\/www.campings.com\/fr\/content\/guide-vacances-bretagne\/\"},{\"@type\":\"ListItem\",\"position\":3,\"name\":\"Les march\u00e9s de Bretagne \u00e0 ne pas rater\"}]},{\"@type\":\"WebSite\",\"@id\":\"https:\/\/www.campings.com\/fr\/content\/#website\",\"url\":\"https:\/\/www.campings.com\/fr\/content\/\",\"name\":\"\",\"description\":\"\",\"publisher\":{\"@id\":\"https:\/\/www.campings.com\/fr\/content\/#organization\"},\"potentialAction\":[{\"@type\":\"SearchAction\",\"target\":{\"@type\":\"EntryPoint\",\"urlTemplate\":\"https:\/\/www.campings.com\/fr\/content\/?s={search_term_string}\"},\"query-input\":{\"@type\":\"PropertyValueSpecification\",\"valueRequired\":true,\"valueName\":\"search_term_string\"}}],\"inLanguage\":\"fr-FR\"},{\"@type\":\"Organization\",\"@id\":\"https:\/\/www.campings.com\/fr\/content\/#organization\",\"name\":\"CAMPINGS.COM\",\"url\":\"https:\/\/www.campings.com\/fr\/content\/\",\"logo\":{\"@type\":\"ImageObject\",\"inLanguage\":\"fr-FR\",\"@id\":\"https:\/\/www.campings.com\/fr\/content\/#\/schema\/logo\/image\/\",\"url\":\"https:\/\/www.campings.com\/fr\/content\/wp-content\/uploads\/2019\/01\/cropped-logo-1.png\",\"contentUrl\":\"https:\/\/www.campings.com\/fr\/content\/wp-content\/uploads\/2019\/01\/cropped-logo-1.png\",\"width\":174,\"height\":42,\"caption\":\"CAMPINGS.COM\"},\"image\":{\"@id\":\"https:\/\/www.campings.com\/fr\/content\/#\/schema\/logo\/image\/\"}}]}<\/script>\n<!-- \/ Yoast SEO plugin. -->","yoast_head_json":{"title":"Les march\u00e9s de Bretagne \u00e0 ne pas rater -","description":"D\u00e9couvrez les march\u00e9s incontournables \u00e0 d\u00e9couvrir lors de votre s\u00e9jour en Bretagne pour une immersion encore plus compl\u00e8te dans la culture locale.","robots":{"index":"index","follow":"follow","max-snippet":"max-snippet:-1","max-image-preview":"max-image-preview:large","max-video-preview":"max-video-preview:-1"},"canonical":"https:\/\/www.campings.com\/fr\/content\/guide-vacances-bretagne\/marches-bretagne\/","og_locale":"fr_FR","og_type":"article","og_title":"Les march\u00e9s de Bretagne \u00e0 ne pas rater -","og_description":"D\u00e9couvrez les march\u00e9s incontournables \u00e0 d\u00e9couvrir lors de votre s\u00e9jour en Bretagne pour une immersion encore plus compl\u00e8te dans la culture locale.","og_url":"https:\/\/www.campings.com\/fr\/content\/guide-vacances-bretagne\/marches-bretagne\/","article_modified_time":"2021-06-11T10:32:45+00:00","twitter_card":"summary_large_image","twitter_misc":{"Dur\u00e9e de lecture estim\u00e9e":"5 minutes"},"schema":{"@context":"https:\/\/schema.org","@graph":[{"@type":"WebPage","@id":"https:\/\/www.campings.com\/fr\/content\/guide-vacances-bretagne\/marches-bretagne\/","url":"https:\/\/www.campings.com\/fr\/content\/guide-vacances-bretagne\/marches-bretagne\/","name":"Les march\u00e9s de Bretagne \u00e0 ne pas rater -","isPartOf":{"@id":"https:\/\/www.campings.com\/fr\/content\/#website"},"datePublished":"2021-06-11T10:29:13+00:00","dateModified":"2021-06-11T10:32:45+00:00","description":"D\u00e9couvrez les march\u00e9s incontournables \u00e0 d\u00e9couvrir lors de votre s\u00e9jour en Bretagne pour une immersion encore plus compl\u00e8te dans la culture locale.","breadcrumb":{"@id":"https:\/\/www.campings.com\/fr\/content\/guide-vacances-bretagne\/marches-bretagne\/#breadcrumb"},"inLanguage":"fr-FR","potentialAction":[{"@type":"ReadAction","target":["https:\/\/www.campings.com\/fr\/content\/guide-vacances-bretagne\/marches-bretagne\/"]}]},{"@type":"BreadcrumbList","@id":"https:\/\/www.campings.com\/fr\/content\/guide-vacances-bretagne\/marches-bretagne\/#breadcrumb","itemListElement":[{"@type":"ListItem","position":1,"name":"Home","item":"https:\/\/www.campings.com\/fr\/content\/"},{"@type":"ListItem","position":2,"name":"Le guide de vos vacances en Bretagne","item":"https:\/\/www.campings.com\/fr\/content\/guide-vacances-bretagne\/"},{"@type":"ListItem","position":3,"name":"Les march\u00e9s de Bretagne \u00e0 ne pas rater"}]},{"@type":"WebSite","@id":"https:\/\/www.campings.com\/fr\/content\/#website","url":"https:\/\/www.campings.com\/fr\/content\/","name":"","description":"","publisher":{"@id":"https:\/\/www.campings.com\/fr\/content\/#organization"},"potentialAction":[{"@type":"SearchAction","target":{"@type":"EntryPoint","urlTemplate":"https:\/\/www.campings.com\/fr\/content\/?s={search_term_string}"},"query-input":{"@type":"PropertyValueSpecification","valueRequired":true,"valueName":"search_term_string"}}],"inLanguage":"fr-FR"},{"@type":"Organization","@id":"https:\/\/www.campings.com\/fr\/content\/#organization","name":"CAMPINGS.COM","url":"https:\/\/www.campings.com\/fr\/content\/","logo":{"@type":"ImageObject","inLanguage":"fr-FR","@id":"https:\/\/www.campings.com\/fr\/content\/#\/schema\/logo\/image\/","url":"https:\/\/www.campings.com\/fr\/content\/wp-content\/uploads\/2019\/01\/cropped-logo-1.png","contentUrl":"https:\/\/www.campings.com\/fr\/content\/wp-content\/uploads\/2019\/01\/cropped-logo-1.png","width":174,"height":42,"caption":"CAMPINGS.COM"},"image":{"@id":"https:\/\/www.campings.com\/fr\/content\/#\/schema\/logo\/image\/"}}]}},"_links":{"self":[{"href":"https:\/\/www.campings.com\/fr\/content\/wp-json\/wp\/v2\/pages\/2729","targetHints":{"allow":["GET"]}}],"collection":[{"href":"https:\/\/www.campings.com\/fr\/content\/wp-json\/wp\/v2\/pages"}],"about":[{"href":"https:\/\/www.campings.com\/fr\/content\/wp-json\/wp\/v2\/types\/page"}],"author":[{"embeddable":true,"href":"https:\/\/www.campings.com\/fr\/content\/wp-json\/wp\/v2\/users\/18"}],"replies":[{"embeddable":true,"href":"https:\/\/www.campings.com\/fr\/content\/wp-json\/wp\/v2\/comments?post=2729"}],"version-history":[{"count":1,"href":"https:\/\/www.campings.com\/fr\/content\/wp-json\/wp\/v2\/pages\/2729\/revisions"}],"predecessor-version":[{"id":2733,"href":"https:\/\/www.campings.com\/fr\/content\/wp-json\/wp\/v2\/pages\/2729\/revisions\/2733"}],"up":[{"embeddable":true,"href":"https:\/\/www.campings.com\/fr\/content\/wp-json\/wp\/v2\/pages\/2723"}],"wp:attachment":[{"href":"https:\/\/www.campings.com\/fr\/content\/wp-json\/wp\/v2\/media?parent=2729"}],"curies":[{"name":"wp","href":"https:\/\/api.w.org\/{rel}","templated":true}]}}