{"id":2688,"date":"2021-06-02T16:56:59","date_gmt":"2021-06-02T16:56:59","guid":{"rendered":"https:\/\/www.campings.com\/fr\/content\/?page_id=2688"},"modified":"2021-06-04T08:35:13","modified_gmt":"2021-06-04T08:35:13","slug":"specialites-culinaires-corses","status":"publish","type":"page","link":"https:\/\/www.campings.com\/fr\/content\/guide-vacances-corse\/specialites-culinaires-corses\/","title":{"rendered":"Les sp\u00e9cialit\u00e9s culinaires corses"},"content":{"rendered":"<p>En plus de ses plages paradisiaques au d\u00e9cor somptueux, l\u2019\u00eele de Beaut\u00e9 compte bien d\u2019autres atouts. Lors de vos vacances en <a href=\"https:\/\/www.campings.com\/fr\/content\/guide-vacances-corse\/\"><u>Corse<\/u><\/a>, ne manquez pas de d\u00e9couvrir les sp\u00e9cialit\u00e9s culinaires corses\u2026 une gastronomie riche, g\u00e9n\u00e9reuse et vari\u00e9e !<\/p>\n<p>Un littoral de toute beaut\u00e9, un climat agr\u00e9able, une ambiance ouverte et chaleureuse\u2026 La Corse est une destination qui fait r\u00eaver. Mais avez-vous d\u00e9j\u00e0 go\u00fbt\u00e9 les sp\u00e9cialit\u00e9s culinaires corses ? En plus de ses magnifiques panoramas, l\u2019\u00eele de Beaut\u00e9 est aussi r\u00e9put\u00e9e pour ses terroirs et sa gastronomie riche en saveurs. Pendant votre s\u00e9jour, ne manquez pas de d\u00e9couvrir les produits locaux et les plats embl\u00e9matiques de la r\u00e9gion.<\/p>\n<h2><strong>La charcuterie, fleuron de la gastronomie corse\u00a0<\/strong><\/h2>\n<p>Mondialement r\u00e9put\u00e9e, la charcuterie traditionnelle corse se caract\u00e9rise par son incroyable vari\u00e9t\u00e9 et ses saveurs vari\u00e9es. Le figatellu, saucisse \u00e0 base de foie de porc, est l\u2019une des sp\u00e9cialit\u00e9s les plus r\u00e9put\u00e9es. Il peut \u00eatre grill\u00e9, r\u00f4ti, po\u00eal\u00e9 ou \u00eatre mang\u00e9 cru. La coppa, tranches d\u2019\u00e9chine sal\u00e9e et s\u00e9ch\u00e9e pendant 5 mois, est tout aussi incontournable. D\u2019autres charcuteries comme le prisuttu ou le lonzu sont \u00e0 d\u00e9guster pendant votre s\u00e9jour.<\/p>\n<p><img loading=\"lazy\" decoding=\"async\" class=\"alignnone size-full wp-image-2716\" src=\"https:\/\/www.campings.com\/fr\/content\/wp-content\/uploads\/2021\/06\/Coppa.jpg\" alt=\"\" width=\"1000\" height=\"666\" \/><\/p>\n<h2><strong>Les fromages, une base de la cuisine corse\u00a0<\/strong><\/h2>\n<p>Les fromages, fabriqu\u00e9s essentiellement \u00e0 base de lait de brebis sont le fleuron de la gastronomie corse. Le brocciu, qui fait l\u2019objet d\u2019une AOC, est le plus connu. Produit embl\u00e9matique de l\u2019\u00eele, ce fromage entre dans la pr\u00e9paration de recettes sal\u00e9es ou sucr\u00e9es. Inspir\u00e9 de la gastronomie italienne, le cabrettu est un fromage fort en go\u00fbt \u00e9labor\u00e9 avec du lait cru de chevreau. Pendant votre s\u00e9jour en Corse, ne manquez pas de d\u00e9couvrir d\u2019autres fromages comme le calinzana ou le niolu.<\/p>\n<h2><strong>Les beignets au brocciu<\/strong><\/h2>\n<p>Croustillants et moelleux, les beignets au brocciu font partie des sp\u00e9cialit\u00e9s les plus r\u00e9put\u00e9es, \u00e0 d\u00e9guster \u00e0 tout moment.<\/p>\n<h2><strong>Le Fiadone, fleuron de la p\u00e2tisserie corse<\/strong><\/h2>\n<p>Le Fiadone est LA sp\u00e9cialit\u00e9 incontournable de la p\u00e2tisserie corse. Ce flan parfum\u00e9 au citron, pr\u00e9par\u00e9 avec du brocciu, est le g\u00e2teau familial par excellence.<\/p>\n<h2><strong>Le canistrelli<\/strong><\/h2>\n<p>Les canistrelli sont des biscuits typiques de la Corse qui se d\u00e9gustent \u00e0 tout moment de la journ\u00e9e. Ils peuvent \u00eatre parfum\u00e9s \u00e0 l\u2019anis, au citron ou agr\u00e9ment\u00e9s de raisins secs, de p\u00e9pites de chocolat, de noisettes ou d\u2019amandes.<\/p>\n<h2><strong>Le g\u00e2teau \u00e0 la ch\u00e2taigne, une sp\u00e9cialit\u00e9 culinaire sucr\u00e9e incontournable\u00a0<\/strong><\/h2>\n<p>Embl\u00e9matique de l\u2019\u00eele de Beaut\u00e9, le ch\u00e2taignier ou l\u2019arbre \u00e0 pain est une recette qui existe depuis des si\u00e8cles en Corse\u2026 La farine de ch\u00e2taigne est issue d\u2019un savoir-faire traditionnel en Corse. D\u2019ailleurs, certaines vari\u00e9t\u00e9s de ch\u00e2taignes locales b\u00e9n\u00e9ficient d\u2019une AOC ou AOP. Elle est tr\u00e8s pris\u00e9e pour son go\u00fbt subtil et naturellement sucr\u00e9 qui apporte une touche d\u2019originalit\u00e9 aux p\u00e2tisseries.<\/p>\n<h2><strong>L\u2019huile d\u2019olive de Balagne<\/strong><\/h2>\n<p>L\u2019huile d\u2019olive est l\u2019un des plus anciens produits alimentaires de la p\u00e9ninsule. \u00c9labor\u00e9e \u00e0 partir de diff\u00e9rentes vari\u00e9t\u00e9s d\u2019olives, l\u2019huile d\u2019olive corse est issue d\u2019un savoir-faire traditionnel ancestral, prot\u00e9g\u00e9e par une AOP.<\/p>\n<p><img loading=\"lazy\" decoding=\"async\" class=\"alignnone size-full wp-image-2717\" src=\"https:\/\/www.campings.com\/fr\/content\/wp-content\/uploads\/2021\/06\/huile-dolive.jpg\" alt=\"\" width=\"1000\" height=\"666\" \/><\/p>\n<h2><strong>Les boissons corses\u00a0pour accompagner vos repas<\/strong><\/h2>\n<p><a href=\"https:\/\/www.campings.com\/fr\/content\/guide-vacances-corse\/\"><u>La Corse<\/u><\/a>\u00a0produit une large gamme de vins, d\u2019eaux et d\u2019eaux de vie, \u00e0 d\u00e9guster lors d\u2019un repas, un ap\u00e9ro sur la plage ou un pique-nique.<\/p>\n<h3><strong>Sp\u00e9cialit\u00e9 corse alcool : le vin\u00a0<\/strong><\/h3>\n<p>Les amateurs de bons vins trouveront leur bonheur lors de leur s\u00e9jour en Corse\u2026 Trente c\u00e9pages, dont 6 nobles y sont cultiv\u00e9s. Des terroirs d\u2019une incroyable richesse qui contribuent \u00e0 la typicit\u00e9 du vin corse. Outre le vin de table et le vin de pays, 9 vins AOC y sont \u00e9galement produits comme l\u2019AOC Patrimonio, l\u2019AOC Corse Calvi ou encore l\u2019AOC Ajaccio.\u00a0Blanc, rouge ou ros\u00e9, ces verres de vin accompagneront parfaitement vos repas.<\/p>\n<h3><strong>Le Muscat du Cap Corse<\/strong><\/h3>\n<p>\u00c0 la recherche de la boisson id\u00e9ale pour accompagner votre planche de charcuteries corses ? \u00c0 la fois frais et subtilement sucr\u00e9, le Muscat du Cap Corse est parfait ! Class\u00e9 parmi les meilleurs muscats du monde, ce vin doux AOC se distingue par sa richesse aromatique.<\/p>\n<h3><strong>Les eaux corses Orezza et Zilia<\/strong><\/h3>\n<p>Pour vous d\u00e9salt\u00e9rer lorsqu\u2019il fait chaud, rien ne vaut la Zilia ! Cette eau de source faiblement min\u00e9ralis\u00e9e est la plus consomm\u00e9e en Haute-Corse. Produite \u00e0 Zilia, en Balagne, l\u2019eau Zilia se d\u00e9cline aussi en version p\u00e9tillante. L\u2019eau d\u2019Orezza est une eau naturellement gaz\u00e9ifi\u00e9e, tr\u00e8s riche en fer. Elle provient d\u2019une source situ\u00e9e \u00e0 Rapaggio, en Haute-Corse.<\/p>\n<h2><strong>Quelques plats embl\u00e9matiques\u00a0<\/strong><\/h2>\n<h3><strong>Le sturza preti\u00a0<\/strong><\/h3>\n<p>Le sturza preti est un plat embl\u00e9matique de la gastronomie corse qui se traduit par \u00ab \u00c9touffe-pr\u00eatre \u00bb\u2026 Il est compos\u00e9 de quenelles d\u2019\u00e9pinards et de brocciu gratin\u00e9s, poch\u00e9es dans une sauce tomate. Un vrai r\u00e9gal !<\/p>\n<h3><strong>L\u2019Aziminu\u00a0<\/strong><\/h3>\n<p>Version corse de la bouillabaisse proven\u00e7ale, l\u2019aziminu est un plat typique d\u2019Ajaccio, \u00e0 servir en entr\u00e9e ou en plat principal. Il est pr\u00e9par\u00e9 \u00e0 base de poissons de roche comme la rascasse, le saint-pierre, la dorade ou encore le merlan.<\/p>\n<h3><strong>Les Pastasciutta\u00a0<\/strong><\/h3>\n<p>Les p\u00e2tes font partie des traditions culinaires h\u00e9rit\u00e9es d\u2019Italie\u2026 Gourmande et familiale, la Pastasciutta (version corse des spaghettis bolognaise) est un grand classique de la cuisine Corse.<\/p>\n<h2><strong>S\u00e9lection de campings\u00a0<\/strong><\/h2>\n<p>Vous souhaitez organiser un <a href=\"https:\/\/www.campings.com\/fr\/content\/guide-vacances-corse\/\"><u>s\u00e9jour gastronomique en Corse<\/u><\/a>\u00a0pour go\u00fbter son large \u00e9ventail de sp\u00e9cialit\u00e9s ? D\u00e9couvrez une s\u00e9lection de campings pour tous les budgets sur la plateforme\u00a0<a href=\"http:\/\/www.campings.com\/\">www.campings.com<\/a><\/p>\n<h3><strong>Camping \u00e0 l&rsquo;\u00cele-Rousse<\/strong><\/h3>\n<p>\u00c0 la recherche d\u2019un camping \u00e0 \u00cele Rousse ? D\u00e9couvrez tous les \u00e9tablissements r\u00e9pertori\u00e9s sur notre site. Mobil-home, chalet ou emplacement pour tente\u2026 plusieurs formules d\u2019h\u00e9bergement sont propos\u00e9es en fonction de vos envies et de votre budget.<\/p>\n<p>Certains campings sont situ\u00e9s \u00e0 proximit\u00e9 du march\u00e9 couvert. Ainsi vous pourrez y fl\u00e2ner tout en d\u00e9couvrant les produits du terroir, pour une balade riche en saveurs.<\/p>\n<p>Plus d\u2019infos sur le\u00a0<a href=\"https:\/\/www.campings.com\/fr\/camping\/camping-de-la-plage-76715\">camping de la Plage<\/a>.<\/p>\n<h3><strong>Camping au Cap Corse<\/strong><\/h3>\n<p>Vous envisagez de s\u00e9journer au Cap Corse ? Une large s\u00e9lection de campings conjuguant confort et convivialit\u00e9 vous attend ! Certains \u00e9tablissements sont situ\u00e9s \u00e0 proximit\u00e9 des march\u00e9s de la r\u00e9gion. \u00c0 l\u2019image du camping Kalliste \u00e0 Saint-Florent, parfait pour un s\u00e9jour gastronomique. Vous pourrez profiter de l\u2019ambiance chaleureuse et anim\u00e9e du march\u00e9 tous les premiers mercredis du mois, sur la place du village.<\/p>\n<p>Plus d\u2019infos sur le\u00a0<a href=\"https:\/\/www.campings.com\/fr\/camping\/camping-kalliste-79093\">camping Kalliste<\/a>.<\/p>\n<h3><strong>Camping \u00e0 Propriano<\/strong><\/h3>\n<p>Vous recherchez l\u2019\u00e9tablissement parfait o\u00f9 poser vos valises pour vos prochaines vacances en famille ou entre amis ? Optez pour l\u2019un de nos campings \u00e0 Propriano. Vous d\u00e9couvrirez des \u00e9tablissements de charme o\u00f9 le confort et le bien-\u00eatre des vacanciers sont les mots d\u2019ordre. Au d\u00e9part de votre camping, partez \u00e0 la d\u00e9couverte du march\u00e9 du Port de Propriano. Vous pourrez vous impr\u00e9gner de l\u2019ambiance chaleureuse du march\u00e9 tout en d\u00e9gustant les sp\u00e9cialit\u00e9s locales. \u00c0 la fin de la journ\u00e9e, vous pourrez vous reposer dans l\u2019un de nos h\u00e9bergements tout confort\u2026 Mobil-home, chalet, bungalows, emplacement pour tente : vous aurez l\u2019embarras du choix !<\/p>\n<p>Plus d\u2019infos sur le\u00a0<a href=\"https:\/\/www.campings.com\/fr\/camping\/camping-tikiti-78088\">camping Tikiti<\/a>.<\/p>\n","protected":false},"excerpt":{"rendered":"<p>En plus de ses plages paradisiaques au d\u00e9cor somptueux, l\u2019\u00eele de Beaut\u00e9 compte bien d\u2019autres atouts. Lors de vos vacances en Corse, ne manquez pas de d\u00e9couvrir les sp\u00e9cialit\u00e9s culinaires corses\u2026 une gastronomie riche, g\u00e9n\u00e9reuse et vari\u00e9e ! Un littoral de toute beaut\u00e9, un climat agr\u00e9able, une ambiance ouverte et chaleureuse\u2026 La Corse est une [&hellip;]<\/p>\n","protected":false},"author":18,"featured_media":2677,"parent":2665,"menu_order":0,"comment_status":"closed","ping_status":"closed","template":"template-twocolumns.php","meta":{"_acf_changed":false,"footnotes":""},"class_list":["post-2688","page","type-page","status-publish","has-post-thumbnail","hentry"],"acf":[],"yoast_head":"<!-- This site is optimized with the Yoast SEO plugin v27.1.1 - https:\/\/yoast.com\/product\/yoast-seo-wordpress\/ -->\n<title>Les sp\u00e9cialit\u00e9s culinaires corses -<\/title>\n<meta name=\"description\" content=\"En plus de son magnifique littoral, la Corse est aussi r\u00e9put\u00e9e pour sa gastronomie. Partez \u00e0 la d\u00e9couverte de toutes ses sp\u00e9cialit\u00e9s culinaires !\" \/>\n<meta name=\"robots\" content=\"index, follow, max-snippet:-1, max-image-preview:large, max-video-preview:-1\" \/>\n<link rel=\"canonical\" href=\"https:\/\/www.campings.com\/fr\/content\/guide-vacances-corse\/specialites-culinaires-corses\/\" \/>\n<meta property=\"og:locale\" content=\"fr_FR\" \/>\n<meta property=\"og:type\" content=\"article\" \/>\n<meta property=\"og:title\" content=\"Les sp\u00e9cialit\u00e9s culinaires corses -\" \/>\n<meta property=\"og:description\" content=\"En plus de son magnifique littoral, la Corse est aussi r\u00e9put\u00e9e pour sa gastronomie. Partez \u00e0 la d\u00e9couverte de toutes ses sp\u00e9cialit\u00e9s culinaires !\" \/>\n<meta property=\"og:url\" content=\"https:\/\/www.campings.com\/fr\/content\/guide-vacances-corse\/specialites-culinaires-corses\/\" \/>\n<meta property=\"article:modified_time\" content=\"2021-06-04T08:35:13+00:00\" \/>\n<meta property=\"og:image\" content=\"https:\/\/www.campings.com\/fr\/content\/wp-content\/uploads\/2021\/06\/specialites-culinaires-coppa.jpg\" \/>\n\t<meta property=\"og:image:width\" content=\"1200\" \/>\n\t<meta property=\"og:image:height\" content=\"676\" \/>\n\t<meta property=\"og:image:type\" content=\"image\/jpeg\" \/>\n<meta name=\"twitter:card\" content=\"summary_large_image\" \/>\n<meta name=\"twitter:label1\" content=\"Dur\u00e9e de lecture estim\u00e9e\" \/>\n\t<meta name=\"twitter:data1\" content=\"6 minutes\" \/>\n<script type=\"application\/ld+json\" class=\"yoast-schema-graph\">{\"@context\":\"https:\/\/schema.org\",\"@graph\":[{\"@type\":\"WebPage\",\"@id\":\"https:\/\/www.campings.com\/fr\/content\/guide-vacances-corse\/specialites-culinaires-corses\/\",\"url\":\"https:\/\/www.campings.com\/fr\/content\/guide-vacances-corse\/specialites-culinaires-corses\/\",\"name\":\"Les sp\u00e9cialit\u00e9s culinaires corses -\",\"isPartOf\":{\"@id\":\"https:\/\/www.campings.com\/fr\/content\/#website\"},\"primaryImageOfPage\":{\"@id\":\"https:\/\/www.campings.com\/fr\/content\/guide-vacances-corse\/specialites-culinaires-corses\/#primaryimage\"},\"image\":{\"@id\":\"https:\/\/www.campings.com\/fr\/content\/guide-vacances-corse\/specialites-culinaires-corses\/#primaryimage\"},\"thumbnailUrl\":\"https:\/\/www.campings.com\/fr\/content\/wp-content\/uploads\/2021\/06\/specialites-culinaires-coppa.jpg\",\"datePublished\":\"2021-06-02T16:56:59+00:00\",\"dateModified\":\"2021-06-04T08:35:13+00:00\",\"description\":\"En plus de son magnifique littoral, la Corse est aussi r\u00e9put\u00e9e pour sa gastronomie. Partez \u00e0 la d\u00e9couverte de toutes ses sp\u00e9cialit\u00e9s culinaires !\",\"breadcrumb\":{\"@id\":\"https:\/\/www.campings.com\/fr\/content\/guide-vacances-corse\/specialites-culinaires-corses\/#breadcrumb\"},\"inLanguage\":\"fr-FR\",\"potentialAction\":[{\"@type\":\"ReadAction\",\"target\":[\"https:\/\/www.campings.com\/fr\/content\/guide-vacances-corse\/specialites-culinaires-corses\/\"]}]},{\"@type\":\"ImageObject\",\"inLanguage\":\"fr-FR\",\"@id\":\"https:\/\/www.campings.com\/fr\/content\/guide-vacances-corse\/specialites-culinaires-corses\/#primaryimage\",\"url\":\"https:\/\/www.campings.com\/fr\/content\/wp-content\/uploads\/2021\/06\/specialites-culinaires-coppa.jpg\",\"contentUrl\":\"https:\/\/www.campings.com\/fr\/content\/wp-content\/uploads\/2021\/06\/specialites-culinaires-coppa.jpg\",\"width\":1200,\"height\":676,\"caption\":\"Slices of appetizing coppa on black slate, still life composition\"},{\"@type\":\"BreadcrumbList\",\"@id\":\"https:\/\/www.campings.com\/fr\/content\/guide-vacances-corse\/specialites-culinaires-corses\/#breadcrumb\",\"itemListElement\":[{\"@type\":\"ListItem\",\"position\":1,\"name\":\"Home\",\"item\":\"https:\/\/www.campings.com\/fr\/content\/\"},{\"@type\":\"ListItem\",\"position\":2,\"name\":\"Le guide de vos vacances en Corse\",\"item\":\"https:\/\/www.campings.com\/fr\/content\/guide-vacances-corse\/\"},{\"@type\":\"ListItem\",\"position\":3,\"name\":\"Les sp\u00e9cialit\u00e9s culinaires corses\"}]},{\"@type\":\"WebSite\",\"@id\":\"https:\/\/www.campings.com\/fr\/content\/#website\",\"url\":\"https:\/\/www.campings.com\/fr\/content\/\",\"name\":\"\",\"description\":\"\",\"publisher\":{\"@id\":\"https:\/\/www.campings.com\/fr\/content\/#organization\"},\"potentialAction\":[{\"@type\":\"SearchAction\",\"target\":{\"@type\":\"EntryPoint\",\"urlTemplate\":\"https:\/\/www.campings.com\/fr\/content\/?s={search_term_string}\"},\"query-input\":{\"@type\":\"PropertyValueSpecification\",\"valueRequired\":true,\"valueName\":\"search_term_string\"}}],\"inLanguage\":\"fr-FR\"},{\"@type\":\"Organization\",\"@id\":\"https:\/\/www.campings.com\/fr\/content\/#organization\",\"name\":\"CAMPINGS.COM\",\"url\":\"https:\/\/www.campings.com\/fr\/content\/\",\"logo\":{\"@type\":\"ImageObject\",\"inLanguage\":\"fr-FR\",\"@id\":\"https:\/\/www.campings.com\/fr\/content\/#\/schema\/logo\/image\/\",\"url\":\"https:\/\/www.campings.com\/fr\/content\/wp-content\/uploads\/2019\/01\/cropped-logo-1.png\",\"contentUrl\":\"https:\/\/www.campings.com\/fr\/content\/wp-content\/uploads\/2019\/01\/cropped-logo-1.png\",\"width\":174,\"height\":42,\"caption\":\"CAMPINGS.COM\"},\"image\":{\"@id\":\"https:\/\/www.campings.com\/fr\/content\/#\/schema\/logo\/image\/\"}}]}<\/script>\n<!-- \/ Yoast SEO plugin. -->","yoast_head_json":{"title":"Les sp\u00e9cialit\u00e9s culinaires corses -","description":"En plus de son magnifique littoral, la Corse est aussi r\u00e9put\u00e9e pour sa gastronomie. Partez \u00e0 la d\u00e9couverte de toutes ses sp\u00e9cialit\u00e9s culinaires !","robots":{"index":"index","follow":"follow","max-snippet":"max-snippet:-1","max-image-preview":"max-image-preview:large","max-video-preview":"max-video-preview:-1"},"canonical":"https:\/\/www.campings.com\/fr\/content\/guide-vacances-corse\/specialites-culinaires-corses\/","og_locale":"fr_FR","og_type":"article","og_title":"Les sp\u00e9cialit\u00e9s culinaires corses -","og_description":"En plus de son magnifique littoral, la Corse est aussi r\u00e9put\u00e9e pour sa gastronomie. Partez \u00e0 la d\u00e9couverte de toutes ses sp\u00e9cialit\u00e9s culinaires !","og_url":"https:\/\/www.campings.com\/fr\/content\/guide-vacances-corse\/specialites-culinaires-corses\/","article_modified_time":"2021-06-04T08:35:13+00:00","og_image":[{"width":1200,"height":676,"url":"https:\/\/www.campings.com\/fr\/content\/wp-content\/uploads\/2021\/06\/specialites-culinaires-coppa.jpg","type":"image\/jpeg"}],"twitter_card":"summary_large_image","twitter_misc":{"Dur\u00e9e de lecture estim\u00e9e":"6 minutes"},"schema":{"@context":"https:\/\/schema.org","@graph":[{"@type":"WebPage","@id":"https:\/\/www.campings.com\/fr\/content\/guide-vacances-corse\/specialites-culinaires-corses\/","url":"https:\/\/www.campings.com\/fr\/content\/guide-vacances-corse\/specialites-culinaires-corses\/","name":"Les sp\u00e9cialit\u00e9s culinaires corses -","isPartOf":{"@id":"https:\/\/www.campings.com\/fr\/content\/#website"},"primaryImageOfPage":{"@id":"https:\/\/www.campings.com\/fr\/content\/guide-vacances-corse\/specialites-culinaires-corses\/#primaryimage"},"image":{"@id":"https:\/\/www.campings.com\/fr\/content\/guide-vacances-corse\/specialites-culinaires-corses\/#primaryimage"},"thumbnailUrl":"https:\/\/www.campings.com\/fr\/content\/wp-content\/uploads\/2021\/06\/specialites-culinaires-coppa.jpg","datePublished":"2021-06-02T16:56:59+00:00","dateModified":"2021-06-04T08:35:13+00:00","description":"En plus de son magnifique littoral, la Corse est aussi r\u00e9put\u00e9e pour sa gastronomie. Partez \u00e0 la d\u00e9couverte de toutes ses sp\u00e9cialit\u00e9s culinaires !","breadcrumb":{"@id":"https:\/\/www.campings.com\/fr\/content\/guide-vacances-corse\/specialites-culinaires-corses\/#breadcrumb"},"inLanguage":"fr-FR","potentialAction":[{"@type":"ReadAction","target":["https:\/\/www.campings.com\/fr\/content\/guide-vacances-corse\/specialites-culinaires-corses\/"]}]},{"@type":"ImageObject","inLanguage":"fr-FR","@id":"https:\/\/www.campings.com\/fr\/content\/guide-vacances-corse\/specialites-culinaires-corses\/#primaryimage","url":"https:\/\/www.campings.com\/fr\/content\/wp-content\/uploads\/2021\/06\/specialites-culinaires-coppa.jpg","contentUrl":"https:\/\/www.campings.com\/fr\/content\/wp-content\/uploads\/2021\/06\/specialites-culinaires-coppa.jpg","width":1200,"height":676,"caption":"Slices of appetizing coppa on black slate, still life composition"},{"@type":"BreadcrumbList","@id":"https:\/\/www.campings.com\/fr\/content\/guide-vacances-corse\/specialites-culinaires-corses\/#breadcrumb","itemListElement":[{"@type":"ListItem","position":1,"name":"Home","item":"https:\/\/www.campings.com\/fr\/content\/"},{"@type":"ListItem","position":2,"name":"Le guide de vos vacances en Corse","item":"https:\/\/www.campings.com\/fr\/content\/guide-vacances-corse\/"},{"@type":"ListItem","position":3,"name":"Les sp\u00e9cialit\u00e9s culinaires corses"}]},{"@type":"WebSite","@id":"https:\/\/www.campings.com\/fr\/content\/#website","url":"https:\/\/www.campings.com\/fr\/content\/","name":"","description":"","publisher":{"@id":"https:\/\/www.campings.com\/fr\/content\/#organization"},"potentialAction":[{"@type":"SearchAction","target":{"@type":"EntryPoint","urlTemplate":"https:\/\/www.campings.com\/fr\/content\/?s={search_term_string}"},"query-input":{"@type":"PropertyValueSpecification","valueRequired":true,"valueName":"search_term_string"}}],"inLanguage":"fr-FR"},{"@type":"Organization","@id":"https:\/\/www.campings.com\/fr\/content\/#organization","name":"CAMPINGS.COM","url":"https:\/\/www.campings.com\/fr\/content\/","logo":{"@type":"ImageObject","inLanguage":"fr-FR","@id":"https:\/\/www.campings.com\/fr\/content\/#\/schema\/logo\/image\/","url":"https:\/\/www.campings.com\/fr\/content\/wp-content\/uploads\/2019\/01\/cropped-logo-1.png","contentUrl":"https:\/\/www.campings.com\/fr\/content\/wp-content\/uploads\/2019\/01\/cropped-logo-1.png","width":174,"height":42,"caption":"CAMPINGS.COM"},"image":{"@id":"https:\/\/www.campings.com\/fr\/content\/#\/schema\/logo\/image\/"}}]}},"_links":{"self":[{"href":"https:\/\/www.campings.com\/fr\/content\/wp-json\/wp\/v2\/pages\/2688","targetHints":{"allow":["GET"]}}],"collection":[{"href":"https:\/\/www.campings.com\/fr\/content\/wp-json\/wp\/v2\/pages"}],"about":[{"href":"https:\/\/www.campings.com\/fr\/content\/wp-json\/wp\/v2\/types\/page"}],"author":[{"embeddable":true,"href":"https:\/\/www.campings.com\/fr\/content\/wp-json\/wp\/v2\/users\/18"}],"replies":[{"embeddable":true,"href":"https:\/\/www.campings.com\/fr\/content\/wp-json\/wp\/v2\/comments?post=2688"}],"version-history":[{"count":2,"href":"https:\/\/www.campings.com\/fr\/content\/wp-json\/wp\/v2\/pages\/2688\/revisions"}],"predecessor-version":[{"id":2718,"href":"https:\/\/www.campings.com\/fr\/content\/wp-json\/wp\/v2\/pages\/2688\/revisions\/2718"}],"up":[{"embeddable":true,"href":"https:\/\/www.campings.com\/fr\/content\/wp-json\/wp\/v2\/pages\/2665"}],"wp:featuredmedia":[{"embeddable":true,"href":"https:\/\/www.campings.com\/fr\/content\/wp-json\/wp\/v2\/media\/2677"}],"wp:attachment":[{"href":"https:\/\/www.campings.com\/fr\/content\/wp-json\/wp\/v2\/media?parent=2688"}],"curies":[{"name":"wp","href":"https:\/\/api.w.org\/{rel}","templated":true}]}}