{"id":2676,"date":"2021-06-02T16:21:01","date_gmt":"2021-06-02T16:21:01","guid":{"rendered":"https:\/\/www.campings.com\/fr\/content\/?page_id=2676"},"modified":"2021-06-04T08:28:23","modified_gmt":"2021-06-04T08:28:23","slug":"marches-corse","status":"publish","type":"page","link":"https:\/\/www.campings.com\/fr\/content\/guide-vacances-corse\/marches-corse\/","title":{"rendered":"Les march\u00e9s \u00e0 ne pas manquer en Corse"},"content":{"rendered":"<p class=\"sc-lwqvy\"><span class=\"sc-dnwoup\"><span style=\"font-size: 12.0pt;font-family: 'Arial',sans-serif\">Faire un tour dans les march\u00e9s locaux est sans doute le meilleur moyen de d\u00e9couvrir une r\u00e9gion, ses habitants ainsi que toutes les richesses de son terroir. Voici quelques march\u00e9s en Corse \u00e0 d\u00e9couvrir lors de votre s\u00e9jour sur l\u2019\u00cele de beaut\u00e9.\u00a0<\/span><\/span><\/p>\n<p class=\"sc-lwqvy\"><span class=\"sc-dnwoup\"><span style=\"font-size: 12.0pt;font-family: 'Arial',sans-serif\">Entre mer turquoise et montagnes, cette \u00eele sauvage, la plus petite de la M\u00e9diterran\u00e9e occidentale, est un v\u00e9ritable petit paradis. Avec ses massifs, son climat, ses c\u00e9pages, on y trouve de riches terroirs. Charcuterie, fromage, huile d\u2019olive, produits de la mer\u2026 <a href=\"https:\/\/www.campings.com\/fr\/content\/guide-vacances-corse\/\">La <u>Corse <\/u><\/a>offre un grand nombre de produits r\u00e9gionaux biologiques \u00e0 d\u00e9couvrir sur les diff\u00e9rents march\u00e9s de l\u2019\u00eele. Zoom sur les principaux march\u00e9s de l\u2019\u00eele de beaut\u00e9.<\/span><\/span><\/p>\n<p><img loading=\"lazy\" decoding=\"async\" class=\"alignnone size-full wp-image-2678\" src=\"https:\/\/www.campings.com\/fr\/content\/wp-content\/uploads\/2021\/06\/March\u00e9.jpg\" alt=\"\" width=\"1200\" height=\"676\" \/><\/p>\n<h2>March\u00e9 d&rsquo;Ajaccio<\/h2>\n<p class=\"sc-lwqvy\"><span class=\"sc-dnwoup\"><span style=\"font-size: 12.0pt;font-family: 'Arial',sans-serif\">Situ\u00e9 au c\u0153ur d\u2019Ajaccio, ce march\u00e9 est le lieu id\u00e9al pour d\u00e9couvrir les sp\u00e9cialit\u00e9s locales. V\u00e9ritable institution locale, le march\u00e9 d\u2019Ajaccio est ouvert tous les jours de 6 h du matin \u00e0 13 h. Vous y trouverez des fruits et des l\u00e9gumes de saison, la p\u00eache du jour, les tommes de brebis\u2026 Mais aussi toutes les gourmandises locales comme les fameuses canistrelli ou encore les beignets au brocciu.\u00a0<\/span><\/span><\/p>\n<h2>March\u00e9 de Porto-Vecchio<\/h2>\n<p class=\"sc-lwqvy\"><span class=\"sc-dnwoup\"><span style=\"font-size: 12.0pt;font-family: 'Arial',sans-serif\">\u00c0 Porto-Vecchio, les producteurs locaux vous donnent rendez-vous tous les dimanches matin sur la place Henri Giraud pour proposer leurs sp\u00e9cialit\u00e9s. Miel, huile d\u2019olive, charcuterie et fromages : vous y d\u00e9couvrirez les meilleurs produits du terroir !<\/span><\/span><\/p>\n<p class=\"sc-lwqvy\"><span class=\"sc-dnwoup\"><span style=\"font-size: 12.0pt;font-family: 'Arial',sans-serif\">Tous les jeudis du mois de juillet et d\u2019ao\u00fbt, les artisans et les cr\u00e9ateurs locaux se retrouvent sur le quai Pascal Paoli pour pr\u00e9senter leurs produits. Quant au march\u00e9 textile, il se tient sur le port tous les 2e et 4e mercredis du mois. Autant de rendez-vous \u00e0 ne pas manquer pour faire le plein de souvenirs lors de vos vacances en Corse !\u00a0<\/span><\/span><\/p>\n<h2>March\u00e9 de l&rsquo;Ile-Rousse<\/h2>\n<p class=\"sc-lwqvy\"><span class=\"sc-dnwoup\"><span style=\"font-size: 12.0pt;font-family: 'Arial',sans-serif\">Install\u00e9 en plein centre-ville, le march\u00e9 couvert de l\u2019\u00cele-Rousse est une v\u00e9ritable institution qui vaut le d\u00e9tour. Construit vers 1850, cet \u00e9difice pr\u00e9sente une architecture facilement reconnaissable, en raison de ses de 21 colonnes\u2026 En \u00e9t\u00e9, c\u2019est le lieu de rendez-vous incontournable des locaux et des touristes. Ouvert du lundi au dimanche, de 08 h \u00e0 13 h, vous pourrez y savourer les bons produits de terroir dans une ambiance unique. Vous y trouverez les fromages du pays, les charcuteries artisanales comme la coppa, des confitures de fruits Bio\u2026\u00a0<\/span><\/span><\/p>\n<h2>March\u00e9 de Bonifacio<\/h2>\n<p class=\"sc-lwqvy\"><span class=\"sc-dnwoup\"><span style=\"font-size: 12.0pt;font-family: 'Arial',sans-serif\">En Corse du sud, Bonifacio ravit aussi bien les amoureux de nature que les amateurs de produits de terroir. Vous pourrez les d\u00e9couvrir tous les mardis lors du march\u00e9 hebdomadaire. Celui-ci se tient dans la Loggia de l\u2019Arsenal dans la Haute ville, \u00e0 quelques pas des Escaliers du Roy d\u2019Aragon. Vous pourrez y acheter toutes sortes de produits. Fruits et l\u00e9gumes, gourmandises locales, v\u00eatements, objets de d\u00e9coration, etc.\u00a0<\/span><\/span><\/p>\n<h2>March\u00e9 de Calvi<\/h2>\n<p class=\"sc-lwqvy\"><span class=\"sc-dnwoup\"><span style=\"font-size: 12.0pt;font-family: 'Arial',sans-serif\">Si vous s\u00e9journez \u00e0 Calvi entre mai et octobre, ne manquez pas le march\u00e9 des producteurs ! Tous les produits pr\u00e9sents sur le march\u00e9 sont tous labellis\u00e9s par la chambre d\u2019agriculture de Haute-Corse. Une occasion unique d\u2019aller \u00e0 la rencontre des producteurs locaux et de go\u00fbter aux <a href=\"https:\/\/www.campings.com\/fr\/content\/guide-vacances-corse\/specialites-culinaires-corses\/\"><u>saveurs locales<\/u><\/a>\u00a0! Le march\u00e9 se tient tous les matins de 8 h \u00e0 13 h, \u00e0 c\u00f4t\u00e9 de l\u2019office de tourisme. De novembre \u00e0 avril, le march\u00e9 a lieu tous les lundis. Le march\u00e9 du textile s\u2019y tient \u00e9galement toute l\u2019ann\u00e9e les 1er et 3e jeudis du mois.\u00a0<\/span><\/span><\/p>\n<h2>March\u00e9 de Bastia<\/h2>\n<p class=\"sc-lwqvy\"><span class=\"sc-dnwoup\"><span style=\"font-size: 12.0pt;font-family: 'Arial',sans-serif\">Situ\u00e9e entre la place Saint-Nicolas et le Vieux-Port, la place du march\u00e9 (appel\u00e9e \u00ab u merc\u00e0 \u00bb) est un lieu incontournable en <a href=\"https:\/\/www.campings.com\/fr\/content\/guide-vacances-corse\/\"><u>Corse<\/u><\/a>. Producteurs, fleuristes et mara\u00eechers s\u2019y donnent rendez chaque week-end pour proposer leurs produits. Beignets, canistrelli, figatellu, coppa ou encore lonzu\u2026 Des sp\u00e9cialit\u00e9s typiques du terroir \u00e0 ne pas manquer !\u00a0<\/span><\/span><\/p>\n<p class=\"sc-lwqvy\"><span class=\"sc-dnwoup\"><span style=\"font-size: 12.0pt;font-family: 'Arial',sans-serif\">Place de l&rsquo;hotel de ville, le march\u00e9 de Bastia a lieu toute l&rsquo;ann\u00e9e les mardi, mercredi, jeudi, vendredi et samedi.\u00a0<\/span><\/span><\/p>\n<p class=\"sc-lwqvy\"><span class=\"sc-dnwoup\"><span style=\"font-size: 12.0pt;font-family: 'Arial',sans-serif\">Le march\u00e9 Saint Florent, situ\u00e9 \u00e0 proximit\u00e9 de Bastia est aussi tr\u00e8s r\u00e9put\u00e9.\u00a0<\/span><\/span><\/p>\n<h2>March\u00e9 de Propriano<\/h2>\n<p class=\"sc-lwqvy\"><span class=\"sc-dnwoup\"><span style=\"font-size: 12.0pt;font-family: 'Arial',sans-serif\">Si vous \u00eates de passage dans la ville portuaire de Propriano, ne manquez pas de visiter le march\u00e9 des producteurs ! Vous y d\u00e9couvrirez les produits fermiers de saison ainsi que des fruits et des l\u00e9gumes frais. La sp\u00e9cificit\u00e9 de ce march\u00e9 ? Les agriculteurs viennent eux-m\u00eames vendre leurs produits.<\/span><\/span><\/p>\n<p><img loading=\"lazy\" decoding=\"async\" class=\"alignnone size-full wp-image-2705\" src=\"https:\/\/www.campings.com\/fr\/content\/wp-content\/uploads\/2021\/06\/March\u00e9-2.jpg\" alt=\"\" width=\"1000\" height=\"666\" \/><\/p>\n<h2>March\u00e9 du cap Corse<\/h2>\n<p class=\"sc-lwqvy\"><span class=\"sc-dnwoup\"><span style=\"font-size: 12.0pt;font-family: 'Arial',sans-serif\">Le march\u00e9 saisonnier du Cap Corse est un rendez-vous estival incontournable ! Canistrelli, condiments traditionnels corses, charcuterie, fromages, spiritueux\u2026 Vous y d\u00e9couvrirez une vari\u00e9t\u00e9 de produits authentiques ainsi que des produits gourmet de qualit\u00e9.\u00a0<\/span><\/span><\/p>\n<p class=\"sc-lwqvy\"><span class=\"sc-dnwoup\"><span style=\"font-size: 12.0pt;font-family: 'Arial',sans-serif\">Le march\u00e9 se tient tous les jeudis, de 17h \u00e0 19h30.\u00a0<\/span><\/span><\/p>\n<h2>Une s\u00e9lection de campings \u00e0 proximit\u00e9 des march\u00e9s (Haute-Corse et Corse du Sud)<\/h2>\n<p class=\"sc-lwqvy\"><span class=\"sc-dnwoup\"><span style=\"font-size: 12.0pt;font-family: 'Arial',sans-serif\">Entre tourisme culturel, baln\u00e9aire ou gastronomique, la <a href=\"https:\/\/www.campings.com\/fr\/content\/guide-vacances-corse\/\"><u>Corse<\/u><\/a>\u00a0a beaucoup \u00e0 offrir ! Et pour s\u2019impr\u00e9gner de la culture locale, rien ne vaut un s\u00e9jour au plus pr\u00e8s des habitants\u2026\u00a0<\/span><\/span><\/p>\n<p class=\"sc-lwqvy\"><span class=\"sc-dnwoup\"><span style=\"font-size: 12.0pt;font-family: 'Arial',sans-serif\">Voici une s\u00e9lection de campings situ\u00e9s \u00e0 proximit\u00e9 de march\u00e9s.\u00a0<\/span><\/span><\/p>\n<h3>Camping Ajaccio<\/h3>\n<p class=\"sc-lwqvy\"><span class=\"sc-dnwoup\"><span style=\"font-size: 12.0pt;font-family: 'Arial',sans-serif\">Situ\u00e9 en Corse-du-Sud, le camping Benista se trouve \u00e0 seulement 1,8 km de la mer et \u00e0 proximit\u00e9 des march\u00e9s en Corse. Il jouit d\u2019un emplacement privil\u00e9gi\u00e9 et vous permet d\u2019acc\u00e9der facilement \u00e0 de nombreux loisirs.<\/span><\/span><\/p>\n<p class=\"sc-lwqvy\"><a title=\"https:\/\/www.campings.com\/fr\/camping\/camping-benista-78065\" href=\"https:\/\/www.campings.com\/fr\/camping\/camping-benista-78065\"><span class=\"sc-dnwoup\"><span style=\"font-size: 12.0pt;font-family: 'Arial',sans-serif;color: blue\">Plus d\u2019infos sur le Camping Benista.<\/span><\/span><\/a><\/p>\n<h3>Camping l\u2019\u00cele-Rousse<\/h3>\n<p class=\"sc-lwqvy\"><span class=\"sc-dnwoup\"><span style=\"font-size: 12.0pt;font-family: 'Arial',sans-serif\">Situ\u00e9 entre l\u2019\u00cele-Rousse et Calvi, le camping de La Plage fait face \u00e0 la plage d\u2019Algajola, l\u2019une des plus belles plages de Corse. En s\u00e9journant au camping La Plage, vous b\u00e9n\u00e9ficiez d\u2019un acc\u00e8s direct \u00e0 la plage. Un point de chute parfait pour d\u00e9couvrir la r\u00e9gion et visiter les march\u00e9s traditionnels de la ville.<\/span><\/span><\/p>\n<p class=\"sc-lwqvy\"><a title=\"https:\/\/www.campings.com\/fr\/camping\/camping-de-la-plage-76715\" href=\"https:\/\/www.campings.com\/fr\/camping\/camping-de-la-plage-76715\"><span class=\"sc-dnwoup\"><span style=\"font-size: 12.0pt;font-family: 'Arial',sans-serif;color: blue\">Plus d\u2019infos sur le camping La Plage<\/span><\/span><\/a><span class=\"sc-dnwoup\"><span style=\"font-size: 12.0pt;font-family: 'Arial',sans-serif\">.<\/span><\/span><\/p>\n<h3>Camping Porto Vecchio<\/h3>\n<p class=\"sc-lwqvy\"><span class=\"sc-dnwoup\"><span style=\"font-size: 12.0pt;font-family: 'Arial',sans-serif\">En Corse du sud, Porto-Vecchio est une ville portuaire tr\u00e8s appr\u00e9ci\u00e9e des vacanciers. Posez vos valises au camping Campo di Mare pour profiter de tous ses attraits touristiques et acc\u00e9der aux plus belles plages.<\/span><\/span><\/p>\n<p class=\"sc-lwqvy\"><span class=\"sc-dnwoup\"><u><span style=\"font-size: 12.0pt;font-family: 'Arial',sans-serif;color: blue\"><a href=\"https:\/\/www.campings.com\/fr\/camping\/camping-campo-di-mare-78072\">Plus d\u2019infos sur le camping Campo di Mare.<\/a><\/span><\/u><\/span><\/p>\n","protected":false},"excerpt":{"rendered":"<p>Faire un tour dans les march\u00e9s locaux est sans doute le meilleur moyen de d\u00e9couvrir une r\u00e9gion, ses habitants ainsi que toutes les richesses de son terroir. Voici quelques march\u00e9s en Corse \u00e0 d\u00e9couvrir lors de votre s\u00e9jour sur l\u2019\u00cele de beaut\u00e9.\u00a0 Entre mer turquoise et montagnes, cette \u00eele sauvage, la plus petite de la [&hellip;]<\/p>\n","protected":false},"author":18,"featured_media":0,"parent":2665,"menu_order":0,"comment_status":"closed","ping_status":"closed","template":"template-twocolumns.php","meta":{"_acf_changed":false,"footnotes":""},"class_list":["post-2676","page","type-page","status-publish","hentry"],"acf":[],"yoast_head":"<!-- This site is optimized with the Yoast SEO plugin v27.1.1 - https:\/\/yoast.com\/product\/yoast-seo-wordpress\/ -->\n<title>Les march\u00e9s \u00e0 ne pas manquer en Corse -<\/title>\n<meta name=\"description\" content=\"Pendant votre s\u00e9jour, d\u00e9couvrez les march\u00e9s o\u00f9 vous pourrez vous impr\u00e9gner de l\u2019ambiance anim\u00e9e des lieux tout en d\u00e9couvrant les produits du terroir corse.\" \/>\n<meta name=\"robots\" content=\"index, follow, max-snippet:-1, max-image-preview:large, max-video-preview:-1\" \/>\n<link rel=\"canonical\" href=\"https:\/\/www.campings.com\/fr\/content\/guide-vacances-corse\/marches-corse\/\" \/>\n<meta property=\"og:locale\" content=\"fr_FR\" \/>\n<meta property=\"og:type\" content=\"article\" \/>\n<meta property=\"og:title\" content=\"Les march\u00e9s \u00e0 ne pas manquer en Corse -\" \/>\n<meta property=\"og:description\" content=\"Pendant votre s\u00e9jour, d\u00e9couvrez les march\u00e9s o\u00f9 vous pourrez vous impr\u00e9gner de l\u2019ambiance anim\u00e9e des lieux tout en d\u00e9couvrant les produits du terroir corse.\" \/>\n<meta property=\"og:url\" content=\"https:\/\/www.campings.com\/fr\/content\/guide-vacances-corse\/marches-corse\/\" \/>\n<meta property=\"article:modified_time\" content=\"2021-06-04T08:28:23+00:00\" \/>\n<meta name=\"twitter:card\" content=\"summary_large_image\" \/>\n<meta name=\"twitter:label1\" content=\"Dur\u00e9e de lecture estim\u00e9e\" \/>\n\t<meta name=\"twitter:data1\" content=\"5 minutes\" \/>\n<script type=\"application\/ld+json\" class=\"yoast-schema-graph\">{\"@context\":\"https:\/\/schema.org\",\"@graph\":[{\"@type\":\"WebPage\",\"@id\":\"https:\/\/www.campings.com\/fr\/content\/guide-vacances-corse\/marches-corse\/\",\"url\":\"https:\/\/www.campings.com\/fr\/content\/guide-vacances-corse\/marches-corse\/\",\"name\":\"Les march\u00e9s \u00e0 ne pas manquer en Corse -\",\"isPartOf\":{\"@id\":\"https:\/\/www.campings.com\/fr\/content\/#website\"},\"datePublished\":\"2021-06-02T16:21:01+00:00\",\"dateModified\":\"2021-06-04T08:28:23+00:00\",\"description\":\"Pendant votre s\u00e9jour, d\u00e9couvrez les march\u00e9s o\u00f9 vous pourrez vous impr\u00e9gner de l\u2019ambiance anim\u00e9e des lieux tout en d\u00e9couvrant les produits du terroir corse.\",\"breadcrumb\":{\"@id\":\"https:\/\/www.campings.com\/fr\/content\/guide-vacances-corse\/marches-corse\/#breadcrumb\"},\"inLanguage\":\"fr-FR\",\"potentialAction\":[{\"@type\":\"ReadAction\",\"target\":[\"https:\/\/www.campings.com\/fr\/content\/guide-vacances-corse\/marches-corse\/\"]}]},{\"@type\":\"BreadcrumbList\",\"@id\":\"https:\/\/www.campings.com\/fr\/content\/guide-vacances-corse\/marches-corse\/#breadcrumb\",\"itemListElement\":[{\"@type\":\"ListItem\",\"position\":1,\"name\":\"Home\",\"item\":\"https:\/\/www.campings.com\/fr\/content\/\"},{\"@type\":\"ListItem\",\"position\":2,\"name\":\"Le guide de vos vacances en Corse\",\"item\":\"https:\/\/www.campings.com\/fr\/content\/guide-vacances-corse\/\"},{\"@type\":\"ListItem\",\"position\":3,\"name\":\"Les march\u00e9s \u00e0 ne pas manquer en Corse\"}]},{\"@type\":\"WebSite\",\"@id\":\"https:\/\/www.campings.com\/fr\/content\/#website\",\"url\":\"https:\/\/www.campings.com\/fr\/content\/\",\"name\":\"\",\"description\":\"\",\"publisher\":{\"@id\":\"https:\/\/www.campings.com\/fr\/content\/#organization\"},\"potentialAction\":[{\"@type\":\"SearchAction\",\"target\":{\"@type\":\"EntryPoint\",\"urlTemplate\":\"https:\/\/www.campings.com\/fr\/content\/?s={search_term_string}\"},\"query-input\":{\"@type\":\"PropertyValueSpecification\",\"valueRequired\":true,\"valueName\":\"search_term_string\"}}],\"inLanguage\":\"fr-FR\"},{\"@type\":\"Organization\",\"@id\":\"https:\/\/www.campings.com\/fr\/content\/#organization\",\"name\":\"CAMPINGS.COM\",\"url\":\"https:\/\/www.campings.com\/fr\/content\/\",\"logo\":{\"@type\":\"ImageObject\",\"inLanguage\":\"fr-FR\",\"@id\":\"https:\/\/www.campings.com\/fr\/content\/#\/schema\/logo\/image\/\",\"url\":\"https:\/\/www.campings.com\/fr\/content\/wp-content\/uploads\/2019\/01\/cropped-logo-1.png\",\"contentUrl\":\"https:\/\/www.campings.com\/fr\/content\/wp-content\/uploads\/2019\/01\/cropped-logo-1.png\",\"width\":174,\"height\":42,\"caption\":\"CAMPINGS.COM\"},\"image\":{\"@id\":\"https:\/\/www.campings.com\/fr\/content\/#\/schema\/logo\/image\/\"}}]}<\/script>\n<!-- \/ Yoast SEO plugin. -->","yoast_head_json":{"title":"Les march\u00e9s \u00e0 ne pas manquer en Corse -","description":"Pendant votre s\u00e9jour, d\u00e9couvrez les march\u00e9s o\u00f9 vous pourrez vous impr\u00e9gner de l\u2019ambiance anim\u00e9e des lieux tout en d\u00e9couvrant les produits du terroir corse.","robots":{"index":"index","follow":"follow","max-snippet":"max-snippet:-1","max-image-preview":"max-image-preview:large","max-video-preview":"max-video-preview:-1"},"canonical":"https:\/\/www.campings.com\/fr\/content\/guide-vacances-corse\/marches-corse\/","og_locale":"fr_FR","og_type":"article","og_title":"Les march\u00e9s \u00e0 ne pas manquer en Corse -","og_description":"Pendant votre s\u00e9jour, d\u00e9couvrez les march\u00e9s o\u00f9 vous pourrez vous impr\u00e9gner de l\u2019ambiance anim\u00e9e des lieux tout en d\u00e9couvrant les produits du terroir corse.","og_url":"https:\/\/www.campings.com\/fr\/content\/guide-vacances-corse\/marches-corse\/","article_modified_time":"2021-06-04T08:28:23+00:00","twitter_card":"summary_large_image","twitter_misc":{"Dur\u00e9e de lecture estim\u00e9e":"5 minutes"},"schema":{"@context":"https:\/\/schema.org","@graph":[{"@type":"WebPage","@id":"https:\/\/www.campings.com\/fr\/content\/guide-vacances-corse\/marches-corse\/","url":"https:\/\/www.campings.com\/fr\/content\/guide-vacances-corse\/marches-corse\/","name":"Les march\u00e9s \u00e0 ne pas manquer en Corse -","isPartOf":{"@id":"https:\/\/www.campings.com\/fr\/content\/#website"},"datePublished":"2021-06-02T16:21:01+00:00","dateModified":"2021-06-04T08:28:23+00:00","description":"Pendant votre s\u00e9jour, d\u00e9couvrez les march\u00e9s o\u00f9 vous pourrez vous impr\u00e9gner de l\u2019ambiance anim\u00e9e des lieux tout en d\u00e9couvrant les produits du terroir corse.","breadcrumb":{"@id":"https:\/\/www.campings.com\/fr\/content\/guide-vacances-corse\/marches-corse\/#breadcrumb"},"inLanguage":"fr-FR","potentialAction":[{"@type":"ReadAction","target":["https:\/\/www.campings.com\/fr\/content\/guide-vacances-corse\/marches-corse\/"]}]},{"@type":"BreadcrumbList","@id":"https:\/\/www.campings.com\/fr\/content\/guide-vacances-corse\/marches-corse\/#breadcrumb","itemListElement":[{"@type":"ListItem","position":1,"name":"Home","item":"https:\/\/www.campings.com\/fr\/content\/"},{"@type":"ListItem","position":2,"name":"Le guide de vos vacances en Corse","item":"https:\/\/www.campings.com\/fr\/content\/guide-vacances-corse\/"},{"@type":"ListItem","position":3,"name":"Les march\u00e9s \u00e0 ne pas manquer en Corse"}]},{"@type":"WebSite","@id":"https:\/\/www.campings.com\/fr\/content\/#website","url":"https:\/\/www.campings.com\/fr\/content\/","name":"","description":"","publisher":{"@id":"https:\/\/www.campings.com\/fr\/content\/#organization"},"potentialAction":[{"@type":"SearchAction","target":{"@type":"EntryPoint","urlTemplate":"https:\/\/www.campings.com\/fr\/content\/?s={search_term_string}"},"query-input":{"@type":"PropertyValueSpecification","valueRequired":true,"valueName":"search_term_string"}}],"inLanguage":"fr-FR"},{"@type":"Organization","@id":"https:\/\/www.campings.com\/fr\/content\/#organization","name":"CAMPINGS.COM","url":"https:\/\/www.campings.com\/fr\/content\/","logo":{"@type":"ImageObject","inLanguage":"fr-FR","@id":"https:\/\/www.campings.com\/fr\/content\/#\/schema\/logo\/image\/","url":"https:\/\/www.campings.com\/fr\/content\/wp-content\/uploads\/2019\/01\/cropped-logo-1.png","contentUrl":"https:\/\/www.campings.com\/fr\/content\/wp-content\/uploads\/2019\/01\/cropped-logo-1.png","width":174,"height":42,"caption":"CAMPINGS.COM"},"image":{"@id":"https:\/\/www.campings.com\/fr\/content\/#\/schema\/logo\/image\/"}}]}},"_links":{"self":[{"href":"https:\/\/www.campings.com\/fr\/content\/wp-json\/wp\/v2\/pages\/2676","targetHints":{"allow":["GET"]}}],"collection":[{"href":"https:\/\/www.campings.com\/fr\/content\/wp-json\/wp\/v2\/pages"}],"about":[{"href":"https:\/\/www.campings.com\/fr\/content\/wp-json\/wp\/v2\/types\/page"}],"author":[{"embeddable":true,"href":"https:\/\/www.campings.com\/fr\/content\/wp-json\/wp\/v2\/users\/18"}],"replies":[{"embeddable":true,"href":"https:\/\/www.campings.com\/fr\/content\/wp-json\/wp\/v2\/comments?post=2676"}],"version-history":[{"count":6,"href":"https:\/\/www.campings.com\/fr\/content\/wp-json\/wp\/v2\/pages\/2676\/revisions"}],"predecessor-version":[{"id":2708,"href":"https:\/\/www.campings.com\/fr\/content\/wp-json\/wp\/v2\/pages\/2676\/revisions\/2708"}],"up":[{"embeddable":true,"href":"https:\/\/www.campings.com\/fr\/content\/wp-json\/wp\/v2\/pages\/2665"}],"wp:attachment":[{"href":"https:\/\/www.campings.com\/fr\/content\/wp-json\/wp\/v2\/media?parent=2676"}],"curies":[{"name":"wp","href":"https:\/\/api.w.org\/{rel}","templated":true}]}}